{"id":1234,"date":"2022-07-11T15:16:59","date_gmt":"2022-07-11T13:16:59","guid":{"rendered":"https:\/\/leonore-mau.de\/produkt\/ohne-titel-weier-umriss-auf-brgersteig\/"},"modified":"2022-09-13T23:12:32","modified_gmt":"2022-09-13T21:12:32","slug":"ohne-titel-weier-umriss-auf-brgersteig","status":"publish","type":"product","link":"https:\/\/leonore-mau.de\/en\/produkt\/ohne-titel-weier-umriss-auf-brgersteig\/","title":{"rendered":"Ohne Titel (Wei\u00dfer Umriss auf B\u00fcrgersteig)"},"content":{"rendered":"<p>Wei\u00dfer Umriss einer Figur auf dem B\u00fcrgersteig, besprenkelt mit roter Farbe. Passant l\u00e4uft dar\u00fcber.<\/p>\n","protected":false},"excerpt":{"rendered":"<p>Wei\u00dfer Umriss einer Figur auf dem B\u00fcrgersteig, besprenkelt mit roter Farbe. Passant l\u00e4uft dar\u00fcber.<\/p>\n","protected":false},"featured_media":682,"template":"","meta":[],"product_brand":[],"product_cat":[4436,17],"product_tag":[78,228,22,24,21,23,80,84,395,396,750,36,37,39,40,41,42,43,44,160,397,398,399,400,752,753,87,88,3211,161,162,70,71,95,406,407,3212,3213,417],"class_list":{"0":"post-1234","1":"product","2":"type-product","3":"status-publish","4":"has-post-thumbnail","6":"product_cat-strassenszenen","7":"product_cat-unkategorisiert","8":"product_tag-1970er-jahre","9":"product_tag-2-4_strassenszenen","10":"product_tag-20-jahrhundert-nach-chr","11":"product_tag-20-jh-n-chr","12":"product_tag-20-jahrhundert","13":"product_tag-20-jh","14":"product_tag-70er","15":"product_tag-ausland","16":"product_tag-buergersteig","17":"product_tag-buergersteige","18":"product_tag-buergersteigs","19":"product_tag-farbaufnahme","20":"product_tag-farbaufnahmen","21":"product_tag-farbfoto","22":"product_tag-farbfotografie","23":"product_tag-farbphoto","24":"product_tag-farbphotographie","25":"product_tag-fotografin","26":"product_tag-fotografinnen","27":"product_tag-fussgaenger","28":"product_tag-gehsteig","29":"product_tag-gehsteige","30":"product_tag-gehweg","31":"product_tag-gehwege","32":"product_tag-gehwegen","33":"product_tag-gehwegs","34":"product_tag-grossstadt","35":"product_tag-grossstaedte","36":"product_tag-mordstelle","37":"product_tag-passant","38":"product_tag-passanten","39":"product_tag-photographin","40":"product_tag-photographinnen","41":"product_tag-siebziger","42":"product_tag-trottoir","43":"product_tag-trottoirs","44":"product_tag-umriss","45":"product_tag-umrisse","46":"product_tag-usa","48":"first","49":"instock","50":"shipping-taxable","51":"product-type-simple"},"yoast_head":"<!-- This site is optimized with the Yoast SEO plugin v27.3 - https:\/\/yoast.com\/product\/yoast-seo-wordpress\/ -->\n<title>Ohne Titel (Wei\u00dfer Umriss auf B\u00fcrgersteig) - Leonore Mau<\/title>\n<meta name=\"robots\" content=\"index, follow, max-snippet:-1, max-image-preview:large, max-video-preview:-1\" \/>\n<link rel=\"canonical\" href=\"https:\/\/leonore-mau.de\/produkt\/ohne-titel-weier-umriss-auf-brgersteig\/\" \/>\n<meta property=\"og:locale\" content=\"en_US\" \/>\n<meta property=\"og:type\" content=\"article\" \/>\n<meta property=\"og:title\" content=\"Ohne Titel (Wei\u00dfer Umriss auf B\u00fcrgersteig) - Leonore Mau\" \/>\n<meta property=\"og:description\" content=\"Wei\u00dfer Umriss einer Figur auf dem B\u00fcrgersteig, besprenkelt mit roter Farbe. Passant l\u00e4uft dar\u00fcber.\" \/>\n<meta property=\"og:url\" content=\"https:\/\/leonore-mau.de\/produkt\/ohne-titel-weier-umriss-auf-brgersteig\/\" \/>\n<meta property=\"og:site_name\" content=\"Leonore Mau\" \/>\n<meta property=\"article:modified_time\" content=\"2022-09-13T21:12:32+00:00\" \/>\n<meta property=\"og:image\" content=\"https:\/\/leonore-mau.de\/wp-content\/uploads\/2022\/07\/70688420.jpg\" \/>\n\t<meta property=\"og:image:width\" content=\"1200\" \/>\n\t<meta property=\"og:image:height\" content=\"840\" \/>\n\t<meta property=\"og:image:type\" content=\"image\/jpeg\" \/>\n<meta name=\"twitter:card\" content=\"summary_large_image\" \/>\n<script type=\"application\/ld+json\" class=\"yoast-schema-graph\">{\"@context\":\"https:\\\/\\\/schema.org\",\"@graph\":[{\"@type\":\"WebPage\",\"@id\":\"https:\\\/\\\/leonore-mau.de\\\/produkt\\\/ohne-titel-weier-umriss-auf-brgersteig\\\/\",\"url\":\"https:\\\/\\\/leonore-mau.de\\\/produkt\\\/ohne-titel-weier-umriss-auf-brgersteig\\\/\",\"name\":\"Ohne Titel (Wei\u00dfer Umriss auf B\u00fcrgersteig) - Leonore Mau\",\"isPartOf\":{\"@id\":\"https:\\\/\\\/leonore-mau.de\\\/#website\"},\"primaryImageOfPage\":{\"@id\":\"https:\\\/\\\/leonore-mau.de\\\/produkt\\\/ohne-titel-weier-umriss-auf-brgersteig\\\/#primaryimage\"},\"image\":{\"@id\":\"https:\\\/\\\/leonore-mau.de\\\/produkt\\\/ohne-titel-weier-umriss-auf-brgersteig\\\/#primaryimage\"},\"thumbnailUrl\":\"https:\\\/\\\/leonore-mau.de\\\/wp-content\\\/uploads\\\/2022\\\/07\\\/70688420.jpg\",\"datePublished\":\"2022-07-11T13:16:59+00:00\",\"dateModified\":\"2022-09-13T21:12:32+00:00\",\"breadcrumb\":{\"@id\":\"https:\\\/\\\/leonore-mau.de\\\/produkt\\\/ohne-titel-weier-umriss-auf-brgersteig\\\/#breadcrumb\"},\"inLanguage\":\"en-US\",\"potentialAction\":[{\"@type\":\"ReadAction\",\"target\":[\"https:\\\/\\\/leonore-mau.de\\\/produkt\\\/ohne-titel-weier-umriss-auf-brgersteig\\\/\"]}]},{\"@type\":\"ImageObject\",\"inLanguage\":\"en-US\",\"@id\":\"https:\\\/\\\/leonore-mau.de\\\/produkt\\\/ohne-titel-weier-umriss-auf-brgersteig\\\/#primaryimage\",\"url\":\"https:\\\/\\\/leonore-mau.de\\\/wp-content\\\/uploads\\\/2022\\\/07\\\/70688420.jpg\",\"contentUrl\":\"https:\\\/\\\/leonore-mau.de\\\/wp-content\\\/uploads\\\/2022\\\/07\\\/70688420.jpg\",\"width\":1200,\"height\":840,\"caption\":\"Wei\u00dfer Umriss einer Figur auf dem B\u00fcrgersteig, besprenkelt mit roter Farbe. Passant l\u00e4uft dar\u00fcber. Aufnahmedatum: um 1979 Material\\\/Technik: Foto \\\/ Farbdia Bildformat (Foto): Kleinbild Aufnahmeort: New York Inventar-Nr.: LM-505127\"},{\"@type\":\"BreadcrumbList\",\"@id\":\"https:\\\/\\\/leonore-mau.de\\\/produkt\\\/ohne-titel-weier-umriss-auf-brgersteig\\\/#breadcrumb\",\"itemListElement\":[{\"@type\":\"ListItem\",\"position\":1,\"name\":\"Startseite\",\"item\":\"https:\\\/\\\/leonore-mau.de\\\/en\\\/\"},{\"@type\":\"ListItem\",\"position\":2,\"name\":\"Shop\",\"item\":\"https:\\\/\\\/leonore-mau.de\\\/en\\\/shop-2\\\/\"},{\"@type\":\"ListItem\",\"position\":3,\"name\":\"Ohne Titel (Wei\u00dfer Umriss auf B\u00fcrgersteig)\"}]},{\"@type\":\"WebSite\",\"@id\":\"https:\\\/\\\/leonore-mau.de\\\/#website\",\"url\":\"https:\\\/\\\/leonore-mau.de\\\/\",\"name\":\"Leonore Mau\",\"description\":\"Fotografin\",\"potentialAction\":[{\"@type\":\"SearchAction\",\"target\":{\"@type\":\"EntryPoint\",\"urlTemplate\":\"https:\\\/\\\/leonore-mau.de\\\/?s={search_term_string}\"},\"query-input\":{\"@type\":\"PropertyValueSpecification\",\"valueRequired\":true,\"valueName\":\"search_term_string\"}}],\"inLanguage\":\"en-US\"}]}<\/script>\n<!-- \/ Yoast SEO plugin. -->","yoast_head_json":{"title":"Ohne Titel (Wei\u00dfer Umriss auf B\u00fcrgersteig) - Leonore Mau","robots":{"index":"index","follow":"follow","max-snippet":"max-snippet:-1","max-image-preview":"max-image-preview:large","max-video-preview":"max-video-preview:-1"},"canonical":"https:\/\/leonore-mau.de\/produkt\/ohne-titel-weier-umriss-auf-brgersteig\/","og_locale":"en_US","og_type":"article","og_title":"Ohne Titel (Wei\u00dfer Umriss auf B\u00fcrgersteig) - Leonore Mau","og_description":"Wei\u00dfer Umriss einer Figur auf dem B\u00fcrgersteig, besprenkelt mit roter Farbe. Passant l\u00e4uft dar\u00fcber.","og_url":"https:\/\/leonore-mau.de\/produkt\/ohne-titel-weier-umriss-auf-brgersteig\/","og_site_name":"Leonore Mau","article_modified_time":"2022-09-13T21:12:32+00:00","og_image":[{"width":1200,"height":840,"url":"https:\/\/leonore-mau.de\/wp-content\/uploads\/2022\/07\/70688420.jpg","type":"image\/jpeg"}],"twitter_card":"summary_large_image","schema":{"@context":"https:\/\/schema.org","@graph":[{"@type":"WebPage","@id":"https:\/\/leonore-mau.de\/produkt\/ohne-titel-weier-umriss-auf-brgersteig\/","url":"https:\/\/leonore-mau.de\/produkt\/ohne-titel-weier-umriss-auf-brgersteig\/","name":"Ohne Titel (Wei\u00dfer Umriss auf B\u00fcrgersteig) - Leonore Mau","isPartOf":{"@id":"https:\/\/leonore-mau.de\/#website"},"primaryImageOfPage":{"@id":"https:\/\/leonore-mau.de\/produkt\/ohne-titel-weier-umriss-auf-brgersteig\/#primaryimage"},"image":{"@id":"https:\/\/leonore-mau.de\/produkt\/ohne-titel-weier-umriss-auf-brgersteig\/#primaryimage"},"thumbnailUrl":"https:\/\/leonore-mau.de\/wp-content\/uploads\/2022\/07\/70688420.jpg","datePublished":"2022-07-11T13:16:59+00:00","dateModified":"2022-09-13T21:12:32+00:00","breadcrumb":{"@id":"https:\/\/leonore-mau.de\/produkt\/ohne-titel-weier-umriss-auf-brgersteig\/#breadcrumb"},"inLanguage":"en-US","potentialAction":[{"@type":"ReadAction","target":["https:\/\/leonore-mau.de\/produkt\/ohne-titel-weier-umriss-auf-brgersteig\/"]}]},{"@type":"ImageObject","inLanguage":"en-US","@id":"https:\/\/leonore-mau.de\/produkt\/ohne-titel-weier-umriss-auf-brgersteig\/#primaryimage","url":"https:\/\/leonore-mau.de\/wp-content\/uploads\/2022\/07\/70688420.jpg","contentUrl":"https:\/\/leonore-mau.de\/wp-content\/uploads\/2022\/07\/70688420.jpg","width":1200,"height":840,"caption":"Wei\u00dfer Umriss einer Figur auf dem B\u00fcrgersteig, besprenkelt mit roter Farbe. Passant l\u00e4uft dar\u00fcber. Aufnahmedatum: um 1979 Material\/Technik: Foto \/ Farbdia Bildformat (Foto): Kleinbild Aufnahmeort: New York Inventar-Nr.: LM-505127"},{"@type":"BreadcrumbList","@id":"https:\/\/leonore-mau.de\/produkt\/ohne-titel-weier-umriss-auf-brgersteig\/#breadcrumb","itemListElement":[{"@type":"ListItem","position":1,"name":"Startseite","item":"https:\/\/leonore-mau.de\/en\/"},{"@type":"ListItem","position":2,"name":"Shop","item":"https:\/\/leonore-mau.de\/en\/shop-2\/"},{"@type":"ListItem","position":3,"name":"Ohne Titel (Wei\u00dfer Umriss auf B\u00fcrgersteig)"}]},{"@type":"WebSite","@id":"https:\/\/leonore-mau.de\/#website","url":"https:\/\/leonore-mau.de\/","name":"Leonore Mau","description":"Fotografin","potentialAction":[{"@type":"SearchAction","target":{"@type":"EntryPoint","urlTemplate":"https:\/\/leonore-mau.de\/?s={search_term_string}"},"query-input":{"@type":"PropertyValueSpecification","valueRequired":true,"valueName":"search_term_string"}}],"inLanguage":"en-US"}]}},"_links":{"self":[{"href":"https:\/\/leonore-mau.de\/en\/wp-json\/wp\/v2\/product\/1234","targetHints":{"allow":["GET"]}}],"collection":[{"href":"https:\/\/leonore-mau.de\/en\/wp-json\/wp\/v2\/product"}],"about":[{"href":"https:\/\/leonore-mau.de\/en\/wp-json\/wp\/v2\/types\/product"}],"wp:featuredmedia":[{"embeddable":true,"href":"https:\/\/leonore-mau.de\/en\/wp-json\/wp\/v2\/media\/682"}],"wp:attachment":[{"href":"https:\/\/leonore-mau.de\/en\/wp-json\/wp\/v2\/media?parent=1234"}],"wp:term":[{"taxonomy":"product_brand","embeddable":true,"href":"https:\/\/leonore-mau.de\/en\/wp-json\/wp\/v2\/product_brand?post=1234"},{"taxonomy":"product_cat","embeddable":true,"href":"https:\/\/leonore-mau.de\/en\/wp-json\/wp\/v2\/product_cat?post=1234"},{"taxonomy":"product_tag","embeddable":true,"href":"https:\/\/leonore-mau.de\/en\/wp-json\/wp\/v2\/product_tag?post=1234"}],"curies":[{"name":"wp","href":"https:\/\/api.w.org\/{rel}","templated":true}]}}