{"id":1235,"date":"2022-07-11T15:16:59","date_gmt":"2022-07-11T13:16:59","guid":{"rendered":"https:\/\/leonore-mau.de\/produkt\/ohne-titel-hubert-fichte-am-schreibtisch\/"},"modified":"2022-09-13T23:12:32","modified_gmt":"2022-09-13T21:12:32","slug":"ohne-titel-hubert-fichte-am-schreibtisch","status":"publish","type":"product","link":"https:\/\/leonore-mau.de\/en\/produkt\/ohne-titel-hubert-fichte-am-schreibtisch\/","title":{"rendered":"Ohne Titel (Hubert Fichte am Schreibtisch)"},"content":{"rendered":"<p>Hubert Fichte beim Lesen am Schreibtisch mit Schreibmaschine, an den W\u00e4nden h\u00e4ngen Bilder, starke Schattenabzeichnung.  R\u00fcckseitenbeschriftung: &#8220;Bahia\/Brasilien 1971&#8221;<\/p>\n","protected":false},"excerpt":{"rendered":"<p>Hubert Fichte beim Lesen am Schreibtisch mit Schreibmaschine, an den W\u00e4nden h\u00e4ngen Bilder, starke Schattenabzeichnung. R\u00fcckseitenbeschriftung: &#8220;Bahia\/Brasilien 1971&#8221;<\/p>\n","protected":false},"featured_media":683,"template":"","meta":[],"product_brand":[],"product_cat":[4437,17],"product_tag":[78,22,24,21,23,1321,80,1221,1222,173,174,175,1322,1323,56,57,486,105,107,3214,3215,981,3216,3217,3218,878,879,880,881,982,3219,3220,3221,1312,1313,1922,1923,1924,1925,1233,93,92,94,91,95,882,883,536,537,538,539,540,541,542,106,108],"class_list":{"0":"post-1235","1":"product","2":"type-product","3":"status-publish","4":"has-post-thumbnail","6":"product_cat-hubert-fichte","7":"product_cat-unkategorisiert","8":"product_tag-1970er-jahre","9":"product_tag-20-jahrhundert-nach-chr","10":"product_tag-20-jh-n-chr","11":"product_tag-20-jahrhundert","12":"product_tag-20-jh","13":"product_tag-3-1_hubert-fichte","14":"product_tag-70er","15":"product_tag-autor","16":"product_tag-autoren","17":"product_tag-brasil","18":"product_tag-brasilien","19":"product_tag-brasiliens","20":"product_tag-fichte","21":"product_tag-hubert-21-03-1935-08-03-1986","22":"product_tag-innenaufnahme","23":"product_tag-innenaufnahmen","24":"product_tag-mann","25":"product_tag-s-w-fotografie","26":"product_tag-s-w-photographie","27":"product_tag-sandale","28":"product_tag-sandalen","29":"product_tag-schatten","30":"product_tag-schatteneffekt","31":"product_tag-schatteneffekte","32":"product_tag-schatteneffekten","33":"product_tag-schattenfigur","34":"product_tag-schattenfiguren","35":"product_tag-schattenriss","36":"product_tag-schattenrisse","37":"product_tag-schattens","38":"product_tag-schattenwurf","39":"product_tag-scherenschnitt","40":"product_tag-scherenschnitte","41":"product_tag-schreibmaschine","42":"product_tag-schreibmaschinen","43":"product_tag-schreibtisch","44":"product_tag-schreibtische","45":"product_tag-schreibtisches","46":"product_tag-schreibtischs","47":"product_tag-schriftsteller","48":"product_tag-schwarzweissphotographie","49":"product_tag-schwarz-weiss-fotografie","50":"product_tag-schwarz-weiss-photographie","51":"product_tag-schwarzweissfotografie","52":"product_tag-siebziger","53":"product_tag-silhouette","54":"product_tag-silhouetten","55":"product_tag-sitzen","56":"product_tag-sitzend","57":"product_tag-sitzende","58":"product_tag-sitzenden","59":"product_tag-sitzender","60":"product_tag-sitzendes","61":"product_tag-sitzt","62":"product_tag-sw-fotografie","63":"product_tag-sw-photographie","65":"first","66":"instock","67":"shipping-taxable","68":"product-type-simple"},"yoast_head":"<!-- This site is optimized with the Yoast SEO plugin v27.3 - https:\/\/yoast.com\/product\/yoast-seo-wordpress\/ -->\n<title>Ohne Titel (Hubert Fichte am Schreibtisch) - Leonore Mau<\/title>\n<meta name=\"robots\" content=\"index, follow, max-snippet:-1, max-image-preview:large, max-video-preview:-1\" \/>\n<link rel=\"canonical\" href=\"https:\/\/leonore-mau.de\/produkt\/ohne-titel-hubert-fichte-am-schreibtisch\/\" \/>\n<meta property=\"og:locale\" content=\"en_US\" \/>\n<meta property=\"og:type\" content=\"article\" \/>\n<meta property=\"og:title\" content=\"Ohne Titel (Hubert Fichte am Schreibtisch) - Leonore Mau\" \/>\n<meta property=\"og:description\" content=\"Hubert Fichte beim Lesen am Schreibtisch mit Schreibmaschine, an den W\u00e4nden h\u00e4ngen Bilder, starke Schattenabzeichnung. R\u00fcckseitenbeschriftung: &#8220;Bahia\/Brasilien 1971&#8221;\" \/>\n<meta property=\"og:url\" content=\"https:\/\/leonore-mau.de\/produkt\/ohne-titel-hubert-fichte-am-schreibtisch\/\" \/>\n<meta property=\"og:site_name\" content=\"Leonore Mau\" \/>\n<meta property=\"article:modified_time\" content=\"2022-09-13T21:12:32+00:00\" \/>\n<meta property=\"og:image\" content=\"https:\/\/leonore-mau.de\/wp-content\/uploads\/2022\/07\/70688433.jpg\" \/>\n\t<meta property=\"og:image:width\" content=\"1200\" \/>\n\t<meta property=\"og:image:height\" content=\"939\" \/>\n\t<meta property=\"og:image:type\" content=\"image\/jpeg\" \/>\n<meta name=\"twitter:card\" content=\"summary_large_image\" \/>\n<script type=\"application\/ld+json\" class=\"yoast-schema-graph\">{\"@context\":\"https:\\\/\\\/schema.org\",\"@graph\":[{\"@type\":\"WebPage\",\"@id\":\"https:\\\/\\\/leonore-mau.de\\\/produkt\\\/ohne-titel-hubert-fichte-am-schreibtisch\\\/\",\"url\":\"https:\\\/\\\/leonore-mau.de\\\/produkt\\\/ohne-titel-hubert-fichte-am-schreibtisch\\\/\",\"name\":\"Ohne Titel (Hubert Fichte am Schreibtisch) - Leonore Mau\",\"isPartOf\":{\"@id\":\"https:\\\/\\\/leonore-mau.de\\\/#website\"},\"primaryImageOfPage\":{\"@id\":\"https:\\\/\\\/leonore-mau.de\\\/produkt\\\/ohne-titel-hubert-fichte-am-schreibtisch\\\/#primaryimage\"},\"image\":{\"@id\":\"https:\\\/\\\/leonore-mau.de\\\/produkt\\\/ohne-titel-hubert-fichte-am-schreibtisch\\\/#primaryimage\"},\"thumbnailUrl\":\"https:\\\/\\\/leonore-mau.de\\\/wp-content\\\/uploads\\\/2022\\\/07\\\/70688433.jpg\",\"datePublished\":\"2022-07-11T13:16:59+00:00\",\"dateModified\":\"2022-09-13T21:12:32+00:00\",\"breadcrumb\":{\"@id\":\"https:\\\/\\\/leonore-mau.de\\\/produkt\\\/ohne-titel-hubert-fichte-am-schreibtisch\\\/#breadcrumb\"},\"inLanguage\":\"en-US\",\"potentialAction\":[{\"@type\":\"ReadAction\",\"target\":[\"https:\\\/\\\/leonore-mau.de\\\/produkt\\\/ohne-titel-hubert-fichte-am-schreibtisch\\\/\"]}]},{\"@type\":\"ImageObject\",\"inLanguage\":\"en-US\",\"@id\":\"https:\\\/\\\/leonore-mau.de\\\/produkt\\\/ohne-titel-hubert-fichte-am-schreibtisch\\\/#primaryimage\",\"url\":\"https:\\\/\\\/leonore-mau.de\\\/wp-content\\\/uploads\\\/2022\\\/07\\\/70688433.jpg\",\"contentUrl\":\"https:\\\/\\\/leonore-mau.de\\\/wp-content\\\/uploads\\\/2022\\\/07\\\/70688433.jpg\",\"width\":1200,\"height\":939,\"caption\":\"Hubert Fichte beim Lesen am Schreibtisch mit Schreibmaschine, an den W\u00e4nden h\u00e4ngen Bilder, starke Schattenabzeichnung. R\u00fcckseitenbeschriftung: \\\"Bahia\\\/Brasilien 1971\\\" Aufnahmedatum: 1971 Material\\\/Technik: Foto \\\/ Silbergelatine auf PE-Papier Bildformat (Foto): 23,8 x 30,8 cm Aufnahmeort: Bahia Inventar-Nr.: LM-500155\"},{\"@type\":\"BreadcrumbList\",\"@id\":\"https:\\\/\\\/leonore-mau.de\\\/produkt\\\/ohne-titel-hubert-fichte-am-schreibtisch\\\/#breadcrumb\",\"itemListElement\":[{\"@type\":\"ListItem\",\"position\":1,\"name\":\"Startseite\",\"item\":\"https:\\\/\\\/leonore-mau.de\\\/en\\\/\"},{\"@type\":\"ListItem\",\"position\":2,\"name\":\"Shop\",\"item\":\"https:\\\/\\\/leonore-mau.de\\\/en\\\/shop-2\\\/\"},{\"@type\":\"ListItem\",\"position\":3,\"name\":\"Ohne Titel (Hubert Fichte am Schreibtisch)\"}]},{\"@type\":\"WebSite\",\"@id\":\"https:\\\/\\\/leonore-mau.de\\\/#website\",\"url\":\"https:\\\/\\\/leonore-mau.de\\\/\",\"name\":\"Leonore Mau\",\"description\":\"Fotografin\",\"potentialAction\":[{\"@type\":\"SearchAction\",\"target\":{\"@type\":\"EntryPoint\",\"urlTemplate\":\"https:\\\/\\\/leonore-mau.de\\\/?s={search_term_string}\"},\"query-input\":{\"@type\":\"PropertyValueSpecification\",\"valueRequired\":true,\"valueName\":\"search_term_string\"}}],\"inLanguage\":\"en-US\"}]}<\/script>\n<!-- \/ Yoast SEO plugin. -->","yoast_head_json":{"title":"Ohne Titel (Hubert Fichte am Schreibtisch) - Leonore Mau","robots":{"index":"index","follow":"follow","max-snippet":"max-snippet:-1","max-image-preview":"max-image-preview:large","max-video-preview":"max-video-preview:-1"},"canonical":"https:\/\/leonore-mau.de\/produkt\/ohne-titel-hubert-fichte-am-schreibtisch\/","og_locale":"en_US","og_type":"article","og_title":"Ohne Titel (Hubert Fichte am Schreibtisch) - Leonore Mau","og_description":"Hubert Fichte beim Lesen am Schreibtisch mit Schreibmaschine, an den W\u00e4nden h\u00e4ngen Bilder, starke Schattenabzeichnung. R\u00fcckseitenbeschriftung: &#8220;Bahia\/Brasilien 1971&#8221;","og_url":"https:\/\/leonore-mau.de\/produkt\/ohne-titel-hubert-fichte-am-schreibtisch\/","og_site_name":"Leonore Mau","article_modified_time":"2022-09-13T21:12:32+00:00","og_image":[{"width":1200,"height":939,"url":"https:\/\/leonore-mau.de\/wp-content\/uploads\/2022\/07\/70688433.jpg","type":"image\/jpeg"}],"twitter_card":"summary_large_image","schema":{"@context":"https:\/\/schema.org","@graph":[{"@type":"WebPage","@id":"https:\/\/leonore-mau.de\/produkt\/ohne-titel-hubert-fichte-am-schreibtisch\/","url":"https:\/\/leonore-mau.de\/produkt\/ohne-titel-hubert-fichte-am-schreibtisch\/","name":"Ohne Titel (Hubert Fichte am Schreibtisch) - Leonore Mau","isPartOf":{"@id":"https:\/\/leonore-mau.de\/#website"},"primaryImageOfPage":{"@id":"https:\/\/leonore-mau.de\/produkt\/ohne-titel-hubert-fichte-am-schreibtisch\/#primaryimage"},"image":{"@id":"https:\/\/leonore-mau.de\/produkt\/ohne-titel-hubert-fichte-am-schreibtisch\/#primaryimage"},"thumbnailUrl":"https:\/\/leonore-mau.de\/wp-content\/uploads\/2022\/07\/70688433.jpg","datePublished":"2022-07-11T13:16:59+00:00","dateModified":"2022-09-13T21:12:32+00:00","breadcrumb":{"@id":"https:\/\/leonore-mau.de\/produkt\/ohne-titel-hubert-fichte-am-schreibtisch\/#breadcrumb"},"inLanguage":"en-US","potentialAction":[{"@type":"ReadAction","target":["https:\/\/leonore-mau.de\/produkt\/ohne-titel-hubert-fichte-am-schreibtisch\/"]}]},{"@type":"ImageObject","inLanguage":"en-US","@id":"https:\/\/leonore-mau.de\/produkt\/ohne-titel-hubert-fichte-am-schreibtisch\/#primaryimage","url":"https:\/\/leonore-mau.de\/wp-content\/uploads\/2022\/07\/70688433.jpg","contentUrl":"https:\/\/leonore-mau.de\/wp-content\/uploads\/2022\/07\/70688433.jpg","width":1200,"height":939,"caption":"Hubert Fichte beim Lesen am Schreibtisch mit Schreibmaschine, an den W\u00e4nden h\u00e4ngen Bilder, starke Schattenabzeichnung. R\u00fcckseitenbeschriftung: \"Bahia\/Brasilien 1971\" Aufnahmedatum: 1971 Material\/Technik: Foto \/ Silbergelatine auf PE-Papier Bildformat (Foto): 23,8 x 30,8 cm Aufnahmeort: Bahia Inventar-Nr.: LM-500155"},{"@type":"BreadcrumbList","@id":"https:\/\/leonore-mau.de\/produkt\/ohne-titel-hubert-fichte-am-schreibtisch\/#breadcrumb","itemListElement":[{"@type":"ListItem","position":1,"name":"Startseite","item":"https:\/\/leonore-mau.de\/en\/"},{"@type":"ListItem","position":2,"name":"Shop","item":"https:\/\/leonore-mau.de\/en\/shop-2\/"},{"@type":"ListItem","position":3,"name":"Ohne Titel (Hubert Fichte am Schreibtisch)"}]},{"@type":"WebSite","@id":"https:\/\/leonore-mau.de\/#website","url":"https:\/\/leonore-mau.de\/","name":"Leonore Mau","description":"Fotografin","potentialAction":[{"@type":"SearchAction","target":{"@type":"EntryPoint","urlTemplate":"https:\/\/leonore-mau.de\/?s={search_term_string}"},"query-input":{"@type":"PropertyValueSpecification","valueRequired":true,"valueName":"search_term_string"}}],"inLanguage":"en-US"}]}},"_links":{"self":[{"href":"https:\/\/leonore-mau.de\/en\/wp-json\/wp\/v2\/product\/1235","targetHints":{"allow":["GET"]}}],"collection":[{"href":"https:\/\/leonore-mau.de\/en\/wp-json\/wp\/v2\/product"}],"about":[{"href":"https:\/\/leonore-mau.de\/en\/wp-json\/wp\/v2\/types\/product"}],"wp:featuredmedia":[{"embeddable":true,"href":"https:\/\/leonore-mau.de\/en\/wp-json\/wp\/v2\/media\/683"}],"wp:attachment":[{"href":"https:\/\/leonore-mau.de\/en\/wp-json\/wp\/v2\/media?parent=1235"}],"wp:term":[{"taxonomy":"product_brand","embeddable":true,"href":"https:\/\/leonore-mau.de\/en\/wp-json\/wp\/v2\/product_brand?post=1235"},{"taxonomy":"product_cat","embeddable":true,"href":"https:\/\/leonore-mau.de\/en\/wp-json\/wp\/v2\/product_cat?post=1235"},{"taxonomy":"product_tag","embeddable":true,"href":"https:\/\/leonore-mau.de\/en\/wp-json\/wp\/v2\/product_tag?post=1235"}],"curies":[{"name":"wp","href":"https:\/\/api.w.org\/{rel}","templated":true}]}}