{"id":1247,"date":"2022-07-11T15:17:01","date_gmt":"2022-07-11T13:17:01","guid":{"rendered":"https:\/\/leonore-mau.de\/produkt\/ohne-titel\/"},"modified":"2022-09-13T23:12:37","modified_gmt":"2022-09-13T21:12:37","slug":"ohne-titel","status":"publish","type":"product","link":"https:\/\/leonore-mau.de\/en\/produkt\/ohne-titel\/","title":{"rendered":"Ohne Titel ()"},"content":{"rendered":"<p>Drei Kinder vor einer H\u00e4userwand mit Graffiti. Der Junge ist im Vorbeigehen und tr\u00e4gt ein Buch unter dem Arm, das M\u00e4dchen im wei\u00dfen Kleid steht an einer Holzt\u00fcr, ein kleineres M\u00e4dchen mit wei\u00dfer schleife im Haar steht mit dem R\u00fccken zur Kamera.  R\u00fcckseitenbeschriftung: &#8220;Bahia Brasilien 1969&#8221;<\/p>\n","protected":false},"excerpt":{"rendered":"<p>Drei Kinder vor einer H\u00e4userwand mit Graffiti. Der Junge ist im Vorbeigehen und tr\u00e4gt ein Buch unter dem Arm, das M\u00e4dchen im wei\u00dfen Kleid steht an einer Holzt\u00fcr, ein kleineres M\u00e4dchen mit wei\u00dfer schleife im Haar steht mit dem R\u00fccken zur Kamera. R\u00fcckseitenbeschriftung: &#8220;Bahia Brasilien 1969&#8221;<\/p>\n","protected":false},"featured_media":695,"template":"","meta":[],"product_brand":[],"product_cat":[4439,17],"product_tag":[78,22,24,21,23,709,80,171,172,173,174,175,147,148,149,43,44,727,169,551,552,553,554,555,623,70,71,105,107,93,92,94,91,95,97,99,106,108,1900],"class_list":{"0":"post-1247","1":"product","2":"type-product","3":"status-publish","4":"has-post-thumbnail","6":"product_cat-kinder","7":"product_cat-unkategorisiert","8":"product_tag-1970er-jahre","9":"product_tag-20-jahrhundert-nach-chr","10":"product_tag-20-jh-n-chr","11":"product_tag-20-jahrhundert","12":"product_tag-20-jh","13":"product_tag-3-3_kinder","14":"product_tag-70er","15":"product_tag-aussenaufnahme","16":"product_tag-aussenaufnahmen","17":"product_tag-brasil","18":"product_tag-brasilien","19":"product_tag-brasiliens","20":"product_tag-eingang","21":"product_tag-eingaenge","22":"product_tag-eingangs","23":"product_tag-fotografin","24":"product_tag-fotografinnen","25":"product_tag-junge","26":"product_tag-kind","27":"product_tag-kinde","28":"product_tag-kinder","29":"product_tag-kindern","30":"product_tag-kindes","31":"product_tag-kindheit","32":"product_tag-maedchen","33":"product_tag-photographin","34":"product_tag-photographinnen","35":"product_tag-s-w-fotografie","36":"product_tag-s-w-photographie","37":"product_tag-schwarzweissphotographie","38":"product_tag-schwarz-weiss-fotografie","39":"product_tag-schwarz-weiss-photographie","40":"product_tag-schwarzweissfotografie","41":"product_tag-siebziger","42":"product_tag-strassenleben","43":"product_tag-strassenszene","44":"product_tag-sw-fotografie","45":"product_tag-sw-photographie","46":"product_tag-tuer","48":"first","49":"instock","50":"shipping-taxable","51":"product-type-simple"},"yoast_head":"<!-- This site is optimized with the Yoast SEO plugin v27.3 - https:\/\/yoast.com\/product\/yoast-seo-wordpress\/ -->\n<title>Ohne Titel () - Leonore Mau<\/title>\n<meta name=\"robots\" content=\"index, follow, max-snippet:-1, max-image-preview:large, max-video-preview:-1\" \/>\n<link rel=\"canonical\" href=\"https:\/\/leonore-mau.de\/produkt\/ohne-titel\/\" \/>\n<meta property=\"og:locale\" content=\"en_US\" \/>\n<meta property=\"og:type\" content=\"article\" \/>\n<meta property=\"og:title\" content=\"Ohne Titel () - Leonore Mau\" \/>\n<meta property=\"og:description\" content=\"Drei Kinder vor einer H\u00e4userwand mit Graffiti. Der Junge ist im Vorbeigehen und tr\u00e4gt ein Buch unter dem Arm, das M\u00e4dchen im wei\u00dfen Kleid steht an einer Holzt\u00fcr, ein kleineres M\u00e4dchen mit wei\u00dfer schleife im Haar steht mit dem R\u00fccken zur Kamera. R\u00fcckseitenbeschriftung: &#8220;Bahia Brasilien 1969&#8221;\" \/>\n<meta property=\"og:url\" content=\"https:\/\/leonore-mau.de\/produkt\/ohne-titel\/\" \/>\n<meta property=\"og:site_name\" content=\"Leonore Mau\" \/>\n<meta property=\"article:modified_time\" content=\"2022-09-13T21:12:37+00:00\" \/>\n<meta property=\"og:image\" content=\"https:\/\/leonore-mau.de\/wp-content\/uploads\/2022\/07\/70688447.jpg\" \/>\n\t<meta property=\"og:image:width\" content=\"848\" \/>\n\t<meta property=\"og:image:height\" content=\"1200\" \/>\n\t<meta property=\"og:image:type\" content=\"image\/jpeg\" \/>\n<meta name=\"twitter:card\" content=\"summary_large_image\" \/>\n<script type=\"application\/ld+json\" class=\"yoast-schema-graph\">{\"@context\":\"https:\\\/\\\/schema.org\",\"@graph\":[{\"@type\":\"WebPage\",\"@id\":\"https:\\\/\\\/leonore-mau.de\\\/produkt\\\/ohne-titel\\\/\",\"url\":\"https:\\\/\\\/leonore-mau.de\\\/produkt\\\/ohne-titel\\\/\",\"name\":\"Ohne Titel () - Leonore Mau\",\"isPartOf\":{\"@id\":\"https:\\\/\\\/leonore-mau.de\\\/#website\"},\"primaryImageOfPage\":{\"@id\":\"https:\\\/\\\/leonore-mau.de\\\/produkt\\\/ohne-titel\\\/#primaryimage\"},\"image\":{\"@id\":\"https:\\\/\\\/leonore-mau.de\\\/produkt\\\/ohne-titel\\\/#primaryimage\"},\"thumbnailUrl\":\"https:\\\/\\\/leonore-mau.de\\\/wp-content\\\/uploads\\\/2022\\\/07\\\/70688447.jpg\",\"datePublished\":\"2022-07-11T13:17:01+00:00\",\"dateModified\":\"2022-09-13T21:12:37+00:00\",\"breadcrumb\":{\"@id\":\"https:\\\/\\\/leonore-mau.de\\\/produkt\\\/ohne-titel\\\/#breadcrumb\"},\"inLanguage\":\"en-US\",\"potentialAction\":[{\"@type\":\"ReadAction\",\"target\":[\"https:\\\/\\\/leonore-mau.de\\\/produkt\\\/ohne-titel\\\/\"]}]},{\"@type\":\"ImageObject\",\"inLanguage\":\"en-US\",\"@id\":\"https:\\\/\\\/leonore-mau.de\\\/produkt\\\/ohne-titel\\\/#primaryimage\",\"url\":\"https:\\\/\\\/leonore-mau.de\\\/wp-content\\\/uploads\\\/2022\\\/07\\\/70688447.jpg\",\"contentUrl\":\"https:\\\/\\\/leonore-mau.de\\\/wp-content\\\/uploads\\\/2022\\\/07\\\/70688447.jpg\",\"width\":848,\"height\":1200,\"caption\":\"Drei Kinder vor einer H\u00e4userwand mit Graffiti. Der Junge ist im Vorbeigehen und tr\u00e4gt ein Buch unter dem Arm, das M\u00e4dchen im wei\u00dfen Kleid steht an einer Holzt\u00fcr, ein kleineres M\u00e4dchen mit wei\u00dfer schleife im Haar steht mit dem R\u00fccken zur Kamera. R\u00fcckseitenbeschriftung: \\\"Bahia Brasilien 1969\\\" Aufnahmedatum: 1969 Material\\\/Technik: Foto \\\/ Silbergelatine auf Barytpapier Bildformat (Foto): 23,7 x 30,6 cm Aufnahmeort: Salvador da Bahia Inventar-Nr.: LM-501217\"},{\"@type\":\"BreadcrumbList\",\"@id\":\"https:\\\/\\\/leonore-mau.de\\\/produkt\\\/ohne-titel\\\/#breadcrumb\",\"itemListElement\":[{\"@type\":\"ListItem\",\"position\":1,\"name\":\"Startseite\",\"item\":\"https:\\\/\\\/leonore-mau.de\\\/en\\\/\"},{\"@type\":\"ListItem\",\"position\":2,\"name\":\"Shop\",\"item\":\"https:\\\/\\\/leonore-mau.de\\\/en\\\/shop-2\\\/\"},{\"@type\":\"ListItem\",\"position\":3,\"name\":\"Ohne Titel ()\"}]},{\"@type\":\"WebSite\",\"@id\":\"https:\\\/\\\/leonore-mau.de\\\/#website\",\"url\":\"https:\\\/\\\/leonore-mau.de\\\/\",\"name\":\"Leonore Mau\",\"description\":\"Fotografin\",\"potentialAction\":[{\"@type\":\"SearchAction\",\"target\":{\"@type\":\"EntryPoint\",\"urlTemplate\":\"https:\\\/\\\/leonore-mau.de\\\/?s={search_term_string}\"},\"query-input\":{\"@type\":\"PropertyValueSpecification\",\"valueRequired\":true,\"valueName\":\"search_term_string\"}}],\"inLanguage\":\"en-US\"}]}<\/script>\n<!-- \/ Yoast SEO plugin. -->","yoast_head_json":{"title":"Ohne Titel () - Leonore Mau","robots":{"index":"index","follow":"follow","max-snippet":"max-snippet:-1","max-image-preview":"max-image-preview:large","max-video-preview":"max-video-preview:-1"},"canonical":"https:\/\/leonore-mau.de\/produkt\/ohne-titel\/","og_locale":"en_US","og_type":"article","og_title":"Ohne Titel () - Leonore Mau","og_description":"Drei Kinder vor einer H\u00e4userwand mit Graffiti. Der Junge ist im Vorbeigehen und tr\u00e4gt ein Buch unter dem Arm, das M\u00e4dchen im wei\u00dfen Kleid steht an einer Holzt\u00fcr, ein kleineres M\u00e4dchen mit wei\u00dfer schleife im Haar steht mit dem R\u00fccken zur Kamera. R\u00fcckseitenbeschriftung: &#8220;Bahia Brasilien 1969&#8221;","og_url":"https:\/\/leonore-mau.de\/produkt\/ohne-titel\/","og_site_name":"Leonore Mau","article_modified_time":"2022-09-13T21:12:37+00:00","og_image":[{"width":848,"height":1200,"url":"https:\/\/leonore-mau.de\/wp-content\/uploads\/2022\/07\/70688447.jpg","type":"image\/jpeg"}],"twitter_card":"summary_large_image","schema":{"@context":"https:\/\/schema.org","@graph":[{"@type":"WebPage","@id":"https:\/\/leonore-mau.de\/produkt\/ohne-titel\/","url":"https:\/\/leonore-mau.de\/produkt\/ohne-titel\/","name":"Ohne Titel () - Leonore Mau","isPartOf":{"@id":"https:\/\/leonore-mau.de\/#website"},"primaryImageOfPage":{"@id":"https:\/\/leonore-mau.de\/produkt\/ohne-titel\/#primaryimage"},"image":{"@id":"https:\/\/leonore-mau.de\/produkt\/ohne-titel\/#primaryimage"},"thumbnailUrl":"https:\/\/leonore-mau.de\/wp-content\/uploads\/2022\/07\/70688447.jpg","datePublished":"2022-07-11T13:17:01+00:00","dateModified":"2022-09-13T21:12:37+00:00","breadcrumb":{"@id":"https:\/\/leonore-mau.de\/produkt\/ohne-titel\/#breadcrumb"},"inLanguage":"en-US","potentialAction":[{"@type":"ReadAction","target":["https:\/\/leonore-mau.de\/produkt\/ohne-titel\/"]}]},{"@type":"ImageObject","inLanguage":"en-US","@id":"https:\/\/leonore-mau.de\/produkt\/ohne-titel\/#primaryimage","url":"https:\/\/leonore-mau.de\/wp-content\/uploads\/2022\/07\/70688447.jpg","contentUrl":"https:\/\/leonore-mau.de\/wp-content\/uploads\/2022\/07\/70688447.jpg","width":848,"height":1200,"caption":"Drei Kinder vor einer H\u00e4userwand mit Graffiti. Der Junge ist im Vorbeigehen und tr\u00e4gt ein Buch unter dem Arm, das M\u00e4dchen im wei\u00dfen Kleid steht an einer Holzt\u00fcr, ein kleineres M\u00e4dchen mit wei\u00dfer schleife im Haar steht mit dem R\u00fccken zur Kamera. R\u00fcckseitenbeschriftung: \"Bahia Brasilien 1969\" Aufnahmedatum: 1969 Material\/Technik: Foto \/ Silbergelatine auf Barytpapier Bildformat (Foto): 23,7 x 30,6 cm Aufnahmeort: Salvador da Bahia Inventar-Nr.: LM-501217"},{"@type":"BreadcrumbList","@id":"https:\/\/leonore-mau.de\/produkt\/ohne-titel\/#breadcrumb","itemListElement":[{"@type":"ListItem","position":1,"name":"Startseite","item":"https:\/\/leonore-mau.de\/en\/"},{"@type":"ListItem","position":2,"name":"Shop","item":"https:\/\/leonore-mau.de\/en\/shop-2\/"},{"@type":"ListItem","position":3,"name":"Ohne Titel ()"}]},{"@type":"WebSite","@id":"https:\/\/leonore-mau.de\/#website","url":"https:\/\/leonore-mau.de\/","name":"Leonore Mau","description":"Fotografin","potentialAction":[{"@type":"SearchAction","target":{"@type":"EntryPoint","urlTemplate":"https:\/\/leonore-mau.de\/?s={search_term_string}"},"query-input":{"@type":"PropertyValueSpecification","valueRequired":true,"valueName":"search_term_string"}}],"inLanguage":"en-US"}]}},"_links":{"self":[{"href":"https:\/\/leonore-mau.de\/en\/wp-json\/wp\/v2\/product\/1247","targetHints":{"allow":["GET"]}}],"collection":[{"href":"https:\/\/leonore-mau.de\/en\/wp-json\/wp\/v2\/product"}],"about":[{"href":"https:\/\/leonore-mau.de\/en\/wp-json\/wp\/v2\/types\/product"}],"wp:featuredmedia":[{"embeddable":true,"href":"https:\/\/leonore-mau.de\/en\/wp-json\/wp\/v2\/media\/695"}],"wp:attachment":[{"href":"https:\/\/leonore-mau.de\/en\/wp-json\/wp\/v2\/media?parent=1247"}],"wp:term":[{"taxonomy":"product_brand","embeddable":true,"href":"https:\/\/leonore-mau.de\/en\/wp-json\/wp\/v2\/product_brand?post=1247"},{"taxonomy":"product_cat","embeddable":true,"href":"https:\/\/leonore-mau.de\/en\/wp-json\/wp\/v2\/product_cat?post=1247"},{"taxonomy":"product_tag","embeddable":true,"href":"https:\/\/leonore-mau.de\/en\/wp-json\/wp\/v2\/product_tag?post=1247"}],"curies":[{"name":"wp","href":"https:\/\/api.w.org\/{rel}","templated":true}]}}