{"id":1263,"date":"2022-07-11T15:17:04","date_gmt":"2022-07-11T13:17:04","guid":{"rendered":"https:\/\/leonore-mau.de\/produkt\/ohne-titel-portrtaufnahme-einer-frau-und-eines-mannes-2\/"},"modified":"2022-09-13T23:12:47","modified_gmt":"2022-09-13T21:12:47","slug":"ohne-titel-portrtaufnahme-einer-frau-und-eines-mannes-2","status":"publish","type":"product","link":"https:\/\/leonore-mau.de\/en\/produkt\/ohne-titel-portrtaufnahme-einer-frau-und-eines-mannes-2\/","title":{"rendered":"Ohne Titel (Portr\u00e4taufnahme einer Frau und eines Mannes)"},"content":{"rendered":"<p>Portr\u00e4taufnahme einer Frau und eines Mannes in einer Holzh\u00fctte. Im Hintergrund h\u00e4ngen Kalender mit verschiedenen Motiven und ein Spiegel, in dem zwei Kinder zu erkennen sind.  R\u00fcckseitenbeschriftung: &#8220;Dominikanische Republik. Santo Domingo.&#8221;<\/p>\n","protected":false},"excerpt":{"rendered":"<p>Portr\u00e4taufnahme einer Frau und eines Mannes in einer Holzh\u00fctte. Im Hintergrund h\u00e4ngen Kalender mit verschiedenen Motiven und ein Spiegel, in dem zwei Kinder zu erkennen sind. R\u00fcckseitenbeschriftung: &#8220;Dominikanische Republik. Santo Domingo.&#8221;<\/p>\n","protected":false},"featured_media":711,"template":"","meta":[],"product_brand":[],"product_cat":[4440,17],"product_tag":[78,22,24,21,23,722,80,84,307,43,44,354,126,127,3295,206,188,189,486,769,2945,70,71,322,323,324,325,326,327,328,329,330,331,444,445,105,107,93,92,94,91,95,450,451,106,108,3296],"class_list":{"0":"post-1263","1":"product","2":"type-product","3":"status-publish","4":"has-post-thumbnail","6":"product_cat-menschen-im-fokus","7":"product_cat-unkategorisiert","8":"product_tag-1970er-jahre","9":"product_tag-20-jahrhundert-nach-chr","10":"product_tag-20-jh-n-chr","11":"product_tag-20-jahrhundert","12":"product_tag-20-jh","13":"product_tag-3-4_menschen-im-fokus","14":"product_tag-70er","15":"product_tag-ausland","16":"product_tag-dominikanische-republik","17":"product_tag-fotografin","18":"product_tag-fotografinnen","19":"product_tag-frau","20":"product_tag-hausfassade","21":"product_tag-hausfassaden","22":"product_tag-holzarchitektur","23":"product_tag-karibik","24":"product_tag-kopfbedeckung","25":"product_tag-kopfbedeckungen","26":"product_tag-mann","27":"product_tag-muetze","28":"product_tag-muetzen","29":"product_tag-photographin","30":"product_tag-photographinnen","31":"product_tag-portraitaufnahme","32":"product_tag-portraitfoto","33":"product_tag-portraitfotografie","34":"product_tag-portraitphoto","35":"product_tag-portraitphotographie","36":"product_tag-portraetaufnahme","37":"product_tag-portraetfoto","38":"product_tag-portraetfotografie","39":"product_tag-portraetphoto","40":"product_tag-portraetphotographie","41":"product_tag-reflexion","42":"product_tag-reflexionen","43":"product_tag-s-w-fotografie","44":"product_tag-s-w-photographie","45":"product_tag-schwarzweissphotographie","46":"product_tag-schwarz-weiss-fotografie","47":"product_tag-schwarz-weiss-photographie","48":"product_tag-schwarzweissfotografie","49":"product_tag-siebziger","50":"product_tag-spiegelung","51":"product_tag-spiegelungen","52":"product_tag-sw-fotografie","53":"product_tag-sw-photographie","54":"product_tag-wandkalender","56":"first","57":"instock","58":"shipping-taxable","59":"product-type-simple"},"yoast_head":"<!-- This site is optimized with the Yoast SEO plugin v27.4 - https:\/\/yoast.com\/product\/yoast-seo-wordpress\/ -->\n<title>Ohne Titel (Portr\u00e4taufnahme einer Frau und eines Mannes) - Leonore Mau<\/title>\n<meta name=\"robots\" content=\"index, follow, max-snippet:-1, max-image-preview:large, max-video-preview:-1\" \/>\n<link rel=\"canonical\" href=\"https:\/\/leonore-mau.de\/produkt\/ohne-titel-portrtaufnahme-einer-frau-und-eines-mannes-2\/\" \/>\n<meta property=\"og:locale\" content=\"en_US\" \/>\n<meta property=\"og:type\" content=\"article\" \/>\n<meta property=\"og:title\" content=\"Ohne Titel (Portr\u00e4taufnahme einer Frau und eines Mannes) - Leonore Mau\" \/>\n<meta property=\"og:description\" content=\"Portr\u00e4taufnahme einer Frau und eines Mannes in einer Holzh\u00fctte. Im Hintergrund h\u00e4ngen Kalender mit verschiedenen Motiven und ein Spiegel, in dem zwei Kinder zu erkennen sind. R\u00fcckseitenbeschriftung: &#8220;Dominikanische Republik. Santo Domingo.&#8221;\" \/>\n<meta property=\"og:url\" content=\"https:\/\/leonore-mau.de\/produkt\/ohne-titel-portrtaufnahme-einer-frau-und-eines-mannes-2\/\" \/>\n<meta property=\"og:site_name\" content=\"Leonore Mau\" \/>\n<meta property=\"article:modified_time\" content=\"2022-09-13T21:12:47+00:00\" \/>\n<meta property=\"og:image\" content=\"https:\/\/leonore-mau.de\/wp-content\/uploads\/2022\/07\/70688464.jpg\" \/>\n\t<meta property=\"og:image:width\" content=\"1200\" \/>\n\t<meta property=\"og:image:height\" content=\"839\" \/>\n\t<meta property=\"og:image:type\" content=\"image\/jpeg\" \/>\n<meta name=\"twitter:card\" content=\"summary_large_image\" \/>\n<script type=\"application\/ld+json\" class=\"yoast-schema-graph\">{\"@context\":\"https:\\\/\\\/schema.org\",\"@graph\":[{\"@type\":\"WebPage\",\"@id\":\"https:\\\/\\\/leonore-mau.de\\\/produkt\\\/ohne-titel-portrtaufnahme-einer-frau-und-eines-mannes-2\\\/\",\"url\":\"https:\\\/\\\/leonore-mau.de\\\/produkt\\\/ohne-titel-portrtaufnahme-einer-frau-und-eines-mannes-2\\\/\",\"name\":\"Ohne Titel (Portr\u00e4taufnahme einer Frau und eines Mannes) - Leonore Mau\",\"isPartOf\":{\"@id\":\"https:\\\/\\\/leonore-mau.de\\\/#website\"},\"primaryImageOfPage\":{\"@id\":\"https:\\\/\\\/leonore-mau.de\\\/produkt\\\/ohne-titel-portrtaufnahme-einer-frau-und-eines-mannes-2\\\/#primaryimage\"},\"image\":{\"@id\":\"https:\\\/\\\/leonore-mau.de\\\/produkt\\\/ohne-titel-portrtaufnahme-einer-frau-und-eines-mannes-2\\\/#primaryimage\"},\"thumbnailUrl\":\"https:\\\/\\\/leonore-mau.de\\\/wp-content\\\/uploads\\\/2022\\\/07\\\/70688464.jpg\",\"datePublished\":\"2022-07-11T13:17:04+00:00\",\"dateModified\":\"2022-09-13T21:12:47+00:00\",\"breadcrumb\":{\"@id\":\"https:\\\/\\\/leonore-mau.de\\\/produkt\\\/ohne-titel-portrtaufnahme-einer-frau-und-eines-mannes-2\\\/#breadcrumb\"},\"inLanguage\":\"en-US\",\"potentialAction\":[{\"@type\":\"ReadAction\",\"target\":[\"https:\\\/\\\/leonore-mau.de\\\/produkt\\\/ohne-titel-portrtaufnahme-einer-frau-und-eines-mannes-2\\\/\"]}]},{\"@type\":\"ImageObject\",\"inLanguage\":\"en-US\",\"@id\":\"https:\\\/\\\/leonore-mau.de\\\/produkt\\\/ohne-titel-portrtaufnahme-einer-frau-und-eines-mannes-2\\\/#primaryimage\",\"url\":\"https:\\\/\\\/leonore-mau.de\\\/wp-content\\\/uploads\\\/2022\\\/07\\\/70688464.jpg\",\"contentUrl\":\"https:\\\/\\\/leonore-mau.de\\\/wp-content\\\/uploads\\\/2022\\\/07\\\/70688464.jpg\",\"width\":1200,\"height\":839,\"caption\":\"Portr\u00e4taufnahme einer Frau und eines Mannes in einer Holzh\u00fctte. Im Hintergrund h\u00e4ngen Kalender mit verschiedenen Motiven und ein Spiegel, in dem zwei Kinder zu erkennen sind. R\u00fcckseitenbeschriftung: \\\"Dominikanische Republik. Santo Domingo.\\\" Aufnahmedatum: 1974 Material\\\/Technik: Foto \\\/ Silbergelatine auf Barytpapier Bildformat (Foto): 21,0 x 30,0 cm Aufnahmeort: Santo Domingo Inventar-Nr.: LM-504837\"},{\"@type\":\"BreadcrumbList\",\"@id\":\"https:\\\/\\\/leonore-mau.de\\\/produkt\\\/ohne-titel-portrtaufnahme-einer-frau-und-eines-mannes-2\\\/#breadcrumb\",\"itemListElement\":[{\"@type\":\"ListItem\",\"position\":1,\"name\":\"Startseite\",\"item\":\"https:\\\/\\\/leonore-mau.de\\\/en\\\/\"},{\"@type\":\"ListItem\",\"position\":2,\"name\":\"Shop\",\"item\":\"https:\\\/\\\/leonore-mau.de\\\/en\\\/shop-2\\\/\"},{\"@type\":\"ListItem\",\"position\":3,\"name\":\"Ohne Titel (Portr\u00e4taufnahme einer Frau und eines Mannes)\"}]},{\"@type\":\"WebSite\",\"@id\":\"https:\\\/\\\/leonore-mau.de\\\/#website\",\"url\":\"https:\\\/\\\/leonore-mau.de\\\/\",\"name\":\"Leonore Mau\",\"description\":\"Fotografin\",\"potentialAction\":[{\"@type\":\"SearchAction\",\"target\":{\"@type\":\"EntryPoint\",\"urlTemplate\":\"https:\\\/\\\/leonore-mau.de\\\/?s={search_term_string}\"},\"query-input\":{\"@type\":\"PropertyValueSpecification\",\"valueRequired\":true,\"valueName\":\"search_term_string\"}}],\"inLanguage\":\"en-US\"}]}<\/script>\n<!-- \/ Yoast SEO plugin. -->","yoast_head_json":{"title":"Ohne Titel (Portr\u00e4taufnahme einer Frau und eines Mannes) - Leonore Mau","robots":{"index":"index","follow":"follow","max-snippet":"max-snippet:-1","max-image-preview":"max-image-preview:large","max-video-preview":"max-video-preview:-1"},"canonical":"https:\/\/leonore-mau.de\/produkt\/ohne-titel-portrtaufnahme-einer-frau-und-eines-mannes-2\/","og_locale":"en_US","og_type":"article","og_title":"Ohne Titel (Portr\u00e4taufnahme einer Frau und eines Mannes) - Leonore Mau","og_description":"Portr\u00e4taufnahme einer Frau und eines Mannes in einer Holzh\u00fctte. Im Hintergrund h\u00e4ngen Kalender mit verschiedenen Motiven und ein Spiegel, in dem zwei Kinder zu erkennen sind. R\u00fcckseitenbeschriftung: &#8220;Dominikanische Republik. Santo Domingo.&#8221;","og_url":"https:\/\/leonore-mau.de\/produkt\/ohne-titel-portrtaufnahme-einer-frau-und-eines-mannes-2\/","og_site_name":"Leonore Mau","article_modified_time":"2022-09-13T21:12:47+00:00","og_image":[{"width":1200,"height":839,"url":"https:\/\/leonore-mau.de\/wp-content\/uploads\/2022\/07\/70688464.jpg","type":"image\/jpeg"}],"twitter_card":"summary_large_image","schema":{"@context":"https:\/\/schema.org","@graph":[{"@type":"WebPage","@id":"https:\/\/leonore-mau.de\/produkt\/ohne-titel-portrtaufnahme-einer-frau-und-eines-mannes-2\/","url":"https:\/\/leonore-mau.de\/produkt\/ohne-titel-portrtaufnahme-einer-frau-und-eines-mannes-2\/","name":"Ohne Titel (Portr\u00e4taufnahme einer Frau und eines Mannes) - Leonore Mau","isPartOf":{"@id":"https:\/\/leonore-mau.de\/#website"},"primaryImageOfPage":{"@id":"https:\/\/leonore-mau.de\/produkt\/ohne-titel-portrtaufnahme-einer-frau-und-eines-mannes-2\/#primaryimage"},"image":{"@id":"https:\/\/leonore-mau.de\/produkt\/ohne-titel-portrtaufnahme-einer-frau-und-eines-mannes-2\/#primaryimage"},"thumbnailUrl":"https:\/\/leonore-mau.de\/wp-content\/uploads\/2022\/07\/70688464.jpg","datePublished":"2022-07-11T13:17:04+00:00","dateModified":"2022-09-13T21:12:47+00:00","breadcrumb":{"@id":"https:\/\/leonore-mau.de\/produkt\/ohne-titel-portrtaufnahme-einer-frau-und-eines-mannes-2\/#breadcrumb"},"inLanguage":"en-US","potentialAction":[{"@type":"ReadAction","target":["https:\/\/leonore-mau.de\/produkt\/ohne-titel-portrtaufnahme-einer-frau-und-eines-mannes-2\/"]}]},{"@type":"ImageObject","inLanguage":"en-US","@id":"https:\/\/leonore-mau.de\/produkt\/ohne-titel-portrtaufnahme-einer-frau-und-eines-mannes-2\/#primaryimage","url":"https:\/\/leonore-mau.de\/wp-content\/uploads\/2022\/07\/70688464.jpg","contentUrl":"https:\/\/leonore-mau.de\/wp-content\/uploads\/2022\/07\/70688464.jpg","width":1200,"height":839,"caption":"Portr\u00e4taufnahme einer Frau und eines Mannes in einer Holzh\u00fctte. Im Hintergrund h\u00e4ngen Kalender mit verschiedenen Motiven und ein Spiegel, in dem zwei Kinder zu erkennen sind. R\u00fcckseitenbeschriftung: \"Dominikanische Republik. Santo Domingo.\" Aufnahmedatum: 1974 Material\/Technik: Foto \/ Silbergelatine auf Barytpapier Bildformat (Foto): 21,0 x 30,0 cm Aufnahmeort: Santo Domingo Inventar-Nr.: LM-504837"},{"@type":"BreadcrumbList","@id":"https:\/\/leonore-mau.de\/produkt\/ohne-titel-portrtaufnahme-einer-frau-und-eines-mannes-2\/#breadcrumb","itemListElement":[{"@type":"ListItem","position":1,"name":"Startseite","item":"https:\/\/leonore-mau.de\/en\/"},{"@type":"ListItem","position":2,"name":"Shop","item":"https:\/\/leonore-mau.de\/en\/shop-2\/"},{"@type":"ListItem","position":3,"name":"Ohne Titel (Portr\u00e4taufnahme einer Frau und eines Mannes)"}]},{"@type":"WebSite","@id":"https:\/\/leonore-mau.de\/#website","url":"https:\/\/leonore-mau.de\/","name":"Leonore Mau","description":"Fotografin","potentialAction":[{"@type":"SearchAction","target":{"@type":"EntryPoint","urlTemplate":"https:\/\/leonore-mau.de\/?s={search_term_string}"},"query-input":{"@type":"PropertyValueSpecification","valueRequired":true,"valueName":"search_term_string"}}],"inLanguage":"en-US"}]}},"_links":{"self":[{"href":"https:\/\/leonore-mau.de\/en\/wp-json\/wp\/v2\/product\/1263","targetHints":{"allow":["GET"]}}],"collection":[{"href":"https:\/\/leonore-mau.de\/en\/wp-json\/wp\/v2\/product"}],"about":[{"href":"https:\/\/leonore-mau.de\/en\/wp-json\/wp\/v2\/types\/product"}],"wp:featuredmedia":[{"embeddable":true,"href":"https:\/\/leonore-mau.de\/en\/wp-json\/wp\/v2\/media\/711"}],"wp:attachment":[{"href":"https:\/\/leonore-mau.de\/en\/wp-json\/wp\/v2\/media?parent=1263"}],"wp:term":[{"taxonomy":"product_brand","embeddable":true,"href":"https:\/\/leonore-mau.de\/en\/wp-json\/wp\/v2\/product_brand?post=1263"},{"taxonomy":"product_cat","embeddable":true,"href":"https:\/\/leonore-mau.de\/en\/wp-json\/wp\/v2\/product_cat?post=1263"},{"taxonomy":"product_tag","embeddable":true,"href":"https:\/\/leonore-mau.de\/en\/wp-json\/wp\/v2\/product_tag?post=1263"}],"curies":[{"name":"wp","href":"https:\/\/api.w.org\/{rel}","templated":true}]}}