{"id":1272,"date":"2022-07-11T15:17:05","date_gmt":"2022-07-11T13:17:05","guid":{"rendered":"https:\/\/leonore-mau.de\/produkt\/ohne-titel-straenfotograf-in-fs\/"},"modified":"2022-09-13T23:12:50","modified_gmt":"2022-09-13T21:12:50","slug":"ohne-titel-straenfotograf-in-fs","status":"publish","type":"product","link":"https:\/\/leonore-mau.de\/en\/produkt\/ohne-titel-straenfotograf-in-fs\/","title":{"rendered":"Ohne Titel (Stra\u00dfenfotograf in F\u00e8s)"},"content":{"rendered":"<p>Stra\u00dfenfotograf in F\u00e8s, Marokko. Im Hintergrund eine bemalte Leinwand an einer Backsteinmauer. R\u00fcckseitenbeschriftung: &#8220;FES&#8221;<\/p>\n","protected":false},"excerpt":{"rendered":"<p>Stra\u00dfenfotograf in F\u00e8s, Marokko. Im Hintergrund eine bemalte Leinwand an einer Backsteinmauer. R\u00fcckseitenbeschriftung: &#8220;FES&#8221;<\/p>\n","protected":false},"featured_media":720,"template":"","meta":[],"product_brand":[],"product_cat":[4440,17],"product_tag":[78,22,24,21,23,722,80,939,1109,1110,1111,1112,1113,940,84,171,172,2357,2101,2102,2103,2104,2105,2106,336,337,43,44,338,339,123,124,125,128,129,130,2107,2108,2109,2014,2111,2112,2113,2114,949,2115,2116,2117,2118,2119,2120,340,341,70,71,342,343,105,107,93,92,94,91,95,2020,2021,97,2022,2023,99,106,108],"class_list":{"0":"post-1272","1":"product","2":"type-product","3":"status-publish","4":"has-post-thumbnail","6":"product_cat-menschen-im-fokus","7":"product_cat-unkategorisiert","8":"product_tag-1970er-jahre","9":"product_tag-20-jahrhundert-nach-chr","10":"product_tag-20-jh-n-chr","11":"product_tag-20-jahrhundert","12":"product_tag-20-jh","13":"product_tag-3-4_menschen-im-fokus","14":"product_tag-70er","15":"product_tag-afrika","16":"product_tag-afrikanisch","17":"product_tag-afrikanische","18":"product_tag-afrikanischen","19":"product_tag-afrikanischer","20":"product_tag-afrikanisches","21":"product_tag-afrikas","22":"product_tag-ausland","23":"product_tag-aussenaufnahme","24":"product_tag-aussenaufnahmen","25":"product_tag-backsteinmauer","26":"product_tag-bemalt","27":"product_tag-bemalte","28":"product_tag-bemalter","29":"product_tag-bemaltes","30":"product_tag-camera","31":"product_tag-cameras","32":"product_tag-fotoapparat","33":"product_tag-fotoapparate","34":"product_tag-fotografin","35":"product_tag-fotografinnen","36":"product_tag-fotokamera","37":"product_tag-fotokameras","38":"product_tag-haeuserwand","39":"product_tag-haeuserwaende","40":"product_tag-haeuserwaenden","41":"product_tag-hauswand","42":"product_tag-hauswaende","43":"product_tag-hauswaenden","44":"product_tag-hintergrund","45":"product_tag-kamera","46":"product_tag-kameras","47":"product_tag-kamerastativ","48":"product_tag-kulisse","49":"product_tag-kulissen","50":"product_tag-leinwand","51":"product_tag-leinwaende","52":"product_tag-marokko","53":"product_tag-nordafrika","54":"product_tag-nordafrikanisch","55":"product_tag-nordafrikanische","56":"product_tag-nordafrikanischen","57":"product_tag-nordafrikanischer","58":"product_tag-nordafrikanisches","59":"product_tag-photoapparat","60":"product_tag-photoapparate","61":"product_tag-photographin","62":"product_tag-photographinnen","63":"product_tag-photokamera","64":"product_tag-photokameras","65":"product_tag-s-w-fotografie","66":"product_tag-s-w-photographie","67":"product_tag-schwarzweissphotographie","68":"product_tag-schwarz-weiss-fotografie","69":"product_tag-schwarz-weiss-photographie","70":"product_tag-schwarzweissfotografie","71":"product_tag-siebziger","72":"product_tag-strassenfotograf","73":"product_tag-strassenfotografen","74":"product_tag-strassenleben","75":"product_tag-strassenphotograph","76":"product_tag-strassenphotographen","77":"product_tag-strassenszene","78":"product_tag-sw-fotografie","79":"product_tag-sw-photographie","81":"first","82":"instock","83":"shipping-taxable","84":"product-type-simple"},"yoast_head":"<!-- This site is optimized with the Yoast SEO plugin v27.3 - https:\/\/yoast.com\/product\/yoast-seo-wordpress\/ -->\n<title>Ohne Titel (Stra\u00dfenfotograf in F\u00e8s) - Leonore Mau<\/title>\n<meta name=\"robots\" content=\"index, follow, max-snippet:-1, max-image-preview:large, max-video-preview:-1\" \/>\n<link rel=\"canonical\" href=\"https:\/\/leonore-mau.de\/produkt\/ohne-titel-straenfotograf-in-fs\/\" \/>\n<meta property=\"og:locale\" content=\"en_US\" \/>\n<meta property=\"og:type\" content=\"article\" \/>\n<meta property=\"og:title\" content=\"Ohne Titel (Stra\u00dfenfotograf in F\u00e8s) - Leonore Mau\" \/>\n<meta property=\"og:description\" content=\"Stra\u00dfenfotograf in F\u00e8s, Marokko. Im Hintergrund eine bemalte Leinwand an einer Backsteinmauer. R\u00fcckseitenbeschriftung: &#8220;FES&#8221;\" \/>\n<meta property=\"og:url\" content=\"https:\/\/leonore-mau.de\/produkt\/ohne-titel-straenfotograf-in-fs\/\" \/>\n<meta property=\"og:site_name\" content=\"Leonore Mau\" \/>\n<meta property=\"article:modified_time\" content=\"2022-09-13T21:12:50+00:00\" \/>\n<meta property=\"og:image\" content=\"https:\/\/leonore-mau.de\/wp-content\/uploads\/2022\/07\/70688473.jpg\" \/>\n\t<meta property=\"og:image:width\" content=\"1200\" \/>\n\t<meta property=\"og:image:height\" content=\"1141\" \/>\n\t<meta property=\"og:image:type\" content=\"image\/jpeg\" \/>\n<meta name=\"twitter:card\" content=\"summary_large_image\" \/>\n<script type=\"application\/ld+json\" class=\"yoast-schema-graph\">{\"@context\":\"https:\\\/\\\/schema.org\",\"@graph\":[{\"@type\":\"WebPage\",\"@id\":\"https:\\\/\\\/leonore-mau.de\\\/produkt\\\/ohne-titel-straenfotograf-in-fs\\\/\",\"url\":\"https:\\\/\\\/leonore-mau.de\\\/produkt\\\/ohne-titel-straenfotograf-in-fs\\\/\",\"name\":\"Ohne Titel (Stra\u00dfenfotograf in F\u00e8s) - Leonore Mau\",\"isPartOf\":{\"@id\":\"https:\\\/\\\/leonore-mau.de\\\/#website\"},\"primaryImageOfPage\":{\"@id\":\"https:\\\/\\\/leonore-mau.de\\\/produkt\\\/ohne-titel-straenfotograf-in-fs\\\/#primaryimage\"},\"image\":{\"@id\":\"https:\\\/\\\/leonore-mau.de\\\/produkt\\\/ohne-titel-straenfotograf-in-fs\\\/#primaryimage\"},\"thumbnailUrl\":\"https:\\\/\\\/leonore-mau.de\\\/wp-content\\\/uploads\\\/2022\\\/07\\\/70688473.jpg\",\"datePublished\":\"2022-07-11T13:17:05+00:00\",\"dateModified\":\"2022-09-13T21:12:50+00:00\",\"breadcrumb\":{\"@id\":\"https:\\\/\\\/leonore-mau.de\\\/produkt\\\/ohne-titel-straenfotograf-in-fs\\\/#breadcrumb\"},\"inLanguage\":\"en-US\",\"potentialAction\":[{\"@type\":\"ReadAction\",\"target\":[\"https:\\\/\\\/leonore-mau.de\\\/produkt\\\/ohne-titel-straenfotograf-in-fs\\\/\"]}]},{\"@type\":\"ImageObject\",\"inLanguage\":\"en-US\",\"@id\":\"https:\\\/\\\/leonore-mau.de\\\/produkt\\\/ohne-titel-straenfotograf-in-fs\\\/#primaryimage\",\"url\":\"https:\\\/\\\/leonore-mau.de\\\/wp-content\\\/uploads\\\/2022\\\/07\\\/70688473.jpg\",\"contentUrl\":\"https:\\\/\\\/leonore-mau.de\\\/wp-content\\\/uploads\\\/2022\\\/07\\\/70688473.jpg\",\"width\":1200,\"height\":1141,\"caption\":\"Stra\u00dfenfotograf in F\u00e8s, Marokko. Im Hintergrund eine bemalte Leinwand an einer Backsteinmauer. R\u00fcckseitenbeschriftung: \\\"FES\\\" Aufnahmedatum: 1970 Material\\\/Technik: Foto \\\/ Silbergelatine auf Barytpapier Bildformat (Foto): 23,9 x 25,2 cm Aufnahmeort: F\u00e8s Inventar-Nr.: LM-502287\"},{\"@type\":\"BreadcrumbList\",\"@id\":\"https:\\\/\\\/leonore-mau.de\\\/produkt\\\/ohne-titel-straenfotograf-in-fs\\\/#breadcrumb\",\"itemListElement\":[{\"@type\":\"ListItem\",\"position\":1,\"name\":\"Startseite\",\"item\":\"https:\\\/\\\/leonore-mau.de\\\/en\\\/\"},{\"@type\":\"ListItem\",\"position\":2,\"name\":\"Shop\",\"item\":\"https:\\\/\\\/leonore-mau.de\\\/en\\\/shop-2\\\/\"},{\"@type\":\"ListItem\",\"position\":3,\"name\":\"Ohne Titel (Stra\u00dfenfotograf in F\u00e8s)\"}]},{\"@type\":\"WebSite\",\"@id\":\"https:\\\/\\\/leonore-mau.de\\\/#website\",\"url\":\"https:\\\/\\\/leonore-mau.de\\\/\",\"name\":\"Leonore Mau\",\"description\":\"Fotografin\",\"potentialAction\":[{\"@type\":\"SearchAction\",\"target\":{\"@type\":\"EntryPoint\",\"urlTemplate\":\"https:\\\/\\\/leonore-mau.de\\\/?s={search_term_string}\"},\"query-input\":{\"@type\":\"PropertyValueSpecification\",\"valueRequired\":true,\"valueName\":\"search_term_string\"}}],\"inLanguage\":\"en-US\"}]}<\/script>\n<!-- \/ Yoast SEO plugin. -->","yoast_head_json":{"title":"Ohne Titel (Stra\u00dfenfotograf in F\u00e8s) - Leonore Mau","robots":{"index":"index","follow":"follow","max-snippet":"max-snippet:-1","max-image-preview":"max-image-preview:large","max-video-preview":"max-video-preview:-1"},"canonical":"https:\/\/leonore-mau.de\/produkt\/ohne-titel-straenfotograf-in-fs\/","og_locale":"en_US","og_type":"article","og_title":"Ohne Titel (Stra\u00dfenfotograf in F\u00e8s) - Leonore Mau","og_description":"Stra\u00dfenfotograf in F\u00e8s, Marokko. Im Hintergrund eine bemalte Leinwand an einer Backsteinmauer. R\u00fcckseitenbeschriftung: &#8220;FES&#8221;","og_url":"https:\/\/leonore-mau.de\/produkt\/ohne-titel-straenfotograf-in-fs\/","og_site_name":"Leonore Mau","article_modified_time":"2022-09-13T21:12:50+00:00","og_image":[{"width":1200,"height":1141,"url":"https:\/\/leonore-mau.de\/wp-content\/uploads\/2022\/07\/70688473.jpg","type":"image\/jpeg"}],"twitter_card":"summary_large_image","schema":{"@context":"https:\/\/schema.org","@graph":[{"@type":"WebPage","@id":"https:\/\/leonore-mau.de\/produkt\/ohne-titel-straenfotograf-in-fs\/","url":"https:\/\/leonore-mau.de\/produkt\/ohne-titel-straenfotograf-in-fs\/","name":"Ohne Titel (Stra\u00dfenfotograf in F\u00e8s) - Leonore Mau","isPartOf":{"@id":"https:\/\/leonore-mau.de\/#website"},"primaryImageOfPage":{"@id":"https:\/\/leonore-mau.de\/produkt\/ohne-titel-straenfotograf-in-fs\/#primaryimage"},"image":{"@id":"https:\/\/leonore-mau.de\/produkt\/ohne-titel-straenfotograf-in-fs\/#primaryimage"},"thumbnailUrl":"https:\/\/leonore-mau.de\/wp-content\/uploads\/2022\/07\/70688473.jpg","datePublished":"2022-07-11T13:17:05+00:00","dateModified":"2022-09-13T21:12:50+00:00","breadcrumb":{"@id":"https:\/\/leonore-mau.de\/produkt\/ohne-titel-straenfotograf-in-fs\/#breadcrumb"},"inLanguage":"en-US","potentialAction":[{"@type":"ReadAction","target":["https:\/\/leonore-mau.de\/produkt\/ohne-titel-straenfotograf-in-fs\/"]}]},{"@type":"ImageObject","inLanguage":"en-US","@id":"https:\/\/leonore-mau.de\/produkt\/ohne-titel-straenfotograf-in-fs\/#primaryimage","url":"https:\/\/leonore-mau.de\/wp-content\/uploads\/2022\/07\/70688473.jpg","contentUrl":"https:\/\/leonore-mau.de\/wp-content\/uploads\/2022\/07\/70688473.jpg","width":1200,"height":1141,"caption":"Stra\u00dfenfotograf in F\u00e8s, Marokko. Im Hintergrund eine bemalte Leinwand an einer Backsteinmauer. R\u00fcckseitenbeschriftung: \"FES\" Aufnahmedatum: 1970 Material\/Technik: Foto \/ Silbergelatine auf Barytpapier Bildformat (Foto): 23,9 x 25,2 cm Aufnahmeort: F\u00e8s Inventar-Nr.: LM-502287"},{"@type":"BreadcrumbList","@id":"https:\/\/leonore-mau.de\/produkt\/ohne-titel-straenfotograf-in-fs\/#breadcrumb","itemListElement":[{"@type":"ListItem","position":1,"name":"Startseite","item":"https:\/\/leonore-mau.de\/en\/"},{"@type":"ListItem","position":2,"name":"Shop","item":"https:\/\/leonore-mau.de\/en\/shop-2\/"},{"@type":"ListItem","position":3,"name":"Ohne Titel (Stra\u00dfenfotograf in F\u00e8s)"}]},{"@type":"WebSite","@id":"https:\/\/leonore-mau.de\/#website","url":"https:\/\/leonore-mau.de\/","name":"Leonore Mau","description":"Fotografin","potentialAction":[{"@type":"SearchAction","target":{"@type":"EntryPoint","urlTemplate":"https:\/\/leonore-mau.de\/?s={search_term_string}"},"query-input":{"@type":"PropertyValueSpecification","valueRequired":true,"valueName":"search_term_string"}}],"inLanguage":"en-US"}]}},"_links":{"self":[{"href":"https:\/\/leonore-mau.de\/en\/wp-json\/wp\/v2\/product\/1272","targetHints":{"allow":["GET"]}}],"collection":[{"href":"https:\/\/leonore-mau.de\/en\/wp-json\/wp\/v2\/product"}],"about":[{"href":"https:\/\/leonore-mau.de\/en\/wp-json\/wp\/v2\/types\/product"}],"wp:featuredmedia":[{"embeddable":true,"href":"https:\/\/leonore-mau.de\/en\/wp-json\/wp\/v2\/media\/720"}],"wp:attachment":[{"href":"https:\/\/leonore-mau.de\/en\/wp-json\/wp\/v2\/media?parent=1272"}],"wp:term":[{"taxonomy":"product_brand","embeddable":true,"href":"https:\/\/leonore-mau.de\/en\/wp-json\/wp\/v2\/product_brand?post=1272"},{"taxonomy":"product_cat","embeddable":true,"href":"https:\/\/leonore-mau.de\/en\/wp-json\/wp\/v2\/product_cat?post=1272"},{"taxonomy":"product_tag","embeddable":true,"href":"https:\/\/leonore-mau.de\/en\/wp-json\/wp\/v2\/product_tag?post=1272"}],"curies":[{"name":"wp","href":"https:\/\/api.w.org\/{rel}","templated":true}]}}