{"id":1274,"date":"2022-07-11T15:17:05","date_gmt":"2022-07-11T13:17:05","guid":{"rendered":"https:\/\/leonore-mau.de\/produkt\/ohne-titel-paar-im-schatten-einer-mauer\/"},"modified":"2022-09-13T23:12:51","modified_gmt":"2022-09-13T21:12:51","slug":"ohne-titel-paar-im-schatten-einer-mauer","status":"publish","type":"product","link":"https:\/\/leonore-mau.de\/en\/produkt\/ohne-titel-paar-im-schatten-einer-mauer\/","title":{"rendered":"Ohne Titel (Paar im Schatten einer Mauer)"},"content":{"rendered":"<p>Ein Paar sitzt auf einer Freitreppe und umarmt sich im Schatten einer Mauer.<\/p>\n","protected":false},"excerpt":{"rendered":"<p>Ein Paar sitzt auf einer Freitreppe und umarmt sich im Schatten einer Mauer.<\/p>\n","protected":false},"featured_media":722,"template":"","meta":[],"product_brand":[],"product_cat":[4440,17],"product_tag":[79,22,24,21,23,722,82,83,84,171,172,655,173,174,175,43,44,1144,1145,70,71,105,107,93,92,94,91,1150,1151,97,99,163,3287,3288,3289,3290,3291,164,106,108],"class_list":{"0":"post-1274","1":"product","2":"type-product","3":"status-publish","4":"has-post-thumbnail","6":"product_cat-menschen-im-fokus","7":"product_cat-unkategorisiert","8":"product_tag-1980er-jahre","9":"product_tag-20-jahrhundert-nach-chr","10":"product_tag-20-jh-n-chr","11":"product_tag-20-jahrhundert","12":"product_tag-20-jh","13":"product_tag-3-4_menschen-im-fokus","14":"product_tag-80er","15":"product_tag-achtziger","16":"product_tag-ausland","17":"product_tag-aussenaufnahme","18":"product_tag-aussenaufnahmen","19":"product_tag-balustrade","20":"product_tag-brasil","21":"product_tag-brasilien","22":"product_tag-brasiliens","23":"product_tag-fotografin","24":"product_tag-fotografinnen","25":"product_tag-liebespaar","26":"product_tag-liebespaare","27":"product_tag-photographin","28":"product_tag-photographinnen","29":"product_tag-s-w-fotografie","30":"product_tag-s-w-photographie","31":"product_tag-schwarzweissphotographie","32":"product_tag-schwarz-weiss-fotografie","33":"product_tag-schwarz-weiss-photographie","34":"product_tag-schwarzweissfotografie","35":"product_tag-steinmauer","36":"product_tag-steinmauern","37":"product_tag-strassenleben","38":"product_tag-strassenszene","39":"product_tag-suedamerika","40":"product_tag-suedamerikanisch","41":"product_tag-suedamerikanische","42":"product_tag-suedamerikanischen","43":"product_tag-suedamerikanischer","44":"product_tag-suedamerikanisches","45":"product_tag-suedamerikas","46":"product_tag-sw-fotografie","47":"product_tag-sw-photographie","49":"first","50":"instock","51":"shipping-taxable","52":"product-type-simple"},"yoast_head":"<!-- This site is optimized with the Yoast SEO plugin v27.3 - https:\/\/yoast.com\/product\/yoast-seo-wordpress\/ -->\n<title>Ohne Titel (Paar im Schatten einer Mauer) - Leonore Mau<\/title>\n<meta name=\"robots\" content=\"index, follow, max-snippet:-1, max-image-preview:large, max-video-preview:-1\" \/>\n<link rel=\"canonical\" href=\"https:\/\/leonore-mau.de\/produkt\/ohne-titel-paar-im-schatten-einer-mauer\/\" \/>\n<meta property=\"og:locale\" content=\"en_US\" \/>\n<meta property=\"og:type\" content=\"article\" \/>\n<meta property=\"og:title\" content=\"Ohne Titel (Paar im Schatten einer Mauer) - Leonore Mau\" \/>\n<meta property=\"og:description\" content=\"Ein Paar sitzt auf einer Freitreppe und umarmt sich im Schatten einer Mauer.\" \/>\n<meta property=\"og:url\" content=\"https:\/\/leonore-mau.de\/produkt\/ohne-titel-paar-im-schatten-einer-mauer\/\" \/>\n<meta property=\"og:site_name\" content=\"Leonore Mau\" \/>\n<meta property=\"article:modified_time\" content=\"2022-09-13T21:12:51+00:00\" \/>\n<meta property=\"og:image\" content=\"https:\/\/leonore-mau.de\/wp-content\/uploads\/2022\/07\/70688477.jpg\" \/>\n\t<meta property=\"og:image:width\" content=\"834\" \/>\n\t<meta property=\"og:image:height\" content=\"1200\" \/>\n\t<meta property=\"og:image:type\" content=\"image\/jpeg\" \/>\n<meta name=\"twitter:card\" content=\"summary_large_image\" \/>\n<script type=\"application\/ld+json\" class=\"yoast-schema-graph\">{\"@context\":\"https:\\\/\\\/schema.org\",\"@graph\":[{\"@type\":\"WebPage\",\"@id\":\"https:\\\/\\\/leonore-mau.de\\\/produkt\\\/ohne-titel-paar-im-schatten-einer-mauer\\\/\",\"url\":\"https:\\\/\\\/leonore-mau.de\\\/produkt\\\/ohne-titel-paar-im-schatten-einer-mauer\\\/\",\"name\":\"Ohne Titel (Paar im Schatten einer Mauer) - Leonore Mau\",\"isPartOf\":{\"@id\":\"https:\\\/\\\/leonore-mau.de\\\/#website\"},\"primaryImageOfPage\":{\"@id\":\"https:\\\/\\\/leonore-mau.de\\\/produkt\\\/ohne-titel-paar-im-schatten-einer-mauer\\\/#primaryimage\"},\"image\":{\"@id\":\"https:\\\/\\\/leonore-mau.de\\\/produkt\\\/ohne-titel-paar-im-schatten-einer-mauer\\\/#primaryimage\"},\"thumbnailUrl\":\"https:\\\/\\\/leonore-mau.de\\\/wp-content\\\/uploads\\\/2022\\\/07\\\/70688477.jpg\",\"datePublished\":\"2022-07-11T13:17:05+00:00\",\"dateModified\":\"2022-09-13T21:12:51+00:00\",\"breadcrumb\":{\"@id\":\"https:\\\/\\\/leonore-mau.de\\\/produkt\\\/ohne-titel-paar-im-schatten-einer-mauer\\\/#breadcrumb\"},\"inLanguage\":\"en-US\",\"potentialAction\":[{\"@type\":\"ReadAction\",\"target\":[\"https:\\\/\\\/leonore-mau.de\\\/produkt\\\/ohne-titel-paar-im-schatten-einer-mauer\\\/\"]}]},{\"@type\":\"ImageObject\",\"inLanguage\":\"en-US\",\"@id\":\"https:\\\/\\\/leonore-mau.de\\\/produkt\\\/ohne-titel-paar-im-schatten-einer-mauer\\\/#primaryimage\",\"url\":\"https:\\\/\\\/leonore-mau.de\\\/wp-content\\\/uploads\\\/2022\\\/07\\\/70688477.jpg\",\"contentUrl\":\"https:\\\/\\\/leonore-mau.de\\\/wp-content\\\/uploads\\\/2022\\\/07\\\/70688477.jpg\",\"width\":834,\"height\":1200,\"caption\":\"Ein Paar sitzt auf einer Freitreppe und umarmt sich im Schatten einer Mauer. Aufnahmedatum: 1981 - 1982 Material\\\/Technik: Foto \\\/ Silbergelatine auf PE-Papier Bildformat (Foto): 28,0 x 40,0 cm Aufnahmeort: S\u00e3o Lu\u00eds do Maranh\u00e3o Inventar-Nr.: LM-501267\"},{\"@type\":\"BreadcrumbList\",\"@id\":\"https:\\\/\\\/leonore-mau.de\\\/produkt\\\/ohne-titel-paar-im-schatten-einer-mauer\\\/#breadcrumb\",\"itemListElement\":[{\"@type\":\"ListItem\",\"position\":1,\"name\":\"Startseite\",\"item\":\"https:\\\/\\\/leonore-mau.de\\\/en\\\/\"},{\"@type\":\"ListItem\",\"position\":2,\"name\":\"Shop\",\"item\":\"https:\\\/\\\/leonore-mau.de\\\/en\\\/shop-2\\\/\"},{\"@type\":\"ListItem\",\"position\":3,\"name\":\"Ohne Titel (Paar im Schatten einer Mauer)\"}]},{\"@type\":\"WebSite\",\"@id\":\"https:\\\/\\\/leonore-mau.de\\\/#website\",\"url\":\"https:\\\/\\\/leonore-mau.de\\\/\",\"name\":\"Leonore Mau\",\"description\":\"Fotografin\",\"potentialAction\":[{\"@type\":\"SearchAction\",\"target\":{\"@type\":\"EntryPoint\",\"urlTemplate\":\"https:\\\/\\\/leonore-mau.de\\\/?s={search_term_string}\"},\"query-input\":{\"@type\":\"PropertyValueSpecification\",\"valueRequired\":true,\"valueName\":\"search_term_string\"}}],\"inLanguage\":\"en-US\"}]}<\/script>\n<!-- \/ Yoast SEO plugin. -->","yoast_head_json":{"title":"Ohne Titel (Paar im Schatten einer Mauer) - Leonore Mau","robots":{"index":"index","follow":"follow","max-snippet":"max-snippet:-1","max-image-preview":"max-image-preview:large","max-video-preview":"max-video-preview:-1"},"canonical":"https:\/\/leonore-mau.de\/produkt\/ohne-titel-paar-im-schatten-einer-mauer\/","og_locale":"en_US","og_type":"article","og_title":"Ohne Titel (Paar im Schatten einer Mauer) - Leonore Mau","og_description":"Ein Paar sitzt auf einer Freitreppe und umarmt sich im Schatten einer Mauer.","og_url":"https:\/\/leonore-mau.de\/produkt\/ohne-titel-paar-im-schatten-einer-mauer\/","og_site_name":"Leonore Mau","article_modified_time":"2022-09-13T21:12:51+00:00","og_image":[{"width":834,"height":1200,"url":"https:\/\/leonore-mau.de\/wp-content\/uploads\/2022\/07\/70688477.jpg","type":"image\/jpeg"}],"twitter_card":"summary_large_image","schema":{"@context":"https:\/\/schema.org","@graph":[{"@type":"WebPage","@id":"https:\/\/leonore-mau.de\/produkt\/ohne-titel-paar-im-schatten-einer-mauer\/","url":"https:\/\/leonore-mau.de\/produkt\/ohne-titel-paar-im-schatten-einer-mauer\/","name":"Ohne Titel (Paar im Schatten einer Mauer) - Leonore Mau","isPartOf":{"@id":"https:\/\/leonore-mau.de\/#website"},"primaryImageOfPage":{"@id":"https:\/\/leonore-mau.de\/produkt\/ohne-titel-paar-im-schatten-einer-mauer\/#primaryimage"},"image":{"@id":"https:\/\/leonore-mau.de\/produkt\/ohne-titel-paar-im-schatten-einer-mauer\/#primaryimage"},"thumbnailUrl":"https:\/\/leonore-mau.de\/wp-content\/uploads\/2022\/07\/70688477.jpg","datePublished":"2022-07-11T13:17:05+00:00","dateModified":"2022-09-13T21:12:51+00:00","breadcrumb":{"@id":"https:\/\/leonore-mau.de\/produkt\/ohne-titel-paar-im-schatten-einer-mauer\/#breadcrumb"},"inLanguage":"en-US","potentialAction":[{"@type":"ReadAction","target":["https:\/\/leonore-mau.de\/produkt\/ohne-titel-paar-im-schatten-einer-mauer\/"]}]},{"@type":"ImageObject","inLanguage":"en-US","@id":"https:\/\/leonore-mau.de\/produkt\/ohne-titel-paar-im-schatten-einer-mauer\/#primaryimage","url":"https:\/\/leonore-mau.de\/wp-content\/uploads\/2022\/07\/70688477.jpg","contentUrl":"https:\/\/leonore-mau.de\/wp-content\/uploads\/2022\/07\/70688477.jpg","width":834,"height":1200,"caption":"Ein Paar sitzt auf einer Freitreppe und umarmt sich im Schatten einer Mauer. Aufnahmedatum: 1981 - 1982 Material\/Technik: Foto \/ Silbergelatine auf PE-Papier Bildformat (Foto): 28,0 x 40,0 cm Aufnahmeort: S\u00e3o Lu\u00eds do Maranh\u00e3o Inventar-Nr.: LM-501267"},{"@type":"BreadcrumbList","@id":"https:\/\/leonore-mau.de\/produkt\/ohne-titel-paar-im-schatten-einer-mauer\/#breadcrumb","itemListElement":[{"@type":"ListItem","position":1,"name":"Startseite","item":"https:\/\/leonore-mau.de\/en\/"},{"@type":"ListItem","position":2,"name":"Shop","item":"https:\/\/leonore-mau.de\/en\/shop-2\/"},{"@type":"ListItem","position":3,"name":"Ohne Titel (Paar im Schatten einer Mauer)"}]},{"@type":"WebSite","@id":"https:\/\/leonore-mau.de\/#website","url":"https:\/\/leonore-mau.de\/","name":"Leonore Mau","description":"Fotografin","potentialAction":[{"@type":"SearchAction","target":{"@type":"EntryPoint","urlTemplate":"https:\/\/leonore-mau.de\/?s={search_term_string}"},"query-input":{"@type":"PropertyValueSpecification","valueRequired":true,"valueName":"search_term_string"}}],"inLanguage":"en-US"}]}},"_links":{"self":[{"href":"https:\/\/leonore-mau.de\/en\/wp-json\/wp\/v2\/product\/1274","targetHints":{"allow":["GET"]}}],"collection":[{"href":"https:\/\/leonore-mau.de\/en\/wp-json\/wp\/v2\/product"}],"about":[{"href":"https:\/\/leonore-mau.de\/en\/wp-json\/wp\/v2\/types\/product"}],"wp:featuredmedia":[{"embeddable":true,"href":"https:\/\/leonore-mau.de\/en\/wp-json\/wp\/v2\/media\/722"}],"wp:attachment":[{"href":"https:\/\/leonore-mau.de\/en\/wp-json\/wp\/v2\/media?parent=1274"}],"wp:term":[{"taxonomy":"product_brand","embeddable":true,"href":"https:\/\/leonore-mau.de\/en\/wp-json\/wp\/v2\/product_brand?post=1274"},{"taxonomy":"product_cat","embeddable":true,"href":"https:\/\/leonore-mau.de\/en\/wp-json\/wp\/v2\/product_cat?post=1274"},{"taxonomy":"product_tag","embeddable":true,"href":"https:\/\/leonore-mau.de\/en\/wp-json\/wp\/v2\/product_tag?post=1274"}],"curies":[{"name":"wp","href":"https:\/\/api.w.org\/{rel}","templated":true}]}}