{"id":1283,"date":"2022-07-11T15:17:07","date_gmt":"2022-07-11T13:17:07","guid":{"rendered":"https:\/\/leonore-mau.de\/produkt\/munch-museum\/"},"modified":"2022-09-13T23:12:58","modified_gmt":"2022-09-13T21:12:58","slug":"munch-museum","status":"publish","type":"product","link":"https:\/\/leonore-mau.de\/en\/produkt\/munch-museum\/","title":{"rendered":"Munch-Museum"},"content":{"rendered":"<p>Im Munch-Museum in Oslo. Drei Nonnen betrachten das Gem\u00e4lde &#8220;Inheritance&#8221; (1897-1899) von Edvard Munch. Rechts daneben das Gem\u00e4lde &#8220;Study of a Model&#8221; (1898). R\u00fcckseitenbeschriftung: &#8220;1962 Museum Hannover [sic!]. Oslo Munch-Museum&#8221; (zus\u00e4tzlich ein orangener Kleber mit Bildtitel und Bildnummer vom Bavaria-Verlag vom 20\/01\/01)<\/p>\n","protected":false},"excerpt":{"rendered":"<p>Im Munch-Museum in Oslo. Drei Nonnen betrachten das Gem\u00e4lde &#8220;Inheritance&#8221; (1897-1899) von Edvard Munch. Rechts daneben das Gem\u00e4lde &#8220;Study of a Model&#8221; (1898). R\u00fcckseitenbeschriftung: &#8220;1962 Museum Hannover [sic!]. Oslo Munch-Museum&#8221; (zus\u00e4tzlich ein orangener Kleber mit Bildtitel und Bildnummer vom Bavaria-Verlag vom 20\/01\/01)<\/p>\n","protected":false},"featured_media":731,"template":"","meta":[],"product_brand":[],"product_cat":[4440,17],"product_tag":[3351,3353,3350,3352,20,22,24,21,23,722,26,84,3222,3223,3354,3355,1886,1890,1891,56,57,922,923,3356,3357,1734,1892,2598,2599,2600,3358,3359,930,931,3360,2654,2655,624,625,105,107,93,92,94,91,74,3361,3362,106,108,626],"class_list":{"0":"post-1283","1":"product","2":"type-product","3":"status-publish","4":"has-post-thumbnail","6":"product_cat-menschen-im-fokus","7":"product_cat-unkategorisiert","8":"product_tag-19-jahrhundert-nach-chr","9":"product_tag-19-jh-n-chr","10":"product_tag-19-jahrhundert","11":"product_tag-19-jh","12":"product_tag-1960er-jahre","13":"product_tag-20-jahrhundert-nach-chr","14":"product_tag-20-jh-n-chr","15":"product_tag-20-jahrhundert","16":"product_tag-20-jh","17":"product_tag-3-4_menschen-im-fokus","18":"product_tag-60er","19":"product_tag-ausland","20":"product_tag-ausstellung","21":"product_tag-ausstellungen","22":"product_tag-ausstellungsbesuch","23":"product_tag-ausstellungsbesucher","24":"product_tag-gemaelde","25":"product_tag-gemaelden","26":"product_tag-gemaeldes","27":"product_tag-innenaufnahme","28":"product_tag-innenaufnahmen","29":"product_tag-klosterfrau","30":"product_tag-klosterfrauen","31":"product_tag-kunstausstellung","32":"product_tag-kunstausstellungen","33":"product_tag-malerei","34":"product_tag-malereien","35":"product_tag-museen","36":"product_tag-museum","37":"product_tag-museums","38":"product_tag-museumsbesuch","39":"product_tag-museumsbesucher","40":"product_tag-nonne","41":"product_tag-nonnen","42":"product_tag-norwegen","43":"product_tag-ordensfrau","44":"product_tag-ordensfrauen","45":"product_tag-rueckansicht","46":"product_tag-rueckseite","47":"product_tag-s-w-fotografie","48":"product_tag-s-w-photographie","49":"product_tag-schwarzweissphotographie","50":"product_tag-schwarz-weiss-fotografie","51":"product_tag-schwarz-weiss-photographie","52":"product_tag-schwarzweissfotografie","53":"product_tag-sechziger","54":"product_tag-skandinavien","55":"product_tag-skandinaviens","56":"product_tag-sw-fotografie","57":"product_tag-sw-photographie","58":"product_tag-von-hinten","60":"first","61":"instock","62":"shipping-taxable","63":"product-type-simple"},"yoast_head":"<!-- This site is optimized with the Yoast SEO plugin v27.3 - https:\/\/yoast.com\/product\/yoast-seo-wordpress\/ -->\n<title>Munch-Museum - Leonore Mau<\/title>\n<meta name=\"robots\" content=\"index, follow, max-snippet:-1, max-image-preview:large, max-video-preview:-1\" \/>\n<link rel=\"canonical\" href=\"https:\/\/leonore-mau.de\/produkt\/munch-museum\/\" \/>\n<meta property=\"og:locale\" content=\"en_US\" \/>\n<meta property=\"og:type\" content=\"article\" \/>\n<meta property=\"og:title\" content=\"Munch-Museum - Leonore Mau\" \/>\n<meta property=\"og:description\" content=\"Im Munch-Museum in Oslo. Drei Nonnen betrachten das Gem\u00e4lde &#8220;Inheritance&#8221; (1897-1899) von Edvard Munch. Rechts daneben das Gem\u00e4lde &#8220;Study of a Model&#8221; (1898). R\u00fcckseitenbeschriftung: &#8220;1962 Museum Hannover [sic!]. Oslo Munch-Museum&#8221; (zus\u00e4tzlich ein orangener Kleber mit Bildtitel und Bildnummer vom Bavaria-Verlag vom 20\/01\/01)\" \/>\n<meta property=\"og:url\" content=\"https:\/\/leonore-mau.de\/produkt\/munch-museum\/\" \/>\n<meta property=\"og:site_name\" content=\"Leonore Mau\" \/>\n<meta property=\"article:modified_time\" content=\"2022-09-13T21:12:58+00:00\" \/>\n<meta property=\"og:image\" content=\"https:\/\/leonore-mau.de\/wp-content\/uploads\/2022\/07\/70688486.jpg\" \/>\n\t<meta property=\"og:image:width\" content=\"1200\" \/>\n\t<meta property=\"og:image:height\" content=\"910\" \/>\n\t<meta property=\"og:image:type\" content=\"image\/jpeg\" \/>\n<meta name=\"twitter:card\" content=\"summary_large_image\" \/>\n<script type=\"application\/ld+json\" class=\"yoast-schema-graph\">{\"@context\":\"https:\\\/\\\/schema.org\",\"@graph\":[{\"@type\":\"WebPage\",\"@id\":\"https:\\\/\\\/leonore-mau.de\\\/produkt\\\/munch-museum\\\/\",\"url\":\"https:\\\/\\\/leonore-mau.de\\\/produkt\\\/munch-museum\\\/\",\"name\":\"Munch-Museum - Leonore Mau\",\"isPartOf\":{\"@id\":\"https:\\\/\\\/leonore-mau.de\\\/#website\"},\"primaryImageOfPage\":{\"@id\":\"https:\\\/\\\/leonore-mau.de\\\/produkt\\\/munch-museum\\\/#primaryimage\"},\"image\":{\"@id\":\"https:\\\/\\\/leonore-mau.de\\\/produkt\\\/munch-museum\\\/#primaryimage\"},\"thumbnailUrl\":\"https:\\\/\\\/leonore-mau.de\\\/wp-content\\\/uploads\\\/2022\\\/07\\\/70688486.jpg\",\"datePublished\":\"2022-07-11T13:17:07+00:00\",\"dateModified\":\"2022-09-13T21:12:58+00:00\",\"breadcrumb\":{\"@id\":\"https:\\\/\\\/leonore-mau.de\\\/produkt\\\/munch-museum\\\/#breadcrumb\"},\"inLanguage\":\"en-US\",\"potentialAction\":[{\"@type\":\"ReadAction\",\"target\":[\"https:\\\/\\\/leonore-mau.de\\\/produkt\\\/munch-museum\\\/\"]}]},{\"@type\":\"ImageObject\",\"inLanguage\":\"en-US\",\"@id\":\"https:\\\/\\\/leonore-mau.de\\\/produkt\\\/munch-museum\\\/#primaryimage\",\"url\":\"https:\\\/\\\/leonore-mau.de\\\/wp-content\\\/uploads\\\/2022\\\/07\\\/70688486.jpg\",\"contentUrl\":\"https:\\\/\\\/leonore-mau.de\\\/wp-content\\\/uploads\\\/2022\\\/07\\\/70688486.jpg\",\"width\":1200,\"height\":910,\"caption\":\"Im Munch-Museum in Oslo. Drei Nonnen betrachten das Gem\u00e4lde \\\"Inheritance\\\" (1897\u00961899) von Edvard Munch. Rechts daneben das Gem\u00e4lde \\\"Study of a Model\\\" (1898). R\u00fcckseitenbeschriftung: \\\"1962 Museum Hannover [sic!]. Oslo Munch-Museum\\\" (zus\u00e4tzlich ein orangener Kleber mit Bildtitel und Bildnummer vom Bavaria-Verlag vom 20\\\/01\\\/01) Aufnahmedatum: 1962 - 1963 Material\\\/Technik: Foto \\\/ Silbergelatine auf Barytpapier Bildformat (Foto): 23,0 x 30,2 cm Aufnahmeort: Oslo Inventar-Nr.: LM-502470\"},{\"@type\":\"BreadcrumbList\",\"@id\":\"https:\\\/\\\/leonore-mau.de\\\/produkt\\\/munch-museum\\\/#breadcrumb\",\"itemListElement\":[{\"@type\":\"ListItem\",\"position\":1,\"name\":\"Startseite\",\"item\":\"https:\\\/\\\/leonore-mau.de\\\/en\\\/\"},{\"@type\":\"ListItem\",\"position\":2,\"name\":\"Shop\",\"item\":\"https:\\\/\\\/leonore-mau.de\\\/en\\\/shop-2\\\/\"},{\"@type\":\"ListItem\",\"position\":3,\"name\":\"Munch-Museum\"}]},{\"@type\":\"WebSite\",\"@id\":\"https:\\\/\\\/leonore-mau.de\\\/#website\",\"url\":\"https:\\\/\\\/leonore-mau.de\\\/\",\"name\":\"Leonore Mau\",\"description\":\"Fotografin\",\"potentialAction\":[{\"@type\":\"SearchAction\",\"target\":{\"@type\":\"EntryPoint\",\"urlTemplate\":\"https:\\\/\\\/leonore-mau.de\\\/?s={search_term_string}\"},\"query-input\":{\"@type\":\"PropertyValueSpecification\",\"valueRequired\":true,\"valueName\":\"search_term_string\"}}],\"inLanguage\":\"en-US\"}]}<\/script>\n<!-- \/ Yoast SEO plugin. -->","yoast_head_json":{"title":"Munch-Museum - Leonore Mau","robots":{"index":"index","follow":"follow","max-snippet":"max-snippet:-1","max-image-preview":"max-image-preview:large","max-video-preview":"max-video-preview:-1"},"canonical":"https:\/\/leonore-mau.de\/produkt\/munch-museum\/","og_locale":"en_US","og_type":"article","og_title":"Munch-Museum - Leonore Mau","og_description":"Im Munch-Museum in Oslo. Drei Nonnen betrachten das Gem\u00e4lde &#8220;Inheritance&#8221; (1897-1899) von Edvard Munch. Rechts daneben das Gem\u00e4lde &#8220;Study of a Model&#8221; (1898). R\u00fcckseitenbeschriftung: &#8220;1962 Museum Hannover [sic!]. Oslo Munch-Museum&#8221; (zus\u00e4tzlich ein orangener Kleber mit Bildtitel und Bildnummer vom Bavaria-Verlag vom 20\/01\/01)","og_url":"https:\/\/leonore-mau.de\/produkt\/munch-museum\/","og_site_name":"Leonore Mau","article_modified_time":"2022-09-13T21:12:58+00:00","og_image":[{"width":1200,"height":910,"url":"https:\/\/leonore-mau.de\/wp-content\/uploads\/2022\/07\/70688486.jpg","type":"image\/jpeg"}],"twitter_card":"summary_large_image","schema":{"@context":"https:\/\/schema.org","@graph":[{"@type":"WebPage","@id":"https:\/\/leonore-mau.de\/produkt\/munch-museum\/","url":"https:\/\/leonore-mau.de\/produkt\/munch-museum\/","name":"Munch-Museum - Leonore Mau","isPartOf":{"@id":"https:\/\/leonore-mau.de\/#website"},"primaryImageOfPage":{"@id":"https:\/\/leonore-mau.de\/produkt\/munch-museum\/#primaryimage"},"image":{"@id":"https:\/\/leonore-mau.de\/produkt\/munch-museum\/#primaryimage"},"thumbnailUrl":"https:\/\/leonore-mau.de\/wp-content\/uploads\/2022\/07\/70688486.jpg","datePublished":"2022-07-11T13:17:07+00:00","dateModified":"2022-09-13T21:12:58+00:00","breadcrumb":{"@id":"https:\/\/leonore-mau.de\/produkt\/munch-museum\/#breadcrumb"},"inLanguage":"en-US","potentialAction":[{"@type":"ReadAction","target":["https:\/\/leonore-mau.de\/produkt\/munch-museum\/"]}]},{"@type":"ImageObject","inLanguage":"en-US","@id":"https:\/\/leonore-mau.de\/produkt\/munch-museum\/#primaryimage","url":"https:\/\/leonore-mau.de\/wp-content\/uploads\/2022\/07\/70688486.jpg","contentUrl":"https:\/\/leonore-mau.de\/wp-content\/uploads\/2022\/07\/70688486.jpg","width":1200,"height":910,"caption":"Im Munch-Museum in Oslo. Drei Nonnen betrachten das Gem\u00e4lde \"Inheritance\" (1897\u00961899) von Edvard Munch. Rechts daneben das Gem\u00e4lde \"Study of a Model\" (1898). R\u00fcckseitenbeschriftung: \"1962 Museum Hannover [sic!]. Oslo Munch-Museum\" (zus\u00e4tzlich ein orangener Kleber mit Bildtitel und Bildnummer vom Bavaria-Verlag vom 20\/01\/01) Aufnahmedatum: 1962 - 1963 Material\/Technik: Foto \/ Silbergelatine auf Barytpapier Bildformat (Foto): 23,0 x 30,2 cm Aufnahmeort: Oslo Inventar-Nr.: LM-502470"},{"@type":"BreadcrumbList","@id":"https:\/\/leonore-mau.de\/produkt\/munch-museum\/#breadcrumb","itemListElement":[{"@type":"ListItem","position":1,"name":"Startseite","item":"https:\/\/leonore-mau.de\/en\/"},{"@type":"ListItem","position":2,"name":"Shop","item":"https:\/\/leonore-mau.de\/en\/shop-2\/"},{"@type":"ListItem","position":3,"name":"Munch-Museum"}]},{"@type":"WebSite","@id":"https:\/\/leonore-mau.de\/#website","url":"https:\/\/leonore-mau.de\/","name":"Leonore Mau","description":"Fotografin","potentialAction":[{"@type":"SearchAction","target":{"@type":"EntryPoint","urlTemplate":"https:\/\/leonore-mau.de\/?s={search_term_string}"},"query-input":{"@type":"PropertyValueSpecification","valueRequired":true,"valueName":"search_term_string"}}],"inLanguage":"en-US"}]}},"_links":{"self":[{"href":"https:\/\/leonore-mau.de\/en\/wp-json\/wp\/v2\/product\/1283","targetHints":{"allow":["GET"]}}],"collection":[{"href":"https:\/\/leonore-mau.de\/en\/wp-json\/wp\/v2\/product"}],"about":[{"href":"https:\/\/leonore-mau.de\/en\/wp-json\/wp\/v2\/types\/product"}],"wp:featuredmedia":[{"embeddable":true,"href":"https:\/\/leonore-mau.de\/en\/wp-json\/wp\/v2\/media\/731"}],"wp:attachment":[{"href":"https:\/\/leonore-mau.de\/en\/wp-json\/wp\/v2\/media?parent=1283"}],"wp:term":[{"taxonomy":"product_brand","embeddable":true,"href":"https:\/\/leonore-mau.de\/en\/wp-json\/wp\/v2\/product_brand?post=1283"},{"taxonomy":"product_cat","embeddable":true,"href":"https:\/\/leonore-mau.de\/en\/wp-json\/wp\/v2\/product_cat?post=1283"},{"taxonomy":"product_tag","embeddable":true,"href":"https:\/\/leonore-mau.de\/en\/wp-json\/wp\/v2\/product_tag?post=1283"}],"curies":[{"name":"wp","href":"https:\/\/api.w.org\/{rel}","templated":true}]}}