{"id":1297,"date":"2022-07-11T15:17:08","date_gmt":"2022-07-11T13:17:08","guid":{"rendered":"https:\/\/leonore-mau.de\/produkt\/station-fr-malaria-kranke\/"},"modified":"2022-09-13T23:13:04","modified_gmt":"2022-09-13T21:13:04","slug":"station-fr-malaria-kranke","status":"publish","type":"product","link":"https:\/\/leonore-mau.de\/en\/produkt\/station-fr-malaria-kranke\/","title":{"rendered":"Station f\u00fcr Malaria Kranke"},"content":{"rendered":"<p>Station f\u00fcr an Malaria erkrankte Personen. Die aneinandergereihten Betten sind mit Insektenschutznetzen umspannt. R\u00fcckseitenbeschriftung: &#8220;Togo 1975. Station f\u00fcr Malaria Kranke&#8221;<\/p>\n","protected":false},"excerpt":{"rendered":"<p>Station f\u00fcr an Malaria erkrankte Personen. Die aneinandergereihten Betten sind mit Insektenschutznetzen umspannt. R\u00fcckseitenbeschriftung: &#8220;Togo 1975. Station f\u00fcr Malaria Kranke&#8221;<\/p>\n","protected":false},"featured_media":745,"template":"","meta":[],"product_brand":[],"product_cat":[4451,17],"product_tag":[22,24,21,23,1344,939,940,84,534,535,43,44,56,57,3383,1680,1681,1682,1593,3384,3385,2376,2377,1683,1684,1685,2378,3386,3387,3388,3389,3390,1686,1687,70,71,1688,1689,1690,1691,957,958],"class_list":{"0":"post-1297","1":"product","2":"type-product","3":"status-publish","4":"has-post-thumbnail","6":"product_cat-psychiatrische-doerfer","7":"product_cat-unkategorisiert","8":"product_tag-20-jahrhundert-nach-chr","9":"product_tag-20-jh-n-chr","10":"product_tag-20-jahrhundert","11":"product_tag-20-jh","12":"product_tag-7-1_psychiatrische-doerfer","13":"product_tag-afrika","14":"product_tag-afrikas","15":"product_tag-ausland","16":"product_tag-bett","17":"product_tag-betten","18":"product_tag-fotografin","19":"product_tag-fotografinnen","20":"product_tag-innenaufnahme","21":"product_tag-innenaufnahmen","22":"product_tag-insektenschutznetz","23":"product_tag-klinik","24":"product_tag-kliniken","25":"product_tag-klinikum","26":"product_tag-krank","27":"product_tag-kranke","28":"product_tag-kranken","29":"product_tag-krankenbett","30":"product_tag-krankenbetten","31":"product_tag-krankenhaus","32":"product_tag-krankenhaeuser","33":"product_tag-krankenhauses","34":"product_tag-krankenlager","35":"product_tag-kranker","36":"product_tag-krankes","37":"product_tag-krankheit","38":"product_tag-krankheiten","39":"product_tag-malaria","40":"product_tag-patient","41":"product_tag-patienten","42":"product_tag-photographin","43":"product_tag-photographinnen","44":"product_tag-spital","45":"product_tag-spitaeler","46":"product_tag-spitales","47":"product_tag-spitals","48":"product_tag-westafrika","49":"product_tag-westafrikas","51":"first","52":"instock","53":"shipping-taxable","54":"product-type-simple"},"yoast_head":"<!-- This site is optimized with the Yoast SEO plugin v27.3 - https:\/\/yoast.com\/product\/yoast-seo-wordpress\/ -->\n<title>Station f\u00fcr Malaria Kranke - Leonore Mau<\/title>\n<meta name=\"robots\" content=\"index, follow, max-snippet:-1, max-image-preview:large, max-video-preview:-1\" \/>\n<link rel=\"canonical\" href=\"https:\/\/leonore-mau.de\/produkt\/station-fr-malaria-kranke\/\" \/>\n<meta property=\"og:locale\" content=\"en_US\" \/>\n<meta property=\"og:type\" content=\"article\" \/>\n<meta property=\"og:title\" content=\"Station f\u00fcr Malaria Kranke - Leonore Mau\" \/>\n<meta property=\"og:description\" content=\"Station f\u00fcr an Malaria erkrankte Personen. Die aneinandergereihten Betten sind mit Insektenschutznetzen umspannt. R\u00fcckseitenbeschriftung: &#8220;Togo 1975. Station f\u00fcr Malaria Kranke&#8221;\" \/>\n<meta property=\"og:url\" content=\"https:\/\/leonore-mau.de\/produkt\/station-fr-malaria-kranke\/\" \/>\n<meta property=\"og:site_name\" content=\"Leonore Mau\" \/>\n<meta property=\"article:modified_time\" content=\"2022-09-13T21:13:04+00:00\" \/>\n<meta property=\"og:image\" content=\"https:\/\/leonore-mau.de\/wp-content\/uploads\/2022\/07\/70688500.jpg\" \/>\n\t<meta property=\"og:image:width\" content=\"1200\" \/>\n\t<meta property=\"og:image:height\" content=\"786\" \/>\n\t<meta property=\"og:image:type\" content=\"image\/jpeg\" \/>\n<meta name=\"twitter:card\" content=\"summary_large_image\" \/>\n<script type=\"application\/ld+json\" class=\"yoast-schema-graph\">{\"@context\":\"https:\\\/\\\/schema.org\",\"@graph\":[{\"@type\":\"WebPage\",\"@id\":\"https:\\\/\\\/leonore-mau.de\\\/produkt\\\/station-fr-malaria-kranke\\\/\",\"url\":\"https:\\\/\\\/leonore-mau.de\\\/produkt\\\/station-fr-malaria-kranke\\\/\",\"name\":\"Station f\u00fcr Malaria Kranke - Leonore Mau\",\"isPartOf\":{\"@id\":\"https:\\\/\\\/leonore-mau.de\\\/#website\"},\"primaryImageOfPage\":{\"@id\":\"https:\\\/\\\/leonore-mau.de\\\/produkt\\\/station-fr-malaria-kranke\\\/#primaryimage\"},\"image\":{\"@id\":\"https:\\\/\\\/leonore-mau.de\\\/produkt\\\/station-fr-malaria-kranke\\\/#primaryimage\"},\"thumbnailUrl\":\"https:\\\/\\\/leonore-mau.de\\\/wp-content\\\/uploads\\\/2022\\\/07\\\/70688500.jpg\",\"datePublished\":\"2022-07-11T13:17:08+00:00\",\"dateModified\":\"2022-09-13T21:13:04+00:00\",\"breadcrumb\":{\"@id\":\"https:\\\/\\\/leonore-mau.de\\\/produkt\\\/station-fr-malaria-kranke\\\/#breadcrumb\"},\"inLanguage\":\"en-US\",\"potentialAction\":[{\"@type\":\"ReadAction\",\"target\":[\"https:\\\/\\\/leonore-mau.de\\\/produkt\\\/station-fr-malaria-kranke\\\/\"]}]},{\"@type\":\"ImageObject\",\"inLanguage\":\"en-US\",\"@id\":\"https:\\\/\\\/leonore-mau.de\\\/produkt\\\/station-fr-malaria-kranke\\\/#primaryimage\",\"url\":\"https:\\\/\\\/leonore-mau.de\\\/wp-content\\\/uploads\\\/2022\\\/07\\\/70688500.jpg\",\"contentUrl\":\"https:\\\/\\\/leonore-mau.de\\\/wp-content\\\/uploads\\\/2022\\\/07\\\/70688500.jpg\",\"width\":1200,\"height\":786,\"caption\":\"Station f\u00fcr an Malaria erkrankte Personen. Die aneinandergereihten Betten sind mit Insektenschutznetzen umspannt. R\u00fcckseitenbeschriftung: \\\"Togo 1975. Station f\u00fcr Malaria Kranke\\\" Aufnahmedatum: 1978 Material\\\/Technik: Foto \\\/ Silbergelatine auf Barytpapier Bildformat (Foto): 24,4 x 31,0 cm Aufnahmeort: Togo Inventar-Nr.: LM-505027\"},{\"@type\":\"BreadcrumbList\",\"@id\":\"https:\\\/\\\/leonore-mau.de\\\/produkt\\\/station-fr-malaria-kranke\\\/#breadcrumb\",\"itemListElement\":[{\"@type\":\"ListItem\",\"position\":1,\"name\":\"Startseite\",\"item\":\"https:\\\/\\\/leonore-mau.de\\\/en\\\/\"},{\"@type\":\"ListItem\",\"position\":2,\"name\":\"Shop\",\"item\":\"https:\\\/\\\/leonore-mau.de\\\/en\\\/shop-2\\\/\"},{\"@type\":\"ListItem\",\"position\":3,\"name\":\"Station f\u00fcr Malaria Kranke\"}]},{\"@type\":\"WebSite\",\"@id\":\"https:\\\/\\\/leonore-mau.de\\\/#website\",\"url\":\"https:\\\/\\\/leonore-mau.de\\\/\",\"name\":\"Leonore Mau\",\"description\":\"Fotografin\",\"potentialAction\":[{\"@type\":\"SearchAction\",\"target\":{\"@type\":\"EntryPoint\",\"urlTemplate\":\"https:\\\/\\\/leonore-mau.de\\\/?s={search_term_string}\"},\"query-input\":{\"@type\":\"PropertyValueSpecification\",\"valueRequired\":true,\"valueName\":\"search_term_string\"}}],\"inLanguage\":\"en-US\"}]}<\/script>\n<!-- \/ Yoast SEO plugin. -->","yoast_head_json":{"title":"Station f\u00fcr Malaria Kranke - Leonore Mau","robots":{"index":"index","follow":"follow","max-snippet":"max-snippet:-1","max-image-preview":"max-image-preview:large","max-video-preview":"max-video-preview:-1"},"canonical":"https:\/\/leonore-mau.de\/produkt\/station-fr-malaria-kranke\/","og_locale":"en_US","og_type":"article","og_title":"Station f\u00fcr Malaria Kranke - Leonore Mau","og_description":"Station f\u00fcr an Malaria erkrankte Personen. Die aneinandergereihten Betten sind mit Insektenschutznetzen umspannt. R\u00fcckseitenbeschriftung: &#8220;Togo 1975. Station f\u00fcr Malaria Kranke&#8221;","og_url":"https:\/\/leonore-mau.de\/produkt\/station-fr-malaria-kranke\/","og_site_name":"Leonore Mau","article_modified_time":"2022-09-13T21:13:04+00:00","og_image":[{"width":1200,"height":786,"url":"https:\/\/leonore-mau.de\/wp-content\/uploads\/2022\/07\/70688500.jpg","type":"image\/jpeg"}],"twitter_card":"summary_large_image","schema":{"@context":"https:\/\/schema.org","@graph":[{"@type":"WebPage","@id":"https:\/\/leonore-mau.de\/produkt\/station-fr-malaria-kranke\/","url":"https:\/\/leonore-mau.de\/produkt\/station-fr-malaria-kranke\/","name":"Station f\u00fcr Malaria Kranke - Leonore Mau","isPartOf":{"@id":"https:\/\/leonore-mau.de\/#website"},"primaryImageOfPage":{"@id":"https:\/\/leonore-mau.de\/produkt\/station-fr-malaria-kranke\/#primaryimage"},"image":{"@id":"https:\/\/leonore-mau.de\/produkt\/station-fr-malaria-kranke\/#primaryimage"},"thumbnailUrl":"https:\/\/leonore-mau.de\/wp-content\/uploads\/2022\/07\/70688500.jpg","datePublished":"2022-07-11T13:17:08+00:00","dateModified":"2022-09-13T21:13:04+00:00","breadcrumb":{"@id":"https:\/\/leonore-mau.de\/produkt\/station-fr-malaria-kranke\/#breadcrumb"},"inLanguage":"en-US","potentialAction":[{"@type":"ReadAction","target":["https:\/\/leonore-mau.de\/produkt\/station-fr-malaria-kranke\/"]}]},{"@type":"ImageObject","inLanguage":"en-US","@id":"https:\/\/leonore-mau.de\/produkt\/station-fr-malaria-kranke\/#primaryimage","url":"https:\/\/leonore-mau.de\/wp-content\/uploads\/2022\/07\/70688500.jpg","contentUrl":"https:\/\/leonore-mau.de\/wp-content\/uploads\/2022\/07\/70688500.jpg","width":1200,"height":786,"caption":"Station f\u00fcr an Malaria erkrankte Personen. Die aneinandergereihten Betten sind mit Insektenschutznetzen umspannt. R\u00fcckseitenbeschriftung: \"Togo 1975. Station f\u00fcr Malaria Kranke\" Aufnahmedatum: 1978 Material\/Technik: Foto \/ Silbergelatine auf Barytpapier Bildformat (Foto): 24,4 x 31,0 cm Aufnahmeort: Togo Inventar-Nr.: LM-505027"},{"@type":"BreadcrumbList","@id":"https:\/\/leonore-mau.de\/produkt\/station-fr-malaria-kranke\/#breadcrumb","itemListElement":[{"@type":"ListItem","position":1,"name":"Startseite","item":"https:\/\/leonore-mau.de\/en\/"},{"@type":"ListItem","position":2,"name":"Shop","item":"https:\/\/leonore-mau.de\/en\/shop-2\/"},{"@type":"ListItem","position":3,"name":"Station f\u00fcr Malaria Kranke"}]},{"@type":"WebSite","@id":"https:\/\/leonore-mau.de\/#website","url":"https:\/\/leonore-mau.de\/","name":"Leonore Mau","description":"Fotografin","potentialAction":[{"@type":"SearchAction","target":{"@type":"EntryPoint","urlTemplate":"https:\/\/leonore-mau.de\/?s={search_term_string}"},"query-input":{"@type":"PropertyValueSpecification","valueRequired":true,"valueName":"search_term_string"}}],"inLanguage":"en-US"}]}},"_links":{"self":[{"href":"https:\/\/leonore-mau.de\/en\/wp-json\/wp\/v2\/product\/1297","targetHints":{"allow":["GET"]}}],"collection":[{"href":"https:\/\/leonore-mau.de\/en\/wp-json\/wp\/v2\/product"}],"about":[{"href":"https:\/\/leonore-mau.de\/en\/wp-json\/wp\/v2\/types\/product"}],"wp:featuredmedia":[{"embeddable":true,"href":"https:\/\/leonore-mau.de\/en\/wp-json\/wp\/v2\/media\/745"}],"wp:attachment":[{"href":"https:\/\/leonore-mau.de\/en\/wp-json\/wp\/v2\/media?parent=1297"}],"wp:term":[{"taxonomy":"product_brand","embeddable":true,"href":"https:\/\/leonore-mau.de\/en\/wp-json\/wp\/v2\/product_brand?post=1297"},{"taxonomy":"product_cat","embeddable":true,"href":"https:\/\/leonore-mau.de\/en\/wp-json\/wp\/v2\/product_cat?post=1297"},{"taxonomy":"product_tag","embeddable":true,"href":"https:\/\/leonore-mau.de\/en\/wp-json\/wp\/v2\/product_tag?post=1297"}],"curies":[{"name":"wp","href":"https:\/\/api.w.org\/{rel}","templated":true}]}}