{"id":1299,"date":"2022-07-11T15:17:09","date_gmt":"2022-07-11T13:17:09","guid":{"rendered":"https:\/\/leonore-mau.de\/produkt\/psychiatrie-in-anho\/"},"modified":"2022-09-13T23:13:05","modified_gmt":"2022-09-13T21:13:05","slug":"psychiatrie-in-anho","status":"publish","type":"product","link":"https:\/\/leonore-mau.de\/en\/produkt\/psychiatrie-in-anho\/","title":{"rendered":"Psychiatrie in An\u00e9ho"},"content":{"rendered":"<p>Psychiatrie in An\u00e9ho. Eine Person sitzt auf einer Steintreppe und tr\u00e4gt ein Tuch \u00fcber dem Kopf und den Schultern. Im Hintergrund zwei Silhouetten hinter einem Gitterfenster. R\u00fcckseitenbeschriftung: &#8220;Aneho, Togo 1975&#8221;<\/p>\n","protected":false},"excerpt":{"rendered":"<p>Psychiatrie in An\u00e9ho. Eine Person sitzt auf einer Steintreppe und tr\u00e4gt ein Tuch \u00fcber dem Kopf und den Schultern. Im Hintergrund zwei Silhouetten hinter einem Gitterfenster. R\u00fcckseitenbeschriftung: &#8220;Aneho, Togo 1975&#8221;<\/p>\n","protected":false},"featured_media":747,"template":"","meta":[],"product_brand":[],"product_cat":[4451,17],"product_tag":[78,22,24,21,23,1344,80,939,1109,1110,1111,1112,1113,940,84,171,172,1849,43,44,1850,242,243,70,71,1350,105,107,878,879,880,881,93,92,94,91,95,882,883,3393,3394,106,108,1661,957,958],"class_list":{"0":"post-1299","1":"product","2":"type-product","3":"status-publish","4":"has-post-thumbnail","6":"product_cat-psychiatrische-doerfer","7":"product_cat-unkategorisiert","8":"product_tag-1970er-jahre","9":"product_tag-20-jahrhundert-nach-chr","10":"product_tag-20-jh-n-chr","11":"product_tag-20-jahrhundert","12":"product_tag-20-jh","13":"product_tag-7-1_psychiatrische-doerfer","14":"product_tag-70er","15":"product_tag-afrika","16":"product_tag-afrikanisch","17":"product_tag-afrikanische","18":"product_tag-afrikanischen","19":"product_tag-afrikanischer","20":"product_tag-afrikanisches","21":"product_tag-afrikas","22":"product_tag-ausland","23":"product_tag-aussenaufnahme","24":"product_tag-aussenaufnahmen","25":"product_tag-fenstergitter","26":"product_tag-fotografin","27":"product_tag-fotografinnen","28":"product_tag-gitterfenster","29":"product_tag-kopftuch","30":"product_tag-kopftuecher","31":"product_tag-photographin","32":"product_tag-photographinnen","33":"product_tag-psychiatrie","34":"product_tag-s-w-fotografie","35":"product_tag-s-w-photographie","36":"product_tag-schattenfigur","37":"product_tag-schattenfiguren","38":"product_tag-schattenriss","39":"product_tag-schattenrisse","40":"product_tag-schwarzweissphotographie","41":"product_tag-schwarz-weiss-fotografie","42":"product_tag-schwarz-weiss-photographie","43":"product_tag-schwarzweissfotografie","44":"product_tag-siebziger","45":"product_tag-silhouette","46":"product_tag-silhouetten","47":"product_tag-steintreppe","48":"product_tag-steintreppen","49":"product_tag-sw-fotografie","50":"product_tag-sw-photographie","51":"product_tag-togo","52":"product_tag-westafrika","53":"product_tag-westafrikas","55":"first","56":"instock","57":"shipping-taxable","58":"product-type-simple"},"yoast_head":"<!-- This site is optimized with the Yoast SEO plugin v27.3 - https:\/\/yoast.com\/product\/yoast-seo-wordpress\/ -->\n<title>Psychiatrie in An\u00e9ho - Leonore Mau<\/title>\n<meta name=\"robots\" content=\"index, follow, max-snippet:-1, max-image-preview:large, max-video-preview:-1\" \/>\n<link rel=\"canonical\" href=\"https:\/\/leonore-mau.de\/produkt\/psychiatrie-in-anho\/\" \/>\n<meta property=\"og:locale\" content=\"en_US\" \/>\n<meta property=\"og:type\" content=\"article\" \/>\n<meta property=\"og:title\" content=\"Psychiatrie in An\u00e9ho - Leonore Mau\" \/>\n<meta property=\"og:description\" content=\"Psychiatrie in An\u00e9ho. Eine Person sitzt auf einer Steintreppe und tr\u00e4gt ein Tuch \u00fcber dem Kopf und den Schultern. Im Hintergrund zwei Silhouetten hinter einem Gitterfenster. R\u00fcckseitenbeschriftung: &#8220;Aneho, Togo 1975&#8221;\" \/>\n<meta property=\"og:url\" content=\"https:\/\/leonore-mau.de\/produkt\/psychiatrie-in-anho\/\" \/>\n<meta property=\"og:site_name\" content=\"Leonore Mau\" \/>\n<meta property=\"article:modified_time\" content=\"2022-09-13T21:13:05+00:00\" \/>\n<meta property=\"og:image\" content=\"https:\/\/leonore-mau.de\/wp-content\/uploads\/2022\/07\/70688502.jpg\" \/>\n\t<meta property=\"og:image:width\" content=\"811\" \/>\n\t<meta property=\"og:image:height\" content=\"1200\" \/>\n\t<meta property=\"og:image:type\" content=\"image\/jpeg\" \/>\n<meta name=\"twitter:card\" content=\"summary_large_image\" \/>\n<script type=\"application\/ld+json\" class=\"yoast-schema-graph\">{\"@context\":\"https:\\\/\\\/schema.org\",\"@graph\":[{\"@type\":\"WebPage\",\"@id\":\"https:\\\/\\\/leonore-mau.de\\\/produkt\\\/psychiatrie-in-anho\\\/\",\"url\":\"https:\\\/\\\/leonore-mau.de\\\/produkt\\\/psychiatrie-in-anho\\\/\",\"name\":\"Psychiatrie in An\u00e9ho - Leonore Mau\",\"isPartOf\":{\"@id\":\"https:\\\/\\\/leonore-mau.de\\\/#website\"},\"primaryImageOfPage\":{\"@id\":\"https:\\\/\\\/leonore-mau.de\\\/produkt\\\/psychiatrie-in-anho\\\/#primaryimage\"},\"image\":{\"@id\":\"https:\\\/\\\/leonore-mau.de\\\/produkt\\\/psychiatrie-in-anho\\\/#primaryimage\"},\"thumbnailUrl\":\"https:\\\/\\\/leonore-mau.de\\\/wp-content\\\/uploads\\\/2022\\\/07\\\/70688502.jpg\",\"datePublished\":\"2022-07-11T13:17:09+00:00\",\"dateModified\":\"2022-09-13T21:13:05+00:00\",\"breadcrumb\":{\"@id\":\"https:\\\/\\\/leonore-mau.de\\\/produkt\\\/psychiatrie-in-anho\\\/#breadcrumb\"},\"inLanguage\":\"en-US\",\"potentialAction\":[{\"@type\":\"ReadAction\",\"target\":[\"https:\\\/\\\/leonore-mau.de\\\/produkt\\\/psychiatrie-in-anho\\\/\"]}]},{\"@type\":\"ImageObject\",\"inLanguage\":\"en-US\",\"@id\":\"https:\\\/\\\/leonore-mau.de\\\/produkt\\\/psychiatrie-in-anho\\\/#primaryimage\",\"url\":\"https:\\\/\\\/leonore-mau.de\\\/wp-content\\\/uploads\\\/2022\\\/07\\\/70688502.jpg\",\"contentUrl\":\"https:\\\/\\\/leonore-mau.de\\\/wp-content\\\/uploads\\\/2022\\\/07\\\/70688502.jpg\",\"width\":811,\"height\":1200,\"caption\":\"Psychiatrie in An\u00e9ho. Eine Person sitzt auf einer Steintreppe und tr\u00e4gt ein Tuch \u00fcber dem Kopf und den Schultern. Im Hintergrund zwei Silhouetten hinter einem Gitterfenster. R\u00fcckseitenbeschriftung: \\\"Aneho, Togo 1975\\\" Aufnahmedatum: 1978 Material\\\/Technik: Foto \\\/ Silbergelatine auf PE-Papier Bildformat (Foto): 30,0 x 40,5 cm Aufnahmeort: An\u00e9ho \\\/ Togo Inventar-Nr.: LM-505056\"},{\"@type\":\"BreadcrumbList\",\"@id\":\"https:\\\/\\\/leonore-mau.de\\\/produkt\\\/psychiatrie-in-anho\\\/#breadcrumb\",\"itemListElement\":[{\"@type\":\"ListItem\",\"position\":1,\"name\":\"Startseite\",\"item\":\"https:\\\/\\\/leonore-mau.de\\\/en\\\/\"},{\"@type\":\"ListItem\",\"position\":2,\"name\":\"Shop\",\"item\":\"https:\\\/\\\/leonore-mau.de\\\/en\\\/shop-2\\\/\"},{\"@type\":\"ListItem\",\"position\":3,\"name\":\"Psychiatrie in An\u00e9ho\"}]},{\"@type\":\"WebSite\",\"@id\":\"https:\\\/\\\/leonore-mau.de\\\/#website\",\"url\":\"https:\\\/\\\/leonore-mau.de\\\/\",\"name\":\"Leonore Mau\",\"description\":\"Fotografin\",\"potentialAction\":[{\"@type\":\"SearchAction\",\"target\":{\"@type\":\"EntryPoint\",\"urlTemplate\":\"https:\\\/\\\/leonore-mau.de\\\/?s={search_term_string}\"},\"query-input\":{\"@type\":\"PropertyValueSpecification\",\"valueRequired\":true,\"valueName\":\"search_term_string\"}}],\"inLanguage\":\"en-US\"}]}<\/script>\n<!-- \/ Yoast SEO plugin. -->","yoast_head_json":{"title":"Psychiatrie in An\u00e9ho - Leonore Mau","robots":{"index":"index","follow":"follow","max-snippet":"max-snippet:-1","max-image-preview":"max-image-preview:large","max-video-preview":"max-video-preview:-1"},"canonical":"https:\/\/leonore-mau.de\/produkt\/psychiatrie-in-anho\/","og_locale":"en_US","og_type":"article","og_title":"Psychiatrie in An\u00e9ho - Leonore Mau","og_description":"Psychiatrie in An\u00e9ho. Eine Person sitzt auf einer Steintreppe und tr\u00e4gt ein Tuch \u00fcber dem Kopf und den Schultern. Im Hintergrund zwei Silhouetten hinter einem Gitterfenster. R\u00fcckseitenbeschriftung: &#8220;Aneho, Togo 1975&#8221;","og_url":"https:\/\/leonore-mau.de\/produkt\/psychiatrie-in-anho\/","og_site_name":"Leonore Mau","article_modified_time":"2022-09-13T21:13:05+00:00","og_image":[{"width":811,"height":1200,"url":"https:\/\/leonore-mau.de\/wp-content\/uploads\/2022\/07\/70688502.jpg","type":"image\/jpeg"}],"twitter_card":"summary_large_image","schema":{"@context":"https:\/\/schema.org","@graph":[{"@type":"WebPage","@id":"https:\/\/leonore-mau.de\/produkt\/psychiatrie-in-anho\/","url":"https:\/\/leonore-mau.de\/produkt\/psychiatrie-in-anho\/","name":"Psychiatrie in An\u00e9ho - Leonore Mau","isPartOf":{"@id":"https:\/\/leonore-mau.de\/#website"},"primaryImageOfPage":{"@id":"https:\/\/leonore-mau.de\/produkt\/psychiatrie-in-anho\/#primaryimage"},"image":{"@id":"https:\/\/leonore-mau.de\/produkt\/psychiatrie-in-anho\/#primaryimage"},"thumbnailUrl":"https:\/\/leonore-mau.de\/wp-content\/uploads\/2022\/07\/70688502.jpg","datePublished":"2022-07-11T13:17:09+00:00","dateModified":"2022-09-13T21:13:05+00:00","breadcrumb":{"@id":"https:\/\/leonore-mau.de\/produkt\/psychiatrie-in-anho\/#breadcrumb"},"inLanguage":"en-US","potentialAction":[{"@type":"ReadAction","target":["https:\/\/leonore-mau.de\/produkt\/psychiatrie-in-anho\/"]}]},{"@type":"ImageObject","inLanguage":"en-US","@id":"https:\/\/leonore-mau.de\/produkt\/psychiatrie-in-anho\/#primaryimage","url":"https:\/\/leonore-mau.de\/wp-content\/uploads\/2022\/07\/70688502.jpg","contentUrl":"https:\/\/leonore-mau.de\/wp-content\/uploads\/2022\/07\/70688502.jpg","width":811,"height":1200,"caption":"Psychiatrie in An\u00e9ho. Eine Person sitzt auf einer Steintreppe und tr\u00e4gt ein Tuch \u00fcber dem Kopf und den Schultern. Im Hintergrund zwei Silhouetten hinter einem Gitterfenster. R\u00fcckseitenbeschriftung: \"Aneho, Togo 1975\" Aufnahmedatum: 1978 Material\/Technik: Foto \/ Silbergelatine auf PE-Papier Bildformat (Foto): 30,0 x 40,5 cm Aufnahmeort: An\u00e9ho \/ Togo Inventar-Nr.: LM-505056"},{"@type":"BreadcrumbList","@id":"https:\/\/leonore-mau.de\/produkt\/psychiatrie-in-anho\/#breadcrumb","itemListElement":[{"@type":"ListItem","position":1,"name":"Startseite","item":"https:\/\/leonore-mau.de\/en\/"},{"@type":"ListItem","position":2,"name":"Shop","item":"https:\/\/leonore-mau.de\/en\/shop-2\/"},{"@type":"ListItem","position":3,"name":"Psychiatrie in An\u00e9ho"}]},{"@type":"WebSite","@id":"https:\/\/leonore-mau.de\/#website","url":"https:\/\/leonore-mau.de\/","name":"Leonore Mau","description":"Fotografin","potentialAction":[{"@type":"SearchAction","target":{"@type":"EntryPoint","urlTemplate":"https:\/\/leonore-mau.de\/?s={search_term_string}"},"query-input":{"@type":"PropertyValueSpecification","valueRequired":true,"valueName":"search_term_string"}}],"inLanguage":"en-US"}]}},"_links":{"self":[{"href":"https:\/\/leonore-mau.de\/en\/wp-json\/wp\/v2\/product\/1299","targetHints":{"allow":["GET"]}}],"collection":[{"href":"https:\/\/leonore-mau.de\/en\/wp-json\/wp\/v2\/product"}],"about":[{"href":"https:\/\/leonore-mau.de\/en\/wp-json\/wp\/v2\/types\/product"}],"wp:featuredmedia":[{"embeddable":true,"href":"https:\/\/leonore-mau.de\/en\/wp-json\/wp\/v2\/media\/747"}],"wp:attachment":[{"href":"https:\/\/leonore-mau.de\/en\/wp-json\/wp\/v2\/media?parent=1299"}],"wp:term":[{"taxonomy":"product_brand","embeddable":true,"href":"https:\/\/leonore-mau.de\/en\/wp-json\/wp\/v2\/product_brand?post=1299"},{"taxonomy":"product_cat","embeddable":true,"href":"https:\/\/leonore-mau.de\/en\/wp-json\/wp\/v2\/product_cat?post=1299"},{"taxonomy":"product_tag","embeddable":true,"href":"https:\/\/leonore-mau.de\/en\/wp-json\/wp\/v2\/product_tag?post=1299"}],"curies":[{"name":"wp","href":"https:\/\/api.w.org\/{rel}","templated":true}]}}