{"id":1303,"date":"2022-07-11T15:17:09","date_gmt":"2022-07-11T13:17:09","guid":{"rendered":"https:\/\/leonore-mau.de\/produkt\/ohne-titel-do-not-enter\/"},"modified":"2022-09-13T23:13:06","modified_gmt":"2022-09-13T21:13:06","slug":"ohne-titel-do-not-enter","status":"publish","type":"product","link":"https:\/\/leonore-mau.de\/en\/produkt\/ohne-titel-do-not-enter\/","title":{"rendered":"Ohne Titel (DO NOT ENTER)"},"content":{"rendered":"<p>Stra\u00dfenecke mit Schild &#8220;DO NOT ENTER&#8221;. Ein Mann l\u00e4uft auf der Stra\u00dfe, auf die sich das Schild bezieht. Neben dem Schild eine \u00e4ltere Dame mit Handtasche und Strandstuhl unter dem Arm. R\u00fcckseitenbeschriftung: &#8220;South Miami Beach&#8221;<\/p>\n","protected":false},"excerpt":{"rendered":"<p>Stra\u00dfenecke mit Schild &#8220;DO NOT ENTER&#8221;. Ein Mann l\u00e4uft auf der Stra\u00dfe, auf die sich das Schild bezieht. Neben dem Schild eine \u00e4ltere Dame mit Handtasche und Strandstuhl unter dem Arm. R\u00fcckseitenbeschriftung: &#8220;South Miami Beach&#8221;<\/p>\n","protected":false},"featured_media":751,"template":"","meta":[],"product_brand":[],"product_cat":[4455,17],"product_tag":[78,22,24,21,23,387,80,84,171,172,43,44,160,165,166,2153,2154,2726,2727,161,162,167,168,70,71,105,107,2879,2880,93,92,94,91,95,3397,97,99,889,890,106,108,417],"class_list":{"0":"post-1303","1":"product","2":"type-product","3":"status-publish","4":"has-post-thumbnail","6":"product_cat-plakate-und-schriften","7":"product_cat-unkategorisiert","8":"product_tag-1970er-jahre","9":"product_tag-20-jahrhundert-nach-chr","10":"product_tag-20-jh-n-chr","11":"product_tag-20-jahrhundert","12":"product_tag-20-jh","13":"product_tag-7-3_plakate-und-schriften","14":"product_tag-70er","15":"product_tag-ausland","16":"product_tag-aussenaufnahme","17":"product_tag-aussenaufnahmen","18":"product_tag-fotografin","19":"product_tag-fotografinnen","20":"product_tag-fussgaenger","21":"product_tag-fussgaengerin","22":"product_tag-fussgaengerinnen","23":"product_tag-handtasche","24":"product_tag-handtaschen","25":"product_tag-klappstuhl","26":"product_tag-klappstuehle","27":"product_tag-passant","28":"product_tag-passanten","29":"product_tag-passantin","30":"product_tag-passantinnen","31":"product_tag-photographin","32":"product_tag-photographinnen","33":"product_tag-s-w-fotografie","34":"product_tag-s-w-photographie","35":"product_tag-schild","36":"product_tag-schilder","37":"product_tag-schwarzweissphotographie","38":"product_tag-schwarz-weiss-fotografie","39":"product_tag-schwarz-weiss-photographie","40":"product_tag-schwarzweissfotografie","41":"product_tag-siebziger","42":"product_tag-sonnenstuhl","43":"product_tag-strassenleben","44":"product_tag-strassenszene","45":"product_tag-strassenzug","46":"product_tag-strassenzuege","47":"product_tag-sw-fotografie","48":"product_tag-sw-photographie","49":"product_tag-usa","51":"first","52":"instock","53":"shipping-taxable","54":"product-type-simple"},"yoast_head":"<!-- This site is optimized with the Yoast SEO plugin v27.4 - https:\/\/yoast.com\/product\/yoast-seo-wordpress\/ -->\n<title>Ohne Titel (DO NOT ENTER) - Leonore Mau<\/title>\n<meta name=\"robots\" content=\"index, follow, max-snippet:-1, max-image-preview:large, max-video-preview:-1\" \/>\n<link rel=\"canonical\" href=\"https:\/\/leonore-mau.de\/produkt\/ohne-titel-do-not-enter\/\" \/>\n<meta property=\"og:locale\" content=\"en_US\" \/>\n<meta property=\"og:type\" content=\"article\" \/>\n<meta property=\"og:title\" content=\"Ohne Titel (DO NOT ENTER) - Leonore Mau\" \/>\n<meta property=\"og:description\" content=\"Stra\u00dfenecke mit Schild &#8220;DO NOT ENTER&#8221;. Ein Mann l\u00e4uft auf der Stra\u00dfe, auf die sich das Schild bezieht. Neben dem Schild eine \u00e4ltere Dame mit Handtasche und Strandstuhl unter dem Arm. R\u00fcckseitenbeschriftung: &#8220;South Miami Beach&#8221;\" \/>\n<meta property=\"og:url\" content=\"https:\/\/leonore-mau.de\/produkt\/ohne-titel-do-not-enter\/\" \/>\n<meta property=\"og:site_name\" content=\"Leonore Mau\" \/>\n<meta property=\"article:modified_time\" content=\"2022-09-13T21:13:06+00:00\" \/>\n<meta property=\"og:image\" content=\"https:\/\/leonore-mau.de\/wp-content\/uploads\/2022\/07\/70688517.jpg\" \/>\n\t<meta property=\"og:image:width\" content=\"826\" \/>\n\t<meta property=\"og:image:height\" content=\"1200\" \/>\n\t<meta property=\"og:image:type\" content=\"image\/jpeg\" \/>\n<meta name=\"twitter:card\" content=\"summary_large_image\" \/>\n<script type=\"application\/ld+json\" class=\"yoast-schema-graph\">{\"@context\":\"https:\\\/\\\/schema.org\",\"@graph\":[{\"@type\":\"WebPage\",\"@id\":\"https:\\\/\\\/leonore-mau.de\\\/produkt\\\/ohne-titel-do-not-enter\\\/\",\"url\":\"https:\\\/\\\/leonore-mau.de\\\/produkt\\\/ohne-titel-do-not-enter\\\/\",\"name\":\"Ohne Titel (DO NOT ENTER) - Leonore Mau\",\"isPartOf\":{\"@id\":\"https:\\\/\\\/leonore-mau.de\\\/#website\"},\"primaryImageOfPage\":{\"@id\":\"https:\\\/\\\/leonore-mau.de\\\/produkt\\\/ohne-titel-do-not-enter\\\/#primaryimage\"},\"image\":{\"@id\":\"https:\\\/\\\/leonore-mau.de\\\/produkt\\\/ohne-titel-do-not-enter\\\/#primaryimage\"},\"thumbnailUrl\":\"https:\\\/\\\/leonore-mau.de\\\/wp-content\\\/uploads\\\/2022\\\/07\\\/70688517.jpg\",\"datePublished\":\"2022-07-11T13:17:09+00:00\",\"dateModified\":\"2022-09-13T21:13:06+00:00\",\"breadcrumb\":{\"@id\":\"https:\\\/\\\/leonore-mau.de\\\/produkt\\\/ohne-titel-do-not-enter\\\/#breadcrumb\"},\"inLanguage\":\"en-US\",\"potentialAction\":[{\"@type\":\"ReadAction\",\"target\":[\"https:\\\/\\\/leonore-mau.de\\\/produkt\\\/ohne-titel-do-not-enter\\\/\"]}]},{\"@type\":\"ImageObject\",\"inLanguage\":\"en-US\",\"@id\":\"https:\\\/\\\/leonore-mau.de\\\/produkt\\\/ohne-titel-do-not-enter\\\/#primaryimage\",\"url\":\"https:\\\/\\\/leonore-mau.de\\\/wp-content\\\/uploads\\\/2022\\\/07\\\/70688517.jpg\",\"contentUrl\":\"https:\\\/\\\/leonore-mau.de\\\/wp-content\\\/uploads\\\/2022\\\/07\\\/70688517.jpg\",\"width\":826,\"height\":1200,\"caption\":\"Stra\u00dfenecke mit Schild \\\"DO NOT ENTER\\\". Ein Mann l\u00e4uft auf der Stra\u00dfe, auf die sich das Schild bezieht. Neben dem Schild eine \u00e4ltere Dame mit Handtasche und Strandstuhl unter dem Arm. R\u00fcckseitenbeschriftung: \\\"South Miami Beach\\\" Aufnahmedatum: 1977 - 1978 Material\\\/Technik: Foto \\\/ Silbergelatine auf PE-Papier Bildformat (Foto): 20,5 x 30,3 cm Aufnahmeort: Miami Inventar-Nr.: LM-501306\"},{\"@type\":\"BreadcrumbList\",\"@id\":\"https:\\\/\\\/leonore-mau.de\\\/produkt\\\/ohne-titel-do-not-enter\\\/#breadcrumb\",\"itemListElement\":[{\"@type\":\"ListItem\",\"position\":1,\"name\":\"Startseite\",\"item\":\"https:\\\/\\\/leonore-mau.de\\\/en\\\/\"},{\"@type\":\"ListItem\",\"position\":2,\"name\":\"Shop\",\"item\":\"https:\\\/\\\/leonore-mau.de\\\/en\\\/shop-2\\\/\"},{\"@type\":\"ListItem\",\"position\":3,\"name\":\"Ohne Titel (DO NOT ENTER)\"}]},{\"@type\":\"WebSite\",\"@id\":\"https:\\\/\\\/leonore-mau.de\\\/#website\",\"url\":\"https:\\\/\\\/leonore-mau.de\\\/\",\"name\":\"Leonore Mau\",\"description\":\"Fotografin\",\"potentialAction\":[{\"@type\":\"SearchAction\",\"target\":{\"@type\":\"EntryPoint\",\"urlTemplate\":\"https:\\\/\\\/leonore-mau.de\\\/?s={search_term_string}\"},\"query-input\":{\"@type\":\"PropertyValueSpecification\",\"valueRequired\":true,\"valueName\":\"search_term_string\"}}],\"inLanguage\":\"en-US\"}]}<\/script>\n<!-- \/ Yoast SEO plugin. -->","yoast_head_json":{"title":"Ohne Titel (DO NOT ENTER) - Leonore Mau","robots":{"index":"index","follow":"follow","max-snippet":"max-snippet:-1","max-image-preview":"max-image-preview:large","max-video-preview":"max-video-preview:-1"},"canonical":"https:\/\/leonore-mau.de\/produkt\/ohne-titel-do-not-enter\/","og_locale":"en_US","og_type":"article","og_title":"Ohne Titel (DO NOT ENTER) - Leonore Mau","og_description":"Stra\u00dfenecke mit Schild &#8220;DO NOT ENTER&#8221;. Ein Mann l\u00e4uft auf der Stra\u00dfe, auf die sich das Schild bezieht. Neben dem Schild eine \u00e4ltere Dame mit Handtasche und Strandstuhl unter dem Arm. R\u00fcckseitenbeschriftung: &#8220;South Miami Beach&#8221;","og_url":"https:\/\/leonore-mau.de\/produkt\/ohne-titel-do-not-enter\/","og_site_name":"Leonore Mau","article_modified_time":"2022-09-13T21:13:06+00:00","og_image":[{"width":826,"height":1200,"url":"https:\/\/leonore-mau.de\/wp-content\/uploads\/2022\/07\/70688517.jpg","type":"image\/jpeg"}],"twitter_card":"summary_large_image","schema":{"@context":"https:\/\/schema.org","@graph":[{"@type":"WebPage","@id":"https:\/\/leonore-mau.de\/produkt\/ohne-titel-do-not-enter\/","url":"https:\/\/leonore-mau.de\/produkt\/ohne-titel-do-not-enter\/","name":"Ohne Titel (DO NOT ENTER) - Leonore Mau","isPartOf":{"@id":"https:\/\/leonore-mau.de\/#website"},"primaryImageOfPage":{"@id":"https:\/\/leonore-mau.de\/produkt\/ohne-titel-do-not-enter\/#primaryimage"},"image":{"@id":"https:\/\/leonore-mau.de\/produkt\/ohne-titel-do-not-enter\/#primaryimage"},"thumbnailUrl":"https:\/\/leonore-mau.de\/wp-content\/uploads\/2022\/07\/70688517.jpg","datePublished":"2022-07-11T13:17:09+00:00","dateModified":"2022-09-13T21:13:06+00:00","breadcrumb":{"@id":"https:\/\/leonore-mau.de\/produkt\/ohne-titel-do-not-enter\/#breadcrumb"},"inLanguage":"en-US","potentialAction":[{"@type":"ReadAction","target":["https:\/\/leonore-mau.de\/produkt\/ohne-titel-do-not-enter\/"]}]},{"@type":"ImageObject","inLanguage":"en-US","@id":"https:\/\/leonore-mau.de\/produkt\/ohne-titel-do-not-enter\/#primaryimage","url":"https:\/\/leonore-mau.de\/wp-content\/uploads\/2022\/07\/70688517.jpg","contentUrl":"https:\/\/leonore-mau.de\/wp-content\/uploads\/2022\/07\/70688517.jpg","width":826,"height":1200,"caption":"Stra\u00dfenecke mit Schild \"DO NOT ENTER\". Ein Mann l\u00e4uft auf der Stra\u00dfe, auf die sich das Schild bezieht. Neben dem Schild eine \u00e4ltere Dame mit Handtasche und Strandstuhl unter dem Arm. R\u00fcckseitenbeschriftung: \"South Miami Beach\" Aufnahmedatum: 1977 - 1978 Material\/Technik: Foto \/ Silbergelatine auf PE-Papier Bildformat (Foto): 20,5 x 30,3 cm Aufnahmeort: Miami Inventar-Nr.: LM-501306"},{"@type":"BreadcrumbList","@id":"https:\/\/leonore-mau.de\/produkt\/ohne-titel-do-not-enter\/#breadcrumb","itemListElement":[{"@type":"ListItem","position":1,"name":"Startseite","item":"https:\/\/leonore-mau.de\/en\/"},{"@type":"ListItem","position":2,"name":"Shop","item":"https:\/\/leonore-mau.de\/en\/shop-2\/"},{"@type":"ListItem","position":3,"name":"Ohne Titel (DO NOT ENTER)"}]},{"@type":"WebSite","@id":"https:\/\/leonore-mau.de\/#website","url":"https:\/\/leonore-mau.de\/","name":"Leonore Mau","description":"Fotografin","potentialAction":[{"@type":"SearchAction","target":{"@type":"EntryPoint","urlTemplate":"https:\/\/leonore-mau.de\/?s={search_term_string}"},"query-input":{"@type":"PropertyValueSpecification","valueRequired":true,"valueName":"search_term_string"}}],"inLanguage":"en-US"}]}},"_links":{"self":[{"href":"https:\/\/leonore-mau.de\/en\/wp-json\/wp\/v2\/product\/1303","targetHints":{"allow":["GET"]}}],"collection":[{"href":"https:\/\/leonore-mau.de\/en\/wp-json\/wp\/v2\/product"}],"about":[{"href":"https:\/\/leonore-mau.de\/en\/wp-json\/wp\/v2\/types\/product"}],"wp:featuredmedia":[{"embeddable":true,"href":"https:\/\/leonore-mau.de\/en\/wp-json\/wp\/v2\/media\/751"}],"wp:attachment":[{"href":"https:\/\/leonore-mau.de\/en\/wp-json\/wp\/v2\/media?parent=1303"}],"wp:term":[{"taxonomy":"product_brand","embeddable":true,"href":"https:\/\/leonore-mau.de\/en\/wp-json\/wp\/v2\/product_brand?post=1303"},{"taxonomy":"product_cat","embeddable":true,"href":"https:\/\/leonore-mau.de\/en\/wp-json\/wp\/v2\/product_cat?post=1303"},{"taxonomy":"product_tag","embeddable":true,"href":"https:\/\/leonore-mau.de\/en\/wp-json\/wp\/v2\/product_tag?post=1303"}],"curies":[{"name":"wp","href":"https:\/\/api.w.org\/{rel}","templated":true}]}}