{"id":1305,"date":"2022-07-11T15:17:09","date_gmt":"2022-07-11T13:17:09","guid":{"rendered":"https:\/\/leonore-mau.de\/produkt\/ohne-titel-straenszene-in-port-au-prince\/"},"modified":"2022-09-13T23:13:07","modified_gmt":"2022-09-13T21:13:07","slug":"ohne-titel-straenszene-in-port-au-prince","status":"publish","type":"product","link":"https:\/\/leonore-mau.de\/en\/produkt\/ohne-titel-straenszene-in-port-au-prince\/","title":{"rendered":"Ohne Titel (Stra\u00dfenszene in Port-au-Prince)"},"content":{"rendered":"<p>Stra\u00dfenszene in Port-au-Prince. Mann zieht Karren auf der Stra\u00dfe. Auf der Verkehrsinsel eine gro\u00dfe Werbetafel mit der Aufschrift &#8220;VIVE L&#8217;UNITE DE LA FAMILLE HAITIENNE DANS LE PROGRES ET LA PAIX&#8221; (Es lebe die Einheit der haitianischen Familie in Fortschritt und Frieden). R\u00fcckseitenbeschriftung: &#8220;Haiti 1 Jahr lang 1966 [sic!]&#8221;<\/p>\n","protected":false},"excerpt":{"rendered":"<p>Stra\u00dfenszene in Port-au-Prince. Mann zieht Karren auf der Stra\u00dfe. Auf der Verkehrsinsel eine gro\u00dfe Werbetafel mit der Aufschrift &#8220;VIVE L&#8217;UNITE DE LA FAMILLE HAITIENNE DANS LE PROGRES ET LA PAIX&#8221; (Es lebe die Einheit der haitianischen Familie in Fortschritt und Frieden). R\u00fcckseitenbeschriftung: &#8220;Haiti 1 Jahr lang 1966 [sic!]&#8221;<\/p>\n","protected":false},"featured_media":753,"template":"","meta":[],"product_brand":[],"product_cat":[4455,17],"product_tag":[78,22,24,21,23,387,80,84,171,172,115,116,117,118,119,3407,3408,3409,160,204,3410,3411,3412,206,3413,3414,161,162,401,402,403,3415,3416,105,107,2879,2880,90,93,92,94,91,95,97,99,106,108,496,497],"class_list":{"0":"post-1305","1":"product","2":"type-product","3":"status-publish","4":"has-post-thumbnail","6":"product_cat-plakate-und-schriften","7":"product_cat-unkategorisiert","8":"product_tag-1970er-jahre","9":"product_tag-20-jahrhundert-nach-chr","10":"product_tag-20-jh-n-chr","11":"product_tag-20-jahrhundert","12":"product_tag-20-jh","13":"product_tag-7-3_plakate-und-schriften","14":"product_tag-70er","15":"product_tag-ausland","16":"product_tag-aussenaufnahme","17":"product_tag-aussenaufnahmen","18":"product_tag-auto","19":"product_tag-automobil","20":"product_tag-automobile","21":"product_tag-automobils","22":"product_tag-autos","23":"product_tag-betonmischer","24":"product_tag-betonmischmaschine","25":"product_tag-betonmischmaschinen","26":"product_tag-fussgaenger","27":"product_tag-haiti","28":"product_tag-handkarre","29":"product_tag-handkarren","30":"product_tag-handwagen","31":"product_tag-karibik","32":"product_tag-karre","33":"product_tag-karren","34":"product_tag-passant","35":"product_tag-passanten","36":"product_tag-plakat","37":"product_tag-plakate","38":"product_tag-poster","39":"product_tag-reklameschild","40":"product_tag-reklameschilder","41":"product_tag-s-w-fotografie","42":"product_tag-s-w-photographie","43":"product_tag-schild","44":"product_tag-schilder","45":"product_tag-schriftzug","46":"product_tag-schwarzweissphotographie","47":"product_tag-schwarz-weiss-fotografie","48":"product_tag-schwarz-weiss-photographie","49":"product_tag-schwarzweissfotografie","50":"product_tag-siebziger","51":"product_tag-strassenleben","52":"product_tag-strassenszene","53":"product_tag-sw-fotografie","54":"product_tag-sw-photographie","55":"product_tag-werbeplakat","56":"product_tag-werbeplakate","58":"first","59":"instock","60":"shipping-taxable","61":"product-type-simple"},"yoast_head":"<!-- This site is optimized with the Yoast SEO plugin v27.3 - https:\/\/yoast.com\/product\/yoast-seo-wordpress\/ -->\n<title>Ohne Titel (Stra\u00dfenszene in Port-au-Prince) - Leonore Mau<\/title>\n<meta name=\"robots\" content=\"index, follow, max-snippet:-1, max-image-preview:large, max-video-preview:-1\" \/>\n<link rel=\"canonical\" href=\"https:\/\/leonore-mau.de\/produkt\/ohne-titel-straenszene-in-port-au-prince\/\" \/>\n<meta property=\"og:locale\" content=\"en_US\" \/>\n<meta property=\"og:type\" content=\"article\" \/>\n<meta property=\"og:title\" content=\"Ohne Titel (Stra\u00dfenszene in Port-au-Prince) - Leonore Mau\" \/>\n<meta property=\"og:description\" content=\"Stra\u00dfenszene in Port-au-Prince. Mann zieht Karren auf der Stra\u00dfe. Auf der Verkehrsinsel eine gro\u00dfe Werbetafel mit der Aufschrift &#8220;VIVE L&#8217;UNITE DE LA FAMILLE HAITIENNE DANS LE PROGRES ET LA PAIX&#8221; (Es lebe die Einheit der haitianischen Familie in Fortschritt und Frieden). R\u00fcckseitenbeschriftung: &#8220;Haiti 1 Jahr lang 1966 [sic!]&#8221;\" \/>\n<meta property=\"og:url\" content=\"https:\/\/leonore-mau.de\/produkt\/ohne-titel-straenszene-in-port-au-prince\/\" \/>\n<meta property=\"og:site_name\" content=\"Leonore Mau\" \/>\n<meta property=\"article:modified_time\" content=\"2022-09-13T21:13:07+00:00\" \/>\n<meta property=\"og:image\" content=\"https:\/\/leonore-mau.de\/wp-content\/uploads\/2022\/07\/70688519.jpg\" \/>\n\t<meta property=\"og:image:width\" content=\"1200\" \/>\n\t<meta property=\"og:image:height\" content=\"941\" \/>\n\t<meta property=\"og:image:type\" content=\"image\/jpeg\" \/>\n<meta name=\"twitter:card\" content=\"summary_large_image\" \/>\n<script type=\"application\/ld+json\" class=\"yoast-schema-graph\">{\"@context\":\"https:\\\/\\\/schema.org\",\"@graph\":[{\"@type\":\"WebPage\",\"@id\":\"https:\\\/\\\/leonore-mau.de\\\/produkt\\\/ohne-titel-straenszene-in-port-au-prince\\\/\",\"url\":\"https:\\\/\\\/leonore-mau.de\\\/produkt\\\/ohne-titel-straenszene-in-port-au-prince\\\/\",\"name\":\"Ohne Titel (Stra\u00dfenszene in Port-au-Prince) - Leonore Mau\",\"isPartOf\":{\"@id\":\"https:\\\/\\\/leonore-mau.de\\\/#website\"},\"primaryImageOfPage\":{\"@id\":\"https:\\\/\\\/leonore-mau.de\\\/produkt\\\/ohne-titel-straenszene-in-port-au-prince\\\/#primaryimage\"},\"image\":{\"@id\":\"https:\\\/\\\/leonore-mau.de\\\/produkt\\\/ohne-titel-straenszene-in-port-au-prince\\\/#primaryimage\"},\"thumbnailUrl\":\"https:\\\/\\\/leonore-mau.de\\\/wp-content\\\/uploads\\\/2022\\\/07\\\/70688519.jpg\",\"datePublished\":\"2022-07-11T13:17:09+00:00\",\"dateModified\":\"2022-09-13T21:13:07+00:00\",\"breadcrumb\":{\"@id\":\"https:\\\/\\\/leonore-mau.de\\\/produkt\\\/ohne-titel-straenszene-in-port-au-prince\\\/#breadcrumb\"},\"inLanguage\":\"en-US\",\"potentialAction\":[{\"@type\":\"ReadAction\",\"target\":[\"https:\\\/\\\/leonore-mau.de\\\/produkt\\\/ohne-titel-straenszene-in-port-au-prince\\\/\"]}]},{\"@type\":\"ImageObject\",\"inLanguage\":\"en-US\",\"@id\":\"https:\\\/\\\/leonore-mau.de\\\/produkt\\\/ohne-titel-straenszene-in-port-au-prince\\\/#primaryimage\",\"url\":\"https:\\\/\\\/leonore-mau.de\\\/wp-content\\\/uploads\\\/2022\\\/07\\\/70688519.jpg\",\"contentUrl\":\"https:\\\/\\\/leonore-mau.de\\\/wp-content\\\/uploads\\\/2022\\\/07\\\/70688519.jpg\",\"width\":1200,\"height\":941,\"caption\":\"Stra\u00dfenszene in Port-au-Prince. Mann zieht Karren auf der Stra\u00dfe. Auf der Verkehrsinsel eine gro\u00dfe Werbetafel mit der Aufschrift \\\"VIVE L'UNITE DE LA FAMILLE HAITIENNE DANS LE PROGRES ET LA PAIX\\\" (Es lebe die Einheit der haitianischen Familie in Fortschritt und Frieden). R\u00fcckseitenbeschriftung: \\\"Haiti 1 Jahr lang 1966 [sic!]\\\" Aufnahmedatum: 1977 Material\\\/Technik: Foto \\\/ Silbergelantine auf PE-Papier Bildformat (Foto): 23,1 x 29,5 cm Aufnahmeort: Port-au-Prince Inventar-Nr.: LM-504708\"},{\"@type\":\"BreadcrumbList\",\"@id\":\"https:\\\/\\\/leonore-mau.de\\\/produkt\\\/ohne-titel-straenszene-in-port-au-prince\\\/#breadcrumb\",\"itemListElement\":[{\"@type\":\"ListItem\",\"position\":1,\"name\":\"Startseite\",\"item\":\"https:\\\/\\\/leonore-mau.de\\\/en\\\/\"},{\"@type\":\"ListItem\",\"position\":2,\"name\":\"Shop\",\"item\":\"https:\\\/\\\/leonore-mau.de\\\/en\\\/shop-2\\\/\"},{\"@type\":\"ListItem\",\"position\":3,\"name\":\"Ohne Titel (Stra\u00dfenszene in Port-au-Prince)\"}]},{\"@type\":\"WebSite\",\"@id\":\"https:\\\/\\\/leonore-mau.de\\\/#website\",\"url\":\"https:\\\/\\\/leonore-mau.de\\\/\",\"name\":\"Leonore Mau\",\"description\":\"Fotografin\",\"potentialAction\":[{\"@type\":\"SearchAction\",\"target\":{\"@type\":\"EntryPoint\",\"urlTemplate\":\"https:\\\/\\\/leonore-mau.de\\\/?s={search_term_string}\"},\"query-input\":{\"@type\":\"PropertyValueSpecification\",\"valueRequired\":true,\"valueName\":\"search_term_string\"}}],\"inLanguage\":\"en-US\"}]}<\/script>\n<!-- \/ Yoast SEO plugin. -->","yoast_head_json":{"title":"Ohne Titel (Stra\u00dfenszene in Port-au-Prince) - Leonore Mau","robots":{"index":"index","follow":"follow","max-snippet":"max-snippet:-1","max-image-preview":"max-image-preview:large","max-video-preview":"max-video-preview:-1"},"canonical":"https:\/\/leonore-mau.de\/produkt\/ohne-titel-straenszene-in-port-au-prince\/","og_locale":"en_US","og_type":"article","og_title":"Ohne Titel (Stra\u00dfenszene in Port-au-Prince) - Leonore Mau","og_description":"Stra\u00dfenszene in Port-au-Prince. Mann zieht Karren auf der Stra\u00dfe. Auf der Verkehrsinsel eine gro\u00dfe Werbetafel mit der Aufschrift &#8220;VIVE L&#8217;UNITE DE LA FAMILLE HAITIENNE DANS LE PROGRES ET LA PAIX&#8221; (Es lebe die Einheit der haitianischen Familie in Fortschritt und Frieden). R\u00fcckseitenbeschriftung: &#8220;Haiti 1 Jahr lang 1966 [sic!]&#8221;","og_url":"https:\/\/leonore-mau.de\/produkt\/ohne-titel-straenszene-in-port-au-prince\/","og_site_name":"Leonore Mau","article_modified_time":"2022-09-13T21:13:07+00:00","og_image":[{"width":1200,"height":941,"url":"https:\/\/leonore-mau.de\/wp-content\/uploads\/2022\/07\/70688519.jpg","type":"image\/jpeg"}],"twitter_card":"summary_large_image","schema":{"@context":"https:\/\/schema.org","@graph":[{"@type":"WebPage","@id":"https:\/\/leonore-mau.de\/produkt\/ohne-titel-straenszene-in-port-au-prince\/","url":"https:\/\/leonore-mau.de\/produkt\/ohne-titel-straenszene-in-port-au-prince\/","name":"Ohne Titel (Stra\u00dfenszene in Port-au-Prince) - Leonore Mau","isPartOf":{"@id":"https:\/\/leonore-mau.de\/#website"},"primaryImageOfPage":{"@id":"https:\/\/leonore-mau.de\/produkt\/ohne-titel-straenszene-in-port-au-prince\/#primaryimage"},"image":{"@id":"https:\/\/leonore-mau.de\/produkt\/ohne-titel-straenszene-in-port-au-prince\/#primaryimage"},"thumbnailUrl":"https:\/\/leonore-mau.de\/wp-content\/uploads\/2022\/07\/70688519.jpg","datePublished":"2022-07-11T13:17:09+00:00","dateModified":"2022-09-13T21:13:07+00:00","breadcrumb":{"@id":"https:\/\/leonore-mau.de\/produkt\/ohne-titel-straenszene-in-port-au-prince\/#breadcrumb"},"inLanguage":"en-US","potentialAction":[{"@type":"ReadAction","target":["https:\/\/leonore-mau.de\/produkt\/ohne-titel-straenszene-in-port-au-prince\/"]}]},{"@type":"ImageObject","inLanguage":"en-US","@id":"https:\/\/leonore-mau.de\/produkt\/ohne-titel-straenszene-in-port-au-prince\/#primaryimage","url":"https:\/\/leonore-mau.de\/wp-content\/uploads\/2022\/07\/70688519.jpg","contentUrl":"https:\/\/leonore-mau.de\/wp-content\/uploads\/2022\/07\/70688519.jpg","width":1200,"height":941,"caption":"Stra\u00dfenszene in Port-au-Prince. Mann zieht Karren auf der Stra\u00dfe. Auf der Verkehrsinsel eine gro\u00dfe Werbetafel mit der Aufschrift \"VIVE L'UNITE DE LA FAMILLE HAITIENNE DANS LE PROGRES ET LA PAIX\" (Es lebe die Einheit der haitianischen Familie in Fortschritt und Frieden). R\u00fcckseitenbeschriftung: \"Haiti 1 Jahr lang 1966 [sic!]\" Aufnahmedatum: 1977 Material\/Technik: Foto \/ Silbergelantine auf PE-Papier Bildformat (Foto): 23,1 x 29,5 cm Aufnahmeort: Port-au-Prince Inventar-Nr.: LM-504708"},{"@type":"BreadcrumbList","@id":"https:\/\/leonore-mau.de\/produkt\/ohne-titel-straenszene-in-port-au-prince\/#breadcrumb","itemListElement":[{"@type":"ListItem","position":1,"name":"Startseite","item":"https:\/\/leonore-mau.de\/en\/"},{"@type":"ListItem","position":2,"name":"Shop","item":"https:\/\/leonore-mau.de\/en\/shop-2\/"},{"@type":"ListItem","position":3,"name":"Ohne Titel (Stra\u00dfenszene in Port-au-Prince)"}]},{"@type":"WebSite","@id":"https:\/\/leonore-mau.de\/#website","url":"https:\/\/leonore-mau.de\/","name":"Leonore Mau","description":"Fotografin","potentialAction":[{"@type":"SearchAction","target":{"@type":"EntryPoint","urlTemplate":"https:\/\/leonore-mau.de\/?s={search_term_string}"},"query-input":{"@type":"PropertyValueSpecification","valueRequired":true,"valueName":"search_term_string"}}],"inLanguage":"en-US"}]}},"_links":{"self":[{"href":"https:\/\/leonore-mau.de\/en\/wp-json\/wp\/v2\/product\/1305","targetHints":{"allow":["GET"]}}],"collection":[{"href":"https:\/\/leonore-mau.de\/en\/wp-json\/wp\/v2\/product"}],"about":[{"href":"https:\/\/leonore-mau.de\/en\/wp-json\/wp\/v2\/types\/product"}],"wp:featuredmedia":[{"embeddable":true,"href":"https:\/\/leonore-mau.de\/en\/wp-json\/wp\/v2\/media\/753"}],"wp:attachment":[{"href":"https:\/\/leonore-mau.de\/en\/wp-json\/wp\/v2\/media?parent=1305"}],"wp:term":[{"taxonomy":"product_brand","embeddable":true,"href":"https:\/\/leonore-mau.de\/en\/wp-json\/wp\/v2\/product_brand?post=1305"},{"taxonomy":"product_cat","embeddable":true,"href":"https:\/\/leonore-mau.de\/en\/wp-json\/wp\/v2\/product_cat?post=1305"},{"taxonomy":"product_tag","embeddable":true,"href":"https:\/\/leonore-mau.de\/en\/wp-json\/wp\/v2\/product_tag?post=1305"}],"curies":[{"name":"wp","href":"https:\/\/api.w.org\/{rel}","templated":true}]}}