{"id":1306,"date":"2022-07-11T15:17:09","date_gmt":"2022-07-11T13:17:09","guid":{"rendered":"https:\/\/leonore-mau.de\/produkt\/ohne-titel-wahlplakate-in-lissabon\/"},"modified":"2022-09-13T23:13:08","modified_gmt":"2022-09-13T21:13:08","slug":"ohne-titel-wahlplakate-in-lissabon","status":"publish","type":"product","link":"https:\/\/leonore-mau.de\/en\/produkt\/ohne-titel-wahlplakate-in-lissabon\/","title":{"rendered":"Ohne Titel (Wahlplakate in Lissabon)"},"content":{"rendered":"<p>Wahlplakate in Lissabon. Hier \u00fcber dem Eingang eines Kinos. Abgebildet ist Ant\u00f3nio Ramalho Eanes, erster demokratisch gew\u00e4hlter Pr\u00e4sident von Portugal.   R\u00fcckseitenbeschriftung: &#8220;Lissabon 1982&#8221; (LM-506253) &#8220;Portugal, Lissabon 1982&#8221; (LM-506286)<\/p>\n","protected":false},"excerpt":{"rendered":"<p>Wahlplakate in Lissabon. Hier \u00fcber dem Eingang eines Kinos. Abgebildet ist Ant\u00f3nio Ramalho Eanes, erster demokratisch gew\u00e4hlter Pr\u00e4sident von Portugal. R\u00fcckseitenbeschriftung: &#8220;Lissabon 1982&#8221; (LM-506253) &#8220;Portugal, Lissabon 1982&#8221; (LM-506286)<\/p>\n","protected":false},"featured_media":754,"template":"","meta":[],"product_brand":[],"product_cat":[4455,17],"product_tag":[22,24,21,23,387,84,171,172,3417,354,3418,3419,3420,3421,3422,486,401,402,1764,2647,2648,2649,2650,1765,658,403,105,107,90,93,92,94,91,97,99,106,108,3423,3424,3425],"class_list":{"0":"post-1306","1":"product","2":"type-product","3":"status-publish","4":"has-post-thumbnail","6":"product_cat-plakate-und-schriften","7":"product_cat-unkategorisiert","8":"product_tag-20-jahrhundert-nach-chr","9":"product_tag-20-jh-n-chr","10":"product_tag-20-jahrhundert","11":"product_tag-20-jh","12":"product_tag-7-3_plakate-und-schriften","13":"product_tag-ausland","14":"product_tag-aussenaufnahme","15":"product_tag-aussenaufnahmen","16":"product_tag-filmtheater","17":"product_tag-frau","18":"product_tag-kino","19":"product_tag-kinos","20":"product_tag-kinotheater","21":"product_tag-lichtspiele","22":"product_tag-lichtspieltheater","23":"product_tag-mann","24":"product_tag-plakat","25":"product_tag-plakate","26":"product_tag-politiker","27":"product_tag-politikerportrait","28":"product_tag-politikerportraits","29":"product_tag-politikerportraet","30":"product_tag-politikerportraets","31":"product_tag-politikers","32":"product_tag-portugal","33":"product_tag-poster","34":"product_tag-s-w-fotografie","35":"product_tag-s-w-photographie","36":"product_tag-schriftzug","37":"product_tag-schwarzweissphotographie","38":"product_tag-schwarz-weiss-fotografie","39":"product_tag-schwarz-weiss-photographie","40":"product_tag-schwarzweissfotografie","41":"product_tag-strassenleben","42":"product_tag-strassenszene","43":"product_tag-sw-fotografie","44":"product_tag-sw-photographie","45":"product_tag-wahlplakat","46":"product_tag-wahlplakate","47":"product_tag-wahlwerbung","49":"first","50":"instock","51":"shipping-taxable","52":"product-type-simple"},"yoast_head":"<!-- This site is optimized with the Yoast SEO plugin v27.3 - https:\/\/yoast.com\/product\/yoast-seo-wordpress\/ -->\n<title>Ohne Titel (Wahlplakate in Lissabon) - Leonore Mau<\/title>\n<meta name=\"robots\" content=\"index, follow, max-snippet:-1, max-image-preview:large, max-video-preview:-1\" \/>\n<link rel=\"canonical\" href=\"https:\/\/leonore-mau.de\/produkt\/ohne-titel-wahlplakate-in-lissabon\/\" \/>\n<meta property=\"og:locale\" content=\"en_US\" \/>\n<meta property=\"og:type\" content=\"article\" \/>\n<meta property=\"og:title\" content=\"Ohne Titel (Wahlplakate in Lissabon) - Leonore Mau\" \/>\n<meta property=\"og:description\" content=\"Wahlplakate in Lissabon. Hier \u00fcber dem Eingang eines Kinos. Abgebildet ist Ant\u00f3nio Ramalho Eanes, erster demokratisch gew\u00e4hlter Pr\u00e4sident von Portugal. R\u00fcckseitenbeschriftung: &#8220;Lissabon 1982&#8221; (LM-506253) &#8220;Portugal, Lissabon 1982&#8221; (LM-506286)\" \/>\n<meta property=\"og:url\" content=\"https:\/\/leonore-mau.de\/produkt\/ohne-titel-wahlplakate-in-lissabon\/\" \/>\n<meta property=\"og:site_name\" content=\"Leonore Mau\" \/>\n<meta property=\"article:modified_time\" content=\"2022-09-13T21:13:08+00:00\" \/>\n<meta property=\"og:image\" content=\"https:\/\/leonore-mau.de\/wp-content\/uploads\/2022\/07\/70688520.jpg\" \/>\n\t<meta property=\"og:image:width\" content=\"795\" \/>\n\t<meta property=\"og:image:height\" content=\"1200\" \/>\n\t<meta property=\"og:image:type\" content=\"image\/jpeg\" \/>\n<meta name=\"twitter:card\" content=\"summary_large_image\" \/>\n<script type=\"application\/ld+json\" class=\"yoast-schema-graph\">{\"@context\":\"https:\\\/\\\/schema.org\",\"@graph\":[{\"@type\":\"WebPage\",\"@id\":\"https:\\\/\\\/leonore-mau.de\\\/produkt\\\/ohne-titel-wahlplakate-in-lissabon\\\/\",\"url\":\"https:\\\/\\\/leonore-mau.de\\\/produkt\\\/ohne-titel-wahlplakate-in-lissabon\\\/\",\"name\":\"Ohne Titel (Wahlplakate in Lissabon) - Leonore Mau\",\"isPartOf\":{\"@id\":\"https:\\\/\\\/leonore-mau.de\\\/#website\"},\"primaryImageOfPage\":{\"@id\":\"https:\\\/\\\/leonore-mau.de\\\/produkt\\\/ohne-titel-wahlplakate-in-lissabon\\\/#primaryimage\"},\"image\":{\"@id\":\"https:\\\/\\\/leonore-mau.de\\\/produkt\\\/ohne-titel-wahlplakate-in-lissabon\\\/#primaryimage\"},\"thumbnailUrl\":\"https:\\\/\\\/leonore-mau.de\\\/wp-content\\\/uploads\\\/2022\\\/07\\\/70688520.jpg\",\"datePublished\":\"2022-07-11T13:17:09+00:00\",\"dateModified\":\"2022-09-13T21:13:08+00:00\",\"breadcrumb\":{\"@id\":\"https:\\\/\\\/leonore-mau.de\\\/produkt\\\/ohne-titel-wahlplakate-in-lissabon\\\/#breadcrumb\"},\"inLanguage\":\"en-US\",\"potentialAction\":[{\"@type\":\"ReadAction\",\"target\":[\"https:\\\/\\\/leonore-mau.de\\\/produkt\\\/ohne-titel-wahlplakate-in-lissabon\\\/\"]}]},{\"@type\":\"ImageObject\",\"inLanguage\":\"en-US\",\"@id\":\"https:\\\/\\\/leonore-mau.de\\\/produkt\\\/ohne-titel-wahlplakate-in-lissabon\\\/#primaryimage\",\"url\":\"https:\\\/\\\/leonore-mau.de\\\/wp-content\\\/uploads\\\/2022\\\/07\\\/70688520.jpg\",\"contentUrl\":\"https:\\\/\\\/leonore-mau.de\\\/wp-content\\\/uploads\\\/2022\\\/07\\\/70688520.jpg\",\"width\":795,\"height\":1200,\"caption\":\"Wahlplakate in Lissabon. Hier \u00fcber dem Eingang eines Kinos. Abgebildet ist Ant\u00f3nio Ramalho Eanes, erster demokratisch gew\u00e4hlter Pr\u00e4sident von Portugal. R\u00fcckseitenbeschriftung: \\\"Lissabon 1982\\\" (LM-506253) \\\"Portugal, Lissabon 1982\\\" (LM-506286) Aufnahmedatum: 1982 Material\\\/Technik: Foto \\\/ Silbergelatine auf PE-Papier Bildformat (Foto): 20,0 x 29,8 cm Aufnahmeort: Lissabon Inventar-Nr.: LM-506253\"},{\"@type\":\"BreadcrumbList\",\"@id\":\"https:\\\/\\\/leonore-mau.de\\\/produkt\\\/ohne-titel-wahlplakate-in-lissabon\\\/#breadcrumb\",\"itemListElement\":[{\"@type\":\"ListItem\",\"position\":1,\"name\":\"Startseite\",\"item\":\"https:\\\/\\\/leonore-mau.de\\\/en\\\/\"},{\"@type\":\"ListItem\",\"position\":2,\"name\":\"Shop\",\"item\":\"https:\\\/\\\/leonore-mau.de\\\/en\\\/shop-2\\\/\"},{\"@type\":\"ListItem\",\"position\":3,\"name\":\"Ohne Titel (Wahlplakate in Lissabon)\"}]},{\"@type\":\"WebSite\",\"@id\":\"https:\\\/\\\/leonore-mau.de\\\/#website\",\"url\":\"https:\\\/\\\/leonore-mau.de\\\/\",\"name\":\"Leonore Mau\",\"description\":\"Fotografin\",\"potentialAction\":[{\"@type\":\"SearchAction\",\"target\":{\"@type\":\"EntryPoint\",\"urlTemplate\":\"https:\\\/\\\/leonore-mau.de\\\/?s={search_term_string}\"},\"query-input\":{\"@type\":\"PropertyValueSpecification\",\"valueRequired\":true,\"valueName\":\"search_term_string\"}}],\"inLanguage\":\"en-US\"}]}<\/script>\n<!-- \/ Yoast SEO plugin. -->","yoast_head_json":{"title":"Ohne Titel (Wahlplakate in Lissabon) - Leonore Mau","robots":{"index":"index","follow":"follow","max-snippet":"max-snippet:-1","max-image-preview":"max-image-preview:large","max-video-preview":"max-video-preview:-1"},"canonical":"https:\/\/leonore-mau.de\/produkt\/ohne-titel-wahlplakate-in-lissabon\/","og_locale":"en_US","og_type":"article","og_title":"Ohne Titel (Wahlplakate in Lissabon) - Leonore Mau","og_description":"Wahlplakate in Lissabon. Hier \u00fcber dem Eingang eines Kinos. Abgebildet ist Ant\u00f3nio Ramalho Eanes, erster demokratisch gew\u00e4hlter Pr\u00e4sident von Portugal. R\u00fcckseitenbeschriftung: &#8220;Lissabon 1982&#8221; (LM-506253) &#8220;Portugal, Lissabon 1982&#8221; (LM-506286)","og_url":"https:\/\/leonore-mau.de\/produkt\/ohne-titel-wahlplakate-in-lissabon\/","og_site_name":"Leonore Mau","article_modified_time":"2022-09-13T21:13:08+00:00","og_image":[{"width":795,"height":1200,"url":"https:\/\/leonore-mau.de\/wp-content\/uploads\/2022\/07\/70688520.jpg","type":"image\/jpeg"}],"twitter_card":"summary_large_image","schema":{"@context":"https:\/\/schema.org","@graph":[{"@type":"WebPage","@id":"https:\/\/leonore-mau.de\/produkt\/ohne-titel-wahlplakate-in-lissabon\/","url":"https:\/\/leonore-mau.de\/produkt\/ohne-titel-wahlplakate-in-lissabon\/","name":"Ohne Titel (Wahlplakate in Lissabon) - Leonore Mau","isPartOf":{"@id":"https:\/\/leonore-mau.de\/#website"},"primaryImageOfPage":{"@id":"https:\/\/leonore-mau.de\/produkt\/ohne-titel-wahlplakate-in-lissabon\/#primaryimage"},"image":{"@id":"https:\/\/leonore-mau.de\/produkt\/ohne-titel-wahlplakate-in-lissabon\/#primaryimage"},"thumbnailUrl":"https:\/\/leonore-mau.de\/wp-content\/uploads\/2022\/07\/70688520.jpg","datePublished":"2022-07-11T13:17:09+00:00","dateModified":"2022-09-13T21:13:08+00:00","breadcrumb":{"@id":"https:\/\/leonore-mau.de\/produkt\/ohne-titel-wahlplakate-in-lissabon\/#breadcrumb"},"inLanguage":"en-US","potentialAction":[{"@type":"ReadAction","target":["https:\/\/leonore-mau.de\/produkt\/ohne-titel-wahlplakate-in-lissabon\/"]}]},{"@type":"ImageObject","inLanguage":"en-US","@id":"https:\/\/leonore-mau.de\/produkt\/ohne-titel-wahlplakate-in-lissabon\/#primaryimage","url":"https:\/\/leonore-mau.de\/wp-content\/uploads\/2022\/07\/70688520.jpg","contentUrl":"https:\/\/leonore-mau.de\/wp-content\/uploads\/2022\/07\/70688520.jpg","width":795,"height":1200,"caption":"Wahlplakate in Lissabon. Hier \u00fcber dem Eingang eines Kinos. Abgebildet ist Ant\u00f3nio Ramalho Eanes, erster demokratisch gew\u00e4hlter Pr\u00e4sident von Portugal. R\u00fcckseitenbeschriftung: \"Lissabon 1982\" (LM-506253) \"Portugal, Lissabon 1982\" (LM-506286) Aufnahmedatum: 1982 Material\/Technik: Foto \/ Silbergelatine auf PE-Papier Bildformat (Foto): 20,0 x 29,8 cm Aufnahmeort: Lissabon Inventar-Nr.: LM-506253"},{"@type":"BreadcrumbList","@id":"https:\/\/leonore-mau.de\/produkt\/ohne-titel-wahlplakate-in-lissabon\/#breadcrumb","itemListElement":[{"@type":"ListItem","position":1,"name":"Startseite","item":"https:\/\/leonore-mau.de\/en\/"},{"@type":"ListItem","position":2,"name":"Shop","item":"https:\/\/leonore-mau.de\/en\/shop-2\/"},{"@type":"ListItem","position":3,"name":"Ohne Titel (Wahlplakate in Lissabon)"}]},{"@type":"WebSite","@id":"https:\/\/leonore-mau.de\/#website","url":"https:\/\/leonore-mau.de\/","name":"Leonore Mau","description":"Fotografin","potentialAction":[{"@type":"SearchAction","target":{"@type":"EntryPoint","urlTemplate":"https:\/\/leonore-mau.de\/?s={search_term_string}"},"query-input":{"@type":"PropertyValueSpecification","valueRequired":true,"valueName":"search_term_string"}}],"inLanguage":"en-US"}]}},"_links":{"self":[{"href":"https:\/\/leonore-mau.de\/en\/wp-json\/wp\/v2\/product\/1306","targetHints":{"allow":["GET"]}}],"collection":[{"href":"https:\/\/leonore-mau.de\/en\/wp-json\/wp\/v2\/product"}],"about":[{"href":"https:\/\/leonore-mau.de\/en\/wp-json\/wp\/v2\/types\/product"}],"wp:featuredmedia":[{"embeddable":true,"href":"https:\/\/leonore-mau.de\/en\/wp-json\/wp\/v2\/media\/754"}],"wp:attachment":[{"href":"https:\/\/leonore-mau.de\/en\/wp-json\/wp\/v2\/media?parent=1306"}],"wp:term":[{"taxonomy":"product_brand","embeddable":true,"href":"https:\/\/leonore-mau.de\/en\/wp-json\/wp\/v2\/product_brand?post=1306"},{"taxonomy":"product_cat","embeddable":true,"href":"https:\/\/leonore-mau.de\/en\/wp-json\/wp\/v2\/product_cat?post=1306"},{"taxonomy":"product_tag","embeddable":true,"href":"https:\/\/leonore-mau.de\/en\/wp-json\/wp\/v2\/product_tag?post=1306"}],"curies":[{"name":"wp","href":"https:\/\/api.w.org\/{rel}","templated":true}]}}