{"id":1665,"date":"2022-07-14T22:21:54","date_gmt":"2022-07-14T20:21:54","guid":{"rendered":"https:\/\/leonore-mau.de\/produkt\/ohne-titel-priesterinnen-des-tempels-casa-das-minas-2\/"},"modified":"2022-09-13T23:13:16","modified_gmt":"2022-09-13T21:13:16","slug":"ohne-titel-priesterinnen-des-tempels-casa-das-minas-2","status":"publish","type":"product","link":"https:\/\/leonore-mau.de\/en\/produkt\/ohne-titel-priesterinnen-des-tempels-casa-das-minas-2\/","title":{"rendered":"Ohne Titel (Priesterinnen des Tempels &#8220;Casa das Minas&#8221;)"},"content":{"rendered":"<p>Priesterinnen des Tempels &#8220;Casa das Minas&#8221; in ihren traditionellen Trachten. Ganz rechts: Priesterin Dona Deni Prata Jardim, daneben Priesterin Dona Maria Celeste Santos. Sie geh\u00f6ren zu den drei Leiterinnen. <\/p>\n","protected":false},"excerpt":{"rendered":"<p>Priesterinnen des Tempels &#8220;Casa das Minas&#8221; in ihren traditionellen Trachten. Ganz rechts: Priesterin Dona Deni Prata Jardim, daneben Priesterin Dona Maria Celeste Santos. Sie geh\u00f6ren zu den drei Leiterinnen.<\/p>\n","protected":false},"featured_media":1649,"template":"","meta":[],"product_brand":[],"product_cat":[17],"product_tag":[79,24,82,83,1109,1110,1111,1112,1113,84,173,2166,2167,2168,2169,2170,174,175,2171,1008,1009,2172,2173,43,44,354,740,2174,2180,2181,2175,2176,2177,2178,1531,1532,2179,2147,2148,1810,1811,2149,2150,2151,2152,1812,1813,1814,1815,70,71,1155,1156,1013,1014,1015,1016,1017,1018,1019,105,107,1456,93,92,94,91,536,537,538,539,540,541,542,1543,1544,1021,1022,1023,1024,1025,1026,106,108,1458,527,528,529,530,531,532,533,1176,1032,1039],"class_list":{"0":"post-1665","1":"product","2":"type-product","3":"status-publish","4":"has-post-thumbnail","6":"product_cat-unkategorisiert","7":"product_tag-1980er-jahre","8":"product_tag-20-jh-n-chr","9":"product_tag-80er","10":"product_tag-achtziger","11":"product_tag-afrikanisch","12":"product_tag-afrikanische","13":"product_tag-afrikanischen","14":"product_tag-afrikanischer","15":"product_tag-afrikanisches","16":"product_tag-ausland","17":"product_tag-brasil","18":"product_tag-brasilianisch","19":"product_tag-brasilianische","20":"product_tag-brasilianischen","21":"product_tag-brasilianischer","22":"product_tag-brasilianisches","23":"product_tag-brasilien","24":"product_tag-brasiliens","25":"product_tag-candomble","26":"product_tag-ceremonie","27":"product_tag-ceremonien","28":"product_tag-damenportraet","29":"product_tag-damenportraets","30":"product_tag-fotografin","31":"product_tag-fotografinnen","32":"product_tag-frau","33":"product_tag-frauen","34":"product_tag-frauenbildnis","35":"product_tag-frauenkleid","36":"product_tag-frauenkleider","37":"product_tag-frauenportrait","38":"product_tag-frauenportraits","39":"product_tag-frauenportraet","40":"product_tag-frauenportraets","41":"product_tag-gehstock","42":"product_tag-gehstoecke","43":"product_tag-gemeinde","44":"product_tag-gruppenaufnahme","45":"product_tag-gruppenaufnahmen","46":"product_tag-gruppenbild","47":"product_tag-gruppenbilder","48":"product_tag-gruppenfoto","49":"product_tag-gruppenfotos","50":"product_tag-gruppenphoto","51":"product_tag-gruppenphotos","52":"product_tag-gruppenportrait","53":"product_tag-gruppenportraits","54":"product_tag-gruppenportraet","55":"product_tag-gruppenportraets","56":"product_tag-photographin","57":"product_tag-photographinnen","58":"product_tag-priesterin","59":"product_tag-priesterinnen","60":"product_tag-ritual","61":"product_tag-rituale","62":"product_tag-rituell","63":"product_tag-rituelle","64":"product_tag-rituellen","65":"product_tag-ritueller","66":"product_tag-rituelles","67":"product_tag-s-w-fotografie","68":"product_tag-s-w-photographie","69":"product_tag-schmuck","70":"product_tag-schwarzweissphotographie","71":"product_tag-schwarz-weiss-fotografie","72":"product_tag-schwarz-weiss-photographie","73":"product_tag-schwarzweissfotografie","74":"product_tag-sitzen","75":"product_tag-sitzend","76":"product_tag-sitzende","77":"product_tag-sitzenden","78":"product_tag-sitzender","79":"product_tag-sitzendes","80":"product_tag-sitzt","81":"product_tag-spazierstock","82":"product_tag-spazierstoecke","83":"product_tag-spiritualitaet","84":"product_tag-spirituell","85":"product_tag-spirituelle","86":"product_tag-spirituellen","87":"product_tag-spiritueller","88":"product_tag-spirituelles","89":"product_tag-sw-fotografie","90":"product_tag-sw-photographie","91":"product_tag-tempel","92":"product_tag-tradition","93":"product_tag-traditionell","94":"product_tag-traditionelle","95":"product_tag-traditionellem","96":"product_tag-traditionellen","97":"product_tag-traditioneller","98":"product_tag-traditionelles","99":"product_tag-voodoo","100":"product_tag-zeremonie","101":"product_tag-zeremonien","103":"first","104":"instock","105":"shipping-taxable","106":"product-type-simple"},"yoast_head":"<!-- This site is optimized with the Yoast SEO plugin v27.3 - https:\/\/yoast.com\/product\/yoast-seo-wordpress\/ -->\n<title>Ohne Titel (Priesterinnen des Tempels &quot;Casa das Minas&quot;) - Leonore Mau<\/title>\n<meta name=\"robots\" content=\"index, follow, max-snippet:-1, max-image-preview:large, max-video-preview:-1\" \/>\n<link rel=\"canonical\" href=\"https:\/\/leonore-mau.de\/produkt\/ohne-titel-priesterinnen-des-tempels-casa-das-minas-2\/\" \/>\n<meta property=\"og:locale\" content=\"en_US\" \/>\n<meta property=\"og:type\" content=\"article\" \/>\n<meta property=\"og:title\" content=\"Ohne Titel (Priesterinnen des Tempels &quot;Casa das Minas&quot;) - Leonore Mau\" \/>\n<meta property=\"og:description\" content=\"Priesterinnen des Tempels &#8220;Casa das Minas&#8221; in ihren traditionellen Trachten. Ganz rechts: Priesterin Dona Deni Prata Jardim, daneben Priesterin Dona Maria Celeste Santos. Sie geh\u00f6ren zu den drei Leiterinnen.\" \/>\n<meta property=\"og:url\" content=\"https:\/\/leonore-mau.de\/produkt\/ohne-titel-priesterinnen-des-tempels-casa-das-minas-2\/\" \/>\n<meta property=\"og:site_name\" content=\"Leonore Mau\" \/>\n<meta property=\"article:modified_time\" content=\"2022-09-13T21:13:16+00:00\" \/>\n<meta property=\"og:image\" content=\"https:\/\/leonore-mau.de\/wp-content\/uploads\/2022\/07\/70632977.jpg\" \/>\n\t<meta property=\"og:image:width\" content=\"1200\" \/>\n\t<meta property=\"og:image:height\" content=\"757\" \/>\n\t<meta property=\"og:image:type\" content=\"image\/jpeg\" \/>\n<meta name=\"twitter:card\" content=\"summary_large_image\" \/>\n<script type=\"application\/ld+json\" class=\"yoast-schema-graph\">{\"@context\":\"https:\\\/\\\/schema.org\",\"@graph\":[{\"@type\":\"WebPage\",\"@id\":\"https:\\\/\\\/leonore-mau.de\\\/produkt\\\/ohne-titel-priesterinnen-des-tempels-casa-das-minas-2\\\/\",\"url\":\"https:\\\/\\\/leonore-mau.de\\\/produkt\\\/ohne-titel-priesterinnen-des-tempels-casa-das-minas-2\\\/\",\"name\":\"Ohne Titel (Priesterinnen des Tempels \\\"Casa das Minas\\\") - Leonore Mau\",\"isPartOf\":{\"@id\":\"https:\\\/\\\/leonore-mau.de\\\/#website\"},\"primaryImageOfPage\":{\"@id\":\"https:\\\/\\\/leonore-mau.de\\\/produkt\\\/ohne-titel-priesterinnen-des-tempels-casa-das-minas-2\\\/#primaryimage\"},\"image\":{\"@id\":\"https:\\\/\\\/leonore-mau.de\\\/produkt\\\/ohne-titel-priesterinnen-des-tempels-casa-das-minas-2\\\/#primaryimage\"},\"thumbnailUrl\":\"https:\\\/\\\/leonore-mau.de\\\/wp-content\\\/uploads\\\/2022\\\/07\\\/70632977.jpg\",\"datePublished\":\"2022-07-14T20:21:54+00:00\",\"dateModified\":\"2022-09-13T21:13:16+00:00\",\"breadcrumb\":{\"@id\":\"https:\\\/\\\/leonore-mau.de\\\/produkt\\\/ohne-titel-priesterinnen-des-tempels-casa-das-minas-2\\\/#breadcrumb\"},\"inLanguage\":\"en-US\",\"potentialAction\":[{\"@type\":\"ReadAction\",\"target\":[\"https:\\\/\\\/leonore-mau.de\\\/produkt\\\/ohne-titel-priesterinnen-des-tempels-casa-das-minas-2\\\/\"]}]},{\"@type\":\"ImageObject\",\"inLanguage\":\"en-US\",\"@id\":\"https:\\\/\\\/leonore-mau.de\\\/produkt\\\/ohne-titel-priesterinnen-des-tempels-casa-das-minas-2\\\/#primaryimage\",\"url\":\"https:\\\/\\\/leonore-mau.de\\\/wp-content\\\/uploads\\\/2022\\\/07\\\/70632977.jpg\",\"contentUrl\":\"https:\\\/\\\/leonore-mau.de\\\/wp-content\\\/uploads\\\/2022\\\/07\\\/70632977.jpg\",\"width\":1200,\"height\":757,\"caption\":\"Priesterinnen des Tempels \\\"Casa das Minas\\\" in ihren traditionellen Trachten. Ganz rechts: Priesterin Dona Deni Prata Jardim, daneben Priesterin Dona Maria Celeste Santos. Sie geh\u00f6ren zu den drei Leiterinnen. Aufnahmedatum: 1981 - 1982 Material\\\/Technik: Foto \\\/ Silbergelatine auf PE-Print Bildformat (Foto): 19,8 x 30,4 cm Aufnahmeort: S\u00e3o Lu\u00eds do Maranh\u00e3o Inventar-Nr.: LM-505879\"},{\"@type\":\"BreadcrumbList\",\"@id\":\"https:\\\/\\\/leonore-mau.de\\\/produkt\\\/ohne-titel-priesterinnen-des-tempels-casa-das-minas-2\\\/#breadcrumb\",\"itemListElement\":[{\"@type\":\"ListItem\",\"position\":1,\"name\":\"Startseite\",\"item\":\"https:\\\/\\\/leonore-mau.de\\\/en\\\/\"},{\"@type\":\"ListItem\",\"position\":2,\"name\":\"Shop\",\"item\":\"https:\\\/\\\/leonore-mau.de\\\/en\\\/shop-2\\\/\"},{\"@type\":\"ListItem\",\"position\":3,\"name\":\"Ohne Titel (Priesterinnen des Tempels &#8222;Casa das Minas&#8220;)\"}]},{\"@type\":\"WebSite\",\"@id\":\"https:\\\/\\\/leonore-mau.de\\\/#website\",\"url\":\"https:\\\/\\\/leonore-mau.de\\\/\",\"name\":\"Leonore Mau\",\"description\":\"Fotografin\",\"potentialAction\":[{\"@type\":\"SearchAction\",\"target\":{\"@type\":\"EntryPoint\",\"urlTemplate\":\"https:\\\/\\\/leonore-mau.de\\\/?s={search_term_string}\"},\"query-input\":{\"@type\":\"PropertyValueSpecification\",\"valueRequired\":true,\"valueName\":\"search_term_string\"}}],\"inLanguage\":\"en-US\"}]}<\/script>\n<!-- \/ Yoast SEO plugin. -->","yoast_head_json":{"title":"Ohne Titel (Priesterinnen des Tempels \"Casa das Minas\") - Leonore Mau","robots":{"index":"index","follow":"follow","max-snippet":"max-snippet:-1","max-image-preview":"max-image-preview:large","max-video-preview":"max-video-preview:-1"},"canonical":"https:\/\/leonore-mau.de\/produkt\/ohne-titel-priesterinnen-des-tempels-casa-das-minas-2\/","og_locale":"en_US","og_type":"article","og_title":"Ohne Titel (Priesterinnen des Tempels \"Casa das Minas\") - Leonore Mau","og_description":"Priesterinnen des Tempels &#8220;Casa das Minas&#8221; in ihren traditionellen Trachten. Ganz rechts: Priesterin Dona Deni Prata Jardim, daneben Priesterin Dona Maria Celeste Santos. Sie geh\u00f6ren zu den drei Leiterinnen.","og_url":"https:\/\/leonore-mau.de\/produkt\/ohne-titel-priesterinnen-des-tempels-casa-das-minas-2\/","og_site_name":"Leonore Mau","article_modified_time":"2022-09-13T21:13:16+00:00","og_image":[{"width":1200,"height":757,"url":"https:\/\/leonore-mau.de\/wp-content\/uploads\/2022\/07\/70632977.jpg","type":"image\/jpeg"}],"twitter_card":"summary_large_image","schema":{"@context":"https:\/\/schema.org","@graph":[{"@type":"WebPage","@id":"https:\/\/leonore-mau.de\/produkt\/ohne-titel-priesterinnen-des-tempels-casa-das-minas-2\/","url":"https:\/\/leonore-mau.de\/produkt\/ohne-titel-priesterinnen-des-tempels-casa-das-minas-2\/","name":"Ohne Titel (Priesterinnen des Tempels \"Casa das Minas\") - Leonore Mau","isPartOf":{"@id":"https:\/\/leonore-mau.de\/#website"},"primaryImageOfPage":{"@id":"https:\/\/leonore-mau.de\/produkt\/ohne-titel-priesterinnen-des-tempels-casa-das-minas-2\/#primaryimage"},"image":{"@id":"https:\/\/leonore-mau.de\/produkt\/ohne-titel-priesterinnen-des-tempels-casa-das-minas-2\/#primaryimage"},"thumbnailUrl":"https:\/\/leonore-mau.de\/wp-content\/uploads\/2022\/07\/70632977.jpg","datePublished":"2022-07-14T20:21:54+00:00","dateModified":"2022-09-13T21:13:16+00:00","breadcrumb":{"@id":"https:\/\/leonore-mau.de\/produkt\/ohne-titel-priesterinnen-des-tempels-casa-das-minas-2\/#breadcrumb"},"inLanguage":"en-US","potentialAction":[{"@type":"ReadAction","target":["https:\/\/leonore-mau.de\/produkt\/ohne-titel-priesterinnen-des-tempels-casa-das-minas-2\/"]}]},{"@type":"ImageObject","inLanguage":"en-US","@id":"https:\/\/leonore-mau.de\/produkt\/ohne-titel-priesterinnen-des-tempels-casa-das-minas-2\/#primaryimage","url":"https:\/\/leonore-mau.de\/wp-content\/uploads\/2022\/07\/70632977.jpg","contentUrl":"https:\/\/leonore-mau.de\/wp-content\/uploads\/2022\/07\/70632977.jpg","width":1200,"height":757,"caption":"Priesterinnen des Tempels \"Casa das Minas\" in ihren traditionellen Trachten. Ganz rechts: Priesterin Dona Deni Prata Jardim, daneben Priesterin Dona Maria Celeste Santos. Sie geh\u00f6ren zu den drei Leiterinnen. Aufnahmedatum: 1981 - 1982 Material\/Technik: Foto \/ Silbergelatine auf PE-Print Bildformat (Foto): 19,8 x 30,4 cm Aufnahmeort: S\u00e3o Lu\u00eds do Maranh\u00e3o Inventar-Nr.: LM-505879"},{"@type":"BreadcrumbList","@id":"https:\/\/leonore-mau.de\/produkt\/ohne-titel-priesterinnen-des-tempels-casa-das-minas-2\/#breadcrumb","itemListElement":[{"@type":"ListItem","position":1,"name":"Startseite","item":"https:\/\/leonore-mau.de\/en\/"},{"@type":"ListItem","position":2,"name":"Shop","item":"https:\/\/leonore-mau.de\/en\/shop-2\/"},{"@type":"ListItem","position":3,"name":"Ohne Titel (Priesterinnen des Tempels &#8222;Casa das Minas&#8220;)"}]},{"@type":"WebSite","@id":"https:\/\/leonore-mau.de\/#website","url":"https:\/\/leonore-mau.de\/","name":"Leonore Mau","description":"Fotografin","potentialAction":[{"@type":"SearchAction","target":{"@type":"EntryPoint","urlTemplate":"https:\/\/leonore-mau.de\/?s={search_term_string}"},"query-input":{"@type":"PropertyValueSpecification","valueRequired":true,"valueName":"search_term_string"}}],"inLanguage":"en-US"}]}},"_links":{"self":[{"href":"https:\/\/leonore-mau.de\/en\/wp-json\/wp\/v2\/product\/1665","targetHints":{"allow":["GET"]}}],"collection":[{"href":"https:\/\/leonore-mau.de\/en\/wp-json\/wp\/v2\/product"}],"about":[{"href":"https:\/\/leonore-mau.de\/en\/wp-json\/wp\/v2\/types\/product"}],"wp:featuredmedia":[{"embeddable":true,"href":"https:\/\/leonore-mau.de\/en\/wp-json\/wp\/v2\/media\/1649"}],"wp:attachment":[{"href":"https:\/\/leonore-mau.de\/en\/wp-json\/wp\/v2\/media?parent=1665"}],"wp:term":[{"taxonomy":"product_brand","embeddable":true,"href":"https:\/\/leonore-mau.de\/en\/wp-json\/wp\/v2\/product_brand?post=1665"},{"taxonomy":"product_cat","embeddable":true,"href":"https:\/\/leonore-mau.de\/en\/wp-json\/wp\/v2\/product_cat?post=1665"},{"taxonomy":"product_tag","embeddable":true,"href":"https:\/\/leonore-mau.de\/en\/wp-json\/wp\/v2\/product_tag?post=1665"}],"curies":[{"name":"wp","href":"https:\/\/api.w.org\/{rel}","templated":true}]}}