{"id":1668,"date":"2022-07-14T22:21:57","date_gmt":"2022-07-14T20:21:57","guid":{"rendered":"https:\/\/leonore-mau.de\/produkt\/ghetto-ecstasy-2\/"},"modified":"2022-09-13T23:13:18","modified_gmt":"2022-09-13T21:13:18","slug":"ghetto-ecstasy-2","status":"publish","type":"product","link":"https:\/\/leonore-mau.de\/en\/produkt\/ghetto-ecstasy-2\/","title":{"rendered":"Ghetto Ecstasy"},"content":{"rendered":"<p>Ein Junge auf der Stra\u00dfe vor dem Wandbild &#8220;Ghetto Ecstasy&#8221; (1973) von James Jannuzzi und afroamerikanische K\u00fcnstler der &#8220;Bowery&#8221;. R\u00fcckseitenbeschriftung: &#8220;James Jannuzzi &#8220;Ghetto Ecstasy&#8221; 1980 NY&#8221;<\/p>\n","protected":false},"excerpt":{"rendered":"<p>Ein Junge auf der Stra\u00dfe vor dem Wandbild &#8220;Ghetto Ecstasy&#8221; (1973) von James Jannuzzi und afroamerikanische K\u00fcnstler der &#8220;Bowery&#8221;. R\u00fcckseitenbeschriftung: &#8220;James Jannuzzi &#8220;Ghetto Ecstasy&#8221; 1980 NY&#8221;<\/p>\n","protected":false},"featured_media":1646,"template":"","meta":[],"product_brand":[],"product_cat":[17],"product_tag":[79,22,24,21,23,82,83,84,115,116,117,118,119,120,121,122,43,44,160,85,86,87,88,727,89,161,162,70,71,105,107,93,92,94,91,97,99,106,108,109,110,111,112,113,114],"class_list":{"0":"post-1668","1":"product","2":"type-product","3":"status-publish","4":"has-post-thumbnail","6":"product_cat-unkategorisiert","7":"product_tag-1980er-jahre","8":"product_tag-20-jahrhundert-nach-chr","9":"product_tag-20-jh-n-chr","10":"product_tag-20-jahrhundert","11":"product_tag-20-jh","12":"product_tag-80er","13":"product_tag-achtziger","14":"product_tag-ausland","15":"product_tag-auto","16":"product_tag-automobil","17":"product_tag-automobile","18":"product_tag-automobils","19":"product_tag-autos","20":"product_tag-fahrzeug","21":"product_tag-fahrzeuge","22":"product_tag-fahrzeugen","23":"product_tag-fotografin","24":"product_tag-fotografinnen","25":"product_tag-fussgaenger","26":"product_tag-graffiti","27":"product_tag-graffito","28":"product_tag-grossstadt","29":"product_tag-grossstaedte","30":"product_tag-junge","31":"product_tag-muralismus","32":"product_tag-passant","33":"product_tag-passanten","34":"product_tag-photographin","35":"product_tag-photographinnen","36":"product_tag-s-w-fotografie","37":"product_tag-s-w-photographie","38":"product_tag-schwarzweissphotographie","39":"product_tag-schwarz-weiss-fotografie","40":"product_tag-schwarz-weiss-photographie","41":"product_tag-schwarzweissfotografie","42":"product_tag-strassenleben","43":"product_tag-strassenszene","44":"product_tag-sw-fotografie","45":"product_tag-sw-photographie","46":"product_tag-wandbild","47":"product_tag-wandbilder","48":"product_tag-wandbildes","49":"product_tag-wandgemaelde","50":"product_tag-wandmalerei","51":"product_tag-wandmalereien","53":"first","54":"instock","55":"shipping-taxable","56":"product-type-simple"},"yoast_head":"<!-- This site is optimized with the Yoast SEO plugin v27.3 - https:\/\/yoast.com\/product\/yoast-seo-wordpress\/ -->\n<title>Ghetto Ecstasy - Leonore Mau<\/title>\n<meta name=\"robots\" content=\"index, follow, max-snippet:-1, max-image-preview:large, max-video-preview:-1\" \/>\n<link rel=\"canonical\" href=\"https:\/\/leonore-mau.de\/produkt\/ghetto-ecstasy-2\/\" \/>\n<meta property=\"og:locale\" content=\"en_US\" \/>\n<meta property=\"og:type\" content=\"article\" \/>\n<meta property=\"og:title\" content=\"Ghetto Ecstasy - Leonore Mau\" \/>\n<meta property=\"og:description\" content=\"Ein Junge auf der Stra\u00dfe vor dem Wandbild &#8220;Ghetto Ecstasy&#8221; (1973) von James Jannuzzi und afroamerikanische K\u00fcnstler der &#8220;Bowery&#8221;. R\u00fcckseitenbeschriftung: &#8220;James Jannuzzi &#8220;Ghetto Ecstasy&#8221; 1980 NY&#8221;\" \/>\n<meta property=\"og:url\" content=\"https:\/\/leonore-mau.de\/produkt\/ghetto-ecstasy-2\/\" \/>\n<meta property=\"og:site_name\" content=\"Leonore Mau\" \/>\n<meta property=\"article:modified_time\" content=\"2022-09-13T21:13:18+00:00\" \/>\n<meta property=\"og:image\" content=\"https:\/\/leonore-mau.de\/wp-content\/uploads\/2022\/07\/70632972.jpg\" \/>\n\t<meta property=\"og:image:width\" content=\"1200\" \/>\n\t<meta property=\"og:image:height\" content=\"863\" \/>\n\t<meta property=\"og:image:type\" content=\"image\/jpeg\" \/>\n<meta name=\"twitter:card\" content=\"summary_large_image\" \/>\n<script type=\"application\/ld+json\" class=\"yoast-schema-graph\">{\"@context\":\"https:\\\/\\\/schema.org\",\"@graph\":[{\"@type\":\"WebPage\",\"@id\":\"https:\\\/\\\/leonore-mau.de\\\/produkt\\\/ghetto-ecstasy-2\\\/\",\"url\":\"https:\\\/\\\/leonore-mau.de\\\/produkt\\\/ghetto-ecstasy-2\\\/\",\"name\":\"Ghetto Ecstasy - Leonore Mau\",\"isPartOf\":{\"@id\":\"https:\\\/\\\/leonore-mau.de\\\/#website\"},\"primaryImageOfPage\":{\"@id\":\"https:\\\/\\\/leonore-mau.de\\\/produkt\\\/ghetto-ecstasy-2\\\/#primaryimage\"},\"image\":{\"@id\":\"https:\\\/\\\/leonore-mau.de\\\/produkt\\\/ghetto-ecstasy-2\\\/#primaryimage\"},\"thumbnailUrl\":\"https:\\\/\\\/leonore-mau.de\\\/wp-content\\\/uploads\\\/2022\\\/07\\\/70632972.jpg\",\"datePublished\":\"2022-07-14T20:21:57+00:00\",\"dateModified\":\"2022-09-13T21:13:18+00:00\",\"breadcrumb\":{\"@id\":\"https:\\\/\\\/leonore-mau.de\\\/produkt\\\/ghetto-ecstasy-2\\\/#breadcrumb\"},\"inLanguage\":\"en-US\",\"potentialAction\":[{\"@type\":\"ReadAction\",\"target\":[\"https:\\\/\\\/leonore-mau.de\\\/produkt\\\/ghetto-ecstasy-2\\\/\"]}]},{\"@type\":\"ImageObject\",\"inLanguage\":\"en-US\",\"@id\":\"https:\\\/\\\/leonore-mau.de\\\/produkt\\\/ghetto-ecstasy-2\\\/#primaryimage\",\"url\":\"https:\\\/\\\/leonore-mau.de\\\/wp-content\\\/uploads\\\/2022\\\/07\\\/70632972.jpg\",\"contentUrl\":\"https:\\\/\\\/leonore-mau.de\\\/wp-content\\\/uploads\\\/2022\\\/07\\\/70632972.jpg\",\"width\":1200,\"height\":863,\"caption\":\"Ein Junge auf der Stra\u00dfe vor dem Wandbild \\\"Ghetto Ecstasy\\\" (1973) von James Jannuzzi und afroamerikanische K\u00fcnstler der \\\"Bowery\\\". R\u00fcckseitenbeschriftung: \\\"James Jannuzzi \\\"Ghetto Ecstasy\\\" 1980 NY\\\" Aufnahmedatum: 1980 Material\\\/Technik: Foto \\\/ Silbergelantine auf PE-Print Bildformat (Foto): 29,2 x 40,2 cm Aufnahmeort: New York Inventar-Nr.: LM-505118\"},{\"@type\":\"BreadcrumbList\",\"@id\":\"https:\\\/\\\/leonore-mau.de\\\/produkt\\\/ghetto-ecstasy-2\\\/#breadcrumb\",\"itemListElement\":[{\"@type\":\"ListItem\",\"position\":1,\"name\":\"Startseite\",\"item\":\"https:\\\/\\\/leonore-mau.de\\\/en\\\/\"},{\"@type\":\"ListItem\",\"position\":2,\"name\":\"Shop\",\"item\":\"https:\\\/\\\/leonore-mau.de\\\/en\\\/shop-2\\\/\"},{\"@type\":\"ListItem\",\"position\":3,\"name\":\"Ghetto Ecstasy\"}]},{\"@type\":\"WebSite\",\"@id\":\"https:\\\/\\\/leonore-mau.de\\\/#website\",\"url\":\"https:\\\/\\\/leonore-mau.de\\\/\",\"name\":\"Leonore Mau\",\"description\":\"Fotografin\",\"potentialAction\":[{\"@type\":\"SearchAction\",\"target\":{\"@type\":\"EntryPoint\",\"urlTemplate\":\"https:\\\/\\\/leonore-mau.de\\\/?s={search_term_string}\"},\"query-input\":{\"@type\":\"PropertyValueSpecification\",\"valueRequired\":true,\"valueName\":\"search_term_string\"}}],\"inLanguage\":\"en-US\"}]}<\/script>\n<!-- \/ Yoast SEO plugin. -->","yoast_head_json":{"title":"Ghetto Ecstasy - Leonore Mau","robots":{"index":"index","follow":"follow","max-snippet":"max-snippet:-1","max-image-preview":"max-image-preview:large","max-video-preview":"max-video-preview:-1"},"canonical":"https:\/\/leonore-mau.de\/produkt\/ghetto-ecstasy-2\/","og_locale":"en_US","og_type":"article","og_title":"Ghetto Ecstasy - Leonore Mau","og_description":"Ein Junge auf der Stra\u00dfe vor dem Wandbild &#8220;Ghetto Ecstasy&#8221; (1973) von James Jannuzzi und afroamerikanische K\u00fcnstler der &#8220;Bowery&#8221;. R\u00fcckseitenbeschriftung: &#8220;James Jannuzzi &#8220;Ghetto Ecstasy&#8221; 1980 NY&#8221;","og_url":"https:\/\/leonore-mau.de\/produkt\/ghetto-ecstasy-2\/","og_site_name":"Leonore Mau","article_modified_time":"2022-09-13T21:13:18+00:00","og_image":[{"width":1200,"height":863,"url":"https:\/\/leonore-mau.de\/wp-content\/uploads\/2022\/07\/70632972.jpg","type":"image\/jpeg"}],"twitter_card":"summary_large_image","schema":{"@context":"https:\/\/schema.org","@graph":[{"@type":"WebPage","@id":"https:\/\/leonore-mau.de\/produkt\/ghetto-ecstasy-2\/","url":"https:\/\/leonore-mau.de\/produkt\/ghetto-ecstasy-2\/","name":"Ghetto Ecstasy - Leonore Mau","isPartOf":{"@id":"https:\/\/leonore-mau.de\/#website"},"primaryImageOfPage":{"@id":"https:\/\/leonore-mau.de\/produkt\/ghetto-ecstasy-2\/#primaryimage"},"image":{"@id":"https:\/\/leonore-mau.de\/produkt\/ghetto-ecstasy-2\/#primaryimage"},"thumbnailUrl":"https:\/\/leonore-mau.de\/wp-content\/uploads\/2022\/07\/70632972.jpg","datePublished":"2022-07-14T20:21:57+00:00","dateModified":"2022-09-13T21:13:18+00:00","breadcrumb":{"@id":"https:\/\/leonore-mau.de\/produkt\/ghetto-ecstasy-2\/#breadcrumb"},"inLanguage":"en-US","potentialAction":[{"@type":"ReadAction","target":["https:\/\/leonore-mau.de\/produkt\/ghetto-ecstasy-2\/"]}]},{"@type":"ImageObject","inLanguage":"en-US","@id":"https:\/\/leonore-mau.de\/produkt\/ghetto-ecstasy-2\/#primaryimage","url":"https:\/\/leonore-mau.de\/wp-content\/uploads\/2022\/07\/70632972.jpg","contentUrl":"https:\/\/leonore-mau.de\/wp-content\/uploads\/2022\/07\/70632972.jpg","width":1200,"height":863,"caption":"Ein Junge auf der Stra\u00dfe vor dem Wandbild \"Ghetto Ecstasy\" (1973) von James Jannuzzi und afroamerikanische K\u00fcnstler der \"Bowery\". R\u00fcckseitenbeschriftung: \"James Jannuzzi \"Ghetto Ecstasy\" 1980 NY\" Aufnahmedatum: 1980 Material\/Technik: Foto \/ Silbergelantine auf PE-Print Bildformat (Foto): 29,2 x 40,2 cm Aufnahmeort: New York Inventar-Nr.: LM-505118"},{"@type":"BreadcrumbList","@id":"https:\/\/leonore-mau.de\/produkt\/ghetto-ecstasy-2\/#breadcrumb","itemListElement":[{"@type":"ListItem","position":1,"name":"Startseite","item":"https:\/\/leonore-mau.de\/en\/"},{"@type":"ListItem","position":2,"name":"Shop","item":"https:\/\/leonore-mau.de\/en\/shop-2\/"},{"@type":"ListItem","position":3,"name":"Ghetto Ecstasy"}]},{"@type":"WebSite","@id":"https:\/\/leonore-mau.de\/#website","url":"https:\/\/leonore-mau.de\/","name":"Leonore Mau","description":"Fotografin","potentialAction":[{"@type":"SearchAction","target":{"@type":"EntryPoint","urlTemplate":"https:\/\/leonore-mau.de\/?s={search_term_string}"},"query-input":{"@type":"PropertyValueSpecification","valueRequired":true,"valueName":"search_term_string"}}],"inLanguage":"en-US"}]}},"_links":{"self":[{"href":"https:\/\/leonore-mau.de\/en\/wp-json\/wp\/v2\/product\/1668","targetHints":{"allow":["GET"]}}],"collection":[{"href":"https:\/\/leonore-mau.de\/en\/wp-json\/wp\/v2\/product"}],"about":[{"href":"https:\/\/leonore-mau.de\/en\/wp-json\/wp\/v2\/types\/product"}],"wp:featuredmedia":[{"embeddable":true,"href":"https:\/\/leonore-mau.de\/en\/wp-json\/wp\/v2\/media\/1646"}],"wp:attachment":[{"href":"https:\/\/leonore-mau.de\/en\/wp-json\/wp\/v2\/media?parent=1668"}],"wp:term":[{"taxonomy":"product_brand","embeddable":true,"href":"https:\/\/leonore-mau.de\/en\/wp-json\/wp\/v2\/product_brand?post=1668"},{"taxonomy":"product_cat","embeddable":true,"href":"https:\/\/leonore-mau.de\/en\/wp-json\/wp\/v2\/product_cat?post=1668"},{"taxonomy":"product_tag","embeddable":true,"href":"https:\/\/leonore-mau.de\/en\/wp-json\/wp\/v2\/product_tag?post=1668"}],"curies":[{"name":"wp","href":"https:\/\/api.w.org\/{rel}","templated":true}]}}