{"id":1670,"date":"2022-07-14T22:21:58","date_gmt":"2022-07-14T20:21:58","guid":{"rendered":"https:\/\/leonore-mau.de\/produkt\/ohne-titel-hubert-fichte-mit-novizen\/"},"modified":"2022-09-13T23:13:19","modified_gmt":"2022-09-13T21:13:19","slug":"ohne-titel-hubert-fichte-mit-novizen","status":"publish","type":"product","link":"https:\/\/leonore-mau.de\/en\/produkt\/ohne-titel-hubert-fichte-mit-novizen\/","title":{"rendered":"Ohne Titel (Hubert Fichte mit Novizen)"},"content":{"rendered":"<p>Der Schriftsteller Hubert Fichte mit Novizen. R\u00fcckseitenbeschriftung: &#8220;1971 Brasilien (Salvador da Bahia) H. F. mit den f\u00fcr die Einweihungszeremonie des CANDOMBL\u00c9 kahlgeschorenen Novizen&#8221;<\/p>\n","protected":false},"excerpt":{"rendered":"<p>Der Schriftsteller Hubert Fichte mit Novizen. R\u00fcckseitenbeschriftung: &#8220;1971 Brasilien (Salvador da Bahia) H. F. mit den f\u00fcr die Einweihungszeremonie des CANDOMBL\u00c9 kahlgeschorenen Novizen&#8221;<\/p>\n","protected":false},"featured_media":1644,"template":"","meta":[],"product_brand":[],"product_cat":[17],"product_tag":[78,22,24,21,23,80,84,171,172,1221,1222,173,174,175,2171,1322,1323,3467,3468,580,581,525,526,1080,1081,1013,1014,1015,1016,1017,1018,1019,105,107,1233,93,92,94,91,95,1021,1022,1023,1024,1025,1026,106,108,527,528,529,530,531,532,533,1176],"class_list":{"0":"post-1670","1":"product","2":"type-product","3":"status-publish","4":"has-post-thumbnail","6":"product_cat-unkategorisiert","7":"product_tag-1970er-jahre","8":"product_tag-20-jahrhundert-nach-chr","9":"product_tag-20-jh-n-chr","10":"product_tag-20-jahrhundert","11":"product_tag-20-jh","12":"product_tag-70er","13":"product_tag-ausland","14":"product_tag-aussenaufnahme","15":"product_tag-aussenaufnahmen","16":"product_tag-autor","17":"product_tag-autoren","18":"product_tag-brasil","19":"product_tag-brasilien","20":"product_tag-brasiliens","21":"product_tag-candomble","22":"product_tag-fichte","23":"product_tag-hubert-21-03-1935-08-03-1986","24":"product_tag-novize","25":"product_tag-novizen","26":"product_tag-portrait","27":"product_tag-portraet","28":"product_tag-religion","29":"product_tag-religionen","30":"product_tag-religionsgemeinschaft","31":"product_tag-religionsgemeinschaften","32":"product_tag-ritual","33":"product_tag-rituale","34":"product_tag-rituell","35":"product_tag-rituelle","36":"product_tag-rituellen","37":"product_tag-ritueller","38":"product_tag-rituelles","39":"product_tag-s-w-fotografie","40":"product_tag-s-w-photographie","41":"product_tag-schriftsteller","42":"product_tag-schwarzweissphotographie","43":"product_tag-schwarz-weiss-fotografie","44":"product_tag-schwarz-weiss-photographie","45":"product_tag-schwarzweissfotografie","46":"product_tag-siebziger","47":"product_tag-spiritualitaet","48":"product_tag-spirituell","49":"product_tag-spirituelle","50":"product_tag-spirituellen","51":"product_tag-spiritueller","52":"product_tag-spirituelles","53":"product_tag-sw-fotografie","54":"product_tag-sw-photographie","55":"product_tag-tradition","56":"product_tag-traditionell","57":"product_tag-traditionelle","58":"product_tag-traditionellem","59":"product_tag-traditionellen","60":"product_tag-traditioneller","61":"product_tag-traditionelles","62":"product_tag-voodoo","64":"first","65":"instock","66":"shipping-taxable","67":"product-type-simple"},"yoast_head":"<!-- This site is optimized with the Yoast SEO plugin v27.3 - https:\/\/yoast.com\/product\/yoast-seo-wordpress\/ -->\n<title>Ohne Titel (Hubert Fichte mit Novizen) - Leonore Mau<\/title>\n<meta name=\"robots\" content=\"index, follow, max-snippet:-1, max-image-preview:large, max-video-preview:-1\" \/>\n<link rel=\"canonical\" href=\"https:\/\/leonore-mau.de\/produkt\/ohne-titel-hubert-fichte-mit-novizen\/\" \/>\n<meta property=\"og:locale\" content=\"en_US\" \/>\n<meta property=\"og:type\" content=\"article\" \/>\n<meta property=\"og:title\" content=\"Ohne Titel (Hubert Fichte mit Novizen) - Leonore Mau\" \/>\n<meta property=\"og:description\" content=\"Der Schriftsteller Hubert Fichte mit Novizen. R\u00fcckseitenbeschriftung: &#8220;1971 Brasilien (Salvador da Bahia) H. F. mit den f\u00fcr die Einweihungszeremonie des CANDOMBL\u00c9 kahlgeschorenen Novizen&#8221;\" \/>\n<meta property=\"og:url\" content=\"https:\/\/leonore-mau.de\/produkt\/ohne-titel-hubert-fichte-mit-novizen\/\" \/>\n<meta property=\"og:site_name\" content=\"Leonore Mau\" \/>\n<meta property=\"article:modified_time\" content=\"2022-09-13T21:13:19+00:00\" \/>\n<meta property=\"og:image\" content=\"https:\/\/leonore-mau.de\/wp-content\/uploads\/2022\/07\/70632950.jpg\" \/>\n\t<meta property=\"og:image:width\" content=\"1007\" \/>\n\t<meta property=\"og:image:height\" content=\"1200\" \/>\n\t<meta property=\"og:image:type\" content=\"image\/jpeg\" \/>\n<meta name=\"twitter:card\" content=\"summary_large_image\" \/>\n<script type=\"application\/ld+json\" class=\"yoast-schema-graph\">{\"@context\":\"https:\\\/\\\/schema.org\",\"@graph\":[{\"@type\":\"WebPage\",\"@id\":\"https:\\\/\\\/leonore-mau.de\\\/produkt\\\/ohne-titel-hubert-fichte-mit-novizen\\\/\",\"url\":\"https:\\\/\\\/leonore-mau.de\\\/produkt\\\/ohne-titel-hubert-fichte-mit-novizen\\\/\",\"name\":\"Ohne Titel (Hubert Fichte mit Novizen) - Leonore Mau\",\"isPartOf\":{\"@id\":\"https:\\\/\\\/leonore-mau.de\\\/#website\"},\"primaryImageOfPage\":{\"@id\":\"https:\\\/\\\/leonore-mau.de\\\/produkt\\\/ohne-titel-hubert-fichte-mit-novizen\\\/#primaryimage\"},\"image\":{\"@id\":\"https:\\\/\\\/leonore-mau.de\\\/produkt\\\/ohne-titel-hubert-fichte-mit-novizen\\\/#primaryimage\"},\"thumbnailUrl\":\"https:\\\/\\\/leonore-mau.de\\\/wp-content\\\/uploads\\\/2022\\\/07\\\/70632950.jpg\",\"datePublished\":\"2022-07-14T20:21:58+00:00\",\"dateModified\":\"2022-09-13T21:13:19+00:00\",\"breadcrumb\":{\"@id\":\"https:\\\/\\\/leonore-mau.de\\\/produkt\\\/ohne-titel-hubert-fichte-mit-novizen\\\/#breadcrumb\"},\"inLanguage\":\"en-US\",\"potentialAction\":[{\"@type\":\"ReadAction\",\"target\":[\"https:\\\/\\\/leonore-mau.de\\\/produkt\\\/ohne-titel-hubert-fichte-mit-novizen\\\/\"]}]},{\"@type\":\"ImageObject\",\"inLanguage\":\"en-US\",\"@id\":\"https:\\\/\\\/leonore-mau.de\\\/produkt\\\/ohne-titel-hubert-fichte-mit-novizen\\\/#primaryimage\",\"url\":\"https:\\\/\\\/leonore-mau.de\\\/wp-content\\\/uploads\\\/2022\\\/07\\\/70632950.jpg\",\"contentUrl\":\"https:\\\/\\\/leonore-mau.de\\\/wp-content\\\/uploads\\\/2022\\\/07\\\/70632950.jpg\",\"width\":1007,\"height\":1200,\"caption\":\"Der Schriftsteller Hubert Fichte mit Novizen. R\u00fcckseitenbeschriftung: \\\"1971 Brasilien (Salvador da Bahia) H. F. mit den f\u00fcr die Einweihungszeremonie des CANDOMBL\u00c9 kahlgeschorenen Novizen\\\" Aufnahmedatum: 1971 Material\\\/Technik: Foto \\\/ Silbergelatine auf Barytpapier Bildformat (Foto): 23,9 x 28,4 cm Aufnahmeort: Salvador da Bahia Inventar-Nr.: LM-500349\"},{\"@type\":\"BreadcrumbList\",\"@id\":\"https:\\\/\\\/leonore-mau.de\\\/produkt\\\/ohne-titel-hubert-fichte-mit-novizen\\\/#breadcrumb\",\"itemListElement\":[{\"@type\":\"ListItem\",\"position\":1,\"name\":\"Startseite\",\"item\":\"https:\\\/\\\/leonore-mau.de\\\/en\\\/\"},{\"@type\":\"ListItem\",\"position\":2,\"name\":\"Shop\",\"item\":\"https:\\\/\\\/leonore-mau.de\\\/en\\\/shop-2\\\/\"},{\"@type\":\"ListItem\",\"position\":3,\"name\":\"Ohne Titel (Hubert Fichte mit Novizen)\"}]},{\"@type\":\"WebSite\",\"@id\":\"https:\\\/\\\/leonore-mau.de\\\/#website\",\"url\":\"https:\\\/\\\/leonore-mau.de\\\/\",\"name\":\"Leonore Mau\",\"description\":\"Fotografin\",\"potentialAction\":[{\"@type\":\"SearchAction\",\"target\":{\"@type\":\"EntryPoint\",\"urlTemplate\":\"https:\\\/\\\/leonore-mau.de\\\/?s={search_term_string}\"},\"query-input\":{\"@type\":\"PropertyValueSpecification\",\"valueRequired\":true,\"valueName\":\"search_term_string\"}}],\"inLanguage\":\"en-US\"}]}<\/script>\n<!-- \/ Yoast SEO plugin. -->","yoast_head_json":{"title":"Ohne Titel (Hubert Fichte mit Novizen) - Leonore Mau","robots":{"index":"index","follow":"follow","max-snippet":"max-snippet:-1","max-image-preview":"max-image-preview:large","max-video-preview":"max-video-preview:-1"},"canonical":"https:\/\/leonore-mau.de\/produkt\/ohne-titel-hubert-fichte-mit-novizen\/","og_locale":"en_US","og_type":"article","og_title":"Ohne Titel (Hubert Fichte mit Novizen) - Leonore Mau","og_description":"Der Schriftsteller Hubert Fichte mit Novizen. R\u00fcckseitenbeschriftung: &#8220;1971 Brasilien (Salvador da Bahia) H. F. mit den f\u00fcr die Einweihungszeremonie des CANDOMBL\u00c9 kahlgeschorenen Novizen&#8221;","og_url":"https:\/\/leonore-mau.de\/produkt\/ohne-titel-hubert-fichte-mit-novizen\/","og_site_name":"Leonore Mau","article_modified_time":"2022-09-13T21:13:19+00:00","og_image":[{"width":1007,"height":1200,"url":"https:\/\/leonore-mau.de\/wp-content\/uploads\/2022\/07\/70632950.jpg","type":"image\/jpeg"}],"twitter_card":"summary_large_image","schema":{"@context":"https:\/\/schema.org","@graph":[{"@type":"WebPage","@id":"https:\/\/leonore-mau.de\/produkt\/ohne-titel-hubert-fichte-mit-novizen\/","url":"https:\/\/leonore-mau.de\/produkt\/ohne-titel-hubert-fichte-mit-novizen\/","name":"Ohne Titel (Hubert Fichte mit Novizen) - Leonore Mau","isPartOf":{"@id":"https:\/\/leonore-mau.de\/#website"},"primaryImageOfPage":{"@id":"https:\/\/leonore-mau.de\/produkt\/ohne-titel-hubert-fichte-mit-novizen\/#primaryimage"},"image":{"@id":"https:\/\/leonore-mau.de\/produkt\/ohne-titel-hubert-fichte-mit-novizen\/#primaryimage"},"thumbnailUrl":"https:\/\/leonore-mau.de\/wp-content\/uploads\/2022\/07\/70632950.jpg","datePublished":"2022-07-14T20:21:58+00:00","dateModified":"2022-09-13T21:13:19+00:00","breadcrumb":{"@id":"https:\/\/leonore-mau.de\/produkt\/ohne-titel-hubert-fichte-mit-novizen\/#breadcrumb"},"inLanguage":"en-US","potentialAction":[{"@type":"ReadAction","target":["https:\/\/leonore-mau.de\/produkt\/ohne-titel-hubert-fichte-mit-novizen\/"]}]},{"@type":"ImageObject","inLanguage":"en-US","@id":"https:\/\/leonore-mau.de\/produkt\/ohne-titel-hubert-fichte-mit-novizen\/#primaryimage","url":"https:\/\/leonore-mau.de\/wp-content\/uploads\/2022\/07\/70632950.jpg","contentUrl":"https:\/\/leonore-mau.de\/wp-content\/uploads\/2022\/07\/70632950.jpg","width":1007,"height":1200,"caption":"Der Schriftsteller Hubert Fichte mit Novizen. R\u00fcckseitenbeschriftung: \"1971 Brasilien (Salvador da Bahia) H. F. mit den f\u00fcr die Einweihungszeremonie des CANDOMBL\u00c9 kahlgeschorenen Novizen\" Aufnahmedatum: 1971 Material\/Technik: Foto \/ Silbergelatine auf Barytpapier Bildformat (Foto): 23,9 x 28,4 cm Aufnahmeort: Salvador da Bahia Inventar-Nr.: LM-500349"},{"@type":"BreadcrumbList","@id":"https:\/\/leonore-mau.de\/produkt\/ohne-titel-hubert-fichte-mit-novizen\/#breadcrumb","itemListElement":[{"@type":"ListItem","position":1,"name":"Startseite","item":"https:\/\/leonore-mau.de\/en\/"},{"@type":"ListItem","position":2,"name":"Shop","item":"https:\/\/leonore-mau.de\/en\/shop-2\/"},{"@type":"ListItem","position":3,"name":"Ohne Titel (Hubert Fichte mit Novizen)"}]},{"@type":"WebSite","@id":"https:\/\/leonore-mau.de\/#website","url":"https:\/\/leonore-mau.de\/","name":"Leonore Mau","description":"Fotografin","potentialAction":[{"@type":"SearchAction","target":{"@type":"EntryPoint","urlTemplate":"https:\/\/leonore-mau.de\/?s={search_term_string}"},"query-input":{"@type":"PropertyValueSpecification","valueRequired":true,"valueName":"search_term_string"}}],"inLanguage":"en-US"}]}},"_links":{"self":[{"href":"https:\/\/leonore-mau.de\/en\/wp-json\/wp\/v2\/product\/1670","targetHints":{"allow":["GET"]}}],"collection":[{"href":"https:\/\/leonore-mau.de\/en\/wp-json\/wp\/v2\/product"}],"about":[{"href":"https:\/\/leonore-mau.de\/en\/wp-json\/wp\/v2\/types\/product"}],"wp:featuredmedia":[{"embeddable":true,"href":"https:\/\/leonore-mau.de\/en\/wp-json\/wp\/v2\/media\/1644"}],"wp:attachment":[{"href":"https:\/\/leonore-mau.de\/en\/wp-json\/wp\/v2\/media?parent=1670"}],"wp:term":[{"taxonomy":"product_brand","embeddable":true,"href":"https:\/\/leonore-mau.de\/en\/wp-json\/wp\/v2\/product_brand?post=1670"},{"taxonomy":"product_cat","embeddable":true,"href":"https:\/\/leonore-mau.de\/en\/wp-json\/wp\/v2\/product_cat?post=1670"},{"taxonomy":"product_tag","embeddable":true,"href":"https:\/\/leonore-mau.de\/en\/wp-json\/wp\/v2\/product_tag?post=1670"}],"curies":[{"name":"wp","href":"https:\/\/api.w.org\/{rel}","templated":true}]}}