{"id":1676,"date":"2022-07-14T22:22:03","date_gmt":"2022-07-14T20:22:03","guid":{"rendered":"https:\/\/leonore-mau.de\/produkt\/ohne-titel-hubert-fichte-beim-106-jaehrigen-koenig-von-abomey\/"},"modified":"2022-09-13T23:13:22","modified_gmt":"2022-09-13T21:13:22","slug":"ohne-titel-hubert-fichte-beim-106-jaehrigen-koenig-von-abomey","status":"publish","type":"product","link":"https:\/\/leonore-mau.de\/en\/produkt\/ohne-titel-hubert-fichte-beim-106-jaehrigen-koenig-von-abomey\/","title":{"rendered":"Ohne Titel (Hubert Fichte beim 106-j\u00e4hrigen K\u00f6nig von Abomey)"},"content":{"rendered":"<p>Der Schriftsteller Hubert Fichte \u00fcberreicht dem 106-j\u00e4hrigen K\u00f6nig von Abomey ein Geschenk. Referenz: Ronald Kay, H\u00e4lfte des Lebens, D\u00f6lling und Galitz Verlag, 1996 R\u00fcckseitenbeschriftung: &#8220;Hubert Fichte \u00fcberreicht dem 100 j\u00e4hrigen K\u00f6nig v. Abomey (Benin) ein Geschenk 1978 [sic!]&#8221;<\/p>\n","protected":false},"excerpt":{"rendered":"<p>Der Schriftsteller Hubert Fichte \u00fcberreicht dem 106-j\u00e4hrigen K\u00f6nig von Abomey ein Geschenk. Referenz: Ronald Kay, H\u00e4lfte des Lebens, D\u00f6lling und Galitz Verlag, 1996 R\u00fcckseitenbeschriftung: &#8220;Hubert Fichte \u00fcberreicht dem 100 j\u00e4hrigen K\u00f6nig v. Abomey (Benin) ein Geschenk 1978 [sic!]&#8221;<\/p>\n","protected":false},"featured_media":1638,"template":"","meta":[],"product_brand":[],"product_cat":[17],"product_tag":[78,22,24,21,23,80,939,1109,1110,1111,1112,1113,940,84,1221,1222,1114,1297,1298,36,37,39,40,41,42,1322,43,44,2147,2148,2149,2150,2151,2152,1323,3538,3539,3540,188,189,70,71,1233,95,2288,2289,527,528,529,530,531,532,533,957,958],"class_list":{"0":"post-1676","1":"product","2":"type-product","3":"status-publish","4":"has-post-thumbnail","6":"product_cat-unkategorisiert","7":"product_tag-1970er-jahre","8":"product_tag-20-jahrhundert-nach-chr","9":"product_tag-20-jh-n-chr","10":"product_tag-20-jahrhundert","11":"product_tag-20-jh","12":"product_tag-70er","13":"product_tag-afrika","14":"product_tag-afrikanisch","15":"product_tag-afrikanische","16":"product_tag-afrikanischen","17":"product_tag-afrikanischer","18":"product_tag-afrikanisches","19":"product_tag-afrikas","20":"product_tag-ausland","21":"product_tag-autor","22":"product_tag-autoren","23":"product_tag-benin","24":"product_tag-brille","25":"product_tag-brillen","26":"product_tag-farbaufnahme","27":"product_tag-farbaufnahmen","28":"product_tag-farbfoto","29":"product_tag-farbfotografie","30":"product_tag-farbphoto","31":"product_tag-farbphotographie","32":"product_tag-fichte","33":"product_tag-fotografin","34":"product_tag-fotografinnen","35":"product_tag-gruppenaufnahme","36":"product_tag-gruppenaufnahmen","37":"product_tag-gruppenfoto","38":"product_tag-gruppenfotos","39":"product_tag-gruppenphoto","40":"product_tag-gruppenphotos","41":"product_tag-hubert-21-03-1935-08-03-1986","42":"product_tag-koenig","43":"product_tag-koenige","44":"product_tag-koenigs","45":"product_tag-kopfbedeckung","46":"product_tag-kopfbedeckungen","47":"product_tag-photographin","48":"product_tag-photographinnen","49":"product_tag-schriftsteller","50":"product_tag-siebziger","51":"product_tag-sonnenschirm","52":"product_tag-sonnenschirme","53":"product_tag-tradition","54":"product_tag-traditionell","55":"product_tag-traditionelle","56":"product_tag-traditionellem","57":"product_tag-traditionellen","58":"product_tag-traditioneller","59":"product_tag-traditionelles","60":"product_tag-westafrika","61":"product_tag-westafrikas","63":"first","64":"instock","65":"shipping-taxable","66":"product-type-simple"},"yoast_head":"<!-- This site is optimized with the Yoast SEO plugin v27.3 - https:\/\/yoast.com\/product\/yoast-seo-wordpress\/ -->\n<title>Ohne Titel (Hubert Fichte beim 106-j\u00e4hrigen K\u00f6nig von Abomey) - Leonore Mau<\/title>\n<meta name=\"robots\" content=\"index, follow, max-snippet:-1, max-image-preview:large, max-video-preview:-1\" \/>\n<link rel=\"canonical\" href=\"https:\/\/leonore-mau.de\/produkt\/ohne-titel-hubert-fichte-beim-106-jaehrigen-koenig-von-abomey\/\" \/>\n<meta property=\"og:locale\" content=\"en_US\" \/>\n<meta property=\"og:type\" content=\"article\" \/>\n<meta property=\"og:title\" content=\"Ohne Titel (Hubert Fichte beim 106-j\u00e4hrigen K\u00f6nig von Abomey) - Leonore Mau\" \/>\n<meta property=\"og:description\" content=\"Der Schriftsteller Hubert Fichte \u00fcberreicht dem 106-j\u00e4hrigen K\u00f6nig von Abomey ein Geschenk. Referenz: Ronald Kay, H\u00e4lfte des Lebens, D\u00f6lling und Galitz Verlag, 1996 R\u00fcckseitenbeschriftung: &#8220;Hubert Fichte \u00fcberreicht dem 100 j\u00e4hrigen K\u00f6nig v. Abomey (Benin) ein Geschenk 1978 [sic!]&#8221;\" \/>\n<meta property=\"og:url\" content=\"https:\/\/leonore-mau.de\/produkt\/ohne-titel-hubert-fichte-beim-106-jaehrigen-koenig-von-abomey\/\" \/>\n<meta property=\"og:site_name\" content=\"Leonore Mau\" \/>\n<meta property=\"article:modified_time\" content=\"2022-09-13T21:13:22+00:00\" \/>\n<meta property=\"og:image\" content=\"https:\/\/leonore-mau.de\/wp-content\/uploads\/2022\/07\/70632849.jpg\" \/>\n\t<meta property=\"og:image:width\" content=\"818\" \/>\n\t<meta property=\"og:image:height\" content=\"1200\" \/>\n\t<meta property=\"og:image:type\" content=\"image\/jpeg\" \/>\n<meta name=\"twitter:card\" content=\"summary_large_image\" \/>\n<script type=\"application\/ld+json\" class=\"yoast-schema-graph\">{\"@context\":\"https:\\\/\\\/schema.org\",\"@graph\":[{\"@type\":\"WebPage\",\"@id\":\"https:\\\/\\\/leonore-mau.de\\\/produkt\\\/ohne-titel-hubert-fichte-beim-106-jaehrigen-koenig-von-abomey\\\/\",\"url\":\"https:\\\/\\\/leonore-mau.de\\\/produkt\\\/ohne-titel-hubert-fichte-beim-106-jaehrigen-koenig-von-abomey\\\/\",\"name\":\"Ohne Titel (Hubert Fichte beim 106-j\u00e4hrigen K\u00f6nig von Abomey) - Leonore Mau\",\"isPartOf\":{\"@id\":\"https:\\\/\\\/leonore-mau.de\\\/#website\"},\"primaryImageOfPage\":{\"@id\":\"https:\\\/\\\/leonore-mau.de\\\/produkt\\\/ohne-titel-hubert-fichte-beim-106-jaehrigen-koenig-von-abomey\\\/#primaryimage\"},\"image\":{\"@id\":\"https:\\\/\\\/leonore-mau.de\\\/produkt\\\/ohne-titel-hubert-fichte-beim-106-jaehrigen-koenig-von-abomey\\\/#primaryimage\"},\"thumbnailUrl\":\"https:\\\/\\\/leonore-mau.de\\\/wp-content\\\/uploads\\\/2022\\\/07\\\/70632849.jpg\",\"datePublished\":\"2022-07-14T20:22:03+00:00\",\"dateModified\":\"2022-09-13T21:13:22+00:00\",\"breadcrumb\":{\"@id\":\"https:\\\/\\\/leonore-mau.de\\\/produkt\\\/ohne-titel-hubert-fichte-beim-106-jaehrigen-koenig-von-abomey\\\/#breadcrumb\"},\"inLanguage\":\"en-US\",\"potentialAction\":[{\"@type\":\"ReadAction\",\"target\":[\"https:\\\/\\\/leonore-mau.de\\\/produkt\\\/ohne-titel-hubert-fichte-beim-106-jaehrigen-koenig-von-abomey\\\/\"]}]},{\"@type\":\"ImageObject\",\"inLanguage\":\"en-US\",\"@id\":\"https:\\\/\\\/leonore-mau.de\\\/produkt\\\/ohne-titel-hubert-fichte-beim-106-jaehrigen-koenig-von-abomey\\\/#primaryimage\",\"url\":\"https:\\\/\\\/leonore-mau.de\\\/wp-content\\\/uploads\\\/2022\\\/07\\\/70632849.jpg\",\"contentUrl\":\"https:\\\/\\\/leonore-mau.de\\\/wp-content\\\/uploads\\\/2022\\\/07\\\/70632849.jpg\",\"width\":818,\"height\":1200,\"caption\":\"Der Schriftsteller Hubert Fichte \u00fcberreicht dem 106-j\u00e4hrigen K\u00f6nig von Abomey ein Geschenk. Referenz: Ronald Kay, H\u00e4lfte des Lebens, D\u00f6lling und Galitz Verlag, 1996 R\u00fcckseitenbeschriftung: \\\"Hubert Fichte \u00fcberreicht dem 100 j\u00e4hrigen K\u00f6nig v. Abomey (Benin) ein Geschenk 1978 [sic!]\\\" Aufnahmedatum: 1975 Material\\\/Technik: Foto \\\/ Farbdia Bildformat (Foto): Kleinbild Aufnahmeort: Abomey \\\/ Benin Inventar-Nr.: LM-506079\"},{\"@type\":\"BreadcrumbList\",\"@id\":\"https:\\\/\\\/leonore-mau.de\\\/produkt\\\/ohne-titel-hubert-fichte-beim-106-jaehrigen-koenig-von-abomey\\\/#breadcrumb\",\"itemListElement\":[{\"@type\":\"ListItem\",\"position\":1,\"name\":\"Startseite\",\"item\":\"https:\\\/\\\/leonore-mau.de\\\/en\\\/\"},{\"@type\":\"ListItem\",\"position\":2,\"name\":\"Shop\",\"item\":\"https:\\\/\\\/leonore-mau.de\\\/en\\\/shop-2\\\/\"},{\"@type\":\"ListItem\",\"position\":3,\"name\":\"Ohne Titel (Hubert Fichte beim 106-j\u00e4hrigen K\u00f6nig von Abomey)\"}]},{\"@type\":\"WebSite\",\"@id\":\"https:\\\/\\\/leonore-mau.de\\\/#website\",\"url\":\"https:\\\/\\\/leonore-mau.de\\\/\",\"name\":\"Leonore Mau\",\"description\":\"Fotografin\",\"potentialAction\":[{\"@type\":\"SearchAction\",\"target\":{\"@type\":\"EntryPoint\",\"urlTemplate\":\"https:\\\/\\\/leonore-mau.de\\\/?s={search_term_string}\"},\"query-input\":{\"@type\":\"PropertyValueSpecification\",\"valueRequired\":true,\"valueName\":\"search_term_string\"}}],\"inLanguage\":\"en-US\"}]}<\/script>\n<!-- \/ Yoast SEO plugin. -->","yoast_head_json":{"title":"Ohne Titel (Hubert Fichte beim 106-j\u00e4hrigen K\u00f6nig von Abomey) - Leonore Mau","robots":{"index":"index","follow":"follow","max-snippet":"max-snippet:-1","max-image-preview":"max-image-preview:large","max-video-preview":"max-video-preview:-1"},"canonical":"https:\/\/leonore-mau.de\/produkt\/ohne-titel-hubert-fichte-beim-106-jaehrigen-koenig-von-abomey\/","og_locale":"en_US","og_type":"article","og_title":"Ohne Titel (Hubert Fichte beim 106-j\u00e4hrigen K\u00f6nig von Abomey) - Leonore Mau","og_description":"Der Schriftsteller Hubert Fichte \u00fcberreicht dem 106-j\u00e4hrigen K\u00f6nig von Abomey ein Geschenk. Referenz: Ronald Kay, H\u00e4lfte des Lebens, D\u00f6lling und Galitz Verlag, 1996 R\u00fcckseitenbeschriftung: &#8220;Hubert Fichte \u00fcberreicht dem 100 j\u00e4hrigen K\u00f6nig v. Abomey (Benin) ein Geschenk 1978 [sic!]&#8221;","og_url":"https:\/\/leonore-mau.de\/produkt\/ohne-titel-hubert-fichte-beim-106-jaehrigen-koenig-von-abomey\/","og_site_name":"Leonore Mau","article_modified_time":"2022-09-13T21:13:22+00:00","og_image":[{"width":818,"height":1200,"url":"https:\/\/leonore-mau.de\/wp-content\/uploads\/2022\/07\/70632849.jpg","type":"image\/jpeg"}],"twitter_card":"summary_large_image","schema":{"@context":"https:\/\/schema.org","@graph":[{"@type":"WebPage","@id":"https:\/\/leonore-mau.de\/produkt\/ohne-titel-hubert-fichte-beim-106-jaehrigen-koenig-von-abomey\/","url":"https:\/\/leonore-mau.de\/produkt\/ohne-titel-hubert-fichte-beim-106-jaehrigen-koenig-von-abomey\/","name":"Ohne Titel (Hubert Fichte beim 106-j\u00e4hrigen K\u00f6nig von Abomey) - Leonore Mau","isPartOf":{"@id":"https:\/\/leonore-mau.de\/#website"},"primaryImageOfPage":{"@id":"https:\/\/leonore-mau.de\/produkt\/ohne-titel-hubert-fichte-beim-106-jaehrigen-koenig-von-abomey\/#primaryimage"},"image":{"@id":"https:\/\/leonore-mau.de\/produkt\/ohne-titel-hubert-fichte-beim-106-jaehrigen-koenig-von-abomey\/#primaryimage"},"thumbnailUrl":"https:\/\/leonore-mau.de\/wp-content\/uploads\/2022\/07\/70632849.jpg","datePublished":"2022-07-14T20:22:03+00:00","dateModified":"2022-09-13T21:13:22+00:00","breadcrumb":{"@id":"https:\/\/leonore-mau.de\/produkt\/ohne-titel-hubert-fichte-beim-106-jaehrigen-koenig-von-abomey\/#breadcrumb"},"inLanguage":"en-US","potentialAction":[{"@type":"ReadAction","target":["https:\/\/leonore-mau.de\/produkt\/ohne-titel-hubert-fichte-beim-106-jaehrigen-koenig-von-abomey\/"]}]},{"@type":"ImageObject","inLanguage":"en-US","@id":"https:\/\/leonore-mau.de\/produkt\/ohne-titel-hubert-fichte-beim-106-jaehrigen-koenig-von-abomey\/#primaryimage","url":"https:\/\/leonore-mau.de\/wp-content\/uploads\/2022\/07\/70632849.jpg","contentUrl":"https:\/\/leonore-mau.de\/wp-content\/uploads\/2022\/07\/70632849.jpg","width":818,"height":1200,"caption":"Der Schriftsteller Hubert Fichte \u00fcberreicht dem 106-j\u00e4hrigen K\u00f6nig von Abomey ein Geschenk. Referenz: Ronald Kay, H\u00e4lfte des Lebens, D\u00f6lling und Galitz Verlag, 1996 R\u00fcckseitenbeschriftung: \"Hubert Fichte \u00fcberreicht dem 100 j\u00e4hrigen K\u00f6nig v. Abomey (Benin) ein Geschenk 1978 [sic!]\" Aufnahmedatum: 1975 Material\/Technik: Foto \/ Farbdia Bildformat (Foto): Kleinbild Aufnahmeort: Abomey \/ Benin Inventar-Nr.: LM-506079"},{"@type":"BreadcrumbList","@id":"https:\/\/leonore-mau.de\/produkt\/ohne-titel-hubert-fichte-beim-106-jaehrigen-koenig-von-abomey\/#breadcrumb","itemListElement":[{"@type":"ListItem","position":1,"name":"Startseite","item":"https:\/\/leonore-mau.de\/en\/"},{"@type":"ListItem","position":2,"name":"Shop","item":"https:\/\/leonore-mau.de\/en\/shop-2\/"},{"@type":"ListItem","position":3,"name":"Ohne Titel (Hubert Fichte beim 106-j\u00e4hrigen K\u00f6nig von Abomey)"}]},{"@type":"WebSite","@id":"https:\/\/leonore-mau.de\/#website","url":"https:\/\/leonore-mau.de\/","name":"Leonore Mau","description":"Fotografin","potentialAction":[{"@type":"SearchAction","target":{"@type":"EntryPoint","urlTemplate":"https:\/\/leonore-mau.de\/?s={search_term_string}"},"query-input":{"@type":"PropertyValueSpecification","valueRequired":true,"valueName":"search_term_string"}}],"inLanguage":"en-US"}]}},"_links":{"self":[{"href":"https:\/\/leonore-mau.de\/en\/wp-json\/wp\/v2\/product\/1676","targetHints":{"allow":["GET"]}}],"collection":[{"href":"https:\/\/leonore-mau.de\/en\/wp-json\/wp\/v2\/product"}],"about":[{"href":"https:\/\/leonore-mau.de\/en\/wp-json\/wp\/v2\/types\/product"}],"wp:featuredmedia":[{"embeddable":true,"href":"https:\/\/leonore-mau.de\/en\/wp-json\/wp\/v2\/media\/1638"}],"wp:attachment":[{"href":"https:\/\/leonore-mau.de\/en\/wp-json\/wp\/v2\/media?parent=1676"}],"wp:term":[{"taxonomy":"product_brand","embeddable":true,"href":"https:\/\/leonore-mau.de\/en\/wp-json\/wp\/v2\/product_brand?post=1676"},{"taxonomy":"product_cat","embeddable":true,"href":"https:\/\/leonore-mau.de\/en\/wp-json\/wp\/v2\/product_cat?post=1676"},{"taxonomy":"product_tag","embeddable":true,"href":"https:\/\/leonore-mau.de\/en\/wp-json\/wp\/v2\/product_tag?post=1676"}],"curies":[{"name":"wp","href":"https:\/\/api.w.org\/{rel}","templated":true}]}}