{"id":1685,"date":"2022-07-14T22:22:10","date_gmt":"2022-07-14T20:22:10","guid":{"rendered":"https:\/\/leonore-mau.de\/produkt\/haitianisches-militaer\/"},"modified":"2022-09-13T23:13:25","modified_gmt":"2022-09-13T21:13:25","slug":"haitianisches-militaer","status":"publish","type":"product","link":"https:\/\/leonore-mau.de\/en\/produkt\/haitianisches-militaer\/","title":{"rendered":"Haitianisches Milit\u00e4r"},"content":{"rendered":"<p>Das Milit\u00e4r (Les L\u00e9opardes) des haitianischen Staatspr\u00e4sidenten Jean-Claude Duvalier. Im Vordergrund ein Soldat in Uniform. Rechts neben ihm zwei Jungen. Im Hintergrund stehen Soldaten in mehreren Reihen. Ein Teil davon wird durch einen Ast mit Bl\u00e4ttern verdeckt. R\u00fcckseitenbeschriftung: &#8220;Haiti 1973&#8221;<\/p>\n","protected":false},"excerpt":{"rendered":"<p>Das Milit\u00e4r (Les L\u00e9opardes) des haitianischen Staatspr\u00e4sidenten Jean-Claude Duvalier. Im Vordergrund ein Soldat in Uniform. Rechts neben ihm zwei Jungen. Im Hintergrund stehen Soldaten in mehreren Reihen. Ein Teil davon wird durch einen Ast mit Bl\u00e4ttern verdeckt. R\u00fcckseitenbeschriftung: &#8220;Haiti 1973&#8221;<\/p>\n","protected":false},"featured_media":1629,"template":"","meta":[],"product_brand":[],"product_cat":[17],"product_tag":[78,22,24,21,23,80,3559,3560,3561,84,171,172,2484,2485,3562,3563,3564,43,44,3565,3566,204,241,727,714,188,189,486,3567,3568,70,71,3569,105,107,93,92,94,91,95,1256,2827,996,997,998,999,1000,1001,106,108,3570,3571,1003],"class_list":{"0":"post-1685","1":"product","2":"type-product","3":"status-publish","4":"has-post-thumbnail","6":"product_cat-unkategorisiert","7":"product_tag-1970er-jahre","8":"product_tag-20-jahrhundert-nach-chr","9":"product_tag-20-jh-n-chr","10":"product_tag-20-jahrhundert","11":"product_tag-20-jh","12":"product_tag-70er","13":"product_tag-ast","14":"product_tag-aufgereiht","15":"product_tag-aufreihung","16":"product_tag-ausland","17":"product_tag-aussenaufnahme","18":"product_tag-aussenaufnahmen","19":"product_tag-blatt","20":"product_tag-blaetter","21":"product_tag-cowboyhut","22":"product_tag-elitetruppe","23":"product_tag-elitetruppen","24":"product_tag-fotografin","25":"product_tag-fotografinnen","26":"product_tag-fusssoldat","27":"product_tag-fusssoldaten","28":"product_tag-haiti","29":"product_tag-hut","30":"product_tag-junge","31":"product_tag-jungen","32":"product_tag-kopfbedeckung","33":"product_tag-kopfbedeckungen","34":"product_tag-mann","35":"product_tag-militaer","36":"product_tag-militaers","37":"product_tag-photographin","38":"product_tag-photographinnen","39":"product_tag-reihe","40":"product_tag-s-w-fotografie","41":"product_tag-s-w-photographie","42":"product_tag-schwarzweissphotographie","43":"product_tag-schwarz-weiss-fotografie","44":"product_tag-schwarz-weiss-photographie","45":"product_tag-schwarzweissfotografie","46":"product_tag-siebziger","47":"product_tag-soldat","48":"product_tag-soldaten","49":"product_tag-stehen","50":"product_tag-stehend","51":"product_tag-stehende","52":"product_tag-stehenden","53":"product_tag-stehender","54":"product_tag-stehendes","55":"product_tag-sw-fotografie","56":"product_tag-sw-photographie","57":"product_tag-tarnanzug","58":"product_tag-tarnuniform","59":"product_tag-uniform","61":"first","62":"instock","63":"shipping-taxable","64":"product-type-simple"},"yoast_head":"<!-- This site is optimized with the Yoast SEO plugin v27.3 - https:\/\/yoast.com\/product\/yoast-seo-wordpress\/ -->\n<title>Haitianisches Milit\u00e4r - Leonore Mau<\/title>\n<meta name=\"robots\" content=\"index, follow, max-snippet:-1, max-image-preview:large, max-video-preview:-1\" \/>\n<link rel=\"canonical\" href=\"https:\/\/leonore-mau.de\/produkt\/haitianisches-militaer\/\" \/>\n<meta property=\"og:locale\" content=\"en_US\" \/>\n<meta property=\"og:type\" content=\"article\" \/>\n<meta property=\"og:title\" content=\"Haitianisches Milit\u00e4r - Leonore Mau\" \/>\n<meta property=\"og:description\" content=\"Das Milit\u00e4r (Les L\u00e9opardes) des haitianischen Staatspr\u00e4sidenten Jean-Claude Duvalier. Im Vordergrund ein Soldat in Uniform. Rechts neben ihm zwei Jungen. Im Hintergrund stehen Soldaten in mehreren Reihen. Ein Teil davon wird durch einen Ast mit Bl\u00e4ttern verdeckt. R\u00fcckseitenbeschriftung: &#8220;Haiti 1973&#8221;\" \/>\n<meta property=\"og:url\" content=\"https:\/\/leonore-mau.de\/produkt\/haitianisches-militaer\/\" \/>\n<meta property=\"og:site_name\" content=\"Leonore Mau\" \/>\n<meta property=\"article:modified_time\" content=\"2022-09-13T21:13:25+00:00\" \/>\n<meta property=\"og:image\" content=\"https:\/\/leonore-mau.de\/wp-content\/uploads\/2022\/07\/70373727.jpg\" \/>\n\t<meta property=\"og:image:width\" content=\"1200\" \/>\n\t<meta property=\"og:image:height\" content=\"734\" \/>\n\t<meta property=\"og:image:type\" content=\"image\/jpeg\" \/>\n<meta name=\"twitter:card\" content=\"summary_large_image\" \/>\n<script type=\"application\/ld+json\" class=\"yoast-schema-graph\">{\"@context\":\"https:\\\/\\\/schema.org\",\"@graph\":[{\"@type\":\"WebPage\",\"@id\":\"https:\\\/\\\/leonore-mau.de\\\/produkt\\\/haitianisches-militaer\\\/\",\"url\":\"https:\\\/\\\/leonore-mau.de\\\/produkt\\\/haitianisches-militaer\\\/\",\"name\":\"Haitianisches Milit\u00e4r - Leonore Mau\",\"isPartOf\":{\"@id\":\"https:\\\/\\\/leonore-mau.de\\\/#website\"},\"primaryImageOfPage\":{\"@id\":\"https:\\\/\\\/leonore-mau.de\\\/produkt\\\/haitianisches-militaer\\\/#primaryimage\"},\"image\":{\"@id\":\"https:\\\/\\\/leonore-mau.de\\\/produkt\\\/haitianisches-militaer\\\/#primaryimage\"},\"thumbnailUrl\":\"https:\\\/\\\/leonore-mau.de\\\/wp-content\\\/uploads\\\/2022\\\/07\\\/70373727.jpg\",\"datePublished\":\"2022-07-14T20:22:10+00:00\",\"dateModified\":\"2022-09-13T21:13:25+00:00\",\"breadcrumb\":{\"@id\":\"https:\\\/\\\/leonore-mau.de\\\/produkt\\\/haitianisches-militaer\\\/#breadcrumb\"},\"inLanguage\":\"en-US\",\"potentialAction\":[{\"@type\":\"ReadAction\",\"target\":[\"https:\\\/\\\/leonore-mau.de\\\/produkt\\\/haitianisches-militaer\\\/\"]}]},{\"@type\":\"ImageObject\",\"inLanguage\":\"en-US\",\"@id\":\"https:\\\/\\\/leonore-mau.de\\\/produkt\\\/haitianisches-militaer\\\/#primaryimage\",\"url\":\"https:\\\/\\\/leonore-mau.de\\\/wp-content\\\/uploads\\\/2022\\\/07\\\/70373727.jpg\",\"contentUrl\":\"https:\\\/\\\/leonore-mau.de\\\/wp-content\\\/uploads\\\/2022\\\/07\\\/70373727.jpg\",\"width\":1200,\"height\":734,\"caption\":\"Das Milit\u00e4r (Les L\u00e9opardes) des haitianischen Staatspr\u00e4sidenten Jean-Claude Duvalier. Im Vordergrund ein Soldat in Uniform. Rechts neben ihm zwei Jungen. Im Hintergrund stehen Soldaten in mehreren Reihen. Ein Teil davon wird durch einen Ast mit Bl\u00e4ttern verdeckt. R\u00fcckseitenbeschriftung: \\\"Haiti 1973\\\" Aufnahmedatum: 1973 Material\\\/Technik: Foto \\\/ Silbergelatine auf PE-Papier Bildformat (Foto): 18,7 x 30,5 cm Aufnahmeort: Haiti Inventar-Nr.: LM-504635\"},{\"@type\":\"BreadcrumbList\",\"@id\":\"https:\\\/\\\/leonore-mau.de\\\/produkt\\\/haitianisches-militaer\\\/#breadcrumb\",\"itemListElement\":[{\"@type\":\"ListItem\",\"position\":1,\"name\":\"Startseite\",\"item\":\"https:\\\/\\\/leonore-mau.de\\\/en\\\/\"},{\"@type\":\"ListItem\",\"position\":2,\"name\":\"Shop\",\"item\":\"https:\\\/\\\/leonore-mau.de\\\/en\\\/shop-2\\\/\"},{\"@type\":\"ListItem\",\"position\":3,\"name\":\"Haitianisches Milit\u00e4r\"}]},{\"@type\":\"WebSite\",\"@id\":\"https:\\\/\\\/leonore-mau.de\\\/#website\",\"url\":\"https:\\\/\\\/leonore-mau.de\\\/\",\"name\":\"Leonore Mau\",\"description\":\"Fotografin\",\"potentialAction\":[{\"@type\":\"SearchAction\",\"target\":{\"@type\":\"EntryPoint\",\"urlTemplate\":\"https:\\\/\\\/leonore-mau.de\\\/?s={search_term_string}\"},\"query-input\":{\"@type\":\"PropertyValueSpecification\",\"valueRequired\":true,\"valueName\":\"search_term_string\"}}],\"inLanguage\":\"en-US\"}]}<\/script>\n<!-- \/ Yoast SEO plugin. -->","yoast_head_json":{"title":"Haitianisches Milit\u00e4r - Leonore Mau","robots":{"index":"index","follow":"follow","max-snippet":"max-snippet:-1","max-image-preview":"max-image-preview:large","max-video-preview":"max-video-preview:-1"},"canonical":"https:\/\/leonore-mau.de\/produkt\/haitianisches-militaer\/","og_locale":"en_US","og_type":"article","og_title":"Haitianisches Milit\u00e4r - Leonore Mau","og_description":"Das Milit\u00e4r (Les L\u00e9opardes) des haitianischen Staatspr\u00e4sidenten Jean-Claude Duvalier. Im Vordergrund ein Soldat in Uniform. Rechts neben ihm zwei Jungen. Im Hintergrund stehen Soldaten in mehreren Reihen. Ein Teil davon wird durch einen Ast mit Bl\u00e4ttern verdeckt. R\u00fcckseitenbeschriftung: &#8220;Haiti 1973&#8221;","og_url":"https:\/\/leonore-mau.de\/produkt\/haitianisches-militaer\/","og_site_name":"Leonore Mau","article_modified_time":"2022-09-13T21:13:25+00:00","og_image":[{"width":1200,"height":734,"url":"https:\/\/leonore-mau.de\/wp-content\/uploads\/2022\/07\/70373727.jpg","type":"image\/jpeg"}],"twitter_card":"summary_large_image","schema":{"@context":"https:\/\/schema.org","@graph":[{"@type":"WebPage","@id":"https:\/\/leonore-mau.de\/produkt\/haitianisches-militaer\/","url":"https:\/\/leonore-mau.de\/produkt\/haitianisches-militaer\/","name":"Haitianisches Milit\u00e4r - Leonore Mau","isPartOf":{"@id":"https:\/\/leonore-mau.de\/#website"},"primaryImageOfPage":{"@id":"https:\/\/leonore-mau.de\/produkt\/haitianisches-militaer\/#primaryimage"},"image":{"@id":"https:\/\/leonore-mau.de\/produkt\/haitianisches-militaer\/#primaryimage"},"thumbnailUrl":"https:\/\/leonore-mau.de\/wp-content\/uploads\/2022\/07\/70373727.jpg","datePublished":"2022-07-14T20:22:10+00:00","dateModified":"2022-09-13T21:13:25+00:00","breadcrumb":{"@id":"https:\/\/leonore-mau.de\/produkt\/haitianisches-militaer\/#breadcrumb"},"inLanguage":"en-US","potentialAction":[{"@type":"ReadAction","target":["https:\/\/leonore-mau.de\/produkt\/haitianisches-militaer\/"]}]},{"@type":"ImageObject","inLanguage":"en-US","@id":"https:\/\/leonore-mau.de\/produkt\/haitianisches-militaer\/#primaryimage","url":"https:\/\/leonore-mau.de\/wp-content\/uploads\/2022\/07\/70373727.jpg","contentUrl":"https:\/\/leonore-mau.de\/wp-content\/uploads\/2022\/07\/70373727.jpg","width":1200,"height":734,"caption":"Das Milit\u00e4r (Les L\u00e9opardes) des haitianischen Staatspr\u00e4sidenten Jean-Claude Duvalier. Im Vordergrund ein Soldat in Uniform. Rechts neben ihm zwei Jungen. Im Hintergrund stehen Soldaten in mehreren Reihen. Ein Teil davon wird durch einen Ast mit Bl\u00e4ttern verdeckt. R\u00fcckseitenbeschriftung: \"Haiti 1973\" Aufnahmedatum: 1973 Material\/Technik: Foto \/ Silbergelatine auf PE-Papier Bildformat (Foto): 18,7 x 30,5 cm Aufnahmeort: Haiti Inventar-Nr.: LM-504635"},{"@type":"BreadcrumbList","@id":"https:\/\/leonore-mau.de\/produkt\/haitianisches-militaer\/#breadcrumb","itemListElement":[{"@type":"ListItem","position":1,"name":"Startseite","item":"https:\/\/leonore-mau.de\/en\/"},{"@type":"ListItem","position":2,"name":"Shop","item":"https:\/\/leonore-mau.de\/en\/shop-2\/"},{"@type":"ListItem","position":3,"name":"Haitianisches Milit\u00e4r"}]},{"@type":"WebSite","@id":"https:\/\/leonore-mau.de\/#website","url":"https:\/\/leonore-mau.de\/","name":"Leonore Mau","description":"Fotografin","potentialAction":[{"@type":"SearchAction","target":{"@type":"EntryPoint","urlTemplate":"https:\/\/leonore-mau.de\/?s={search_term_string}"},"query-input":{"@type":"PropertyValueSpecification","valueRequired":true,"valueName":"search_term_string"}}],"inLanguage":"en-US"}]}},"_links":{"self":[{"href":"https:\/\/leonore-mau.de\/en\/wp-json\/wp\/v2\/product\/1685","targetHints":{"allow":["GET"]}}],"collection":[{"href":"https:\/\/leonore-mau.de\/en\/wp-json\/wp\/v2\/product"}],"about":[{"href":"https:\/\/leonore-mau.de\/en\/wp-json\/wp\/v2\/types\/product"}],"wp:featuredmedia":[{"embeddable":true,"href":"https:\/\/leonore-mau.de\/en\/wp-json\/wp\/v2\/media\/1629"}],"wp:attachment":[{"href":"https:\/\/leonore-mau.de\/en\/wp-json\/wp\/v2\/media?parent=1685"}],"wp:term":[{"taxonomy":"product_brand","embeddable":true,"href":"https:\/\/leonore-mau.de\/en\/wp-json\/wp\/v2\/product_brand?post=1685"},{"taxonomy":"product_cat","embeddable":true,"href":"https:\/\/leonore-mau.de\/en\/wp-json\/wp\/v2\/product_cat?post=1685"},{"taxonomy":"product_tag","embeddable":true,"href":"https:\/\/leonore-mau.de\/en\/wp-json\/wp\/v2\/product_tag?post=1685"}],"curies":[{"name":"wp","href":"https:\/\/api.w.org\/{rel}","templated":true}]}}