{"id":1688,"date":"2022-07-14T22:22:14","date_gmt":"2022-07-14T20:22:14","guid":{"rendered":"https:\/\/leonore-mau.de\/produkt\/ohne-titel-kindermaedchen\/"},"modified":"2022-09-13T23:13:32","modified_gmt":"2022-09-13T21:13:32","slug":"ohne-titel-kindermaedchen","status":"publish","type":"product","link":"https:\/\/leonore-mau.de\/en\/produkt\/ohne-titel-kindermaedchen\/","title":{"rendered":"Ohne Titel (Kinderm\u00e4dchen)"},"content":{"rendered":"<p>Zwei Kinderm\u00e4dchen sitzend auf einer Bank. Eine von ihnen hat ein junges M\u00e4dchen auf dem Scho\u00df. Hinter der Bank steht ein kleiner Junge.  Aufgenommen in Bahia in der Allerheiligenbucht, Ba\u00eda de Todos os Santos.  \u00bbDas Ideal ist die weisse Hautfarbe. Schwarze Kinder spielen mit weissen Puppen. Die weissen Kinder der Oberklasse lernen die Afroamerikaner nur als Dienstboten kennen.\u00ab Referenz: Hubert Fichte und Leonore Mau, Xango, S. Fischer Verlag GmbH, 1976<\/p>\n","protected":false},"excerpt":{"rendered":"<p>Zwei Kinderm\u00e4dchen sitzend auf einer Bank. Eine von ihnen hat ein junges M\u00e4dchen auf dem Scho\u00df. Hinter der Bank steht ein kleiner Junge. Aufgenommen in Bahia in der Allerheiligenbucht, Ba\u00eda de Todos os Santos. \u00bbDas Ideal ist die weisse Hautfarbe. Schwarze Kinder spielen mit weissen Puppen. Die weissen Kinder der Oberklasse lernen die Afroamerikaner nur [&hellip;]<\/p>\n","protected":false},"featured_media":1626,"template":"","meta":[],"product_brand":[],"product_cat":[17],"product_tag":[78,22,24,21,23,80,84,171,172,1508,1509,173,174,175,3574,3575,43,44,354,740,727,169,552,623,70,71,105,107,93,92,94,91,95,1518,1519,536,537,538,539,540,541,542,163,164,106,108,1031],"class_list":{"0":"post-1688","1":"product","2":"type-product","3":"status-publish","4":"has-post-thumbnail","6":"product_cat-unkategorisiert","7":"product_tag-1970er-jahre","8":"product_tag-20-jahrhundert-nach-chr","9":"product_tag-20-jh-n-chr","10":"product_tag-20-jahrhundert","11":"product_tag-20-jh","12":"product_tag-70er","13":"product_tag-ausland","14":"product_tag-aussenaufnahme","15":"product_tag-aussenaufnahmen","16":"product_tag-bank","17":"product_tag-baenke","18":"product_tag-brasil","19":"product_tag-brasilien","20":"product_tag-brasiliens","21":"product_tag-erziehen","22":"product_tag-erziehung","23":"product_tag-fotografin","24":"product_tag-fotografinnen","25":"product_tag-frau","26":"product_tag-frauen","27":"product_tag-junge","28":"product_tag-kind","29":"product_tag-kinder","30":"product_tag-maedchen","31":"product_tag-photographin","32":"product_tag-photographinnen","33":"product_tag-s-w-fotografie","34":"product_tag-s-w-photographie","35":"product_tag-schwarzweissphotographie","36":"product_tag-schwarz-weiss-fotografie","37":"product_tag-schwarz-weiss-photographie","38":"product_tag-schwarzweissfotografie","39":"product_tag-siebziger","40":"product_tag-sitzbank","41":"product_tag-sitzbaenke","42":"product_tag-sitzen","43":"product_tag-sitzend","44":"product_tag-sitzende","45":"product_tag-sitzenden","46":"product_tag-sitzender","47":"product_tag-sitzendes","48":"product_tag-sitzt","49":"product_tag-suedamerika","50":"product_tag-suedamerikas","51":"product_tag-sw-fotografie","52":"product_tag-sw-photographie","53":"product_tag-xango","55":"first","56":"instock","57":"shipping-taxable","58":"product-type-simple"},"yoast_head":"<!-- This site is optimized with the Yoast SEO plugin v27.3 - https:\/\/yoast.com\/product\/yoast-seo-wordpress\/ -->\n<title>Ohne Titel (Kinderm\u00e4dchen) - Leonore Mau<\/title>\n<meta name=\"robots\" content=\"index, follow, max-snippet:-1, max-image-preview:large, max-video-preview:-1\" \/>\n<link rel=\"canonical\" href=\"https:\/\/leonore-mau.de\/produkt\/ohne-titel-kindermaedchen\/\" \/>\n<meta property=\"og:locale\" content=\"en_US\" \/>\n<meta property=\"og:type\" content=\"article\" \/>\n<meta property=\"og:title\" content=\"Ohne Titel (Kinderm\u00e4dchen) - Leonore Mau\" \/>\n<meta property=\"og:description\" content=\"Zwei Kinderm\u00e4dchen sitzend auf einer Bank. Eine von ihnen hat ein junges M\u00e4dchen auf dem Scho\u00df. Hinter der Bank steht ein kleiner Junge. Aufgenommen in Bahia in der Allerheiligenbucht, Ba\u00eda de Todos os Santos. \u00bbDas Ideal ist die weisse Hautfarbe. Schwarze Kinder spielen mit weissen Puppen. Die weissen Kinder der Oberklasse lernen die Afroamerikaner nur [&hellip;]\" \/>\n<meta property=\"og:url\" content=\"https:\/\/leonore-mau.de\/produkt\/ohne-titel-kindermaedchen\/\" \/>\n<meta property=\"og:site_name\" content=\"Leonore Mau\" \/>\n<meta property=\"article:modified_time\" content=\"2022-09-13T21:13:32+00:00\" \/>\n<meta property=\"og:image\" content=\"https:\/\/leonore-mau.de\/wp-content\/uploads\/2022\/07\/70369511.jpg\" \/>\n\t<meta property=\"og:image:width\" content=\"784\" \/>\n\t<meta property=\"og:image:height\" content=\"1200\" \/>\n\t<meta property=\"og:image:type\" content=\"image\/jpeg\" \/>\n<meta name=\"twitter:card\" content=\"summary_large_image\" \/>\n<script type=\"application\/ld+json\" class=\"yoast-schema-graph\">{\"@context\":\"https:\\\/\\\/schema.org\",\"@graph\":[{\"@type\":\"WebPage\",\"@id\":\"https:\\\/\\\/leonore-mau.de\\\/produkt\\\/ohne-titel-kindermaedchen\\\/\",\"url\":\"https:\\\/\\\/leonore-mau.de\\\/produkt\\\/ohne-titel-kindermaedchen\\\/\",\"name\":\"Ohne Titel (Kinderm\u00e4dchen) - Leonore Mau\",\"isPartOf\":{\"@id\":\"https:\\\/\\\/leonore-mau.de\\\/#website\"},\"primaryImageOfPage\":{\"@id\":\"https:\\\/\\\/leonore-mau.de\\\/produkt\\\/ohne-titel-kindermaedchen\\\/#primaryimage\"},\"image\":{\"@id\":\"https:\\\/\\\/leonore-mau.de\\\/produkt\\\/ohne-titel-kindermaedchen\\\/#primaryimage\"},\"thumbnailUrl\":\"https:\\\/\\\/leonore-mau.de\\\/wp-content\\\/uploads\\\/2022\\\/07\\\/70369511.jpg\",\"datePublished\":\"2022-07-14T20:22:14+00:00\",\"dateModified\":\"2022-09-13T21:13:32+00:00\",\"breadcrumb\":{\"@id\":\"https:\\\/\\\/leonore-mau.de\\\/produkt\\\/ohne-titel-kindermaedchen\\\/#breadcrumb\"},\"inLanguage\":\"en-US\",\"potentialAction\":[{\"@type\":\"ReadAction\",\"target\":[\"https:\\\/\\\/leonore-mau.de\\\/produkt\\\/ohne-titel-kindermaedchen\\\/\"]}]},{\"@type\":\"ImageObject\",\"inLanguage\":\"en-US\",\"@id\":\"https:\\\/\\\/leonore-mau.de\\\/produkt\\\/ohne-titel-kindermaedchen\\\/#primaryimage\",\"url\":\"https:\\\/\\\/leonore-mau.de\\\/wp-content\\\/uploads\\\/2022\\\/07\\\/70369511.jpg\",\"contentUrl\":\"https:\\\/\\\/leonore-mau.de\\\/wp-content\\\/uploads\\\/2022\\\/07\\\/70369511.jpg\",\"width\":784,\"height\":1200,\"caption\":\"Zwei Kinderm\u00e4dchen sitzend auf einer Bank. Eine von ihnen hat ein junges M\u00e4dchen auf dem Scho\u00df. Hinter der Bank steht ein kleiner Junge. Aufgenommen in Bahia in der Allerheiligenbucht, Ba\u00eda de Todos os Santos. \u0084Das Ideal ist die weisse Hautfarbe. Schwarze Kinder spielen mit weissen Puppen. Die weissen Kinder der Oberklasse lernen die Afroamerikaner nur als Dienstboten kennen.\u0093 Referenz: Hubert Fichte und Leonore Mau, Xango, S. Fischer Verlag GmbH, 1976 Aufnahmedatum: 1971 Material\\\/Technik: Foto \\\/ Silbergelatine auf Barytpapier Bildformat (Foto): 15,4 x 23,3 cm Aufnahmeort: Salvador da Bahia Inventar-Nr.: LM-502234\"},{\"@type\":\"BreadcrumbList\",\"@id\":\"https:\\\/\\\/leonore-mau.de\\\/produkt\\\/ohne-titel-kindermaedchen\\\/#breadcrumb\",\"itemListElement\":[{\"@type\":\"ListItem\",\"position\":1,\"name\":\"Startseite\",\"item\":\"https:\\\/\\\/leonore-mau.de\\\/en\\\/\"},{\"@type\":\"ListItem\",\"position\":2,\"name\":\"Shop\",\"item\":\"https:\\\/\\\/leonore-mau.de\\\/en\\\/shop-2\\\/\"},{\"@type\":\"ListItem\",\"position\":3,\"name\":\"Ohne Titel (Kinderm\u00e4dchen)\"}]},{\"@type\":\"WebSite\",\"@id\":\"https:\\\/\\\/leonore-mau.de\\\/#website\",\"url\":\"https:\\\/\\\/leonore-mau.de\\\/\",\"name\":\"Leonore Mau\",\"description\":\"Fotografin\",\"potentialAction\":[{\"@type\":\"SearchAction\",\"target\":{\"@type\":\"EntryPoint\",\"urlTemplate\":\"https:\\\/\\\/leonore-mau.de\\\/?s={search_term_string}\"},\"query-input\":{\"@type\":\"PropertyValueSpecification\",\"valueRequired\":true,\"valueName\":\"search_term_string\"}}],\"inLanguage\":\"en-US\"}]}<\/script>\n<!-- \/ Yoast SEO plugin. -->","yoast_head_json":{"title":"Ohne Titel (Kinderm\u00e4dchen) - Leonore Mau","robots":{"index":"index","follow":"follow","max-snippet":"max-snippet:-1","max-image-preview":"max-image-preview:large","max-video-preview":"max-video-preview:-1"},"canonical":"https:\/\/leonore-mau.de\/produkt\/ohne-titel-kindermaedchen\/","og_locale":"en_US","og_type":"article","og_title":"Ohne Titel (Kinderm\u00e4dchen) - Leonore Mau","og_description":"Zwei Kinderm\u00e4dchen sitzend auf einer Bank. Eine von ihnen hat ein junges M\u00e4dchen auf dem Scho\u00df. Hinter der Bank steht ein kleiner Junge. Aufgenommen in Bahia in der Allerheiligenbucht, Ba\u00eda de Todos os Santos. \u00bbDas Ideal ist die weisse Hautfarbe. Schwarze Kinder spielen mit weissen Puppen. Die weissen Kinder der Oberklasse lernen die Afroamerikaner nur [&hellip;]","og_url":"https:\/\/leonore-mau.de\/produkt\/ohne-titel-kindermaedchen\/","og_site_name":"Leonore Mau","article_modified_time":"2022-09-13T21:13:32+00:00","og_image":[{"width":784,"height":1200,"url":"https:\/\/leonore-mau.de\/wp-content\/uploads\/2022\/07\/70369511.jpg","type":"image\/jpeg"}],"twitter_card":"summary_large_image","schema":{"@context":"https:\/\/schema.org","@graph":[{"@type":"WebPage","@id":"https:\/\/leonore-mau.de\/produkt\/ohne-titel-kindermaedchen\/","url":"https:\/\/leonore-mau.de\/produkt\/ohne-titel-kindermaedchen\/","name":"Ohne Titel (Kinderm\u00e4dchen) - Leonore Mau","isPartOf":{"@id":"https:\/\/leonore-mau.de\/#website"},"primaryImageOfPage":{"@id":"https:\/\/leonore-mau.de\/produkt\/ohne-titel-kindermaedchen\/#primaryimage"},"image":{"@id":"https:\/\/leonore-mau.de\/produkt\/ohne-titel-kindermaedchen\/#primaryimage"},"thumbnailUrl":"https:\/\/leonore-mau.de\/wp-content\/uploads\/2022\/07\/70369511.jpg","datePublished":"2022-07-14T20:22:14+00:00","dateModified":"2022-09-13T21:13:32+00:00","breadcrumb":{"@id":"https:\/\/leonore-mau.de\/produkt\/ohne-titel-kindermaedchen\/#breadcrumb"},"inLanguage":"en-US","potentialAction":[{"@type":"ReadAction","target":["https:\/\/leonore-mau.de\/produkt\/ohne-titel-kindermaedchen\/"]}]},{"@type":"ImageObject","inLanguage":"en-US","@id":"https:\/\/leonore-mau.de\/produkt\/ohne-titel-kindermaedchen\/#primaryimage","url":"https:\/\/leonore-mau.de\/wp-content\/uploads\/2022\/07\/70369511.jpg","contentUrl":"https:\/\/leonore-mau.de\/wp-content\/uploads\/2022\/07\/70369511.jpg","width":784,"height":1200,"caption":"Zwei Kinderm\u00e4dchen sitzend auf einer Bank. Eine von ihnen hat ein junges M\u00e4dchen auf dem Scho\u00df. Hinter der Bank steht ein kleiner Junge. Aufgenommen in Bahia in der Allerheiligenbucht, Ba\u00eda de Todos os Santos. \u0084Das Ideal ist die weisse Hautfarbe. Schwarze Kinder spielen mit weissen Puppen. Die weissen Kinder der Oberklasse lernen die Afroamerikaner nur als Dienstboten kennen.\u0093 Referenz: Hubert Fichte und Leonore Mau, Xango, S. Fischer Verlag GmbH, 1976 Aufnahmedatum: 1971 Material\/Technik: Foto \/ Silbergelatine auf Barytpapier Bildformat (Foto): 15,4 x 23,3 cm Aufnahmeort: Salvador da Bahia Inventar-Nr.: LM-502234"},{"@type":"BreadcrumbList","@id":"https:\/\/leonore-mau.de\/produkt\/ohne-titel-kindermaedchen\/#breadcrumb","itemListElement":[{"@type":"ListItem","position":1,"name":"Startseite","item":"https:\/\/leonore-mau.de\/en\/"},{"@type":"ListItem","position":2,"name":"Shop","item":"https:\/\/leonore-mau.de\/en\/shop-2\/"},{"@type":"ListItem","position":3,"name":"Ohne Titel (Kinderm\u00e4dchen)"}]},{"@type":"WebSite","@id":"https:\/\/leonore-mau.de\/#website","url":"https:\/\/leonore-mau.de\/","name":"Leonore Mau","description":"Fotografin","potentialAction":[{"@type":"SearchAction","target":{"@type":"EntryPoint","urlTemplate":"https:\/\/leonore-mau.de\/?s={search_term_string}"},"query-input":{"@type":"PropertyValueSpecification","valueRequired":true,"valueName":"search_term_string"}}],"inLanguage":"en-US"}]}},"_links":{"self":[{"href":"https:\/\/leonore-mau.de\/en\/wp-json\/wp\/v2\/product\/1688","targetHints":{"allow":["GET"]}}],"collection":[{"href":"https:\/\/leonore-mau.de\/en\/wp-json\/wp\/v2\/product"}],"about":[{"href":"https:\/\/leonore-mau.de\/en\/wp-json\/wp\/v2\/types\/product"}],"wp:featuredmedia":[{"embeddable":true,"href":"https:\/\/leonore-mau.de\/en\/wp-json\/wp\/v2\/media\/1626"}],"wp:attachment":[{"href":"https:\/\/leonore-mau.de\/en\/wp-json\/wp\/v2\/media?parent=1688"}],"wp:term":[{"taxonomy":"product_brand","embeddable":true,"href":"https:\/\/leonore-mau.de\/en\/wp-json\/wp\/v2\/product_brand?post=1688"},{"taxonomy":"product_cat","embeddable":true,"href":"https:\/\/leonore-mau.de\/en\/wp-json\/wp\/v2\/product_cat?post=1688"},{"taxonomy":"product_tag","embeddable":true,"href":"https:\/\/leonore-mau.de\/en\/wp-json\/wp\/v2\/product_tag?post=1688"}],"curies":[{"name":"wp","href":"https:\/\/api.w.org\/{rel}","templated":true}]}}