{"id":1696,"date":"2022-07-14T22:22:20","date_gmt":"2022-07-14T20:22:20","guid":{"rendered":"https:\/\/leonore-mau.de\/produkt\/ohne-titel-junge-person-mit-franzoesischen-brot-auf-dem-arm\/"},"modified":"2022-09-13T23:13:36","modified_gmt":"2022-09-13T21:13:36","slug":"ohne-titel-junge-person-mit-franzoesischen-brot-auf-dem-arm","status":"publish","type":"product","link":"https:\/\/leonore-mau.de\/en\/produkt\/ohne-titel-junge-person-mit-franzoesischen-brot-auf-dem-arm\/","title":{"rendered":"Ohne Titel (Junge Person mit franz\u00f6sischen Brot auf dem Arm)"},"content":{"rendered":"<p>Junge Person mit in Plastik eingepacktem franz\u00f6sischen Brot auf dem Arm. In einer Seitenstrasse der Cannebi\u00e8re aufgenommen. Referenz: Ronald Kay, Die Kinder Herodots, S. Fischer Verlag GmbH, 2006 R\u00fcckseitenbeschriftung: &#8220;1972 MARSEILLE&#8221;<\/p>\n","protected":false},"excerpt":{"rendered":"<p>Junge Person mit in Plastik eingepacktem franz\u00f6sischen Brot auf dem Arm. In einer Seitenstrasse der Cannebi\u00e8re aufgenommen. Referenz: Ronald Kay, Die Kinder Herodots, S. Fischer Verlag GmbH, 2006 R\u00fcckseitenbeschriftung: &#8220;1972 MARSEILLE&#8221;<\/p>\n","protected":false},"featured_media":1618,"template":"","meta":[],"product_brand":[],"product_cat":[17],"product_tag":[22,24,21,23,84,171,172,43,44,45,46,3625,3626,47,48,49,50,51,3627,3628,3629,1439,3630,3631,3632,2958,2959,2960,2961,70,71,1851,1852,1853,1854,105,107,93,92,94,91,996,997,998,999,1000,1001,97,99,106,108,2136,2137,2138,2139,2140,2141,490,491,492,493,494,495],"class_list":{"0":"post-1696","1":"product","2":"type-product","3":"status-publish","4":"has-post-thumbnail","6":"product_cat-unkategorisiert","7":"product_tag-20-jahrhundert-nach-chr","8":"product_tag-20-jh-n-chr","9":"product_tag-20-jahrhundert","10":"product_tag-20-jh","11":"product_tag-ausland","12":"product_tag-aussenaufnahme","13":"product_tag-aussenaufnahmen","14":"product_tag-fotografin","15":"product_tag-fotografinnen","16":"product_tag-frankreich","17":"product_tag-frankreichs","18":"product_tag-franzose","19":"product_tag-franzosen","20":"product_tag-franzoesisch","21":"product_tag-franzoesische","22":"product_tag-franzoesischen","23":"product_tag-franzoesischer","24":"product_tag-franzoesisches","25":"product_tag-heranwachsende","26":"product_tag-heranwachsenden","27":"product_tag-heranwachsender","28":"product_tag-herodot","29":"product_tag-jugendliche","30":"product_tag-jugendlichen","31":"product_tag-jugendlicher","32":"product_tag-lebensmittel","33":"product_tag-lebensmitteln","34":"product_tag-nahrung","35":"product_tag-nahrungsmittel","36":"product_tag-photographin","37":"product_tag-photographinnen","38":"product_tag-profil","39":"product_tag-profilansicht","40":"product_tag-profilbild","41":"product_tag-profilbildnis","42":"product_tag-s-w-fotografie","43":"product_tag-s-w-photographie","44":"product_tag-schwarzweissphotographie","45":"product_tag-schwarz-weiss-fotografie","46":"product_tag-schwarz-weiss-photographie","47":"product_tag-schwarzweissfotografie","48":"product_tag-stehen","49":"product_tag-stehend","50":"product_tag-stehende","51":"product_tag-stehenden","52":"product_tag-stehender","53":"product_tag-stehendes","54":"product_tag-strassenleben","55":"product_tag-strassenszene","56":"product_tag-sw-fotografie","57":"product_tag-sw-photographie","58":"product_tag-tragen","59":"product_tag-tragend","60":"product_tag-tragende","61":"product_tag-tragenden","62":"product_tag-tragender","63":"product_tag-tragendes","64":"product_tag-warten","65":"product_tag-wartend","66":"product_tag-wartende","67":"product_tag-wartenden","68":"product_tag-wartender","69":"product_tag-wartendes","71":"first","72":"instock","73":"shipping-taxable","74":"product-type-simple"},"yoast_head":"<!-- This site is optimized with the Yoast SEO plugin v27.3 - https:\/\/yoast.com\/product\/yoast-seo-wordpress\/ -->\n<title>Ohne Titel (Junge Person mit franz\u00f6sischen Brot auf dem Arm) - Leonore Mau<\/title>\n<meta name=\"robots\" content=\"index, follow, max-snippet:-1, max-image-preview:large, max-video-preview:-1\" \/>\n<link rel=\"canonical\" href=\"https:\/\/leonore-mau.de\/produkt\/ohne-titel-junge-person-mit-franzoesischen-brot-auf-dem-arm\/\" \/>\n<meta property=\"og:locale\" content=\"en_US\" \/>\n<meta property=\"og:type\" content=\"article\" \/>\n<meta property=\"og:title\" content=\"Ohne Titel (Junge Person mit franz\u00f6sischen Brot auf dem Arm) - Leonore Mau\" \/>\n<meta property=\"og:description\" content=\"Junge Person mit in Plastik eingepacktem franz\u00f6sischen Brot auf dem Arm. In einer Seitenstrasse der Cannebi\u00e8re aufgenommen. Referenz: Ronald Kay, Die Kinder Herodots, S. Fischer Verlag GmbH, 2006 R\u00fcckseitenbeschriftung: &#8220;1972 MARSEILLE&#8221;\" \/>\n<meta property=\"og:url\" content=\"https:\/\/leonore-mau.de\/produkt\/ohne-titel-junge-person-mit-franzoesischen-brot-auf-dem-arm\/\" \/>\n<meta property=\"og:site_name\" content=\"Leonore Mau\" \/>\n<meta property=\"article:modified_time\" content=\"2022-09-13T21:13:36+00:00\" \/>\n<meta property=\"og:image\" content=\"https:\/\/leonore-mau.de\/wp-content\/uploads\/2022\/07\/70368874.jpg\" \/>\n\t<meta property=\"og:image:width\" content=\"919\" \/>\n\t<meta property=\"og:image:height\" content=\"1200\" \/>\n\t<meta property=\"og:image:type\" content=\"image\/jpeg\" \/>\n<meta name=\"twitter:card\" content=\"summary_large_image\" \/>\n<script type=\"application\/ld+json\" class=\"yoast-schema-graph\">{\"@context\":\"https:\\\/\\\/schema.org\",\"@graph\":[{\"@type\":\"WebPage\",\"@id\":\"https:\\\/\\\/leonore-mau.de\\\/produkt\\\/ohne-titel-junge-person-mit-franzoesischen-brot-auf-dem-arm\\\/\",\"url\":\"https:\\\/\\\/leonore-mau.de\\\/produkt\\\/ohne-titel-junge-person-mit-franzoesischen-brot-auf-dem-arm\\\/\",\"name\":\"Ohne Titel (Junge Person mit franz\u00f6sischen Brot auf dem Arm) - Leonore Mau\",\"isPartOf\":{\"@id\":\"https:\\\/\\\/leonore-mau.de\\\/#website\"},\"primaryImageOfPage\":{\"@id\":\"https:\\\/\\\/leonore-mau.de\\\/produkt\\\/ohne-titel-junge-person-mit-franzoesischen-brot-auf-dem-arm\\\/#primaryimage\"},\"image\":{\"@id\":\"https:\\\/\\\/leonore-mau.de\\\/produkt\\\/ohne-titel-junge-person-mit-franzoesischen-brot-auf-dem-arm\\\/#primaryimage\"},\"thumbnailUrl\":\"https:\\\/\\\/leonore-mau.de\\\/wp-content\\\/uploads\\\/2022\\\/07\\\/70368874.jpg\",\"datePublished\":\"2022-07-14T20:22:20+00:00\",\"dateModified\":\"2022-09-13T21:13:36+00:00\",\"breadcrumb\":{\"@id\":\"https:\\\/\\\/leonore-mau.de\\\/produkt\\\/ohne-titel-junge-person-mit-franzoesischen-brot-auf-dem-arm\\\/#breadcrumb\"},\"inLanguage\":\"en-US\",\"potentialAction\":[{\"@type\":\"ReadAction\",\"target\":[\"https:\\\/\\\/leonore-mau.de\\\/produkt\\\/ohne-titel-junge-person-mit-franzoesischen-brot-auf-dem-arm\\\/\"]}]},{\"@type\":\"ImageObject\",\"inLanguage\":\"en-US\",\"@id\":\"https:\\\/\\\/leonore-mau.de\\\/produkt\\\/ohne-titel-junge-person-mit-franzoesischen-brot-auf-dem-arm\\\/#primaryimage\",\"url\":\"https:\\\/\\\/leonore-mau.de\\\/wp-content\\\/uploads\\\/2022\\\/07\\\/70368874.jpg\",\"contentUrl\":\"https:\\\/\\\/leonore-mau.de\\\/wp-content\\\/uploads\\\/2022\\\/07\\\/70368874.jpg\",\"width\":919,\"height\":1200,\"caption\":\"Junge Person mit in Plastik eingepacktem franz\u00f6sischen Brot auf dem Arm. In einer Seitenstrasse der Cannebi\u00e8re aufgenommen. Referenz: Ronald Kay, Die Kinder Herodots, S. Fischer Verlag GmbH, 2006 R\u00fcckseitenbeschriftung: \\\"1972 MARSEILLE\\\" Aufnahmedatum: 1972 Material\\\/Technik: Foto \\\/ Silbergelatine auf PE-Papier Bildformat (Foto): 23,4 x 30,3 cm Aufnahmeort: Marseille Inventar-Nr.: LM-502804\"},{\"@type\":\"BreadcrumbList\",\"@id\":\"https:\\\/\\\/leonore-mau.de\\\/produkt\\\/ohne-titel-junge-person-mit-franzoesischen-brot-auf-dem-arm\\\/#breadcrumb\",\"itemListElement\":[{\"@type\":\"ListItem\",\"position\":1,\"name\":\"Startseite\",\"item\":\"https:\\\/\\\/leonore-mau.de\\\/en\\\/\"},{\"@type\":\"ListItem\",\"position\":2,\"name\":\"Shop\",\"item\":\"https:\\\/\\\/leonore-mau.de\\\/en\\\/shop-2\\\/\"},{\"@type\":\"ListItem\",\"position\":3,\"name\":\"Ohne Titel (Junge Person mit franz\u00f6sischen Brot auf dem Arm)\"}]},{\"@type\":\"WebSite\",\"@id\":\"https:\\\/\\\/leonore-mau.de\\\/#website\",\"url\":\"https:\\\/\\\/leonore-mau.de\\\/\",\"name\":\"Leonore Mau\",\"description\":\"Fotografin\",\"potentialAction\":[{\"@type\":\"SearchAction\",\"target\":{\"@type\":\"EntryPoint\",\"urlTemplate\":\"https:\\\/\\\/leonore-mau.de\\\/?s={search_term_string}\"},\"query-input\":{\"@type\":\"PropertyValueSpecification\",\"valueRequired\":true,\"valueName\":\"search_term_string\"}}],\"inLanguage\":\"en-US\"}]}<\/script>\n<!-- \/ Yoast SEO plugin. -->","yoast_head_json":{"title":"Ohne Titel (Junge Person mit franz\u00f6sischen Brot auf dem Arm) - Leonore Mau","robots":{"index":"index","follow":"follow","max-snippet":"max-snippet:-1","max-image-preview":"max-image-preview:large","max-video-preview":"max-video-preview:-1"},"canonical":"https:\/\/leonore-mau.de\/produkt\/ohne-titel-junge-person-mit-franzoesischen-brot-auf-dem-arm\/","og_locale":"en_US","og_type":"article","og_title":"Ohne Titel (Junge Person mit franz\u00f6sischen Brot auf dem Arm) - Leonore Mau","og_description":"Junge Person mit in Plastik eingepacktem franz\u00f6sischen Brot auf dem Arm. In einer Seitenstrasse der Cannebi\u00e8re aufgenommen. Referenz: Ronald Kay, Die Kinder Herodots, S. Fischer Verlag GmbH, 2006 R\u00fcckseitenbeschriftung: &#8220;1972 MARSEILLE&#8221;","og_url":"https:\/\/leonore-mau.de\/produkt\/ohne-titel-junge-person-mit-franzoesischen-brot-auf-dem-arm\/","og_site_name":"Leonore Mau","article_modified_time":"2022-09-13T21:13:36+00:00","og_image":[{"width":919,"height":1200,"url":"https:\/\/leonore-mau.de\/wp-content\/uploads\/2022\/07\/70368874.jpg","type":"image\/jpeg"}],"twitter_card":"summary_large_image","schema":{"@context":"https:\/\/schema.org","@graph":[{"@type":"WebPage","@id":"https:\/\/leonore-mau.de\/produkt\/ohne-titel-junge-person-mit-franzoesischen-brot-auf-dem-arm\/","url":"https:\/\/leonore-mau.de\/produkt\/ohne-titel-junge-person-mit-franzoesischen-brot-auf-dem-arm\/","name":"Ohne Titel (Junge Person mit franz\u00f6sischen Brot auf dem Arm) - Leonore Mau","isPartOf":{"@id":"https:\/\/leonore-mau.de\/#website"},"primaryImageOfPage":{"@id":"https:\/\/leonore-mau.de\/produkt\/ohne-titel-junge-person-mit-franzoesischen-brot-auf-dem-arm\/#primaryimage"},"image":{"@id":"https:\/\/leonore-mau.de\/produkt\/ohne-titel-junge-person-mit-franzoesischen-brot-auf-dem-arm\/#primaryimage"},"thumbnailUrl":"https:\/\/leonore-mau.de\/wp-content\/uploads\/2022\/07\/70368874.jpg","datePublished":"2022-07-14T20:22:20+00:00","dateModified":"2022-09-13T21:13:36+00:00","breadcrumb":{"@id":"https:\/\/leonore-mau.de\/produkt\/ohne-titel-junge-person-mit-franzoesischen-brot-auf-dem-arm\/#breadcrumb"},"inLanguage":"en-US","potentialAction":[{"@type":"ReadAction","target":["https:\/\/leonore-mau.de\/produkt\/ohne-titel-junge-person-mit-franzoesischen-brot-auf-dem-arm\/"]}]},{"@type":"ImageObject","inLanguage":"en-US","@id":"https:\/\/leonore-mau.de\/produkt\/ohne-titel-junge-person-mit-franzoesischen-brot-auf-dem-arm\/#primaryimage","url":"https:\/\/leonore-mau.de\/wp-content\/uploads\/2022\/07\/70368874.jpg","contentUrl":"https:\/\/leonore-mau.de\/wp-content\/uploads\/2022\/07\/70368874.jpg","width":919,"height":1200,"caption":"Junge Person mit in Plastik eingepacktem franz\u00f6sischen Brot auf dem Arm. In einer Seitenstrasse der Cannebi\u00e8re aufgenommen. Referenz: Ronald Kay, Die Kinder Herodots, S. Fischer Verlag GmbH, 2006 R\u00fcckseitenbeschriftung: \"1972 MARSEILLE\" Aufnahmedatum: 1972 Material\/Technik: Foto \/ Silbergelatine auf PE-Papier Bildformat (Foto): 23,4 x 30,3 cm Aufnahmeort: Marseille Inventar-Nr.: LM-502804"},{"@type":"BreadcrumbList","@id":"https:\/\/leonore-mau.de\/produkt\/ohne-titel-junge-person-mit-franzoesischen-brot-auf-dem-arm\/#breadcrumb","itemListElement":[{"@type":"ListItem","position":1,"name":"Startseite","item":"https:\/\/leonore-mau.de\/en\/"},{"@type":"ListItem","position":2,"name":"Shop","item":"https:\/\/leonore-mau.de\/en\/shop-2\/"},{"@type":"ListItem","position":3,"name":"Ohne Titel (Junge Person mit franz\u00f6sischen Brot auf dem Arm)"}]},{"@type":"WebSite","@id":"https:\/\/leonore-mau.de\/#website","url":"https:\/\/leonore-mau.de\/","name":"Leonore Mau","description":"Fotografin","potentialAction":[{"@type":"SearchAction","target":{"@type":"EntryPoint","urlTemplate":"https:\/\/leonore-mau.de\/?s={search_term_string}"},"query-input":{"@type":"PropertyValueSpecification","valueRequired":true,"valueName":"search_term_string"}}],"inLanguage":"en-US"}]}},"_links":{"self":[{"href":"https:\/\/leonore-mau.de\/en\/wp-json\/wp\/v2\/product\/1696","targetHints":{"allow":["GET"]}}],"collection":[{"href":"https:\/\/leonore-mau.de\/en\/wp-json\/wp\/v2\/product"}],"about":[{"href":"https:\/\/leonore-mau.de\/en\/wp-json\/wp\/v2\/types\/product"}],"wp:featuredmedia":[{"embeddable":true,"href":"https:\/\/leonore-mau.de\/en\/wp-json\/wp\/v2\/media\/1618"}],"wp:attachment":[{"href":"https:\/\/leonore-mau.de\/en\/wp-json\/wp\/v2\/media?parent=1696"}],"wp:term":[{"taxonomy":"product_brand","embeddable":true,"href":"https:\/\/leonore-mau.de\/en\/wp-json\/wp\/v2\/product_brand?post=1696"},{"taxonomy":"product_cat","embeddable":true,"href":"https:\/\/leonore-mau.de\/en\/wp-json\/wp\/v2\/product_cat?post=1696"},{"taxonomy":"product_tag","embeddable":true,"href":"https:\/\/leonore-mau.de\/en\/wp-json\/wp\/v2\/product_tag?post=1696"}],"curies":[{"name":"wp","href":"https:\/\/api.w.org\/{rel}","templated":true}]}}