{"id":1700,"date":"2022-07-14T22:22:23","date_gmt":"2022-07-14T20:22:23","guid":{"rendered":"https:\/\/leonore-mau.de\/produkt\/der-zaubermarkt-in-be-bei-lome-togo-4\/"},"modified":"2022-09-13T23:13:37","modified_gmt":"2022-09-13T21:13:37","slug":"der-zaubermarkt-in-be-bei-lome-togo-4","status":"publish","type":"product","link":"https:\/\/leonore-mau.de\/en\/produkt\/der-zaubermarkt-in-be-bei-lome-togo-4\/","title":{"rendered":"Der Zaubermarkt in B\u00e9 bei Lom\u00e9, Togo"},"content":{"rendered":"<p>Tiersch\u00e4del auf dem Zaubermarkt. Referenz: Hubert Fichte und Leonore Mau, Psyche, S. Fischer Verlag GmbH, 2005<\/p>\n","protected":false},"excerpt":{"rendered":"<p>Tiersch\u00e4del auf dem Zaubermarkt. Referenz: Hubert Fichte und Leonore Mau, Psyche, S. Fischer Verlag GmbH, 2005<\/p>\n","protected":false},"featured_media":1614,"template":"","meta":[],"product_brand":[],"product_cat":[17],"product_tag":[78,22,24,21,23,80,1055,1056,939,940,84,1057,1679,36,37,39,40,41,42,43,44,259,70,71,1349,95,1021,1022,1023,1024,1025,1026,2545,1661,1588,1176,957,958,2547],"class_list":{"0":"post-1700","1":"product","2":"type-product","3":"status-publish","4":"has-post-thumbnail","6":"product_cat-unkategorisiert","7":"product_tag-1970er-jahre","8":"product_tag-20-jahrhundert-nach-chr","9":"product_tag-20-jh-n-chr","10":"product_tag-20-jahrhundert","11":"product_tag-20-jh","12":"product_tag-70er","13":"product_tag-aberglaube","14":"product_tag-aberglauben","15":"product_tag-afrika","16":"product_tag-afrikas","17":"product_tag-ausland","18":"product_tag-boden","19":"product_tag-erde","20":"product_tag-farbaufnahme","21":"product_tag-farbaufnahmen","22":"product_tag-farbfoto","23":"product_tag-farbfotografie","24":"product_tag-farbphoto","25":"product_tag-farbphotographie","26":"product_tag-fotografin","27":"product_tag-fotografinnen","28":"product_tag-markt","29":"product_tag-photographin","30":"product_tag-photographinnen","31":"product_tag-psyche","32":"product_tag-siebziger","33":"product_tag-spiritualitaet","34":"product_tag-spirituell","35":"product_tag-spirituelle","36":"product_tag-spirituellen","37":"product_tag-spiritueller","38":"product_tag-spirituelles","39":"product_tag-tierschaedel","40":"product_tag-togo","41":"product_tag-verkauf","42":"product_tag-voodoo","43":"product_tag-westafrika","44":"product_tag-westafrikas","45":"product_tag-zaubermarkt","47":"first","48":"instock","49":"shipping-taxable","50":"product-type-simple"},"yoast_head":"<!-- This site is optimized with the Yoast SEO plugin v27.3 - https:\/\/yoast.com\/product\/yoast-seo-wordpress\/ -->\n<title>Der Zaubermarkt in B\u00e9 bei Lom\u00e9, Togo - Leonore Mau<\/title>\n<meta name=\"robots\" content=\"index, follow, max-snippet:-1, max-image-preview:large, max-video-preview:-1\" \/>\n<link rel=\"canonical\" href=\"https:\/\/leonore-mau.de\/produkt\/der-zaubermarkt-in-be-bei-lome-togo-4\/\" \/>\n<meta property=\"og:locale\" content=\"en_US\" \/>\n<meta property=\"og:type\" content=\"article\" \/>\n<meta property=\"og:title\" content=\"Der Zaubermarkt in B\u00e9 bei Lom\u00e9, Togo - Leonore Mau\" \/>\n<meta property=\"og:description\" content=\"Tiersch\u00e4del auf dem Zaubermarkt. Referenz: Hubert Fichte und Leonore Mau, Psyche, S. Fischer Verlag GmbH, 2005\" \/>\n<meta property=\"og:url\" content=\"https:\/\/leonore-mau.de\/produkt\/der-zaubermarkt-in-be-bei-lome-togo-4\/\" \/>\n<meta property=\"og:site_name\" content=\"Leonore Mau\" \/>\n<meta property=\"article:modified_time\" content=\"2022-09-13T21:13:37+00:00\" \/>\n<meta property=\"og:image\" content=\"https:\/\/leonore-mau.de\/wp-content\/uploads\/2022\/07\/70367884.jpg\" \/>\n\t<meta property=\"og:image:width\" content=\"849\" \/>\n\t<meta property=\"og:image:height\" content=\"1200\" \/>\n\t<meta property=\"og:image:type\" content=\"image\/jpeg\" \/>\n<meta name=\"twitter:card\" content=\"summary_large_image\" \/>\n<script type=\"application\/ld+json\" class=\"yoast-schema-graph\">{\"@context\":\"https:\\\/\\\/schema.org\",\"@graph\":[{\"@type\":\"WebPage\",\"@id\":\"https:\\\/\\\/leonore-mau.de\\\/produkt\\\/der-zaubermarkt-in-be-bei-lome-togo-4\\\/\",\"url\":\"https:\\\/\\\/leonore-mau.de\\\/produkt\\\/der-zaubermarkt-in-be-bei-lome-togo-4\\\/\",\"name\":\"Der Zaubermarkt in B\u00e9 bei Lom\u00e9, Togo - Leonore Mau\",\"isPartOf\":{\"@id\":\"https:\\\/\\\/leonore-mau.de\\\/#website\"},\"primaryImageOfPage\":{\"@id\":\"https:\\\/\\\/leonore-mau.de\\\/produkt\\\/der-zaubermarkt-in-be-bei-lome-togo-4\\\/#primaryimage\"},\"image\":{\"@id\":\"https:\\\/\\\/leonore-mau.de\\\/produkt\\\/der-zaubermarkt-in-be-bei-lome-togo-4\\\/#primaryimage\"},\"thumbnailUrl\":\"https:\\\/\\\/leonore-mau.de\\\/wp-content\\\/uploads\\\/2022\\\/07\\\/70367884.jpg\",\"datePublished\":\"2022-07-14T20:22:23+00:00\",\"dateModified\":\"2022-09-13T21:13:37+00:00\",\"breadcrumb\":{\"@id\":\"https:\\\/\\\/leonore-mau.de\\\/produkt\\\/der-zaubermarkt-in-be-bei-lome-togo-4\\\/#breadcrumb\"},\"inLanguage\":\"en-US\",\"potentialAction\":[{\"@type\":\"ReadAction\",\"target\":[\"https:\\\/\\\/leonore-mau.de\\\/produkt\\\/der-zaubermarkt-in-be-bei-lome-togo-4\\\/\"]}]},{\"@type\":\"ImageObject\",\"inLanguage\":\"en-US\",\"@id\":\"https:\\\/\\\/leonore-mau.de\\\/produkt\\\/der-zaubermarkt-in-be-bei-lome-togo-4\\\/#primaryimage\",\"url\":\"https:\\\/\\\/leonore-mau.de\\\/wp-content\\\/uploads\\\/2022\\\/07\\\/70367884.jpg\",\"contentUrl\":\"https:\\\/\\\/leonore-mau.de\\\/wp-content\\\/uploads\\\/2022\\\/07\\\/70367884.jpg\",\"width\":849,\"height\":1200,\"caption\":\"Tiersch\u00e4del auf dem Zaubermarkt. Referenz: Hubert Fichte und Leonore Mau, Psyche, S. Fischer Verlag GmbH, 2005 Aufnahmedatum: 04.07.1978 Material\\\/Technik: Foto \\\/ Farbdia Bildformat (Foto): Kleinbild Aufnahmeort: Lom\u00e9 Inventar-Nr.: LM-505981\"},{\"@type\":\"BreadcrumbList\",\"@id\":\"https:\\\/\\\/leonore-mau.de\\\/produkt\\\/der-zaubermarkt-in-be-bei-lome-togo-4\\\/#breadcrumb\",\"itemListElement\":[{\"@type\":\"ListItem\",\"position\":1,\"name\":\"Startseite\",\"item\":\"https:\\\/\\\/leonore-mau.de\\\/en\\\/\"},{\"@type\":\"ListItem\",\"position\":2,\"name\":\"Shop\",\"item\":\"https:\\\/\\\/leonore-mau.de\\\/en\\\/shop-2\\\/\"},{\"@type\":\"ListItem\",\"position\":3,\"name\":\"Der Zaubermarkt in B\u00e9 bei Lom\u00e9, Togo\"}]},{\"@type\":\"WebSite\",\"@id\":\"https:\\\/\\\/leonore-mau.de\\\/#website\",\"url\":\"https:\\\/\\\/leonore-mau.de\\\/\",\"name\":\"Leonore Mau\",\"description\":\"Fotografin\",\"potentialAction\":[{\"@type\":\"SearchAction\",\"target\":{\"@type\":\"EntryPoint\",\"urlTemplate\":\"https:\\\/\\\/leonore-mau.de\\\/?s={search_term_string}\"},\"query-input\":{\"@type\":\"PropertyValueSpecification\",\"valueRequired\":true,\"valueName\":\"search_term_string\"}}],\"inLanguage\":\"en-US\"}]}<\/script>\n<!-- \/ Yoast SEO plugin. -->","yoast_head_json":{"title":"Der Zaubermarkt in B\u00e9 bei Lom\u00e9, Togo - Leonore Mau","robots":{"index":"index","follow":"follow","max-snippet":"max-snippet:-1","max-image-preview":"max-image-preview:large","max-video-preview":"max-video-preview:-1"},"canonical":"https:\/\/leonore-mau.de\/produkt\/der-zaubermarkt-in-be-bei-lome-togo-4\/","og_locale":"en_US","og_type":"article","og_title":"Der Zaubermarkt in B\u00e9 bei Lom\u00e9, Togo - Leonore Mau","og_description":"Tiersch\u00e4del auf dem Zaubermarkt. Referenz: Hubert Fichte und Leonore Mau, Psyche, S. Fischer Verlag GmbH, 2005","og_url":"https:\/\/leonore-mau.de\/produkt\/der-zaubermarkt-in-be-bei-lome-togo-4\/","og_site_name":"Leonore Mau","article_modified_time":"2022-09-13T21:13:37+00:00","og_image":[{"width":849,"height":1200,"url":"https:\/\/leonore-mau.de\/wp-content\/uploads\/2022\/07\/70367884.jpg","type":"image\/jpeg"}],"twitter_card":"summary_large_image","schema":{"@context":"https:\/\/schema.org","@graph":[{"@type":"WebPage","@id":"https:\/\/leonore-mau.de\/produkt\/der-zaubermarkt-in-be-bei-lome-togo-4\/","url":"https:\/\/leonore-mau.de\/produkt\/der-zaubermarkt-in-be-bei-lome-togo-4\/","name":"Der Zaubermarkt in B\u00e9 bei Lom\u00e9, Togo - Leonore Mau","isPartOf":{"@id":"https:\/\/leonore-mau.de\/#website"},"primaryImageOfPage":{"@id":"https:\/\/leonore-mau.de\/produkt\/der-zaubermarkt-in-be-bei-lome-togo-4\/#primaryimage"},"image":{"@id":"https:\/\/leonore-mau.de\/produkt\/der-zaubermarkt-in-be-bei-lome-togo-4\/#primaryimage"},"thumbnailUrl":"https:\/\/leonore-mau.de\/wp-content\/uploads\/2022\/07\/70367884.jpg","datePublished":"2022-07-14T20:22:23+00:00","dateModified":"2022-09-13T21:13:37+00:00","breadcrumb":{"@id":"https:\/\/leonore-mau.de\/produkt\/der-zaubermarkt-in-be-bei-lome-togo-4\/#breadcrumb"},"inLanguage":"en-US","potentialAction":[{"@type":"ReadAction","target":["https:\/\/leonore-mau.de\/produkt\/der-zaubermarkt-in-be-bei-lome-togo-4\/"]}]},{"@type":"ImageObject","inLanguage":"en-US","@id":"https:\/\/leonore-mau.de\/produkt\/der-zaubermarkt-in-be-bei-lome-togo-4\/#primaryimage","url":"https:\/\/leonore-mau.de\/wp-content\/uploads\/2022\/07\/70367884.jpg","contentUrl":"https:\/\/leonore-mau.de\/wp-content\/uploads\/2022\/07\/70367884.jpg","width":849,"height":1200,"caption":"Tiersch\u00e4del auf dem Zaubermarkt. Referenz: Hubert Fichte und Leonore Mau, Psyche, S. Fischer Verlag GmbH, 2005 Aufnahmedatum: 04.07.1978 Material\/Technik: Foto \/ Farbdia Bildformat (Foto): Kleinbild Aufnahmeort: Lom\u00e9 Inventar-Nr.: LM-505981"},{"@type":"BreadcrumbList","@id":"https:\/\/leonore-mau.de\/produkt\/der-zaubermarkt-in-be-bei-lome-togo-4\/#breadcrumb","itemListElement":[{"@type":"ListItem","position":1,"name":"Startseite","item":"https:\/\/leonore-mau.de\/en\/"},{"@type":"ListItem","position":2,"name":"Shop","item":"https:\/\/leonore-mau.de\/en\/shop-2\/"},{"@type":"ListItem","position":3,"name":"Der Zaubermarkt in B\u00e9 bei Lom\u00e9, Togo"}]},{"@type":"WebSite","@id":"https:\/\/leonore-mau.de\/#website","url":"https:\/\/leonore-mau.de\/","name":"Leonore Mau","description":"Fotografin","potentialAction":[{"@type":"SearchAction","target":{"@type":"EntryPoint","urlTemplate":"https:\/\/leonore-mau.de\/?s={search_term_string}"},"query-input":{"@type":"PropertyValueSpecification","valueRequired":true,"valueName":"search_term_string"}}],"inLanguage":"en-US"}]}},"_links":{"self":[{"href":"https:\/\/leonore-mau.de\/en\/wp-json\/wp\/v2\/product\/1700","targetHints":{"allow":["GET"]}}],"collection":[{"href":"https:\/\/leonore-mau.de\/en\/wp-json\/wp\/v2\/product"}],"about":[{"href":"https:\/\/leonore-mau.de\/en\/wp-json\/wp\/v2\/types\/product"}],"wp:featuredmedia":[{"embeddable":true,"href":"https:\/\/leonore-mau.de\/en\/wp-json\/wp\/v2\/media\/1614"}],"wp:attachment":[{"href":"https:\/\/leonore-mau.de\/en\/wp-json\/wp\/v2\/media?parent=1700"}],"wp:term":[{"taxonomy":"product_brand","embeddable":true,"href":"https:\/\/leonore-mau.de\/en\/wp-json\/wp\/v2\/product_brand?post=1700"},{"taxonomy":"product_cat","embeddable":true,"href":"https:\/\/leonore-mau.de\/en\/wp-json\/wp\/v2\/product_cat?post=1700"},{"taxonomy":"product_tag","embeddable":true,"href":"https:\/\/leonore-mau.de\/en\/wp-json\/wp\/v2\/product_tag?post=1700"}],"curies":[{"name":"wp","href":"https:\/\/api.w.org\/{rel}","templated":true}]}}