{"id":1704,"date":"2022-07-14T22:22:26","date_gmt":"2022-07-14T20:22:26","guid":{"rendered":"https:\/\/leonore-mau.de\/produkt\/ohne-titel-priester-ernesto-gonzales-im-altarraum\/"},"modified":"2022-09-13T23:13:39","modified_gmt":"2022-09-13T21:13:39","slug":"ohne-titel-priester-ernesto-gonzales-im-altarraum","status":"publish","type":"product","link":"https:\/\/leonore-mau.de\/en\/produkt\/ohne-titel-priester-ernesto-gonzales-im-altarraum\/","title":{"rendered":"Ohne Titel (Priester Ernesto Gonzales im Altarraum)"},"content":{"rendered":"<p>Priester Ernesto Gonzales im Altarraum eines Botanica Shops. Er h\u00e4lt ein wei\u00dfes Huhn \u00fcber den Kopf einer blonden Frau. &#8220;In den meisten dieser Botanicas befinden sich kleine Altarr\u00e4ume, wo weniger bedeutsame Befragungen des Orakel Ifa durchgef\u00fchrt werden, geistliche Reinigungen und Heilungen&#8221;. Referenz: Hubert Fichte und Leonore Mau, Petersilie, S. Fischer Verlag GmbH, 1980<\/p>\n","protected":false},"excerpt":{"rendered":"<p>Priester Ernesto Gonzales im Altarraum eines Botanica Shops. Er h\u00e4lt ein wei\u00dfes Huhn \u00fcber den Kopf einer blonden Frau. &#8220;In den meisten dieser Botanicas befinden sich kleine Altarr\u00e4ume, wo weniger bedeutsame Befragungen des Orakel Ifa durchgef\u00fchrt werden, geistliche Reinigungen und Heilungen&#8221;. Referenz: Hubert Fichte und Leonore Mau, Petersilie, S. Fischer Verlag GmbH, 1980<\/p>\n","protected":false},"featured_media":1610,"template":"","meta":[],"product_brand":[],"product_cat":[17],"product_tag":[78,22,24,21,23,80,1441,1442,1443,1445,643,644,84,3663,3664,3665,3666,1008,1009,36,37,39,40,41,42,1602,1603,43,44,354,1561,1562,1012,1565,56,57,486,1050,70,71,1078,1594,1595,525,526,1080,1081,1013,1014,1015,1016,1017,1018,1019,624,625,95,1021,1022,1023,1024,1025,1026,163,164,1027,1028,626,1459,1622,1623,1460,1461,1462,1624,1625,1032,1033,1034,1035,1036,1037,1038,1039],"class_list":{"0":"post-1704","1":"product","2":"type-product","3":"status-publish","4":"has-post-thumbnail","6":"product_cat-unkategorisiert","7":"product_tag-1970er-jahre","8":"product_tag-20-jahrhundert-nach-chr","9":"product_tag-20-jh-n-chr","10":"product_tag-20-jahrhundert","11":"product_tag-20-jh","12":"product_tag-70er","13":"product_tag-altar","14":"product_tag-altare","15":"product_tag-altares","16":"product_tag-altars","17":"product_tag-amerika","18":"product_tag-amerikas","19":"product_tag-ausland","20":"product_tag-blond","21":"product_tag-blonde","22":"product_tag-blonder","23":"product_tag-blondes","24":"product_tag-ceremonie","25":"product_tag-ceremonien","26":"product_tag-farbaufnahme","27":"product_tag-farbaufnahmen","28":"product_tag-farbfoto","29":"product_tag-farbfotografie","30":"product_tag-farbphoto","31":"product_tag-farbphotographie","32":"product_tag-feder","33":"product_tag-federn","34":"product_tag-fotografin","35":"product_tag-fotografinnen","36":"product_tag-frau","37":"product_tag-henne","38":"product_tag-hennen","39":"product_tag-huhn","40":"product_tag-huehner","41":"product_tag-innenaufnahme","42":"product_tag-innenaufnahmen","43":"product_tag-mann","44":"product_tag-petersilie","45":"product_tag-photographin","46":"product_tag-photographinnen","47":"product_tag-priester","48":"product_tag-priestern","49":"product_tag-priesters","50":"product_tag-religion","51":"product_tag-religionen","52":"product_tag-religionsgemeinschaft","53":"product_tag-religionsgemeinschaften","54":"product_tag-ritual","55":"product_tag-rituale","56":"product_tag-rituell","57":"product_tag-rituelle","58":"product_tag-rituellen","59":"product_tag-ritueller","60":"product_tag-rituelles","61":"product_tag-rueckansicht","62":"product_tag-rueckseite","63":"product_tag-siebziger","64":"product_tag-spiritualitaet","65":"product_tag-spirituell","66":"product_tag-spirituelle","67":"product_tag-spirituellen","68":"product_tag-spiritueller","69":"product_tag-spirituelles","70":"product_tag-suedamerika","71":"product_tag-suedamerikas","72":"product_tag-tier","73":"product_tag-tieropfer","74":"product_tag-von-hinten","75":"product_tag-votiv","76":"product_tag-votivbild","77":"product_tag-votivbildes","78":"product_tag-votivgabe","79":"product_tag-votivgaben","80":"product_tag-votivs","81":"product_tag-votivtafel","82":"product_tag-votivtaefelchen","83":"product_tag-zeremonie","84":"product_tag-zeremoniell","85":"product_tag-zeremonielle","86":"product_tag-zeremoniellem","87":"product_tag-zeremoniellen","88":"product_tag-zeremonieller","89":"product_tag-zeremonielles","90":"product_tag-zeremonien","92":"first","93":"instock","94":"shipping-taxable","95":"product-type-simple"},"yoast_head":"<!-- This site is optimized with the Yoast SEO plugin v27.3 - https:\/\/yoast.com\/product\/yoast-seo-wordpress\/ -->\n<title>Ohne Titel (Priester Ernesto Gonzales im Altarraum) - Leonore Mau<\/title>\n<meta name=\"robots\" content=\"index, follow, max-snippet:-1, max-image-preview:large, max-video-preview:-1\" \/>\n<link rel=\"canonical\" href=\"https:\/\/leonore-mau.de\/produkt\/ohne-titel-priester-ernesto-gonzales-im-altarraum\/\" \/>\n<meta property=\"og:locale\" content=\"en_US\" \/>\n<meta property=\"og:type\" content=\"article\" \/>\n<meta property=\"og:title\" content=\"Ohne Titel (Priester Ernesto Gonzales im Altarraum) - Leonore Mau\" \/>\n<meta property=\"og:description\" content=\"Priester Ernesto Gonzales im Altarraum eines Botanica Shops. Er h\u00e4lt ein wei\u00dfes Huhn \u00fcber den Kopf einer blonden Frau. &#8220;In den meisten dieser Botanicas befinden sich kleine Altarr\u00e4ume, wo weniger bedeutsame Befragungen des Orakel Ifa durchgef\u00fchrt werden, geistliche Reinigungen und Heilungen&#8221;. Referenz: Hubert Fichte und Leonore Mau, Petersilie, S. Fischer Verlag GmbH, 1980\" \/>\n<meta property=\"og:url\" content=\"https:\/\/leonore-mau.de\/produkt\/ohne-titel-priester-ernesto-gonzales-im-altarraum\/\" \/>\n<meta property=\"og:site_name\" content=\"Leonore Mau\" \/>\n<meta property=\"article:modified_time\" content=\"2022-09-13T21:13:39+00:00\" \/>\n<meta property=\"og:image\" content=\"https:\/\/leonore-mau.de\/wp-content\/uploads\/2022\/07\/70367511.jpg\" \/>\n\t<meta property=\"og:image:width\" content=\"1200\" \/>\n\t<meta property=\"og:image:height\" content=\"794\" \/>\n\t<meta property=\"og:image:type\" content=\"image\/jpeg\" \/>\n<meta name=\"twitter:card\" content=\"summary_large_image\" \/>\n<script type=\"application\/ld+json\" class=\"yoast-schema-graph\">{\"@context\":\"https:\\\/\\\/schema.org\",\"@graph\":[{\"@type\":\"WebPage\",\"@id\":\"https:\\\/\\\/leonore-mau.de\\\/produkt\\\/ohne-titel-priester-ernesto-gonzales-im-altarraum\\\/\",\"url\":\"https:\\\/\\\/leonore-mau.de\\\/produkt\\\/ohne-titel-priester-ernesto-gonzales-im-altarraum\\\/\",\"name\":\"Ohne Titel (Priester Ernesto Gonzales im Altarraum) - Leonore Mau\",\"isPartOf\":{\"@id\":\"https:\\\/\\\/leonore-mau.de\\\/#website\"},\"primaryImageOfPage\":{\"@id\":\"https:\\\/\\\/leonore-mau.de\\\/produkt\\\/ohne-titel-priester-ernesto-gonzales-im-altarraum\\\/#primaryimage\"},\"image\":{\"@id\":\"https:\\\/\\\/leonore-mau.de\\\/produkt\\\/ohne-titel-priester-ernesto-gonzales-im-altarraum\\\/#primaryimage\"},\"thumbnailUrl\":\"https:\\\/\\\/leonore-mau.de\\\/wp-content\\\/uploads\\\/2022\\\/07\\\/70367511.jpg\",\"datePublished\":\"2022-07-14T20:22:26+00:00\",\"dateModified\":\"2022-09-13T21:13:39+00:00\",\"breadcrumb\":{\"@id\":\"https:\\\/\\\/leonore-mau.de\\\/produkt\\\/ohne-titel-priester-ernesto-gonzales-im-altarraum\\\/#breadcrumb\"},\"inLanguage\":\"en-US\",\"potentialAction\":[{\"@type\":\"ReadAction\",\"target\":[\"https:\\\/\\\/leonore-mau.de\\\/produkt\\\/ohne-titel-priester-ernesto-gonzales-im-altarraum\\\/\"]}]},{\"@type\":\"ImageObject\",\"inLanguage\":\"en-US\",\"@id\":\"https:\\\/\\\/leonore-mau.de\\\/produkt\\\/ohne-titel-priester-ernesto-gonzales-im-altarraum\\\/#primaryimage\",\"url\":\"https:\\\/\\\/leonore-mau.de\\\/wp-content\\\/uploads\\\/2022\\\/07\\\/70367511.jpg\",\"contentUrl\":\"https:\\\/\\\/leonore-mau.de\\\/wp-content\\\/uploads\\\/2022\\\/07\\\/70367511.jpg\",\"width\":1200,\"height\":794,\"caption\":\"Priester Ernesto Gonzales im Altarraum eines Botanica Shops. Er h\u00e4lt ein wei\u00dfes Huhn \u00fcber den Kopf einer blonden Frau. \\\"In den meisten dieser Botanicas befinden sich kleine Altarr\u00e4ume, wo weniger bedeutsame Befragungen des Orakel Ifa durchgef\u00fchrt werden, geistliche Reinigungen und Heilungen\\\". Referenz: Hubert Fichte und Leonore Mau, Petersilie, S. Fischer Verlag GmbH, 1980 Aufnahmedatum: 1978 Material\\\/Technik: Foto \\\/ Cibachrome Bildformat (Foto): 40,0 x 60,5 cm Aufnahmeort: Miami Inventar-Nr.: LM-506000\"},{\"@type\":\"BreadcrumbList\",\"@id\":\"https:\\\/\\\/leonore-mau.de\\\/produkt\\\/ohne-titel-priester-ernesto-gonzales-im-altarraum\\\/#breadcrumb\",\"itemListElement\":[{\"@type\":\"ListItem\",\"position\":1,\"name\":\"Startseite\",\"item\":\"https:\\\/\\\/leonore-mau.de\\\/en\\\/\"},{\"@type\":\"ListItem\",\"position\":2,\"name\":\"Shop\",\"item\":\"https:\\\/\\\/leonore-mau.de\\\/en\\\/shop-2\\\/\"},{\"@type\":\"ListItem\",\"position\":3,\"name\":\"Ohne Titel (Priester Ernesto Gonzales im Altarraum)\"}]},{\"@type\":\"WebSite\",\"@id\":\"https:\\\/\\\/leonore-mau.de\\\/#website\",\"url\":\"https:\\\/\\\/leonore-mau.de\\\/\",\"name\":\"Leonore Mau\",\"description\":\"Fotografin\",\"potentialAction\":[{\"@type\":\"SearchAction\",\"target\":{\"@type\":\"EntryPoint\",\"urlTemplate\":\"https:\\\/\\\/leonore-mau.de\\\/?s={search_term_string}\"},\"query-input\":{\"@type\":\"PropertyValueSpecification\",\"valueRequired\":true,\"valueName\":\"search_term_string\"}}],\"inLanguage\":\"en-US\"}]}<\/script>\n<!-- \/ Yoast SEO plugin. -->","yoast_head_json":{"title":"Ohne Titel (Priester Ernesto Gonzales im Altarraum) - Leonore Mau","robots":{"index":"index","follow":"follow","max-snippet":"max-snippet:-1","max-image-preview":"max-image-preview:large","max-video-preview":"max-video-preview:-1"},"canonical":"https:\/\/leonore-mau.de\/produkt\/ohne-titel-priester-ernesto-gonzales-im-altarraum\/","og_locale":"en_US","og_type":"article","og_title":"Ohne Titel (Priester Ernesto Gonzales im Altarraum) - Leonore Mau","og_description":"Priester Ernesto Gonzales im Altarraum eines Botanica Shops. Er h\u00e4lt ein wei\u00dfes Huhn \u00fcber den Kopf einer blonden Frau. &#8220;In den meisten dieser Botanicas befinden sich kleine Altarr\u00e4ume, wo weniger bedeutsame Befragungen des Orakel Ifa durchgef\u00fchrt werden, geistliche Reinigungen und Heilungen&#8221;. Referenz: Hubert Fichte und Leonore Mau, Petersilie, S. Fischer Verlag GmbH, 1980","og_url":"https:\/\/leonore-mau.de\/produkt\/ohne-titel-priester-ernesto-gonzales-im-altarraum\/","og_site_name":"Leonore Mau","article_modified_time":"2022-09-13T21:13:39+00:00","og_image":[{"width":1200,"height":794,"url":"https:\/\/leonore-mau.de\/wp-content\/uploads\/2022\/07\/70367511.jpg","type":"image\/jpeg"}],"twitter_card":"summary_large_image","schema":{"@context":"https:\/\/schema.org","@graph":[{"@type":"WebPage","@id":"https:\/\/leonore-mau.de\/produkt\/ohne-titel-priester-ernesto-gonzales-im-altarraum\/","url":"https:\/\/leonore-mau.de\/produkt\/ohne-titel-priester-ernesto-gonzales-im-altarraum\/","name":"Ohne Titel (Priester Ernesto Gonzales im Altarraum) - Leonore Mau","isPartOf":{"@id":"https:\/\/leonore-mau.de\/#website"},"primaryImageOfPage":{"@id":"https:\/\/leonore-mau.de\/produkt\/ohne-titel-priester-ernesto-gonzales-im-altarraum\/#primaryimage"},"image":{"@id":"https:\/\/leonore-mau.de\/produkt\/ohne-titel-priester-ernesto-gonzales-im-altarraum\/#primaryimage"},"thumbnailUrl":"https:\/\/leonore-mau.de\/wp-content\/uploads\/2022\/07\/70367511.jpg","datePublished":"2022-07-14T20:22:26+00:00","dateModified":"2022-09-13T21:13:39+00:00","breadcrumb":{"@id":"https:\/\/leonore-mau.de\/produkt\/ohne-titel-priester-ernesto-gonzales-im-altarraum\/#breadcrumb"},"inLanguage":"en-US","potentialAction":[{"@type":"ReadAction","target":["https:\/\/leonore-mau.de\/produkt\/ohne-titel-priester-ernesto-gonzales-im-altarraum\/"]}]},{"@type":"ImageObject","inLanguage":"en-US","@id":"https:\/\/leonore-mau.de\/produkt\/ohne-titel-priester-ernesto-gonzales-im-altarraum\/#primaryimage","url":"https:\/\/leonore-mau.de\/wp-content\/uploads\/2022\/07\/70367511.jpg","contentUrl":"https:\/\/leonore-mau.de\/wp-content\/uploads\/2022\/07\/70367511.jpg","width":1200,"height":794,"caption":"Priester Ernesto Gonzales im Altarraum eines Botanica Shops. Er h\u00e4lt ein wei\u00dfes Huhn \u00fcber den Kopf einer blonden Frau. \"In den meisten dieser Botanicas befinden sich kleine Altarr\u00e4ume, wo weniger bedeutsame Befragungen des Orakel Ifa durchgef\u00fchrt werden, geistliche Reinigungen und Heilungen\". Referenz: Hubert Fichte und Leonore Mau, Petersilie, S. Fischer Verlag GmbH, 1980 Aufnahmedatum: 1978 Material\/Technik: Foto \/ Cibachrome Bildformat (Foto): 40,0 x 60,5 cm Aufnahmeort: Miami Inventar-Nr.: LM-506000"},{"@type":"BreadcrumbList","@id":"https:\/\/leonore-mau.de\/produkt\/ohne-titel-priester-ernesto-gonzales-im-altarraum\/#breadcrumb","itemListElement":[{"@type":"ListItem","position":1,"name":"Startseite","item":"https:\/\/leonore-mau.de\/en\/"},{"@type":"ListItem","position":2,"name":"Shop","item":"https:\/\/leonore-mau.de\/en\/shop-2\/"},{"@type":"ListItem","position":3,"name":"Ohne Titel (Priester Ernesto Gonzales im Altarraum)"}]},{"@type":"WebSite","@id":"https:\/\/leonore-mau.de\/#website","url":"https:\/\/leonore-mau.de\/","name":"Leonore Mau","description":"Fotografin","potentialAction":[{"@type":"SearchAction","target":{"@type":"EntryPoint","urlTemplate":"https:\/\/leonore-mau.de\/?s={search_term_string}"},"query-input":{"@type":"PropertyValueSpecification","valueRequired":true,"valueName":"search_term_string"}}],"inLanguage":"en-US"}]}},"_links":{"self":[{"href":"https:\/\/leonore-mau.de\/en\/wp-json\/wp\/v2\/product\/1704","targetHints":{"allow":["GET"]}}],"collection":[{"href":"https:\/\/leonore-mau.de\/en\/wp-json\/wp\/v2\/product"}],"about":[{"href":"https:\/\/leonore-mau.de\/en\/wp-json\/wp\/v2\/types\/product"}],"wp:featuredmedia":[{"embeddable":true,"href":"https:\/\/leonore-mau.de\/en\/wp-json\/wp\/v2\/media\/1610"}],"wp:attachment":[{"href":"https:\/\/leonore-mau.de\/en\/wp-json\/wp\/v2\/media?parent=1704"}],"wp:term":[{"taxonomy":"product_brand","embeddable":true,"href":"https:\/\/leonore-mau.de\/en\/wp-json\/wp\/v2\/product_brand?post=1704"},{"taxonomy":"product_cat","embeddable":true,"href":"https:\/\/leonore-mau.de\/en\/wp-json\/wp\/v2\/product_cat?post=1704"},{"taxonomy":"product_tag","embeddable":true,"href":"https:\/\/leonore-mau.de\/en\/wp-json\/wp\/v2\/product_tag?post=1704"}],"curies":[{"name":"wp","href":"https:\/\/api.w.org\/{rel}","templated":true}]}}