{"id":1717,"date":"2022-07-14T22:22:41","date_gmt":"2022-07-14T20:22:41","guid":{"rendered":"https:\/\/leonore-mau.de\/produkt\/ohne-titel-bodybuilding-im-fitnessstudio-2\/"},"modified":"2022-09-13T23:13:45","modified_gmt":"2022-09-13T21:13:45","slug":"ohne-titel-bodybuilding-im-fitnessstudio-2","status":"publish","type":"product","link":"https:\/\/leonore-mau.de\/en\/produkt\/ohne-titel-bodybuilding-im-fitnessstudio-2\/","title":{"rendered":"Ohne Titel (Bodybuilding im Fitnessstudio)"},"content":{"rendered":"<p>Zwei M\u00e4nner beim Bodybuilding in einem Fitnessstudio. Im Hintergrund Langhanteln und eine Reihe von Schlie\u00dff\u00e4chern.  &#8220;Body-Building-Studio \u00fcber einer afroamerikanischen Discothek.&#8221; Referenz: Hubert Fichte und Leonore Mau, Petersilie, S. Fischer Verlag GmbH, 1980 R\u00fcckseitenbeschriftung: &#8220;Miami 1978, Body Building, Schwarze, Black People&#8221;<\/p>\n","protected":false},"excerpt":{"rendered":"<p>Zwei M\u00e4nner beim Bodybuilding in einem Fitnessstudio. Im Hintergrund Langhanteln und eine Reihe von Schlie\u00dff\u00e4chern. &#8220;Body-Building-Studio \u00fcber einer afroamerikanischen Discothek.&#8221; Referenz: Hubert Fichte und Leonore Mau, Petersilie, S. Fischer Verlag GmbH, 1980 R\u00fcckseitenbeschriftung: &#8220;Miami 1978, Body Building, Schwarze, Black People&#8221;<\/p>\n","protected":false},"featured_media":1597,"template":"","meta":[],"product_brand":[],"product_cat":[17],"product_tag":[78,22,24,21,23,80,1724,1040,1041,1042,1043,1044,84,500,501,502,503,507,3269,3270,2366,43,44,181,182,183,184,185,186,187,56,57,3271,3699,3700,486,560,3272,3273,3274,3275,3276,3277,1050,70,71,105,107,3702,3703,93,92,94,91,95,3278,3279,3280,3281,3282,106,108,417],"class_list":{"0":"post-1717","1":"product","2":"type-product","3":"status-publish","4":"has-post-thumbnail","6":"product_cat-unkategorisiert","7":"product_tag-1970er-jahre","8":"product_tag-20-jahrhundert-nach-chr","9":"product_tag-20-jh-n-chr","10":"product_tag-20-jahrhundert","11":"product_tag-20-jh","12":"product_tag-70er","13":"product_tag-afroamerikaner","14":"product_tag-afroamerikanisch","15":"product_tag-afroamerikanische","16":"product_tag-afroamerikanischen","17":"product_tag-afroamerikanischer","18":"product_tag-afroamerikanisches","19":"product_tag-ausland","20":"product_tag-fahrrad","21":"product_tag-fahrraeder","22":"product_tag-fahrraedern","23":"product_tag-fahrrades","24":"product_tag-fahrrads","25":"product_tag-fitness","26":"product_tag-fitnessstudio","27":"product_tag-florida","28":"product_tag-fotografin","29":"product_tag-fotografinnen","30":"product_tag-halbakt","31":"product_tag-halbakte","32":"product_tag-halbnackt","33":"product_tag-halbnackte","34":"product_tag-halbnackten","35":"product_tag-halbnackter","36":"product_tag-halbnacktes","37":"product_tag-innenaufnahme","38":"product_tag-innenaufnahmen","39":"product_tag-krafttraining","40":"product_tag-langhantel","41":"product_tag-langhanteln","42":"product_tag-mann","43":"product_tag-maenner","44":"product_tag-muskel","45":"product_tag-muskelkraft","46":"product_tag-muskeln","47":"product_tag-muskelprotz","48":"product_tag-muskeltraining","49":"product_tag-muskulatur","50":"product_tag-petersilie","51":"product_tag-photographin","52":"product_tag-photographinnen","53":"product_tag-s-w-fotografie","54":"product_tag-s-w-photographie","55":"product_tag-schliessfach","56":"product_tag-schliessfaecher","57":"product_tag-schwarzweissphotographie","58":"product_tag-schwarz-weiss-fotografie","59":"product_tag-schwarz-weiss-photographie","60":"product_tag-schwarzweissfotografie","61":"product_tag-siebziger","62":"product_tag-sport","63":"product_tag-sportgeraet","64":"product_tag-sportgeraete","65":"product_tag-sportstudio","66":"product_tag-studio","67":"product_tag-sw-fotografie","68":"product_tag-sw-photographie","69":"product_tag-usa","71":"first","72":"instock","73":"shipping-taxable","74":"product-type-simple"},"yoast_head":"<!-- This site is optimized with the Yoast SEO plugin v27.3 - https:\/\/yoast.com\/product\/yoast-seo-wordpress\/ -->\n<title>Ohne Titel (Bodybuilding im Fitnessstudio) - Leonore Mau<\/title>\n<meta name=\"robots\" content=\"index, follow, max-snippet:-1, max-image-preview:large, max-video-preview:-1\" \/>\n<link rel=\"canonical\" href=\"https:\/\/leonore-mau.de\/produkt\/ohne-titel-bodybuilding-im-fitnessstudio-2\/\" \/>\n<meta property=\"og:locale\" content=\"en_US\" \/>\n<meta property=\"og:type\" content=\"article\" \/>\n<meta property=\"og:title\" content=\"Ohne Titel (Bodybuilding im Fitnessstudio) - Leonore Mau\" \/>\n<meta property=\"og:description\" content=\"Zwei M\u00e4nner beim Bodybuilding in einem Fitnessstudio. Im Hintergrund Langhanteln und eine Reihe von Schlie\u00dff\u00e4chern. &#8220;Body-Building-Studio \u00fcber einer afroamerikanischen Discothek.&#8221; Referenz: Hubert Fichte und Leonore Mau, Petersilie, S. Fischer Verlag GmbH, 1980 R\u00fcckseitenbeschriftung: &#8220;Miami 1978, Body Building, Schwarze, Black People&#8221;\" \/>\n<meta property=\"og:url\" content=\"https:\/\/leonore-mau.de\/produkt\/ohne-titel-bodybuilding-im-fitnessstudio-2\/\" \/>\n<meta property=\"og:site_name\" content=\"Leonore Mau\" \/>\n<meta property=\"article:modified_time\" content=\"2022-09-13T21:13:45+00:00\" \/>\n<meta property=\"og:image\" content=\"https:\/\/leonore-mau.de\/wp-content\/uploads\/2022\/07\/70366390.jpg\" \/>\n\t<meta property=\"og:image:width\" content=\"915\" \/>\n\t<meta property=\"og:image:height\" content=\"1200\" \/>\n\t<meta property=\"og:image:type\" content=\"image\/jpeg\" \/>\n<meta name=\"twitter:card\" content=\"summary_large_image\" \/>\n<script type=\"application\/ld+json\" class=\"yoast-schema-graph\">{\"@context\":\"https:\\\/\\\/schema.org\",\"@graph\":[{\"@type\":\"WebPage\",\"@id\":\"https:\\\/\\\/leonore-mau.de\\\/produkt\\\/ohne-titel-bodybuilding-im-fitnessstudio-2\\\/\",\"url\":\"https:\\\/\\\/leonore-mau.de\\\/produkt\\\/ohne-titel-bodybuilding-im-fitnessstudio-2\\\/\",\"name\":\"Ohne Titel (Bodybuilding im Fitnessstudio) - Leonore Mau\",\"isPartOf\":{\"@id\":\"https:\\\/\\\/leonore-mau.de\\\/#website\"},\"primaryImageOfPage\":{\"@id\":\"https:\\\/\\\/leonore-mau.de\\\/produkt\\\/ohne-titel-bodybuilding-im-fitnessstudio-2\\\/#primaryimage\"},\"image\":{\"@id\":\"https:\\\/\\\/leonore-mau.de\\\/produkt\\\/ohne-titel-bodybuilding-im-fitnessstudio-2\\\/#primaryimage\"},\"thumbnailUrl\":\"https:\\\/\\\/leonore-mau.de\\\/wp-content\\\/uploads\\\/2022\\\/07\\\/70366390.jpg\",\"datePublished\":\"2022-07-14T20:22:41+00:00\",\"dateModified\":\"2022-09-13T21:13:45+00:00\",\"breadcrumb\":{\"@id\":\"https:\\\/\\\/leonore-mau.de\\\/produkt\\\/ohne-titel-bodybuilding-im-fitnessstudio-2\\\/#breadcrumb\"},\"inLanguage\":\"en-US\",\"potentialAction\":[{\"@type\":\"ReadAction\",\"target\":[\"https:\\\/\\\/leonore-mau.de\\\/produkt\\\/ohne-titel-bodybuilding-im-fitnessstudio-2\\\/\"]}]},{\"@type\":\"ImageObject\",\"inLanguage\":\"en-US\",\"@id\":\"https:\\\/\\\/leonore-mau.de\\\/produkt\\\/ohne-titel-bodybuilding-im-fitnessstudio-2\\\/#primaryimage\",\"url\":\"https:\\\/\\\/leonore-mau.de\\\/wp-content\\\/uploads\\\/2022\\\/07\\\/70366390.jpg\",\"contentUrl\":\"https:\\\/\\\/leonore-mau.de\\\/wp-content\\\/uploads\\\/2022\\\/07\\\/70366390.jpg\",\"width\":915,\"height\":1200,\"caption\":\"Zwei M\u00e4nner beim Bodybuilding in einem Fitnessstudio. Im Hintergrund Langhanteln und eine Reihe von Schlie\u00dff\u00e4chern. \\\"Body-Building-Studio \u00fcber einer afroamerikanischen Discothek.\\\" Referenz: Hubert Fichte und Leonore Mau, Petersilie, S. Fischer Verlag GmbH, 1980 R\u00fcckseitenbeschriftung: \\\"Miami 1978, Body Building, Schwarze, Black People\\\" Aufnahmedatum: 1978 Material\\\/Technik: Foto \\\/ Silbergelatine auf PE-Papier Bildformat (Foto): 30,3 x 39,3 cm Aufnahmeort: Miami Inventar-Nr.: LM-501389\"},{\"@type\":\"BreadcrumbList\",\"@id\":\"https:\\\/\\\/leonore-mau.de\\\/produkt\\\/ohne-titel-bodybuilding-im-fitnessstudio-2\\\/#breadcrumb\",\"itemListElement\":[{\"@type\":\"ListItem\",\"position\":1,\"name\":\"Startseite\",\"item\":\"https:\\\/\\\/leonore-mau.de\\\/en\\\/\"},{\"@type\":\"ListItem\",\"position\":2,\"name\":\"Shop\",\"item\":\"https:\\\/\\\/leonore-mau.de\\\/en\\\/shop-2\\\/\"},{\"@type\":\"ListItem\",\"position\":3,\"name\":\"Ohne Titel (Bodybuilding im Fitnessstudio)\"}]},{\"@type\":\"WebSite\",\"@id\":\"https:\\\/\\\/leonore-mau.de\\\/#website\",\"url\":\"https:\\\/\\\/leonore-mau.de\\\/\",\"name\":\"Leonore Mau\",\"description\":\"Fotografin\",\"potentialAction\":[{\"@type\":\"SearchAction\",\"target\":{\"@type\":\"EntryPoint\",\"urlTemplate\":\"https:\\\/\\\/leonore-mau.de\\\/?s={search_term_string}\"},\"query-input\":{\"@type\":\"PropertyValueSpecification\",\"valueRequired\":true,\"valueName\":\"search_term_string\"}}],\"inLanguage\":\"en-US\"}]}<\/script>\n<!-- \/ Yoast SEO plugin. -->","yoast_head_json":{"title":"Ohne Titel (Bodybuilding im Fitnessstudio) - Leonore Mau","robots":{"index":"index","follow":"follow","max-snippet":"max-snippet:-1","max-image-preview":"max-image-preview:large","max-video-preview":"max-video-preview:-1"},"canonical":"https:\/\/leonore-mau.de\/produkt\/ohne-titel-bodybuilding-im-fitnessstudio-2\/","og_locale":"en_US","og_type":"article","og_title":"Ohne Titel (Bodybuilding im Fitnessstudio) - Leonore Mau","og_description":"Zwei M\u00e4nner beim Bodybuilding in einem Fitnessstudio. Im Hintergrund Langhanteln und eine Reihe von Schlie\u00dff\u00e4chern. &#8220;Body-Building-Studio \u00fcber einer afroamerikanischen Discothek.&#8221; Referenz: Hubert Fichte und Leonore Mau, Petersilie, S. Fischer Verlag GmbH, 1980 R\u00fcckseitenbeschriftung: &#8220;Miami 1978, Body Building, Schwarze, Black People&#8221;","og_url":"https:\/\/leonore-mau.de\/produkt\/ohne-titel-bodybuilding-im-fitnessstudio-2\/","og_site_name":"Leonore Mau","article_modified_time":"2022-09-13T21:13:45+00:00","og_image":[{"width":915,"height":1200,"url":"https:\/\/leonore-mau.de\/wp-content\/uploads\/2022\/07\/70366390.jpg","type":"image\/jpeg"}],"twitter_card":"summary_large_image","schema":{"@context":"https:\/\/schema.org","@graph":[{"@type":"WebPage","@id":"https:\/\/leonore-mau.de\/produkt\/ohne-titel-bodybuilding-im-fitnessstudio-2\/","url":"https:\/\/leonore-mau.de\/produkt\/ohne-titel-bodybuilding-im-fitnessstudio-2\/","name":"Ohne Titel (Bodybuilding im Fitnessstudio) - Leonore Mau","isPartOf":{"@id":"https:\/\/leonore-mau.de\/#website"},"primaryImageOfPage":{"@id":"https:\/\/leonore-mau.de\/produkt\/ohne-titel-bodybuilding-im-fitnessstudio-2\/#primaryimage"},"image":{"@id":"https:\/\/leonore-mau.de\/produkt\/ohne-titel-bodybuilding-im-fitnessstudio-2\/#primaryimage"},"thumbnailUrl":"https:\/\/leonore-mau.de\/wp-content\/uploads\/2022\/07\/70366390.jpg","datePublished":"2022-07-14T20:22:41+00:00","dateModified":"2022-09-13T21:13:45+00:00","breadcrumb":{"@id":"https:\/\/leonore-mau.de\/produkt\/ohne-titel-bodybuilding-im-fitnessstudio-2\/#breadcrumb"},"inLanguage":"en-US","potentialAction":[{"@type":"ReadAction","target":["https:\/\/leonore-mau.de\/produkt\/ohne-titel-bodybuilding-im-fitnessstudio-2\/"]}]},{"@type":"ImageObject","inLanguage":"en-US","@id":"https:\/\/leonore-mau.de\/produkt\/ohne-titel-bodybuilding-im-fitnessstudio-2\/#primaryimage","url":"https:\/\/leonore-mau.de\/wp-content\/uploads\/2022\/07\/70366390.jpg","contentUrl":"https:\/\/leonore-mau.de\/wp-content\/uploads\/2022\/07\/70366390.jpg","width":915,"height":1200,"caption":"Zwei M\u00e4nner beim Bodybuilding in einem Fitnessstudio. Im Hintergrund Langhanteln und eine Reihe von Schlie\u00dff\u00e4chern. \"Body-Building-Studio \u00fcber einer afroamerikanischen Discothek.\" Referenz: Hubert Fichte und Leonore Mau, Petersilie, S. Fischer Verlag GmbH, 1980 R\u00fcckseitenbeschriftung: \"Miami 1978, Body Building, Schwarze, Black People\" Aufnahmedatum: 1978 Material\/Technik: Foto \/ Silbergelatine auf PE-Papier Bildformat (Foto): 30,3 x 39,3 cm Aufnahmeort: Miami Inventar-Nr.: LM-501389"},{"@type":"BreadcrumbList","@id":"https:\/\/leonore-mau.de\/produkt\/ohne-titel-bodybuilding-im-fitnessstudio-2\/#breadcrumb","itemListElement":[{"@type":"ListItem","position":1,"name":"Startseite","item":"https:\/\/leonore-mau.de\/en\/"},{"@type":"ListItem","position":2,"name":"Shop","item":"https:\/\/leonore-mau.de\/en\/shop-2\/"},{"@type":"ListItem","position":3,"name":"Ohne Titel (Bodybuilding im Fitnessstudio)"}]},{"@type":"WebSite","@id":"https:\/\/leonore-mau.de\/#website","url":"https:\/\/leonore-mau.de\/","name":"Leonore Mau","description":"Fotografin","potentialAction":[{"@type":"SearchAction","target":{"@type":"EntryPoint","urlTemplate":"https:\/\/leonore-mau.de\/?s={search_term_string}"},"query-input":{"@type":"PropertyValueSpecification","valueRequired":true,"valueName":"search_term_string"}}],"inLanguage":"en-US"}]}},"_links":{"self":[{"href":"https:\/\/leonore-mau.de\/en\/wp-json\/wp\/v2\/product\/1717","targetHints":{"allow":["GET"]}}],"collection":[{"href":"https:\/\/leonore-mau.de\/en\/wp-json\/wp\/v2\/product"}],"about":[{"href":"https:\/\/leonore-mau.de\/en\/wp-json\/wp\/v2\/types\/product"}],"wp:featuredmedia":[{"embeddable":true,"href":"https:\/\/leonore-mau.de\/en\/wp-json\/wp\/v2\/media\/1597"}],"wp:attachment":[{"href":"https:\/\/leonore-mau.de\/en\/wp-json\/wp\/v2\/media?parent=1717"}],"wp:term":[{"taxonomy":"product_brand","embeddable":true,"href":"https:\/\/leonore-mau.de\/en\/wp-json\/wp\/v2\/product_brand?post=1717"},{"taxonomy":"product_cat","embeddable":true,"href":"https:\/\/leonore-mau.de\/en\/wp-json\/wp\/v2\/product_cat?post=1717"},{"taxonomy":"product_tag","embeddable":true,"href":"https:\/\/leonore-mau.de\/en\/wp-json\/wp\/v2\/product_tag?post=1717"}],"curies":[{"name":"wp","href":"https:\/\/api.w.org\/{rel}","templated":true}]}}