{"id":1718,"date":"2022-07-14T22:22:42","date_gmt":"2022-07-14T20:22:42","guid":{"rendered":"https:\/\/leonore-mau.de\/produkt\/denkmal-fuer-juedische-opfer\/"},"modified":"2022-09-13T23:13:56","modified_gmt":"2022-09-13T21:13:56","slug":"denkmal-fuer-juedische-opfer","status":"publish","type":"product","link":"https:\/\/leonore-mau.de\/en\/produkt\/denkmal-fuer-juedische-opfer\/","title":{"rendered":"Denkmal f\u00fcr j\u00fcdische Opfer"},"content":{"rendered":"<p>&#8220;Denkmal f\u00fcr j\u00fcdische Opfer&#8221; Referenz: Hubert Fichte und Leonore Mau, Petersilie, S. Fischer Verlag GmbH, 1980 R\u00fcckseitenbeschriftung: &#8220;Miami 1977&#8221;<\/p>\n","protected":false},"excerpt":{"rendered":"<p>&#8220;Denkmal f\u00fcr j\u00fcdische Opfer&#8221; Referenz: Hubert Fichte und Leonore Mau, Petersilie, S. Fischer Verlag GmbH, 1980 R\u00fcckseitenbeschriftung: &#8220;Miami 1977&#8221;<\/p>\n","protected":false},"featured_media":1596,"template":"","meta":[],"product_brand":[],"product_cat":[17],"product_tag":[78,3704,22,24,21,23,80,2380,2381,2382,2383,254,255,256,257,2366,43,44,3705,3706,3707,3708,2722,1050,70,71,105,107,981,982,3709,3710,93,92,94,91,3711,95,106,108,417,3712,3713,3714,3715,3716,3717],"class_list":{"0":"post-1718","1":"product","2":"type-product","3":"status-publish","4":"has-post-thumbnail","6":"product_cat-unkategorisiert","7":"product_tag-1970er-jahre","8":"product_tag-2-weltkrieg","9":"product_tag-20-jahrhundert-nach-chr","10":"product_tag-20-jh-n-chr","11":"product_tag-20-jahrhundert","12":"product_tag-20-jh","13":"product_tag-70er","14":"product_tag-anzeiger","15":"product_tag-anzeigers","16":"product_tag-anzeigetafel","17":"product_tag-anzeigetafeln","18":"product_tag-denkmal","19":"product_tag-denkmale","20":"product_tag-denkmaeler","21":"product_tag-denkmals","22":"product_tag-florida","23":"product_tag-fotografin","24":"product_tag-fotografinnen","25":"product_tag-gedenktafel","26":"product_tag-gedenktafeln","27":"product_tag-holocaust","28":"product_tag-ii-weltkrieg","29":"product_tag-judentum","30":"product_tag-petersilie","31":"product_tag-photographin","32":"product_tag-photographinnen","33":"product_tag-s-w-fotografie","34":"product_tag-s-w-photographie","35":"product_tag-schatten","36":"product_tag-schattens","37":"product_tag-schoa","38":"product_tag-schoah","39":"product_tag-schwarzweissphotographie","40":"product_tag-schwarz-weiss-fotografie","41":"product_tag-schwarz-weiss-photographie","42":"product_tag-schwarzweissfotografie","43":"product_tag-shoa","44":"product_tag-siebziger","45":"product_tag-sw-fotografie","46":"product_tag-sw-photographie","47":"product_tag-usa","48":"product_tag-weltkrieg-ii","49":"product_tag-wii","50":"product_tag-wkii","51":"product_tag-ww2","52":"product_tag-wwii","53":"product_tag-zweiter-weltkrieg","55":"first","56":"instock","57":"shipping-taxable","58":"product-type-simple"},"yoast_head":"<!-- This site is optimized with the Yoast SEO plugin v27.4 - https:\/\/yoast.com\/product\/yoast-seo-wordpress\/ -->\n<title>Denkmal f\u00fcr j\u00fcdische Opfer - Leonore Mau<\/title>\n<meta name=\"robots\" content=\"index, follow, max-snippet:-1, max-image-preview:large, max-video-preview:-1\" \/>\n<link rel=\"canonical\" href=\"https:\/\/leonore-mau.de\/produkt\/denkmal-fuer-juedische-opfer\/\" \/>\n<meta property=\"og:locale\" content=\"en_US\" \/>\n<meta property=\"og:type\" content=\"article\" \/>\n<meta property=\"og:title\" content=\"Denkmal f\u00fcr j\u00fcdische Opfer - Leonore Mau\" \/>\n<meta property=\"og:description\" content=\"&#8220;Denkmal f\u00fcr j\u00fcdische Opfer&#8221; Referenz: Hubert Fichte und Leonore Mau, Petersilie, S. Fischer Verlag GmbH, 1980 R\u00fcckseitenbeschriftung: &#8220;Miami 1977&#8221;\" \/>\n<meta property=\"og:url\" content=\"https:\/\/leonore-mau.de\/produkt\/denkmal-fuer-juedische-opfer\/\" \/>\n<meta property=\"og:site_name\" content=\"Leonore Mau\" \/>\n<meta property=\"article:modified_time\" content=\"2022-09-13T21:13:56+00:00\" \/>\n<meta property=\"og:image\" content=\"https:\/\/leonore-mau.de\/wp-content\/uploads\/2022\/07\/70366389.jpg\" \/>\n\t<meta property=\"og:image:width\" content=\"1200\" \/>\n\t<meta property=\"og:image:height\" content=\"696\" \/>\n\t<meta property=\"og:image:type\" content=\"image\/jpeg\" \/>\n<meta name=\"twitter:card\" content=\"summary_large_image\" \/>\n<script type=\"application\/ld+json\" class=\"yoast-schema-graph\">{\"@context\":\"https:\\\/\\\/schema.org\",\"@graph\":[{\"@type\":\"WebPage\",\"@id\":\"https:\\\/\\\/leonore-mau.de\\\/produkt\\\/denkmal-fuer-juedische-opfer\\\/\",\"url\":\"https:\\\/\\\/leonore-mau.de\\\/produkt\\\/denkmal-fuer-juedische-opfer\\\/\",\"name\":\"Denkmal f\u00fcr j\u00fcdische Opfer - Leonore Mau\",\"isPartOf\":{\"@id\":\"https:\\\/\\\/leonore-mau.de\\\/#website\"},\"primaryImageOfPage\":{\"@id\":\"https:\\\/\\\/leonore-mau.de\\\/produkt\\\/denkmal-fuer-juedische-opfer\\\/#primaryimage\"},\"image\":{\"@id\":\"https:\\\/\\\/leonore-mau.de\\\/produkt\\\/denkmal-fuer-juedische-opfer\\\/#primaryimage\"},\"thumbnailUrl\":\"https:\\\/\\\/leonore-mau.de\\\/wp-content\\\/uploads\\\/2022\\\/07\\\/70366389.jpg\",\"datePublished\":\"2022-07-14T20:22:42+00:00\",\"dateModified\":\"2022-09-13T21:13:56+00:00\",\"breadcrumb\":{\"@id\":\"https:\\\/\\\/leonore-mau.de\\\/produkt\\\/denkmal-fuer-juedische-opfer\\\/#breadcrumb\"},\"inLanguage\":\"en-US\",\"potentialAction\":[{\"@type\":\"ReadAction\",\"target\":[\"https:\\\/\\\/leonore-mau.de\\\/produkt\\\/denkmal-fuer-juedische-opfer\\\/\"]}]},{\"@type\":\"ImageObject\",\"inLanguage\":\"en-US\",\"@id\":\"https:\\\/\\\/leonore-mau.de\\\/produkt\\\/denkmal-fuer-juedische-opfer\\\/#primaryimage\",\"url\":\"https:\\\/\\\/leonore-mau.de\\\/wp-content\\\/uploads\\\/2022\\\/07\\\/70366389.jpg\",\"contentUrl\":\"https:\\\/\\\/leonore-mau.de\\\/wp-content\\\/uploads\\\/2022\\\/07\\\/70366389.jpg\",\"width\":1200,\"height\":696,\"caption\":\"\\\"Denkmal f\u00fcr j\u00fcdische Opfer\\\" Referenz: Hubert Fichte und Leonore Mau, Petersilie, S. Fischer Verlag GmbH, 1980 R\u00fcckseitenbeschriftung: \\\"Miami 1977\\\" Aufnahmedatum: 1977 Material\\\/Technik: Foto \\\/ Silbergelatine auf PE-Papier Bildformat (Foto): 18,0 x 30,3 cm Aufnahmeort: Miami Inventar-Nr.: LM-501357\"},{\"@type\":\"BreadcrumbList\",\"@id\":\"https:\\\/\\\/leonore-mau.de\\\/produkt\\\/denkmal-fuer-juedische-opfer\\\/#breadcrumb\",\"itemListElement\":[{\"@type\":\"ListItem\",\"position\":1,\"name\":\"Startseite\",\"item\":\"https:\\\/\\\/leonore-mau.de\\\/en\\\/\"},{\"@type\":\"ListItem\",\"position\":2,\"name\":\"Shop\",\"item\":\"https:\\\/\\\/leonore-mau.de\\\/en\\\/shop-2\\\/\"},{\"@type\":\"ListItem\",\"position\":3,\"name\":\"Denkmal f\u00fcr j\u00fcdische Opfer\"}]},{\"@type\":\"WebSite\",\"@id\":\"https:\\\/\\\/leonore-mau.de\\\/#website\",\"url\":\"https:\\\/\\\/leonore-mau.de\\\/\",\"name\":\"Leonore Mau\",\"description\":\"Fotografin\",\"potentialAction\":[{\"@type\":\"SearchAction\",\"target\":{\"@type\":\"EntryPoint\",\"urlTemplate\":\"https:\\\/\\\/leonore-mau.de\\\/?s={search_term_string}\"},\"query-input\":{\"@type\":\"PropertyValueSpecification\",\"valueRequired\":true,\"valueName\":\"search_term_string\"}}],\"inLanguage\":\"en-US\"}]}<\/script>\n<!-- \/ Yoast SEO plugin. -->","yoast_head_json":{"title":"Denkmal f\u00fcr j\u00fcdische Opfer - Leonore Mau","robots":{"index":"index","follow":"follow","max-snippet":"max-snippet:-1","max-image-preview":"max-image-preview:large","max-video-preview":"max-video-preview:-1"},"canonical":"https:\/\/leonore-mau.de\/produkt\/denkmal-fuer-juedische-opfer\/","og_locale":"en_US","og_type":"article","og_title":"Denkmal f\u00fcr j\u00fcdische Opfer - Leonore Mau","og_description":"&#8220;Denkmal f\u00fcr j\u00fcdische Opfer&#8221; Referenz: Hubert Fichte und Leonore Mau, Petersilie, S. Fischer Verlag GmbH, 1980 R\u00fcckseitenbeschriftung: &#8220;Miami 1977&#8221;","og_url":"https:\/\/leonore-mau.de\/produkt\/denkmal-fuer-juedische-opfer\/","og_site_name":"Leonore Mau","article_modified_time":"2022-09-13T21:13:56+00:00","og_image":[{"width":1200,"height":696,"url":"https:\/\/leonore-mau.de\/wp-content\/uploads\/2022\/07\/70366389.jpg","type":"image\/jpeg"}],"twitter_card":"summary_large_image","schema":{"@context":"https:\/\/schema.org","@graph":[{"@type":"WebPage","@id":"https:\/\/leonore-mau.de\/produkt\/denkmal-fuer-juedische-opfer\/","url":"https:\/\/leonore-mau.de\/produkt\/denkmal-fuer-juedische-opfer\/","name":"Denkmal f\u00fcr j\u00fcdische Opfer - Leonore Mau","isPartOf":{"@id":"https:\/\/leonore-mau.de\/#website"},"primaryImageOfPage":{"@id":"https:\/\/leonore-mau.de\/produkt\/denkmal-fuer-juedische-opfer\/#primaryimage"},"image":{"@id":"https:\/\/leonore-mau.de\/produkt\/denkmal-fuer-juedische-opfer\/#primaryimage"},"thumbnailUrl":"https:\/\/leonore-mau.de\/wp-content\/uploads\/2022\/07\/70366389.jpg","datePublished":"2022-07-14T20:22:42+00:00","dateModified":"2022-09-13T21:13:56+00:00","breadcrumb":{"@id":"https:\/\/leonore-mau.de\/produkt\/denkmal-fuer-juedische-opfer\/#breadcrumb"},"inLanguage":"en-US","potentialAction":[{"@type":"ReadAction","target":["https:\/\/leonore-mau.de\/produkt\/denkmal-fuer-juedische-opfer\/"]}]},{"@type":"ImageObject","inLanguage":"en-US","@id":"https:\/\/leonore-mau.de\/produkt\/denkmal-fuer-juedische-opfer\/#primaryimage","url":"https:\/\/leonore-mau.de\/wp-content\/uploads\/2022\/07\/70366389.jpg","contentUrl":"https:\/\/leonore-mau.de\/wp-content\/uploads\/2022\/07\/70366389.jpg","width":1200,"height":696,"caption":"\"Denkmal f\u00fcr j\u00fcdische Opfer\" Referenz: Hubert Fichte und Leonore Mau, Petersilie, S. Fischer Verlag GmbH, 1980 R\u00fcckseitenbeschriftung: \"Miami 1977\" Aufnahmedatum: 1977 Material\/Technik: Foto \/ Silbergelatine auf PE-Papier Bildformat (Foto): 18,0 x 30,3 cm Aufnahmeort: Miami Inventar-Nr.: LM-501357"},{"@type":"BreadcrumbList","@id":"https:\/\/leonore-mau.de\/produkt\/denkmal-fuer-juedische-opfer\/#breadcrumb","itemListElement":[{"@type":"ListItem","position":1,"name":"Startseite","item":"https:\/\/leonore-mau.de\/en\/"},{"@type":"ListItem","position":2,"name":"Shop","item":"https:\/\/leonore-mau.de\/en\/shop-2\/"},{"@type":"ListItem","position":3,"name":"Denkmal f\u00fcr j\u00fcdische Opfer"}]},{"@type":"WebSite","@id":"https:\/\/leonore-mau.de\/#website","url":"https:\/\/leonore-mau.de\/","name":"Leonore Mau","description":"Fotografin","potentialAction":[{"@type":"SearchAction","target":{"@type":"EntryPoint","urlTemplate":"https:\/\/leonore-mau.de\/?s={search_term_string}"},"query-input":{"@type":"PropertyValueSpecification","valueRequired":true,"valueName":"search_term_string"}}],"inLanguage":"en-US"}]}},"_links":{"self":[{"href":"https:\/\/leonore-mau.de\/en\/wp-json\/wp\/v2\/product\/1718","targetHints":{"allow":["GET"]}}],"collection":[{"href":"https:\/\/leonore-mau.de\/en\/wp-json\/wp\/v2\/product"}],"about":[{"href":"https:\/\/leonore-mau.de\/en\/wp-json\/wp\/v2\/types\/product"}],"wp:featuredmedia":[{"embeddable":true,"href":"https:\/\/leonore-mau.de\/en\/wp-json\/wp\/v2\/media\/1596"}],"wp:attachment":[{"href":"https:\/\/leonore-mau.de\/en\/wp-json\/wp\/v2\/media?parent=1718"}],"wp:term":[{"taxonomy":"product_brand","embeddable":true,"href":"https:\/\/leonore-mau.de\/en\/wp-json\/wp\/v2\/product_brand?post=1718"},{"taxonomy":"product_cat","embeddable":true,"href":"https:\/\/leonore-mau.de\/en\/wp-json\/wp\/v2\/product_cat?post=1718"},{"taxonomy":"product_tag","embeddable":true,"href":"https:\/\/leonore-mau.de\/en\/wp-json\/wp\/v2\/product_tag?post=1718"}],"curies":[{"name":"wp","href":"https:\/\/api.w.org\/{rel}","templated":true}]}}