{"id":1723,"date":"2022-07-14T22:22:44","date_gmt":"2022-07-14T20:22:44","guid":{"rendered":"https:\/\/leonore-mau.de\/produkt\/geld-von-touristen-fuer-muscheln-dollar-scheine\/"},"modified":"2022-09-13T23:13:59","modified_gmt":"2022-09-13T21:13:59","slug":"geld-von-touristen-fuer-muscheln-dollar-scheine","status":"publish","type":"product","link":"https:\/\/leonore-mau.de\/en\/produkt\/geld-von-touristen-fuer-muscheln-dollar-scheine\/","title":{"rendered":"Geld von Touristen f\u00fcr Muscheln (Dollar Scheine)"},"content":{"rendered":"<p>Portr\u00e4t eines Jungen, der Dollar Scheine in seinen H\u00e4nden und in seinem Mund h\u00e4lt, um diese zu z\u00e4hlen. Aufgenommen im Hafen in St. George&#8217;s auf der Karibikinsel Grenada. Referenz: Ronald Kay, Die Kinder Herodots, S. Fischer Verlag GmbH, 2006 R\u00fcckseitenbeschriftung: &#8220;Grenada (?), Geld von Touristen f\u00fcr Muscheln (Dollar Scheine)&#8221;<\/p>\n","protected":false},"excerpt":{"rendered":"<p>Portr\u00e4t eines Jungen, der Dollar Scheine in seinen H\u00e4nden und in seinem Mund h\u00e4lt, um diese zu z\u00e4hlen. Aufgenommen im Hafen in St. George&#8217;s auf der Karibikinsel Grenada. Referenz: Ronald Kay, Die Kinder Herodots, S. Fischer Verlag GmbH, 2006 R\u00fcckseitenbeschriftung: &#8220;Grenada (?), Geld von Touristen f\u00fcr Muscheln (Dollar Scheine)&#8221;<\/p>\n","protected":false},"featured_media":1591,"template":"","meta":[],"product_brand":[],"product_cat":[17],"product_tag":[78,22,24,21,23,80,3741,84,171,172,3742,3743,43,44,160,3286,3744,3745,3746,181,182,183,184,185,186,187,1439,727,206,169,3747,70,71,105,107,93,92,94,91,95,3748,3749,996,997,998,999,1000,1001,97,99,106,108,1588],"class_list":{"0":"post-1723","1":"product","2":"type-product","3":"status-publish","4":"has-post-thumbnail","6":"product_cat-unkategorisiert","7":"product_tag-1970er-jahre","8":"product_tag-20-jahrhundert-nach-chr","9":"product_tag-20-jh-n-chr","10":"product_tag-20-jahrhundert","11":"product_tag-20-jh","12":"product_tag-70er","13":"product_tag-andenken","14":"product_tag-ausland","15":"product_tag-aussenaufnahme","16":"product_tag-aussenaufnahmen","17":"product_tag-banknote","18":"product_tag-banknoten","19":"product_tag-fotografin","20":"product_tag-fotografinnen","21":"product_tag-fussgaenger","22":"product_tag-geld","23":"product_tag-geldschein","24":"product_tag-geldscheine","25":"product_tag-grenada","26":"product_tag-halbakt","27":"product_tag-halbakte","28":"product_tag-halbnackt","29":"product_tag-halbnackte","30":"product_tag-halbnackten","31":"product_tag-halbnackter","32":"product_tag-halbnacktes","33":"product_tag-herodot","34":"product_tag-junge","35":"product_tag-karibik","36":"product_tag-kind","37":"product_tag-kinderarbeit","38":"product_tag-photographin","39":"product_tag-photographinnen","40":"product_tag-s-w-fotografie","41":"product_tag-s-w-photographie","42":"product_tag-schwarzweissphotographie","43":"product_tag-schwarz-weiss-fotografie","44":"product_tag-schwarz-weiss-photographie","45":"product_tag-schwarzweissfotografie","46":"product_tag-siebziger","47":"product_tag-souvenir","48":"product_tag-souvenirs","49":"product_tag-stehen","50":"product_tag-stehend","51":"product_tag-stehende","52":"product_tag-stehenden","53":"product_tag-stehender","54":"product_tag-stehendes","55":"product_tag-strassenleben","56":"product_tag-strassenszene","57":"product_tag-sw-fotografie","58":"product_tag-sw-photographie","59":"product_tag-verkauf","61":"first","62":"instock","63":"shipping-taxable","64":"product-type-simple"},"yoast_head":"<!-- This site is optimized with the Yoast SEO plugin v27.3 - https:\/\/yoast.com\/product\/yoast-seo-wordpress\/ -->\n<title>Geld von Touristen f\u00fcr Muscheln (Dollar Scheine) - Leonore Mau<\/title>\n<meta name=\"robots\" content=\"index, follow, max-snippet:-1, max-image-preview:large, max-video-preview:-1\" \/>\n<link rel=\"canonical\" href=\"https:\/\/leonore-mau.de\/produkt\/geld-von-touristen-fuer-muscheln-dollar-scheine\/\" \/>\n<meta property=\"og:locale\" content=\"en_US\" \/>\n<meta property=\"og:type\" content=\"article\" \/>\n<meta property=\"og:title\" content=\"Geld von Touristen f\u00fcr Muscheln (Dollar Scheine) - Leonore Mau\" \/>\n<meta property=\"og:description\" content=\"Portr\u00e4t eines Jungen, der Dollar Scheine in seinen H\u00e4nden und in seinem Mund h\u00e4lt, um diese zu z\u00e4hlen. Aufgenommen im Hafen in St. George&#8217;s auf der Karibikinsel Grenada. Referenz: Ronald Kay, Die Kinder Herodots, S. Fischer Verlag GmbH, 2006 R\u00fcckseitenbeschriftung: &#8220;Grenada (?), Geld von Touristen f\u00fcr Muscheln (Dollar Scheine)&#8221;\" \/>\n<meta property=\"og:url\" content=\"https:\/\/leonore-mau.de\/produkt\/geld-von-touristen-fuer-muscheln-dollar-scheine\/\" \/>\n<meta property=\"og:site_name\" content=\"Leonore Mau\" \/>\n<meta property=\"article:modified_time\" content=\"2022-09-13T21:13:59+00:00\" \/>\n<meta property=\"og:image\" content=\"https:\/\/leonore-mau.de\/wp-content\/uploads\/2022\/07\/70366305.jpg\" \/>\n\t<meta property=\"og:image:width\" content=\"833\" \/>\n\t<meta property=\"og:image:height\" content=\"1200\" \/>\n\t<meta property=\"og:image:type\" content=\"image\/jpeg\" \/>\n<meta name=\"twitter:card\" content=\"summary_large_image\" \/>\n<script type=\"application\/ld+json\" class=\"yoast-schema-graph\">{\"@context\":\"https:\\\/\\\/schema.org\",\"@graph\":[{\"@type\":\"WebPage\",\"@id\":\"https:\\\/\\\/leonore-mau.de\\\/produkt\\\/geld-von-touristen-fuer-muscheln-dollar-scheine\\\/\",\"url\":\"https:\\\/\\\/leonore-mau.de\\\/produkt\\\/geld-von-touristen-fuer-muscheln-dollar-scheine\\\/\",\"name\":\"Geld von Touristen f\u00fcr Muscheln (Dollar Scheine) - Leonore Mau\",\"isPartOf\":{\"@id\":\"https:\\\/\\\/leonore-mau.de\\\/#website\"},\"primaryImageOfPage\":{\"@id\":\"https:\\\/\\\/leonore-mau.de\\\/produkt\\\/geld-von-touristen-fuer-muscheln-dollar-scheine\\\/#primaryimage\"},\"image\":{\"@id\":\"https:\\\/\\\/leonore-mau.de\\\/produkt\\\/geld-von-touristen-fuer-muscheln-dollar-scheine\\\/#primaryimage\"},\"thumbnailUrl\":\"https:\\\/\\\/leonore-mau.de\\\/wp-content\\\/uploads\\\/2022\\\/07\\\/70366305.jpg\",\"datePublished\":\"2022-07-14T20:22:44+00:00\",\"dateModified\":\"2022-09-13T21:13:59+00:00\",\"breadcrumb\":{\"@id\":\"https:\\\/\\\/leonore-mau.de\\\/produkt\\\/geld-von-touristen-fuer-muscheln-dollar-scheine\\\/#breadcrumb\"},\"inLanguage\":\"en-US\",\"potentialAction\":[{\"@type\":\"ReadAction\",\"target\":[\"https:\\\/\\\/leonore-mau.de\\\/produkt\\\/geld-von-touristen-fuer-muscheln-dollar-scheine\\\/\"]}]},{\"@type\":\"ImageObject\",\"inLanguage\":\"en-US\",\"@id\":\"https:\\\/\\\/leonore-mau.de\\\/produkt\\\/geld-von-touristen-fuer-muscheln-dollar-scheine\\\/#primaryimage\",\"url\":\"https:\\\/\\\/leonore-mau.de\\\/wp-content\\\/uploads\\\/2022\\\/07\\\/70366305.jpg\",\"contentUrl\":\"https:\\\/\\\/leonore-mau.de\\\/wp-content\\\/uploads\\\/2022\\\/07\\\/70366305.jpg\",\"width\":833,\"height\":1200,\"caption\":\"Portr\u00e4t eines Jungen, der Dollar Scheine in seinen H\u00e4nden und in seinem Mund h\u00e4lt, um diese zu z\u00e4hlen. Aufgenommen im Hafen in St. George's auf der Karibikinsel Grenada. Referenz: Ronald Kay, Die Kinder Herodots, S. Fischer Verlag GmbH, 2006 R\u00fcckseitenbeschriftung: \\\"Grenada (?), Geld von Touristen f\u00fcr Muscheln (Dollar Scheine)\\\" Aufnahmedatum: Mai 1979 Material\\\/Technik: Foto \\\/ Silbergelatine auf PE-Papier Bildformat (Foto): 28,1 x 40,3 cm Aufnahmeort: St. George's Inventar-Nr.: LM-505244\"},{\"@type\":\"BreadcrumbList\",\"@id\":\"https:\\\/\\\/leonore-mau.de\\\/produkt\\\/geld-von-touristen-fuer-muscheln-dollar-scheine\\\/#breadcrumb\",\"itemListElement\":[{\"@type\":\"ListItem\",\"position\":1,\"name\":\"Startseite\",\"item\":\"https:\\\/\\\/leonore-mau.de\\\/en\\\/\"},{\"@type\":\"ListItem\",\"position\":2,\"name\":\"Shop\",\"item\":\"https:\\\/\\\/leonore-mau.de\\\/en\\\/shop-2\\\/\"},{\"@type\":\"ListItem\",\"position\":3,\"name\":\"Geld von Touristen f\u00fcr Muscheln (Dollar Scheine)\"}]},{\"@type\":\"WebSite\",\"@id\":\"https:\\\/\\\/leonore-mau.de\\\/#website\",\"url\":\"https:\\\/\\\/leonore-mau.de\\\/\",\"name\":\"Leonore Mau\",\"description\":\"Fotografin\",\"potentialAction\":[{\"@type\":\"SearchAction\",\"target\":{\"@type\":\"EntryPoint\",\"urlTemplate\":\"https:\\\/\\\/leonore-mau.de\\\/?s={search_term_string}\"},\"query-input\":{\"@type\":\"PropertyValueSpecification\",\"valueRequired\":true,\"valueName\":\"search_term_string\"}}],\"inLanguage\":\"en-US\"}]}<\/script>\n<!-- \/ Yoast SEO plugin. -->","yoast_head_json":{"title":"Geld von Touristen f\u00fcr Muscheln (Dollar Scheine) - Leonore Mau","robots":{"index":"index","follow":"follow","max-snippet":"max-snippet:-1","max-image-preview":"max-image-preview:large","max-video-preview":"max-video-preview:-1"},"canonical":"https:\/\/leonore-mau.de\/produkt\/geld-von-touristen-fuer-muscheln-dollar-scheine\/","og_locale":"en_US","og_type":"article","og_title":"Geld von Touristen f\u00fcr Muscheln (Dollar Scheine) - Leonore Mau","og_description":"Portr\u00e4t eines Jungen, der Dollar Scheine in seinen H\u00e4nden und in seinem Mund h\u00e4lt, um diese zu z\u00e4hlen. Aufgenommen im Hafen in St. George&#8217;s auf der Karibikinsel Grenada. Referenz: Ronald Kay, Die Kinder Herodots, S. Fischer Verlag GmbH, 2006 R\u00fcckseitenbeschriftung: &#8220;Grenada (?), Geld von Touristen f\u00fcr Muscheln (Dollar Scheine)&#8221;","og_url":"https:\/\/leonore-mau.de\/produkt\/geld-von-touristen-fuer-muscheln-dollar-scheine\/","og_site_name":"Leonore Mau","article_modified_time":"2022-09-13T21:13:59+00:00","og_image":[{"width":833,"height":1200,"url":"https:\/\/leonore-mau.de\/wp-content\/uploads\/2022\/07\/70366305.jpg","type":"image\/jpeg"}],"twitter_card":"summary_large_image","schema":{"@context":"https:\/\/schema.org","@graph":[{"@type":"WebPage","@id":"https:\/\/leonore-mau.de\/produkt\/geld-von-touristen-fuer-muscheln-dollar-scheine\/","url":"https:\/\/leonore-mau.de\/produkt\/geld-von-touristen-fuer-muscheln-dollar-scheine\/","name":"Geld von Touristen f\u00fcr Muscheln (Dollar Scheine) - Leonore Mau","isPartOf":{"@id":"https:\/\/leonore-mau.de\/#website"},"primaryImageOfPage":{"@id":"https:\/\/leonore-mau.de\/produkt\/geld-von-touristen-fuer-muscheln-dollar-scheine\/#primaryimage"},"image":{"@id":"https:\/\/leonore-mau.de\/produkt\/geld-von-touristen-fuer-muscheln-dollar-scheine\/#primaryimage"},"thumbnailUrl":"https:\/\/leonore-mau.de\/wp-content\/uploads\/2022\/07\/70366305.jpg","datePublished":"2022-07-14T20:22:44+00:00","dateModified":"2022-09-13T21:13:59+00:00","breadcrumb":{"@id":"https:\/\/leonore-mau.de\/produkt\/geld-von-touristen-fuer-muscheln-dollar-scheine\/#breadcrumb"},"inLanguage":"en-US","potentialAction":[{"@type":"ReadAction","target":["https:\/\/leonore-mau.de\/produkt\/geld-von-touristen-fuer-muscheln-dollar-scheine\/"]}]},{"@type":"ImageObject","inLanguage":"en-US","@id":"https:\/\/leonore-mau.de\/produkt\/geld-von-touristen-fuer-muscheln-dollar-scheine\/#primaryimage","url":"https:\/\/leonore-mau.de\/wp-content\/uploads\/2022\/07\/70366305.jpg","contentUrl":"https:\/\/leonore-mau.de\/wp-content\/uploads\/2022\/07\/70366305.jpg","width":833,"height":1200,"caption":"Portr\u00e4t eines Jungen, der Dollar Scheine in seinen H\u00e4nden und in seinem Mund h\u00e4lt, um diese zu z\u00e4hlen. Aufgenommen im Hafen in St. George's auf der Karibikinsel Grenada. Referenz: Ronald Kay, Die Kinder Herodots, S. Fischer Verlag GmbH, 2006 R\u00fcckseitenbeschriftung: \"Grenada (?), Geld von Touristen f\u00fcr Muscheln (Dollar Scheine)\" Aufnahmedatum: Mai 1979 Material\/Technik: Foto \/ Silbergelatine auf PE-Papier Bildformat (Foto): 28,1 x 40,3 cm Aufnahmeort: St. George's Inventar-Nr.: LM-505244"},{"@type":"BreadcrumbList","@id":"https:\/\/leonore-mau.de\/produkt\/geld-von-touristen-fuer-muscheln-dollar-scheine\/#breadcrumb","itemListElement":[{"@type":"ListItem","position":1,"name":"Startseite","item":"https:\/\/leonore-mau.de\/en\/"},{"@type":"ListItem","position":2,"name":"Shop","item":"https:\/\/leonore-mau.de\/en\/shop-2\/"},{"@type":"ListItem","position":3,"name":"Geld von Touristen f\u00fcr Muscheln (Dollar Scheine)"}]},{"@type":"WebSite","@id":"https:\/\/leonore-mau.de\/#website","url":"https:\/\/leonore-mau.de\/","name":"Leonore Mau","description":"Fotografin","potentialAction":[{"@type":"SearchAction","target":{"@type":"EntryPoint","urlTemplate":"https:\/\/leonore-mau.de\/?s={search_term_string}"},"query-input":{"@type":"PropertyValueSpecification","valueRequired":true,"valueName":"search_term_string"}}],"inLanguage":"en-US"}]}},"_links":{"self":[{"href":"https:\/\/leonore-mau.de\/en\/wp-json\/wp\/v2\/product\/1723","targetHints":{"allow":["GET"]}}],"collection":[{"href":"https:\/\/leonore-mau.de\/en\/wp-json\/wp\/v2\/product"}],"about":[{"href":"https:\/\/leonore-mau.de\/en\/wp-json\/wp\/v2\/types\/product"}],"wp:featuredmedia":[{"embeddable":true,"href":"https:\/\/leonore-mau.de\/en\/wp-json\/wp\/v2\/media\/1591"}],"wp:attachment":[{"href":"https:\/\/leonore-mau.de\/en\/wp-json\/wp\/v2\/media?parent=1723"}],"wp:term":[{"taxonomy":"product_brand","embeddable":true,"href":"https:\/\/leonore-mau.de\/en\/wp-json\/wp\/v2\/product_brand?post=1723"},{"taxonomy":"product_cat","embeddable":true,"href":"https:\/\/leonore-mau.de\/en\/wp-json\/wp\/v2\/product_cat?post=1723"},{"taxonomy":"product_tag","embeddable":true,"href":"https:\/\/leonore-mau.de\/en\/wp-json\/wp\/v2\/product_tag?post=1723"}],"curies":[{"name":"wp","href":"https:\/\/api.w.org\/{rel}","templated":true}]}}