{"id":1730,"date":"2022-07-14T22:22:48","date_gmt":"2022-07-14T20:22:48","guid":{"rendered":"https:\/\/leonore-mau.de\/produkt\/ohne-titel-glaeubige-an-der-source-balan\/"},"modified":"2022-09-13T23:14:03","modified_gmt":"2022-09-13T21:14:03","slug":"ohne-titel-glaeubige-an-der-source-balan","status":"publish","type":"product","link":"https:\/\/leonore-mau.de\/en\/produkt\/ohne-titel-glaeubige-an-der-source-balan\/","title":{"rendered":"Ohne Titel (Gl\u00e4ubige an der Source Balan)"},"content":{"rendered":"<p>Gl\u00e4ubige an der Source Balan. Hinter ihr eine Gruppe kleiner Ferkel. Im Vordergrund eine weitere Frau.  &#8220;Die Gl\u00e4ubigen besuchen die Source Balan, um ein Kr\u00e4uterbad zu nehmen. Besonders vor der Einweihung eines Novizen ist der Besuch der Quelle notwendig.&#8221; Referenz: Hubert Fichte und Leonore Mau, Xango, S. Fischer Verlag GmbH, 1976 R\u00fcckseitenbeschriftung: &#8220;Haiti&#8221;<\/p>\n","protected":false},"excerpt":{"rendered":"<p>Gl\u00e4ubige an der Source Balan. Hinter ihr eine Gruppe kleiner Ferkel. Im Vordergrund eine weitere Frau. &#8220;Die Gl\u00e4ubigen besuchen die Source Balan, um ein Kr\u00e4uterbad zu nehmen. Besonders vor der Einweihung eines Novizen ist der Besuch der Quelle notwendig.&#8221; Referenz: Hubert Fichte und Leonore Mau, Xango, S. Fischer Verlag GmbH, 1976 R\u00fcckseitenbeschriftung: &#8220;Haiti&#8221;<\/p>\n","protected":false},"featured_media":1650,"template":"","meta":[],"product_brand":[],"product_cat":[17],"product_tag":[78,22,24,21,23,80,84,171,172,1008,1009,3771,43,44,354,740,204,181,182,183,184,185,186,187,1466,70,71,1013,1014,1015,1016,1017,1018,1019,105,107,93,92,94,91,3772,95,2290,2291,2292,2293,2294,1021,1022,1023,1024,1025,1026,996,997,998,999,1000,1001,106,108,527,528,529,530,531,532,533,1176,1031,1032,1033,1034,1035,1036,1037,1038,1039],"class_list":{"0":"post-1730","1":"product","2":"type-product","3":"status-publish","4":"has-post-thumbnail","6":"product_cat-unkategorisiert","7":"product_tag-1970er-jahre","8":"product_tag-20-jahrhundert-nach-chr","9":"product_tag-20-jh-n-chr","10":"product_tag-20-jahrhundert","11":"product_tag-20-jh","12":"product_tag-70er","13":"product_tag-ausland","14":"product_tag-aussenaufnahme","15":"product_tag-aussenaufnahmen","16":"product_tag-ceremonie","17":"product_tag-ceremonien","18":"product_tag-ferkel","19":"product_tag-fotografin","20":"product_tag-fotografinnen","21":"product_tag-frau","22":"product_tag-frauen","23":"product_tag-haiti","24":"product_tag-halbakt","25":"product_tag-halbakte","26":"product_tag-halbnackt","27":"product_tag-halbnackte","28":"product_tag-halbnackten","29":"product_tag-halbnackter","30":"product_tag-halbnacktes","31":"product_tag-natur","32":"product_tag-photographin","33":"product_tag-photographinnen","34":"product_tag-ritual","35":"product_tag-rituale","36":"product_tag-rituell","37":"product_tag-rituelle","38":"product_tag-rituellen","39":"product_tag-ritueller","40":"product_tag-rituelles","41":"product_tag-s-w-fotografie","42":"product_tag-s-w-photographie","43":"product_tag-schwarzweissphotographie","44":"product_tag-schwarz-weiss-fotografie","45":"product_tag-schwarz-weiss-photographie","46":"product_tag-schwarzweissfotografie","47":"product_tag-schweine","48":"product_tag-siebziger","49":"product_tag-sonnig","50":"product_tag-sonnige","51":"product_tag-sonnigen","52":"product_tag-sonniger","53":"product_tag-sonniges","54":"product_tag-spiritualitaet","55":"product_tag-spirituell","56":"product_tag-spirituelle","57":"product_tag-spirituellen","58":"product_tag-spiritueller","59":"product_tag-spirituelles","60":"product_tag-stehen","61":"product_tag-stehend","62":"product_tag-stehende","63":"product_tag-stehenden","64":"product_tag-stehender","65":"product_tag-stehendes","66":"product_tag-sw-fotografie","67":"product_tag-sw-photographie","68":"product_tag-tradition","69":"product_tag-traditionell","70":"product_tag-traditionelle","71":"product_tag-traditionellem","72":"product_tag-traditionellen","73":"product_tag-traditioneller","74":"product_tag-traditionelles","75":"product_tag-voodoo","76":"product_tag-xango","77":"product_tag-zeremonie","78":"product_tag-zeremoniell","79":"product_tag-zeremonielle","80":"product_tag-zeremoniellem","81":"product_tag-zeremoniellen","82":"product_tag-zeremonieller","83":"product_tag-zeremonielles","84":"product_tag-zeremonien","86":"first","87":"instock","88":"shipping-taxable","89":"product-type-simple"},"yoast_head":"<!-- This site is optimized with the Yoast SEO plugin v27.3 - https:\/\/yoast.com\/product\/yoast-seo-wordpress\/ -->\n<title>Ohne Titel (Gl\u00e4ubige an der Source Balan) - Leonore Mau<\/title>\n<meta name=\"robots\" content=\"index, follow, max-snippet:-1, max-image-preview:large, max-video-preview:-1\" \/>\n<link rel=\"canonical\" href=\"https:\/\/leonore-mau.de\/produkt\/ohne-titel-glaeubige-an-der-source-balan\/\" \/>\n<meta property=\"og:locale\" content=\"en_US\" \/>\n<meta property=\"og:type\" content=\"article\" \/>\n<meta property=\"og:title\" content=\"Ohne Titel (Gl\u00e4ubige an der Source Balan) - Leonore Mau\" \/>\n<meta property=\"og:description\" content=\"Gl\u00e4ubige an der Source Balan. Hinter ihr eine Gruppe kleiner Ferkel. Im Vordergrund eine weitere Frau. &#8220;Die Gl\u00e4ubigen besuchen die Source Balan, um ein Kr\u00e4uterbad zu nehmen. Besonders vor der Einweihung eines Novizen ist der Besuch der Quelle notwendig.&#8221; Referenz: Hubert Fichte und Leonore Mau, Xango, S. Fischer Verlag GmbH, 1976 R\u00fcckseitenbeschriftung: &#8220;Haiti&#8221;\" \/>\n<meta property=\"og:url\" content=\"https:\/\/leonore-mau.de\/produkt\/ohne-titel-glaeubige-an-der-source-balan\/\" \/>\n<meta property=\"og:site_name\" content=\"Leonore Mau\" \/>\n<meta property=\"article:modified_time\" content=\"2022-09-13T21:14:03+00:00\" \/>\n<meta property=\"og:image\" content=\"https:\/\/leonore-mau.de\/wp-content\/uploads\/2022\/07\/70365776.jpg\" \/>\n\t<meta property=\"og:image:width\" content=\"1200\" \/>\n\t<meta property=\"og:image:height\" content=\"1099\" \/>\n\t<meta property=\"og:image:type\" content=\"image\/jpeg\" \/>\n<meta name=\"twitter:card\" content=\"summary_large_image\" \/>\n<script type=\"application\/ld+json\" class=\"yoast-schema-graph\">{\"@context\":\"https:\\\/\\\/schema.org\",\"@graph\":[{\"@type\":\"WebPage\",\"@id\":\"https:\\\/\\\/leonore-mau.de\\\/produkt\\\/ohne-titel-glaeubige-an-der-source-balan\\\/\",\"url\":\"https:\\\/\\\/leonore-mau.de\\\/produkt\\\/ohne-titel-glaeubige-an-der-source-balan\\\/\",\"name\":\"Ohne Titel (Gl\u00e4ubige an der Source Balan) - Leonore Mau\",\"isPartOf\":{\"@id\":\"https:\\\/\\\/leonore-mau.de\\\/#website\"},\"primaryImageOfPage\":{\"@id\":\"https:\\\/\\\/leonore-mau.de\\\/produkt\\\/ohne-titel-glaeubige-an-der-source-balan\\\/#primaryimage\"},\"image\":{\"@id\":\"https:\\\/\\\/leonore-mau.de\\\/produkt\\\/ohne-titel-glaeubige-an-der-source-balan\\\/#primaryimage\"},\"thumbnailUrl\":\"https:\\\/\\\/leonore-mau.de\\\/wp-content\\\/uploads\\\/2022\\\/07\\\/70365776.jpg\",\"datePublished\":\"2022-07-14T20:22:48+00:00\",\"dateModified\":\"2022-09-13T21:14:03+00:00\",\"breadcrumb\":{\"@id\":\"https:\\\/\\\/leonore-mau.de\\\/produkt\\\/ohne-titel-glaeubige-an-der-source-balan\\\/#breadcrumb\"},\"inLanguage\":\"en-US\",\"potentialAction\":[{\"@type\":\"ReadAction\",\"target\":[\"https:\\\/\\\/leonore-mau.de\\\/produkt\\\/ohne-titel-glaeubige-an-der-source-balan\\\/\"]}]},{\"@type\":\"ImageObject\",\"inLanguage\":\"en-US\",\"@id\":\"https:\\\/\\\/leonore-mau.de\\\/produkt\\\/ohne-titel-glaeubige-an-der-source-balan\\\/#primaryimage\",\"url\":\"https:\\\/\\\/leonore-mau.de\\\/wp-content\\\/uploads\\\/2022\\\/07\\\/70365776.jpg\",\"contentUrl\":\"https:\\\/\\\/leonore-mau.de\\\/wp-content\\\/uploads\\\/2022\\\/07\\\/70365776.jpg\",\"width\":1200,\"height\":1099,\"caption\":\"Gl\u00e4ubige an der Source Balan. Hinter ihr eine Gruppe kleiner Ferkel. Im Vordergrund eine weitere Frau. \\\"Die Gl\u00e4ubigen besuchen die Source Balan, um ein Kr\u00e4uterbad zu nehmen. Besonders vor der Einweihung eines Novizen ist der Besuch der Quelle notwendig.\\\" Referenz: Hubert Fichte und Leonore Mau, Xango, S. Fischer Verlag GmbH, 1976 R\u00fcckseitenbeschriftung: \\\"Haiti\\\" Aufnahmedatum: 1974 Material\\\/Technik: Foto \\\/ Silbergelatine auf Barytpapier Bildformat (Foto): 23,8 x 25,9 cm Aufnahmeort: Haiti Inventar-Nr.: LM-504676\"},{\"@type\":\"BreadcrumbList\",\"@id\":\"https:\\\/\\\/leonore-mau.de\\\/produkt\\\/ohne-titel-glaeubige-an-der-source-balan\\\/#breadcrumb\",\"itemListElement\":[{\"@type\":\"ListItem\",\"position\":1,\"name\":\"Startseite\",\"item\":\"https:\\\/\\\/leonore-mau.de\\\/en\\\/\"},{\"@type\":\"ListItem\",\"position\":2,\"name\":\"Shop\",\"item\":\"https:\\\/\\\/leonore-mau.de\\\/en\\\/shop-2\\\/\"},{\"@type\":\"ListItem\",\"position\":3,\"name\":\"Ohne Titel (Gl\u00e4ubige an der Source Balan)\"}]},{\"@type\":\"WebSite\",\"@id\":\"https:\\\/\\\/leonore-mau.de\\\/#website\",\"url\":\"https:\\\/\\\/leonore-mau.de\\\/\",\"name\":\"Leonore Mau\",\"description\":\"Fotografin\",\"potentialAction\":[{\"@type\":\"SearchAction\",\"target\":{\"@type\":\"EntryPoint\",\"urlTemplate\":\"https:\\\/\\\/leonore-mau.de\\\/?s={search_term_string}\"},\"query-input\":{\"@type\":\"PropertyValueSpecification\",\"valueRequired\":true,\"valueName\":\"search_term_string\"}}],\"inLanguage\":\"en-US\"}]}<\/script>\n<!-- \/ Yoast SEO plugin. -->","yoast_head_json":{"title":"Ohne Titel (Gl\u00e4ubige an der Source Balan) - Leonore Mau","robots":{"index":"index","follow":"follow","max-snippet":"max-snippet:-1","max-image-preview":"max-image-preview:large","max-video-preview":"max-video-preview:-1"},"canonical":"https:\/\/leonore-mau.de\/produkt\/ohne-titel-glaeubige-an-der-source-balan\/","og_locale":"en_US","og_type":"article","og_title":"Ohne Titel (Gl\u00e4ubige an der Source Balan) - Leonore Mau","og_description":"Gl\u00e4ubige an der Source Balan. Hinter ihr eine Gruppe kleiner Ferkel. Im Vordergrund eine weitere Frau. &#8220;Die Gl\u00e4ubigen besuchen die Source Balan, um ein Kr\u00e4uterbad zu nehmen. Besonders vor der Einweihung eines Novizen ist der Besuch der Quelle notwendig.&#8221; Referenz: Hubert Fichte und Leonore Mau, Xango, S. Fischer Verlag GmbH, 1976 R\u00fcckseitenbeschriftung: &#8220;Haiti&#8221;","og_url":"https:\/\/leonore-mau.de\/produkt\/ohne-titel-glaeubige-an-der-source-balan\/","og_site_name":"Leonore Mau","article_modified_time":"2022-09-13T21:14:03+00:00","og_image":[{"width":1200,"height":1099,"url":"https:\/\/leonore-mau.de\/wp-content\/uploads\/2022\/07\/70365776.jpg","type":"image\/jpeg"}],"twitter_card":"summary_large_image","schema":{"@context":"https:\/\/schema.org","@graph":[{"@type":"WebPage","@id":"https:\/\/leonore-mau.de\/produkt\/ohne-titel-glaeubige-an-der-source-balan\/","url":"https:\/\/leonore-mau.de\/produkt\/ohne-titel-glaeubige-an-der-source-balan\/","name":"Ohne Titel (Gl\u00e4ubige an der Source Balan) - Leonore Mau","isPartOf":{"@id":"https:\/\/leonore-mau.de\/#website"},"primaryImageOfPage":{"@id":"https:\/\/leonore-mau.de\/produkt\/ohne-titel-glaeubige-an-der-source-balan\/#primaryimage"},"image":{"@id":"https:\/\/leonore-mau.de\/produkt\/ohne-titel-glaeubige-an-der-source-balan\/#primaryimage"},"thumbnailUrl":"https:\/\/leonore-mau.de\/wp-content\/uploads\/2022\/07\/70365776.jpg","datePublished":"2022-07-14T20:22:48+00:00","dateModified":"2022-09-13T21:14:03+00:00","breadcrumb":{"@id":"https:\/\/leonore-mau.de\/produkt\/ohne-titel-glaeubige-an-der-source-balan\/#breadcrumb"},"inLanguage":"en-US","potentialAction":[{"@type":"ReadAction","target":["https:\/\/leonore-mau.de\/produkt\/ohne-titel-glaeubige-an-der-source-balan\/"]}]},{"@type":"ImageObject","inLanguage":"en-US","@id":"https:\/\/leonore-mau.de\/produkt\/ohne-titel-glaeubige-an-der-source-balan\/#primaryimage","url":"https:\/\/leonore-mau.de\/wp-content\/uploads\/2022\/07\/70365776.jpg","contentUrl":"https:\/\/leonore-mau.de\/wp-content\/uploads\/2022\/07\/70365776.jpg","width":1200,"height":1099,"caption":"Gl\u00e4ubige an der Source Balan. Hinter ihr eine Gruppe kleiner Ferkel. Im Vordergrund eine weitere Frau. \"Die Gl\u00e4ubigen besuchen die Source Balan, um ein Kr\u00e4uterbad zu nehmen. Besonders vor der Einweihung eines Novizen ist der Besuch der Quelle notwendig.\" Referenz: Hubert Fichte und Leonore Mau, Xango, S. Fischer Verlag GmbH, 1976 R\u00fcckseitenbeschriftung: \"Haiti\" Aufnahmedatum: 1974 Material\/Technik: Foto \/ Silbergelatine auf Barytpapier Bildformat (Foto): 23,8 x 25,9 cm Aufnahmeort: Haiti Inventar-Nr.: LM-504676"},{"@type":"BreadcrumbList","@id":"https:\/\/leonore-mau.de\/produkt\/ohne-titel-glaeubige-an-der-source-balan\/#breadcrumb","itemListElement":[{"@type":"ListItem","position":1,"name":"Startseite","item":"https:\/\/leonore-mau.de\/en\/"},{"@type":"ListItem","position":2,"name":"Shop","item":"https:\/\/leonore-mau.de\/en\/shop-2\/"},{"@type":"ListItem","position":3,"name":"Ohne Titel (Gl\u00e4ubige an der Source Balan)"}]},{"@type":"WebSite","@id":"https:\/\/leonore-mau.de\/#website","url":"https:\/\/leonore-mau.de\/","name":"Leonore Mau","description":"Fotografin","potentialAction":[{"@type":"SearchAction","target":{"@type":"EntryPoint","urlTemplate":"https:\/\/leonore-mau.de\/?s={search_term_string}"},"query-input":{"@type":"PropertyValueSpecification","valueRequired":true,"valueName":"search_term_string"}}],"inLanguage":"en-US"}]}},"_links":{"self":[{"href":"https:\/\/leonore-mau.de\/en\/wp-json\/wp\/v2\/product\/1730","targetHints":{"allow":["GET"]}}],"collection":[{"href":"https:\/\/leonore-mau.de\/en\/wp-json\/wp\/v2\/product"}],"about":[{"href":"https:\/\/leonore-mau.de\/en\/wp-json\/wp\/v2\/types\/product"}],"wp:featuredmedia":[{"embeddable":true,"href":"https:\/\/leonore-mau.de\/en\/wp-json\/wp\/v2\/media\/1650"}],"wp:attachment":[{"href":"https:\/\/leonore-mau.de\/en\/wp-json\/wp\/v2\/media?parent=1730"}],"wp:term":[{"taxonomy":"product_brand","embeddable":true,"href":"https:\/\/leonore-mau.de\/en\/wp-json\/wp\/v2\/product_brand?post=1730"},{"taxonomy":"product_cat","embeddable":true,"href":"https:\/\/leonore-mau.de\/en\/wp-json\/wp\/v2\/product_cat?post=1730"},{"taxonomy":"product_tag","embeddable":true,"href":"https:\/\/leonore-mau.de\/en\/wp-json\/wp\/v2\/product_tag?post=1730"}],"curies":[{"name":"wp","href":"https:\/\/api.w.org\/{rel}","templated":true}]}}