{"id":1733,"date":"2022-07-14T22:22:50","date_gmt":"2022-07-14T20:22:50","guid":{"rendered":"https:\/\/leonore-mau.de\/produkt\/zubereitung-des-essens-fuer-eine-zeremonie\/"},"modified":"2022-09-13T23:14:04","modified_gmt":"2022-09-13T21:14:04","slug":"zubereitung-des-essens-fuer-eine-zeremonie","status":"publish","type":"product","link":"https:\/\/leonore-mau.de\/en\/produkt\/zubereitung-des-essens-fuer-eine-zeremonie\/","title":{"rendered":"Zubereitung des Essens f\u00fcr eine Zeremonie"},"content":{"rendered":"<p>Zubereitung des Essens f\u00fcr eine Zeremonie im Baptistenzentrum Fermathe. &#8220;Am n\u00e4chsten Tag werden die Yam zerschnitten und mit Fisch und Fleisch gekocht. Es folgt ein gemeinschatliches Essen der ganzen Gemeinde.&#8221; Referenz: Hubert Fichte und Leonore Mau, Xango, S. Fischer Verlag GmbH, 1976 R\u00fcckseitenbeschriftung: &#8220;Zubereitung des Essens f\u00fcr eine Zeremonie, Haiti 1973&#8221;<\/p>\n","protected":false},"excerpt":{"rendered":"<p>Zubereitung des Essens f\u00fcr eine Zeremonie im Baptistenzentrum Fermathe. &#8220;Am n\u00e4chsten Tag werden die Yam zerschnitten und mit Fisch und Fleisch gekocht. Es folgt ein gemeinschatliches Essen der ganzen Gemeinde.&#8221; Referenz: Hubert Fichte und Leonore Mau, Xango, S. Fischer Verlag GmbH, 1976 R\u00fcckseitenbeschriftung: &#8220;Zubereitung des Essens f\u00fcr eine Zeremonie, Haiti 1973&#8221;<\/p>\n","protected":false},"featured_media":1582,"template":"","meta":[],"product_brand":[],"product_cat":[17],"product_tag":[78,22,24,21,23,80,84,171,172,1008,1009,3782,43,44,354,740,204,206,169,552,1670,3783,3784,188,189,623,1863,1864,1865,70,71,1013,1014,1015,1016,1017,1018,1019,105,107,93,92,94,91,95,106,108,2068,2069,1031,1032,1039],"class_list":{"0":"post-1733","1":"product","2":"type-product","3":"status-publish","4":"has-post-thumbnail","6":"product_cat-unkategorisiert","7":"product_tag-1970er-jahre","8":"product_tag-20-jahrhundert-nach-chr","9":"product_tag-20-jh-n-chr","10":"product_tag-20-jahrhundert","11":"product_tag-20-jh","12":"product_tag-70er","13":"product_tag-ausland","14":"product_tag-aussenaufnahme","15":"product_tag-aussenaufnahmen","16":"product_tag-ceremonie","17":"product_tag-ceremonien","18":"product_tag-dschungel","19":"product_tag-fotografin","20":"product_tag-fotografinnen","21":"product_tag-frau","22":"product_tag-frauen","23":"product_tag-haiti","24":"product_tag-karibik","25":"product_tag-kind","26":"product_tag-kinder","27":"product_tag-kochen","28":"product_tag-kochstelle","29":"product_tag-kochstellen","30":"product_tag-kopfbedeckung","31":"product_tag-kopfbedeckungen","32":"product_tag-maedchen","33":"product_tag-pavillion","34":"product_tag-pavillon","35":"product_tag-pavillons","36":"product_tag-photographin","37":"product_tag-photographinnen","38":"product_tag-ritual","39":"product_tag-rituale","40":"product_tag-rituell","41":"product_tag-rituelle","42":"product_tag-rituellen","43":"product_tag-ritueller","44":"product_tag-rituelles","45":"product_tag-s-w-fotografie","46":"product_tag-s-w-photographie","47":"product_tag-schwarzweissphotographie","48":"product_tag-schwarz-weiss-fotografie","49":"product_tag-schwarz-weiss-photographie","50":"product_tag-schwarzweissfotografie","51":"product_tag-siebziger","52":"product_tag-sw-fotografie","53":"product_tag-sw-photographie","54":"product_tag-taube","55":"product_tag-tauben","56":"product_tag-xango","57":"product_tag-zeremonie","58":"product_tag-zeremonien","60":"first","61":"instock","62":"shipping-taxable","63":"product-type-simple"},"yoast_head":"<!-- This site is optimized with the Yoast SEO plugin v27.3 - https:\/\/yoast.com\/product\/yoast-seo-wordpress\/ -->\n<title>Zubereitung des Essens f\u00fcr eine Zeremonie - Leonore Mau<\/title>\n<meta name=\"robots\" content=\"index, follow, max-snippet:-1, max-image-preview:large, max-video-preview:-1\" \/>\n<link rel=\"canonical\" href=\"https:\/\/leonore-mau.de\/produkt\/zubereitung-des-essens-fuer-eine-zeremonie\/\" \/>\n<meta property=\"og:locale\" content=\"en_US\" \/>\n<meta property=\"og:type\" content=\"article\" \/>\n<meta property=\"og:title\" content=\"Zubereitung des Essens f\u00fcr eine Zeremonie - Leonore Mau\" \/>\n<meta property=\"og:description\" content=\"Zubereitung des Essens f\u00fcr eine Zeremonie im Baptistenzentrum Fermathe. &#8220;Am n\u00e4chsten Tag werden die Yam zerschnitten und mit Fisch und Fleisch gekocht. Es folgt ein gemeinschatliches Essen der ganzen Gemeinde.&#8221; Referenz: Hubert Fichte und Leonore Mau, Xango, S. Fischer Verlag GmbH, 1976 R\u00fcckseitenbeschriftung: &#8220;Zubereitung des Essens f\u00fcr eine Zeremonie, Haiti 1973&#8221;\" \/>\n<meta property=\"og:url\" content=\"https:\/\/leonore-mau.de\/produkt\/zubereitung-des-essens-fuer-eine-zeremonie\/\" \/>\n<meta property=\"og:site_name\" content=\"Leonore Mau\" \/>\n<meta property=\"article:modified_time\" content=\"2022-09-13T21:14:04+00:00\" \/>\n<meta property=\"og:image\" content=\"https:\/\/leonore-mau.de\/wp-content\/uploads\/2022\/07\/70365772.jpg\" \/>\n\t<meta property=\"og:image:width\" content=\"1200\" \/>\n\t<meta property=\"og:image:height\" content=\"1022\" \/>\n\t<meta property=\"og:image:type\" content=\"image\/jpeg\" \/>\n<meta name=\"twitter:card\" content=\"summary_large_image\" \/>\n<script type=\"application\/ld+json\" class=\"yoast-schema-graph\">{\"@context\":\"https:\\\/\\\/schema.org\",\"@graph\":[{\"@type\":\"WebPage\",\"@id\":\"https:\\\/\\\/leonore-mau.de\\\/produkt\\\/zubereitung-des-essens-fuer-eine-zeremonie\\\/\",\"url\":\"https:\\\/\\\/leonore-mau.de\\\/produkt\\\/zubereitung-des-essens-fuer-eine-zeremonie\\\/\",\"name\":\"Zubereitung des Essens f\u00fcr eine Zeremonie - Leonore Mau\",\"isPartOf\":{\"@id\":\"https:\\\/\\\/leonore-mau.de\\\/#website\"},\"primaryImageOfPage\":{\"@id\":\"https:\\\/\\\/leonore-mau.de\\\/produkt\\\/zubereitung-des-essens-fuer-eine-zeremonie\\\/#primaryimage\"},\"image\":{\"@id\":\"https:\\\/\\\/leonore-mau.de\\\/produkt\\\/zubereitung-des-essens-fuer-eine-zeremonie\\\/#primaryimage\"},\"thumbnailUrl\":\"https:\\\/\\\/leonore-mau.de\\\/wp-content\\\/uploads\\\/2022\\\/07\\\/70365772.jpg\",\"datePublished\":\"2022-07-14T20:22:50+00:00\",\"dateModified\":\"2022-09-13T21:14:04+00:00\",\"breadcrumb\":{\"@id\":\"https:\\\/\\\/leonore-mau.de\\\/produkt\\\/zubereitung-des-essens-fuer-eine-zeremonie\\\/#breadcrumb\"},\"inLanguage\":\"en-US\",\"potentialAction\":[{\"@type\":\"ReadAction\",\"target\":[\"https:\\\/\\\/leonore-mau.de\\\/produkt\\\/zubereitung-des-essens-fuer-eine-zeremonie\\\/\"]}]},{\"@type\":\"ImageObject\",\"inLanguage\":\"en-US\",\"@id\":\"https:\\\/\\\/leonore-mau.de\\\/produkt\\\/zubereitung-des-essens-fuer-eine-zeremonie\\\/#primaryimage\",\"url\":\"https:\\\/\\\/leonore-mau.de\\\/wp-content\\\/uploads\\\/2022\\\/07\\\/70365772.jpg\",\"contentUrl\":\"https:\\\/\\\/leonore-mau.de\\\/wp-content\\\/uploads\\\/2022\\\/07\\\/70365772.jpg\",\"width\":1200,\"height\":1022,\"caption\":\"Zubereitung des Essens f\u00fcr eine Zeremonie im Baptistenzentrum Fermathe. \\\"Am n\u00e4chsten Tag werden die Yam zerschnitten und mit Fisch und Fleisch gekocht. Es folgt ein gemeinschatliches Essen der ganzen Gemeinde.\\\" Referenz: Hubert Fichte und Leonore Mau, Xango, S. Fischer Verlag GmbH, 1976 R\u00fcckseitenbeschriftung: \\\"Zubereitung des Essens f\u00fcr eine Zeremonie, Haiti 1973\\\" Aufnahmedatum: 1973 Material\\\/Technik: Foto \\\/ Silbergelatine auf Barytpapier Bildformat (Foto): 23,5 x 27,5 cm Aufnahmeort: Kenscoff Inventar-Nr.: LM-504663\"},{\"@type\":\"BreadcrumbList\",\"@id\":\"https:\\\/\\\/leonore-mau.de\\\/produkt\\\/zubereitung-des-essens-fuer-eine-zeremonie\\\/#breadcrumb\",\"itemListElement\":[{\"@type\":\"ListItem\",\"position\":1,\"name\":\"Startseite\",\"item\":\"https:\\\/\\\/leonore-mau.de\\\/en\\\/\"},{\"@type\":\"ListItem\",\"position\":2,\"name\":\"Shop\",\"item\":\"https:\\\/\\\/leonore-mau.de\\\/en\\\/shop-2\\\/\"},{\"@type\":\"ListItem\",\"position\":3,\"name\":\"Zubereitung des Essens f\u00fcr eine Zeremonie\"}]},{\"@type\":\"WebSite\",\"@id\":\"https:\\\/\\\/leonore-mau.de\\\/#website\",\"url\":\"https:\\\/\\\/leonore-mau.de\\\/\",\"name\":\"Leonore Mau\",\"description\":\"Fotografin\",\"potentialAction\":[{\"@type\":\"SearchAction\",\"target\":{\"@type\":\"EntryPoint\",\"urlTemplate\":\"https:\\\/\\\/leonore-mau.de\\\/?s={search_term_string}\"},\"query-input\":{\"@type\":\"PropertyValueSpecification\",\"valueRequired\":true,\"valueName\":\"search_term_string\"}}],\"inLanguage\":\"en-US\"}]}<\/script>\n<!-- \/ Yoast SEO plugin. -->","yoast_head_json":{"title":"Zubereitung des Essens f\u00fcr eine Zeremonie - Leonore Mau","robots":{"index":"index","follow":"follow","max-snippet":"max-snippet:-1","max-image-preview":"max-image-preview:large","max-video-preview":"max-video-preview:-1"},"canonical":"https:\/\/leonore-mau.de\/produkt\/zubereitung-des-essens-fuer-eine-zeremonie\/","og_locale":"en_US","og_type":"article","og_title":"Zubereitung des Essens f\u00fcr eine Zeremonie - Leonore Mau","og_description":"Zubereitung des Essens f\u00fcr eine Zeremonie im Baptistenzentrum Fermathe. &#8220;Am n\u00e4chsten Tag werden die Yam zerschnitten und mit Fisch und Fleisch gekocht. Es folgt ein gemeinschatliches Essen der ganzen Gemeinde.&#8221; Referenz: Hubert Fichte und Leonore Mau, Xango, S. Fischer Verlag GmbH, 1976 R\u00fcckseitenbeschriftung: &#8220;Zubereitung des Essens f\u00fcr eine Zeremonie, Haiti 1973&#8221;","og_url":"https:\/\/leonore-mau.de\/produkt\/zubereitung-des-essens-fuer-eine-zeremonie\/","og_site_name":"Leonore Mau","article_modified_time":"2022-09-13T21:14:04+00:00","og_image":[{"width":1200,"height":1022,"url":"https:\/\/leonore-mau.de\/wp-content\/uploads\/2022\/07\/70365772.jpg","type":"image\/jpeg"}],"twitter_card":"summary_large_image","schema":{"@context":"https:\/\/schema.org","@graph":[{"@type":"WebPage","@id":"https:\/\/leonore-mau.de\/produkt\/zubereitung-des-essens-fuer-eine-zeremonie\/","url":"https:\/\/leonore-mau.de\/produkt\/zubereitung-des-essens-fuer-eine-zeremonie\/","name":"Zubereitung des Essens f\u00fcr eine Zeremonie - Leonore Mau","isPartOf":{"@id":"https:\/\/leonore-mau.de\/#website"},"primaryImageOfPage":{"@id":"https:\/\/leonore-mau.de\/produkt\/zubereitung-des-essens-fuer-eine-zeremonie\/#primaryimage"},"image":{"@id":"https:\/\/leonore-mau.de\/produkt\/zubereitung-des-essens-fuer-eine-zeremonie\/#primaryimage"},"thumbnailUrl":"https:\/\/leonore-mau.de\/wp-content\/uploads\/2022\/07\/70365772.jpg","datePublished":"2022-07-14T20:22:50+00:00","dateModified":"2022-09-13T21:14:04+00:00","breadcrumb":{"@id":"https:\/\/leonore-mau.de\/produkt\/zubereitung-des-essens-fuer-eine-zeremonie\/#breadcrumb"},"inLanguage":"en-US","potentialAction":[{"@type":"ReadAction","target":["https:\/\/leonore-mau.de\/produkt\/zubereitung-des-essens-fuer-eine-zeremonie\/"]}]},{"@type":"ImageObject","inLanguage":"en-US","@id":"https:\/\/leonore-mau.de\/produkt\/zubereitung-des-essens-fuer-eine-zeremonie\/#primaryimage","url":"https:\/\/leonore-mau.de\/wp-content\/uploads\/2022\/07\/70365772.jpg","contentUrl":"https:\/\/leonore-mau.de\/wp-content\/uploads\/2022\/07\/70365772.jpg","width":1200,"height":1022,"caption":"Zubereitung des Essens f\u00fcr eine Zeremonie im Baptistenzentrum Fermathe. \"Am n\u00e4chsten Tag werden die Yam zerschnitten und mit Fisch und Fleisch gekocht. Es folgt ein gemeinschatliches Essen der ganzen Gemeinde.\" Referenz: Hubert Fichte und Leonore Mau, Xango, S. Fischer Verlag GmbH, 1976 R\u00fcckseitenbeschriftung: \"Zubereitung des Essens f\u00fcr eine Zeremonie, Haiti 1973\" Aufnahmedatum: 1973 Material\/Technik: Foto \/ Silbergelatine auf Barytpapier Bildformat (Foto): 23,5 x 27,5 cm Aufnahmeort: Kenscoff Inventar-Nr.: LM-504663"},{"@type":"BreadcrumbList","@id":"https:\/\/leonore-mau.de\/produkt\/zubereitung-des-essens-fuer-eine-zeremonie\/#breadcrumb","itemListElement":[{"@type":"ListItem","position":1,"name":"Startseite","item":"https:\/\/leonore-mau.de\/en\/"},{"@type":"ListItem","position":2,"name":"Shop","item":"https:\/\/leonore-mau.de\/en\/shop-2\/"},{"@type":"ListItem","position":3,"name":"Zubereitung des Essens f\u00fcr eine Zeremonie"}]},{"@type":"WebSite","@id":"https:\/\/leonore-mau.de\/#website","url":"https:\/\/leonore-mau.de\/","name":"Leonore Mau","description":"Fotografin","potentialAction":[{"@type":"SearchAction","target":{"@type":"EntryPoint","urlTemplate":"https:\/\/leonore-mau.de\/?s={search_term_string}"},"query-input":{"@type":"PropertyValueSpecification","valueRequired":true,"valueName":"search_term_string"}}],"inLanguage":"en-US"}]}},"_links":{"self":[{"href":"https:\/\/leonore-mau.de\/en\/wp-json\/wp\/v2\/product\/1733","targetHints":{"allow":["GET"]}}],"collection":[{"href":"https:\/\/leonore-mau.de\/en\/wp-json\/wp\/v2\/product"}],"about":[{"href":"https:\/\/leonore-mau.de\/en\/wp-json\/wp\/v2\/types\/product"}],"wp:featuredmedia":[{"embeddable":true,"href":"https:\/\/leonore-mau.de\/en\/wp-json\/wp\/v2\/media\/1582"}],"wp:attachment":[{"href":"https:\/\/leonore-mau.de\/en\/wp-json\/wp\/v2\/media?parent=1733"}],"wp:term":[{"taxonomy":"product_brand","embeddable":true,"href":"https:\/\/leonore-mau.de\/en\/wp-json\/wp\/v2\/product_brand?post=1733"},{"taxonomy":"product_cat","embeddable":true,"href":"https:\/\/leonore-mau.de\/en\/wp-json\/wp\/v2\/product_cat?post=1733"},{"taxonomy":"product_tag","embeddable":true,"href":"https:\/\/leonore-mau.de\/en\/wp-json\/wp\/v2\/product_tag?post=1733"}],"curies":[{"name":"wp","href":"https:\/\/api.w.org\/{rel}","templated":true}]}}