{"id":1744,"date":"2022-07-14T22:22:56","date_gmt":"2022-07-14T20:22:56","guid":{"rendered":"https:\/\/leonore-mau.de\/produkt\/ringer-vor-dem-wettkampf\/"},"modified":"2022-09-13T23:14:10","modified_gmt":"2022-09-13T21:14:10","slug":"ringer-vor-dem-wettkampf","status":"publish","type":"product","link":"https:\/\/leonore-mau.de\/en\/produkt\/ringer-vor-dem-wettkampf\/","title":{"rendered":"Ringer vor dem Wettkampf"},"content":{"rendered":"<p>&#8220;Ringer vor dem Wettkampf. Milchbad um den Sieg zu beschw\u00f6ren.&#8221; Referenz: Ronald Kay, Die Kinder Herodots, S. Fischer Verlag GmbH, 2006 R\u00fcckseitenbeschriftung: &#8220;Ringk\u00e4mpfer am Wochenende; Senegal 1974; Junge mit Milch&#8221;<\/p>\n","protected":false},"excerpt":{"rendered":"<p>&#8220;Ringer vor dem Wettkampf. Milchbad um den Sieg zu beschw\u00f6ren.&#8221; Referenz: Ronald Kay, Die Kinder Herodots, S. Fischer Verlag GmbH, 2006 R\u00fcckseitenbeschriftung: &#8220;Ringk\u00e4mpfer am Wochenende; Senegal 1974; Junge mit Milch&#8221;<\/p>\n","protected":false},"featured_media":1571,"template":"","meta":[],"product_brand":[],"product_cat":[17],"product_tag":[78,22,24,21,23,80,939,1109,1110,1111,1112,1113,940,84,43,44,181,182,183,184,185,186,187,1439,727,822,3841,70,71,3842,3843,105,107,93,92,94,91,95,106,108,957,958,3844,3845],"class_list":{"0":"post-1744","1":"product","2":"type-product","3":"status-publish","4":"has-post-thumbnail","6":"product_cat-unkategorisiert","7":"product_tag-1970er-jahre","8":"product_tag-20-jahrhundert-nach-chr","9":"product_tag-20-jh-n-chr","10":"product_tag-20-jahrhundert","11":"product_tag-20-jh","12":"product_tag-70er","13":"product_tag-afrika","14":"product_tag-afrikanisch","15":"product_tag-afrikanische","16":"product_tag-afrikanischen","17":"product_tag-afrikanischer","18":"product_tag-afrikanisches","19":"product_tag-afrikas","20":"product_tag-ausland","21":"product_tag-fotografin","22":"product_tag-fotografinnen","23":"product_tag-halbakt","24":"product_tag-halbakte","25":"product_tag-halbnackt","26":"product_tag-halbnackte","27":"product_tag-halbnackten","28":"product_tag-halbnackter","29":"product_tag-halbnacktes","30":"product_tag-herodot","31":"product_tag-junge","32":"product_tag-milch","33":"product_tag-milchbad","34":"product_tag-photographin","35":"product_tag-photographinnen","36":"product_tag-ringer","37":"product_tag-ringkaempfer","38":"product_tag-s-w-fotografie","39":"product_tag-s-w-photographie","40":"product_tag-schwarzweissphotographie","41":"product_tag-schwarz-weiss-fotografie","42":"product_tag-schwarz-weiss-photographie","43":"product_tag-schwarzweissfotografie","44":"product_tag-siebziger","45":"product_tag-sw-fotografie","46":"product_tag-sw-photographie","47":"product_tag-westafrika","48":"product_tag-westafrikas","49":"product_tag-wettkampf","50":"product_tag-wettkaempfe","52":"first","53":"instock","54":"shipping-taxable","55":"product-type-simple"},"yoast_head":"<!-- This site is optimized with the Yoast SEO plugin v27.3 - https:\/\/yoast.com\/product\/yoast-seo-wordpress\/ -->\n<title>Ringer vor dem Wettkampf - Leonore Mau<\/title>\n<meta name=\"robots\" content=\"index, follow, max-snippet:-1, max-image-preview:large, max-video-preview:-1\" \/>\n<link rel=\"canonical\" href=\"https:\/\/leonore-mau.de\/produkt\/ringer-vor-dem-wettkampf\/\" \/>\n<meta property=\"og:locale\" content=\"en_US\" \/>\n<meta property=\"og:type\" content=\"article\" \/>\n<meta property=\"og:title\" content=\"Ringer vor dem Wettkampf - Leonore Mau\" \/>\n<meta property=\"og:description\" content=\"&#8220;Ringer vor dem Wettkampf. Milchbad um den Sieg zu beschw\u00f6ren.&#8221; Referenz: Ronald Kay, Die Kinder Herodots, S. Fischer Verlag GmbH, 2006 R\u00fcckseitenbeschriftung: &#8220;Ringk\u00e4mpfer am Wochenende; Senegal 1974; Junge mit Milch&#8221;\" \/>\n<meta property=\"og:url\" content=\"https:\/\/leonore-mau.de\/produkt\/ringer-vor-dem-wettkampf\/\" \/>\n<meta property=\"og:site_name\" content=\"Leonore Mau\" \/>\n<meta property=\"article:modified_time\" content=\"2022-09-13T21:14:10+00:00\" \/>\n<meta property=\"og:image\" content=\"https:\/\/leonore-mau.de\/wp-content\/uploads\/2022\/07\/70364634.jpg\" \/>\n\t<meta property=\"og:image:width\" content=\"829\" \/>\n\t<meta property=\"og:image:height\" content=\"1200\" \/>\n\t<meta property=\"og:image:type\" content=\"image\/jpeg\" \/>\n<meta name=\"twitter:card\" content=\"summary_large_image\" \/>\n<script type=\"application\/ld+json\" class=\"yoast-schema-graph\">{\"@context\":\"https:\\\/\\\/schema.org\",\"@graph\":[{\"@type\":\"WebPage\",\"@id\":\"https:\\\/\\\/leonore-mau.de\\\/produkt\\\/ringer-vor-dem-wettkampf\\\/\",\"url\":\"https:\\\/\\\/leonore-mau.de\\\/produkt\\\/ringer-vor-dem-wettkampf\\\/\",\"name\":\"Ringer vor dem Wettkampf - Leonore Mau\",\"isPartOf\":{\"@id\":\"https:\\\/\\\/leonore-mau.de\\\/#website\"},\"primaryImageOfPage\":{\"@id\":\"https:\\\/\\\/leonore-mau.de\\\/produkt\\\/ringer-vor-dem-wettkampf\\\/#primaryimage\"},\"image\":{\"@id\":\"https:\\\/\\\/leonore-mau.de\\\/produkt\\\/ringer-vor-dem-wettkampf\\\/#primaryimage\"},\"thumbnailUrl\":\"https:\\\/\\\/leonore-mau.de\\\/wp-content\\\/uploads\\\/2022\\\/07\\\/70364634.jpg\",\"datePublished\":\"2022-07-14T20:22:56+00:00\",\"dateModified\":\"2022-09-13T21:14:10+00:00\",\"breadcrumb\":{\"@id\":\"https:\\\/\\\/leonore-mau.de\\\/produkt\\\/ringer-vor-dem-wettkampf\\\/#breadcrumb\"},\"inLanguage\":\"en-US\",\"potentialAction\":[{\"@type\":\"ReadAction\",\"target\":[\"https:\\\/\\\/leonore-mau.de\\\/produkt\\\/ringer-vor-dem-wettkampf\\\/\"]}]},{\"@type\":\"ImageObject\",\"inLanguage\":\"en-US\",\"@id\":\"https:\\\/\\\/leonore-mau.de\\\/produkt\\\/ringer-vor-dem-wettkampf\\\/#primaryimage\",\"url\":\"https:\\\/\\\/leonore-mau.de\\\/wp-content\\\/uploads\\\/2022\\\/07\\\/70364634.jpg\",\"contentUrl\":\"https:\\\/\\\/leonore-mau.de\\\/wp-content\\\/uploads\\\/2022\\\/07\\\/70364634.jpg\",\"width\":829,\"height\":1200,\"caption\":\"\\\"Ringer vor dem Wettkampf. Milchbad um den Sieg zu beschw\u00f6ren.\\\" Referenz: Ronald Kay, Die Kinder Herodots, S. Fischer Verlag GmbH, 2006 R\u00fcckseitenbeschriftung: \\\"Ringk\u00e4mpfer am Wochenende; Senegal 1974; Junge mit Milch\\\" Aufnahmedatum: 1974 Material\\\/Technik: Foto \\\/ Silbergelatine auf PE-Papier Bildformat (Foto): 20,9 x 30,4 cm Aufnahmeort: Senegal Inventar-Nr.: LM-506379\"},{\"@type\":\"BreadcrumbList\",\"@id\":\"https:\\\/\\\/leonore-mau.de\\\/produkt\\\/ringer-vor-dem-wettkampf\\\/#breadcrumb\",\"itemListElement\":[{\"@type\":\"ListItem\",\"position\":1,\"name\":\"Startseite\",\"item\":\"https:\\\/\\\/leonore-mau.de\\\/en\\\/\"},{\"@type\":\"ListItem\",\"position\":2,\"name\":\"Shop\",\"item\":\"https:\\\/\\\/leonore-mau.de\\\/en\\\/shop-2\\\/\"},{\"@type\":\"ListItem\",\"position\":3,\"name\":\"Ringer vor dem Wettkampf\"}]},{\"@type\":\"WebSite\",\"@id\":\"https:\\\/\\\/leonore-mau.de\\\/#website\",\"url\":\"https:\\\/\\\/leonore-mau.de\\\/\",\"name\":\"Leonore Mau\",\"description\":\"Fotografin\",\"potentialAction\":[{\"@type\":\"SearchAction\",\"target\":{\"@type\":\"EntryPoint\",\"urlTemplate\":\"https:\\\/\\\/leonore-mau.de\\\/?s={search_term_string}\"},\"query-input\":{\"@type\":\"PropertyValueSpecification\",\"valueRequired\":true,\"valueName\":\"search_term_string\"}}],\"inLanguage\":\"en-US\"}]}<\/script>\n<!-- \/ Yoast SEO plugin. -->","yoast_head_json":{"title":"Ringer vor dem Wettkampf - Leonore Mau","robots":{"index":"index","follow":"follow","max-snippet":"max-snippet:-1","max-image-preview":"max-image-preview:large","max-video-preview":"max-video-preview:-1"},"canonical":"https:\/\/leonore-mau.de\/produkt\/ringer-vor-dem-wettkampf\/","og_locale":"en_US","og_type":"article","og_title":"Ringer vor dem Wettkampf - Leonore Mau","og_description":"&#8220;Ringer vor dem Wettkampf. Milchbad um den Sieg zu beschw\u00f6ren.&#8221; Referenz: Ronald Kay, Die Kinder Herodots, S. Fischer Verlag GmbH, 2006 R\u00fcckseitenbeschriftung: &#8220;Ringk\u00e4mpfer am Wochenende; Senegal 1974; Junge mit Milch&#8221;","og_url":"https:\/\/leonore-mau.de\/produkt\/ringer-vor-dem-wettkampf\/","og_site_name":"Leonore Mau","article_modified_time":"2022-09-13T21:14:10+00:00","og_image":[{"width":829,"height":1200,"url":"https:\/\/leonore-mau.de\/wp-content\/uploads\/2022\/07\/70364634.jpg","type":"image\/jpeg"}],"twitter_card":"summary_large_image","schema":{"@context":"https:\/\/schema.org","@graph":[{"@type":"WebPage","@id":"https:\/\/leonore-mau.de\/produkt\/ringer-vor-dem-wettkampf\/","url":"https:\/\/leonore-mau.de\/produkt\/ringer-vor-dem-wettkampf\/","name":"Ringer vor dem Wettkampf - Leonore Mau","isPartOf":{"@id":"https:\/\/leonore-mau.de\/#website"},"primaryImageOfPage":{"@id":"https:\/\/leonore-mau.de\/produkt\/ringer-vor-dem-wettkampf\/#primaryimage"},"image":{"@id":"https:\/\/leonore-mau.de\/produkt\/ringer-vor-dem-wettkampf\/#primaryimage"},"thumbnailUrl":"https:\/\/leonore-mau.de\/wp-content\/uploads\/2022\/07\/70364634.jpg","datePublished":"2022-07-14T20:22:56+00:00","dateModified":"2022-09-13T21:14:10+00:00","breadcrumb":{"@id":"https:\/\/leonore-mau.de\/produkt\/ringer-vor-dem-wettkampf\/#breadcrumb"},"inLanguage":"en-US","potentialAction":[{"@type":"ReadAction","target":["https:\/\/leonore-mau.de\/produkt\/ringer-vor-dem-wettkampf\/"]}]},{"@type":"ImageObject","inLanguage":"en-US","@id":"https:\/\/leonore-mau.de\/produkt\/ringer-vor-dem-wettkampf\/#primaryimage","url":"https:\/\/leonore-mau.de\/wp-content\/uploads\/2022\/07\/70364634.jpg","contentUrl":"https:\/\/leonore-mau.de\/wp-content\/uploads\/2022\/07\/70364634.jpg","width":829,"height":1200,"caption":"\"Ringer vor dem Wettkampf. Milchbad um den Sieg zu beschw\u00f6ren.\" Referenz: Ronald Kay, Die Kinder Herodots, S. Fischer Verlag GmbH, 2006 R\u00fcckseitenbeschriftung: \"Ringk\u00e4mpfer am Wochenende; Senegal 1974; Junge mit Milch\" Aufnahmedatum: 1974 Material\/Technik: Foto \/ Silbergelatine auf PE-Papier Bildformat (Foto): 20,9 x 30,4 cm Aufnahmeort: Senegal Inventar-Nr.: LM-506379"},{"@type":"BreadcrumbList","@id":"https:\/\/leonore-mau.de\/produkt\/ringer-vor-dem-wettkampf\/#breadcrumb","itemListElement":[{"@type":"ListItem","position":1,"name":"Startseite","item":"https:\/\/leonore-mau.de\/en\/"},{"@type":"ListItem","position":2,"name":"Shop","item":"https:\/\/leonore-mau.de\/en\/shop-2\/"},{"@type":"ListItem","position":3,"name":"Ringer vor dem Wettkampf"}]},{"@type":"WebSite","@id":"https:\/\/leonore-mau.de\/#website","url":"https:\/\/leonore-mau.de\/","name":"Leonore Mau","description":"Fotografin","potentialAction":[{"@type":"SearchAction","target":{"@type":"EntryPoint","urlTemplate":"https:\/\/leonore-mau.de\/?s={search_term_string}"},"query-input":{"@type":"PropertyValueSpecification","valueRequired":true,"valueName":"search_term_string"}}],"inLanguage":"en-US"}]}},"_links":{"self":[{"href":"https:\/\/leonore-mau.de\/en\/wp-json\/wp\/v2\/product\/1744","targetHints":{"allow":["GET"]}}],"collection":[{"href":"https:\/\/leonore-mau.de\/en\/wp-json\/wp\/v2\/product"}],"about":[{"href":"https:\/\/leonore-mau.de\/en\/wp-json\/wp\/v2\/types\/product"}],"wp:featuredmedia":[{"embeddable":true,"href":"https:\/\/leonore-mau.de\/en\/wp-json\/wp\/v2\/media\/1571"}],"wp:attachment":[{"href":"https:\/\/leonore-mau.de\/en\/wp-json\/wp\/v2\/media?parent=1744"}],"wp:term":[{"taxonomy":"product_brand","embeddable":true,"href":"https:\/\/leonore-mau.de\/en\/wp-json\/wp\/v2\/product_brand?post=1744"},{"taxonomy":"product_cat","embeddable":true,"href":"https:\/\/leonore-mau.de\/en\/wp-json\/wp\/v2\/product_cat?post=1744"},{"taxonomy":"product_tag","embeddable":true,"href":"https:\/\/leonore-mau.de\/en\/wp-json\/wp\/v2\/product_tag?post=1744"}],"curies":[{"name":"wp","href":"https:\/\/api.w.org\/{rel}","templated":true}]}}