{"id":1753,"date":"2022-07-14T22:23:04","date_gmt":"2022-07-14T20:23:04","guid":{"rendered":"https:\/\/leonore-mau.de\/produkt\/ohne-titel-einweihungszeremonie-der-candomble-3\/"},"modified":"2022-09-13T23:14:22","modified_gmt":"2022-09-13T21:14:22","slug":"ohne-titel-einweihungszeremonie-der-candomble-3","status":"publish","type":"product","link":"https:\/\/leonore-mau.de\/en\/produkt\/ohne-titel-einweihungszeremonie-der-candomble-3\/","title":{"rendered":"Ohne Titel (Einweihungszeremonie der Candombl\u00e9)"},"content":{"rendered":"<p>Einweihungszeremonie der Candombl\u00e9. Kind steht zwischen Fr\u00fcchten und Stoffen. Referenz: Hubert Fichte und Leonore Mau, Xango, S. Fischer Verlag GmbH, 1976 Referenz: Ronald Kay, Die Kinder Herodots, S. Fischer Verlag GmbH, 2006 R\u00fcckseitenbeschriftung: &#8220;Fruchtbarkeitskult&#8221;<\/p>\n","protected":false},"excerpt":{"rendered":"<p>Einweihungszeremonie der Candombl\u00e9. Kind steht zwischen Fr\u00fcchten und Stoffen. Referenz: Hubert Fichte und Leonore Mau, Xango, S. Fischer Verlag GmbH, 1976 Referenz: Ronald Kay, Die Kinder Herodots, S. Fischer Verlag GmbH, 2006 R\u00fcckseitenbeschriftung: &#8220;Fruchtbarkeitskult&#8221;<\/p>\n","protected":false},"featured_media":1562,"template":"","meta":[],"product_brand":[],"product_cat":[17],"product_tag":[78,22,24,21,23,80,1109,1110,1111,1112,1113,84,173,2166,2167,2168,2169,2170,174,175,2171,1008,1009,43,44,3671,3672,3673,3674,3675,1953,2452,2453,2454,2455,2456,2457,2458,2459,181,182,183,184,185,186,187,1439,56,57,2460,2461,2462,2463,2464,2465,2466,169,3676,3677,70,71,525,526,105,107,93,92,94,91,95,996,997,998,999,1000,1001,106,108,527,528,529,530,531,532,533,1176,1459,1622,1623,1460,1461,1462,1624,1625,1032,1039],"class_list":{"0":"post-1753","1":"product","2":"type-product","3":"status-publish","4":"has-post-thumbnail","6":"product_cat-unkategorisiert","7":"product_tag-1970er-jahre","8":"product_tag-20-jahrhundert-nach-chr","9":"product_tag-20-jh-n-chr","10":"product_tag-20-jahrhundert","11":"product_tag-20-jh","12":"product_tag-70er","13":"product_tag-afrikanisch","14":"product_tag-afrikanische","15":"product_tag-afrikanischen","16":"product_tag-afrikanischer","17":"product_tag-afrikanisches","18":"product_tag-ausland","19":"product_tag-brasil","20":"product_tag-brasilianisch","21":"product_tag-brasilianische","22":"product_tag-brasilianischen","23":"product_tag-brasilianischer","24":"product_tag-brasilianisches","25":"product_tag-brasilien","26":"product_tag-brasiliens","27":"product_tag-candomble","28":"product_tag-ceremonie","29":"product_tag-ceremonien","30":"product_tag-fotografin","31":"product_tag-fotografinnen","32":"product_tag-frucht","33":"product_tag-fruechte","34":"product_tag-fruechtekorb","35":"product_tag-fruechten","36":"product_tag-fruchtkorb","37":"product_tag-glatze","38":"product_tag-glatzen","39":"product_tag-glatzkopf","40":"product_tag-glatzkoepfe","41":"product_tag-glatzkoepfig","42":"product_tag-glatzkoepfige","43":"product_tag-glatzkoepfigen","44":"product_tag-glatzkoepfiger","45":"product_tag-glatzkoepfiges","46":"product_tag-halbakt","47":"product_tag-halbakte","48":"product_tag-halbnackt","49":"product_tag-halbnackte","50":"product_tag-halbnackten","51":"product_tag-halbnackter","52":"product_tag-halbnacktes","53":"product_tag-herodot","54":"product_tag-innenaufnahme","55":"product_tag-innenaufnahmen","56":"product_tag-kahlkopf","57":"product_tag-kahlkoepfig","58":"product_tag-kahlkoepfige","59":"product_tag-kahlkoepfigen","60":"product_tag-kahlkoepfiger","61":"product_tag-kahlkoepfiges","62":"product_tag-kahlkoepfigkeit","63":"product_tag-kind","64":"product_tag-obst","65":"product_tag-obstkorb","66":"product_tag-photographin","67":"product_tag-photographinnen","68":"product_tag-religion","69":"product_tag-religionen","70":"product_tag-s-w-fotografie","71":"product_tag-s-w-photographie","72":"product_tag-schwarzweissphotographie","73":"product_tag-schwarz-weiss-fotografie","74":"product_tag-schwarz-weiss-photographie","75":"product_tag-schwarzweissfotografie","76":"product_tag-siebziger","77":"product_tag-stehen","78":"product_tag-stehend","79":"product_tag-stehende","80":"product_tag-stehenden","81":"product_tag-stehender","82":"product_tag-stehendes","83":"product_tag-sw-fotografie","84":"product_tag-sw-photographie","85":"product_tag-tradition","86":"product_tag-traditionell","87":"product_tag-traditionelle","88":"product_tag-traditionellem","89":"product_tag-traditionellen","90":"product_tag-traditioneller","91":"product_tag-traditionelles","92":"product_tag-voodoo","93":"product_tag-votiv","94":"product_tag-votivbild","95":"product_tag-votivbildes","96":"product_tag-votivgabe","97":"product_tag-votivgaben","98":"product_tag-votivs","99":"product_tag-votivtafel","100":"product_tag-votivtaefelchen","101":"product_tag-zeremonie","102":"product_tag-zeremonien","104":"first","105":"instock","106":"shipping-taxable","107":"product-type-simple"},"yoast_head":"<!-- This site is optimized with the Yoast SEO plugin v27.3 - https:\/\/yoast.com\/product\/yoast-seo-wordpress\/ -->\n<title>Ohne Titel (Einweihungszeremonie der Candombl\u00e9) - Leonore Mau<\/title>\n<meta name=\"robots\" content=\"index, follow, max-snippet:-1, max-image-preview:large, max-video-preview:-1\" \/>\n<link rel=\"canonical\" href=\"https:\/\/leonore-mau.de\/produkt\/ohne-titel-einweihungszeremonie-der-candomble-3\/\" \/>\n<meta property=\"og:locale\" content=\"en_US\" \/>\n<meta property=\"og:type\" content=\"article\" \/>\n<meta property=\"og:title\" content=\"Ohne Titel (Einweihungszeremonie der Candombl\u00e9) - Leonore Mau\" \/>\n<meta property=\"og:description\" content=\"Einweihungszeremonie der Candombl\u00e9. Kind steht zwischen Fr\u00fcchten und Stoffen. Referenz: Hubert Fichte und Leonore Mau, Xango, S. Fischer Verlag GmbH, 1976 Referenz: Ronald Kay, Die Kinder Herodots, S. Fischer Verlag GmbH, 2006 R\u00fcckseitenbeschriftung: &#8220;Fruchtbarkeitskult&#8221;\" \/>\n<meta property=\"og:url\" content=\"https:\/\/leonore-mau.de\/produkt\/ohne-titel-einweihungszeremonie-der-candomble-3\/\" \/>\n<meta property=\"og:site_name\" content=\"Leonore Mau\" \/>\n<meta property=\"article:modified_time\" content=\"2022-09-13T21:14:22+00:00\" \/>\n<meta property=\"og:image\" content=\"https:\/\/leonore-mau.de\/wp-content\/uploads\/2022\/07\/70364568.jpg\" \/>\n\t<meta property=\"og:image:width\" content=\"1200\" \/>\n\t<meta property=\"og:image:height\" content=\"898\" \/>\n\t<meta property=\"og:image:type\" content=\"image\/jpeg\" \/>\n<meta name=\"twitter:card\" content=\"summary_large_image\" \/>\n<script type=\"application\/ld+json\" class=\"yoast-schema-graph\">{\"@context\":\"https:\\\/\\\/schema.org\",\"@graph\":[{\"@type\":\"WebPage\",\"@id\":\"https:\\\/\\\/leonore-mau.de\\\/produkt\\\/ohne-titel-einweihungszeremonie-der-candomble-3\\\/\",\"url\":\"https:\\\/\\\/leonore-mau.de\\\/produkt\\\/ohne-titel-einweihungszeremonie-der-candomble-3\\\/\",\"name\":\"Ohne Titel (Einweihungszeremonie der Candombl\u00e9) - Leonore Mau\",\"isPartOf\":{\"@id\":\"https:\\\/\\\/leonore-mau.de\\\/#website\"},\"primaryImageOfPage\":{\"@id\":\"https:\\\/\\\/leonore-mau.de\\\/produkt\\\/ohne-titel-einweihungszeremonie-der-candomble-3\\\/#primaryimage\"},\"image\":{\"@id\":\"https:\\\/\\\/leonore-mau.de\\\/produkt\\\/ohne-titel-einweihungszeremonie-der-candomble-3\\\/#primaryimage\"},\"thumbnailUrl\":\"https:\\\/\\\/leonore-mau.de\\\/wp-content\\\/uploads\\\/2022\\\/07\\\/70364568.jpg\",\"datePublished\":\"2022-07-14T20:23:04+00:00\",\"dateModified\":\"2022-09-13T21:14:22+00:00\",\"breadcrumb\":{\"@id\":\"https:\\\/\\\/leonore-mau.de\\\/produkt\\\/ohne-titel-einweihungszeremonie-der-candomble-3\\\/#breadcrumb\"},\"inLanguage\":\"en-US\",\"potentialAction\":[{\"@type\":\"ReadAction\",\"target\":[\"https:\\\/\\\/leonore-mau.de\\\/produkt\\\/ohne-titel-einweihungszeremonie-der-candomble-3\\\/\"]}]},{\"@type\":\"ImageObject\",\"inLanguage\":\"en-US\",\"@id\":\"https:\\\/\\\/leonore-mau.de\\\/produkt\\\/ohne-titel-einweihungszeremonie-der-candomble-3\\\/#primaryimage\",\"url\":\"https:\\\/\\\/leonore-mau.de\\\/wp-content\\\/uploads\\\/2022\\\/07\\\/70364568.jpg\",\"contentUrl\":\"https:\\\/\\\/leonore-mau.de\\\/wp-content\\\/uploads\\\/2022\\\/07\\\/70364568.jpg\",\"width\":1200,\"height\":898,\"caption\":\"Einweihungszeremonie der Candombl\u00e9. Kind steht zwischen Fr\u00fcchten und Stoffen. Referenz: Hubert Fichte und Leonore Mau, Xango, S. Fischer Verlag GmbH, 1976 Referenz: Ronald Kay, Die Kinder Herodots, S. Fischer Verlag GmbH, 2006 R\u00fcckseitenbeschriftung: \\\"Fruchtbarkeitskult\\\" Aufnahmedatum: 1971 Material\\\/Technik: Foto \\\/ Silbergelatine auf Barytpapier Bildformat (Foto): 22,5 x 30,2 cm Aufnahmeort: Salvador da Bahia Inventar-Nr.: LM-504403\"},{\"@type\":\"BreadcrumbList\",\"@id\":\"https:\\\/\\\/leonore-mau.de\\\/produkt\\\/ohne-titel-einweihungszeremonie-der-candomble-3\\\/#breadcrumb\",\"itemListElement\":[{\"@type\":\"ListItem\",\"position\":1,\"name\":\"Startseite\",\"item\":\"https:\\\/\\\/leonore-mau.de\\\/en\\\/\"},{\"@type\":\"ListItem\",\"position\":2,\"name\":\"Shop\",\"item\":\"https:\\\/\\\/leonore-mau.de\\\/en\\\/shop-2\\\/\"},{\"@type\":\"ListItem\",\"position\":3,\"name\":\"Ohne Titel (Einweihungszeremonie der Candombl\u00e9)\"}]},{\"@type\":\"WebSite\",\"@id\":\"https:\\\/\\\/leonore-mau.de\\\/#website\",\"url\":\"https:\\\/\\\/leonore-mau.de\\\/\",\"name\":\"Leonore Mau\",\"description\":\"Fotografin\",\"potentialAction\":[{\"@type\":\"SearchAction\",\"target\":{\"@type\":\"EntryPoint\",\"urlTemplate\":\"https:\\\/\\\/leonore-mau.de\\\/?s={search_term_string}\"},\"query-input\":{\"@type\":\"PropertyValueSpecification\",\"valueRequired\":true,\"valueName\":\"search_term_string\"}}],\"inLanguage\":\"en-US\"}]}<\/script>\n<!-- \/ Yoast SEO plugin. -->","yoast_head_json":{"title":"Ohne Titel (Einweihungszeremonie der Candombl\u00e9) - Leonore Mau","robots":{"index":"index","follow":"follow","max-snippet":"max-snippet:-1","max-image-preview":"max-image-preview:large","max-video-preview":"max-video-preview:-1"},"canonical":"https:\/\/leonore-mau.de\/produkt\/ohne-titel-einweihungszeremonie-der-candomble-3\/","og_locale":"en_US","og_type":"article","og_title":"Ohne Titel (Einweihungszeremonie der Candombl\u00e9) - Leonore Mau","og_description":"Einweihungszeremonie der Candombl\u00e9. Kind steht zwischen Fr\u00fcchten und Stoffen. Referenz: Hubert Fichte und Leonore Mau, Xango, S. Fischer Verlag GmbH, 1976 Referenz: Ronald Kay, Die Kinder Herodots, S. Fischer Verlag GmbH, 2006 R\u00fcckseitenbeschriftung: &#8220;Fruchtbarkeitskult&#8221;","og_url":"https:\/\/leonore-mau.de\/produkt\/ohne-titel-einweihungszeremonie-der-candomble-3\/","og_site_name":"Leonore Mau","article_modified_time":"2022-09-13T21:14:22+00:00","og_image":[{"width":1200,"height":898,"url":"https:\/\/leonore-mau.de\/wp-content\/uploads\/2022\/07\/70364568.jpg","type":"image\/jpeg"}],"twitter_card":"summary_large_image","schema":{"@context":"https:\/\/schema.org","@graph":[{"@type":"WebPage","@id":"https:\/\/leonore-mau.de\/produkt\/ohne-titel-einweihungszeremonie-der-candomble-3\/","url":"https:\/\/leonore-mau.de\/produkt\/ohne-titel-einweihungszeremonie-der-candomble-3\/","name":"Ohne Titel (Einweihungszeremonie der Candombl\u00e9) - Leonore Mau","isPartOf":{"@id":"https:\/\/leonore-mau.de\/#website"},"primaryImageOfPage":{"@id":"https:\/\/leonore-mau.de\/produkt\/ohne-titel-einweihungszeremonie-der-candomble-3\/#primaryimage"},"image":{"@id":"https:\/\/leonore-mau.de\/produkt\/ohne-titel-einweihungszeremonie-der-candomble-3\/#primaryimage"},"thumbnailUrl":"https:\/\/leonore-mau.de\/wp-content\/uploads\/2022\/07\/70364568.jpg","datePublished":"2022-07-14T20:23:04+00:00","dateModified":"2022-09-13T21:14:22+00:00","breadcrumb":{"@id":"https:\/\/leonore-mau.de\/produkt\/ohne-titel-einweihungszeremonie-der-candomble-3\/#breadcrumb"},"inLanguage":"en-US","potentialAction":[{"@type":"ReadAction","target":["https:\/\/leonore-mau.de\/produkt\/ohne-titel-einweihungszeremonie-der-candomble-3\/"]}]},{"@type":"ImageObject","inLanguage":"en-US","@id":"https:\/\/leonore-mau.de\/produkt\/ohne-titel-einweihungszeremonie-der-candomble-3\/#primaryimage","url":"https:\/\/leonore-mau.de\/wp-content\/uploads\/2022\/07\/70364568.jpg","contentUrl":"https:\/\/leonore-mau.de\/wp-content\/uploads\/2022\/07\/70364568.jpg","width":1200,"height":898,"caption":"Einweihungszeremonie der Candombl\u00e9. Kind steht zwischen Fr\u00fcchten und Stoffen. Referenz: Hubert Fichte und Leonore Mau, Xango, S. Fischer Verlag GmbH, 1976 Referenz: Ronald Kay, Die Kinder Herodots, S. Fischer Verlag GmbH, 2006 R\u00fcckseitenbeschriftung: \"Fruchtbarkeitskult\" Aufnahmedatum: 1971 Material\/Technik: Foto \/ Silbergelatine auf Barytpapier Bildformat (Foto): 22,5 x 30,2 cm Aufnahmeort: Salvador da Bahia Inventar-Nr.: LM-504403"},{"@type":"BreadcrumbList","@id":"https:\/\/leonore-mau.de\/produkt\/ohne-titel-einweihungszeremonie-der-candomble-3\/#breadcrumb","itemListElement":[{"@type":"ListItem","position":1,"name":"Startseite","item":"https:\/\/leonore-mau.de\/en\/"},{"@type":"ListItem","position":2,"name":"Shop","item":"https:\/\/leonore-mau.de\/en\/shop-2\/"},{"@type":"ListItem","position":3,"name":"Ohne Titel (Einweihungszeremonie der Candombl\u00e9)"}]},{"@type":"WebSite","@id":"https:\/\/leonore-mau.de\/#website","url":"https:\/\/leonore-mau.de\/","name":"Leonore Mau","description":"Fotografin","potentialAction":[{"@type":"SearchAction","target":{"@type":"EntryPoint","urlTemplate":"https:\/\/leonore-mau.de\/?s={search_term_string}"},"query-input":{"@type":"PropertyValueSpecification","valueRequired":true,"valueName":"search_term_string"}}],"inLanguage":"en-US"}]}},"_links":{"self":[{"href":"https:\/\/leonore-mau.de\/en\/wp-json\/wp\/v2\/product\/1753","targetHints":{"allow":["GET"]}}],"collection":[{"href":"https:\/\/leonore-mau.de\/en\/wp-json\/wp\/v2\/product"}],"about":[{"href":"https:\/\/leonore-mau.de\/en\/wp-json\/wp\/v2\/types\/product"}],"wp:featuredmedia":[{"embeddable":true,"href":"https:\/\/leonore-mau.de\/en\/wp-json\/wp\/v2\/media\/1562"}],"wp:attachment":[{"href":"https:\/\/leonore-mau.de\/en\/wp-json\/wp\/v2\/media?parent=1753"}],"wp:term":[{"taxonomy":"product_brand","embeddable":true,"href":"https:\/\/leonore-mau.de\/en\/wp-json\/wp\/v2\/product_brand?post=1753"},{"taxonomy":"product_cat","embeddable":true,"href":"https:\/\/leonore-mau.de\/en\/wp-json\/wp\/v2\/product_cat?post=1753"},{"taxonomy":"product_tag","embeddable":true,"href":"https:\/\/leonore-mau.de\/en\/wp-json\/wp\/v2\/product_tag?post=1753"}],"curies":[{"name":"wp","href":"https:\/\/api.w.org\/{rel}","templated":true}]}}