{"id":1754,"date":"2022-07-14T22:23:05","date_gmt":"2022-07-14T20:23:05","guid":{"rendered":"https:\/\/leonore-mau.de\/produkt\/ohne-titel-einkleidung-fuer-die-zeremonie-o-nome\/"},"modified":"2022-09-13T23:14:23","modified_gmt":"2022-09-13T21:14:23","slug":"ohne-titel-einkleidung-fuer-die-zeremonie-o-nome","status":"publish","type":"product","link":"https:\/\/leonore-mau.de\/en\/produkt\/ohne-titel-einkleidung-fuer-die-zeremonie-o-nome\/","title":{"rendered":"Ohne Titel (Einkleidung f\u00fcr die Zeremonie &#8220;O nome&#8221;)"},"content":{"rendered":"<p>Einkleiden f\u00fcr die Candombl\u00e9-Zeremonie &#8220;O nome&#8221; &#8211; der neue Name. Referenz: Ronald Kay, Die Kinder Herodots, S. Fischer Verlag GmbH, 2006 R\u00fcckseitenbeschriftung: &#8220;Bahia&#8221;<\/p>\n","protected":false},"excerpt":{"rendered":"<p>Einkleiden f\u00fcr die Candombl\u00e9-Zeremonie &#8220;O nome&#8221; &#8211; der neue Name. Referenz: Ronald Kay, Die Kinder Herodots, S. Fischer Verlag GmbH, 2006 R\u00fcckseitenbeschriftung: &#8220;Bahia&#8221;<\/p>\n","protected":false},"featured_media":1561,"template":"","meta":[],"product_brand":[],"product_cat":[17],"product_tag":[78,22,24,21,23,80,1109,1110,1111,1112,1113,84,173,2166,2167,2168,2169,2170,174,175,2171,1008,1009,43,44,354,1953,2452,2453,2454,2455,2456,2457,2458,2459,1439,56,57,2460,2461,2462,2463,2464,2465,2466,169,3467,3468,70,71,525,526,105,107,93,92,94,91,95,996,997,998,999,1000,1001,106,108,527,528,529,530,531,532,533,1176,1032,1039],"class_list":{"0":"post-1754","1":"product","2":"type-product","3":"status-publish","4":"has-post-thumbnail","6":"product_cat-unkategorisiert","7":"product_tag-1970er-jahre","8":"product_tag-20-jahrhundert-nach-chr","9":"product_tag-20-jh-n-chr","10":"product_tag-20-jahrhundert","11":"product_tag-20-jh","12":"product_tag-70er","13":"product_tag-afrikanisch","14":"product_tag-afrikanische","15":"product_tag-afrikanischen","16":"product_tag-afrikanischer","17":"product_tag-afrikanisches","18":"product_tag-ausland","19":"product_tag-brasil","20":"product_tag-brasilianisch","21":"product_tag-brasilianische","22":"product_tag-brasilianischen","23":"product_tag-brasilianischer","24":"product_tag-brasilianisches","25":"product_tag-brasilien","26":"product_tag-brasiliens","27":"product_tag-candomble","28":"product_tag-ceremonie","29":"product_tag-ceremonien","30":"product_tag-fotografin","31":"product_tag-fotografinnen","32":"product_tag-frau","33":"product_tag-glatze","34":"product_tag-glatzen","35":"product_tag-glatzkopf","36":"product_tag-glatzkoepfe","37":"product_tag-glatzkoepfig","38":"product_tag-glatzkoepfige","39":"product_tag-glatzkoepfigen","40":"product_tag-glatzkoepfiger","41":"product_tag-glatzkoepfiges","42":"product_tag-herodot","43":"product_tag-innenaufnahme","44":"product_tag-innenaufnahmen","45":"product_tag-kahlkopf","46":"product_tag-kahlkoepfig","47":"product_tag-kahlkoepfige","48":"product_tag-kahlkoepfigen","49":"product_tag-kahlkoepfiger","50":"product_tag-kahlkoepfiges","51":"product_tag-kahlkoepfigkeit","52":"product_tag-kind","53":"product_tag-novize","54":"product_tag-novizen","55":"product_tag-photographin","56":"product_tag-photographinnen","57":"product_tag-religion","58":"product_tag-religionen","59":"product_tag-s-w-fotografie","60":"product_tag-s-w-photographie","61":"product_tag-schwarzweissphotographie","62":"product_tag-schwarz-weiss-fotografie","63":"product_tag-schwarz-weiss-photographie","64":"product_tag-schwarzweissfotografie","65":"product_tag-siebziger","66":"product_tag-stehen","67":"product_tag-stehend","68":"product_tag-stehende","69":"product_tag-stehenden","70":"product_tag-stehender","71":"product_tag-stehendes","72":"product_tag-sw-fotografie","73":"product_tag-sw-photographie","74":"product_tag-tradition","75":"product_tag-traditionell","76":"product_tag-traditionelle","77":"product_tag-traditionellem","78":"product_tag-traditionellen","79":"product_tag-traditioneller","80":"product_tag-traditionelles","81":"product_tag-voodoo","82":"product_tag-zeremonie","83":"product_tag-zeremonien","85":"first","86":"instock","87":"shipping-taxable","88":"product-type-simple"},"yoast_head":"<!-- This site is optimized with the Yoast SEO plugin v27.3 - https:\/\/yoast.com\/product\/yoast-seo-wordpress\/ -->\n<title>Ohne Titel (Einkleidung f\u00fcr die Zeremonie &quot;O nome&quot;) - Leonore Mau<\/title>\n<meta name=\"robots\" content=\"index, follow, max-snippet:-1, max-image-preview:large, max-video-preview:-1\" \/>\n<link rel=\"canonical\" href=\"https:\/\/leonore-mau.de\/produkt\/ohne-titel-einkleidung-fuer-die-zeremonie-o-nome\/\" \/>\n<meta property=\"og:locale\" content=\"en_US\" \/>\n<meta property=\"og:type\" content=\"article\" \/>\n<meta property=\"og:title\" content=\"Ohne Titel (Einkleidung f\u00fcr die Zeremonie &quot;O nome&quot;) - Leonore Mau\" \/>\n<meta property=\"og:description\" content=\"Einkleiden f\u00fcr die Candombl\u00e9-Zeremonie &#8220;O nome&#8221; &#8211; der neue Name. Referenz: Ronald Kay, Die Kinder Herodots, S. Fischer Verlag GmbH, 2006 R\u00fcckseitenbeschriftung: &#8220;Bahia&#8221;\" \/>\n<meta property=\"og:url\" content=\"https:\/\/leonore-mau.de\/produkt\/ohne-titel-einkleidung-fuer-die-zeremonie-o-nome\/\" \/>\n<meta property=\"og:site_name\" content=\"Leonore Mau\" \/>\n<meta property=\"article:modified_time\" content=\"2022-09-13T21:14:23+00:00\" \/>\n<meta property=\"og:image\" content=\"https:\/\/leonore-mau.de\/wp-content\/uploads\/2022\/07\/70364567.jpg\" \/>\n\t<meta property=\"og:image:width\" content=\"832\" \/>\n\t<meta property=\"og:image:height\" content=\"1200\" \/>\n\t<meta property=\"og:image:type\" content=\"image\/jpeg\" \/>\n<meta name=\"twitter:card\" content=\"summary_large_image\" \/>\n<script type=\"application\/ld+json\" class=\"yoast-schema-graph\">{\"@context\":\"https:\\\/\\\/schema.org\",\"@graph\":[{\"@type\":\"WebPage\",\"@id\":\"https:\\\/\\\/leonore-mau.de\\\/produkt\\\/ohne-titel-einkleidung-fuer-die-zeremonie-o-nome\\\/\",\"url\":\"https:\\\/\\\/leonore-mau.de\\\/produkt\\\/ohne-titel-einkleidung-fuer-die-zeremonie-o-nome\\\/\",\"name\":\"Ohne Titel (Einkleidung f\u00fcr die Zeremonie \\\"O nome\\\") - Leonore Mau\",\"isPartOf\":{\"@id\":\"https:\\\/\\\/leonore-mau.de\\\/#website\"},\"primaryImageOfPage\":{\"@id\":\"https:\\\/\\\/leonore-mau.de\\\/produkt\\\/ohne-titel-einkleidung-fuer-die-zeremonie-o-nome\\\/#primaryimage\"},\"image\":{\"@id\":\"https:\\\/\\\/leonore-mau.de\\\/produkt\\\/ohne-titel-einkleidung-fuer-die-zeremonie-o-nome\\\/#primaryimage\"},\"thumbnailUrl\":\"https:\\\/\\\/leonore-mau.de\\\/wp-content\\\/uploads\\\/2022\\\/07\\\/70364567.jpg\",\"datePublished\":\"2022-07-14T20:23:05+00:00\",\"dateModified\":\"2022-09-13T21:14:23+00:00\",\"breadcrumb\":{\"@id\":\"https:\\\/\\\/leonore-mau.de\\\/produkt\\\/ohne-titel-einkleidung-fuer-die-zeremonie-o-nome\\\/#breadcrumb\"},\"inLanguage\":\"en-US\",\"potentialAction\":[{\"@type\":\"ReadAction\",\"target\":[\"https:\\\/\\\/leonore-mau.de\\\/produkt\\\/ohne-titel-einkleidung-fuer-die-zeremonie-o-nome\\\/\"]}]},{\"@type\":\"ImageObject\",\"inLanguage\":\"en-US\",\"@id\":\"https:\\\/\\\/leonore-mau.de\\\/produkt\\\/ohne-titel-einkleidung-fuer-die-zeremonie-o-nome\\\/#primaryimage\",\"url\":\"https:\\\/\\\/leonore-mau.de\\\/wp-content\\\/uploads\\\/2022\\\/07\\\/70364567.jpg\",\"contentUrl\":\"https:\\\/\\\/leonore-mau.de\\\/wp-content\\\/uploads\\\/2022\\\/07\\\/70364567.jpg\",\"width\":832,\"height\":1200,\"caption\":\"Einkleiden f\u00fcr die Candombl\u00e9-Zeremonie \\\"O nome\\\" - der neue Name. Referenz: Ronald Kay, Die Kinder Herodots, S. Fischer Verlag GmbH, 2006 R\u00fcckseitenbeschriftung: \\\"Bahia\\\" Aufnahmedatum: 1971 Material\\\/Technik: Foto \\\/ Silbergelatine auf Barytpapier Bildformat (Foto): 21,0 x 30,0 cm Aufnahmeort: Salvador da Bahia Inventar-Nr.: LM-504402\"},{\"@type\":\"BreadcrumbList\",\"@id\":\"https:\\\/\\\/leonore-mau.de\\\/produkt\\\/ohne-titel-einkleidung-fuer-die-zeremonie-o-nome\\\/#breadcrumb\",\"itemListElement\":[{\"@type\":\"ListItem\",\"position\":1,\"name\":\"Startseite\",\"item\":\"https:\\\/\\\/leonore-mau.de\\\/en\\\/\"},{\"@type\":\"ListItem\",\"position\":2,\"name\":\"Shop\",\"item\":\"https:\\\/\\\/leonore-mau.de\\\/en\\\/shop-2\\\/\"},{\"@type\":\"ListItem\",\"position\":3,\"name\":\"Ohne Titel (Einkleidung f\u00fcr die Zeremonie &#8222;O nome&#8220;)\"}]},{\"@type\":\"WebSite\",\"@id\":\"https:\\\/\\\/leonore-mau.de\\\/#website\",\"url\":\"https:\\\/\\\/leonore-mau.de\\\/\",\"name\":\"Leonore Mau\",\"description\":\"Fotografin\",\"potentialAction\":[{\"@type\":\"SearchAction\",\"target\":{\"@type\":\"EntryPoint\",\"urlTemplate\":\"https:\\\/\\\/leonore-mau.de\\\/?s={search_term_string}\"},\"query-input\":{\"@type\":\"PropertyValueSpecification\",\"valueRequired\":true,\"valueName\":\"search_term_string\"}}],\"inLanguage\":\"en-US\"}]}<\/script>\n<!-- \/ Yoast SEO plugin. -->","yoast_head_json":{"title":"Ohne Titel (Einkleidung f\u00fcr die Zeremonie \"O nome\") - Leonore Mau","robots":{"index":"index","follow":"follow","max-snippet":"max-snippet:-1","max-image-preview":"max-image-preview:large","max-video-preview":"max-video-preview:-1"},"canonical":"https:\/\/leonore-mau.de\/produkt\/ohne-titel-einkleidung-fuer-die-zeremonie-o-nome\/","og_locale":"en_US","og_type":"article","og_title":"Ohne Titel (Einkleidung f\u00fcr die Zeremonie \"O nome\") - Leonore Mau","og_description":"Einkleiden f\u00fcr die Candombl\u00e9-Zeremonie &#8220;O nome&#8221; &#8211; der neue Name. Referenz: Ronald Kay, Die Kinder Herodots, S. Fischer Verlag GmbH, 2006 R\u00fcckseitenbeschriftung: &#8220;Bahia&#8221;","og_url":"https:\/\/leonore-mau.de\/produkt\/ohne-titel-einkleidung-fuer-die-zeremonie-o-nome\/","og_site_name":"Leonore Mau","article_modified_time":"2022-09-13T21:14:23+00:00","og_image":[{"width":832,"height":1200,"url":"https:\/\/leonore-mau.de\/wp-content\/uploads\/2022\/07\/70364567.jpg","type":"image\/jpeg"}],"twitter_card":"summary_large_image","schema":{"@context":"https:\/\/schema.org","@graph":[{"@type":"WebPage","@id":"https:\/\/leonore-mau.de\/produkt\/ohne-titel-einkleidung-fuer-die-zeremonie-o-nome\/","url":"https:\/\/leonore-mau.de\/produkt\/ohne-titel-einkleidung-fuer-die-zeremonie-o-nome\/","name":"Ohne Titel (Einkleidung f\u00fcr die Zeremonie \"O nome\") - Leonore Mau","isPartOf":{"@id":"https:\/\/leonore-mau.de\/#website"},"primaryImageOfPage":{"@id":"https:\/\/leonore-mau.de\/produkt\/ohne-titel-einkleidung-fuer-die-zeremonie-o-nome\/#primaryimage"},"image":{"@id":"https:\/\/leonore-mau.de\/produkt\/ohne-titel-einkleidung-fuer-die-zeremonie-o-nome\/#primaryimage"},"thumbnailUrl":"https:\/\/leonore-mau.de\/wp-content\/uploads\/2022\/07\/70364567.jpg","datePublished":"2022-07-14T20:23:05+00:00","dateModified":"2022-09-13T21:14:23+00:00","breadcrumb":{"@id":"https:\/\/leonore-mau.de\/produkt\/ohne-titel-einkleidung-fuer-die-zeremonie-o-nome\/#breadcrumb"},"inLanguage":"en-US","potentialAction":[{"@type":"ReadAction","target":["https:\/\/leonore-mau.de\/produkt\/ohne-titel-einkleidung-fuer-die-zeremonie-o-nome\/"]}]},{"@type":"ImageObject","inLanguage":"en-US","@id":"https:\/\/leonore-mau.de\/produkt\/ohne-titel-einkleidung-fuer-die-zeremonie-o-nome\/#primaryimage","url":"https:\/\/leonore-mau.de\/wp-content\/uploads\/2022\/07\/70364567.jpg","contentUrl":"https:\/\/leonore-mau.de\/wp-content\/uploads\/2022\/07\/70364567.jpg","width":832,"height":1200,"caption":"Einkleiden f\u00fcr die Candombl\u00e9-Zeremonie \"O nome\" - der neue Name. Referenz: Ronald Kay, Die Kinder Herodots, S. Fischer Verlag GmbH, 2006 R\u00fcckseitenbeschriftung: \"Bahia\" Aufnahmedatum: 1971 Material\/Technik: Foto \/ Silbergelatine auf Barytpapier Bildformat (Foto): 21,0 x 30,0 cm Aufnahmeort: Salvador da Bahia Inventar-Nr.: LM-504402"},{"@type":"BreadcrumbList","@id":"https:\/\/leonore-mau.de\/produkt\/ohne-titel-einkleidung-fuer-die-zeremonie-o-nome\/#breadcrumb","itemListElement":[{"@type":"ListItem","position":1,"name":"Startseite","item":"https:\/\/leonore-mau.de\/en\/"},{"@type":"ListItem","position":2,"name":"Shop","item":"https:\/\/leonore-mau.de\/en\/shop-2\/"},{"@type":"ListItem","position":3,"name":"Ohne Titel (Einkleidung f\u00fcr die Zeremonie &#8222;O nome&#8220;)"}]},{"@type":"WebSite","@id":"https:\/\/leonore-mau.de\/#website","url":"https:\/\/leonore-mau.de\/","name":"Leonore Mau","description":"Fotografin","potentialAction":[{"@type":"SearchAction","target":{"@type":"EntryPoint","urlTemplate":"https:\/\/leonore-mau.de\/?s={search_term_string}"},"query-input":{"@type":"PropertyValueSpecification","valueRequired":true,"valueName":"search_term_string"}}],"inLanguage":"en-US"}]}},"_links":{"self":[{"href":"https:\/\/leonore-mau.de\/en\/wp-json\/wp\/v2\/product\/1754","targetHints":{"allow":["GET"]}}],"collection":[{"href":"https:\/\/leonore-mau.de\/en\/wp-json\/wp\/v2\/product"}],"about":[{"href":"https:\/\/leonore-mau.de\/en\/wp-json\/wp\/v2\/types\/product"}],"wp:featuredmedia":[{"embeddable":true,"href":"https:\/\/leonore-mau.de\/en\/wp-json\/wp\/v2\/media\/1561"}],"wp:attachment":[{"href":"https:\/\/leonore-mau.de\/en\/wp-json\/wp\/v2\/media?parent=1754"}],"wp:term":[{"taxonomy":"product_brand","embeddable":true,"href":"https:\/\/leonore-mau.de\/en\/wp-json\/wp\/v2\/product_brand?post=1754"},{"taxonomy":"product_cat","embeddable":true,"href":"https:\/\/leonore-mau.de\/en\/wp-json\/wp\/v2\/product_cat?post=1754"},{"taxonomy":"product_tag","embeddable":true,"href":"https:\/\/leonore-mau.de\/en\/wp-json\/wp\/v2\/product_tag?post=1754"}],"curies":[{"name":"wp","href":"https:\/\/api.w.org\/{rel}","templated":true}]}}