{"id":1756,"date":"2022-07-14T22:23:06","date_gmt":"2022-07-14T20:23:06","guid":{"rendered":"https:\/\/leonore-mau.de\/produkt\/ohne-titel-wasserski-vor-einem-militaerschiff-an-der-copacabana\/"},"modified":"2022-09-13T23:14:24","modified_gmt":"2022-09-13T21:14:24","slug":"ohne-titel-wasserski-vor-einem-militaerschiff-an-der-copacabana","status":"publish","type":"product","link":"https:\/\/leonore-mau.de\/en\/produkt\/ohne-titel-wasserski-vor-einem-militaerschiff-an-der-copacabana\/","title":{"rendered":"Ohne Titel (Wasserski vor einem Milit\u00e4rschiff an der Copacabana)"},"content":{"rendered":"<p>Wasserski vor einem Milit\u00e4rschiff an der Copacabana Referenz: Hubert Fichte und Leonore Mau, Xango, S. Fischer Verlag, 1976 R\u00fcckseitenbeschriftung: &#8220;Capacabana 1969&#8221;<\/p>\n","protected":false},"excerpt":{"rendered":"<p>Wasserski vor einem Milit\u00e4rschiff an der Copacabana Referenz: Hubert Fichte und Leonore Mau, Xango, S. Fischer Verlag, 1976 R\u00fcckseitenbeschriftung: &#8220;Capacabana 1969&#8221;<\/p>\n","protected":false},"featured_media":1559,"template":"","meta":[],"product_brand":[],"product_cat":[17],"product_tag":[78,22,24,21,23,80,171,172,2909,173,174,175,43,44,354,740,2147,2148,2149,2150,2151,2152,181,182,183,184,185,186,187,3866,3867,3868,3869,3870,3871,3872,3873,3874,3875,3876,486,560,190,3567,3568,3877,70,71,105,107,263,93,92,94,91,95,996,997,998,999,1000,1001,163,164,106,108,2295,1438,3878,3879,1031],"class_list":{"0":"post-1756","1":"product","2":"type-product","3":"status-publish","4":"has-post-thumbnail","6":"product_cat-unkategorisiert","7":"product_tag-1970er-jahre","8":"product_tag-20-jahrhundert-nach-chr","9":"product_tag-20-jh-n-chr","10":"product_tag-20-jahrhundert","11":"product_tag-20-jh","12":"product_tag-70er","13":"product_tag-aussenaufnahme","14":"product_tag-aussenaufnahmen","15":"product_tag-badeurlaub","16":"product_tag-brasil","17":"product_tag-brasilien","18":"product_tag-brasiliens","19":"product_tag-fotografin","20":"product_tag-fotografinnen","21":"product_tag-frau","22":"product_tag-frauen","23":"product_tag-gruppenaufnahme","24":"product_tag-gruppenaufnahmen","25":"product_tag-gruppenfoto","26":"product_tag-gruppenfotos","27":"product_tag-gruppenphoto","28":"product_tag-gruppenphotos","29":"product_tag-halbakt","30":"product_tag-halbakte","31":"product_tag-halbnackt","32":"product_tag-halbnackte","33":"product_tag-halbnackten","34":"product_tag-halbnackter","35":"product_tag-halbnacktes","36":"product_tag-kriegsflotte","37":"product_tag-kriegsflotten","38":"product_tag-kriegsschiff","39":"product_tag-kriegsschiffe","40":"product_tag-kriegsschiffen","41":"product_tag-luxurioes","42":"product_tag-luxurioese","43":"product_tag-luxurioesen","44":"product_tag-luxurioeser","45":"product_tag-luxurioeses","46":"product_tag-luxus","47":"product_tag-mann","48":"product_tag-maenner","49":"product_tag-meer","50":"product_tag-militaer","51":"product_tag-militaers","52":"product_tag-militaerschiff","53":"product_tag-photographin","54":"product_tag-photographinnen","55":"product_tag-s-w-fotografie","56":"product_tag-s-w-photographie","57":"product_tag-schiff","58":"product_tag-schwarzweissphotographie","59":"product_tag-schwarz-weiss-fotografie","60":"product_tag-schwarz-weiss-photographie","61":"product_tag-schwarzweissfotografie","62":"product_tag-siebziger","63":"product_tag-stehen","64":"product_tag-stehend","65":"product_tag-stehende","66":"product_tag-stehenden","67":"product_tag-stehender","68":"product_tag-stehendes","69":"product_tag-suedamerika","70":"product_tag-suedamerikas","71":"product_tag-sw-fotografie","72":"product_tag-sw-photographie","73":"product_tag-urlaub","74":"product_tag-wasser","75":"product_tag-wasserski","76":"product_tag-wassersport","77":"product_tag-xango","79":"first","80":"instock","81":"shipping-taxable","82":"product-type-simple"},"yoast_head":"<!-- This site is optimized with the Yoast SEO plugin v27.3 - https:\/\/yoast.com\/product\/yoast-seo-wordpress\/ -->\n<title>Ohne Titel (Wasserski vor einem Milit\u00e4rschiff an der Copacabana) - Leonore Mau<\/title>\n<meta name=\"robots\" content=\"index, follow, max-snippet:-1, max-image-preview:large, max-video-preview:-1\" \/>\n<link rel=\"canonical\" href=\"https:\/\/leonore-mau.de\/produkt\/ohne-titel-wasserski-vor-einem-militaerschiff-an-der-copacabana\/\" \/>\n<meta property=\"og:locale\" content=\"en_US\" \/>\n<meta property=\"og:type\" content=\"article\" \/>\n<meta property=\"og:title\" content=\"Ohne Titel (Wasserski vor einem Milit\u00e4rschiff an der Copacabana) - Leonore Mau\" \/>\n<meta property=\"og:description\" content=\"Wasserski vor einem Milit\u00e4rschiff an der Copacabana Referenz: Hubert Fichte und Leonore Mau, Xango, S. Fischer Verlag, 1976 R\u00fcckseitenbeschriftung: &#8220;Capacabana 1969&#8221;\" \/>\n<meta property=\"og:url\" content=\"https:\/\/leonore-mau.de\/produkt\/ohne-titel-wasserski-vor-einem-militaerschiff-an-der-copacabana\/\" \/>\n<meta property=\"og:site_name\" content=\"Leonore Mau\" \/>\n<meta property=\"article:modified_time\" content=\"2022-09-13T21:14:24+00:00\" \/>\n<meta property=\"og:image\" content=\"https:\/\/leonore-mau.de\/wp-content\/uploads\/2022\/07\/70364084.jpg\" \/>\n\t<meta property=\"og:image:width\" content=\"1200\" \/>\n\t<meta property=\"og:image:height\" content=\"803\" \/>\n\t<meta property=\"og:image:type\" content=\"image\/jpeg\" \/>\n<meta name=\"twitter:card\" content=\"summary_large_image\" \/>\n<script type=\"application\/ld+json\" class=\"yoast-schema-graph\">{\"@context\":\"https:\\\/\\\/schema.org\",\"@graph\":[{\"@type\":\"WebPage\",\"@id\":\"https:\\\/\\\/leonore-mau.de\\\/produkt\\\/ohne-titel-wasserski-vor-einem-militaerschiff-an-der-copacabana\\\/\",\"url\":\"https:\\\/\\\/leonore-mau.de\\\/produkt\\\/ohne-titel-wasserski-vor-einem-militaerschiff-an-der-copacabana\\\/\",\"name\":\"Ohne Titel (Wasserski vor einem Milit\u00e4rschiff an der Copacabana) - Leonore Mau\",\"isPartOf\":{\"@id\":\"https:\\\/\\\/leonore-mau.de\\\/#website\"},\"primaryImageOfPage\":{\"@id\":\"https:\\\/\\\/leonore-mau.de\\\/produkt\\\/ohne-titel-wasserski-vor-einem-militaerschiff-an-der-copacabana\\\/#primaryimage\"},\"image\":{\"@id\":\"https:\\\/\\\/leonore-mau.de\\\/produkt\\\/ohne-titel-wasserski-vor-einem-militaerschiff-an-der-copacabana\\\/#primaryimage\"},\"thumbnailUrl\":\"https:\\\/\\\/leonore-mau.de\\\/wp-content\\\/uploads\\\/2022\\\/07\\\/70364084.jpg\",\"datePublished\":\"2022-07-14T20:23:06+00:00\",\"dateModified\":\"2022-09-13T21:14:24+00:00\",\"breadcrumb\":{\"@id\":\"https:\\\/\\\/leonore-mau.de\\\/produkt\\\/ohne-titel-wasserski-vor-einem-militaerschiff-an-der-copacabana\\\/#breadcrumb\"},\"inLanguage\":\"en-US\",\"potentialAction\":[{\"@type\":\"ReadAction\",\"target\":[\"https:\\\/\\\/leonore-mau.de\\\/produkt\\\/ohne-titel-wasserski-vor-einem-militaerschiff-an-der-copacabana\\\/\"]}]},{\"@type\":\"ImageObject\",\"inLanguage\":\"en-US\",\"@id\":\"https:\\\/\\\/leonore-mau.de\\\/produkt\\\/ohne-titel-wasserski-vor-einem-militaerschiff-an-der-copacabana\\\/#primaryimage\",\"url\":\"https:\\\/\\\/leonore-mau.de\\\/wp-content\\\/uploads\\\/2022\\\/07\\\/70364084.jpg\",\"contentUrl\":\"https:\\\/\\\/leonore-mau.de\\\/wp-content\\\/uploads\\\/2022\\\/07\\\/70364084.jpg\",\"width\":1200,\"height\":803,\"caption\":\"Wasserski vor einem Milit\u00e4rschiff an der Copacabana Referenz: Hubert Fichte und Leonore Mau, Xango, S. Fischer Verlag, 1976 R\u00fcckseitenbeschriftung: \\\"Capacabana 1969\\\" Aufnahmedatum: 1969 Material\\\/Technik: Foto \\\/ Silbergelatine auf Barytpapier Bildformat (Foto): 20,2 x 30,2 cm Aufnahmeort: Rio de Janeiro Inventar-Nr.: LM-504206\"},{\"@type\":\"BreadcrumbList\",\"@id\":\"https:\\\/\\\/leonore-mau.de\\\/produkt\\\/ohne-titel-wasserski-vor-einem-militaerschiff-an-der-copacabana\\\/#breadcrumb\",\"itemListElement\":[{\"@type\":\"ListItem\",\"position\":1,\"name\":\"Startseite\",\"item\":\"https:\\\/\\\/leonore-mau.de\\\/en\\\/\"},{\"@type\":\"ListItem\",\"position\":2,\"name\":\"Shop\",\"item\":\"https:\\\/\\\/leonore-mau.de\\\/en\\\/shop-2\\\/\"},{\"@type\":\"ListItem\",\"position\":3,\"name\":\"Ohne Titel (Wasserski vor einem Milit\u00e4rschiff an der Copacabana)\"}]},{\"@type\":\"WebSite\",\"@id\":\"https:\\\/\\\/leonore-mau.de\\\/#website\",\"url\":\"https:\\\/\\\/leonore-mau.de\\\/\",\"name\":\"Leonore Mau\",\"description\":\"Fotografin\",\"potentialAction\":[{\"@type\":\"SearchAction\",\"target\":{\"@type\":\"EntryPoint\",\"urlTemplate\":\"https:\\\/\\\/leonore-mau.de\\\/?s={search_term_string}\"},\"query-input\":{\"@type\":\"PropertyValueSpecification\",\"valueRequired\":true,\"valueName\":\"search_term_string\"}}],\"inLanguage\":\"en-US\"}]}<\/script>\n<!-- \/ Yoast SEO plugin. -->","yoast_head_json":{"title":"Ohne Titel (Wasserski vor einem Milit\u00e4rschiff an der Copacabana) - Leonore Mau","robots":{"index":"index","follow":"follow","max-snippet":"max-snippet:-1","max-image-preview":"max-image-preview:large","max-video-preview":"max-video-preview:-1"},"canonical":"https:\/\/leonore-mau.de\/produkt\/ohne-titel-wasserski-vor-einem-militaerschiff-an-der-copacabana\/","og_locale":"en_US","og_type":"article","og_title":"Ohne Titel (Wasserski vor einem Milit\u00e4rschiff an der Copacabana) - Leonore Mau","og_description":"Wasserski vor einem Milit\u00e4rschiff an der Copacabana Referenz: Hubert Fichte und Leonore Mau, Xango, S. Fischer Verlag, 1976 R\u00fcckseitenbeschriftung: &#8220;Capacabana 1969&#8221;","og_url":"https:\/\/leonore-mau.de\/produkt\/ohne-titel-wasserski-vor-einem-militaerschiff-an-der-copacabana\/","og_site_name":"Leonore Mau","article_modified_time":"2022-09-13T21:14:24+00:00","og_image":[{"width":1200,"height":803,"url":"https:\/\/leonore-mau.de\/wp-content\/uploads\/2022\/07\/70364084.jpg","type":"image\/jpeg"}],"twitter_card":"summary_large_image","schema":{"@context":"https:\/\/schema.org","@graph":[{"@type":"WebPage","@id":"https:\/\/leonore-mau.de\/produkt\/ohne-titel-wasserski-vor-einem-militaerschiff-an-der-copacabana\/","url":"https:\/\/leonore-mau.de\/produkt\/ohne-titel-wasserski-vor-einem-militaerschiff-an-der-copacabana\/","name":"Ohne Titel (Wasserski vor einem Milit\u00e4rschiff an der Copacabana) - Leonore Mau","isPartOf":{"@id":"https:\/\/leonore-mau.de\/#website"},"primaryImageOfPage":{"@id":"https:\/\/leonore-mau.de\/produkt\/ohne-titel-wasserski-vor-einem-militaerschiff-an-der-copacabana\/#primaryimage"},"image":{"@id":"https:\/\/leonore-mau.de\/produkt\/ohne-titel-wasserski-vor-einem-militaerschiff-an-der-copacabana\/#primaryimage"},"thumbnailUrl":"https:\/\/leonore-mau.de\/wp-content\/uploads\/2022\/07\/70364084.jpg","datePublished":"2022-07-14T20:23:06+00:00","dateModified":"2022-09-13T21:14:24+00:00","breadcrumb":{"@id":"https:\/\/leonore-mau.de\/produkt\/ohne-titel-wasserski-vor-einem-militaerschiff-an-der-copacabana\/#breadcrumb"},"inLanguage":"en-US","potentialAction":[{"@type":"ReadAction","target":["https:\/\/leonore-mau.de\/produkt\/ohne-titel-wasserski-vor-einem-militaerschiff-an-der-copacabana\/"]}]},{"@type":"ImageObject","inLanguage":"en-US","@id":"https:\/\/leonore-mau.de\/produkt\/ohne-titel-wasserski-vor-einem-militaerschiff-an-der-copacabana\/#primaryimage","url":"https:\/\/leonore-mau.de\/wp-content\/uploads\/2022\/07\/70364084.jpg","contentUrl":"https:\/\/leonore-mau.de\/wp-content\/uploads\/2022\/07\/70364084.jpg","width":1200,"height":803,"caption":"Wasserski vor einem Milit\u00e4rschiff an der Copacabana Referenz: Hubert Fichte und Leonore Mau, Xango, S. Fischer Verlag, 1976 R\u00fcckseitenbeschriftung: \"Capacabana 1969\" Aufnahmedatum: 1969 Material\/Technik: Foto \/ Silbergelatine auf Barytpapier Bildformat (Foto): 20,2 x 30,2 cm Aufnahmeort: Rio de Janeiro Inventar-Nr.: LM-504206"},{"@type":"BreadcrumbList","@id":"https:\/\/leonore-mau.de\/produkt\/ohne-titel-wasserski-vor-einem-militaerschiff-an-der-copacabana\/#breadcrumb","itemListElement":[{"@type":"ListItem","position":1,"name":"Startseite","item":"https:\/\/leonore-mau.de\/en\/"},{"@type":"ListItem","position":2,"name":"Shop","item":"https:\/\/leonore-mau.de\/en\/shop-2\/"},{"@type":"ListItem","position":3,"name":"Ohne Titel (Wasserski vor einem Milit\u00e4rschiff an der Copacabana)"}]},{"@type":"WebSite","@id":"https:\/\/leonore-mau.de\/#website","url":"https:\/\/leonore-mau.de\/","name":"Leonore Mau","description":"Fotografin","potentialAction":[{"@type":"SearchAction","target":{"@type":"EntryPoint","urlTemplate":"https:\/\/leonore-mau.de\/?s={search_term_string}"},"query-input":{"@type":"PropertyValueSpecification","valueRequired":true,"valueName":"search_term_string"}}],"inLanguage":"en-US"}]}},"_links":{"self":[{"href":"https:\/\/leonore-mau.de\/en\/wp-json\/wp\/v2\/product\/1756","targetHints":{"allow":["GET"]}}],"collection":[{"href":"https:\/\/leonore-mau.de\/en\/wp-json\/wp\/v2\/product"}],"about":[{"href":"https:\/\/leonore-mau.de\/en\/wp-json\/wp\/v2\/types\/product"}],"wp:featuredmedia":[{"embeddable":true,"href":"https:\/\/leonore-mau.de\/en\/wp-json\/wp\/v2\/media\/1559"}],"wp:attachment":[{"href":"https:\/\/leonore-mau.de\/en\/wp-json\/wp\/v2\/media?parent=1756"}],"wp:term":[{"taxonomy":"product_brand","embeddable":true,"href":"https:\/\/leonore-mau.de\/en\/wp-json\/wp\/v2\/product_brand?post=1756"},{"taxonomy":"product_cat","embeddable":true,"href":"https:\/\/leonore-mau.de\/en\/wp-json\/wp\/v2\/product_cat?post=1756"},{"taxonomy":"product_tag","embeddable":true,"href":"https:\/\/leonore-mau.de\/en\/wp-json\/wp\/v2\/product_tag?post=1756"}],"curies":[{"name":"wp","href":"https:\/\/api.w.org\/{rel}","templated":true}]}}