{"id":1759,"date":"2022-07-14T22:23:07","date_gmt":"2022-07-14T20:23:07","guid":{"rendered":"https:\/\/leonore-mau.de\/produkt\/ohne-titel-zerstoerte-skulpturen-im-aegyptisches-museum\/"},"modified":"2022-09-13T23:14:26","modified_gmt":"2022-09-13T21:14:26","slug":"ohne-titel-zerstoerte-skulpturen-im-aegyptisches-museum","status":"publish","type":"product","link":"https:\/\/leonore-mau.de\/en\/produkt\/ohne-titel-zerstoerte-skulpturen-im-aegyptisches-museum\/","title":{"rendered":"Ohne Titel (Zerst\u00f6rte Skulpturen im \u00c4gyptisches Museum)"},"content":{"rendered":"<p>Zerst\u00f6rte Skulpturen im \u00c4gyptischen Museum in Kairo w\u00e4hrend des Abnutzungskrieges (1968 &#8211; 1970). R\u00fcckseitenbeschriftung: &#8220;\u00c4gyptisches Museum Kairo, Nov. 6 1969 (Krieg)&#8221;<\/p>\n","protected":false},"excerpt":{"rendered":"<p>Zerst\u00f6rte Skulpturen im \u00c4gyptischen Museum in Kairo w\u00e4hrend des Abnutzungskrieges (1968 &#8211; 1970). R\u00fcckseitenbeschriftung: &#8220;\u00c4gyptisches Museum Kairo, Nov. 6 1969 (Krieg)&#8221;<\/p>\n","protected":false},"featured_media":1556,"template":"","meta":[],"product_brand":[],"product_cat":[17],"product_tag":[20,22,24,21,23,26,2094,2095,84,919,1451,43,44,1405,1406,3884,3885,3886,3887,56,57,3888,3889,2598,2599,2600,3890,3891,70,71,3267,1739,105,107,197,3892,93,92,94,91,74,3893,936,937,938,2952,3894,3895,3896,3897,3898,3899,106,108,1416,1419,3900,3907,3901,3902,3903,3904,3905,3906],"class_list":{"0":"post-1759","1":"product","2":"type-product","3":"status-publish","4":"has-post-thumbnail","6":"product_cat-unkategorisiert","7":"product_tag-1960er-jahre","8":"product_tag-20-jahrhundert-nach-chr","9":"product_tag-20-jh-n-chr","10":"product_tag-20-jahrhundert","11":"product_tag-20-jh","12":"product_tag-60er","13":"product_tag-aegypten","14":"product_tag-aegyptens","15":"product_tag-ausland","16":"product_tag-figur","17":"product_tag-figuren","18":"product_tag-fotografin","19":"product_tag-fotografinnen","20":"product_tag-fremdenverkehr","21":"product_tag-fremdenverkehrs","22":"product_tag-glasschrank","23":"product_tag-glasschraenke","24":"product_tag-glasvitrine","25":"product_tag-glasvitrinen","26":"product_tag-innenaufnahme","27":"product_tag-innenaufnahmen","28":"product_tag-krieg","29":"product_tag-kulturgut","30":"product_tag-museen","31":"product_tag-museum","32":"product_tag-museums","33":"product_tag-museumsobjekt","34":"product_tag-museumsobjekte","35":"product_tag-photographin","36":"product_tag-photographinnen","37":"product_tag-plastik","38":"product_tag-reise","39":"product_tag-s-w-fotografie","40":"product_tag-s-w-photographie","41":"product_tag-sand","42":"product_tag-schutz","43":"product_tag-schwarzweissphotographie","44":"product_tag-schwarz-weiss-fotografie","45":"product_tag-schwarz-weiss-photographie","46":"product_tag-schwarzweissfotografie","47":"product_tag-sechziger","48":"product_tag-sicherung","49":"product_tag-skulptur","50":"product_tag-skulpturen","51":"product_tag-statue","52":"product_tag-statuen","53":"product_tag-steinplastik","54":"product_tag-steinplastiken","55":"product_tag-steinskulptur","56":"product_tag-steinskulpturen","57":"product_tag-steintafel","58":"product_tag-steintafeln","59":"product_tag-sw-fotografie","60":"product_tag-sw-photographie","61":"product_tag-tourismus","62":"product_tag-touristik","63":"product_tag-v-chr","64":"product_tag-v-u-z","65":"product_tag-vitrine","66":"product_tag-vitrinen","67":"product_tag-vitrinenschrank","68":"product_tag-vitrinenschraenke","69":"product_tag-vor-christus","70":"product_tag-vor-unserer-zeitrechnung","72":"first","73":"instock","74":"shipping-taxable","75":"product-type-simple"},"yoast_head":"<!-- This site is optimized with the Yoast SEO plugin v27.3 - https:\/\/yoast.com\/product\/yoast-seo-wordpress\/ -->\n<title>Ohne Titel (Zerst\u00f6rte Skulpturen im \u00c4gyptisches Museum) - Leonore Mau<\/title>\n<meta name=\"robots\" content=\"index, follow, max-snippet:-1, max-image-preview:large, max-video-preview:-1\" \/>\n<link rel=\"canonical\" href=\"https:\/\/leonore-mau.de\/produkt\/ohne-titel-zerstoerte-skulpturen-im-aegyptisches-museum\/\" \/>\n<meta property=\"og:locale\" content=\"en_US\" \/>\n<meta property=\"og:type\" content=\"article\" \/>\n<meta property=\"og:title\" content=\"Ohne Titel (Zerst\u00f6rte Skulpturen im \u00c4gyptisches Museum) - Leonore Mau\" \/>\n<meta property=\"og:description\" content=\"Zerst\u00f6rte Skulpturen im \u00c4gyptischen Museum in Kairo w\u00e4hrend des Abnutzungskrieges (1968 &#8211; 1970). R\u00fcckseitenbeschriftung: &#8220;\u00c4gyptisches Museum Kairo, Nov. 6 1969 (Krieg)&#8221;\" \/>\n<meta property=\"og:url\" content=\"https:\/\/leonore-mau.de\/produkt\/ohne-titel-zerstoerte-skulpturen-im-aegyptisches-museum\/\" \/>\n<meta property=\"og:site_name\" content=\"Leonore Mau\" \/>\n<meta property=\"article:modified_time\" content=\"2022-09-13T21:14:26+00:00\" \/>\n<meta property=\"og:image\" content=\"https:\/\/leonore-mau.de\/wp-content\/uploads\/2022\/07\/70363738.jpg\" \/>\n\t<meta property=\"og:image:width\" content=\"1200\" \/>\n\t<meta property=\"og:image:height\" content=\"950\" \/>\n\t<meta property=\"og:image:type\" content=\"image\/jpeg\" \/>\n<meta name=\"twitter:card\" content=\"summary_large_image\" \/>\n<script type=\"application\/ld+json\" class=\"yoast-schema-graph\">{\"@context\":\"https:\\\/\\\/schema.org\",\"@graph\":[{\"@type\":\"WebPage\",\"@id\":\"https:\\\/\\\/leonore-mau.de\\\/produkt\\\/ohne-titel-zerstoerte-skulpturen-im-aegyptisches-museum\\\/\",\"url\":\"https:\\\/\\\/leonore-mau.de\\\/produkt\\\/ohne-titel-zerstoerte-skulpturen-im-aegyptisches-museum\\\/\",\"name\":\"Ohne Titel (Zerst\u00f6rte Skulpturen im \u00c4gyptisches Museum) - Leonore Mau\",\"isPartOf\":{\"@id\":\"https:\\\/\\\/leonore-mau.de\\\/#website\"},\"primaryImageOfPage\":{\"@id\":\"https:\\\/\\\/leonore-mau.de\\\/produkt\\\/ohne-titel-zerstoerte-skulpturen-im-aegyptisches-museum\\\/#primaryimage\"},\"image\":{\"@id\":\"https:\\\/\\\/leonore-mau.de\\\/produkt\\\/ohne-titel-zerstoerte-skulpturen-im-aegyptisches-museum\\\/#primaryimage\"},\"thumbnailUrl\":\"https:\\\/\\\/leonore-mau.de\\\/wp-content\\\/uploads\\\/2022\\\/07\\\/70363738.jpg\",\"datePublished\":\"2022-07-14T20:23:07+00:00\",\"dateModified\":\"2022-09-13T21:14:26+00:00\",\"breadcrumb\":{\"@id\":\"https:\\\/\\\/leonore-mau.de\\\/produkt\\\/ohne-titel-zerstoerte-skulpturen-im-aegyptisches-museum\\\/#breadcrumb\"},\"inLanguage\":\"en-US\",\"potentialAction\":[{\"@type\":\"ReadAction\",\"target\":[\"https:\\\/\\\/leonore-mau.de\\\/produkt\\\/ohne-titel-zerstoerte-skulpturen-im-aegyptisches-museum\\\/\"]}]},{\"@type\":\"ImageObject\",\"inLanguage\":\"en-US\",\"@id\":\"https:\\\/\\\/leonore-mau.de\\\/produkt\\\/ohne-titel-zerstoerte-skulpturen-im-aegyptisches-museum\\\/#primaryimage\",\"url\":\"https:\\\/\\\/leonore-mau.de\\\/wp-content\\\/uploads\\\/2022\\\/07\\\/70363738.jpg\",\"contentUrl\":\"https:\\\/\\\/leonore-mau.de\\\/wp-content\\\/uploads\\\/2022\\\/07\\\/70363738.jpg\",\"width\":1200,\"height\":950,\"caption\":\"Zerst\u00f6rte Skulpturen im \u00c4gyptischen Museum in Kairo w\u00e4hrend des Abnutzungskrieges (1968 - 1970). R\u00fcckseitenbeschriftung: \\\"\u00c4gyptisches Museum Kairo, Nov. 6 1969 (Krieg)\\\" Aufnahmedatum: 06.11.1969 Material\\\/Technik: Foto \\\/ Silbergelatine auf Barytpapier Bildformat (Foto): 19,8 x 24,8 cm Aufnahmeort: Kairo Inventar-Nr.: LM-504030\"},{\"@type\":\"BreadcrumbList\",\"@id\":\"https:\\\/\\\/leonore-mau.de\\\/produkt\\\/ohne-titel-zerstoerte-skulpturen-im-aegyptisches-museum\\\/#breadcrumb\",\"itemListElement\":[{\"@type\":\"ListItem\",\"position\":1,\"name\":\"Startseite\",\"item\":\"https:\\\/\\\/leonore-mau.de\\\/en\\\/\"},{\"@type\":\"ListItem\",\"position\":2,\"name\":\"Shop\",\"item\":\"https:\\\/\\\/leonore-mau.de\\\/en\\\/shop-2\\\/\"},{\"@type\":\"ListItem\",\"position\":3,\"name\":\"Ohne Titel (Zerst\u00f6rte Skulpturen im \u00c4gyptisches Museum)\"}]},{\"@type\":\"WebSite\",\"@id\":\"https:\\\/\\\/leonore-mau.de\\\/#website\",\"url\":\"https:\\\/\\\/leonore-mau.de\\\/\",\"name\":\"Leonore Mau\",\"description\":\"Fotografin\",\"potentialAction\":[{\"@type\":\"SearchAction\",\"target\":{\"@type\":\"EntryPoint\",\"urlTemplate\":\"https:\\\/\\\/leonore-mau.de\\\/?s={search_term_string}\"},\"query-input\":{\"@type\":\"PropertyValueSpecification\",\"valueRequired\":true,\"valueName\":\"search_term_string\"}}],\"inLanguage\":\"en-US\"}]}<\/script>\n<!-- \/ Yoast SEO plugin. -->","yoast_head_json":{"title":"Ohne Titel (Zerst\u00f6rte Skulpturen im \u00c4gyptisches Museum) - Leonore Mau","robots":{"index":"index","follow":"follow","max-snippet":"max-snippet:-1","max-image-preview":"max-image-preview:large","max-video-preview":"max-video-preview:-1"},"canonical":"https:\/\/leonore-mau.de\/produkt\/ohne-titel-zerstoerte-skulpturen-im-aegyptisches-museum\/","og_locale":"en_US","og_type":"article","og_title":"Ohne Titel (Zerst\u00f6rte Skulpturen im \u00c4gyptisches Museum) - Leonore Mau","og_description":"Zerst\u00f6rte Skulpturen im \u00c4gyptischen Museum in Kairo w\u00e4hrend des Abnutzungskrieges (1968 &#8211; 1970). R\u00fcckseitenbeschriftung: &#8220;\u00c4gyptisches Museum Kairo, Nov. 6 1969 (Krieg)&#8221;","og_url":"https:\/\/leonore-mau.de\/produkt\/ohne-titel-zerstoerte-skulpturen-im-aegyptisches-museum\/","og_site_name":"Leonore Mau","article_modified_time":"2022-09-13T21:14:26+00:00","og_image":[{"width":1200,"height":950,"url":"https:\/\/leonore-mau.de\/wp-content\/uploads\/2022\/07\/70363738.jpg","type":"image\/jpeg"}],"twitter_card":"summary_large_image","schema":{"@context":"https:\/\/schema.org","@graph":[{"@type":"WebPage","@id":"https:\/\/leonore-mau.de\/produkt\/ohne-titel-zerstoerte-skulpturen-im-aegyptisches-museum\/","url":"https:\/\/leonore-mau.de\/produkt\/ohne-titel-zerstoerte-skulpturen-im-aegyptisches-museum\/","name":"Ohne Titel (Zerst\u00f6rte Skulpturen im \u00c4gyptisches Museum) - Leonore Mau","isPartOf":{"@id":"https:\/\/leonore-mau.de\/#website"},"primaryImageOfPage":{"@id":"https:\/\/leonore-mau.de\/produkt\/ohne-titel-zerstoerte-skulpturen-im-aegyptisches-museum\/#primaryimage"},"image":{"@id":"https:\/\/leonore-mau.de\/produkt\/ohne-titel-zerstoerte-skulpturen-im-aegyptisches-museum\/#primaryimage"},"thumbnailUrl":"https:\/\/leonore-mau.de\/wp-content\/uploads\/2022\/07\/70363738.jpg","datePublished":"2022-07-14T20:23:07+00:00","dateModified":"2022-09-13T21:14:26+00:00","breadcrumb":{"@id":"https:\/\/leonore-mau.de\/produkt\/ohne-titel-zerstoerte-skulpturen-im-aegyptisches-museum\/#breadcrumb"},"inLanguage":"en-US","potentialAction":[{"@type":"ReadAction","target":["https:\/\/leonore-mau.de\/produkt\/ohne-titel-zerstoerte-skulpturen-im-aegyptisches-museum\/"]}]},{"@type":"ImageObject","inLanguage":"en-US","@id":"https:\/\/leonore-mau.de\/produkt\/ohne-titel-zerstoerte-skulpturen-im-aegyptisches-museum\/#primaryimage","url":"https:\/\/leonore-mau.de\/wp-content\/uploads\/2022\/07\/70363738.jpg","contentUrl":"https:\/\/leonore-mau.de\/wp-content\/uploads\/2022\/07\/70363738.jpg","width":1200,"height":950,"caption":"Zerst\u00f6rte Skulpturen im \u00c4gyptischen Museum in Kairo w\u00e4hrend des Abnutzungskrieges (1968 - 1970). R\u00fcckseitenbeschriftung: \"\u00c4gyptisches Museum Kairo, Nov. 6 1969 (Krieg)\" Aufnahmedatum: 06.11.1969 Material\/Technik: Foto \/ Silbergelatine auf Barytpapier Bildformat (Foto): 19,8 x 24,8 cm Aufnahmeort: Kairo Inventar-Nr.: LM-504030"},{"@type":"BreadcrumbList","@id":"https:\/\/leonore-mau.de\/produkt\/ohne-titel-zerstoerte-skulpturen-im-aegyptisches-museum\/#breadcrumb","itemListElement":[{"@type":"ListItem","position":1,"name":"Startseite","item":"https:\/\/leonore-mau.de\/en\/"},{"@type":"ListItem","position":2,"name":"Shop","item":"https:\/\/leonore-mau.de\/en\/shop-2\/"},{"@type":"ListItem","position":3,"name":"Ohne Titel (Zerst\u00f6rte Skulpturen im \u00c4gyptisches Museum)"}]},{"@type":"WebSite","@id":"https:\/\/leonore-mau.de\/#website","url":"https:\/\/leonore-mau.de\/","name":"Leonore Mau","description":"Fotografin","potentialAction":[{"@type":"SearchAction","target":{"@type":"EntryPoint","urlTemplate":"https:\/\/leonore-mau.de\/?s={search_term_string}"},"query-input":{"@type":"PropertyValueSpecification","valueRequired":true,"valueName":"search_term_string"}}],"inLanguage":"en-US"}]}},"_links":{"self":[{"href":"https:\/\/leonore-mau.de\/en\/wp-json\/wp\/v2\/product\/1759","targetHints":{"allow":["GET"]}}],"collection":[{"href":"https:\/\/leonore-mau.de\/en\/wp-json\/wp\/v2\/product"}],"about":[{"href":"https:\/\/leonore-mau.de\/en\/wp-json\/wp\/v2\/types\/product"}],"wp:featuredmedia":[{"embeddable":true,"href":"https:\/\/leonore-mau.de\/en\/wp-json\/wp\/v2\/media\/1556"}],"wp:attachment":[{"href":"https:\/\/leonore-mau.de\/en\/wp-json\/wp\/v2\/media?parent=1759"}],"wp:term":[{"taxonomy":"product_brand","embeddable":true,"href":"https:\/\/leonore-mau.de\/en\/wp-json\/wp\/v2\/product_brand?post=1759"},{"taxonomy":"product_cat","embeddable":true,"href":"https:\/\/leonore-mau.de\/en\/wp-json\/wp\/v2\/product_cat?post=1759"},{"taxonomy":"product_tag","embeddable":true,"href":"https:\/\/leonore-mau.de\/en\/wp-json\/wp\/v2\/product_tag?post=1759"}],"curies":[{"name":"wp","href":"https:\/\/api.w.org\/{rel}","templated":true}]}}