{"id":1773,"date":"2022-07-14T22:23:15","date_gmt":"2022-07-14T20:23:15","guid":{"rendered":"https:\/\/leonore-mau.de\/produkt\/friedhofsplastik\/"},"modified":"2022-09-13T23:14:33","modified_gmt":"2022-09-13T21:14:33","slug":"friedhofsplastik","status":"publish","type":"product","link":"https:\/\/leonore-mau.de\/en\/produkt\/friedhofsplastik\/","title":{"rendered":"Friedhofsplastik"},"content":{"rendered":"<p>Kind sitzend auf einer Friedhofsplastik, auf dem Scho\u00df der dargestellten Frau. &#8220;Die Figur machte ein Maurer aus Lom\u00e9.&#8221; Referenz: Ronald Kay, Die Kinder Herodots, S. Fischer Verlag GmbH, 2006 R\u00fcckseitenbeschriftung: &#8220;Friedhofsplastik (nahe Lom\u00e9\/ Togo)&#8221;<\/p>\n","protected":false},"excerpt":{"rendered":"<p>Kind sitzend auf einer Friedhofsplastik, auf dem Scho\u00df der dargestellten Frau. &#8220;Die Figur machte ein Maurer aus Lom\u00e9.&#8221; Referenz: Ronald Kay, Die Kinder Herodots, S. Fischer Verlag GmbH, 2006 R\u00fcckseitenbeschriftung: &#8220;Friedhofsplastik (nahe Lom\u00e9\/ Togo)&#8221;<\/p>\n","protected":false},"featured_media":1543,"template":"","meta":[],"product_brand":[],"product_cat":[17],"product_tag":[78,22,24,21,23,80,939,1109,1110,1111,1112,1113,940,84,171,172,1085,1086,1087,1088,1089,1090,1091,43,44,614,615,1373,1374,1375,1376,1377,1378,1379,181,182,183,184,185,186,187,1439,169,70,71,3267,1739,1385,1386,105,107,93,92,94,91,95,536,537,538,539,540,541,542,106,108,1661],"class_list":{"0":"post-1773","1":"product","2":"type-product","3":"status-publish","4":"has-post-thumbnail","6":"product_cat-unkategorisiert","7":"product_tag-1970er-jahre","8":"product_tag-20-jahrhundert-nach-chr","9":"product_tag-20-jh-n-chr","10":"product_tag-20-jahrhundert","11":"product_tag-20-jh","12":"product_tag-70er","13":"product_tag-afrika","14":"product_tag-afrikanisch","15":"product_tag-afrikanische","16":"product_tag-afrikanischen","17":"product_tag-afrikanischer","18":"product_tag-afrikanisches","19":"product_tag-afrikas","20":"product_tag-ausland","21":"product_tag-aussenaufnahme","22":"product_tag-aussenaufnahmen","23":"product_tag-barfuss","24":"product_tag-barfuessig","25":"product_tag-barfuessige","26":"product_tag-barfuessigen","27":"product_tag-barfuessiger","28":"product_tag-barfuessiges","29":"product_tag-barfuessigkeit","30":"product_tag-fotografin","31":"product_tag-fotografinnen","32":"product_tag-friedhof","33":"product_tag-friedhoefe","34":"product_tag-grab","35":"product_tag-grabanlage","36":"product_tag-grabanlagen","37":"product_tag-grabe","38":"product_tag-graeber","39":"product_tag-grabstaette","40":"product_tag-grabstaetten","41":"product_tag-halbakt","42":"product_tag-halbakte","43":"product_tag-halbnackt","44":"product_tag-halbnackte","45":"product_tag-halbnackten","46":"product_tag-halbnackter","47":"product_tag-halbnacktes","48":"product_tag-herodot","49":"product_tag-kind","50":"product_tag-photographin","51":"product_tag-photographinnen","52":"product_tag-plastik","53":"product_tag-reise","54":"product_tag-ruhestaette","55":"product_tag-ruhestaetten","56":"product_tag-s-w-fotografie","57":"product_tag-s-w-photographie","58":"product_tag-schwarzweissphotographie","59":"product_tag-schwarz-weiss-fotografie","60":"product_tag-schwarz-weiss-photographie","61":"product_tag-schwarzweissfotografie","62":"product_tag-siebziger","63":"product_tag-sitzen","64":"product_tag-sitzend","65":"product_tag-sitzende","66":"product_tag-sitzenden","67":"product_tag-sitzender","68":"product_tag-sitzendes","69":"product_tag-sitzt","70":"product_tag-sw-fotografie","71":"product_tag-sw-photographie","72":"product_tag-togo","74":"first","75":"instock","76":"shipping-taxable","77":"product-type-simple"},"yoast_head":"<!-- This site is optimized with the Yoast SEO plugin v27.4 - https:\/\/yoast.com\/product\/yoast-seo-wordpress\/ -->\n<title>Friedhofsplastik - Leonore Mau<\/title>\n<meta name=\"robots\" content=\"index, follow, max-snippet:-1, max-image-preview:large, max-video-preview:-1\" \/>\n<link rel=\"canonical\" href=\"https:\/\/leonore-mau.de\/produkt\/friedhofsplastik\/\" \/>\n<meta property=\"og:locale\" content=\"en_US\" \/>\n<meta property=\"og:type\" content=\"article\" \/>\n<meta property=\"og:title\" content=\"Friedhofsplastik - Leonore Mau\" \/>\n<meta property=\"og:description\" content=\"Kind sitzend auf einer Friedhofsplastik, auf dem Scho\u00df der dargestellten Frau. &#8220;Die Figur machte ein Maurer aus Lom\u00e9.&#8221; Referenz: Ronald Kay, Die Kinder Herodots, S. Fischer Verlag GmbH, 2006 R\u00fcckseitenbeschriftung: &#8220;Friedhofsplastik (nahe Lom\u00e9\/ Togo)&#8221;\" \/>\n<meta property=\"og:url\" content=\"https:\/\/leonore-mau.de\/produkt\/friedhofsplastik\/\" \/>\n<meta property=\"og:site_name\" content=\"Leonore Mau\" \/>\n<meta property=\"article:modified_time\" content=\"2022-09-13T21:14:33+00:00\" \/>\n<meta property=\"og:image\" content=\"https:\/\/leonore-mau.de\/wp-content\/uploads\/2022\/07\/70363598.jpg\" \/>\n\t<meta property=\"og:image:width\" content=\"896\" \/>\n\t<meta property=\"og:image:height\" content=\"1200\" \/>\n\t<meta property=\"og:image:type\" content=\"image\/jpeg\" \/>\n<meta name=\"twitter:card\" content=\"summary_large_image\" \/>\n<script type=\"application\/ld+json\" class=\"yoast-schema-graph\">{\"@context\":\"https:\\\/\\\/schema.org\",\"@graph\":[{\"@type\":\"WebPage\",\"@id\":\"https:\\\/\\\/leonore-mau.de\\\/produkt\\\/friedhofsplastik\\\/\",\"url\":\"https:\\\/\\\/leonore-mau.de\\\/produkt\\\/friedhofsplastik\\\/\",\"name\":\"Friedhofsplastik - Leonore Mau\",\"isPartOf\":{\"@id\":\"https:\\\/\\\/leonore-mau.de\\\/#website\"},\"primaryImageOfPage\":{\"@id\":\"https:\\\/\\\/leonore-mau.de\\\/produkt\\\/friedhofsplastik\\\/#primaryimage\"},\"image\":{\"@id\":\"https:\\\/\\\/leonore-mau.de\\\/produkt\\\/friedhofsplastik\\\/#primaryimage\"},\"thumbnailUrl\":\"https:\\\/\\\/leonore-mau.de\\\/wp-content\\\/uploads\\\/2022\\\/07\\\/70363598.jpg\",\"datePublished\":\"2022-07-14T20:23:15+00:00\",\"dateModified\":\"2022-09-13T21:14:33+00:00\",\"breadcrumb\":{\"@id\":\"https:\\\/\\\/leonore-mau.de\\\/produkt\\\/friedhofsplastik\\\/#breadcrumb\"},\"inLanguage\":\"en-US\",\"potentialAction\":[{\"@type\":\"ReadAction\",\"target\":[\"https:\\\/\\\/leonore-mau.de\\\/produkt\\\/friedhofsplastik\\\/\"]}]},{\"@type\":\"ImageObject\",\"inLanguage\":\"en-US\",\"@id\":\"https:\\\/\\\/leonore-mau.de\\\/produkt\\\/friedhofsplastik\\\/#primaryimage\",\"url\":\"https:\\\/\\\/leonore-mau.de\\\/wp-content\\\/uploads\\\/2022\\\/07\\\/70363598.jpg\",\"contentUrl\":\"https:\\\/\\\/leonore-mau.de\\\/wp-content\\\/uploads\\\/2022\\\/07\\\/70363598.jpg\",\"width\":896,\"height\":1200,\"caption\":\"Kind sitzend auf einer Friedhofsplastik, auf dem Scho\u00df der dargestellten Frau. \\\"Die Figur machte ein Maurer aus Lom\u00e9.\\\" Referenz: Ronald Kay, Die Kinder Herodots, S. Fischer Verlag GmbH, 2006 R\u00fcckseitenbeschriftung: \\\"Friedhofsplastik (nahe Lom\u00e9\\\/ Togo)\\\" Aufnahmedatum: 1975 - 1978 Material\\\/Technik: Foto \\\/ Silbergelatine auf Barytpapier Bildformat (Foto): 29,8 x 40,0 cm Aufnahmeort: N\u00e4he Lom\u00e9 Inventar-Nr.: LM-501434\"},{\"@type\":\"BreadcrumbList\",\"@id\":\"https:\\\/\\\/leonore-mau.de\\\/produkt\\\/friedhofsplastik\\\/#breadcrumb\",\"itemListElement\":[{\"@type\":\"ListItem\",\"position\":1,\"name\":\"Startseite\",\"item\":\"https:\\\/\\\/leonore-mau.de\\\/en\\\/\"},{\"@type\":\"ListItem\",\"position\":2,\"name\":\"Shop\",\"item\":\"https:\\\/\\\/leonore-mau.de\\\/en\\\/shop-2\\\/\"},{\"@type\":\"ListItem\",\"position\":3,\"name\":\"Friedhofsplastik\"}]},{\"@type\":\"WebSite\",\"@id\":\"https:\\\/\\\/leonore-mau.de\\\/#website\",\"url\":\"https:\\\/\\\/leonore-mau.de\\\/\",\"name\":\"Leonore Mau\",\"description\":\"Fotografin\",\"potentialAction\":[{\"@type\":\"SearchAction\",\"target\":{\"@type\":\"EntryPoint\",\"urlTemplate\":\"https:\\\/\\\/leonore-mau.de\\\/?s={search_term_string}\"},\"query-input\":{\"@type\":\"PropertyValueSpecification\",\"valueRequired\":true,\"valueName\":\"search_term_string\"}}],\"inLanguage\":\"en-US\"}]}<\/script>\n<!-- \/ Yoast SEO plugin. -->","yoast_head_json":{"title":"Friedhofsplastik - Leonore Mau","robots":{"index":"index","follow":"follow","max-snippet":"max-snippet:-1","max-image-preview":"max-image-preview:large","max-video-preview":"max-video-preview:-1"},"canonical":"https:\/\/leonore-mau.de\/produkt\/friedhofsplastik\/","og_locale":"en_US","og_type":"article","og_title":"Friedhofsplastik - Leonore Mau","og_description":"Kind sitzend auf einer Friedhofsplastik, auf dem Scho\u00df der dargestellten Frau. &#8220;Die Figur machte ein Maurer aus Lom\u00e9.&#8221; Referenz: Ronald Kay, Die Kinder Herodots, S. Fischer Verlag GmbH, 2006 R\u00fcckseitenbeschriftung: &#8220;Friedhofsplastik (nahe Lom\u00e9\/ Togo)&#8221;","og_url":"https:\/\/leonore-mau.de\/produkt\/friedhofsplastik\/","og_site_name":"Leonore Mau","article_modified_time":"2022-09-13T21:14:33+00:00","og_image":[{"width":896,"height":1200,"url":"https:\/\/leonore-mau.de\/wp-content\/uploads\/2022\/07\/70363598.jpg","type":"image\/jpeg"}],"twitter_card":"summary_large_image","schema":{"@context":"https:\/\/schema.org","@graph":[{"@type":"WebPage","@id":"https:\/\/leonore-mau.de\/produkt\/friedhofsplastik\/","url":"https:\/\/leonore-mau.de\/produkt\/friedhofsplastik\/","name":"Friedhofsplastik - Leonore Mau","isPartOf":{"@id":"https:\/\/leonore-mau.de\/#website"},"primaryImageOfPage":{"@id":"https:\/\/leonore-mau.de\/produkt\/friedhofsplastik\/#primaryimage"},"image":{"@id":"https:\/\/leonore-mau.de\/produkt\/friedhofsplastik\/#primaryimage"},"thumbnailUrl":"https:\/\/leonore-mau.de\/wp-content\/uploads\/2022\/07\/70363598.jpg","datePublished":"2022-07-14T20:23:15+00:00","dateModified":"2022-09-13T21:14:33+00:00","breadcrumb":{"@id":"https:\/\/leonore-mau.de\/produkt\/friedhofsplastik\/#breadcrumb"},"inLanguage":"en-US","potentialAction":[{"@type":"ReadAction","target":["https:\/\/leonore-mau.de\/produkt\/friedhofsplastik\/"]}]},{"@type":"ImageObject","inLanguage":"en-US","@id":"https:\/\/leonore-mau.de\/produkt\/friedhofsplastik\/#primaryimage","url":"https:\/\/leonore-mau.de\/wp-content\/uploads\/2022\/07\/70363598.jpg","contentUrl":"https:\/\/leonore-mau.de\/wp-content\/uploads\/2022\/07\/70363598.jpg","width":896,"height":1200,"caption":"Kind sitzend auf einer Friedhofsplastik, auf dem Scho\u00df der dargestellten Frau. \"Die Figur machte ein Maurer aus Lom\u00e9.\" Referenz: Ronald Kay, Die Kinder Herodots, S. Fischer Verlag GmbH, 2006 R\u00fcckseitenbeschriftung: \"Friedhofsplastik (nahe Lom\u00e9\/ Togo)\" Aufnahmedatum: 1975 - 1978 Material\/Technik: Foto \/ Silbergelatine auf Barytpapier Bildformat (Foto): 29,8 x 40,0 cm Aufnahmeort: N\u00e4he Lom\u00e9 Inventar-Nr.: LM-501434"},{"@type":"BreadcrumbList","@id":"https:\/\/leonore-mau.de\/produkt\/friedhofsplastik\/#breadcrumb","itemListElement":[{"@type":"ListItem","position":1,"name":"Startseite","item":"https:\/\/leonore-mau.de\/en\/"},{"@type":"ListItem","position":2,"name":"Shop","item":"https:\/\/leonore-mau.de\/en\/shop-2\/"},{"@type":"ListItem","position":3,"name":"Friedhofsplastik"}]},{"@type":"WebSite","@id":"https:\/\/leonore-mau.de\/#website","url":"https:\/\/leonore-mau.de\/","name":"Leonore Mau","description":"Fotografin","potentialAction":[{"@type":"SearchAction","target":{"@type":"EntryPoint","urlTemplate":"https:\/\/leonore-mau.de\/?s={search_term_string}"},"query-input":{"@type":"PropertyValueSpecification","valueRequired":true,"valueName":"search_term_string"}}],"inLanguage":"en-US"}]}},"_links":{"self":[{"href":"https:\/\/leonore-mau.de\/en\/wp-json\/wp\/v2\/product\/1773","targetHints":{"allow":["GET"]}}],"collection":[{"href":"https:\/\/leonore-mau.de\/en\/wp-json\/wp\/v2\/product"}],"about":[{"href":"https:\/\/leonore-mau.de\/en\/wp-json\/wp\/v2\/types\/product"}],"wp:featuredmedia":[{"embeddable":true,"href":"https:\/\/leonore-mau.de\/en\/wp-json\/wp\/v2\/media\/1543"}],"wp:attachment":[{"href":"https:\/\/leonore-mau.de\/en\/wp-json\/wp\/v2\/media?parent=1773"}],"wp:term":[{"taxonomy":"product_brand","embeddable":true,"href":"https:\/\/leonore-mau.de\/en\/wp-json\/wp\/v2\/product_brand?post=1773"},{"taxonomy":"product_cat","embeddable":true,"href":"https:\/\/leonore-mau.de\/en\/wp-json\/wp\/v2\/product_cat?post=1773"},{"taxonomy":"product_tag","embeddable":true,"href":"https:\/\/leonore-mau.de\/en\/wp-json\/wp\/v2\/product_tag?post=1773"}],"curies":[{"name":"wp","href":"https:\/\/api.w.org\/{rel}","templated":true}]}}