{"id":1803,"date":"2022-07-14T22:23:32","date_gmt":"2022-07-14T20:23:32","guid":{"rendered":"https:\/\/leonore-mau.de\/produkt\/ohne-titel-rudolf-hausner-vor-seinem-bildnis-des-traurigen-europaeers\/"},"modified":"2022-09-13T23:14:54","modified_gmt":"2022-09-13T21:14:54","slug":"ohne-titel-rudolf-hausner-vor-seinem-bildnis-des-traurigen-europaeers","status":"publish","type":"product","link":"https:\/\/leonore-mau.de\/en\/produkt\/ohne-titel-rudolf-hausner-vor-seinem-bildnis-des-traurigen-europaeers\/","title":{"rendered":"Ohne Titel (Rudolf Hausner vor seinem Bildnis des Traurigen Europ\u00e4ers)"},"content":{"rendered":"<p>Der Maler Rudolf Hausner vor seinem Bildnis des Traurigen Europ\u00e4ers. Referenz: Leonore Mau, Portr\u00e4ts, Brinkmann &#038; Bose, 2016 R\u00fcckseitenbeschriftung: &#8220;1968 Wien Prof Haussner Maler&#8221;<\/p>\n","protected":false},"excerpt":{"rendered":"<p>Der Maler Rudolf Hausner vor seinem Bildnis des Traurigen Europ\u00e4ers. Referenz: Leonore Mau, Portr\u00e4ts, Brinkmann &#038; Bose, 2016 R\u00fcckseitenbeschriftung: &#8220;1968 Wien Prof Haussner Maler&#8221;<\/p>\n","protected":false},"featured_media":1513,"template":"","meta":[],"product_brand":[],"product_cat":[17],"product_tag":[20,22,24,21,23,26,43,44,1886,1890,1891,1188,1189,1194,1195,1196,1197,1198,1734,1892,486,1893,1227,1228,1229,1230,1231,1232,1894,70,71,105,107,93,92,94,91,74,106,108],"class_list":{"0":"post-1803","1":"product","2":"type-product","3":"status-publish","4":"has-post-thumbnail","6":"product_cat-unkategorisiert","7":"product_tag-1960er-jahre","8":"product_tag-20-jahrhundert-nach-chr","9":"product_tag-20-jh-n-chr","10":"product_tag-20-jahrhundert","11":"product_tag-20-jh","12":"product_tag-60er","13":"product_tag-fotografin","14":"product_tag-fotografinnen","15":"product_tag-gemaelde","16":"product_tag-gemaelden","17":"product_tag-gemaeldes","18":"product_tag-grafiker","19":"product_tag-graphiker","20":"product_tag-kuenstlerportrait","21":"product_tag-kuenstlerportraits","22":"product_tag-kuenstlerportraet","23":"product_tag-kuenstlerportraets","24":"product_tag-maler","25":"product_tag-malerei","26":"product_tag-malereien","27":"product_tag-mann","28":"product_tag-oesterreich","29":"product_tag-oesterreichisch","30":"product_tag-oesterreichische","31":"product_tag-oesterreichischem","32":"product_tag-oesterreichischen","33":"product_tag-oesterreichischer","34":"product_tag-oesterreichisches","35":"product_tag-oesterreichs","36":"product_tag-photographin","37":"product_tag-photographinnen","38":"product_tag-s-w-fotografie","39":"product_tag-s-w-photographie","40":"product_tag-schwarzweissphotographie","41":"product_tag-schwarz-weiss-fotografie","42":"product_tag-schwarz-weiss-photographie","43":"product_tag-schwarzweissfotografie","44":"product_tag-sechziger","45":"product_tag-sw-fotografie","46":"product_tag-sw-photographie","48":"first","49":"instock","50":"shipping-taxable","51":"product-type-simple"},"yoast_head":"<!-- This site is optimized with the Yoast SEO plugin v27.3 - https:\/\/yoast.com\/product\/yoast-seo-wordpress\/ -->\n<title>Ohne Titel (Rudolf Hausner vor seinem Bildnis des Traurigen Europ\u00e4ers) - Leonore Mau<\/title>\n<meta name=\"robots\" content=\"index, follow, max-snippet:-1, max-image-preview:large, max-video-preview:-1\" \/>\n<link rel=\"canonical\" href=\"https:\/\/leonore-mau.de\/produkt\/ohne-titel-rudolf-hausner-vor-seinem-bildnis-des-traurigen-europaeers\/\" \/>\n<meta property=\"og:locale\" content=\"en_US\" \/>\n<meta property=\"og:type\" content=\"article\" \/>\n<meta property=\"og:title\" content=\"Ohne Titel (Rudolf Hausner vor seinem Bildnis des Traurigen Europ\u00e4ers) - Leonore Mau\" \/>\n<meta property=\"og:description\" content=\"Der Maler Rudolf Hausner vor seinem Bildnis des Traurigen Europ\u00e4ers. Referenz: Leonore Mau, Portr\u00e4ts, Brinkmann &#038; Bose, 2016 R\u00fcckseitenbeschriftung: &#8220;1968 Wien Prof Haussner Maler&#8221;\" \/>\n<meta property=\"og:url\" content=\"https:\/\/leonore-mau.de\/produkt\/ohne-titel-rudolf-hausner-vor-seinem-bildnis-des-traurigen-europaeers\/\" \/>\n<meta property=\"og:site_name\" content=\"Leonore Mau\" \/>\n<meta property=\"article:modified_time\" content=\"2022-09-13T21:14:54+00:00\" \/>\n<meta property=\"og:image\" content=\"https:\/\/leonore-mau.de\/wp-content\/uploads\/2022\/07\/70353693.jpg\" \/>\n\t<meta property=\"og:image:width\" content=\"1200\" \/>\n\t<meta property=\"og:image:height\" content=\"1148\" \/>\n\t<meta property=\"og:image:type\" content=\"image\/jpeg\" \/>\n<meta name=\"twitter:card\" content=\"summary_large_image\" \/>\n<script type=\"application\/ld+json\" class=\"yoast-schema-graph\">{\"@context\":\"https:\\\/\\\/schema.org\",\"@graph\":[{\"@type\":\"WebPage\",\"@id\":\"https:\\\/\\\/leonore-mau.de\\\/produkt\\\/ohne-titel-rudolf-hausner-vor-seinem-bildnis-des-traurigen-europaeers\\\/\",\"url\":\"https:\\\/\\\/leonore-mau.de\\\/produkt\\\/ohne-titel-rudolf-hausner-vor-seinem-bildnis-des-traurigen-europaeers\\\/\",\"name\":\"Ohne Titel (Rudolf Hausner vor seinem Bildnis des Traurigen Europ\u00e4ers) - Leonore Mau\",\"isPartOf\":{\"@id\":\"https:\\\/\\\/leonore-mau.de\\\/#website\"},\"primaryImageOfPage\":{\"@id\":\"https:\\\/\\\/leonore-mau.de\\\/produkt\\\/ohne-titel-rudolf-hausner-vor-seinem-bildnis-des-traurigen-europaeers\\\/#primaryimage\"},\"image\":{\"@id\":\"https:\\\/\\\/leonore-mau.de\\\/produkt\\\/ohne-titel-rudolf-hausner-vor-seinem-bildnis-des-traurigen-europaeers\\\/#primaryimage\"},\"thumbnailUrl\":\"https:\\\/\\\/leonore-mau.de\\\/wp-content\\\/uploads\\\/2022\\\/07\\\/70353693.jpg\",\"datePublished\":\"2022-07-14T20:23:32+00:00\",\"dateModified\":\"2022-09-13T21:14:54+00:00\",\"breadcrumb\":{\"@id\":\"https:\\\/\\\/leonore-mau.de\\\/produkt\\\/ohne-titel-rudolf-hausner-vor-seinem-bildnis-des-traurigen-europaeers\\\/#breadcrumb\"},\"inLanguage\":\"en-US\",\"potentialAction\":[{\"@type\":\"ReadAction\",\"target\":[\"https:\\\/\\\/leonore-mau.de\\\/produkt\\\/ohne-titel-rudolf-hausner-vor-seinem-bildnis-des-traurigen-europaeers\\\/\"]}]},{\"@type\":\"ImageObject\",\"inLanguage\":\"en-US\",\"@id\":\"https:\\\/\\\/leonore-mau.de\\\/produkt\\\/ohne-titel-rudolf-hausner-vor-seinem-bildnis-des-traurigen-europaeers\\\/#primaryimage\",\"url\":\"https:\\\/\\\/leonore-mau.de\\\/wp-content\\\/uploads\\\/2022\\\/07\\\/70353693.jpg\",\"contentUrl\":\"https:\\\/\\\/leonore-mau.de\\\/wp-content\\\/uploads\\\/2022\\\/07\\\/70353693.jpg\",\"width\":1200,\"height\":1148,\"caption\":\"Der Maler Rudolf Hausner vor seinem Bildnis des Traurigen Europ\u00e4ers. Referenz: Leonore Mau, Portr\u00e4ts, Brinkmann &amp; Bose, 2016 R\u00fcckseitenbeschriftung: \\\"1968 Wien Prof Haussner Maler\\\" Aufnahmedatum: 1968 Material\\\/Technik: Foto \\\/ Silbergelatine auf Barytpapier Bildformat (Foto): 24,1 x 25,1 cm Aufnahmeort: Wien Inventar-Nr.: LM-500916\"},{\"@type\":\"BreadcrumbList\",\"@id\":\"https:\\\/\\\/leonore-mau.de\\\/produkt\\\/ohne-titel-rudolf-hausner-vor-seinem-bildnis-des-traurigen-europaeers\\\/#breadcrumb\",\"itemListElement\":[{\"@type\":\"ListItem\",\"position\":1,\"name\":\"Startseite\",\"item\":\"https:\\\/\\\/leonore-mau.de\\\/en\\\/\"},{\"@type\":\"ListItem\",\"position\":2,\"name\":\"Shop\",\"item\":\"https:\\\/\\\/leonore-mau.de\\\/en\\\/shop-2\\\/\"},{\"@type\":\"ListItem\",\"position\":3,\"name\":\"Ohne Titel (Rudolf Hausner vor seinem Bildnis des Traurigen Europ\u00e4ers)\"}]},{\"@type\":\"WebSite\",\"@id\":\"https:\\\/\\\/leonore-mau.de\\\/#website\",\"url\":\"https:\\\/\\\/leonore-mau.de\\\/\",\"name\":\"Leonore Mau\",\"description\":\"Fotografin\",\"potentialAction\":[{\"@type\":\"SearchAction\",\"target\":{\"@type\":\"EntryPoint\",\"urlTemplate\":\"https:\\\/\\\/leonore-mau.de\\\/?s={search_term_string}\"},\"query-input\":{\"@type\":\"PropertyValueSpecification\",\"valueRequired\":true,\"valueName\":\"search_term_string\"}}],\"inLanguage\":\"en-US\"}]}<\/script>\n<!-- \/ Yoast SEO plugin. -->","yoast_head_json":{"title":"Ohne Titel (Rudolf Hausner vor seinem Bildnis des Traurigen Europ\u00e4ers) - Leonore Mau","robots":{"index":"index","follow":"follow","max-snippet":"max-snippet:-1","max-image-preview":"max-image-preview:large","max-video-preview":"max-video-preview:-1"},"canonical":"https:\/\/leonore-mau.de\/produkt\/ohne-titel-rudolf-hausner-vor-seinem-bildnis-des-traurigen-europaeers\/","og_locale":"en_US","og_type":"article","og_title":"Ohne Titel (Rudolf Hausner vor seinem Bildnis des Traurigen Europ\u00e4ers) - Leonore Mau","og_description":"Der Maler Rudolf Hausner vor seinem Bildnis des Traurigen Europ\u00e4ers. Referenz: Leonore Mau, Portr\u00e4ts, Brinkmann &#038; Bose, 2016 R\u00fcckseitenbeschriftung: &#8220;1968 Wien Prof Haussner Maler&#8221;","og_url":"https:\/\/leonore-mau.de\/produkt\/ohne-titel-rudolf-hausner-vor-seinem-bildnis-des-traurigen-europaeers\/","og_site_name":"Leonore Mau","article_modified_time":"2022-09-13T21:14:54+00:00","og_image":[{"width":1200,"height":1148,"url":"https:\/\/leonore-mau.de\/wp-content\/uploads\/2022\/07\/70353693.jpg","type":"image\/jpeg"}],"twitter_card":"summary_large_image","schema":{"@context":"https:\/\/schema.org","@graph":[{"@type":"WebPage","@id":"https:\/\/leonore-mau.de\/produkt\/ohne-titel-rudolf-hausner-vor-seinem-bildnis-des-traurigen-europaeers\/","url":"https:\/\/leonore-mau.de\/produkt\/ohne-titel-rudolf-hausner-vor-seinem-bildnis-des-traurigen-europaeers\/","name":"Ohne Titel (Rudolf Hausner vor seinem Bildnis des Traurigen Europ\u00e4ers) - Leonore Mau","isPartOf":{"@id":"https:\/\/leonore-mau.de\/#website"},"primaryImageOfPage":{"@id":"https:\/\/leonore-mau.de\/produkt\/ohne-titel-rudolf-hausner-vor-seinem-bildnis-des-traurigen-europaeers\/#primaryimage"},"image":{"@id":"https:\/\/leonore-mau.de\/produkt\/ohne-titel-rudolf-hausner-vor-seinem-bildnis-des-traurigen-europaeers\/#primaryimage"},"thumbnailUrl":"https:\/\/leonore-mau.de\/wp-content\/uploads\/2022\/07\/70353693.jpg","datePublished":"2022-07-14T20:23:32+00:00","dateModified":"2022-09-13T21:14:54+00:00","breadcrumb":{"@id":"https:\/\/leonore-mau.de\/produkt\/ohne-titel-rudolf-hausner-vor-seinem-bildnis-des-traurigen-europaeers\/#breadcrumb"},"inLanguage":"en-US","potentialAction":[{"@type":"ReadAction","target":["https:\/\/leonore-mau.de\/produkt\/ohne-titel-rudolf-hausner-vor-seinem-bildnis-des-traurigen-europaeers\/"]}]},{"@type":"ImageObject","inLanguage":"en-US","@id":"https:\/\/leonore-mau.de\/produkt\/ohne-titel-rudolf-hausner-vor-seinem-bildnis-des-traurigen-europaeers\/#primaryimage","url":"https:\/\/leonore-mau.de\/wp-content\/uploads\/2022\/07\/70353693.jpg","contentUrl":"https:\/\/leonore-mau.de\/wp-content\/uploads\/2022\/07\/70353693.jpg","width":1200,"height":1148,"caption":"Der Maler Rudolf Hausner vor seinem Bildnis des Traurigen Europ\u00e4ers. Referenz: Leonore Mau, Portr\u00e4ts, Brinkmann &amp; Bose, 2016 R\u00fcckseitenbeschriftung: \"1968 Wien Prof Haussner Maler\" Aufnahmedatum: 1968 Material\/Technik: Foto \/ Silbergelatine auf Barytpapier Bildformat (Foto): 24,1 x 25,1 cm Aufnahmeort: Wien Inventar-Nr.: LM-500916"},{"@type":"BreadcrumbList","@id":"https:\/\/leonore-mau.de\/produkt\/ohne-titel-rudolf-hausner-vor-seinem-bildnis-des-traurigen-europaeers\/#breadcrumb","itemListElement":[{"@type":"ListItem","position":1,"name":"Startseite","item":"https:\/\/leonore-mau.de\/en\/"},{"@type":"ListItem","position":2,"name":"Shop","item":"https:\/\/leonore-mau.de\/en\/shop-2\/"},{"@type":"ListItem","position":3,"name":"Ohne Titel (Rudolf Hausner vor seinem Bildnis des Traurigen Europ\u00e4ers)"}]},{"@type":"WebSite","@id":"https:\/\/leonore-mau.de\/#website","url":"https:\/\/leonore-mau.de\/","name":"Leonore Mau","description":"Fotografin","potentialAction":[{"@type":"SearchAction","target":{"@type":"EntryPoint","urlTemplate":"https:\/\/leonore-mau.de\/?s={search_term_string}"},"query-input":{"@type":"PropertyValueSpecification","valueRequired":true,"valueName":"search_term_string"}}],"inLanguage":"en-US"}]}},"_links":{"self":[{"href":"https:\/\/leonore-mau.de\/en\/wp-json\/wp\/v2\/product\/1803","targetHints":{"allow":["GET"]}}],"collection":[{"href":"https:\/\/leonore-mau.de\/en\/wp-json\/wp\/v2\/product"}],"about":[{"href":"https:\/\/leonore-mau.de\/en\/wp-json\/wp\/v2\/types\/product"}],"wp:featuredmedia":[{"embeddable":true,"href":"https:\/\/leonore-mau.de\/en\/wp-json\/wp\/v2\/media\/1513"}],"wp:attachment":[{"href":"https:\/\/leonore-mau.de\/en\/wp-json\/wp\/v2\/media?parent=1803"}],"wp:term":[{"taxonomy":"product_brand","embeddable":true,"href":"https:\/\/leonore-mau.de\/en\/wp-json\/wp\/v2\/product_brand?post=1803"},{"taxonomy":"product_cat","embeddable":true,"href":"https:\/\/leonore-mau.de\/en\/wp-json\/wp\/v2\/product_cat?post=1803"},{"taxonomy":"product_tag","embeddable":true,"href":"https:\/\/leonore-mau.de\/en\/wp-json\/wp\/v2\/product_tag?post=1803"}],"curies":[{"name":"wp","href":"https:\/\/api.w.org\/{rel}","templated":true}]}}