{"id":1827,"date":"2022-07-14T22:23:48","date_gmt":"2022-07-14T20:23:48","guid":{"rendered":"https:\/\/leonore-mau.de\/produkt\/ohne-titel-hubert-fichte-mit-peter-ruehmkorf-in-einem-cafe\/"},"modified":"2022-09-13T23:15:12","modified_gmt":"2022-09-13T21:15:12","slug":"ohne-titel-hubert-fichte-mit-peter-ruehmkorf-in-einem-cafe","status":"publish","type":"product","link":"https:\/\/leonore-mau.de\/en\/produkt\/ohne-titel-hubert-fichte-mit-peter-ruehmkorf-in-einem-cafe\/","title":{"rendered":"Ohne Titel (Hubert Fichte mit Peter R\u00fchmkorf in einem Caf\u00e9)"},"content":{"rendered":"<p>Der Schriftsteller Hubert Fichte und Lyriker Peter R\u00fchmkorf betrachten Ex-Voti auf einem Caf\u00e9tisch.<\/p>\n","protected":false},"excerpt":{"rendered":"<p>Der Schriftsteller Hubert Fichte und Lyriker Peter R\u00fchmkorf betrachten Ex-Voti auf einem Caf\u00e9tisch.<\/p>\n","protected":false},"featured_media":1489,"template":"","meta":[],"product_brand":[],"product_cat":[17],"product_tag":[1307,1294,20,22,24,21,23,26,115,116,117,118,1221,1222,119,1303,1304,1322,43,44,1323,578,579,728,729,1305,1306,1308,560,703,704,1309,70,71,1310,403,1311,105,107,4012,4013,735,1233,93,92,94,91,74,582,583,106,108],"class_list":{"0":"post-1827","1":"product","2":"type-product","3":"status-publish","4":"has-post-thumbnail","6":"product_cat-unkategorisiert","7":"product_tag-lyng","8":"product_tag-1929-2008","9":"product_tag-1960er-jahre","10":"product_tag-20-jahrhundert-nach-chr","11":"product_tag-20-jh-n-chr","12":"product_tag-20-jahrhundert","13":"product_tag-20-jh","14":"product_tag-60er","15":"product_tag-auto","16":"product_tag-automobil","17":"product_tag-automobile","18":"product_tag-automobils","19":"product_tag-autor","20":"product_tag-autoren","21":"product_tag-autos","22":"product_tag-dichter","23":"product_tag-dichters","24":"product_tag-fichte","25":"product_tag-fotografin","26":"product_tag-fotografinnen","27":"product_tag-hubert-21-03-1935-08-03-1986","28":"product_tag-italien","29":"product_tag-italiens","30":"product_tag-krawatte","31":"product_tag-krawatten","32":"product_tag-leo-doletzki","33":"product_tag-leslie-meier","34":"product_tag-lyriker","35":"product_tag-maenner","36":"product_tag-persoenlichkeit","37":"product_tag-persoenlichkeiten","38":"product_tag-peter","39":"product_tag-photographin","40":"product_tag-photographinnen","41":"product_tag-poet","42":"product_tag-poster","43":"product_tag-ruehmkorf","44":"product_tag-s-w-fotografie","45":"product_tag-s-w-photographie","46":"product_tag-schiebermuetze","47":"product_tag-schiebermuetzen","48":"product_tag-schlips","49":"product_tag-schriftsteller","50":"product_tag-schwarzweissphotographie","51":"product_tag-schwarz-weiss-fotografie","52":"product_tag-schwarz-weiss-photographie","53":"product_tag-schwarzweissfotografie","54":"product_tag-sechziger","55":"product_tag-sonnenbrille","56":"product_tag-sonnenbrillen","57":"product_tag-sw-fotografie","58":"product_tag-sw-photographie","60":"first","61":"instock","62":"shipping-taxable","63":"product-type-simple"},"yoast_head":"<!-- This site is optimized with the Yoast SEO plugin v27.3 - https:\/\/yoast.com\/product\/yoast-seo-wordpress\/ -->\n<title>Ohne Titel (Hubert Fichte mit Peter R\u00fchmkorf in einem Caf\u00e9) - Leonore Mau<\/title>\n<meta name=\"robots\" content=\"index, follow, max-snippet:-1, max-image-preview:large, max-video-preview:-1\" \/>\n<link rel=\"canonical\" href=\"https:\/\/leonore-mau.de\/produkt\/ohne-titel-hubert-fichte-mit-peter-ruehmkorf-in-einem-cafe\/\" \/>\n<meta property=\"og:locale\" content=\"en_US\" \/>\n<meta property=\"og:type\" content=\"article\" \/>\n<meta property=\"og:title\" content=\"Ohne Titel (Hubert Fichte mit Peter R\u00fchmkorf in einem Caf\u00e9) - Leonore Mau\" \/>\n<meta property=\"og:description\" content=\"Der Schriftsteller Hubert Fichte und Lyriker Peter R\u00fchmkorf betrachten Ex-Voti auf einem Caf\u00e9tisch.\" \/>\n<meta property=\"og:url\" content=\"https:\/\/leonore-mau.de\/produkt\/ohne-titel-hubert-fichte-mit-peter-ruehmkorf-in-einem-cafe\/\" \/>\n<meta property=\"og:site_name\" content=\"Leonore Mau\" \/>\n<meta property=\"article:modified_time\" content=\"2022-09-13T21:15:12+00:00\" \/>\n<meta property=\"og:image\" content=\"https:\/\/leonore-mau.de\/wp-content\/uploads\/2022\/07\/70353644.jpg\" \/>\n\t<meta property=\"og:image:width\" content=\"1200\" \/>\n\t<meta property=\"og:image:height\" content=\"811\" \/>\n\t<meta property=\"og:image:type\" content=\"image\/jpeg\" \/>\n<meta name=\"twitter:card\" content=\"summary_large_image\" \/>\n<script type=\"application\/ld+json\" class=\"yoast-schema-graph\">{\"@context\":\"https:\\\/\\\/schema.org\",\"@graph\":[{\"@type\":\"WebPage\",\"@id\":\"https:\\\/\\\/leonore-mau.de\\\/produkt\\\/ohne-titel-hubert-fichte-mit-peter-ruehmkorf-in-einem-cafe\\\/\",\"url\":\"https:\\\/\\\/leonore-mau.de\\\/produkt\\\/ohne-titel-hubert-fichte-mit-peter-ruehmkorf-in-einem-cafe\\\/\",\"name\":\"Ohne Titel (Hubert Fichte mit Peter R\u00fchmkorf in einem Caf\u00e9) - Leonore Mau\",\"isPartOf\":{\"@id\":\"https:\\\/\\\/leonore-mau.de\\\/#website\"},\"primaryImageOfPage\":{\"@id\":\"https:\\\/\\\/leonore-mau.de\\\/produkt\\\/ohne-titel-hubert-fichte-mit-peter-ruehmkorf-in-einem-cafe\\\/#primaryimage\"},\"image\":{\"@id\":\"https:\\\/\\\/leonore-mau.de\\\/produkt\\\/ohne-titel-hubert-fichte-mit-peter-ruehmkorf-in-einem-cafe\\\/#primaryimage\"},\"thumbnailUrl\":\"https:\\\/\\\/leonore-mau.de\\\/wp-content\\\/uploads\\\/2022\\\/07\\\/70353644.jpg\",\"datePublished\":\"2022-07-14T20:23:48+00:00\",\"dateModified\":\"2022-09-13T21:15:12+00:00\",\"breadcrumb\":{\"@id\":\"https:\\\/\\\/leonore-mau.de\\\/produkt\\\/ohne-titel-hubert-fichte-mit-peter-ruehmkorf-in-einem-cafe\\\/#breadcrumb\"},\"inLanguage\":\"en-US\",\"potentialAction\":[{\"@type\":\"ReadAction\",\"target\":[\"https:\\\/\\\/leonore-mau.de\\\/produkt\\\/ohne-titel-hubert-fichte-mit-peter-ruehmkorf-in-einem-cafe\\\/\"]}]},{\"@type\":\"ImageObject\",\"inLanguage\":\"en-US\",\"@id\":\"https:\\\/\\\/leonore-mau.de\\\/produkt\\\/ohne-titel-hubert-fichte-mit-peter-ruehmkorf-in-einem-cafe\\\/#primaryimage\",\"url\":\"https:\\\/\\\/leonore-mau.de\\\/wp-content\\\/uploads\\\/2022\\\/07\\\/70353644.jpg\",\"contentUrl\":\"https:\\\/\\\/leonore-mau.de\\\/wp-content\\\/uploads\\\/2022\\\/07\\\/70353644.jpg\",\"width\":1200,\"height\":811,\"caption\":\"Der Schriftsteller Hubert Fichte und Lyriker Peter R\u00fchmkorf betrachten Ex-Voti auf einem Caf\u00e9tisch. Aufnahmedatum: 1967 Material\\\/Technik: Foto \\\/ Silbergelatine auf Barytpapier Bildformat (Foto): 23,9 x 29,8 cm Aufnahmeort: Rom Inventar-Nr.: LM-500331\"},{\"@type\":\"BreadcrumbList\",\"@id\":\"https:\\\/\\\/leonore-mau.de\\\/produkt\\\/ohne-titel-hubert-fichte-mit-peter-ruehmkorf-in-einem-cafe\\\/#breadcrumb\",\"itemListElement\":[{\"@type\":\"ListItem\",\"position\":1,\"name\":\"Startseite\",\"item\":\"https:\\\/\\\/leonore-mau.de\\\/en\\\/\"},{\"@type\":\"ListItem\",\"position\":2,\"name\":\"Shop\",\"item\":\"https:\\\/\\\/leonore-mau.de\\\/en\\\/shop-2\\\/\"},{\"@type\":\"ListItem\",\"position\":3,\"name\":\"Ohne Titel (Hubert Fichte mit Peter R\u00fchmkorf in einem Caf\u00e9)\"}]},{\"@type\":\"WebSite\",\"@id\":\"https:\\\/\\\/leonore-mau.de\\\/#website\",\"url\":\"https:\\\/\\\/leonore-mau.de\\\/\",\"name\":\"Leonore Mau\",\"description\":\"Fotografin\",\"potentialAction\":[{\"@type\":\"SearchAction\",\"target\":{\"@type\":\"EntryPoint\",\"urlTemplate\":\"https:\\\/\\\/leonore-mau.de\\\/?s={search_term_string}\"},\"query-input\":{\"@type\":\"PropertyValueSpecification\",\"valueRequired\":true,\"valueName\":\"search_term_string\"}}],\"inLanguage\":\"en-US\"}]}<\/script>\n<!-- \/ Yoast SEO plugin. -->","yoast_head_json":{"title":"Ohne Titel (Hubert Fichte mit Peter R\u00fchmkorf in einem Caf\u00e9) - Leonore Mau","robots":{"index":"index","follow":"follow","max-snippet":"max-snippet:-1","max-image-preview":"max-image-preview:large","max-video-preview":"max-video-preview:-1"},"canonical":"https:\/\/leonore-mau.de\/produkt\/ohne-titel-hubert-fichte-mit-peter-ruehmkorf-in-einem-cafe\/","og_locale":"en_US","og_type":"article","og_title":"Ohne Titel (Hubert Fichte mit Peter R\u00fchmkorf in einem Caf\u00e9) - Leonore Mau","og_description":"Der Schriftsteller Hubert Fichte und Lyriker Peter R\u00fchmkorf betrachten Ex-Voti auf einem Caf\u00e9tisch.","og_url":"https:\/\/leonore-mau.de\/produkt\/ohne-titel-hubert-fichte-mit-peter-ruehmkorf-in-einem-cafe\/","og_site_name":"Leonore Mau","article_modified_time":"2022-09-13T21:15:12+00:00","og_image":[{"width":1200,"height":811,"url":"https:\/\/leonore-mau.de\/wp-content\/uploads\/2022\/07\/70353644.jpg","type":"image\/jpeg"}],"twitter_card":"summary_large_image","schema":{"@context":"https:\/\/schema.org","@graph":[{"@type":"WebPage","@id":"https:\/\/leonore-mau.de\/produkt\/ohne-titel-hubert-fichte-mit-peter-ruehmkorf-in-einem-cafe\/","url":"https:\/\/leonore-mau.de\/produkt\/ohne-titel-hubert-fichte-mit-peter-ruehmkorf-in-einem-cafe\/","name":"Ohne Titel (Hubert Fichte mit Peter R\u00fchmkorf in einem Caf\u00e9) - Leonore Mau","isPartOf":{"@id":"https:\/\/leonore-mau.de\/#website"},"primaryImageOfPage":{"@id":"https:\/\/leonore-mau.de\/produkt\/ohne-titel-hubert-fichte-mit-peter-ruehmkorf-in-einem-cafe\/#primaryimage"},"image":{"@id":"https:\/\/leonore-mau.de\/produkt\/ohne-titel-hubert-fichte-mit-peter-ruehmkorf-in-einem-cafe\/#primaryimage"},"thumbnailUrl":"https:\/\/leonore-mau.de\/wp-content\/uploads\/2022\/07\/70353644.jpg","datePublished":"2022-07-14T20:23:48+00:00","dateModified":"2022-09-13T21:15:12+00:00","breadcrumb":{"@id":"https:\/\/leonore-mau.de\/produkt\/ohne-titel-hubert-fichte-mit-peter-ruehmkorf-in-einem-cafe\/#breadcrumb"},"inLanguage":"en-US","potentialAction":[{"@type":"ReadAction","target":["https:\/\/leonore-mau.de\/produkt\/ohne-titel-hubert-fichte-mit-peter-ruehmkorf-in-einem-cafe\/"]}]},{"@type":"ImageObject","inLanguage":"en-US","@id":"https:\/\/leonore-mau.de\/produkt\/ohne-titel-hubert-fichte-mit-peter-ruehmkorf-in-einem-cafe\/#primaryimage","url":"https:\/\/leonore-mau.de\/wp-content\/uploads\/2022\/07\/70353644.jpg","contentUrl":"https:\/\/leonore-mau.de\/wp-content\/uploads\/2022\/07\/70353644.jpg","width":1200,"height":811,"caption":"Der Schriftsteller Hubert Fichte und Lyriker Peter R\u00fchmkorf betrachten Ex-Voti auf einem Caf\u00e9tisch. Aufnahmedatum: 1967 Material\/Technik: Foto \/ Silbergelatine auf Barytpapier Bildformat (Foto): 23,9 x 29,8 cm Aufnahmeort: Rom Inventar-Nr.: LM-500331"},{"@type":"BreadcrumbList","@id":"https:\/\/leonore-mau.de\/produkt\/ohne-titel-hubert-fichte-mit-peter-ruehmkorf-in-einem-cafe\/#breadcrumb","itemListElement":[{"@type":"ListItem","position":1,"name":"Startseite","item":"https:\/\/leonore-mau.de\/en\/"},{"@type":"ListItem","position":2,"name":"Shop","item":"https:\/\/leonore-mau.de\/en\/shop-2\/"},{"@type":"ListItem","position":3,"name":"Ohne Titel (Hubert Fichte mit Peter R\u00fchmkorf in einem Caf\u00e9)"}]},{"@type":"WebSite","@id":"https:\/\/leonore-mau.de\/#website","url":"https:\/\/leonore-mau.de\/","name":"Leonore Mau","description":"Fotografin","potentialAction":[{"@type":"SearchAction","target":{"@type":"EntryPoint","urlTemplate":"https:\/\/leonore-mau.de\/?s={search_term_string}"},"query-input":{"@type":"PropertyValueSpecification","valueRequired":true,"valueName":"search_term_string"}}],"inLanguage":"en-US"}]}},"_links":{"self":[{"href":"https:\/\/leonore-mau.de\/en\/wp-json\/wp\/v2\/product\/1827","targetHints":{"allow":["GET"]}}],"collection":[{"href":"https:\/\/leonore-mau.de\/en\/wp-json\/wp\/v2\/product"}],"about":[{"href":"https:\/\/leonore-mau.de\/en\/wp-json\/wp\/v2\/types\/product"}],"wp:featuredmedia":[{"embeddable":true,"href":"https:\/\/leonore-mau.de\/en\/wp-json\/wp\/v2\/media\/1489"}],"wp:attachment":[{"href":"https:\/\/leonore-mau.de\/en\/wp-json\/wp\/v2\/media?parent=1827"}],"wp:term":[{"taxonomy":"product_brand","embeddable":true,"href":"https:\/\/leonore-mau.de\/en\/wp-json\/wp\/v2\/product_brand?post=1827"},{"taxonomy":"product_cat","embeddable":true,"href":"https:\/\/leonore-mau.de\/en\/wp-json\/wp\/v2\/product_cat?post=1827"},{"taxonomy":"product_tag","embeddable":true,"href":"https:\/\/leonore-mau.de\/en\/wp-json\/wp\/v2\/product_tag?post=1827"}],"curies":[{"name":"wp","href":"https:\/\/api.w.org\/{rel}","templated":true}]}}