{"id":1829,"date":"2022-07-14T22:23:50","date_gmt":"2022-07-14T20:23:50","guid":{"rendered":"https:\/\/leonore-mau.de\/produkt\/ohne-titel-salvador-allende-bei-einer-pressekonferenz-im-palast-la-moneda\/"},"modified":"2022-09-13T23:15:12","modified_gmt":"2022-09-13T21:15:12","slug":"ohne-titel-salvador-allende-bei-einer-pressekonferenz-im-palast-la-moneda","status":"publish","type":"product","link":"https:\/\/leonore-mau.de\/en\/produkt\/ohne-titel-salvador-allende-bei-einer-pressekonferenz-im-palast-la-moneda\/","title":{"rendered":"Ohne Titel (Salvador Allende bei einer Pressekonferenz im Palast La Moneda)"},"content":{"rendered":"<p>Der chilenische Pr\u00e4sident Salvador Allende bei einer Pressekonferenz im Palast La Moneda. Referenz: Leonore Mau, Portr\u00e4ts, Brinkmann &#038; Bose, 2016 R\u00fcckseitenbeschriftung: &#8220;CHILE Allendes Pressekonferenz in der &#8220;Moneda&#8221;&#8221;<\/p>\n","protected":false},"excerpt":{"rendered":"<p>Der chilenische Pr\u00e4sident Salvador Allende bei einer Pressekonferenz im Palast La Moneda. Referenz: Leonore Mau, Portr\u00e4ts, Brinkmann &#038; Bose, 2016 R\u00fcckseitenbeschriftung: &#8220;CHILE Allendes Pressekonferenz in der &#8220;Moneda&#8221;&#8221;<\/p>\n","protected":false},"featured_media":1487,"template":"","meta":[],"product_brand":[],"product_cat":[17],"product_tag":[393,78,22,24,21,23,80,394,84,389,1793,1794,1795,1796,1797,1798,43,44,1758,4096,4097,4101,4102,4103,4104,70,71,1733,1766,4105,105,107,1399,404,405,93,92,94,91,95,163,164,106,108],"class_list":{"0":"post-1829","1":"product","2":"type-product","3":"status-publish","4":"has-post-thumbnail","6":"product_cat-unkategorisiert","7":"product_tag-26-06-1908-11-09-1973","8":"product_tag-1970er-jahre","9":"product_tag-20-jahrhundert-nach-chr","10":"product_tag-20-jh-n-chr","11":"product_tag-20-jahrhundert","12":"product_tag-20-jh","13":"product_tag-70er","14":"product_tag-allende","15":"product_tag-ausland","16":"product_tag-chile","17":"product_tag-chilenisch","18":"product_tag-chilenische","19":"product_tag-chilenischem","20":"product_tag-chilenischen","21":"product_tag-chilenischer","22":"product_tag-chilenisches","23":"product_tag-fotografin","24":"product_tag-fotografinnen","25":"product_tag-interview","26":"product_tag-mikrofon","27":"product_tag-mikrophon","28":"product_tag-nationalfahne","29":"product_tag-nationalfahnen","30":"product_tag-nationalflagge","31":"product_tag-nationalflaggen","32":"product_tag-photographin","33":"product_tag-photographinnen","34":"product_tag-politik","35":"product_tag-praesident","36":"product_tag-presse","37":"product_tag-s-w-fotografie","38":"product_tag-s-w-photographie","39":"product_tag-saal","40":"product_tag-salvador","41":"product_tag-salvador-guillermo-allende-gossens","42":"product_tag-schwarzweissphotographie","43":"product_tag-schwarz-weiss-fotografie","44":"product_tag-schwarz-weiss-photographie","45":"product_tag-schwarzweissfotografie","46":"product_tag-siebziger","47":"product_tag-suedamerika","48":"product_tag-suedamerikas","49":"product_tag-sw-fotografie","50":"product_tag-sw-photographie","52":"first","53":"instock","54":"shipping-taxable","55":"product-type-simple"},"yoast_head":"<!-- This site is optimized with the Yoast SEO plugin v27.3 - https:\/\/yoast.com\/product\/yoast-seo-wordpress\/ -->\n<title>Ohne Titel (Salvador Allende bei einer Pressekonferenz im Palast La Moneda) - Leonore Mau<\/title>\n<meta name=\"robots\" content=\"index, follow, max-snippet:-1, max-image-preview:large, max-video-preview:-1\" \/>\n<link rel=\"canonical\" href=\"https:\/\/leonore-mau.de\/produkt\/ohne-titel-salvador-allende-bei-einer-pressekonferenz-im-palast-la-moneda\/\" \/>\n<meta property=\"og:locale\" content=\"en_US\" \/>\n<meta property=\"og:type\" content=\"article\" \/>\n<meta property=\"og:title\" content=\"Ohne Titel (Salvador Allende bei einer Pressekonferenz im Palast La Moneda) - Leonore Mau\" \/>\n<meta property=\"og:description\" content=\"Der chilenische Pr\u00e4sident Salvador Allende bei einer Pressekonferenz im Palast La Moneda. Referenz: Leonore Mau, Portr\u00e4ts, Brinkmann &#038; Bose, 2016 R\u00fcckseitenbeschriftung: &#8220;CHILE Allendes Pressekonferenz in der &#8220;Moneda&#8221;&#8221;\" \/>\n<meta property=\"og:url\" content=\"https:\/\/leonore-mau.de\/produkt\/ohne-titel-salvador-allende-bei-einer-pressekonferenz-im-palast-la-moneda\/\" \/>\n<meta property=\"og:site_name\" content=\"Leonore Mau\" \/>\n<meta property=\"article:modified_time\" content=\"2022-09-13T21:15:12+00:00\" \/>\n<meta property=\"og:image\" content=\"https:\/\/leonore-mau.de\/wp-content\/uploads\/2022\/07\/70353638.jpg\" \/>\n\t<meta property=\"og:image:width\" content=\"1200\" \/>\n\t<meta property=\"og:image:height\" content=\"959\" \/>\n\t<meta property=\"og:image:type\" content=\"image\/jpeg\" \/>\n<meta name=\"twitter:card\" content=\"summary_large_image\" \/>\n<script type=\"application\/ld+json\" class=\"yoast-schema-graph\">{\"@context\":\"https:\\\/\\\/schema.org\",\"@graph\":[{\"@type\":\"WebPage\",\"@id\":\"https:\\\/\\\/leonore-mau.de\\\/produkt\\\/ohne-titel-salvador-allende-bei-einer-pressekonferenz-im-palast-la-moneda\\\/\",\"url\":\"https:\\\/\\\/leonore-mau.de\\\/produkt\\\/ohne-titel-salvador-allende-bei-einer-pressekonferenz-im-palast-la-moneda\\\/\",\"name\":\"Ohne Titel (Salvador Allende bei einer Pressekonferenz im Palast La Moneda) - Leonore Mau\",\"isPartOf\":{\"@id\":\"https:\\\/\\\/leonore-mau.de\\\/#website\"},\"primaryImageOfPage\":{\"@id\":\"https:\\\/\\\/leonore-mau.de\\\/produkt\\\/ohne-titel-salvador-allende-bei-einer-pressekonferenz-im-palast-la-moneda\\\/#primaryimage\"},\"image\":{\"@id\":\"https:\\\/\\\/leonore-mau.de\\\/produkt\\\/ohne-titel-salvador-allende-bei-einer-pressekonferenz-im-palast-la-moneda\\\/#primaryimage\"},\"thumbnailUrl\":\"https:\\\/\\\/leonore-mau.de\\\/wp-content\\\/uploads\\\/2022\\\/07\\\/70353638.jpg\",\"datePublished\":\"2022-07-14T20:23:50+00:00\",\"dateModified\":\"2022-09-13T21:15:12+00:00\",\"breadcrumb\":{\"@id\":\"https:\\\/\\\/leonore-mau.de\\\/produkt\\\/ohne-titel-salvador-allende-bei-einer-pressekonferenz-im-palast-la-moneda\\\/#breadcrumb\"},\"inLanguage\":\"en-US\",\"potentialAction\":[{\"@type\":\"ReadAction\",\"target\":[\"https:\\\/\\\/leonore-mau.de\\\/produkt\\\/ohne-titel-salvador-allende-bei-einer-pressekonferenz-im-palast-la-moneda\\\/\"]}]},{\"@type\":\"ImageObject\",\"inLanguage\":\"en-US\",\"@id\":\"https:\\\/\\\/leonore-mau.de\\\/produkt\\\/ohne-titel-salvador-allende-bei-einer-pressekonferenz-im-palast-la-moneda\\\/#primaryimage\",\"url\":\"https:\\\/\\\/leonore-mau.de\\\/wp-content\\\/uploads\\\/2022\\\/07\\\/70353638.jpg\",\"contentUrl\":\"https:\\\/\\\/leonore-mau.de\\\/wp-content\\\/uploads\\\/2022\\\/07\\\/70353638.jpg\",\"width\":1200,\"height\":959,\"caption\":\"Der chilenische Pr\u00e4sident Salvador Allende bei einer Pressekonferenz im Palast La Moneda. Referenz: Leonore Mau, Portr\u00e4ts, Brinkmann &amp; Bose, 2016 R\u00fcckseitenbeschriftung: \\\"CHILE Allendes Pressekonferenz in der \\\"Moneda\\\"\\\" Aufnahmedatum: Juli 1971 Material\\\/Technik: Foto \\\/ Silbergelatine auf Barytpapier Bildformat (Foto): 23,4 x 29,4 cm Aufnahmeort: Santiago de Chile Inventar-Nr.: LM-500781\"},{\"@type\":\"BreadcrumbList\",\"@id\":\"https:\\\/\\\/leonore-mau.de\\\/produkt\\\/ohne-titel-salvador-allende-bei-einer-pressekonferenz-im-palast-la-moneda\\\/#breadcrumb\",\"itemListElement\":[{\"@type\":\"ListItem\",\"position\":1,\"name\":\"Startseite\",\"item\":\"https:\\\/\\\/leonore-mau.de\\\/en\\\/\"},{\"@type\":\"ListItem\",\"position\":2,\"name\":\"Shop\",\"item\":\"https:\\\/\\\/leonore-mau.de\\\/en\\\/shop-2\\\/\"},{\"@type\":\"ListItem\",\"position\":3,\"name\":\"Ohne Titel (Salvador Allende bei einer Pressekonferenz im Palast La Moneda)\"}]},{\"@type\":\"WebSite\",\"@id\":\"https:\\\/\\\/leonore-mau.de\\\/#website\",\"url\":\"https:\\\/\\\/leonore-mau.de\\\/\",\"name\":\"Leonore Mau\",\"description\":\"Fotografin\",\"potentialAction\":[{\"@type\":\"SearchAction\",\"target\":{\"@type\":\"EntryPoint\",\"urlTemplate\":\"https:\\\/\\\/leonore-mau.de\\\/?s={search_term_string}\"},\"query-input\":{\"@type\":\"PropertyValueSpecification\",\"valueRequired\":true,\"valueName\":\"search_term_string\"}}],\"inLanguage\":\"en-US\"}]}<\/script>\n<!-- \/ Yoast SEO plugin. -->","yoast_head_json":{"title":"Ohne Titel (Salvador Allende bei einer Pressekonferenz im Palast La Moneda) - Leonore Mau","robots":{"index":"index","follow":"follow","max-snippet":"max-snippet:-1","max-image-preview":"max-image-preview:large","max-video-preview":"max-video-preview:-1"},"canonical":"https:\/\/leonore-mau.de\/produkt\/ohne-titel-salvador-allende-bei-einer-pressekonferenz-im-palast-la-moneda\/","og_locale":"en_US","og_type":"article","og_title":"Ohne Titel (Salvador Allende bei einer Pressekonferenz im Palast La Moneda) - Leonore Mau","og_description":"Der chilenische Pr\u00e4sident Salvador Allende bei einer Pressekonferenz im Palast La Moneda. Referenz: Leonore Mau, Portr\u00e4ts, Brinkmann &#038; Bose, 2016 R\u00fcckseitenbeschriftung: &#8220;CHILE Allendes Pressekonferenz in der &#8220;Moneda&#8221;&#8221;","og_url":"https:\/\/leonore-mau.de\/produkt\/ohne-titel-salvador-allende-bei-einer-pressekonferenz-im-palast-la-moneda\/","og_site_name":"Leonore Mau","article_modified_time":"2022-09-13T21:15:12+00:00","og_image":[{"width":1200,"height":959,"url":"https:\/\/leonore-mau.de\/wp-content\/uploads\/2022\/07\/70353638.jpg","type":"image\/jpeg"}],"twitter_card":"summary_large_image","schema":{"@context":"https:\/\/schema.org","@graph":[{"@type":"WebPage","@id":"https:\/\/leonore-mau.de\/produkt\/ohne-titel-salvador-allende-bei-einer-pressekonferenz-im-palast-la-moneda\/","url":"https:\/\/leonore-mau.de\/produkt\/ohne-titel-salvador-allende-bei-einer-pressekonferenz-im-palast-la-moneda\/","name":"Ohne Titel (Salvador Allende bei einer Pressekonferenz im Palast La Moneda) - Leonore Mau","isPartOf":{"@id":"https:\/\/leonore-mau.de\/#website"},"primaryImageOfPage":{"@id":"https:\/\/leonore-mau.de\/produkt\/ohne-titel-salvador-allende-bei-einer-pressekonferenz-im-palast-la-moneda\/#primaryimage"},"image":{"@id":"https:\/\/leonore-mau.de\/produkt\/ohne-titel-salvador-allende-bei-einer-pressekonferenz-im-palast-la-moneda\/#primaryimage"},"thumbnailUrl":"https:\/\/leonore-mau.de\/wp-content\/uploads\/2022\/07\/70353638.jpg","datePublished":"2022-07-14T20:23:50+00:00","dateModified":"2022-09-13T21:15:12+00:00","breadcrumb":{"@id":"https:\/\/leonore-mau.de\/produkt\/ohne-titel-salvador-allende-bei-einer-pressekonferenz-im-palast-la-moneda\/#breadcrumb"},"inLanguage":"en-US","potentialAction":[{"@type":"ReadAction","target":["https:\/\/leonore-mau.de\/produkt\/ohne-titel-salvador-allende-bei-einer-pressekonferenz-im-palast-la-moneda\/"]}]},{"@type":"ImageObject","inLanguage":"en-US","@id":"https:\/\/leonore-mau.de\/produkt\/ohne-titel-salvador-allende-bei-einer-pressekonferenz-im-palast-la-moneda\/#primaryimage","url":"https:\/\/leonore-mau.de\/wp-content\/uploads\/2022\/07\/70353638.jpg","contentUrl":"https:\/\/leonore-mau.de\/wp-content\/uploads\/2022\/07\/70353638.jpg","width":1200,"height":959,"caption":"Der chilenische Pr\u00e4sident Salvador Allende bei einer Pressekonferenz im Palast La Moneda. Referenz: Leonore Mau, Portr\u00e4ts, Brinkmann &amp; Bose, 2016 R\u00fcckseitenbeschriftung: \"CHILE Allendes Pressekonferenz in der \"Moneda\"\" Aufnahmedatum: Juli 1971 Material\/Technik: Foto \/ Silbergelatine auf Barytpapier Bildformat (Foto): 23,4 x 29,4 cm Aufnahmeort: Santiago de Chile Inventar-Nr.: LM-500781"},{"@type":"BreadcrumbList","@id":"https:\/\/leonore-mau.de\/produkt\/ohne-titel-salvador-allende-bei-einer-pressekonferenz-im-palast-la-moneda\/#breadcrumb","itemListElement":[{"@type":"ListItem","position":1,"name":"Startseite","item":"https:\/\/leonore-mau.de\/en\/"},{"@type":"ListItem","position":2,"name":"Shop","item":"https:\/\/leonore-mau.de\/en\/shop-2\/"},{"@type":"ListItem","position":3,"name":"Ohne Titel (Salvador Allende bei einer Pressekonferenz im Palast La Moneda)"}]},{"@type":"WebSite","@id":"https:\/\/leonore-mau.de\/#website","url":"https:\/\/leonore-mau.de\/","name":"Leonore Mau","description":"Fotografin","potentialAction":[{"@type":"SearchAction","target":{"@type":"EntryPoint","urlTemplate":"https:\/\/leonore-mau.de\/?s={search_term_string}"},"query-input":{"@type":"PropertyValueSpecification","valueRequired":true,"valueName":"search_term_string"}}],"inLanguage":"en-US"}]}},"_links":{"self":[{"href":"https:\/\/leonore-mau.de\/en\/wp-json\/wp\/v2\/product\/1829","targetHints":{"allow":["GET"]}}],"collection":[{"href":"https:\/\/leonore-mau.de\/en\/wp-json\/wp\/v2\/product"}],"about":[{"href":"https:\/\/leonore-mau.de\/en\/wp-json\/wp\/v2\/types\/product"}],"wp:featuredmedia":[{"embeddable":true,"href":"https:\/\/leonore-mau.de\/en\/wp-json\/wp\/v2\/media\/1487"}],"wp:attachment":[{"href":"https:\/\/leonore-mau.de\/en\/wp-json\/wp\/v2\/media?parent=1829"}],"wp:term":[{"taxonomy":"product_brand","embeddable":true,"href":"https:\/\/leonore-mau.de\/en\/wp-json\/wp\/v2\/product_brand?post=1829"},{"taxonomy":"product_cat","embeddable":true,"href":"https:\/\/leonore-mau.de\/en\/wp-json\/wp\/v2\/product_cat?post=1829"},{"taxonomy":"product_tag","embeddable":true,"href":"https:\/\/leonore-mau.de\/en\/wp-json\/wp\/v2\/product_tag?post=1829"}],"curies":[{"name":"wp","href":"https:\/\/api.w.org\/{rel}","templated":true}]}}