{"id":1842,"date":"2022-07-14T22:24:00","date_gmt":"2022-07-14T20:24:00","guid":{"rendered":"https:\/\/leonore-mau.de\/produkt\/ohne-titel-hubert-fichte-beim-schreiben-seiner-abhandlung\/"},"modified":"2022-09-13T23:15:29","modified_gmt":"2022-09-13T21:15:29","slug":"ohne-titel-hubert-fichte-beim-schreiben-seiner-abhandlung","status":"publish","type":"product","link":"https:\/\/leonore-mau.de\/en\/produkt\/ohne-titel-hubert-fichte-beim-schreiben-seiner-abhandlung\/","title":{"rendered":"Ohne Titel (Hubert Fichte beim Schreiben seiner Abhandlung)"},"content":{"rendered":"<p>&#8220;[&#8230;] Beim Schreiben seiner Abhandlung \u00fcber die Riten der Casa das Minas.&#8221; Aufgenommen im Hotel Vila Rica. Referenz: Wilfried F. Schoeller, Hubert Fichte und Leonore Mau. Der Schriftsteller und die Fotografin, 2005 Referenz: Ronald Kay, H\u00e4lfte des Lebens, D\u00f6lling und Galitz Verlag, 1996 R\u00fcckseitenbeschriftung: &#8220;1982, Hubert Fichte in seinem Arbeitszimmer in S\u00e3o Lu\u00eds do Maranh\u00e3o&#8221;<\/p>\n","protected":false},"excerpt":{"rendered":"<p>&#8220;[&#8230;] Beim Schreiben seiner Abhandlung \u00fcber die Riten der Casa das Minas.&#8221; Aufgenommen im Hotel Vila Rica. Referenz: Wilfried F. Schoeller, Hubert Fichte und Leonore Mau. Der Schriftsteller und die Fotografin, 2005 Referenz: Ronald Kay, H\u00e4lfte des Lebens, D\u00f6lling und Galitz Verlag, 1996 R\u00fcckseitenbeschriftung: &#8220;1982, Hubert Fichte in seinem Arbeitszimmer in S\u00e3o Lu\u00eds do Maranh\u00e3o&#8221;<\/p>\n","protected":false},"featured_media":1474,"template":"","meta":[],"product_brand":[],"product_cat":[17],"product_tag":[22,24,23,82,83,84,1221,1222,684,685,686,687,173,174,175,1297,1298,1008,1009,656,657,1322,43,44,2804,2805,1323,2473,70,71,1013,1014,1015,1016,1017,1018,1019,105,107,1837,1838,1839,1840,1841,1233,705,706,707,708,93,92,94,91,536,537,538,539,540,541,542,163,164,106,108,1213,1032,1039],"class_list":{"0":"post-1842","1":"product","2":"type-product","3":"status-publish","4":"has-post-thumbnail","6":"product_cat-unkategorisiert","7":"product_tag-20-jahrhundert-nach-chr","8":"product_tag-20-jh-n-chr","9":"product_tag-20-jh","10":"product_tag-80er","11":"product_tag-achtziger","12":"product_tag-ausland","13":"product_tag-autor","14":"product_tag-autoren","15":"product_tag-autorenportrait","16":"product_tag-autorenportraits","17":"product_tag-autorenportraet","18":"product_tag-autorenportraets","19":"product_tag-brasil","20":"product_tag-brasilien","21":"product_tag-brasiliens","22":"product_tag-brille","23":"product_tag-brillen","24":"product_tag-ceremonie","25":"product_tag-ceremonien","26":"product_tag-fenster","27":"product_tag-fensters","28":"product_tag-fichte","29":"product_tag-fotografin","30":"product_tag-fotografinnen","31":"product_tag-hausdach","32":"product_tag-hausdaecher","33":"product_tag-hubert-21-03-1935-08-03-1986","34":"product_tag-papier","35":"product_tag-photographin","36":"product_tag-photographinnen","37":"product_tag-ritual","38":"product_tag-rituale","39":"product_tag-rituell","40":"product_tag-rituelle","41":"product_tag-rituellen","42":"product_tag-ritueller","43":"product_tag-rituelles","44":"product_tag-s-w-fotografie","45":"product_tag-s-w-photographie","46":"product_tag-schreibend","47":"product_tag-schreibende","48":"product_tag-schreibenden","49":"product_tag-schreibender","50":"product_tag-schreibendes","51":"product_tag-schriftsteller","52":"product_tag-schriftstellerportrait","53":"product_tag-schriftstellerportraits","54":"product_tag-schriftstellerportraet","55":"product_tag-schriftstellerportraets","56":"product_tag-schwarzweissphotographie","57":"product_tag-schwarz-weiss-fotografie","58":"product_tag-schwarz-weiss-photographie","59":"product_tag-schwarzweissfotografie","60":"product_tag-sitzen","61":"product_tag-sitzend","62":"product_tag-sitzende","63":"product_tag-sitzenden","64":"product_tag-sitzender","65":"product_tag-sitzendes","66":"product_tag-sitzt","67":"product_tag-suedamerika","68":"product_tag-suedamerikas","69":"product_tag-sw-fotografie","70":"product_tag-sw-photographie","71":"product_tag-tisch","72":"product_tag-zeremonie","73":"product_tag-zeremonien","75":"first","76":"instock","77":"shipping-taxable","78":"product-type-simple"},"yoast_head":"<!-- This site is optimized with the Yoast SEO plugin v27.3 - https:\/\/yoast.com\/product\/yoast-seo-wordpress\/ -->\n<title>Ohne Titel (Hubert Fichte beim Schreiben seiner Abhandlung) - Leonore Mau<\/title>\n<meta name=\"robots\" content=\"index, follow, max-snippet:-1, max-image-preview:large, max-video-preview:-1\" \/>\n<link rel=\"canonical\" href=\"https:\/\/leonore-mau.de\/produkt\/ohne-titel-hubert-fichte-beim-schreiben-seiner-abhandlung\/\" \/>\n<meta property=\"og:locale\" content=\"en_US\" \/>\n<meta property=\"og:type\" content=\"article\" \/>\n<meta property=\"og:title\" content=\"Ohne Titel (Hubert Fichte beim Schreiben seiner Abhandlung) - Leonore Mau\" \/>\n<meta property=\"og:description\" content=\"&#8220;[&#8230;] Beim Schreiben seiner Abhandlung \u00fcber die Riten der Casa das Minas.&#8221; Aufgenommen im Hotel Vila Rica. Referenz: Wilfried F. Schoeller, Hubert Fichte und Leonore Mau. Der Schriftsteller und die Fotografin, 2005 Referenz: Ronald Kay, H\u00e4lfte des Lebens, D\u00f6lling und Galitz Verlag, 1996 R\u00fcckseitenbeschriftung: &#8220;1982, Hubert Fichte in seinem Arbeitszimmer in S\u00e3o Lu\u00eds do Maranh\u00e3o&#8221;\" \/>\n<meta property=\"og:url\" content=\"https:\/\/leonore-mau.de\/produkt\/ohne-titel-hubert-fichte-beim-schreiben-seiner-abhandlung\/\" \/>\n<meta property=\"og:site_name\" content=\"Leonore Mau\" \/>\n<meta property=\"article:modified_time\" content=\"2022-09-13T21:15:29+00:00\" \/>\n<meta property=\"og:image\" content=\"https:\/\/leonore-mau.de\/wp-content\/uploads\/2022\/07\/70353620.jpg\" \/>\n\t<meta property=\"og:image:width\" content=\"937\" \/>\n\t<meta property=\"og:image:height\" content=\"1200\" \/>\n\t<meta property=\"og:image:type\" content=\"image\/jpeg\" \/>\n<meta name=\"twitter:card\" content=\"summary_large_image\" \/>\n<script type=\"application\/ld+json\" class=\"yoast-schema-graph\">{\"@context\":\"https:\\\/\\\/schema.org\",\"@graph\":[{\"@type\":\"WebPage\",\"@id\":\"https:\\\/\\\/leonore-mau.de\\\/produkt\\\/ohne-titel-hubert-fichte-beim-schreiben-seiner-abhandlung\\\/\",\"url\":\"https:\\\/\\\/leonore-mau.de\\\/produkt\\\/ohne-titel-hubert-fichte-beim-schreiben-seiner-abhandlung\\\/\",\"name\":\"Ohne Titel (Hubert Fichte beim Schreiben seiner Abhandlung) - Leonore Mau\",\"isPartOf\":{\"@id\":\"https:\\\/\\\/leonore-mau.de\\\/#website\"},\"primaryImageOfPage\":{\"@id\":\"https:\\\/\\\/leonore-mau.de\\\/produkt\\\/ohne-titel-hubert-fichte-beim-schreiben-seiner-abhandlung\\\/#primaryimage\"},\"image\":{\"@id\":\"https:\\\/\\\/leonore-mau.de\\\/produkt\\\/ohne-titel-hubert-fichte-beim-schreiben-seiner-abhandlung\\\/#primaryimage\"},\"thumbnailUrl\":\"https:\\\/\\\/leonore-mau.de\\\/wp-content\\\/uploads\\\/2022\\\/07\\\/70353620.jpg\",\"datePublished\":\"2022-07-14T20:24:00+00:00\",\"dateModified\":\"2022-09-13T21:15:29+00:00\",\"breadcrumb\":{\"@id\":\"https:\\\/\\\/leonore-mau.de\\\/produkt\\\/ohne-titel-hubert-fichte-beim-schreiben-seiner-abhandlung\\\/#breadcrumb\"},\"inLanguage\":\"en-US\",\"potentialAction\":[{\"@type\":\"ReadAction\",\"target\":[\"https:\\\/\\\/leonore-mau.de\\\/produkt\\\/ohne-titel-hubert-fichte-beim-schreiben-seiner-abhandlung\\\/\"]}]},{\"@type\":\"ImageObject\",\"inLanguage\":\"en-US\",\"@id\":\"https:\\\/\\\/leonore-mau.de\\\/produkt\\\/ohne-titel-hubert-fichte-beim-schreiben-seiner-abhandlung\\\/#primaryimage\",\"url\":\"https:\\\/\\\/leonore-mau.de\\\/wp-content\\\/uploads\\\/2022\\\/07\\\/70353620.jpg\",\"contentUrl\":\"https:\\\/\\\/leonore-mau.de\\\/wp-content\\\/uploads\\\/2022\\\/07\\\/70353620.jpg\",\"width\":937,\"height\":1200,\"caption\":\"Hubert Fichte schreibend an seiner Abhandlung \u00fcber die Riten der Casa das Minas. Aufgenommen im Hotel Vila Rica. Referenz: Wilfried F. Schoeller, Hubert Fichte und Leonore Mau. Der Schriftsteller und die Fotografin, 2005 Referenz: Ronald Kay, H\u00e4lfte des Lebens, D\u00f6lling und Galitz Verlag, 1996 R\u00fcckseitenbeschriftung: \\\"1982, Hubert Fichte in seinem Arbeitszimmer in S\u00e3o Lu\u00eds do Maranh\u00e3o\\\" Aufnahmedatum: 1981 - 1982 Material\\\/Technik: Foto \\\/ Silbergelatine auf PE-Papier Bildformat (Foto): 22,4 x 28,2 cm Aufnahmeort: S\u00e3o Lu\u00eds do Maranh\u00e3o Inventar-Nr.: LM-501813\"},{\"@type\":\"BreadcrumbList\",\"@id\":\"https:\\\/\\\/leonore-mau.de\\\/produkt\\\/ohne-titel-hubert-fichte-beim-schreiben-seiner-abhandlung\\\/#breadcrumb\",\"itemListElement\":[{\"@type\":\"ListItem\",\"position\":1,\"name\":\"Startseite\",\"item\":\"https:\\\/\\\/leonore-mau.de\\\/en\\\/\"},{\"@type\":\"ListItem\",\"position\":2,\"name\":\"Shop\",\"item\":\"https:\\\/\\\/leonore-mau.de\\\/en\\\/shop-2\\\/\"},{\"@type\":\"ListItem\",\"position\":3,\"name\":\"Ohne Titel (Hubert Fichte beim Schreiben seiner Abhandlung)\"}]},{\"@type\":\"WebSite\",\"@id\":\"https:\\\/\\\/leonore-mau.de\\\/#website\",\"url\":\"https:\\\/\\\/leonore-mau.de\\\/\",\"name\":\"Leonore Mau\",\"description\":\"Fotografin\",\"potentialAction\":[{\"@type\":\"SearchAction\",\"target\":{\"@type\":\"EntryPoint\",\"urlTemplate\":\"https:\\\/\\\/leonore-mau.de\\\/?s={search_term_string}\"},\"query-input\":{\"@type\":\"PropertyValueSpecification\",\"valueRequired\":true,\"valueName\":\"search_term_string\"}}],\"inLanguage\":\"en-US\"}]}<\/script>\n<!-- \/ Yoast SEO plugin. -->","yoast_head_json":{"title":"Ohne Titel (Hubert Fichte beim Schreiben seiner Abhandlung) - Leonore Mau","robots":{"index":"index","follow":"follow","max-snippet":"max-snippet:-1","max-image-preview":"max-image-preview:large","max-video-preview":"max-video-preview:-1"},"canonical":"https:\/\/leonore-mau.de\/produkt\/ohne-titel-hubert-fichte-beim-schreiben-seiner-abhandlung\/","og_locale":"en_US","og_type":"article","og_title":"Ohne Titel (Hubert Fichte beim Schreiben seiner Abhandlung) - Leonore Mau","og_description":"&#8220;[&#8230;] Beim Schreiben seiner Abhandlung \u00fcber die Riten der Casa das Minas.&#8221; Aufgenommen im Hotel Vila Rica. Referenz: Wilfried F. Schoeller, Hubert Fichte und Leonore Mau. Der Schriftsteller und die Fotografin, 2005 Referenz: Ronald Kay, H\u00e4lfte des Lebens, D\u00f6lling und Galitz Verlag, 1996 R\u00fcckseitenbeschriftung: &#8220;1982, Hubert Fichte in seinem Arbeitszimmer in S\u00e3o Lu\u00eds do Maranh\u00e3o&#8221;","og_url":"https:\/\/leonore-mau.de\/produkt\/ohne-titel-hubert-fichte-beim-schreiben-seiner-abhandlung\/","og_site_name":"Leonore Mau","article_modified_time":"2022-09-13T21:15:29+00:00","og_image":[{"width":937,"height":1200,"url":"https:\/\/leonore-mau.de\/wp-content\/uploads\/2022\/07\/70353620.jpg","type":"image\/jpeg"}],"twitter_card":"summary_large_image","schema":{"@context":"https:\/\/schema.org","@graph":[{"@type":"WebPage","@id":"https:\/\/leonore-mau.de\/produkt\/ohne-titel-hubert-fichte-beim-schreiben-seiner-abhandlung\/","url":"https:\/\/leonore-mau.de\/produkt\/ohne-titel-hubert-fichte-beim-schreiben-seiner-abhandlung\/","name":"Ohne Titel (Hubert Fichte beim Schreiben seiner Abhandlung) - Leonore Mau","isPartOf":{"@id":"https:\/\/leonore-mau.de\/#website"},"primaryImageOfPage":{"@id":"https:\/\/leonore-mau.de\/produkt\/ohne-titel-hubert-fichte-beim-schreiben-seiner-abhandlung\/#primaryimage"},"image":{"@id":"https:\/\/leonore-mau.de\/produkt\/ohne-titel-hubert-fichte-beim-schreiben-seiner-abhandlung\/#primaryimage"},"thumbnailUrl":"https:\/\/leonore-mau.de\/wp-content\/uploads\/2022\/07\/70353620.jpg","datePublished":"2022-07-14T20:24:00+00:00","dateModified":"2022-09-13T21:15:29+00:00","breadcrumb":{"@id":"https:\/\/leonore-mau.de\/produkt\/ohne-titel-hubert-fichte-beim-schreiben-seiner-abhandlung\/#breadcrumb"},"inLanguage":"en-US","potentialAction":[{"@type":"ReadAction","target":["https:\/\/leonore-mau.de\/produkt\/ohne-titel-hubert-fichte-beim-schreiben-seiner-abhandlung\/"]}]},{"@type":"ImageObject","inLanguage":"en-US","@id":"https:\/\/leonore-mau.de\/produkt\/ohne-titel-hubert-fichte-beim-schreiben-seiner-abhandlung\/#primaryimage","url":"https:\/\/leonore-mau.de\/wp-content\/uploads\/2022\/07\/70353620.jpg","contentUrl":"https:\/\/leonore-mau.de\/wp-content\/uploads\/2022\/07\/70353620.jpg","width":937,"height":1200,"caption":"Hubert Fichte schreibend an seiner Abhandlung \u00fcber die Riten der Casa das Minas. Aufgenommen im Hotel Vila Rica. Referenz: Wilfried F. Schoeller, Hubert Fichte und Leonore Mau. Der Schriftsteller und die Fotografin, 2005 Referenz: Ronald Kay, H\u00e4lfte des Lebens, D\u00f6lling und Galitz Verlag, 1996 R\u00fcckseitenbeschriftung: \"1982, Hubert Fichte in seinem Arbeitszimmer in S\u00e3o Lu\u00eds do Maranh\u00e3o\" Aufnahmedatum: 1981 - 1982 Material\/Technik: Foto \/ Silbergelatine auf PE-Papier Bildformat (Foto): 22,4 x 28,2 cm Aufnahmeort: S\u00e3o Lu\u00eds do Maranh\u00e3o Inventar-Nr.: LM-501813"},{"@type":"BreadcrumbList","@id":"https:\/\/leonore-mau.de\/produkt\/ohne-titel-hubert-fichte-beim-schreiben-seiner-abhandlung\/#breadcrumb","itemListElement":[{"@type":"ListItem","position":1,"name":"Startseite","item":"https:\/\/leonore-mau.de\/en\/"},{"@type":"ListItem","position":2,"name":"Shop","item":"https:\/\/leonore-mau.de\/en\/shop-2\/"},{"@type":"ListItem","position":3,"name":"Ohne Titel (Hubert Fichte beim Schreiben seiner Abhandlung)"}]},{"@type":"WebSite","@id":"https:\/\/leonore-mau.de\/#website","url":"https:\/\/leonore-mau.de\/","name":"Leonore Mau","description":"Fotografin","potentialAction":[{"@type":"SearchAction","target":{"@type":"EntryPoint","urlTemplate":"https:\/\/leonore-mau.de\/?s={search_term_string}"},"query-input":{"@type":"PropertyValueSpecification","valueRequired":true,"valueName":"search_term_string"}}],"inLanguage":"en-US"}]}},"_links":{"self":[{"href":"https:\/\/leonore-mau.de\/en\/wp-json\/wp\/v2\/product\/1842","targetHints":{"allow":["GET"]}}],"collection":[{"href":"https:\/\/leonore-mau.de\/en\/wp-json\/wp\/v2\/product"}],"about":[{"href":"https:\/\/leonore-mau.de\/en\/wp-json\/wp\/v2\/types\/product"}],"wp:featuredmedia":[{"embeddable":true,"href":"https:\/\/leonore-mau.de\/en\/wp-json\/wp\/v2\/media\/1474"}],"wp:attachment":[{"href":"https:\/\/leonore-mau.de\/en\/wp-json\/wp\/v2\/media?parent=1842"}],"wp:term":[{"taxonomy":"product_brand","embeddable":true,"href":"https:\/\/leonore-mau.de\/en\/wp-json\/wp\/v2\/product_brand?post=1842"},{"taxonomy":"product_cat","embeddable":true,"href":"https:\/\/leonore-mau.de\/en\/wp-json\/wp\/v2\/product_cat?post=1842"},{"taxonomy":"product_tag","embeddable":true,"href":"https:\/\/leonore-mau.de\/en\/wp-json\/wp\/v2\/product_tag?post=1842"}],"curies":[{"name":"wp","href":"https:\/\/api.w.org\/{rel}","templated":true}]}}