{"id":1856,"date":"2022-07-14T22:24:09","date_gmt":"2022-07-14T20:24:09","guid":{"rendered":"https:\/\/leonore-mau.de\/produkt\/ohne-titel-fest-fuer-die-meeresgoettin\/"},"modified":"2022-09-13T23:15:35","modified_gmt":"2022-09-13T21:15:35","slug":"ohne-titel-fest-fuer-die-meeresgoettin","status":"publish","type":"product","link":"https:\/\/leonore-mau.de\/en\/produkt\/ohne-titel-fest-fuer-die-meeresgoettin\/","title":{"rendered":"Ohne Titel (Fest f\u00fcr die Meeresg\u00f6ttin)"},"content":{"rendered":"<p>Segelboote auf dem Meer, auf denen sich Leute mit Blumenstr\u00e4u\u00dfen befinden. Auch im Wasser befinden sich ein paar Leute. Im Vordergrund stehen zwei Jungen. Der eine Junge streckt seine Arm als ob er das Motiv hinter sich verdecken m\u00f6chte. Es wird ein Fest f\u00fcr die Meeresg\u00f6ttin Iemanj\u00e1, auch Yemay\u00e1 genannt, gefeiert.<\/p>\n","protected":false},"excerpt":{"rendered":"<p>Segelboote auf dem Meer, auf denen sich Leute mit Blumenstr\u00e4u\u00dfen befinden. Auch im Wasser befinden sich ein paar Leute. Im Vordergrund stehen zwei Jungen. Der eine Junge streckt seine Arm als ob er das Motiv hinter sich verdecken m\u00f6chte. Es wird ein Fest f\u00fcr die Meeresg\u00f6ttin Iemanj\u00e1, auch Yemay\u00e1 genannt, gefeiert.<\/p>\n","protected":false},"featured_media":1460,"template":"","meta":[],"product_brand":[],"product_cat":[17],"product_tag":[78,22,24,21,23,80,171,172,2512,2513,2514,2515,2516,2517,1177,1178,2364,2365,200,201,202,203,173,174,175,1008,1009,36,37,39,40,41,42,2439,2440,2441,2442,2443,2444,2445,2446,2447,43,44,727,714,169,552,1537,190,70,71,265,266,267,268,269,95,2368,2369,163,164,1438,1032,1033,1034,1035,1036,1037,1038,1039],"class_list":{"0":"post-1856","1":"product","2":"type-product","3":"status-publish","4":"has-post-thumbnail","6":"product_cat-unkategorisiert","7":"product_tag-1970er-jahre","8":"product_tag-20-jahrhundert-nach-chr","9":"product_tag-20-jh-n-chr","10":"product_tag-20-jahrhundert","11":"product_tag-20-jh","12":"product_tag-70er","13":"product_tag-aussenaufnahme","14":"product_tag-aussenaufnahmen","15":"product_tag-baden","16":"product_tag-badend","17":"product_tag-badende","18":"product_tag-badenden","19":"product_tag-badender","20":"product_tag-badendes","21":"product_tag-blume","22":"product_tag-blumen","23":"product_tag-blumenstrauss","24":"product_tag-blumenstraeusse","25":"product_tag-boot","26":"product_tag-boote","27":"product_tag-booten","28":"product_tag-bootes","29":"product_tag-brasil","30":"product_tag-brasilien","31":"product_tag-brasiliens","32":"product_tag-ceremonie","33":"product_tag-ceremonien","34":"product_tag-farbaufnahme","35":"product_tag-farbaufnahmen","36":"product_tag-farbfoto","37":"product_tag-farbfotografie","38":"product_tag-farbphoto","39":"product_tag-farbphotographie","40":"product_tag-fest","41":"product_tag-festlich","42":"product_tag-festliche","43":"product_tag-festlichem","44":"product_tag-festlichen","45":"product_tag-festlicher","46":"product_tag-festliches","47":"product_tag-festlichkeit","48":"product_tag-festlichkeiten","49":"product_tag-fotografin","50":"product_tag-fotografinnen","51":"product_tag-junge","52":"product_tag-jungen","53":"product_tag-kind","54":"product_tag-kinder","55":"product_tag-lateinamerika","56":"product_tag-meer","57":"product_tag-photographin","58":"product_tag-photographinnen","59":"product_tag-segelboot","60":"product_tag-segelboote","61":"product_tag-segelbooten","62":"product_tag-segelbootes","63":"product_tag-segelboots","64":"product_tag-siebziger","65":"product_tag-strauss","66":"product_tag-straeusse","67":"product_tag-suedamerika","68":"product_tag-suedamerikas","69":"product_tag-wasser","70":"product_tag-zeremonie","71":"product_tag-zeremoniell","72":"product_tag-zeremonielle","73":"product_tag-zeremoniellem","74":"product_tag-zeremoniellen","75":"product_tag-zeremonieller","76":"product_tag-zeremonielles","77":"product_tag-zeremonien","79":"first","80":"instock","81":"shipping-taxable","82":"product-type-simple"},"yoast_head":"<!-- This site is optimized with the Yoast SEO plugin v27.3 - https:\/\/yoast.com\/product\/yoast-seo-wordpress\/ -->\n<title>Ohne Titel (Fest f\u00fcr die Meeresg\u00f6ttin) - Leonore Mau<\/title>\n<meta name=\"robots\" content=\"index, follow, max-snippet:-1, max-image-preview:large, max-video-preview:-1\" \/>\n<link rel=\"canonical\" href=\"https:\/\/leonore-mau.de\/produkt\/ohne-titel-fest-fuer-die-meeresgoettin\/\" \/>\n<meta property=\"og:locale\" content=\"en_US\" \/>\n<meta property=\"og:type\" content=\"article\" \/>\n<meta property=\"og:title\" content=\"Ohne Titel (Fest f\u00fcr die Meeresg\u00f6ttin) - Leonore Mau\" \/>\n<meta property=\"og:description\" content=\"Segelboote auf dem Meer, auf denen sich Leute mit Blumenstr\u00e4u\u00dfen befinden. Auch im Wasser befinden sich ein paar Leute. Im Vordergrund stehen zwei Jungen. Der eine Junge streckt seine Arm als ob er das Motiv hinter sich verdecken m\u00f6chte. Es wird ein Fest f\u00fcr die Meeresg\u00f6ttin Iemanj\u00e1, auch Yemay\u00e1 genannt, gefeiert.\" \/>\n<meta property=\"og:url\" content=\"https:\/\/leonore-mau.de\/produkt\/ohne-titel-fest-fuer-die-meeresgoettin\/\" \/>\n<meta property=\"og:site_name\" content=\"Leonore Mau\" \/>\n<meta property=\"article:modified_time\" content=\"2022-09-13T21:15:35+00:00\" \/>\n<meta property=\"og:image\" content=\"https:\/\/leonore-mau.de\/wp-content\/uploads\/2022\/07\/70248266.jpg\" \/>\n\t<meta property=\"og:image:width\" content=\"1194\" \/>\n\t<meta property=\"og:image:height\" content=\"1200\" \/>\n\t<meta property=\"og:image:type\" content=\"image\/jpeg\" \/>\n<meta name=\"twitter:card\" content=\"summary_large_image\" \/>\n<script type=\"application\/ld+json\" class=\"yoast-schema-graph\">{\"@context\":\"https:\\\/\\\/schema.org\",\"@graph\":[{\"@type\":\"WebPage\",\"@id\":\"https:\\\/\\\/leonore-mau.de\\\/produkt\\\/ohne-titel-fest-fuer-die-meeresgoettin\\\/\",\"url\":\"https:\\\/\\\/leonore-mau.de\\\/produkt\\\/ohne-titel-fest-fuer-die-meeresgoettin\\\/\",\"name\":\"Ohne Titel (Fest f\u00fcr die Meeresg\u00f6ttin) - Leonore Mau\",\"isPartOf\":{\"@id\":\"https:\\\/\\\/leonore-mau.de\\\/#website\"},\"primaryImageOfPage\":{\"@id\":\"https:\\\/\\\/leonore-mau.de\\\/produkt\\\/ohne-titel-fest-fuer-die-meeresgoettin\\\/#primaryimage\"},\"image\":{\"@id\":\"https:\\\/\\\/leonore-mau.de\\\/produkt\\\/ohne-titel-fest-fuer-die-meeresgoettin\\\/#primaryimage\"},\"thumbnailUrl\":\"https:\\\/\\\/leonore-mau.de\\\/wp-content\\\/uploads\\\/2022\\\/07\\\/70248266.jpg\",\"datePublished\":\"2022-07-14T20:24:09+00:00\",\"dateModified\":\"2022-09-13T21:15:35+00:00\",\"breadcrumb\":{\"@id\":\"https:\\\/\\\/leonore-mau.de\\\/produkt\\\/ohne-titel-fest-fuer-die-meeresgoettin\\\/#breadcrumb\"},\"inLanguage\":\"en-US\",\"potentialAction\":[{\"@type\":\"ReadAction\",\"target\":[\"https:\\\/\\\/leonore-mau.de\\\/produkt\\\/ohne-titel-fest-fuer-die-meeresgoettin\\\/\"]}]},{\"@type\":\"ImageObject\",\"inLanguage\":\"en-US\",\"@id\":\"https:\\\/\\\/leonore-mau.de\\\/produkt\\\/ohne-titel-fest-fuer-die-meeresgoettin\\\/#primaryimage\",\"url\":\"https:\\\/\\\/leonore-mau.de\\\/wp-content\\\/uploads\\\/2022\\\/07\\\/70248266.jpg\",\"contentUrl\":\"https:\\\/\\\/leonore-mau.de\\\/wp-content\\\/uploads\\\/2022\\\/07\\\/70248266.jpg\",\"width\":1194,\"height\":1200,\"caption\":\"Segelboote auf dem Meer, auf denen sich Leute mit Blumenstr\u00e4u\u00dfen befinden. Auch im Wasser befinden sich ein paar Leute. Im Vordergrund stehen zwei Jungen. Der eine Junge streckt seine Arm als ob er das Motiv hinter sich verdecken m\u00f6chte. Es wird ein Fest f\u00fcr die Meeresg\u00f6ttin Iemanj\u00e1, auch Yemay\u00e1 genannt, gefeiert. Aufnahmedatum: 1971 - 1972 Material\\\/Technik: Foto \\\/ Farbdia Bildformat (Foto): Gro\u00dfformat (6x6) Aufnahmeort: Bahia Inventar-Nr.: LM-506579\"},{\"@type\":\"BreadcrumbList\",\"@id\":\"https:\\\/\\\/leonore-mau.de\\\/produkt\\\/ohne-titel-fest-fuer-die-meeresgoettin\\\/#breadcrumb\",\"itemListElement\":[{\"@type\":\"ListItem\",\"position\":1,\"name\":\"Startseite\",\"item\":\"https:\\\/\\\/leonore-mau.de\\\/en\\\/\"},{\"@type\":\"ListItem\",\"position\":2,\"name\":\"Shop\",\"item\":\"https:\\\/\\\/leonore-mau.de\\\/en\\\/shop-2\\\/\"},{\"@type\":\"ListItem\",\"position\":3,\"name\":\"Ohne Titel (Fest f\u00fcr die Meeresg\u00f6ttin)\"}]},{\"@type\":\"WebSite\",\"@id\":\"https:\\\/\\\/leonore-mau.de\\\/#website\",\"url\":\"https:\\\/\\\/leonore-mau.de\\\/\",\"name\":\"Leonore Mau\",\"description\":\"Fotografin\",\"potentialAction\":[{\"@type\":\"SearchAction\",\"target\":{\"@type\":\"EntryPoint\",\"urlTemplate\":\"https:\\\/\\\/leonore-mau.de\\\/?s={search_term_string}\"},\"query-input\":{\"@type\":\"PropertyValueSpecification\",\"valueRequired\":true,\"valueName\":\"search_term_string\"}}],\"inLanguage\":\"en-US\"}]}<\/script>\n<!-- \/ Yoast SEO plugin. -->","yoast_head_json":{"title":"Ohne Titel (Fest f\u00fcr die Meeresg\u00f6ttin) - Leonore Mau","robots":{"index":"index","follow":"follow","max-snippet":"max-snippet:-1","max-image-preview":"max-image-preview:large","max-video-preview":"max-video-preview:-1"},"canonical":"https:\/\/leonore-mau.de\/produkt\/ohne-titel-fest-fuer-die-meeresgoettin\/","og_locale":"en_US","og_type":"article","og_title":"Ohne Titel (Fest f\u00fcr die Meeresg\u00f6ttin) - Leonore Mau","og_description":"Segelboote auf dem Meer, auf denen sich Leute mit Blumenstr\u00e4u\u00dfen befinden. Auch im Wasser befinden sich ein paar Leute. Im Vordergrund stehen zwei Jungen. Der eine Junge streckt seine Arm als ob er das Motiv hinter sich verdecken m\u00f6chte. Es wird ein Fest f\u00fcr die Meeresg\u00f6ttin Iemanj\u00e1, auch Yemay\u00e1 genannt, gefeiert.","og_url":"https:\/\/leonore-mau.de\/produkt\/ohne-titel-fest-fuer-die-meeresgoettin\/","og_site_name":"Leonore Mau","article_modified_time":"2022-09-13T21:15:35+00:00","og_image":[{"width":1194,"height":1200,"url":"https:\/\/leonore-mau.de\/wp-content\/uploads\/2022\/07\/70248266.jpg","type":"image\/jpeg"}],"twitter_card":"summary_large_image","schema":{"@context":"https:\/\/schema.org","@graph":[{"@type":"WebPage","@id":"https:\/\/leonore-mau.de\/produkt\/ohne-titel-fest-fuer-die-meeresgoettin\/","url":"https:\/\/leonore-mau.de\/produkt\/ohne-titel-fest-fuer-die-meeresgoettin\/","name":"Ohne Titel (Fest f\u00fcr die Meeresg\u00f6ttin) - Leonore Mau","isPartOf":{"@id":"https:\/\/leonore-mau.de\/#website"},"primaryImageOfPage":{"@id":"https:\/\/leonore-mau.de\/produkt\/ohne-titel-fest-fuer-die-meeresgoettin\/#primaryimage"},"image":{"@id":"https:\/\/leonore-mau.de\/produkt\/ohne-titel-fest-fuer-die-meeresgoettin\/#primaryimage"},"thumbnailUrl":"https:\/\/leonore-mau.de\/wp-content\/uploads\/2022\/07\/70248266.jpg","datePublished":"2022-07-14T20:24:09+00:00","dateModified":"2022-09-13T21:15:35+00:00","breadcrumb":{"@id":"https:\/\/leonore-mau.de\/produkt\/ohne-titel-fest-fuer-die-meeresgoettin\/#breadcrumb"},"inLanguage":"en-US","potentialAction":[{"@type":"ReadAction","target":["https:\/\/leonore-mau.de\/produkt\/ohne-titel-fest-fuer-die-meeresgoettin\/"]}]},{"@type":"ImageObject","inLanguage":"en-US","@id":"https:\/\/leonore-mau.de\/produkt\/ohne-titel-fest-fuer-die-meeresgoettin\/#primaryimage","url":"https:\/\/leonore-mau.de\/wp-content\/uploads\/2022\/07\/70248266.jpg","contentUrl":"https:\/\/leonore-mau.de\/wp-content\/uploads\/2022\/07\/70248266.jpg","width":1194,"height":1200,"caption":"Segelboote auf dem Meer, auf denen sich Leute mit Blumenstr\u00e4u\u00dfen befinden. Auch im Wasser befinden sich ein paar Leute. Im Vordergrund stehen zwei Jungen. Der eine Junge streckt seine Arm als ob er das Motiv hinter sich verdecken m\u00f6chte. Es wird ein Fest f\u00fcr die Meeresg\u00f6ttin Iemanj\u00e1, auch Yemay\u00e1 genannt, gefeiert. Aufnahmedatum: 1971 - 1972 Material\/Technik: Foto \/ Farbdia Bildformat (Foto): Gro\u00dfformat (6x6) Aufnahmeort: Bahia Inventar-Nr.: LM-506579"},{"@type":"BreadcrumbList","@id":"https:\/\/leonore-mau.de\/produkt\/ohne-titel-fest-fuer-die-meeresgoettin\/#breadcrumb","itemListElement":[{"@type":"ListItem","position":1,"name":"Startseite","item":"https:\/\/leonore-mau.de\/en\/"},{"@type":"ListItem","position":2,"name":"Shop","item":"https:\/\/leonore-mau.de\/en\/shop-2\/"},{"@type":"ListItem","position":3,"name":"Ohne Titel (Fest f\u00fcr die Meeresg\u00f6ttin)"}]},{"@type":"WebSite","@id":"https:\/\/leonore-mau.de\/#website","url":"https:\/\/leonore-mau.de\/","name":"Leonore Mau","description":"Fotografin","potentialAction":[{"@type":"SearchAction","target":{"@type":"EntryPoint","urlTemplate":"https:\/\/leonore-mau.de\/?s={search_term_string}"},"query-input":{"@type":"PropertyValueSpecification","valueRequired":true,"valueName":"search_term_string"}}],"inLanguage":"en-US"}]}},"_links":{"self":[{"href":"https:\/\/leonore-mau.de\/en\/wp-json\/wp\/v2\/product\/1856","targetHints":{"allow":["GET"]}}],"collection":[{"href":"https:\/\/leonore-mau.de\/en\/wp-json\/wp\/v2\/product"}],"about":[{"href":"https:\/\/leonore-mau.de\/en\/wp-json\/wp\/v2\/types\/product"}],"wp:featuredmedia":[{"embeddable":true,"href":"https:\/\/leonore-mau.de\/en\/wp-json\/wp\/v2\/media\/1460"}],"wp:attachment":[{"href":"https:\/\/leonore-mau.de\/en\/wp-json\/wp\/v2\/media?parent=1856"}],"wp:term":[{"taxonomy":"product_brand","embeddable":true,"href":"https:\/\/leonore-mau.de\/en\/wp-json\/wp\/v2\/product_brand?post=1856"},{"taxonomy":"product_cat","embeddable":true,"href":"https:\/\/leonore-mau.de\/en\/wp-json\/wp\/v2\/product_cat?post=1856"},{"taxonomy":"product_tag","embeddable":true,"href":"https:\/\/leonore-mau.de\/en\/wp-json\/wp\/v2\/product_tag?post=1856"}],"curies":[{"name":"wp","href":"https:\/\/api.w.org\/{rel}","templated":true}]}}