{"id":1857,"date":"2022-07-14T22:24:10","date_gmt":"2022-07-14T20:24:10","guid":{"rendered":"https:\/\/leonore-mau.de\/produkt\/ohne-titel-blick-auf-die-bucht-forte-do-mar\/"},"modified":"2022-09-13T23:15:35","modified_gmt":"2022-09-13T21:15:35","slug":"ohne-titel-blick-auf-die-bucht-forte-do-mar","status":"publish","type":"product","link":"https:\/\/leonore-mau.de\/en\/produkt\/ohne-titel-blick-auf-die-bucht-forte-do-mar\/","title":{"rendered":"Ohne Titel (Blick auf die Bucht &#8220;Forte do Mar&#8221;)"},"content":{"rendered":"<p>Blick auf die Bucht &#8220;Forte do Mar&#8221; vom Lacerda-Aufzug. Im Vordergrund ein Mann auf einem Steinsockel. Im Hintergrund die Bucht &#8220;Forte do Mar&#8221; mit Anlegestellen f\u00fcr Boote, die Festung &#8220;Forte S\u00e3o Marcelo&#8221; und die Skulptur &#8220;Monumento \u00e0 Cidade de Salvador&#8221; (Brunnen). Aufgenommen in Salvador da Bahia in der Allerheiligenbucht, Ba\u00eda de Todos os Santos. <\/p>\n","protected":false},"excerpt":{"rendered":"<p>Blick auf die Bucht &#8220;Forte do Mar&#8221; vom Lacerda-Aufzug. Im Vordergrund ein Mann auf einem Steinsockel. Im Hintergrund die Bucht &#8220;Forte do Mar&#8221; mit Anlegestellen f\u00fcr Boote, die Festung &#8220;Forte S\u00e3o Marcelo&#8221; und die Skulptur &#8220;Monumento \u00e0 Cidade de Salvador&#8221; (Brunnen). Aufgenommen in Salvador da Bahia in der Allerheiligenbucht, Ba\u00eda de Todos os Santos.<\/p>\n","protected":false},"featured_media":1459,"template":"","meta":[],"product_brand":[],"product_cat":[17],"product_tag":[78,22,24,21,23,80,4166,171,172,200,201,173,174,175,2988,2989,251,252,253,2990,283,254,255,256,257,4167,4168,36,37,39,40,41,42,43,44,4169,87,88,4170,4171,4172,785,786,787,788,789,790,791,292,261,262,70,71,4173,4174,624,1351,625,263,264,95,270,163,164,441,2363,626],"class_list":{"0":"post-1857","1":"product","2":"type-product","3":"status-publish","4":"has-post-thumbnail","6":"product_cat-unkategorisiert","7":"product_tag-1970er-jahre","8":"product_tag-20-jahrhundert-nach-chr","9":"product_tag-20-jh-n-chr","10":"product_tag-20-jahrhundert","11":"product_tag-20-jh","12":"product_tag-70er","13":"product_tag-arsch","14":"product_tag-aussenaufnahme","15":"product_tag-aussenaufnahmen","16":"product_tag-boot","17":"product_tag-boote","18":"product_tag-brasil","19":"product_tag-brasilien","20":"product_tag-brasiliens","21":"product_tag-brunnen","22":"product_tag-brunnenbecken","23":"product_tag-brunnenfigur","24":"product_tag-brunnenfiguren","25":"product_tag-brunnenplastik","26":"product_tag-brunnens","27":"product_tag-bucht","28":"product_tag-denkmal","29":"product_tag-denkmale","30":"product_tag-denkmaeler","31":"product_tag-denkmals","32":"product_tag-fahrstuhl","33":"product_tag-fahrstuehle","34":"product_tag-farbaufnahme","35":"product_tag-farbaufnahmen","36":"product_tag-farbfoto","37":"product_tag-farbfotografie","38":"product_tag-farbphoto","39":"product_tag-farbphotographie","40":"product_tag-fotografin","41":"product_tag-fotografinnen","42":"product_tag-gesaess","43":"product_tag-grossstadt","44":"product_tag-grossstaedte","45":"product_tag-hintern","46":"product_tag-lift","47":"product_tag-lifte","48":"product_tag-luftaufnahme","49":"product_tag-luftaufnahmen","50":"product_tag-luftbild","51":"product_tag-luftbildaufnahme","52":"product_tag-luftbildaufnahmen","53":"product_tag-luftbilder","54":"product_tag-luftperspektive","55":"product_tag-meeresbucht","56":"product_tag-moderne-skulptur","57":"product_tag-moderne-skulpturen","58":"product_tag-photographin","59":"product_tag-photographinnen","60":"product_tag-po","61":"product_tag-popo","62":"product_tag-rueckansicht","63":"product_tag-rueckenansicht","64":"product_tag-rueckseite","65":"product_tag-schiff","66":"product_tag-schiffe","67":"product_tag-siebziger","68":"product_tag-stadtbild","69":"product_tag-suedamerika","70":"product_tag-suedamerikas","71":"product_tag-vogelperspektive","72":"product_tag-vogelschau","73":"product_tag-von-hinten","75":"first","76":"instock","77":"shipping-taxable","78":"product-type-simple"},"yoast_head":"<!-- This site is optimized with the Yoast SEO plugin v27.4 - https:\/\/yoast.com\/product\/yoast-seo-wordpress\/ -->\n<title>Ohne Titel (Blick auf die Bucht &quot;Forte do Mar&quot;) - Leonore Mau<\/title>\n<meta name=\"robots\" content=\"index, follow, max-snippet:-1, max-image-preview:large, max-video-preview:-1\" \/>\n<link rel=\"canonical\" href=\"https:\/\/leonore-mau.de\/produkt\/ohne-titel-blick-auf-die-bucht-forte-do-mar\/\" \/>\n<meta property=\"og:locale\" content=\"en_US\" \/>\n<meta property=\"og:type\" content=\"article\" \/>\n<meta property=\"og:title\" content=\"Ohne Titel (Blick auf die Bucht &quot;Forte do Mar&quot;) - Leonore Mau\" \/>\n<meta property=\"og:description\" content=\"Blick auf die Bucht &#8220;Forte do Mar&#8221; vom Lacerda-Aufzug. Im Vordergrund ein Mann auf einem Steinsockel. Im Hintergrund die Bucht &#8220;Forte do Mar&#8221; mit Anlegestellen f\u00fcr Boote, die Festung &#8220;Forte S\u00e3o Marcelo&#8221; und die Skulptur &#8220;Monumento \u00e0 Cidade de Salvador&#8221; (Brunnen). Aufgenommen in Salvador da Bahia in der Allerheiligenbucht, Ba\u00eda de Todos os Santos.\" \/>\n<meta property=\"og:url\" content=\"https:\/\/leonore-mau.de\/produkt\/ohne-titel-blick-auf-die-bucht-forte-do-mar\/\" \/>\n<meta property=\"og:site_name\" content=\"Leonore Mau\" \/>\n<meta property=\"article:modified_time\" content=\"2022-09-13T21:15:35+00:00\" \/>\n<meta property=\"og:image\" content=\"https:\/\/leonore-mau.de\/wp-content\/uploads\/2022\/07\/70248263.jpg\" \/>\n\t<meta property=\"og:image:width\" content=\"1200\" \/>\n\t<meta property=\"og:image:height\" content=\"1200\" \/>\n\t<meta property=\"og:image:type\" content=\"image\/jpeg\" \/>\n<meta name=\"twitter:card\" content=\"summary_large_image\" \/>\n<script type=\"application\/ld+json\" class=\"yoast-schema-graph\">{\"@context\":\"https:\\\/\\\/schema.org\",\"@graph\":[{\"@type\":\"WebPage\",\"@id\":\"https:\\\/\\\/leonore-mau.de\\\/produkt\\\/ohne-titel-blick-auf-die-bucht-forte-do-mar\\\/\",\"url\":\"https:\\\/\\\/leonore-mau.de\\\/produkt\\\/ohne-titel-blick-auf-die-bucht-forte-do-mar\\\/\",\"name\":\"Ohne Titel (Blick auf die Bucht \\\"Forte do Mar\\\") - Leonore Mau\",\"isPartOf\":{\"@id\":\"https:\\\/\\\/leonore-mau.de\\\/#website\"},\"primaryImageOfPage\":{\"@id\":\"https:\\\/\\\/leonore-mau.de\\\/produkt\\\/ohne-titel-blick-auf-die-bucht-forte-do-mar\\\/#primaryimage\"},\"image\":{\"@id\":\"https:\\\/\\\/leonore-mau.de\\\/produkt\\\/ohne-titel-blick-auf-die-bucht-forte-do-mar\\\/#primaryimage\"},\"thumbnailUrl\":\"https:\\\/\\\/leonore-mau.de\\\/wp-content\\\/uploads\\\/2022\\\/07\\\/70248263.jpg\",\"datePublished\":\"2022-07-14T20:24:10+00:00\",\"dateModified\":\"2022-09-13T21:15:35+00:00\",\"breadcrumb\":{\"@id\":\"https:\\\/\\\/leonore-mau.de\\\/produkt\\\/ohne-titel-blick-auf-die-bucht-forte-do-mar\\\/#breadcrumb\"},\"inLanguage\":\"en-US\",\"potentialAction\":[{\"@type\":\"ReadAction\",\"target\":[\"https:\\\/\\\/leonore-mau.de\\\/produkt\\\/ohne-titel-blick-auf-die-bucht-forte-do-mar\\\/\"]}]},{\"@type\":\"ImageObject\",\"inLanguage\":\"en-US\",\"@id\":\"https:\\\/\\\/leonore-mau.de\\\/produkt\\\/ohne-titel-blick-auf-die-bucht-forte-do-mar\\\/#primaryimage\",\"url\":\"https:\\\/\\\/leonore-mau.de\\\/wp-content\\\/uploads\\\/2022\\\/07\\\/70248263.jpg\",\"contentUrl\":\"https:\\\/\\\/leonore-mau.de\\\/wp-content\\\/uploads\\\/2022\\\/07\\\/70248263.jpg\",\"width\":1200,\"height\":1200,\"caption\":\"Blick auf die Bucht \\\"Forte do Mar\\\" vom Lacerda-Aufzug. Im Vordergrund ein Mann auf einem Steinsockel. Im Hintergrund die Bucht \\\"Forte do Mar\\\" mit Anlegestellen f\u00fcr Boote, die Festung \\\"Forte S\u00e3o Marcelo\\\" und die Skulptur \\\"Monumento \u00e0 Cidade de Salvador\\\" (Brunnen). Aufgenommen in Salvador da Bahia in der Allerheiligenbucht, Ba\u00eda de Todos os Santos. Aufnahmedatum: 1971 - 1972 Material\\\/Technik: Foto \\\/ Farbdia Bildformat (Foto): Gro\u00dfbild (6x6) Aufnahmeort: Salvador da Bahia Inventar-Nr.: LM-506580\"},{\"@type\":\"BreadcrumbList\",\"@id\":\"https:\\\/\\\/leonore-mau.de\\\/produkt\\\/ohne-titel-blick-auf-die-bucht-forte-do-mar\\\/#breadcrumb\",\"itemListElement\":[{\"@type\":\"ListItem\",\"position\":1,\"name\":\"Startseite\",\"item\":\"https:\\\/\\\/leonore-mau.de\\\/en\\\/\"},{\"@type\":\"ListItem\",\"position\":2,\"name\":\"Shop\",\"item\":\"https:\\\/\\\/leonore-mau.de\\\/en\\\/shop-2\\\/\"},{\"@type\":\"ListItem\",\"position\":3,\"name\":\"Ohne Titel (Blick auf die Bucht &#8222;Forte do Mar&#8220;)\"}]},{\"@type\":\"WebSite\",\"@id\":\"https:\\\/\\\/leonore-mau.de\\\/#website\",\"url\":\"https:\\\/\\\/leonore-mau.de\\\/\",\"name\":\"Leonore Mau\",\"description\":\"Fotografin\",\"potentialAction\":[{\"@type\":\"SearchAction\",\"target\":{\"@type\":\"EntryPoint\",\"urlTemplate\":\"https:\\\/\\\/leonore-mau.de\\\/?s={search_term_string}\"},\"query-input\":{\"@type\":\"PropertyValueSpecification\",\"valueRequired\":true,\"valueName\":\"search_term_string\"}}],\"inLanguage\":\"en-US\"}]}<\/script>\n<!-- \/ Yoast SEO plugin. -->","yoast_head_json":{"title":"Ohne Titel (Blick auf die Bucht \"Forte do Mar\") - Leonore Mau","robots":{"index":"index","follow":"follow","max-snippet":"max-snippet:-1","max-image-preview":"max-image-preview:large","max-video-preview":"max-video-preview:-1"},"canonical":"https:\/\/leonore-mau.de\/produkt\/ohne-titel-blick-auf-die-bucht-forte-do-mar\/","og_locale":"en_US","og_type":"article","og_title":"Ohne Titel (Blick auf die Bucht \"Forte do Mar\") - Leonore Mau","og_description":"Blick auf die Bucht &#8220;Forte do Mar&#8221; vom Lacerda-Aufzug. Im Vordergrund ein Mann auf einem Steinsockel. Im Hintergrund die Bucht &#8220;Forte do Mar&#8221; mit Anlegestellen f\u00fcr Boote, die Festung &#8220;Forte S\u00e3o Marcelo&#8221; und die Skulptur &#8220;Monumento \u00e0 Cidade de Salvador&#8221; (Brunnen). Aufgenommen in Salvador da Bahia in der Allerheiligenbucht, Ba\u00eda de Todos os Santos.","og_url":"https:\/\/leonore-mau.de\/produkt\/ohne-titel-blick-auf-die-bucht-forte-do-mar\/","og_site_name":"Leonore Mau","article_modified_time":"2022-09-13T21:15:35+00:00","og_image":[{"width":1200,"height":1200,"url":"https:\/\/leonore-mau.de\/wp-content\/uploads\/2022\/07\/70248263.jpg","type":"image\/jpeg"}],"twitter_card":"summary_large_image","schema":{"@context":"https:\/\/schema.org","@graph":[{"@type":"WebPage","@id":"https:\/\/leonore-mau.de\/produkt\/ohne-titel-blick-auf-die-bucht-forte-do-mar\/","url":"https:\/\/leonore-mau.de\/produkt\/ohne-titel-blick-auf-die-bucht-forte-do-mar\/","name":"Ohne Titel (Blick auf die Bucht \"Forte do Mar\") - Leonore Mau","isPartOf":{"@id":"https:\/\/leonore-mau.de\/#website"},"primaryImageOfPage":{"@id":"https:\/\/leonore-mau.de\/produkt\/ohne-titel-blick-auf-die-bucht-forte-do-mar\/#primaryimage"},"image":{"@id":"https:\/\/leonore-mau.de\/produkt\/ohne-titel-blick-auf-die-bucht-forte-do-mar\/#primaryimage"},"thumbnailUrl":"https:\/\/leonore-mau.de\/wp-content\/uploads\/2022\/07\/70248263.jpg","datePublished":"2022-07-14T20:24:10+00:00","dateModified":"2022-09-13T21:15:35+00:00","breadcrumb":{"@id":"https:\/\/leonore-mau.de\/produkt\/ohne-titel-blick-auf-die-bucht-forte-do-mar\/#breadcrumb"},"inLanguage":"en-US","potentialAction":[{"@type":"ReadAction","target":["https:\/\/leonore-mau.de\/produkt\/ohne-titel-blick-auf-die-bucht-forte-do-mar\/"]}]},{"@type":"ImageObject","inLanguage":"en-US","@id":"https:\/\/leonore-mau.de\/produkt\/ohne-titel-blick-auf-die-bucht-forte-do-mar\/#primaryimage","url":"https:\/\/leonore-mau.de\/wp-content\/uploads\/2022\/07\/70248263.jpg","contentUrl":"https:\/\/leonore-mau.de\/wp-content\/uploads\/2022\/07\/70248263.jpg","width":1200,"height":1200,"caption":"Blick auf die Bucht \"Forte do Mar\" vom Lacerda-Aufzug. Im Vordergrund ein Mann auf einem Steinsockel. Im Hintergrund die Bucht \"Forte do Mar\" mit Anlegestellen f\u00fcr Boote, die Festung \"Forte S\u00e3o Marcelo\" und die Skulptur \"Monumento \u00e0 Cidade de Salvador\" (Brunnen). Aufgenommen in Salvador da Bahia in der Allerheiligenbucht, Ba\u00eda de Todos os Santos. Aufnahmedatum: 1971 - 1972 Material\/Technik: Foto \/ Farbdia Bildformat (Foto): Gro\u00dfbild (6x6) Aufnahmeort: Salvador da Bahia Inventar-Nr.: LM-506580"},{"@type":"BreadcrumbList","@id":"https:\/\/leonore-mau.de\/produkt\/ohne-titel-blick-auf-die-bucht-forte-do-mar\/#breadcrumb","itemListElement":[{"@type":"ListItem","position":1,"name":"Startseite","item":"https:\/\/leonore-mau.de\/en\/"},{"@type":"ListItem","position":2,"name":"Shop","item":"https:\/\/leonore-mau.de\/en\/shop-2\/"},{"@type":"ListItem","position":3,"name":"Ohne Titel (Blick auf die Bucht &#8222;Forte do Mar&#8220;)"}]},{"@type":"WebSite","@id":"https:\/\/leonore-mau.de\/#website","url":"https:\/\/leonore-mau.de\/","name":"Leonore Mau","description":"Fotografin","potentialAction":[{"@type":"SearchAction","target":{"@type":"EntryPoint","urlTemplate":"https:\/\/leonore-mau.de\/?s={search_term_string}"},"query-input":{"@type":"PropertyValueSpecification","valueRequired":true,"valueName":"search_term_string"}}],"inLanguage":"en-US"}]}},"_links":{"self":[{"href":"https:\/\/leonore-mau.de\/en\/wp-json\/wp\/v2\/product\/1857","targetHints":{"allow":["GET"]}}],"collection":[{"href":"https:\/\/leonore-mau.de\/en\/wp-json\/wp\/v2\/product"}],"about":[{"href":"https:\/\/leonore-mau.de\/en\/wp-json\/wp\/v2\/types\/product"}],"wp:featuredmedia":[{"embeddable":true,"href":"https:\/\/leonore-mau.de\/en\/wp-json\/wp\/v2\/media\/1459"}],"wp:attachment":[{"href":"https:\/\/leonore-mau.de\/en\/wp-json\/wp\/v2\/media?parent=1857"}],"wp:term":[{"taxonomy":"product_brand","embeddable":true,"href":"https:\/\/leonore-mau.de\/en\/wp-json\/wp\/v2\/product_brand?post=1857"},{"taxonomy":"product_cat","embeddable":true,"href":"https:\/\/leonore-mau.de\/en\/wp-json\/wp\/v2\/product_cat?post=1857"},{"taxonomy":"product_tag","embeddable":true,"href":"https:\/\/leonore-mau.de\/en\/wp-json\/wp\/v2\/product_tag?post=1857"}],"curies":[{"name":"wp","href":"https:\/\/api.w.org\/{rel}","templated":true}]}}