{"id":1879,"date":"2022-07-14T22:24:25","date_gmt":"2022-07-14T20:24:25","guid":{"rendered":"https:\/\/leonore-mau.de\/produkt\/ohne-titel-frau-des-koenigs-langanfin-glele\/"},"modified":"2022-09-13T23:15:53","modified_gmt":"2022-09-13T21:15:53","slug":"ohne-titel-frau-des-koenigs-langanfin-glele","status":"publish","type":"product","link":"https:\/\/leonore-mau.de\/en\/produkt\/ohne-titel-frau-des-koenigs-langanfin-glele\/","title":{"rendered":"Ohne Titel (Frau des K\u00f6nigs Langanfin Gl\u00e8l\u00e8)"},"content":{"rendered":"<p>Frau des K\u00f6nigs Langanfin Gl\u00e8l\u00e8. Referenz: Katalog der Ausstellung &#8220;G\u00f6tter aus Afrika&#8221; im Nieders\u00e4chsische Landesmuseum Hannover<\/p>\n","protected":false},"excerpt":{"rendered":"<p>Frau des K\u00f6nigs Langanfin Gl\u00e8l\u00e8. Referenz: Katalog der Ausstellung &#8220;G\u00f6tter aus Afrika&#8221; im Nieders\u00e4chsische Landesmuseum Hannover<\/p>\n","protected":false},"featured_media":1437,"template":"","meta":[],"product_brand":[],"product_cat":[17],"product_tag":[22,24,21,23,939,2437,2438,1109,1110,1111,1112,1113,940,1353,1354,84,1355,3543,3544,2182,2183,1356,1357,43,44,354,2184,2185,2186,2187,1358,1359,1270,1576,1634,1360,2188,2189,2190,3837,3838,70,71,580,581,105,107,1456,93,92,94,91,106,108,957,958],"class_list":{"0":"post-1879","1":"product","2":"type-product","3":"status-publish","4":"has-post-thumbnail","6":"product_cat-unkategorisiert","7":"product_tag-20-jahrhundert-nach-chr","8":"product_tag-20-jh-n-chr","9":"product_tag-20-jahrhundert","10":"product_tag-20-jh","11":"product_tag-afrika","12":"product_tag-afrikanerin","13":"product_tag-afrikanerinnen","14":"product_tag-afrikanisch","15":"product_tag-afrikanische","16":"product_tag-afrikanischen","17":"product_tag-afrikanischer","18":"product_tag-afrikanisches","19":"product_tag-afrikas","20":"product_tag-angesicht","21":"product_tag-antlitz","22":"product_tag-ausland","23":"product_tag-close-up","24":"product_tag-collier","25":"product_tag-colliers","26":"product_tag-damenfrisur","27":"product_tag-damenfrisuren","28":"product_tag-detail","29":"product_tag-details","30":"product_tag-fotografin","31":"product_tag-fotografinnen","32":"product_tag-frau","33":"product_tag-frauenfrisur","34":"product_tag-frauenfrisuren","35":"product_tag-frisur","36":"product_tag-frisuren","37":"product_tag-gesicht","38":"product_tag-gesichter","39":"product_tag-grossaufnahme","40":"product_tag-halskette","41":"product_tag-halsketten","42":"product_tag-nahaufnahme","43":"product_tag-ohrring","44":"product_tag-ohrringe","45":"product_tag-ohrringen","46":"product_tag-perlenkette","47":"product_tag-perlenketten","48":"product_tag-photographin","49":"product_tag-photographinnen","50":"product_tag-portrait","51":"product_tag-portraet","52":"product_tag-s-w-fotografie","53":"product_tag-s-w-photographie","54":"product_tag-schmuck","55":"product_tag-schwarzweissphotographie","56":"product_tag-schwarz-weiss-fotografie","57":"product_tag-schwarz-weiss-photographie","58":"product_tag-schwarzweissfotografie","59":"product_tag-sw-fotografie","60":"product_tag-sw-photographie","61":"product_tag-westafrika","62":"product_tag-westafrikas","64":"first","65":"instock","66":"shipping-taxable","67":"product-type-simple"},"yoast_head":"<!-- This site is optimized with the Yoast SEO plugin v27.3 - https:\/\/yoast.com\/product\/yoast-seo-wordpress\/ -->\n<title>Ohne Titel (Frau des K\u00f6nigs Langanfin Gl\u00e8l\u00e8) - Leonore Mau<\/title>\n<meta name=\"robots\" content=\"index, follow, max-snippet:-1, max-image-preview:large, max-video-preview:-1\" \/>\n<link rel=\"canonical\" href=\"https:\/\/leonore-mau.de\/produkt\/ohne-titel-frau-des-koenigs-langanfin-glele\/\" \/>\n<meta property=\"og:locale\" content=\"en_US\" \/>\n<meta property=\"og:type\" content=\"article\" \/>\n<meta property=\"og:title\" content=\"Ohne Titel (Frau des K\u00f6nigs Langanfin Gl\u00e8l\u00e8) - Leonore Mau\" \/>\n<meta property=\"og:description\" content=\"Frau des K\u00f6nigs Langanfin Gl\u00e8l\u00e8. Referenz: Katalog der Ausstellung &#8220;G\u00f6tter aus Afrika&#8221; im Nieders\u00e4chsische Landesmuseum Hannover\" \/>\n<meta property=\"og:url\" content=\"https:\/\/leonore-mau.de\/produkt\/ohne-titel-frau-des-koenigs-langanfin-glele\/\" \/>\n<meta property=\"og:site_name\" content=\"Leonore Mau\" \/>\n<meta property=\"article:modified_time\" content=\"2022-09-13T21:15:53+00:00\" \/>\n<meta property=\"og:image\" content=\"https:\/\/leonore-mau.de\/wp-content\/uploads\/2022\/07\/70247723.jpg\" \/>\n\t<meta property=\"og:image:width\" content=\"928\" \/>\n\t<meta property=\"og:image:height\" content=\"1200\" \/>\n\t<meta property=\"og:image:type\" content=\"image\/jpeg\" \/>\n<meta name=\"twitter:card\" content=\"summary_large_image\" \/>\n<script type=\"application\/ld+json\" class=\"yoast-schema-graph\">{\"@context\":\"https:\\\/\\\/schema.org\",\"@graph\":[{\"@type\":\"WebPage\",\"@id\":\"https:\\\/\\\/leonore-mau.de\\\/produkt\\\/ohne-titel-frau-des-koenigs-langanfin-glele\\\/\",\"url\":\"https:\\\/\\\/leonore-mau.de\\\/produkt\\\/ohne-titel-frau-des-koenigs-langanfin-glele\\\/\",\"name\":\"Ohne Titel (Frau des K\u00f6nigs Langanfin Gl\u00e8l\u00e8) - Leonore Mau\",\"isPartOf\":{\"@id\":\"https:\\\/\\\/leonore-mau.de\\\/#website\"},\"primaryImageOfPage\":{\"@id\":\"https:\\\/\\\/leonore-mau.de\\\/produkt\\\/ohne-titel-frau-des-koenigs-langanfin-glele\\\/#primaryimage\"},\"image\":{\"@id\":\"https:\\\/\\\/leonore-mau.de\\\/produkt\\\/ohne-titel-frau-des-koenigs-langanfin-glele\\\/#primaryimage\"},\"thumbnailUrl\":\"https:\\\/\\\/leonore-mau.de\\\/wp-content\\\/uploads\\\/2022\\\/07\\\/70247723.jpg\",\"datePublished\":\"2022-07-14T20:24:25+00:00\",\"dateModified\":\"2022-09-13T21:15:53+00:00\",\"breadcrumb\":{\"@id\":\"https:\\\/\\\/leonore-mau.de\\\/produkt\\\/ohne-titel-frau-des-koenigs-langanfin-glele\\\/#breadcrumb\"},\"inLanguage\":\"en-US\",\"potentialAction\":[{\"@type\":\"ReadAction\",\"target\":[\"https:\\\/\\\/leonore-mau.de\\\/produkt\\\/ohne-titel-frau-des-koenigs-langanfin-glele\\\/\"]}]},{\"@type\":\"ImageObject\",\"inLanguage\":\"en-US\",\"@id\":\"https:\\\/\\\/leonore-mau.de\\\/produkt\\\/ohne-titel-frau-des-koenigs-langanfin-glele\\\/#primaryimage\",\"url\":\"https:\\\/\\\/leonore-mau.de\\\/wp-content\\\/uploads\\\/2022\\\/07\\\/70247723.jpg\",\"contentUrl\":\"https:\\\/\\\/leonore-mau.de\\\/wp-content\\\/uploads\\\/2022\\\/07\\\/70247723.jpg\",\"width\":928,\"height\":1200,\"caption\":\"Frau des K\u00f6nigs Langanfin Gl\u00e8l\u00e8. Referenz: Katalog der Ausstellung \\\"G\u00f6tter aus Afrika\\\" im Nieders\u00e4chsische Landesmuseum Hannover Aufnahmedatum: 1975 - 1985 Material\\\/Technik: Foto \\\/ Silbergelatine auf Barytpapier Bildformat (Foto): 23,7 x 30,3 cm Aufnahmeort: Abomey \\\/ Benin Inventar-Nr.: LM-504366\"},{\"@type\":\"BreadcrumbList\",\"@id\":\"https:\\\/\\\/leonore-mau.de\\\/produkt\\\/ohne-titel-frau-des-koenigs-langanfin-glele\\\/#breadcrumb\",\"itemListElement\":[{\"@type\":\"ListItem\",\"position\":1,\"name\":\"Startseite\",\"item\":\"https:\\\/\\\/leonore-mau.de\\\/en\\\/\"},{\"@type\":\"ListItem\",\"position\":2,\"name\":\"Shop\",\"item\":\"https:\\\/\\\/leonore-mau.de\\\/en\\\/shop-2\\\/\"},{\"@type\":\"ListItem\",\"position\":3,\"name\":\"Ohne Titel (Frau des K\u00f6nigs Langanfin Gl\u00e8l\u00e8)\"}]},{\"@type\":\"WebSite\",\"@id\":\"https:\\\/\\\/leonore-mau.de\\\/#website\",\"url\":\"https:\\\/\\\/leonore-mau.de\\\/\",\"name\":\"Leonore Mau\",\"description\":\"Fotografin\",\"potentialAction\":[{\"@type\":\"SearchAction\",\"target\":{\"@type\":\"EntryPoint\",\"urlTemplate\":\"https:\\\/\\\/leonore-mau.de\\\/?s={search_term_string}\"},\"query-input\":{\"@type\":\"PropertyValueSpecification\",\"valueRequired\":true,\"valueName\":\"search_term_string\"}}],\"inLanguage\":\"en-US\"}]}<\/script>\n<!-- \/ Yoast SEO plugin. -->","yoast_head_json":{"title":"Ohne Titel (Frau des K\u00f6nigs Langanfin Gl\u00e8l\u00e8) - Leonore Mau","robots":{"index":"index","follow":"follow","max-snippet":"max-snippet:-1","max-image-preview":"max-image-preview:large","max-video-preview":"max-video-preview:-1"},"canonical":"https:\/\/leonore-mau.de\/produkt\/ohne-titel-frau-des-koenigs-langanfin-glele\/","og_locale":"en_US","og_type":"article","og_title":"Ohne Titel (Frau des K\u00f6nigs Langanfin Gl\u00e8l\u00e8) - Leonore Mau","og_description":"Frau des K\u00f6nigs Langanfin Gl\u00e8l\u00e8. Referenz: Katalog der Ausstellung &#8220;G\u00f6tter aus Afrika&#8221; im Nieders\u00e4chsische Landesmuseum Hannover","og_url":"https:\/\/leonore-mau.de\/produkt\/ohne-titel-frau-des-koenigs-langanfin-glele\/","og_site_name":"Leonore Mau","article_modified_time":"2022-09-13T21:15:53+00:00","og_image":[{"width":928,"height":1200,"url":"https:\/\/leonore-mau.de\/wp-content\/uploads\/2022\/07\/70247723.jpg","type":"image\/jpeg"}],"twitter_card":"summary_large_image","schema":{"@context":"https:\/\/schema.org","@graph":[{"@type":"WebPage","@id":"https:\/\/leonore-mau.de\/produkt\/ohne-titel-frau-des-koenigs-langanfin-glele\/","url":"https:\/\/leonore-mau.de\/produkt\/ohne-titel-frau-des-koenigs-langanfin-glele\/","name":"Ohne Titel (Frau des K\u00f6nigs Langanfin Gl\u00e8l\u00e8) - Leonore Mau","isPartOf":{"@id":"https:\/\/leonore-mau.de\/#website"},"primaryImageOfPage":{"@id":"https:\/\/leonore-mau.de\/produkt\/ohne-titel-frau-des-koenigs-langanfin-glele\/#primaryimage"},"image":{"@id":"https:\/\/leonore-mau.de\/produkt\/ohne-titel-frau-des-koenigs-langanfin-glele\/#primaryimage"},"thumbnailUrl":"https:\/\/leonore-mau.de\/wp-content\/uploads\/2022\/07\/70247723.jpg","datePublished":"2022-07-14T20:24:25+00:00","dateModified":"2022-09-13T21:15:53+00:00","breadcrumb":{"@id":"https:\/\/leonore-mau.de\/produkt\/ohne-titel-frau-des-koenigs-langanfin-glele\/#breadcrumb"},"inLanguage":"en-US","potentialAction":[{"@type":"ReadAction","target":["https:\/\/leonore-mau.de\/produkt\/ohne-titel-frau-des-koenigs-langanfin-glele\/"]}]},{"@type":"ImageObject","inLanguage":"en-US","@id":"https:\/\/leonore-mau.de\/produkt\/ohne-titel-frau-des-koenigs-langanfin-glele\/#primaryimage","url":"https:\/\/leonore-mau.de\/wp-content\/uploads\/2022\/07\/70247723.jpg","contentUrl":"https:\/\/leonore-mau.de\/wp-content\/uploads\/2022\/07\/70247723.jpg","width":928,"height":1200,"caption":"Frau des K\u00f6nigs Langanfin Gl\u00e8l\u00e8. Referenz: Katalog der Ausstellung \"G\u00f6tter aus Afrika\" im Nieders\u00e4chsische Landesmuseum Hannover Aufnahmedatum: 1975 - 1985 Material\/Technik: Foto \/ Silbergelatine auf Barytpapier Bildformat (Foto): 23,7 x 30,3 cm Aufnahmeort: Abomey \/ Benin Inventar-Nr.: LM-504366"},{"@type":"BreadcrumbList","@id":"https:\/\/leonore-mau.de\/produkt\/ohne-titel-frau-des-koenigs-langanfin-glele\/#breadcrumb","itemListElement":[{"@type":"ListItem","position":1,"name":"Startseite","item":"https:\/\/leonore-mau.de\/en\/"},{"@type":"ListItem","position":2,"name":"Shop","item":"https:\/\/leonore-mau.de\/en\/shop-2\/"},{"@type":"ListItem","position":3,"name":"Ohne Titel (Frau des K\u00f6nigs Langanfin Gl\u00e8l\u00e8)"}]},{"@type":"WebSite","@id":"https:\/\/leonore-mau.de\/#website","url":"https:\/\/leonore-mau.de\/","name":"Leonore Mau","description":"Fotografin","potentialAction":[{"@type":"SearchAction","target":{"@type":"EntryPoint","urlTemplate":"https:\/\/leonore-mau.de\/?s={search_term_string}"},"query-input":{"@type":"PropertyValueSpecification","valueRequired":true,"valueName":"search_term_string"}}],"inLanguage":"en-US"}]}},"_links":{"self":[{"href":"https:\/\/leonore-mau.de\/en\/wp-json\/wp\/v2\/product\/1879","targetHints":{"allow":["GET"]}}],"collection":[{"href":"https:\/\/leonore-mau.de\/en\/wp-json\/wp\/v2\/product"}],"about":[{"href":"https:\/\/leonore-mau.de\/en\/wp-json\/wp\/v2\/types\/product"}],"wp:featuredmedia":[{"embeddable":true,"href":"https:\/\/leonore-mau.de\/en\/wp-json\/wp\/v2\/media\/1437"}],"wp:attachment":[{"href":"https:\/\/leonore-mau.de\/en\/wp-json\/wp\/v2\/media?parent=1879"}],"wp:term":[{"taxonomy":"product_brand","embeddable":true,"href":"https:\/\/leonore-mau.de\/en\/wp-json\/wp\/v2\/product_brand?post=1879"},{"taxonomy":"product_cat","embeddable":true,"href":"https:\/\/leonore-mau.de\/en\/wp-json\/wp\/v2\/product_cat?post=1879"},{"taxonomy":"product_tag","embeddable":true,"href":"https:\/\/leonore-mau.de\/en\/wp-json\/wp\/v2\/product_tag?post=1879"}],"curies":[{"name":"wp","href":"https:\/\/api.w.org\/{rel}","templated":true}]}}