{"id":1881,"date":"2022-07-14T22:24:26","date_gmt":"2022-07-14T20:24:26","guid":{"rendered":"https:\/\/leonore-mau.de\/produkt\/ohne-titel-willy-brandt-mit-dem-mexikanischen-praesidenten-luis-encheverria\/"},"modified":"2022-09-13T23:15:53","modified_gmt":"2022-09-13T21:15:53","slug":"ohne-titel-willy-brandt-mit-dem-mexikanischen-praesidenten-luis-encheverria","status":"publish","type":"product","link":"https:\/\/leonore-mau.de\/en\/produkt\/ohne-titel-willy-brandt-mit-dem-mexikanischen-praesidenten-luis-encheverria\/","title":{"rendered":"Ohne Titel (Willy Brandt mit dem mexikanischen Pr\u00e4sidenten Luis Encheverria)"},"content":{"rendered":"<p>Willy Brandt an der linken Seite des mexikanischen Pr\u00e4sidenten Luis Encheverria. Rechts von Encheverria der Pr\u00e4sident Venezuelas Carlos Andres Perez. Gefeiert wird der nationale Feiertag in Mexico zu Ehren Benito Juarez.<\/p>\n","protected":false},"excerpt":{"rendered":"<p>Willy Brandt an der linken Seite des mexikanischen Pr\u00e4sidenten Luis Encheverria. Rechts von Encheverria der Pr\u00e4sident Venezuelas Carlos Andres Perez. Gefeiert wird der nationale Feiertag in Mexico zu Ehren Benito Juarez.<\/p>\n","protected":false},"featured_media":1435,"template":"","meta":[],"product_brand":[],"product_cat":[17],"product_tag":[4215,4210,78,22,24,21,23,80,84,171,172,4211,4212,1297,1298,43,44,1345,2147,2148,2149,2150,2151,2152,4213,4111,4127,4112,4113,4128,728,729,2750,2751,703,704,70,71,1764,1765,105,107,735,93,92,94,91,95,996,997,998,999,1000,1001,106,108,4214],"class_list":{"0":"post-1881","1":"product","2":"type-product","3":"status-publish","4":"has-post-thumbnail","6":"product_cat-unkategorisiert","7":"product_tag-willy-brandt","8":"product_tag-18-12-1913-08-10-1992","9":"product_tag-1970er-jahre","10":"product_tag-20-jahrhundert-nach-chr","11":"product_tag-20-jh-n-chr","12":"product_tag-20-jahrhundert","13":"product_tag-20-jh","14":"product_tag-70er","15":"product_tag-ausland","16":"product_tag-aussenaufnahme","17":"product_tag-aussenaufnahmen","18":"product_tag-aussenpolitik","19":"product_tag-brandt","20":"product_tag-brille","21":"product_tag-brillen","22":"product_tag-fotografin","23":"product_tag-fotografinnen","24":"product_tag-gruppe","25":"product_tag-gruppenaufnahme","26":"product_tag-gruppenaufnahmen","27":"product_tag-gruppenfoto","28":"product_tag-gruppenfotos","29":"product_tag-gruppenphoto","30":"product_tag-gruppenphotos","31":"product_tag-herbert-ernst-karl-frahm","32":"product_tag-herr","33":"product_tag-herren","34":"product_tag-herrenanzug","35":"product_tag-herrenanzuege","36":"product_tag-herrn","37":"product_tag-krawatte","38":"product_tag-krawatten","39":"product_tag-mexico","40":"product_tag-mexiko","41":"product_tag-persoenlichkeit","42":"product_tag-persoenlichkeiten","43":"product_tag-photographin","44":"product_tag-photographinnen","45":"product_tag-politiker","46":"product_tag-politikers","47":"product_tag-s-w-fotografie","48":"product_tag-s-w-photographie","49":"product_tag-schlips","50":"product_tag-schwarzweissphotographie","51":"product_tag-schwarz-weiss-fotografie","52":"product_tag-schwarz-weiss-photographie","53":"product_tag-schwarzweissfotografie","54":"product_tag-siebziger","55":"product_tag-stehen","56":"product_tag-stehend","57":"product_tag-stehende","58":"product_tag-stehenden","59":"product_tag-stehender","60":"product_tag-stehendes","61":"product_tag-sw-fotografie","62":"product_tag-sw-photographie","63":"product_tag-willy","65":"first","66":"instock","67":"shipping-taxable","68":"product-type-simple"},"yoast_head":"<!-- This site is optimized with the Yoast SEO plugin v27.3 - https:\/\/yoast.com\/product\/yoast-seo-wordpress\/ -->\n<title>Ohne Titel (Willy Brandt mit dem mexikanischen Pr\u00e4sidenten Luis Encheverria) - Leonore Mau<\/title>\n<meta name=\"robots\" content=\"index, follow, max-snippet:-1, max-image-preview:large, max-video-preview:-1\" \/>\n<link rel=\"canonical\" href=\"https:\/\/leonore-mau.de\/produkt\/ohne-titel-willy-brandt-mit-dem-mexikanischen-praesidenten-luis-encheverria\/\" \/>\n<meta property=\"og:locale\" content=\"en_US\" \/>\n<meta property=\"og:type\" content=\"article\" \/>\n<meta property=\"og:title\" content=\"Ohne Titel (Willy Brandt mit dem mexikanischen Pr\u00e4sidenten Luis Encheverria) - Leonore Mau\" \/>\n<meta property=\"og:description\" content=\"Willy Brandt an der linken Seite des mexikanischen Pr\u00e4sidenten Luis Encheverria. Rechts von Encheverria der Pr\u00e4sident Venezuelas Carlos Andres Perez. Gefeiert wird der nationale Feiertag in Mexico zu Ehren Benito Juarez.\" \/>\n<meta property=\"og:url\" content=\"https:\/\/leonore-mau.de\/produkt\/ohne-titel-willy-brandt-mit-dem-mexikanischen-praesidenten-luis-encheverria\/\" \/>\n<meta property=\"og:site_name\" content=\"Leonore Mau\" \/>\n<meta property=\"article:modified_time\" content=\"2022-09-13T21:15:53+00:00\" \/>\n<meta property=\"og:image\" content=\"https:\/\/leonore-mau.de\/wp-content\/uploads\/2022\/07\/70247552.jpg\" \/>\n\t<meta property=\"og:image:width\" content=\"1189\" \/>\n\t<meta property=\"og:image:height\" content=\"1200\" \/>\n\t<meta property=\"og:image:type\" content=\"image\/jpeg\" \/>\n<meta name=\"twitter:card\" content=\"summary_large_image\" \/>\n<script type=\"application\/ld+json\" class=\"yoast-schema-graph\">{\"@context\":\"https:\\\/\\\/schema.org\",\"@graph\":[{\"@type\":\"WebPage\",\"@id\":\"https:\\\/\\\/leonore-mau.de\\\/produkt\\\/ohne-titel-willy-brandt-mit-dem-mexikanischen-praesidenten-luis-encheverria\\\/\",\"url\":\"https:\\\/\\\/leonore-mau.de\\\/produkt\\\/ohne-titel-willy-brandt-mit-dem-mexikanischen-praesidenten-luis-encheverria\\\/\",\"name\":\"Ohne Titel (Willy Brandt mit dem mexikanischen Pr\u00e4sidenten Luis Encheverria) - Leonore Mau\",\"isPartOf\":{\"@id\":\"https:\\\/\\\/leonore-mau.de\\\/#website\"},\"primaryImageOfPage\":{\"@id\":\"https:\\\/\\\/leonore-mau.de\\\/produkt\\\/ohne-titel-willy-brandt-mit-dem-mexikanischen-praesidenten-luis-encheverria\\\/#primaryimage\"},\"image\":{\"@id\":\"https:\\\/\\\/leonore-mau.de\\\/produkt\\\/ohne-titel-willy-brandt-mit-dem-mexikanischen-praesidenten-luis-encheverria\\\/#primaryimage\"},\"thumbnailUrl\":\"https:\\\/\\\/leonore-mau.de\\\/wp-content\\\/uploads\\\/2022\\\/07\\\/70247552.jpg\",\"datePublished\":\"2022-07-14T20:24:26+00:00\",\"dateModified\":\"2022-09-13T21:15:53+00:00\",\"breadcrumb\":{\"@id\":\"https:\\\/\\\/leonore-mau.de\\\/produkt\\\/ohne-titel-willy-brandt-mit-dem-mexikanischen-praesidenten-luis-encheverria\\\/#breadcrumb\"},\"inLanguage\":\"en-US\",\"potentialAction\":[{\"@type\":\"ReadAction\",\"target\":[\"https:\\\/\\\/leonore-mau.de\\\/produkt\\\/ohne-titel-willy-brandt-mit-dem-mexikanischen-praesidenten-luis-encheverria\\\/\"]}]},{\"@type\":\"ImageObject\",\"inLanguage\":\"en-US\",\"@id\":\"https:\\\/\\\/leonore-mau.de\\\/produkt\\\/ohne-titel-willy-brandt-mit-dem-mexikanischen-praesidenten-luis-encheverria\\\/#primaryimage\",\"url\":\"https:\\\/\\\/leonore-mau.de\\\/wp-content\\\/uploads\\\/2022\\\/07\\\/70247552.jpg\",\"contentUrl\":\"https:\\\/\\\/leonore-mau.de\\\/wp-content\\\/uploads\\\/2022\\\/07\\\/70247552.jpg\",\"width\":1189,\"height\":1200,\"caption\":\"Willy Brandt an der linken Seite des mexikanischen Pr\u00e4sidenten Luis Encheverria. Rechts von Encheverria der Pr\u00e4sident Venezuelas Carlos Andres Perez. Gefeiert wird der nationale Feiertag in Mexico zu Ehren Benito Juarez. Aufnahmedatum: 21.03.1975 Material\\\/Technik: Foto \\\/ Negativ Bildformat (Foto): Gro\u00dfbild (6x6) Aufnahmeort: Mexiko-Stadt Inventar-Nr.: LM-506628\"},{\"@type\":\"BreadcrumbList\",\"@id\":\"https:\\\/\\\/leonore-mau.de\\\/produkt\\\/ohne-titel-willy-brandt-mit-dem-mexikanischen-praesidenten-luis-encheverria\\\/#breadcrumb\",\"itemListElement\":[{\"@type\":\"ListItem\",\"position\":1,\"name\":\"Startseite\",\"item\":\"https:\\\/\\\/leonore-mau.de\\\/en\\\/\"},{\"@type\":\"ListItem\",\"position\":2,\"name\":\"Shop\",\"item\":\"https:\\\/\\\/leonore-mau.de\\\/en\\\/shop-2\\\/\"},{\"@type\":\"ListItem\",\"position\":3,\"name\":\"Ohne Titel (Willy Brandt mit dem mexikanischen Pr\u00e4sidenten Luis Encheverria)\"}]},{\"@type\":\"WebSite\",\"@id\":\"https:\\\/\\\/leonore-mau.de\\\/#website\",\"url\":\"https:\\\/\\\/leonore-mau.de\\\/\",\"name\":\"Leonore Mau\",\"description\":\"Fotografin\",\"potentialAction\":[{\"@type\":\"SearchAction\",\"target\":{\"@type\":\"EntryPoint\",\"urlTemplate\":\"https:\\\/\\\/leonore-mau.de\\\/?s={search_term_string}\"},\"query-input\":{\"@type\":\"PropertyValueSpecification\",\"valueRequired\":true,\"valueName\":\"search_term_string\"}}],\"inLanguage\":\"en-US\"}]}<\/script>\n<!-- \/ Yoast SEO plugin. -->","yoast_head_json":{"title":"Ohne Titel (Willy Brandt mit dem mexikanischen Pr\u00e4sidenten Luis Encheverria) - Leonore Mau","robots":{"index":"index","follow":"follow","max-snippet":"max-snippet:-1","max-image-preview":"max-image-preview:large","max-video-preview":"max-video-preview:-1"},"canonical":"https:\/\/leonore-mau.de\/produkt\/ohne-titel-willy-brandt-mit-dem-mexikanischen-praesidenten-luis-encheverria\/","og_locale":"en_US","og_type":"article","og_title":"Ohne Titel (Willy Brandt mit dem mexikanischen Pr\u00e4sidenten Luis Encheverria) - Leonore Mau","og_description":"Willy Brandt an der linken Seite des mexikanischen Pr\u00e4sidenten Luis Encheverria. Rechts von Encheverria der Pr\u00e4sident Venezuelas Carlos Andres Perez. Gefeiert wird der nationale Feiertag in Mexico zu Ehren Benito Juarez.","og_url":"https:\/\/leonore-mau.de\/produkt\/ohne-titel-willy-brandt-mit-dem-mexikanischen-praesidenten-luis-encheverria\/","og_site_name":"Leonore Mau","article_modified_time":"2022-09-13T21:15:53+00:00","og_image":[{"width":1189,"height":1200,"url":"https:\/\/leonore-mau.de\/wp-content\/uploads\/2022\/07\/70247552.jpg","type":"image\/jpeg"}],"twitter_card":"summary_large_image","schema":{"@context":"https:\/\/schema.org","@graph":[{"@type":"WebPage","@id":"https:\/\/leonore-mau.de\/produkt\/ohne-titel-willy-brandt-mit-dem-mexikanischen-praesidenten-luis-encheverria\/","url":"https:\/\/leonore-mau.de\/produkt\/ohne-titel-willy-brandt-mit-dem-mexikanischen-praesidenten-luis-encheverria\/","name":"Ohne Titel (Willy Brandt mit dem mexikanischen Pr\u00e4sidenten Luis Encheverria) - Leonore Mau","isPartOf":{"@id":"https:\/\/leonore-mau.de\/#website"},"primaryImageOfPage":{"@id":"https:\/\/leonore-mau.de\/produkt\/ohne-titel-willy-brandt-mit-dem-mexikanischen-praesidenten-luis-encheverria\/#primaryimage"},"image":{"@id":"https:\/\/leonore-mau.de\/produkt\/ohne-titel-willy-brandt-mit-dem-mexikanischen-praesidenten-luis-encheverria\/#primaryimage"},"thumbnailUrl":"https:\/\/leonore-mau.de\/wp-content\/uploads\/2022\/07\/70247552.jpg","datePublished":"2022-07-14T20:24:26+00:00","dateModified":"2022-09-13T21:15:53+00:00","breadcrumb":{"@id":"https:\/\/leonore-mau.de\/produkt\/ohne-titel-willy-brandt-mit-dem-mexikanischen-praesidenten-luis-encheverria\/#breadcrumb"},"inLanguage":"en-US","potentialAction":[{"@type":"ReadAction","target":["https:\/\/leonore-mau.de\/produkt\/ohne-titel-willy-brandt-mit-dem-mexikanischen-praesidenten-luis-encheverria\/"]}]},{"@type":"ImageObject","inLanguage":"en-US","@id":"https:\/\/leonore-mau.de\/produkt\/ohne-titel-willy-brandt-mit-dem-mexikanischen-praesidenten-luis-encheverria\/#primaryimage","url":"https:\/\/leonore-mau.de\/wp-content\/uploads\/2022\/07\/70247552.jpg","contentUrl":"https:\/\/leonore-mau.de\/wp-content\/uploads\/2022\/07\/70247552.jpg","width":1189,"height":1200,"caption":"Willy Brandt an der linken Seite des mexikanischen Pr\u00e4sidenten Luis Encheverria. Rechts von Encheverria der Pr\u00e4sident Venezuelas Carlos Andres Perez. Gefeiert wird der nationale Feiertag in Mexico zu Ehren Benito Juarez. Aufnahmedatum: 21.03.1975 Material\/Technik: Foto \/ Negativ Bildformat (Foto): Gro\u00dfbild (6x6) Aufnahmeort: Mexiko-Stadt Inventar-Nr.: LM-506628"},{"@type":"BreadcrumbList","@id":"https:\/\/leonore-mau.de\/produkt\/ohne-titel-willy-brandt-mit-dem-mexikanischen-praesidenten-luis-encheverria\/#breadcrumb","itemListElement":[{"@type":"ListItem","position":1,"name":"Startseite","item":"https:\/\/leonore-mau.de\/en\/"},{"@type":"ListItem","position":2,"name":"Shop","item":"https:\/\/leonore-mau.de\/en\/shop-2\/"},{"@type":"ListItem","position":3,"name":"Ohne Titel (Willy Brandt mit dem mexikanischen Pr\u00e4sidenten Luis Encheverria)"}]},{"@type":"WebSite","@id":"https:\/\/leonore-mau.de\/#website","url":"https:\/\/leonore-mau.de\/","name":"Leonore Mau","description":"Fotografin","potentialAction":[{"@type":"SearchAction","target":{"@type":"EntryPoint","urlTemplate":"https:\/\/leonore-mau.de\/?s={search_term_string}"},"query-input":{"@type":"PropertyValueSpecification","valueRequired":true,"valueName":"search_term_string"}}],"inLanguage":"en-US"}]}},"_links":{"self":[{"href":"https:\/\/leonore-mau.de\/en\/wp-json\/wp\/v2\/product\/1881","targetHints":{"allow":["GET"]}}],"collection":[{"href":"https:\/\/leonore-mau.de\/en\/wp-json\/wp\/v2\/product"}],"about":[{"href":"https:\/\/leonore-mau.de\/en\/wp-json\/wp\/v2\/types\/product"}],"wp:featuredmedia":[{"embeddable":true,"href":"https:\/\/leonore-mau.de\/en\/wp-json\/wp\/v2\/media\/1435"}],"wp:attachment":[{"href":"https:\/\/leonore-mau.de\/en\/wp-json\/wp\/v2\/media?parent=1881"}],"wp:term":[{"taxonomy":"product_brand","embeddable":true,"href":"https:\/\/leonore-mau.de\/en\/wp-json\/wp\/v2\/product_brand?post=1881"},{"taxonomy":"product_cat","embeddable":true,"href":"https:\/\/leonore-mau.de\/en\/wp-json\/wp\/v2\/product_cat?post=1881"},{"taxonomy":"product_tag","embeddable":true,"href":"https:\/\/leonore-mau.de\/en\/wp-json\/wp\/v2\/product_tag?post=1881"}],"curies":[{"name":"wp","href":"https:\/\/api.w.org\/{rel}","templated":true}]}}