{"id":1885,"date":"2022-07-14T22:24:29","date_gmt":"2022-07-14T20:24:29","guid":{"rendered":"https:\/\/leonore-mau.de\/produkt\/ohne-titel-tortenschiff-zur-ehren-des-waldgottes-oxossi\/"},"modified":"2022-09-13T23:15:56","modified_gmt":"2022-09-13T21:15:56","slug":"ohne-titel-tortenschiff-zur-ehren-des-waldgottes-oxossi","status":"publish","type":"product","link":"https:\/\/leonore-mau.de\/en\/produkt\/ohne-titel-tortenschiff-zur-ehren-des-waldgottes-oxossi\/","title":{"rendered":"Ohne Titel (Tortenschiff zur Ehren des Waldgottes Oxossi)"},"content":{"rendered":"<p>Portr\u00e4t einer Frau und jungem M\u00e4dchen mit einem Tortenschiff. Aufgenommen in Bahia in der Allerheiligenbucht Ba\u00eda de Todos os Santos.  &#8220;[&#8230;] Hier ein Tortenschiff, mit dem Oxossi, ein Waldgott der Yoruba, der die Fl\u00fcsse herunterf\u00e4hrt.&#8221; Referenz: Hubert Fichte und Leonore Mau, Xango, S. Fischer Verlag GmbH, 1976<\/p>\n","protected":false},"excerpt":{"rendered":"<p>Portr\u00e4t einer Frau und jungem M\u00e4dchen mit einem Tortenschiff. Aufgenommen in Bahia in der Allerheiligenbucht Ba\u00eda de Todos os Santos. &#8220;[&#8230;] Hier ein Tortenschiff, mit dem Oxossi, ein Waldgott der Yoruba, der die Fl\u00fcsse herunterf\u00e4hrt.&#8221; Referenz: Hubert Fichte und Leonore Mau, Xango, S. Fischer Verlag GmbH, 1976<\/p>\n","protected":false},"featured_media":1431,"template":"","meta":[],"product_brand":[],"product_cat":[17],"product_tag":[78,22,24,21,23,80,84,200,201,202,203,173,174,175,1008,1009,760,761,36,37,39,40,41,42,1451,762,763,43,44,354,169,910,188,189,242,243,623,4220,70,71,1013,1014,1015,1016,1017,1018,1019,263,95,1021,1022,1023,1024,1025,1026,996,997,998,999,1000,1001,163,164,1459,1460,1461,1462,1031,1032,1033,1034,1035,1036,1037,1038,1039],"class_list":{"0":"post-1885","1":"product","2":"type-product","3":"status-publish","4":"has-post-thumbnail","6":"product_cat-unkategorisiert","7":"product_tag-1970er-jahre","8":"product_tag-20-jahrhundert-nach-chr","9":"product_tag-20-jh-n-chr","10":"product_tag-20-jahrhundert","11":"product_tag-20-jh","12":"product_tag-70er","13":"product_tag-ausland","14":"product_tag-boot","15":"product_tag-boote","16":"product_tag-booten","17":"product_tag-bootes","18":"product_tag-brasil","19":"product_tag-brasilien","20":"product_tag-brasiliens","21":"product_tag-ceremonie","22":"product_tag-ceremonien","23":"product_tag-fahne","24":"product_tag-fahnen","25":"product_tag-farbaufnahme","26":"product_tag-farbaufnahmen","27":"product_tag-farbfoto","28":"product_tag-farbfotografie","29":"product_tag-farbphoto","30":"product_tag-farbphotographie","31":"product_tag-figuren","32":"product_tag-flagge","33":"product_tag-flaggen","34":"product_tag-fotografin","35":"product_tag-fotografinnen","36":"product_tag-frau","37":"product_tag-kind","38":"product_tag-kleid","39":"product_tag-kopfbedeckung","40":"product_tag-kopfbedeckungen","41":"product_tag-kopftuch","42":"product_tag-kopftuecher","43":"product_tag-maedchen","44":"product_tag-modell","45":"product_tag-photographin","46":"product_tag-photographinnen","47":"product_tag-ritual","48":"product_tag-rituale","49":"product_tag-rituell","50":"product_tag-rituelle","51":"product_tag-rituellen","52":"product_tag-ritueller","53":"product_tag-rituelles","54":"product_tag-schiff","55":"product_tag-siebziger","56":"product_tag-spiritualitaet","57":"product_tag-spirituell","58":"product_tag-spirituelle","59":"product_tag-spirituellen","60":"product_tag-spiritueller","61":"product_tag-spirituelles","62":"product_tag-stehen","63":"product_tag-stehend","64":"product_tag-stehende","65":"product_tag-stehenden","66":"product_tag-stehender","67":"product_tag-stehendes","68":"product_tag-suedamerika","69":"product_tag-suedamerikas","70":"product_tag-votiv","71":"product_tag-votivgabe","72":"product_tag-votivgaben","73":"product_tag-votivs","74":"product_tag-xango","75":"product_tag-zeremonie","76":"product_tag-zeremoniell","77":"product_tag-zeremonielle","78":"product_tag-zeremoniellem","79":"product_tag-zeremoniellen","80":"product_tag-zeremonieller","81":"product_tag-zeremonielles","82":"product_tag-zeremonien","84":"first","85":"instock","86":"shipping-taxable","87":"product-type-simple"},"yoast_head":"<!-- This site is optimized with the Yoast SEO plugin v27.3 - https:\/\/yoast.com\/product\/yoast-seo-wordpress\/ -->\n<title>Ohne Titel (Tortenschiff zur Ehren des Waldgottes Oxossi) - Leonore Mau<\/title>\n<meta name=\"robots\" content=\"index, follow, max-snippet:-1, max-image-preview:large, max-video-preview:-1\" \/>\n<link rel=\"canonical\" href=\"https:\/\/leonore-mau.de\/produkt\/ohne-titel-tortenschiff-zur-ehren-des-waldgottes-oxossi\/\" \/>\n<meta property=\"og:locale\" content=\"en_US\" \/>\n<meta property=\"og:type\" content=\"article\" \/>\n<meta property=\"og:title\" content=\"Ohne Titel (Tortenschiff zur Ehren des Waldgottes Oxossi) - Leonore Mau\" \/>\n<meta property=\"og:description\" content=\"Portr\u00e4t einer Frau und jungem M\u00e4dchen mit einem Tortenschiff. Aufgenommen in Bahia in der Allerheiligenbucht Ba\u00eda de Todos os Santos. &#8220;[&#8230;] Hier ein Tortenschiff, mit dem Oxossi, ein Waldgott der Yoruba, der die Fl\u00fcsse herunterf\u00e4hrt.&#8221; Referenz: Hubert Fichte und Leonore Mau, Xango, S. Fischer Verlag GmbH, 1976\" \/>\n<meta property=\"og:url\" content=\"https:\/\/leonore-mau.de\/produkt\/ohne-titel-tortenschiff-zur-ehren-des-waldgottes-oxossi\/\" \/>\n<meta property=\"og:site_name\" content=\"Leonore Mau\" \/>\n<meta property=\"article:modified_time\" content=\"2022-09-13T21:15:56+00:00\" \/>\n<meta property=\"og:image\" content=\"https:\/\/leonore-mau.de\/wp-content\/uploads\/2022\/07\/70247207.jpg\" \/>\n\t<meta property=\"og:image:width\" content=\"1200\" \/>\n\t<meta property=\"og:image:height\" content=\"1192\" \/>\n\t<meta property=\"og:image:type\" content=\"image\/jpeg\" \/>\n<meta name=\"twitter:card\" content=\"summary_large_image\" \/>\n<script type=\"application\/ld+json\" class=\"yoast-schema-graph\">{\"@context\":\"https:\\\/\\\/schema.org\",\"@graph\":[{\"@type\":\"WebPage\",\"@id\":\"https:\\\/\\\/leonore-mau.de\\\/produkt\\\/ohne-titel-tortenschiff-zur-ehren-des-waldgottes-oxossi\\\/\",\"url\":\"https:\\\/\\\/leonore-mau.de\\\/produkt\\\/ohne-titel-tortenschiff-zur-ehren-des-waldgottes-oxossi\\\/\",\"name\":\"Ohne Titel (Tortenschiff zur Ehren des Waldgottes Oxossi) - Leonore Mau\",\"isPartOf\":{\"@id\":\"https:\\\/\\\/leonore-mau.de\\\/#website\"},\"primaryImageOfPage\":{\"@id\":\"https:\\\/\\\/leonore-mau.de\\\/produkt\\\/ohne-titel-tortenschiff-zur-ehren-des-waldgottes-oxossi\\\/#primaryimage\"},\"image\":{\"@id\":\"https:\\\/\\\/leonore-mau.de\\\/produkt\\\/ohne-titel-tortenschiff-zur-ehren-des-waldgottes-oxossi\\\/#primaryimage\"},\"thumbnailUrl\":\"https:\\\/\\\/leonore-mau.de\\\/wp-content\\\/uploads\\\/2022\\\/07\\\/70247207.jpg\",\"datePublished\":\"2022-07-14T20:24:29+00:00\",\"dateModified\":\"2022-09-13T21:15:56+00:00\",\"breadcrumb\":{\"@id\":\"https:\\\/\\\/leonore-mau.de\\\/produkt\\\/ohne-titel-tortenschiff-zur-ehren-des-waldgottes-oxossi\\\/#breadcrumb\"},\"inLanguage\":\"en-US\",\"potentialAction\":[{\"@type\":\"ReadAction\",\"target\":[\"https:\\\/\\\/leonore-mau.de\\\/produkt\\\/ohne-titel-tortenschiff-zur-ehren-des-waldgottes-oxossi\\\/\"]}]},{\"@type\":\"ImageObject\",\"inLanguage\":\"en-US\",\"@id\":\"https:\\\/\\\/leonore-mau.de\\\/produkt\\\/ohne-titel-tortenschiff-zur-ehren-des-waldgottes-oxossi\\\/#primaryimage\",\"url\":\"https:\\\/\\\/leonore-mau.de\\\/wp-content\\\/uploads\\\/2022\\\/07\\\/70247207.jpg\",\"contentUrl\":\"https:\\\/\\\/leonore-mau.de\\\/wp-content\\\/uploads\\\/2022\\\/07\\\/70247207.jpg\",\"width\":1200,\"height\":1192,\"caption\":\"Portr\u00e4t einer Frau und jungem M\u00e4dchen mit einem Tortenschiff. Aufgenommen in Bahia in der Allerheiligenbucht Ba\u00eda de Todos os Santos. \\\"[...] Hier ein Tortenschiff, mit dem Oxossi, ein Waldgott der Yoruba, der die Fl\u00fcsse herunterf\u00e4hrt.\\\" Referenz: Hubert Fichte und Leonore Mau, Xango, S. Fischer Verlag GmbH, 1976 Aufnahmedatum: 1971 Material\\\/Technik: Foto \\\/ Farbdia Bildformat (Foto): Gro\u00dfbild (6x6) Aufnahmeort: Bahia Inventar-Nr.: LM-506524\"},{\"@type\":\"BreadcrumbList\",\"@id\":\"https:\\\/\\\/leonore-mau.de\\\/produkt\\\/ohne-titel-tortenschiff-zur-ehren-des-waldgottes-oxossi\\\/#breadcrumb\",\"itemListElement\":[{\"@type\":\"ListItem\",\"position\":1,\"name\":\"Startseite\",\"item\":\"https:\\\/\\\/leonore-mau.de\\\/en\\\/\"},{\"@type\":\"ListItem\",\"position\":2,\"name\":\"Shop\",\"item\":\"https:\\\/\\\/leonore-mau.de\\\/en\\\/shop-2\\\/\"},{\"@type\":\"ListItem\",\"position\":3,\"name\":\"Ohne Titel (Tortenschiff zur Ehren des Waldgottes Oxossi)\"}]},{\"@type\":\"WebSite\",\"@id\":\"https:\\\/\\\/leonore-mau.de\\\/#website\",\"url\":\"https:\\\/\\\/leonore-mau.de\\\/\",\"name\":\"Leonore Mau\",\"description\":\"Fotografin\",\"potentialAction\":[{\"@type\":\"SearchAction\",\"target\":{\"@type\":\"EntryPoint\",\"urlTemplate\":\"https:\\\/\\\/leonore-mau.de\\\/?s={search_term_string}\"},\"query-input\":{\"@type\":\"PropertyValueSpecification\",\"valueRequired\":true,\"valueName\":\"search_term_string\"}}],\"inLanguage\":\"en-US\"}]}<\/script>\n<!-- \/ Yoast SEO plugin. -->","yoast_head_json":{"title":"Ohne Titel (Tortenschiff zur Ehren des Waldgottes Oxossi) - Leonore Mau","robots":{"index":"index","follow":"follow","max-snippet":"max-snippet:-1","max-image-preview":"max-image-preview:large","max-video-preview":"max-video-preview:-1"},"canonical":"https:\/\/leonore-mau.de\/produkt\/ohne-titel-tortenschiff-zur-ehren-des-waldgottes-oxossi\/","og_locale":"en_US","og_type":"article","og_title":"Ohne Titel (Tortenschiff zur Ehren des Waldgottes Oxossi) - Leonore Mau","og_description":"Portr\u00e4t einer Frau und jungem M\u00e4dchen mit einem Tortenschiff. Aufgenommen in Bahia in der Allerheiligenbucht Ba\u00eda de Todos os Santos. &#8220;[&#8230;] Hier ein Tortenschiff, mit dem Oxossi, ein Waldgott der Yoruba, der die Fl\u00fcsse herunterf\u00e4hrt.&#8221; Referenz: Hubert Fichte und Leonore Mau, Xango, S. Fischer Verlag GmbH, 1976","og_url":"https:\/\/leonore-mau.de\/produkt\/ohne-titel-tortenschiff-zur-ehren-des-waldgottes-oxossi\/","og_site_name":"Leonore Mau","article_modified_time":"2022-09-13T21:15:56+00:00","og_image":[{"width":1200,"height":1192,"url":"https:\/\/leonore-mau.de\/wp-content\/uploads\/2022\/07\/70247207.jpg","type":"image\/jpeg"}],"twitter_card":"summary_large_image","schema":{"@context":"https:\/\/schema.org","@graph":[{"@type":"WebPage","@id":"https:\/\/leonore-mau.de\/produkt\/ohne-titel-tortenschiff-zur-ehren-des-waldgottes-oxossi\/","url":"https:\/\/leonore-mau.de\/produkt\/ohne-titel-tortenschiff-zur-ehren-des-waldgottes-oxossi\/","name":"Ohne Titel (Tortenschiff zur Ehren des Waldgottes Oxossi) - Leonore Mau","isPartOf":{"@id":"https:\/\/leonore-mau.de\/#website"},"primaryImageOfPage":{"@id":"https:\/\/leonore-mau.de\/produkt\/ohne-titel-tortenschiff-zur-ehren-des-waldgottes-oxossi\/#primaryimage"},"image":{"@id":"https:\/\/leonore-mau.de\/produkt\/ohne-titel-tortenschiff-zur-ehren-des-waldgottes-oxossi\/#primaryimage"},"thumbnailUrl":"https:\/\/leonore-mau.de\/wp-content\/uploads\/2022\/07\/70247207.jpg","datePublished":"2022-07-14T20:24:29+00:00","dateModified":"2022-09-13T21:15:56+00:00","breadcrumb":{"@id":"https:\/\/leonore-mau.de\/produkt\/ohne-titel-tortenschiff-zur-ehren-des-waldgottes-oxossi\/#breadcrumb"},"inLanguage":"en-US","potentialAction":[{"@type":"ReadAction","target":["https:\/\/leonore-mau.de\/produkt\/ohne-titel-tortenschiff-zur-ehren-des-waldgottes-oxossi\/"]}]},{"@type":"ImageObject","inLanguage":"en-US","@id":"https:\/\/leonore-mau.de\/produkt\/ohne-titel-tortenschiff-zur-ehren-des-waldgottes-oxossi\/#primaryimage","url":"https:\/\/leonore-mau.de\/wp-content\/uploads\/2022\/07\/70247207.jpg","contentUrl":"https:\/\/leonore-mau.de\/wp-content\/uploads\/2022\/07\/70247207.jpg","width":1200,"height":1192,"caption":"Portr\u00e4t einer Frau und jungem M\u00e4dchen mit einem Tortenschiff. Aufgenommen in Bahia in der Allerheiligenbucht Ba\u00eda de Todos os Santos. \"[...] Hier ein Tortenschiff, mit dem Oxossi, ein Waldgott der Yoruba, der die Fl\u00fcsse herunterf\u00e4hrt.\" Referenz: Hubert Fichte und Leonore Mau, Xango, S. Fischer Verlag GmbH, 1976 Aufnahmedatum: 1971 Material\/Technik: Foto \/ Farbdia Bildformat (Foto): Gro\u00dfbild (6x6) Aufnahmeort: Bahia Inventar-Nr.: LM-506524"},{"@type":"BreadcrumbList","@id":"https:\/\/leonore-mau.de\/produkt\/ohne-titel-tortenschiff-zur-ehren-des-waldgottes-oxossi\/#breadcrumb","itemListElement":[{"@type":"ListItem","position":1,"name":"Startseite","item":"https:\/\/leonore-mau.de\/en\/"},{"@type":"ListItem","position":2,"name":"Shop","item":"https:\/\/leonore-mau.de\/en\/shop-2\/"},{"@type":"ListItem","position":3,"name":"Ohne Titel (Tortenschiff zur Ehren des Waldgottes Oxossi)"}]},{"@type":"WebSite","@id":"https:\/\/leonore-mau.de\/#website","url":"https:\/\/leonore-mau.de\/","name":"Leonore Mau","description":"Fotografin","potentialAction":[{"@type":"SearchAction","target":{"@type":"EntryPoint","urlTemplate":"https:\/\/leonore-mau.de\/?s={search_term_string}"},"query-input":{"@type":"PropertyValueSpecification","valueRequired":true,"valueName":"search_term_string"}}],"inLanguage":"en-US"}]}},"_links":{"self":[{"href":"https:\/\/leonore-mau.de\/en\/wp-json\/wp\/v2\/product\/1885","targetHints":{"allow":["GET"]}}],"collection":[{"href":"https:\/\/leonore-mau.de\/en\/wp-json\/wp\/v2\/product"}],"about":[{"href":"https:\/\/leonore-mau.de\/en\/wp-json\/wp\/v2\/types\/product"}],"wp:featuredmedia":[{"embeddable":true,"href":"https:\/\/leonore-mau.de\/en\/wp-json\/wp\/v2\/media\/1431"}],"wp:attachment":[{"href":"https:\/\/leonore-mau.de\/en\/wp-json\/wp\/v2\/media?parent=1885"}],"wp:term":[{"taxonomy":"product_brand","embeddable":true,"href":"https:\/\/leonore-mau.de\/en\/wp-json\/wp\/v2\/product_brand?post=1885"},{"taxonomy":"product_cat","embeddable":true,"href":"https:\/\/leonore-mau.de\/en\/wp-json\/wp\/v2\/product_cat?post=1885"},{"taxonomy":"product_tag","embeddable":true,"href":"https:\/\/leonore-mau.de\/en\/wp-json\/wp\/v2\/product_tag?post=1885"}],"curies":[{"name":"wp","href":"https:\/\/api.w.org\/{rel}","templated":true}]}}