{"id":1903,"date":"2022-07-14T22:24:44","date_gmt":"2022-07-14T20:24:44","guid":{"rendered":"https:\/\/leonore-mau.de\/produkt\/ohne-titel-mann-mit-schlangen\/"},"modified":"2022-09-13T23:16:10","modified_gmt":"2022-09-13T21:16:10","slug":"ohne-titel-mann-mit-schlangen","status":"publish","type":"product","link":"https:\/\/leonore-mau.de\/en\/produkt\/ohne-titel-mann-mit-schlangen\/","title":{"rendered":"Ohne Titel (Mann mit Schlangen)"},"content":{"rendered":"<p>Mann sitzend auf einem Stuhl. In seinen H\u00e4nden h\u00e4lt er zwei Schlangen. Im Hintergrund stehen ein paar Leute, unter anderem ein Junge, der eine aufgeschlitzte Echse in der Hand h\u00e4lt. &#8220;Im Bundesstaat Bahia hat sich eine inoffizielle K\u00fcche erhalten: Gem\u00fcse des Buschwalds, Fleisch von Schlangen, Fr\u00f6schen, G\u00fcrteltieren. Sind es die Reste einer Kultur der sammelnden Indianer oder werden hier die archaischen Gerichte Afrikas tradiert?&#8221; Referenz: Hubert Fichte und Leonore Mau, Xango, S. Fischer Verlag GmbH, 1976<\/p>\n","protected":false},"excerpt":{"rendered":"<p>Mann sitzend auf einem Stuhl. In seinen H\u00e4nden h\u00e4lt er zwei Schlangen. Im Hintergrund stehen ein paar Leute, unter anderem ein Junge, der eine aufgeschlitzte Echse in der Hand h\u00e4lt. &#8220;Im Bundesstaat Bahia hat sich eine inoffizielle K\u00fcche erhalten: Gem\u00fcse des Buschwalds, Fleisch von Schlangen, Fr\u00f6schen, G\u00fcrteltieren. Sind es die Reste einer Kultur der sammelnden [&hellip;]<\/p>\n","protected":false},"featured_media":1413,"template":"","meta":[],"product_brand":[],"product_cat":[17],"product_tag":[22,24,21,23,84,173,174,175,4263,4264,36,37,39,40,41,42,4265,4266,4267,4268,4269,904,1186,1187,4270,4271,781,782,56,57,727,169,552,4272,4273,486,1115,4274,536,537,538,539,540,541,542,1027,1654,1028],"class_list":{"0":"post-1903","1":"product","2":"type-product","3":"status-publish","4":"has-post-thumbnail","6":"product_cat-unkategorisiert","7":"product_tag-20-jahrhundert-nach-chr","8":"product_tag-20-jh-n-chr","9":"product_tag-20-jahrhundert","10":"product_tag-20-jh","11":"product_tag-ausland","12":"product_tag-brasil","13":"product_tag-brasilien","14":"product_tag-brasiliens","15":"product_tag-echse","16":"product_tag-echsen","17":"product_tag-farbaufnahme","18":"product_tag-farbaufnahmen","19":"product_tag-farbfoto","20":"product_tag-farbfotografie","21":"product_tag-farbphoto","22":"product_tag-farbphotographie","23":"product_tag-frosch","24":"product_tag-froesche","25":"product_tag-frosches","26":"product_tag-froschlurch","27":"product_tag-froschlurche","28":"product_tag-gesichtsausdruck","29":"product_tag-glasflasche","30":"product_tag-glasflaschen","31":"product_tag-guerteltier","32":"product_tag-guerteltiere","33":"product_tag-holzkiste","34":"product_tag-holzkisten","35":"product_tag-innenaufnahme","36":"product_tag-innenaufnahmen","37":"product_tag-junge","38":"product_tag-kind","39":"product_tag-kinder","40":"product_tag-kroete","41":"product_tag-kroeten","42":"product_tag-mann","43":"product_tag-schlange","44":"product_tag-schlangen","45":"product_tag-sitzen","46":"product_tag-sitzend","47":"product_tag-sitzende","48":"product_tag-sitzenden","49":"product_tag-sitzender","50":"product_tag-sitzendes","51":"product_tag-sitzt","52":"product_tag-tier","53":"product_tag-tiere","54":"product_tag-tieropfer","56":"first","57":"instock","58":"shipping-taxable","59":"product-type-simple"},"yoast_head":"<!-- This site is optimized with the Yoast SEO plugin v27.3 - https:\/\/yoast.com\/product\/yoast-seo-wordpress\/ -->\n<title>Ohne Titel (Mann mit Schlangen) - Leonore Mau<\/title>\n<meta name=\"robots\" content=\"index, follow, max-snippet:-1, max-image-preview:large, max-video-preview:-1\" \/>\n<link rel=\"canonical\" href=\"https:\/\/leonore-mau.de\/produkt\/ohne-titel-mann-mit-schlangen\/\" \/>\n<meta property=\"og:locale\" content=\"en_US\" \/>\n<meta property=\"og:type\" content=\"article\" \/>\n<meta property=\"og:title\" content=\"Ohne Titel (Mann mit Schlangen) - Leonore Mau\" \/>\n<meta property=\"og:description\" content=\"Mann sitzend auf einem Stuhl. In seinen H\u00e4nden h\u00e4lt er zwei Schlangen. Im Hintergrund stehen ein paar Leute, unter anderem ein Junge, der eine aufgeschlitzte Echse in der Hand h\u00e4lt. &#8220;Im Bundesstaat Bahia hat sich eine inoffizielle K\u00fcche erhalten: Gem\u00fcse des Buschwalds, Fleisch von Schlangen, Fr\u00f6schen, G\u00fcrteltieren. Sind es die Reste einer Kultur der sammelnden [&hellip;]\" \/>\n<meta property=\"og:url\" content=\"https:\/\/leonore-mau.de\/produkt\/ohne-titel-mann-mit-schlangen\/\" \/>\n<meta property=\"og:site_name\" content=\"Leonore Mau\" \/>\n<meta property=\"article:modified_time\" content=\"2022-09-13T21:16:10+00:00\" \/>\n<meta property=\"og:image\" content=\"https:\/\/leonore-mau.de\/wp-content\/uploads\/2022\/07\/70246154.jpg\" \/>\n\t<meta property=\"og:image:width\" content=\"1200\" \/>\n\t<meta property=\"og:image:height\" content=\"1188\" \/>\n\t<meta property=\"og:image:type\" content=\"image\/jpeg\" \/>\n<meta name=\"twitter:card\" content=\"summary_large_image\" \/>\n<script type=\"application\/ld+json\" class=\"yoast-schema-graph\">{\"@context\":\"https:\\\/\\\/schema.org\",\"@graph\":[{\"@type\":\"WebPage\",\"@id\":\"https:\\\/\\\/leonore-mau.de\\\/produkt\\\/ohne-titel-mann-mit-schlangen\\\/\",\"url\":\"https:\\\/\\\/leonore-mau.de\\\/produkt\\\/ohne-titel-mann-mit-schlangen\\\/\",\"name\":\"Ohne Titel (Mann mit Schlangen) - Leonore Mau\",\"isPartOf\":{\"@id\":\"https:\\\/\\\/leonore-mau.de\\\/#website\"},\"primaryImageOfPage\":{\"@id\":\"https:\\\/\\\/leonore-mau.de\\\/produkt\\\/ohne-titel-mann-mit-schlangen\\\/#primaryimage\"},\"image\":{\"@id\":\"https:\\\/\\\/leonore-mau.de\\\/produkt\\\/ohne-titel-mann-mit-schlangen\\\/#primaryimage\"},\"thumbnailUrl\":\"https:\\\/\\\/leonore-mau.de\\\/wp-content\\\/uploads\\\/2022\\\/07\\\/70246154.jpg\",\"datePublished\":\"2022-07-14T20:24:44+00:00\",\"dateModified\":\"2022-09-13T21:16:10+00:00\",\"breadcrumb\":{\"@id\":\"https:\\\/\\\/leonore-mau.de\\\/produkt\\\/ohne-titel-mann-mit-schlangen\\\/#breadcrumb\"},\"inLanguage\":\"en-US\",\"potentialAction\":[{\"@type\":\"ReadAction\",\"target\":[\"https:\\\/\\\/leonore-mau.de\\\/produkt\\\/ohne-titel-mann-mit-schlangen\\\/\"]}]},{\"@type\":\"ImageObject\",\"inLanguage\":\"en-US\",\"@id\":\"https:\\\/\\\/leonore-mau.de\\\/produkt\\\/ohne-titel-mann-mit-schlangen\\\/#primaryimage\",\"url\":\"https:\\\/\\\/leonore-mau.de\\\/wp-content\\\/uploads\\\/2022\\\/07\\\/70246154.jpg\",\"contentUrl\":\"https:\\\/\\\/leonore-mau.de\\\/wp-content\\\/uploads\\\/2022\\\/07\\\/70246154.jpg\",\"width\":1200,\"height\":1188,\"caption\":\"Mann sitzend auf einem Stuhl. In seinen H\u00e4nden h\u00e4lt er zwei Schlangen. Im Hintergrund stehen ein paar Leute, unter anderem ein Junge, der eine aufgeschlitzte Echse in der Hand h\u00e4lt. \\\"Im Bundesstaat Bahia hat sich eine inoffizielle K\u00fcche erhalten: Gem\u00fcse des Buschwalds, Fleisch von Schlangen, Fr\u00f6schen, G\u00fcrteltieren. Sind es die Reste einer Kultur der sammelnden Indianer oder werden hier die archaischen Gerichte Afrikas tradiert?\\\" Referenz: Hubert Fichte und Leonore Mau, Xango, S. Fischer Verlag GmbH, 1976 Aufnahmedatum: 1969 - 1971 Material\\\/Technik: Foto \\\/ Farbdia Bildformat (Foto): Gro\u00dfbild (6x6) Aufnahmeort: Bahia oder Aracaju ? Inventar-Nr.: LM-506545\"},{\"@type\":\"BreadcrumbList\",\"@id\":\"https:\\\/\\\/leonore-mau.de\\\/produkt\\\/ohne-titel-mann-mit-schlangen\\\/#breadcrumb\",\"itemListElement\":[{\"@type\":\"ListItem\",\"position\":1,\"name\":\"Startseite\",\"item\":\"https:\\\/\\\/leonore-mau.de\\\/en\\\/\"},{\"@type\":\"ListItem\",\"position\":2,\"name\":\"Shop\",\"item\":\"https:\\\/\\\/leonore-mau.de\\\/en\\\/shop-2\\\/\"},{\"@type\":\"ListItem\",\"position\":3,\"name\":\"Ohne Titel (Mann mit Schlangen)\"}]},{\"@type\":\"WebSite\",\"@id\":\"https:\\\/\\\/leonore-mau.de\\\/#website\",\"url\":\"https:\\\/\\\/leonore-mau.de\\\/\",\"name\":\"Leonore Mau\",\"description\":\"Fotografin\",\"potentialAction\":[{\"@type\":\"SearchAction\",\"target\":{\"@type\":\"EntryPoint\",\"urlTemplate\":\"https:\\\/\\\/leonore-mau.de\\\/?s={search_term_string}\"},\"query-input\":{\"@type\":\"PropertyValueSpecification\",\"valueRequired\":true,\"valueName\":\"search_term_string\"}}],\"inLanguage\":\"en-US\"}]}<\/script>\n<!-- \/ Yoast SEO plugin. -->","yoast_head_json":{"title":"Ohne Titel (Mann mit Schlangen) - Leonore Mau","robots":{"index":"index","follow":"follow","max-snippet":"max-snippet:-1","max-image-preview":"max-image-preview:large","max-video-preview":"max-video-preview:-1"},"canonical":"https:\/\/leonore-mau.de\/produkt\/ohne-titel-mann-mit-schlangen\/","og_locale":"en_US","og_type":"article","og_title":"Ohne Titel (Mann mit Schlangen) - Leonore Mau","og_description":"Mann sitzend auf einem Stuhl. In seinen H\u00e4nden h\u00e4lt er zwei Schlangen. Im Hintergrund stehen ein paar Leute, unter anderem ein Junge, der eine aufgeschlitzte Echse in der Hand h\u00e4lt. &#8220;Im Bundesstaat Bahia hat sich eine inoffizielle K\u00fcche erhalten: Gem\u00fcse des Buschwalds, Fleisch von Schlangen, Fr\u00f6schen, G\u00fcrteltieren. Sind es die Reste einer Kultur der sammelnden [&hellip;]","og_url":"https:\/\/leonore-mau.de\/produkt\/ohne-titel-mann-mit-schlangen\/","og_site_name":"Leonore Mau","article_modified_time":"2022-09-13T21:16:10+00:00","og_image":[{"width":1200,"height":1188,"url":"https:\/\/leonore-mau.de\/wp-content\/uploads\/2022\/07\/70246154.jpg","type":"image\/jpeg"}],"twitter_card":"summary_large_image","schema":{"@context":"https:\/\/schema.org","@graph":[{"@type":"WebPage","@id":"https:\/\/leonore-mau.de\/produkt\/ohne-titel-mann-mit-schlangen\/","url":"https:\/\/leonore-mau.de\/produkt\/ohne-titel-mann-mit-schlangen\/","name":"Ohne Titel (Mann mit Schlangen) - Leonore Mau","isPartOf":{"@id":"https:\/\/leonore-mau.de\/#website"},"primaryImageOfPage":{"@id":"https:\/\/leonore-mau.de\/produkt\/ohne-titel-mann-mit-schlangen\/#primaryimage"},"image":{"@id":"https:\/\/leonore-mau.de\/produkt\/ohne-titel-mann-mit-schlangen\/#primaryimage"},"thumbnailUrl":"https:\/\/leonore-mau.de\/wp-content\/uploads\/2022\/07\/70246154.jpg","datePublished":"2022-07-14T20:24:44+00:00","dateModified":"2022-09-13T21:16:10+00:00","breadcrumb":{"@id":"https:\/\/leonore-mau.de\/produkt\/ohne-titel-mann-mit-schlangen\/#breadcrumb"},"inLanguage":"en-US","potentialAction":[{"@type":"ReadAction","target":["https:\/\/leonore-mau.de\/produkt\/ohne-titel-mann-mit-schlangen\/"]}]},{"@type":"ImageObject","inLanguage":"en-US","@id":"https:\/\/leonore-mau.de\/produkt\/ohne-titel-mann-mit-schlangen\/#primaryimage","url":"https:\/\/leonore-mau.de\/wp-content\/uploads\/2022\/07\/70246154.jpg","contentUrl":"https:\/\/leonore-mau.de\/wp-content\/uploads\/2022\/07\/70246154.jpg","width":1200,"height":1188,"caption":"Mann sitzend auf einem Stuhl. In seinen H\u00e4nden h\u00e4lt er zwei Schlangen. Im Hintergrund stehen ein paar Leute, unter anderem ein Junge, der eine aufgeschlitzte Echse in der Hand h\u00e4lt. \"Im Bundesstaat Bahia hat sich eine inoffizielle K\u00fcche erhalten: Gem\u00fcse des Buschwalds, Fleisch von Schlangen, Fr\u00f6schen, G\u00fcrteltieren. Sind es die Reste einer Kultur der sammelnden Indianer oder werden hier die archaischen Gerichte Afrikas tradiert?\" Referenz: Hubert Fichte und Leonore Mau, Xango, S. Fischer Verlag GmbH, 1976 Aufnahmedatum: 1969 - 1971 Material\/Technik: Foto \/ Farbdia Bildformat (Foto): Gro\u00dfbild (6x6) Aufnahmeort: Bahia oder Aracaju ? Inventar-Nr.: LM-506545"},{"@type":"BreadcrumbList","@id":"https:\/\/leonore-mau.de\/produkt\/ohne-titel-mann-mit-schlangen\/#breadcrumb","itemListElement":[{"@type":"ListItem","position":1,"name":"Startseite","item":"https:\/\/leonore-mau.de\/en\/"},{"@type":"ListItem","position":2,"name":"Shop","item":"https:\/\/leonore-mau.de\/en\/shop-2\/"},{"@type":"ListItem","position":3,"name":"Ohne Titel (Mann mit Schlangen)"}]},{"@type":"WebSite","@id":"https:\/\/leonore-mau.de\/#website","url":"https:\/\/leonore-mau.de\/","name":"Leonore Mau","description":"Fotografin","potentialAction":[{"@type":"SearchAction","target":{"@type":"EntryPoint","urlTemplate":"https:\/\/leonore-mau.de\/?s={search_term_string}"},"query-input":{"@type":"PropertyValueSpecification","valueRequired":true,"valueName":"search_term_string"}}],"inLanguage":"en-US"}]}},"_links":{"self":[{"href":"https:\/\/leonore-mau.de\/en\/wp-json\/wp\/v2\/product\/1903","targetHints":{"allow":["GET"]}}],"collection":[{"href":"https:\/\/leonore-mau.de\/en\/wp-json\/wp\/v2\/product"}],"about":[{"href":"https:\/\/leonore-mau.de\/en\/wp-json\/wp\/v2\/types\/product"}],"wp:featuredmedia":[{"embeddable":true,"href":"https:\/\/leonore-mau.de\/en\/wp-json\/wp\/v2\/media\/1413"}],"wp:attachment":[{"href":"https:\/\/leonore-mau.de\/en\/wp-json\/wp\/v2\/media?parent=1903"}],"wp:term":[{"taxonomy":"product_brand","embeddable":true,"href":"https:\/\/leonore-mau.de\/en\/wp-json\/wp\/v2\/product_brand?post=1903"},{"taxonomy":"product_cat","embeddable":true,"href":"https:\/\/leonore-mau.de\/en\/wp-json\/wp\/v2\/product_cat?post=1903"},{"taxonomy":"product_tag","embeddable":true,"href":"https:\/\/leonore-mau.de\/en\/wp-json\/wp\/v2\/product_tag?post=1903"}],"curies":[{"name":"wp","href":"https:\/\/api.w.org\/{rel}","templated":true}]}}