{"id":1904,"date":"2022-07-14T22:24:45","date_gmt":"2022-07-14T20:24:45","guid":{"rendered":"https:\/\/leonore-mau.de\/produkt\/ohne-titel-assemblage-fuer-die-jungfrau-maria\/"},"modified":"2022-09-13T23:16:11","modified_gmt":"2022-09-13T21:16:11","slug":"ohne-titel-assemblage-fuer-die-jungfrau-maria","status":"publish","type":"product","link":"https:\/\/leonore-mau.de\/en\/produkt\/ohne-titel-assemblage-fuer-die-jungfrau-maria\/","title":{"rendered":"Ohne Titel (Assemblage f\u00fcr die Jungfrau Maria)"},"content":{"rendered":"<p>&#8220;[&#8230;] eine zarte Assemblage f\u00fcr die Jungfrau Maria.&#8221; Aufgenommen in Bahia in der Allerheiligenbucht, Ba\u00eda de Todos os Santos.  Referenz: Hubert Fichte und Leonore Mau, Xango, S. Fischer Verlag GmbH, 1976<\/p>\n","protected":false},"excerpt":{"rendered":"<p>&#8220;[&#8230;] eine zarte Assemblage f\u00fcr die Jungfrau Maria.&#8221; Aufgenommen in Bahia in der Allerheiligenbucht, Ba\u00eda de Todos os Santos. Referenz: Hubert Fichte und Leonore Mau, Xango, S. Fischer Verlag GmbH, 1976<\/p>\n","protected":false},"featured_media":1412,"template":"","meta":[],"product_brand":[],"product_cat":[17],"product_tag":[22,24,21,23,2502,2504,2501,2503,84,173,174,175,2171,36,37,39,40,41,42,919,1619,1010,1011,835,836,525,526,4163,1459,1622,1623,1460,1461,1462,1031],"class_list":{"0":"post-1904","1":"product","2":"type-product","3":"status-publish","4":"has-post-thumbnail","6":"product_cat-unkategorisiert","7":"product_tag-20-jahrhundert-nach-chr","8":"product_tag-20-jh-n-chr","9":"product_tag-20-jahrhundert","10":"product_tag-20-jh","11":"product_tag-altar-figur","12":"product_tag-altar-figuren","13":"product_tag-altarfigur","14":"product_tag-altarfiguren","15":"product_tag-ausland","16":"product_tag-brasil","17":"product_tag-brasilien","18":"product_tag-brasiliens","19":"product_tag-candomble","20":"product_tag-farbaufnahme","21":"product_tag-farbaufnahmen","22":"product_tag-farbfoto","23":"product_tag-farbfotografie","24":"product_tag-farbphoto","25":"product_tag-farbphotographie","26":"product_tag-figur","27":"product_tag-gestein","28":"product_tag-glaube","29":"product_tag-glauben","30":"product_tag-muschel","31":"product_tag-muscheln","32":"product_tag-religion","33":"product_tag-religionen","34":"product_tag-stein","35":"product_tag-votiv","36":"product_tag-votivbild","37":"product_tag-votivbildes","38":"product_tag-votivgabe","39":"product_tag-votivgaben","40":"product_tag-votivs","41":"product_tag-xango","43":"first","44":"instock","45":"shipping-taxable","46":"product-type-simple"},"yoast_head":"<!-- This site is optimized with the Yoast SEO plugin v27.3 - https:\/\/yoast.com\/product\/yoast-seo-wordpress\/ -->\n<title>Ohne Titel (Assemblage f\u00fcr die Jungfrau Maria) - Leonore Mau<\/title>\n<meta name=\"robots\" content=\"index, follow, max-snippet:-1, max-image-preview:large, max-video-preview:-1\" \/>\n<link rel=\"canonical\" href=\"https:\/\/leonore-mau.de\/produkt\/ohne-titel-assemblage-fuer-die-jungfrau-maria\/\" \/>\n<meta property=\"og:locale\" content=\"en_US\" \/>\n<meta property=\"og:type\" content=\"article\" \/>\n<meta property=\"og:title\" content=\"Ohne Titel (Assemblage f\u00fcr die Jungfrau Maria) - Leonore Mau\" \/>\n<meta property=\"og:description\" content=\"&#8220;[&#8230;] eine zarte Assemblage f\u00fcr die Jungfrau Maria.&#8221; Aufgenommen in Bahia in der Allerheiligenbucht, Ba\u00eda de Todos os Santos. Referenz: Hubert Fichte und Leonore Mau, Xango, S. Fischer Verlag GmbH, 1976\" \/>\n<meta property=\"og:url\" content=\"https:\/\/leonore-mau.de\/produkt\/ohne-titel-assemblage-fuer-die-jungfrau-maria\/\" \/>\n<meta property=\"og:site_name\" content=\"Leonore Mau\" \/>\n<meta property=\"article:modified_time\" content=\"2022-09-13T21:16:11+00:00\" \/>\n<meta property=\"og:image\" content=\"https:\/\/leonore-mau.de\/wp-content\/uploads\/2022\/07\/70246148.jpg\" \/>\n\t<meta property=\"og:image:width\" content=\"1196\" \/>\n\t<meta property=\"og:image:height\" content=\"1200\" \/>\n\t<meta property=\"og:image:type\" content=\"image\/jpeg\" \/>\n<meta name=\"twitter:card\" content=\"summary_large_image\" \/>\n<script type=\"application\/ld+json\" class=\"yoast-schema-graph\">{\"@context\":\"https:\\\/\\\/schema.org\",\"@graph\":[{\"@type\":\"WebPage\",\"@id\":\"https:\\\/\\\/leonore-mau.de\\\/produkt\\\/ohne-titel-assemblage-fuer-die-jungfrau-maria\\\/\",\"url\":\"https:\\\/\\\/leonore-mau.de\\\/produkt\\\/ohne-titel-assemblage-fuer-die-jungfrau-maria\\\/\",\"name\":\"Ohne Titel (Assemblage f\u00fcr die Jungfrau Maria) - Leonore Mau\",\"isPartOf\":{\"@id\":\"https:\\\/\\\/leonore-mau.de\\\/#website\"},\"primaryImageOfPage\":{\"@id\":\"https:\\\/\\\/leonore-mau.de\\\/produkt\\\/ohne-titel-assemblage-fuer-die-jungfrau-maria\\\/#primaryimage\"},\"image\":{\"@id\":\"https:\\\/\\\/leonore-mau.de\\\/produkt\\\/ohne-titel-assemblage-fuer-die-jungfrau-maria\\\/#primaryimage\"},\"thumbnailUrl\":\"https:\\\/\\\/leonore-mau.de\\\/wp-content\\\/uploads\\\/2022\\\/07\\\/70246148.jpg\",\"datePublished\":\"2022-07-14T20:24:45+00:00\",\"dateModified\":\"2022-09-13T21:16:11+00:00\",\"breadcrumb\":{\"@id\":\"https:\\\/\\\/leonore-mau.de\\\/produkt\\\/ohne-titel-assemblage-fuer-die-jungfrau-maria\\\/#breadcrumb\"},\"inLanguage\":\"en-US\",\"potentialAction\":[{\"@type\":\"ReadAction\",\"target\":[\"https:\\\/\\\/leonore-mau.de\\\/produkt\\\/ohne-titel-assemblage-fuer-die-jungfrau-maria\\\/\"]}]},{\"@type\":\"ImageObject\",\"inLanguage\":\"en-US\",\"@id\":\"https:\\\/\\\/leonore-mau.de\\\/produkt\\\/ohne-titel-assemblage-fuer-die-jungfrau-maria\\\/#primaryimage\",\"url\":\"https:\\\/\\\/leonore-mau.de\\\/wp-content\\\/uploads\\\/2022\\\/07\\\/70246148.jpg\",\"contentUrl\":\"https:\\\/\\\/leonore-mau.de\\\/wp-content\\\/uploads\\\/2022\\\/07\\\/70246148.jpg\",\"width\":1196,\"height\":1200,\"caption\":\"\\\"[...] eine zarte Assemblage f\u00fcr die Jungfrau Maria.\\\" Aufgenommen in Bahia in der Allerheiligenbucht, Ba\u00eda de Todos os Santos. Referenz: Hubert Fichte und Leonore Mau, Xango, S. Fischer Verlag GmbH, 1976 Aufnahmedatum: 1969 - 1971 Material\\\/Technik: Foto \\\/ Farbdia Bildformat (Foto): Gro\u00dfbild (6x6) Aufnahmeort: Bahia Inventar-Nr.: LM-506546\"},{\"@type\":\"BreadcrumbList\",\"@id\":\"https:\\\/\\\/leonore-mau.de\\\/produkt\\\/ohne-titel-assemblage-fuer-die-jungfrau-maria\\\/#breadcrumb\",\"itemListElement\":[{\"@type\":\"ListItem\",\"position\":1,\"name\":\"Startseite\",\"item\":\"https:\\\/\\\/leonore-mau.de\\\/en\\\/\"},{\"@type\":\"ListItem\",\"position\":2,\"name\":\"Shop\",\"item\":\"https:\\\/\\\/leonore-mau.de\\\/en\\\/shop-2\\\/\"},{\"@type\":\"ListItem\",\"position\":3,\"name\":\"Ohne Titel (Assemblage f\u00fcr die Jungfrau Maria)\"}]},{\"@type\":\"WebSite\",\"@id\":\"https:\\\/\\\/leonore-mau.de\\\/#website\",\"url\":\"https:\\\/\\\/leonore-mau.de\\\/\",\"name\":\"Leonore Mau\",\"description\":\"Fotografin\",\"potentialAction\":[{\"@type\":\"SearchAction\",\"target\":{\"@type\":\"EntryPoint\",\"urlTemplate\":\"https:\\\/\\\/leonore-mau.de\\\/?s={search_term_string}\"},\"query-input\":{\"@type\":\"PropertyValueSpecification\",\"valueRequired\":true,\"valueName\":\"search_term_string\"}}],\"inLanguage\":\"en-US\"}]}<\/script>\n<!-- \/ Yoast SEO plugin. -->","yoast_head_json":{"title":"Ohne Titel (Assemblage f\u00fcr die Jungfrau Maria) - Leonore Mau","robots":{"index":"index","follow":"follow","max-snippet":"max-snippet:-1","max-image-preview":"max-image-preview:large","max-video-preview":"max-video-preview:-1"},"canonical":"https:\/\/leonore-mau.de\/produkt\/ohne-titel-assemblage-fuer-die-jungfrau-maria\/","og_locale":"en_US","og_type":"article","og_title":"Ohne Titel (Assemblage f\u00fcr die Jungfrau Maria) - Leonore Mau","og_description":"&#8220;[&#8230;] eine zarte Assemblage f\u00fcr die Jungfrau Maria.&#8221; Aufgenommen in Bahia in der Allerheiligenbucht, Ba\u00eda de Todos os Santos. Referenz: Hubert Fichte und Leonore Mau, Xango, S. Fischer Verlag GmbH, 1976","og_url":"https:\/\/leonore-mau.de\/produkt\/ohne-titel-assemblage-fuer-die-jungfrau-maria\/","og_site_name":"Leonore Mau","article_modified_time":"2022-09-13T21:16:11+00:00","og_image":[{"width":1196,"height":1200,"url":"https:\/\/leonore-mau.de\/wp-content\/uploads\/2022\/07\/70246148.jpg","type":"image\/jpeg"}],"twitter_card":"summary_large_image","schema":{"@context":"https:\/\/schema.org","@graph":[{"@type":"WebPage","@id":"https:\/\/leonore-mau.de\/produkt\/ohne-titel-assemblage-fuer-die-jungfrau-maria\/","url":"https:\/\/leonore-mau.de\/produkt\/ohne-titel-assemblage-fuer-die-jungfrau-maria\/","name":"Ohne Titel (Assemblage f\u00fcr die Jungfrau Maria) - Leonore Mau","isPartOf":{"@id":"https:\/\/leonore-mau.de\/#website"},"primaryImageOfPage":{"@id":"https:\/\/leonore-mau.de\/produkt\/ohne-titel-assemblage-fuer-die-jungfrau-maria\/#primaryimage"},"image":{"@id":"https:\/\/leonore-mau.de\/produkt\/ohne-titel-assemblage-fuer-die-jungfrau-maria\/#primaryimage"},"thumbnailUrl":"https:\/\/leonore-mau.de\/wp-content\/uploads\/2022\/07\/70246148.jpg","datePublished":"2022-07-14T20:24:45+00:00","dateModified":"2022-09-13T21:16:11+00:00","breadcrumb":{"@id":"https:\/\/leonore-mau.de\/produkt\/ohne-titel-assemblage-fuer-die-jungfrau-maria\/#breadcrumb"},"inLanguage":"en-US","potentialAction":[{"@type":"ReadAction","target":["https:\/\/leonore-mau.de\/produkt\/ohne-titel-assemblage-fuer-die-jungfrau-maria\/"]}]},{"@type":"ImageObject","inLanguage":"en-US","@id":"https:\/\/leonore-mau.de\/produkt\/ohne-titel-assemblage-fuer-die-jungfrau-maria\/#primaryimage","url":"https:\/\/leonore-mau.de\/wp-content\/uploads\/2022\/07\/70246148.jpg","contentUrl":"https:\/\/leonore-mau.de\/wp-content\/uploads\/2022\/07\/70246148.jpg","width":1196,"height":1200,"caption":"\"[...] eine zarte Assemblage f\u00fcr die Jungfrau Maria.\" Aufgenommen in Bahia in der Allerheiligenbucht, Ba\u00eda de Todos os Santos. Referenz: Hubert Fichte und Leonore Mau, Xango, S. Fischer Verlag GmbH, 1976 Aufnahmedatum: 1969 - 1971 Material\/Technik: Foto \/ Farbdia Bildformat (Foto): Gro\u00dfbild (6x6) Aufnahmeort: Bahia Inventar-Nr.: LM-506546"},{"@type":"BreadcrumbList","@id":"https:\/\/leonore-mau.de\/produkt\/ohne-titel-assemblage-fuer-die-jungfrau-maria\/#breadcrumb","itemListElement":[{"@type":"ListItem","position":1,"name":"Startseite","item":"https:\/\/leonore-mau.de\/en\/"},{"@type":"ListItem","position":2,"name":"Shop","item":"https:\/\/leonore-mau.de\/en\/shop-2\/"},{"@type":"ListItem","position":3,"name":"Ohne Titel (Assemblage f\u00fcr die Jungfrau Maria)"}]},{"@type":"WebSite","@id":"https:\/\/leonore-mau.de\/#website","url":"https:\/\/leonore-mau.de\/","name":"Leonore Mau","description":"Fotografin","potentialAction":[{"@type":"SearchAction","target":{"@type":"EntryPoint","urlTemplate":"https:\/\/leonore-mau.de\/?s={search_term_string}"},"query-input":{"@type":"PropertyValueSpecification","valueRequired":true,"valueName":"search_term_string"}}],"inLanguage":"en-US"}]}},"_links":{"self":[{"href":"https:\/\/leonore-mau.de\/en\/wp-json\/wp\/v2\/product\/1904","targetHints":{"allow":["GET"]}}],"collection":[{"href":"https:\/\/leonore-mau.de\/en\/wp-json\/wp\/v2\/product"}],"about":[{"href":"https:\/\/leonore-mau.de\/en\/wp-json\/wp\/v2\/types\/product"}],"wp:featuredmedia":[{"embeddable":true,"href":"https:\/\/leonore-mau.de\/en\/wp-json\/wp\/v2\/media\/1412"}],"wp:attachment":[{"href":"https:\/\/leonore-mau.de\/en\/wp-json\/wp\/v2\/media?parent=1904"}],"wp:term":[{"taxonomy":"product_brand","embeddable":true,"href":"https:\/\/leonore-mau.de\/en\/wp-json\/wp\/v2\/product_brand?post=1904"},{"taxonomy":"product_cat","embeddable":true,"href":"https:\/\/leonore-mau.de\/en\/wp-json\/wp\/v2\/product_cat?post=1904"},{"taxonomy":"product_tag","embeddable":true,"href":"https:\/\/leonore-mau.de\/en\/wp-json\/wp\/v2\/product_tag?post=1904"}],"curies":[{"name":"wp","href":"https:\/\/api.w.org\/{rel}","templated":true}]}}