{"id":1906,"date":"2022-07-14T22:24:46","date_gmt":"2022-07-14T20:24:46","guid":{"rendered":"https:\/\/leonore-mau.de\/produkt\/der-zaubermarkt-in-be-bei-lome-togo-8\/"},"modified":"2022-09-13T23:16:12","modified_gmt":"2022-09-13T21:16:12","slug":"der-zaubermarkt-in-be-bei-lome-togo-8","status":"publish","type":"product","link":"https:\/\/leonore-mau.de\/en\/produkt\/der-zaubermarkt-in-be-bei-lome-togo-8\/","title":{"rendered":"Der Zaubermarkt in B\u00e9 bei Lom\u00e9, Togo"},"content":{"rendered":"<p>Auslage von toten Cham\u00e4leons auf dem Zaubermarkt. Referenz: Hubert Fichte und Leonore Mau, Psyche, S. Fischer Verlag GmbH, 2005<\/p>\n","protected":false},"excerpt":{"rendered":"<p>Auslage von toten Cham\u00e4leons auf dem Zaubermarkt. Referenz: Hubert Fichte und Leonore Mau, Psyche, S. Fischer Verlag GmbH, 2005<\/p>\n","protected":false},"featured_media":1410,"template":"","meta":[],"product_brand":[],"product_cat":[17],"product_tag":[78,22,24,21,23,80,1055,1056,939,940,84,3640,1355,1356,1357,36,37,39,40,41,42,43,44,1270,259,1360,70,71,1349,95,1021,1022,1023,1024,1025,1026,1027,1654,1661,1588,1176,957,958,2547],"class_list":{"0":"post-1906","1":"product","2":"type-product","3":"status-publish","4":"has-post-thumbnail","6":"product_cat-unkategorisiert","7":"product_tag-1970er-jahre","8":"product_tag-20-jahrhundert-nach-chr","9":"product_tag-20-jh-n-chr","10":"product_tag-20-jahrhundert","11":"product_tag-20-jh","12":"product_tag-70er","13":"product_tag-aberglaube","14":"product_tag-aberglauben","15":"product_tag-afrika","16":"product_tag-afrikas","17":"product_tag-ausland","18":"product_tag-chamaeleon","19":"product_tag-close-up","20":"product_tag-detail","21":"product_tag-details","22":"product_tag-farbaufnahme","23":"product_tag-farbaufnahmen","24":"product_tag-farbfoto","25":"product_tag-farbfotografie","26":"product_tag-farbphoto","27":"product_tag-farbphotographie","28":"product_tag-fotografin","29":"product_tag-fotografinnen","30":"product_tag-grossaufnahme","31":"product_tag-markt","32":"product_tag-nahaufnahme","33":"product_tag-photographin","34":"product_tag-photographinnen","35":"product_tag-psyche","36":"product_tag-siebziger","37":"product_tag-spiritualitaet","38":"product_tag-spirituell","39":"product_tag-spirituelle","40":"product_tag-spirituellen","41":"product_tag-spiritueller","42":"product_tag-spirituelles","43":"product_tag-tier","44":"product_tag-tiere","45":"product_tag-togo","46":"product_tag-verkauf","47":"product_tag-voodoo","48":"product_tag-westafrika","49":"product_tag-westafrikas","50":"product_tag-zaubermarkt","52":"first","53":"instock","54":"shipping-taxable","55":"product-type-simple"},"yoast_head":"<!-- This site is optimized with the Yoast SEO plugin v27.3 - https:\/\/yoast.com\/product\/yoast-seo-wordpress\/ -->\n<title>Der Zaubermarkt in B\u00e9 bei Lom\u00e9, Togo - Leonore Mau<\/title>\n<meta name=\"robots\" content=\"index, follow, max-snippet:-1, max-image-preview:large, max-video-preview:-1\" \/>\n<link rel=\"canonical\" href=\"https:\/\/leonore-mau.de\/produkt\/der-zaubermarkt-in-be-bei-lome-togo-8\/\" \/>\n<meta property=\"og:locale\" content=\"en_US\" \/>\n<meta property=\"og:type\" content=\"article\" \/>\n<meta property=\"og:title\" content=\"Der Zaubermarkt in B\u00e9 bei Lom\u00e9, Togo - Leonore Mau\" \/>\n<meta property=\"og:description\" content=\"Auslage von toten Cham\u00e4leons auf dem Zaubermarkt. Referenz: Hubert Fichte und Leonore Mau, Psyche, S. Fischer Verlag GmbH, 2005\" \/>\n<meta property=\"og:url\" content=\"https:\/\/leonore-mau.de\/produkt\/der-zaubermarkt-in-be-bei-lome-togo-8\/\" \/>\n<meta property=\"og:site_name\" content=\"Leonore Mau\" \/>\n<meta property=\"article:modified_time\" content=\"2022-09-13T21:16:12+00:00\" \/>\n<meta property=\"og:image\" content=\"https:\/\/leonore-mau.de\/wp-content\/uploads\/2022\/07\/70245999.jpg\" \/>\n\t<meta property=\"og:image:width\" content=\"1200\" \/>\n\t<meta property=\"og:image:height\" content=\"842\" \/>\n\t<meta property=\"og:image:type\" content=\"image\/jpeg\" \/>\n<meta name=\"twitter:card\" content=\"summary_large_image\" \/>\n<script type=\"application\/ld+json\" class=\"yoast-schema-graph\">{\"@context\":\"https:\\\/\\\/schema.org\",\"@graph\":[{\"@type\":\"WebPage\",\"@id\":\"https:\\\/\\\/leonore-mau.de\\\/produkt\\\/der-zaubermarkt-in-be-bei-lome-togo-8\\\/\",\"url\":\"https:\\\/\\\/leonore-mau.de\\\/produkt\\\/der-zaubermarkt-in-be-bei-lome-togo-8\\\/\",\"name\":\"Der Zaubermarkt in B\u00e9 bei Lom\u00e9, Togo - Leonore Mau\",\"isPartOf\":{\"@id\":\"https:\\\/\\\/leonore-mau.de\\\/#website\"},\"primaryImageOfPage\":{\"@id\":\"https:\\\/\\\/leonore-mau.de\\\/produkt\\\/der-zaubermarkt-in-be-bei-lome-togo-8\\\/#primaryimage\"},\"image\":{\"@id\":\"https:\\\/\\\/leonore-mau.de\\\/produkt\\\/der-zaubermarkt-in-be-bei-lome-togo-8\\\/#primaryimage\"},\"thumbnailUrl\":\"https:\\\/\\\/leonore-mau.de\\\/wp-content\\\/uploads\\\/2022\\\/07\\\/70245999.jpg\",\"datePublished\":\"2022-07-14T20:24:46+00:00\",\"dateModified\":\"2022-09-13T21:16:12+00:00\",\"breadcrumb\":{\"@id\":\"https:\\\/\\\/leonore-mau.de\\\/produkt\\\/der-zaubermarkt-in-be-bei-lome-togo-8\\\/#breadcrumb\"},\"inLanguage\":\"en-US\",\"potentialAction\":[{\"@type\":\"ReadAction\",\"target\":[\"https:\\\/\\\/leonore-mau.de\\\/produkt\\\/der-zaubermarkt-in-be-bei-lome-togo-8\\\/\"]}]},{\"@type\":\"ImageObject\",\"inLanguage\":\"en-US\",\"@id\":\"https:\\\/\\\/leonore-mau.de\\\/produkt\\\/der-zaubermarkt-in-be-bei-lome-togo-8\\\/#primaryimage\",\"url\":\"https:\\\/\\\/leonore-mau.de\\\/wp-content\\\/uploads\\\/2022\\\/07\\\/70245999.jpg\",\"contentUrl\":\"https:\\\/\\\/leonore-mau.de\\\/wp-content\\\/uploads\\\/2022\\\/07\\\/70245999.jpg\",\"width\":1200,\"height\":842,\"caption\":\"Auslage von toten Cham\u00e4leons auf dem Zaubermarkt. Referenz: Hubert Fichte und Leonore Mau, Psyche, S. Fischer Verlag GmbH, 2005 Aufnahmedatum: 04.07.1978 Material\\\/Technik: Foto \\\/ Farbdia Bildformat (Foto): Kleinbild Aufnahmeort: Lom\u00e9 Inventar-Nr.: LM-506533\"},{\"@type\":\"BreadcrumbList\",\"@id\":\"https:\\\/\\\/leonore-mau.de\\\/produkt\\\/der-zaubermarkt-in-be-bei-lome-togo-8\\\/#breadcrumb\",\"itemListElement\":[{\"@type\":\"ListItem\",\"position\":1,\"name\":\"Startseite\",\"item\":\"https:\\\/\\\/leonore-mau.de\\\/en\\\/\"},{\"@type\":\"ListItem\",\"position\":2,\"name\":\"Shop\",\"item\":\"https:\\\/\\\/leonore-mau.de\\\/en\\\/shop-2\\\/\"},{\"@type\":\"ListItem\",\"position\":3,\"name\":\"Der Zaubermarkt in B\u00e9 bei Lom\u00e9, Togo\"}]},{\"@type\":\"WebSite\",\"@id\":\"https:\\\/\\\/leonore-mau.de\\\/#website\",\"url\":\"https:\\\/\\\/leonore-mau.de\\\/\",\"name\":\"Leonore Mau\",\"description\":\"Fotografin\",\"potentialAction\":[{\"@type\":\"SearchAction\",\"target\":{\"@type\":\"EntryPoint\",\"urlTemplate\":\"https:\\\/\\\/leonore-mau.de\\\/?s={search_term_string}\"},\"query-input\":{\"@type\":\"PropertyValueSpecification\",\"valueRequired\":true,\"valueName\":\"search_term_string\"}}],\"inLanguage\":\"en-US\"}]}<\/script>\n<!-- \/ Yoast SEO plugin. -->","yoast_head_json":{"title":"Der Zaubermarkt in B\u00e9 bei Lom\u00e9, Togo - Leonore Mau","robots":{"index":"index","follow":"follow","max-snippet":"max-snippet:-1","max-image-preview":"max-image-preview:large","max-video-preview":"max-video-preview:-1"},"canonical":"https:\/\/leonore-mau.de\/produkt\/der-zaubermarkt-in-be-bei-lome-togo-8\/","og_locale":"en_US","og_type":"article","og_title":"Der Zaubermarkt in B\u00e9 bei Lom\u00e9, Togo - Leonore Mau","og_description":"Auslage von toten Cham\u00e4leons auf dem Zaubermarkt. Referenz: Hubert Fichte und Leonore Mau, Psyche, S. Fischer Verlag GmbH, 2005","og_url":"https:\/\/leonore-mau.de\/produkt\/der-zaubermarkt-in-be-bei-lome-togo-8\/","og_site_name":"Leonore Mau","article_modified_time":"2022-09-13T21:16:12+00:00","og_image":[{"width":1200,"height":842,"url":"https:\/\/leonore-mau.de\/wp-content\/uploads\/2022\/07\/70245999.jpg","type":"image\/jpeg"}],"twitter_card":"summary_large_image","schema":{"@context":"https:\/\/schema.org","@graph":[{"@type":"WebPage","@id":"https:\/\/leonore-mau.de\/produkt\/der-zaubermarkt-in-be-bei-lome-togo-8\/","url":"https:\/\/leonore-mau.de\/produkt\/der-zaubermarkt-in-be-bei-lome-togo-8\/","name":"Der Zaubermarkt in B\u00e9 bei Lom\u00e9, Togo - Leonore Mau","isPartOf":{"@id":"https:\/\/leonore-mau.de\/#website"},"primaryImageOfPage":{"@id":"https:\/\/leonore-mau.de\/produkt\/der-zaubermarkt-in-be-bei-lome-togo-8\/#primaryimage"},"image":{"@id":"https:\/\/leonore-mau.de\/produkt\/der-zaubermarkt-in-be-bei-lome-togo-8\/#primaryimage"},"thumbnailUrl":"https:\/\/leonore-mau.de\/wp-content\/uploads\/2022\/07\/70245999.jpg","datePublished":"2022-07-14T20:24:46+00:00","dateModified":"2022-09-13T21:16:12+00:00","breadcrumb":{"@id":"https:\/\/leonore-mau.de\/produkt\/der-zaubermarkt-in-be-bei-lome-togo-8\/#breadcrumb"},"inLanguage":"en-US","potentialAction":[{"@type":"ReadAction","target":["https:\/\/leonore-mau.de\/produkt\/der-zaubermarkt-in-be-bei-lome-togo-8\/"]}]},{"@type":"ImageObject","inLanguage":"en-US","@id":"https:\/\/leonore-mau.de\/produkt\/der-zaubermarkt-in-be-bei-lome-togo-8\/#primaryimage","url":"https:\/\/leonore-mau.de\/wp-content\/uploads\/2022\/07\/70245999.jpg","contentUrl":"https:\/\/leonore-mau.de\/wp-content\/uploads\/2022\/07\/70245999.jpg","width":1200,"height":842,"caption":"Auslage von toten Cham\u00e4leons auf dem Zaubermarkt. Referenz: Hubert Fichte und Leonore Mau, Psyche, S. Fischer Verlag GmbH, 2005 Aufnahmedatum: 04.07.1978 Material\/Technik: Foto \/ Farbdia Bildformat (Foto): Kleinbild Aufnahmeort: Lom\u00e9 Inventar-Nr.: LM-506533"},{"@type":"BreadcrumbList","@id":"https:\/\/leonore-mau.de\/produkt\/der-zaubermarkt-in-be-bei-lome-togo-8\/#breadcrumb","itemListElement":[{"@type":"ListItem","position":1,"name":"Startseite","item":"https:\/\/leonore-mau.de\/en\/"},{"@type":"ListItem","position":2,"name":"Shop","item":"https:\/\/leonore-mau.de\/en\/shop-2\/"},{"@type":"ListItem","position":3,"name":"Der Zaubermarkt in B\u00e9 bei Lom\u00e9, Togo"}]},{"@type":"WebSite","@id":"https:\/\/leonore-mau.de\/#website","url":"https:\/\/leonore-mau.de\/","name":"Leonore Mau","description":"Fotografin","potentialAction":[{"@type":"SearchAction","target":{"@type":"EntryPoint","urlTemplate":"https:\/\/leonore-mau.de\/?s={search_term_string}"},"query-input":{"@type":"PropertyValueSpecification","valueRequired":true,"valueName":"search_term_string"}}],"inLanguage":"en-US"}]}},"_links":{"self":[{"href":"https:\/\/leonore-mau.de\/en\/wp-json\/wp\/v2\/product\/1906","targetHints":{"allow":["GET"]}}],"collection":[{"href":"https:\/\/leonore-mau.de\/en\/wp-json\/wp\/v2\/product"}],"about":[{"href":"https:\/\/leonore-mau.de\/en\/wp-json\/wp\/v2\/types\/product"}],"wp:featuredmedia":[{"embeddable":true,"href":"https:\/\/leonore-mau.de\/en\/wp-json\/wp\/v2\/media\/1410"}],"wp:attachment":[{"href":"https:\/\/leonore-mau.de\/en\/wp-json\/wp\/v2\/media?parent=1906"}],"wp:term":[{"taxonomy":"product_brand","embeddable":true,"href":"https:\/\/leonore-mau.de\/en\/wp-json\/wp\/v2\/product_brand?post=1906"},{"taxonomy":"product_cat","embeddable":true,"href":"https:\/\/leonore-mau.de\/en\/wp-json\/wp\/v2\/product_cat?post=1906"},{"taxonomy":"product_tag","embeddable":true,"href":"https:\/\/leonore-mau.de\/en\/wp-json\/wp\/v2\/product_tag?post=1906"}],"curies":[{"name":"wp","href":"https:\/\/api.w.org\/{rel}","templated":true}]}}