{"id":1910,"date":"2022-07-14T22:24:48","date_gmt":"2022-07-14T20:24:48","guid":{"rendered":"https:\/\/leonore-mau.de\/produkt\/ohne-titel-rituelle-waschungen-im-sauts-deau\/"},"modified":"2022-09-13T23:16:13","modified_gmt":"2022-09-13T21:16:13","slug":"ohne-titel-rituelle-waschungen-im-sauts-deau","status":"publish","type":"product","link":"https:\/\/leonore-mau.de\/en\/produkt\/ohne-titel-rituelle-waschungen-im-sauts-deau\/","title":{"rendered":"Ohne Titel (Rituelle Waschungen im Sauts d&#8217;Eau)"},"content":{"rendered":"<p>Frau mit roten Kopftuch und wei\u00dfem Kleid stehend vor den Wasserf\u00e4llen. Hinter ihr baden sich Menschen darunter. &#8220;Mitte Juli pilgern viele Vaudougl\u00e4ubige zum Fest der Jungfrau Maria nach Ville Bonheur. Sie besuchen gleichzeitig die Wasserf\u00e4lle &#8211; Sauts d&#8217;Eau -, ein altes Vaudouheiligtum, und halten dort rituelle Waschungen ab.&#8221; Referenz: Hubert Fichte und Leonore Mau, Xango, S. Fischer Verlag GmbH, 1976<\/p>\n","protected":false},"excerpt":{"rendered":"<p>Frau mit roten Kopftuch und wei\u00dfem Kleid stehend vor den Wasserf\u00e4llen. Hinter ihr baden sich Menschen darunter. &#8220;Mitte Juli pilgern viele Vaudougl\u00e4ubige zum Fest der Jungfrau Maria nach Ville Bonheur. Sie besuchen gleichzeitig die Wasserf\u00e4lle &#8211; Sauts d&#8217;Eau -, ein altes Vaudouheiligtum, und halten dort rituelle Waschungen ab.&#8221; Referenz: Hubert Fichte und Leonore Mau, Xango, [&hellip;]<\/p>\n","protected":false},"featured_media":1406,"template":"","meta":[],"product_brand":[],"product_cat":[17],"product_tag":[78,22,24,21,23,80,84,171,172,987,1008,1009,36,37,39,40,41,42,354,1010,1011,1555,1556,181,182,183,184,185,186,187,206,910,188,189,242,243,192,193,1515,1516,194,195,196,1466,525,526,1013,1014,1015,1016,1017,1018,1019,95,1021,1022,1023,1024,1025,1026,1438,3376,3377,1031,1558,1032,1033,1034,1035,1036,1037,1038,1039],"class_list":{"0":"post-1910","1":"product","2":"type-product","3":"status-publish","4":"has-post-thumbnail","6":"product_cat-unkategorisiert","7":"product_tag-1970er-jahre","8":"product_tag-20-jahrhundert-nach-chr","9":"product_tag-20-jh-n-chr","10":"product_tag-20-jahrhundert","11":"product_tag-20-jh","12":"product_tag-70er","13":"product_tag-ausland","14":"product_tag-aussenaufnahme","15":"product_tag-aussenaufnahmen","16":"product_tag-baum","17":"product_tag-ceremonie","18":"product_tag-ceremonien","19":"product_tag-farbaufnahme","20":"product_tag-farbaufnahmen","21":"product_tag-farbfoto","22":"product_tag-farbfotografie","23":"product_tag-farbphoto","24":"product_tag-farbphotographie","25":"product_tag-frau","26":"product_tag-glaube","27":"product_tag-glauben","28":"product_tag-gottheit","29":"product_tag-gottheiten","30":"product_tag-halbakt","31":"product_tag-halbakte","32":"product_tag-halbnackt","33":"product_tag-halbnackte","34":"product_tag-halbnackten","35":"product_tag-halbnackter","36":"product_tag-halbnacktes","37":"product_tag-karibik","38":"product_tag-kleid","39":"product_tag-kopfbedeckung","40":"product_tag-kopfbedeckungen","41":"product_tag-kopftuch","42":"product_tag-kopftuecher","43":"product_tag-menschenansammlung","44":"product_tag-menschenauflauf","45":"product_tag-menschengruppe","46":"product_tag-menschengruppen","47":"product_tag-menschenmassen","48":"product_tag-menschenmenge","49":"product_tag-menschenschar","50":"product_tag-natur","51":"product_tag-religion","52":"product_tag-religionen","53":"product_tag-ritual","54":"product_tag-rituale","55":"product_tag-rituell","56":"product_tag-rituelle","57":"product_tag-rituellen","58":"product_tag-ritueller","59":"product_tag-rituelles","60":"product_tag-siebziger","61":"product_tag-spiritualitaet","62":"product_tag-spirituell","63":"product_tag-spirituelle","64":"product_tag-spirituellen","65":"product_tag-spiritueller","66":"product_tag-spirituelles","67":"product_tag-wasser","68":"product_tag-wasserfall","69":"product_tag-wasserfaelle","70":"product_tag-xango","71":"product_tag-zeichen","72":"product_tag-zeremonie","73":"product_tag-zeremoniell","74":"product_tag-zeremonielle","75":"product_tag-zeremoniellem","76":"product_tag-zeremoniellen","77":"product_tag-zeremonieller","78":"product_tag-zeremonielles","79":"product_tag-zeremonien","81":"first","82":"instock","83":"shipping-taxable","84":"product-type-simple"},"yoast_head":"<!-- This site is optimized with the Yoast SEO plugin v27.3 - https:\/\/yoast.com\/product\/yoast-seo-wordpress\/ -->\n<title>Ohne Titel (Rituelle Waschungen im Sauts d&#039;Eau) - Leonore Mau<\/title>\n<meta name=\"robots\" content=\"index, follow, max-snippet:-1, max-image-preview:large, max-video-preview:-1\" \/>\n<link rel=\"canonical\" href=\"https:\/\/leonore-mau.de\/produkt\/ohne-titel-rituelle-waschungen-im-sauts-deau\/\" \/>\n<meta property=\"og:locale\" content=\"en_US\" \/>\n<meta property=\"og:type\" content=\"article\" \/>\n<meta property=\"og:title\" content=\"Ohne Titel (Rituelle Waschungen im Sauts d&#039;Eau) - Leonore Mau\" \/>\n<meta property=\"og:description\" content=\"Frau mit roten Kopftuch und wei\u00dfem Kleid stehend vor den Wasserf\u00e4llen. Hinter ihr baden sich Menschen darunter. &#8220;Mitte Juli pilgern viele Vaudougl\u00e4ubige zum Fest der Jungfrau Maria nach Ville Bonheur. Sie besuchen gleichzeitig die Wasserf\u00e4lle &#8211; Sauts d&#8217;Eau -, ein altes Vaudouheiligtum, und halten dort rituelle Waschungen ab.&#8221; Referenz: Hubert Fichte und Leonore Mau, Xango, [&hellip;]\" \/>\n<meta property=\"og:url\" content=\"https:\/\/leonore-mau.de\/produkt\/ohne-titel-rituelle-waschungen-im-sauts-deau\/\" \/>\n<meta property=\"og:site_name\" content=\"Leonore Mau\" \/>\n<meta property=\"article:modified_time\" content=\"2022-09-13T21:16:13+00:00\" \/>\n<meta property=\"og:image\" content=\"https:\/\/leonore-mau.de\/wp-content\/uploads\/2022\/07\/70245942.jpg\" \/>\n\t<meta property=\"og:image:width\" content=\"800\" \/>\n\t<meta property=\"og:image:height\" content=\"1200\" \/>\n\t<meta property=\"og:image:type\" content=\"image\/jpeg\" \/>\n<meta name=\"twitter:card\" content=\"summary_large_image\" \/>\n<script type=\"application\/ld+json\" class=\"yoast-schema-graph\">{\"@context\":\"https:\\\/\\\/schema.org\",\"@graph\":[{\"@type\":\"WebPage\",\"@id\":\"https:\\\/\\\/leonore-mau.de\\\/produkt\\\/ohne-titel-rituelle-waschungen-im-sauts-deau\\\/\",\"url\":\"https:\\\/\\\/leonore-mau.de\\\/produkt\\\/ohne-titel-rituelle-waschungen-im-sauts-deau\\\/\",\"name\":\"Ohne Titel (Rituelle Waschungen im Sauts d'Eau) - Leonore Mau\",\"isPartOf\":{\"@id\":\"https:\\\/\\\/leonore-mau.de\\\/#website\"},\"primaryImageOfPage\":{\"@id\":\"https:\\\/\\\/leonore-mau.de\\\/produkt\\\/ohne-titel-rituelle-waschungen-im-sauts-deau\\\/#primaryimage\"},\"image\":{\"@id\":\"https:\\\/\\\/leonore-mau.de\\\/produkt\\\/ohne-titel-rituelle-waschungen-im-sauts-deau\\\/#primaryimage\"},\"thumbnailUrl\":\"https:\\\/\\\/leonore-mau.de\\\/wp-content\\\/uploads\\\/2022\\\/07\\\/70245942.jpg\",\"datePublished\":\"2022-07-14T20:24:48+00:00\",\"dateModified\":\"2022-09-13T21:16:13+00:00\",\"breadcrumb\":{\"@id\":\"https:\\\/\\\/leonore-mau.de\\\/produkt\\\/ohne-titel-rituelle-waschungen-im-sauts-deau\\\/#breadcrumb\"},\"inLanguage\":\"en-US\",\"potentialAction\":[{\"@type\":\"ReadAction\",\"target\":[\"https:\\\/\\\/leonore-mau.de\\\/produkt\\\/ohne-titel-rituelle-waschungen-im-sauts-deau\\\/\"]}]},{\"@type\":\"ImageObject\",\"inLanguage\":\"en-US\",\"@id\":\"https:\\\/\\\/leonore-mau.de\\\/produkt\\\/ohne-titel-rituelle-waschungen-im-sauts-deau\\\/#primaryimage\",\"url\":\"https:\\\/\\\/leonore-mau.de\\\/wp-content\\\/uploads\\\/2022\\\/07\\\/70245942.jpg\",\"contentUrl\":\"https:\\\/\\\/leonore-mau.de\\\/wp-content\\\/uploads\\\/2022\\\/07\\\/70245942.jpg\",\"width\":800,\"height\":1200,\"caption\":\"Frau mit roten Kopftuch und wei\u00dfem Kleid stehend vor den Wasserf\u00e4llen. Hinter ihr baden sich Menschen darunter. \\\"Mitte Juli pilgern viele Vaudougl\u00e4ubige zum Fest der Jungfrau Maria nach Ville Bonheur. Sie besuchen gleichzeitig die Wasserf\u00e4lle - Sauts d'Eau -, ein altes Vaudouheiligtum, und halten dort rituelle Waschungen ab.\\\" Referenz: Hubert Fichte und Leonore Mau, Xango, S. Fischer Verlag GmbH, 1976 Aufnahmedatum: 1972 - 1975 Material\\\/Technik: Foto \\\/ Farbdia Bildformat (Foto): Kleinbild Aufnahmeort: Haiti Inventar-Nr.: LM-506572\"},{\"@type\":\"BreadcrumbList\",\"@id\":\"https:\\\/\\\/leonore-mau.de\\\/produkt\\\/ohne-titel-rituelle-waschungen-im-sauts-deau\\\/#breadcrumb\",\"itemListElement\":[{\"@type\":\"ListItem\",\"position\":1,\"name\":\"Startseite\",\"item\":\"https:\\\/\\\/leonore-mau.de\\\/en\\\/\"},{\"@type\":\"ListItem\",\"position\":2,\"name\":\"Shop\",\"item\":\"https:\\\/\\\/leonore-mau.de\\\/en\\\/shop-2\\\/\"},{\"@type\":\"ListItem\",\"position\":3,\"name\":\"Ohne Titel (Rituelle Waschungen im Sauts d&#8217;Eau)\"}]},{\"@type\":\"WebSite\",\"@id\":\"https:\\\/\\\/leonore-mau.de\\\/#website\",\"url\":\"https:\\\/\\\/leonore-mau.de\\\/\",\"name\":\"Leonore Mau\",\"description\":\"Fotografin\",\"potentialAction\":[{\"@type\":\"SearchAction\",\"target\":{\"@type\":\"EntryPoint\",\"urlTemplate\":\"https:\\\/\\\/leonore-mau.de\\\/?s={search_term_string}\"},\"query-input\":{\"@type\":\"PropertyValueSpecification\",\"valueRequired\":true,\"valueName\":\"search_term_string\"}}],\"inLanguage\":\"en-US\"}]}<\/script>\n<!-- \/ Yoast SEO plugin. -->","yoast_head_json":{"title":"Ohne Titel (Rituelle Waschungen im Sauts d'Eau) - Leonore Mau","robots":{"index":"index","follow":"follow","max-snippet":"max-snippet:-1","max-image-preview":"max-image-preview:large","max-video-preview":"max-video-preview:-1"},"canonical":"https:\/\/leonore-mau.de\/produkt\/ohne-titel-rituelle-waschungen-im-sauts-deau\/","og_locale":"en_US","og_type":"article","og_title":"Ohne Titel (Rituelle Waschungen im Sauts d'Eau) - Leonore Mau","og_description":"Frau mit roten Kopftuch und wei\u00dfem Kleid stehend vor den Wasserf\u00e4llen. Hinter ihr baden sich Menschen darunter. &#8220;Mitte Juli pilgern viele Vaudougl\u00e4ubige zum Fest der Jungfrau Maria nach Ville Bonheur. Sie besuchen gleichzeitig die Wasserf\u00e4lle &#8211; Sauts d&#8217;Eau -, ein altes Vaudouheiligtum, und halten dort rituelle Waschungen ab.&#8221; Referenz: Hubert Fichte und Leonore Mau, Xango, [&hellip;]","og_url":"https:\/\/leonore-mau.de\/produkt\/ohne-titel-rituelle-waschungen-im-sauts-deau\/","og_site_name":"Leonore Mau","article_modified_time":"2022-09-13T21:16:13+00:00","og_image":[{"width":800,"height":1200,"url":"https:\/\/leonore-mau.de\/wp-content\/uploads\/2022\/07\/70245942.jpg","type":"image\/jpeg"}],"twitter_card":"summary_large_image","schema":{"@context":"https:\/\/schema.org","@graph":[{"@type":"WebPage","@id":"https:\/\/leonore-mau.de\/produkt\/ohne-titel-rituelle-waschungen-im-sauts-deau\/","url":"https:\/\/leonore-mau.de\/produkt\/ohne-titel-rituelle-waschungen-im-sauts-deau\/","name":"Ohne Titel (Rituelle Waschungen im Sauts d'Eau) - Leonore Mau","isPartOf":{"@id":"https:\/\/leonore-mau.de\/#website"},"primaryImageOfPage":{"@id":"https:\/\/leonore-mau.de\/produkt\/ohne-titel-rituelle-waschungen-im-sauts-deau\/#primaryimage"},"image":{"@id":"https:\/\/leonore-mau.de\/produkt\/ohne-titel-rituelle-waschungen-im-sauts-deau\/#primaryimage"},"thumbnailUrl":"https:\/\/leonore-mau.de\/wp-content\/uploads\/2022\/07\/70245942.jpg","datePublished":"2022-07-14T20:24:48+00:00","dateModified":"2022-09-13T21:16:13+00:00","breadcrumb":{"@id":"https:\/\/leonore-mau.de\/produkt\/ohne-titel-rituelle-waschungen-im-sauts-deau\/#breadcrumb"},"inLanguage":"en-US","potentialAction":[{"@type":"ReadAction","target":["https:\/\/leonore-mau.de\/produkt\/ohne-titel-rituelle-waschungen-im-sauts-deau\/"]}]},{"@type":"ImageObject","inLanguage":"en-US","@id":"https:\/\/leonore-mau.de\/produkt\/ohne-titel-rituelle-waschungen-im-sauts-deau\/#primaryimage","url":"https:\/\/leonore-mau.de\/wp-content\/uploads\/2022\/07\/70245942.jpg","contentUrl":"https:\/\/leonore-mau.de\/wp-content\/uploads\/2022\/07\/70245942.jpg","width":800,"height":1200,"caption":"Frau mit roten Kopftuch und wei\u00dfem Kleid stehend vor den Wasserf\u00e4llen. Hinter ihr baden sich Menschen darunter. \"Mitte Juli pilgern viele Vaudougl\u00e4ubige zum Fest der Jungfrau Maria nach Ville Bonheur. Sie besuchen gleichzeitig die Wasserf\u00e4lle - Sauts d'Eau -, ein altes Vaudouheiligtum, und halten dort rituelle Waschungen ab.\" Referenz: Hubert Fichte und Leonore Mau, Xango, S. Fischer Verlag GmbH, 1976 Aufnahmedatum: 1972 - 1975 Material\/Technik: Foto \/ Farbdia Bildformat (Foto): Kleinbild Aufnahmeort: Haiti Inventar-Nr.: LM-506572"},{"@type":"BreadcrumbList","@id":"https:\/\/leonore-mau.de\/produkt\/ohne-titel-rituelle-waschungen-im-sauts-deau\/#breadcrumb","itemListElement":[{"@type":"ListItem","position":1,"name":"Startseite","item":"https:\/\/leonore-mau.de\/en\/"},{"@type":"ListItem","position":2,"name":"Shop","item":"https:\/\/leonore-mau.de\/en\/shop-2\/"},{"@type":"ListItem","position":3,"name":"Ohne Titel (Rituelle Waschungen im Sauts d&#8217;Eau)"}]},{"@type":"WebSite","@id":"https:\/\/leonore-mau.de\/#website","url":"https:\/\/leonore-mau.de\/","name":"Leonore Mau","description":"Fotografin","potentialAction":[{"@type":"SearchAction","target":{"@type":"EntryPoint","urlTemplate":"https:\/\/leonore-mau.de\/?s={search_term_string}"},"query-input":{"@type":"PropertyValueSpecification","valueRequired":true,"valueName":"search_term_string"}}],"inLanguage":"en-US"}]}},"_links":{"self":[{"href":"https:\/\/leonore-mau.de\/en\/wp-json\/wp\/v2\/product\/1910","targetHints":{"allow":["GET"]}}],"collection":[{"href":"https:\/\/leonore-mau.de\/en\/wp-json\/wp\/v2\/product"}],"about":[{"href":"https:\/\/leonore-mau.de\/en\/wp-json\/wp\/v2\/types\/product"}],"wp:featuredmedia":[{"embeddable":true,"href":"https:\/\/leonore-mau.de\/en\/wp-json\/wp\/v2\/media\/1406"}],"wp:attachment":[{"href":"https:\/\/leonore-mau.de\/en\/wp-json\/wp\/v2\/media?parent=1910"}],"wp:term":[{"taxonomy":"product_brand","embeddable":true,"href":"https:\/\/leonore-mau.de\/en\/wp-json\/wp\/v2\/product_brand?post=1910"},{"taxonomy":"product_cat","embeddable":true,"href":"https:\/\/leonore-mau.de\/en\/wp-json\/wp\/v2\/product_cat?post=1910"},{"taxonomy":"product_tag","embeddable":true,"href":"https:\/\/leonore-mau.de\/en\/wp-json\/wp\/v2\/product_tag?post=1910"}],"curies":[{"name":"wp","href":"https:\/\/api.w.org\/{rel}","templated":true}]}}