{"id":1911,"date":"2022-07-14T22:24:49","date_gmt":"2022-07-14T20:24:49","guid":{"rendered":"https:\/\/leonore-mau.de\/produkt\/ohne-titel-veve\/"},"modified":"2022-09-13T23:16:13","modified_gmt":"2022-09-13T21:16:13","slug":"ohne-titel-veve","status":"publish","type":"product","link":"https:\/\/leonore-mau.de\/en\/produkt\/ohne-titel-veve\/","title":{"rendered":"Ohne Titel (V\u00e9v\u00e9)"},"content":{"rendered":"<p>Zwei M\u00e4nner streuen mit einer Mehlmischung G\u00f6tterzeichen auf den Boden. Um sie herum stehen und sitzen Erwachsene und Kinder. Der Raum ist mit Girlanden geschm\u00fcckt. &#8220;Die V\u00e9v\u00e9s sind Zeichen aus Mehl, gemahlenen Rinden und Wurzeln. Sie stellen G\u00f6tter und G\u00f6tterzeichen dar. [&#8230;]&#8221; Referenz: Hubert Fichte und Leonore Mau, Xango, S. Fischer Verlag GmbH, 1976<\/p>\n","protected":false},"excerpt":{"rendered":"<p>Zwei M\u00e4nner streuen mit einer Mehlmischung G\u00f6tterzeichen auf den Boden. Um sie herum stehen und sitzen Erwachsene und Kinder. Der Raum ist mit Girlanden geschm\u00fcckt. &#8220;Die V\u00e9v\u00e9s sind Zeichen aus Mehl, gemahlenen Rinden und Wurzeln. Sie stellen G\u00f6tter und G\u00f6tterzeichen dar. [&#8230;]&#8221; Referenz: Hubert Fichte und Leonore Mau, Xango, S. Fischer Verlag GmbH, 1976<\/p>\n","protected":false},"featured_media":1405,"template":"","meta":[],"product_brand":[],"product_cat":[17],"product_tag":[78,22,24,21,23,80,84,1057,1553,1554,1008,1009,36,37,39,40,41,42,1186,1187,1010,1011,1555,1556,56,57,206,525,526,1013,1014,1015,1016,1017,1018,1019,95,1021,1022,1023,1024,1025,1026,1031,1558,1032,1033,1034,1035,1036,1037,1038,1039],"class_list":{"0":"post-1911","1":"product","2":"type-product","3":"status-publish","4":"has-post-thumbnail","6":"product_cat-unkategorisiert","7":"product_tag-1970er-jahre","8":"product_tag-20-jahrhundert-nach-chr","9":"product_tag-20-jh-n-chr","10":"product_tag-20-jahrhundert","11":"product_tag-20-jh","12":"product_tag-70er","13":"product_tag-ausland","14":"product_tag-boden","15":"product_tag-bodenbild","16":"product_tag-bodenbilder","17":"product_tag-ceremonie","18":"product_tag-ceremonien","19":"product_tag-farbaufnahme","20":"product_tag-farbaufnahmen","21":"product_tag-farbfoto","22":"product_tag-farbfotografie","23":"product_tag-farbphoto","24":"product_tag-farbphotographie","25":"product_tag-glasflasche","26":"product_tag-glasflaschen","27":"product_tag-glaube","28":"product_tag-glauben","29":"product_tag-gottheit","30":"product_tag-gottheiten","31":"product_tag-innenaufnahme","32":"product_tag-innenaufnahmen","33":"product_tag-karibik","34":"product_tag-religion","35":"product_tag-religionen","36":"product_tag-ritual","37":"product_tag-rituale","38":"product_tag-rituell","39":"product_tag-rituelle","40":"product_tag-rituellen","41":"product_tag-ritueller","42":"product_tag-rituelles","43":"product_tag-siebziger","44":"product_tag-spiritualitaet","45":"product_tag-spirituell","46":"product_tag-spirituelle","47":"product_tag-spirituellen","48":"product_tag-spiritueller","49":"product_tag-spirituelles","50":"product_tag-xango","51":"product_tag-zeichen","52":"product_tag-zeremonie","53":"product_tag-zeremoniell","54":"product_tag-zeremonielle","55":"product_tag-zeremoniellem","56":"product_tag-zeremoniellen","57":"product_tag-zeremonieller","58":"product_tag-zeremonielles","59":"product_tag-zeremonien","61":"first","62":"instock","63":"shipping-taxable","64":"product-type-simple"},"yoast_head":"<!-- This site is optimized with the Yoast SEO plugin v27.4 - https:\/\/yoast.com\/product\/yoast-seo-wordpress\/ -->\n<title>Ohne Titel (V\u00e9v\u00e9) - Leonore Mau<\/title>\n<meta name=\"robots\" content=\"index, follow, max-snippet:-1, max-image-preview:large, max-video-preview:-1\" \/>\n<link rel=\"canonical\" href=\"https:\/\/leonore-mau.de\/produkt\/ohne-titel-veve\/\" \/>\n<meta property=\"og:locale\" content=\"en_US\" \/>\n<meta property=\"og:type\" content=\"article\" \/>\n<meta property=\"og:title\" content=\"Ohne Titel (V\u00e9v\u00e9) - Leonore Mau\" \/>\n<meta property=\"og:description\" content=\"Zwei M\u00e4nner streuen mit einer Mehlmischung G\u00f6tterzeichen auf den Boden. Um sie herum stehen und sitzen Erwachsene und Kinder. Der Raum ist mit Girlanden geschm\u00fcckt. &#8220;Die V\u00e9v\u00e9s sind Zeichen aus Mehl, gemahlenen Rinden und Wurzeln. Sie stellen G\u00f6tter und G\u00f6tterzeichen dar. [&#8230;]&#8221; Referenz: Hubert Fichte und Leonore Mau, Xango, S. Fischer Verlag GmbH, 1976\" \/>\n<meta property=\"og:url\" content=\"https:\/\/leonore-mau.de\/produkt\/ohne-titel-veve\/\" \/>\n<meta property=\"og:site_name\" content=\"Leonore Mau\" \/>\n<meta property=\"article:modified_time\" content=\"2022-09-13T21:16:13+00:00\" \/>\n<meta property=\"og:image\" content=\"https:\/\/leonore-mau.de\/wp-content\/uploads\/2022\/07\/70245940.jpg\" \/>\n\t<meta property=\"og:image:width\" content=\"1200\" \/>\n\t<meta property=\"og:image:height\" content=\"1200\" \/>\n\t<meta property=\"og:image:type\" content=\"image\/jpeg\" \/>\n<meta name=\"twitter:card\" content=\"summary_large_image\" \/>\n<script type=\"application\/ld+json\" class=\"yoast-schema-graph\">{\"@context\":\"https:\\\/\\\/schema.org\",\"@graph\":[{\"@type\":\"WebPage\",\"@id\":\"https:\\\/\\\/leonore-mau.de\\\/produkt\\\/ohne-titel-veve\\\/\",\"url\":\"https:\\\/\\\/leonore-mau.de\\\/produkt\\\/ohne-titel-veve\\\/\",\"name\":\"Ohne Titel (V\u00e9v\u00e9) - Leonore Mau\",\"isPartOf\":{\"@id\":\"https:\\\/\\\/leonore-mau.de\\\/#website\"},\"primaryImageOfPage\":{\"@id\":\"https:\\\/\\\/leonore-mau.de\\\/produkt\\\/ohne-titel-veve\\\/#primaryimage\"},\"image\":{\"@id\":\"https:\\\/\\\/leonore-mau.de\\\/produkt\\\/ohne-titel-veve\\\/#primaryimage\"},\"thumbnailUrl\":\"https:\\\/\\\/leonore-mau.de\\\/wp-content\\\/uploads\\\/2022\\\/07\\\/70245940.jpg\",\"datePublished\":\"2022-07-14T20:24:49+00:00\",\"dateModified\":\"2022-09-13T21:16:13+00:00\",\"breadcrumb\":{\"@id\":\"https:\\\/\\\/leonore-mau.de\\\/produkt\\\/ohne-titel-veve\\\/#breadcrumb\"},\"inLanguage\":\"en-US\",\"potentialAction\":[{\"@type\":\"ReadAction\",\"target\":[\"https:\\\/\\\/leonore-mau.de\\\/produkt\\\/ohne-titel-veve\\\/\"]}]},{\"@type\":\"ImageObject\",\"inLanguage\":\"en-US\",\"@id\":\"https:\\\/\\\/leonore-mau.de\\\/produkt\\\/ohne-titel-veve\\\/#primaryimage\",\"url\":\"https:\\\/\\\/leonore-mau.de\\\/wp-content\\\/uploads\\\/2022\\\/07\\\/70245940.jpg\",\"contentUrl\":\"https:\\\/\\\/leonore-mau.de\\\/wp-content\\\/uploads\\\/2022\\\/07\\\/70245940.jpg\",\"width\":1200,\"height\":1200,\"caption\":\"Zwei M\u00e4nner streuen mit einer Mehlmischung G\u00f6tterzeichen auf den Boden. Um sie herum stehen und sitzen Erwachsene und Kinder. Der Raum ist mit Girlanden geschm\u00fcckt. \\\"Die V\u00e9v\u00e9s sind Zeichen aus Mehl, gemahlenen Rinden und Wurzeln. Sie stellen G\u00f6tter und G\u00f6tterzeichen dar. [...]\\\" Referenz: Hubert Fichte und Leonore Mau, Xango, S. Fischer Verlag GmbH, 1976 Aufnahmedatum: 1972 - 1975 Material\\\/Technik: Foto \\\/ Farbdia Bildformat (Foto): Gro\u00dfbild (6x6) Aufnahmeort: Haiti Inventar-Nr.: LM-506570\"},{\"@type\":\"BreadcrumbList\",\"@id\":\"https:\\\/\\\/leonore-mau.de\\\/produkt\\\/ohne-titel-veve\\\/#breadcrumb\",\"itemListElement\":[{\"@type\":\"ListItem\",\"position\":1,\"name\":\"Startseite\",\"item\":\"https:\\\/\\\/leonore-mau.de\\\/en\\\/\"},{\"@type\":\"ListItem\",\"position\":2,\"name\":\"Shop\",\"item\":\"https:\\\/\\\/leonore-mau.de\\\/en\\\/shop-2\\\/\"},{\"@type\":\"ListItem\",\"position\":3,\"name\":\"Ohne Titel (V\u00e9v\u00e9)\"}]},{\"@type\":\"WebSite\",\"@id\":\"https:\\\/\\\/leonore-mau.de\\\/#website\",\"url\":\"https:\\\/\\\/leonore-mau.de\\\/\",\"name\":\"Leonore Mau\",\"description\":\"Fotografin\",\"potentialAction\":[{\"@type\":\"SearchAction\",\"target\":{\"@type\":\"EntryPoint\",\"urlTemplate\":\"https:\\\/\\\/leonore-mau.de\\\/?s={search_term_string}\"},\"query-input\":{\"@type\":\"PropertyValueSpecification\",\"valueRequired\":true,\"valueName\":\"search_term_string\"}}],\"inLanguage\":\"en-US\"}]}<\/script>\n<!-- \/ Yoast SEO plugin. -->","yoast_head_json":{"title":"Ohne Titel (V\u00e9v\u00e9) - Leonore Mau","robots":{"index":"index","follow":"follow","max-snippet":"max-snippet:-1","max-image-preview":"max-image-preview:large","max-video-preview":"max-video-preview:-1"},"canonical":"https:\/\/leonore-mau.de\/produkt\/ohne-titel-veve\/","og_locale":"en_US","og_type":"article","og_title":"Ohne Titel (V\u00e9v\u00e9) - Leonore Mau","og_description":"Zwei M\u00e4nner streuen mit einer Mehlmischung G\u00f6tterzeichen auf den Boden. Um sie herum stehen und sitzen Erwachsene und Kinder. Der Raum ist mit Girlanden geschm\u00fcckt. &#8220;Die V\u00e9v\u00e9s sind Zeichen aus Mehl, gemahlenen Rinden und Wurzeln. Sie stellen G\u00f6tter und G\u00f6tterzeichen dar. [&#8230;]&#8221; Referenz: Hubert Fichte und Leonore Mau, Xango, S. Fischer Verlag GmbH, 1976","og_url":"https:\/\/leonore-mau.de\/produkt\/ohne-titel-veve\/","og_site_name":"Leonore Mau","article_modified_time":"2022-09-13T21:16:13+00:00","og_image":[{"width":1200,"height":1200,"url":"https:\/\/leonore-mau.de\/wp-content\/uploads\/2022\/07\/70245940.jpg","type":"image\/jpeg"}],"twitter_card":"summary_large_image","schema":{"@context":"https:\/\/schema.org","@graph":[{"@type":"WebPage","@id":"https:\/\/leonore-mau.de\/produkt\/ohne-titel-veve\/","url":"https:\/\/leonore-mau.de\/produkt\/ohne-titel-veve\/","name":"Ohne Titel (V\u00e9v\u00e9) - Leonore Mau","isPartOf":{"@id":"https:\/\/leonore-mau.de\/#website"},"primaryImageOfPage":{"@id":"https:\/\/leonore-mau.de\/produkt\/ohne-titel-veve\/#primaryimage"},"image":{"@id":"https:\/\/leonore-mau.de\/produkt\/ohne-titel-veve\/#primaryimage"},"thumbnailUrl":"https:\/\/leonore-mau.de\/wp-content\/uploads\/2022\/07\/70245940.jpg","datePublished":"2022-07-14T20:24:49+00:00","dateModified":"2022-09-13T21:16:13+00:00","breadcrumb":{"@id":"https:\/\/leonore-mau.de\/produkt\/ohne-titel-veve\/#breadcrumb"},"inLanguage":"en-US","potentialAction":[{"@type":"ReadAction","target":["https:\/\/leonore-mau.de\/produkt\/ohne-titel-veve\/"]}]},{"@type":"ImageObject","inLanguage":"en-US","@id":"https:\/\/leonore-mau.de\/produkt\/ohne-titel-veve\/#primaryimage","url":"https:\/\/leonore-mau.de\/wp-content\/uploads\/2022\/07\/70245940.jpg","contentUrl":"https:\/\/leonore-mau.de\/wp-content\/uploads\/2022\/07\/70245940.jpg","width":1200,"height":1200,"caption":"Zwei M\u00e4nner streuen mit einer Mehlmischung G\u00f6tterzeichen auf den Boden. Um sie herum stehen und sitzen Erwachsene und Kinder. Der Raum ist mit Girlanden geschm\u00fcckt. \"Die V\u00e9v\u00e9s sind Zeichen aus Mehl, gemahlenen Rinden und Wurzeln. Sie stellen G\u00f6tter und G\u00f6tterzeichen dar. [...]\" Referenz: Hubert Fichte und Leonore Mau, Xango, S. Fischer Verlag GmbH, 1976 Aufnahmedatum: 1972 - 1975 Material\/Technik: Foto \/ Farbdia Bildformat (Foto): Gro\u00dfbild (6x6) Aufnahmeort: Haiti Inventar-Nr.: LM-506570"},{"@type":"BreadcrumbList","@id":"https:\/\/leonore-mau.de\/produkt\/ohne-titel-veve\/#breadcrumb","itemListElement":[{"@type":"ListItem","position":1,"name":"Startseite","item":"https:\/\/leonore-mau.de\/en\/"},{"@type":"ListItem","position":2,"name":"Shop","item":"https:\/\/leonore-mau.de\/en\/shop-2\/"},{"@type":"ListItem","position":3,"name":"Ohne Titel (V\u00e9v\u00e9)"}]},{"@type":"WebSite","@id":"https:\/\/leonore-mau.de\/#website","url":"https:\/\/leonore-mau.de\/","name":"Leonore Mau","description":"Fotografin","potentialAction":[{"@type":"SearchAction","target":{"@type":"EntryPoint","urlTemplate":"https:\/\/leonore-mau.de\/?s={search_term_string}"},"query-input":{"@type":"PropertyValueSpecification","valueRequired":true,"valueName":"search_term_string"}}],"inLanguage":"en-US"}]}},"_links":{"self":[{"href":"https:\/\/leonore-mau.de\/en\/wp-json\/wp\/v2\/product\/1911","targetHints":{"allow":["GET"]}}],"collection":[{"href":"https:\/\/leonore-mau.de\/en\/wp-json\/wp\/v2\/product"}],"about":[{"href":"https:\/\/leonore-mau.de\/en\/wp-json\/wp\/v2\/types\/product"}],"wp:featuredmedia":[{"embeddable":true,"href":"https:\/\/leonore-mau.de\/en\/wp-json\/wp\/v2\/media\/1405"}],"wp:attachment":[{"href":"https:\/\/leonore-mau.de\/en\/wp-json\/wp\/v2\/media?parent=1911"}],"wp:term":[{"taxonomy":"product_brand","embeddable":true,"href":"https:\/\/leonore-mau.de\/en\/wp-json\/wp\/v2\/product_brand?post=1911"},{"taxonomy":"product_cat","embeddable":true,"href":"https:\/\/leonore-mau.de\/en\/wp-json\/wp\/v2\/product_cat?post=1911"},{"taxonomy":"product_tag","embeddable":true,"href":"https:\/\/leonore-mau.de\/en\/wp-json\/wp\/v2\/product_tag?post=1911"}],"curies":[{"name":"wp","href":"https:\/\/api.w.org\/{rel}","templated":true}]}}