{"id":792,"date":"2022-07-11T15:16:00","date_gmt":"2022-07-11T13:16:00","guid":{"rendered":"https:\/\/leonore-mau.de\/produkt\/ohne-titel-marktszene-im-hafen\/"},"modified":"2022-09-13T23:08:45","modified_gmt":"2022-09-13T21:08:45","slug":"ohne-titel-marktszene-im-hafen","status":"publish","type":"product","link":"https:\/\/leonore-mau.de\/en\/produkt\/ohne-titel-marktszene-im-hafen\/","title":{"rendered":"Ohne Titel (Marktszene im Hafen)"},"content":{"rendered":"<p>Marktszene im Hafen. Am rechten Bildrand die Skulptur &#8220;Monumento \u00e0 Cidade de Salvador&#8221; (Brunnen) vom Bildhauer M\u00e1rio Cravo. Aufgenommen in Salvador da Bahia in der Allerheiligenbucht, Ba\u00eda de Todos os Santos. <\/p>\n","protected":false},"excerpt":{"rendered":"<p>Marktszene im Hafen. Am rechten Bildrand die Skulptur &#8220;Monumento \u00e0 Cidade de Salvador&#8221; (Brunnen) vom Bildhauer M\u00e1rio Cravo. Aufgenommen in Salvador da Bahia in der Allerheiligenbucht, Ba\u00eda de Todos os Santos.<\/p>\n","protected":false},"featured_media":224,"template":"","meta":[],"product_brand":[],"product_cat":[4430,17],"product_tag":[78,170,22,24,21,23,80,250,171,172,200,201,173,174,175,251,252,253,254,255,256,257,36,37,39,40,41,42,43,44,87,88,258,259,260,261,262,70,71,263,264,265,266,267,268,269,95,270,97,99,163,164],"class_list":{"0":"post-792","1":"product","2":"type-product","3":"status-publish","4":"has-post-thumbnail","6":"product_cat-markt-hafen-und-meer","7":"product_cat-unkategorisiert","8":"product_tag-1970er-jahre","9":"product_tag-2-1_markt-hafen-und-meer","10":"product_tag-20-jahrhundert-nach-chr","11":"product_tag-20-jh-n-chr","12":"product_tag-20-jahrhundert","13":"product_tag-20-jh","14":"product_tag-70er","15":"product_tag-architektur","16":"product_tag-aussenaufnahme","17":"product_tag-aussenaufnahmen","18":"product_tag-boot","19":"product_tag-boote","20":"product_tag-brasil","21":"product_tag-brasilien","22":"product_tag-brasiliens","23":"product_tag-brunnenfigur","24":"product_tag-brunnenfiguren","25":"product_tag-brunnenplastik","26":"product_tag-denkmal","27":"product_tag-denkmale","28":"product_tag-denkmaeler","29":"product_tag-denkmals","30":"product_tag-farbaufnahme","31":"product_tag-farbaufnahmen","32":"product_tag-farbfoto","33":"product_tag-farbfotografie","34":"product_tag-farbphoto","35":"product_tag-farbphotographie","36":"product_tag-fotografin","37":"product_tag-fotografinnen","38":"product_tag-grossstadt","39":"product_tag-grossstaedte","40":"product_tag-kolonialarchitektur","41":"product_tag-markt","42":"product_tag-maerkte","43":"product_tag-moderne-skulptur","44":"product_tag-moderne-skulpturen","45":"product_tag-photographin","46":"product_tag-photographinnen","47":"product_tag-schiff","48":"product_tag-schiffe","49":"product_tag-segelboot","50":"product_tag-segelboote","51":"product_tag-segelbooten","52":"product_tag-segelbootes","53":"product_tag-segelboots","54":"product_tag-siebziger","55":"product_tag-stadtbild","56":"product_tag-strassenleben","57":"product_tag-strassenszene","58":"product_tag-suedamerika","59":"product_tag-suedamerikas","61":"first","62":"instock","63":"shipping-taxable","64":"product-type-simple"},"yoast_head":"<!-- This site is optimized with the Yoast SEO plugin v27.3 - https:\/\/yoast.com\/product\/yoast-seo-wordpress\/ -->\n<title>Ohne Titel (Marktszene im Hafen) - Leonore Mau<\/title>\n<meta name=\"robots\" content=\"index, follow, max-snippet:-1, max-image-preview:large, max-video-preview:-1\" \/>\n<link rel=\"canonical\" href=\"https:\/\/leonore-mau.de\/produkt\/ohne-titel-marktszene-im-hafen\/\" \/>\n<meta property=\"og:locale\" content=\"en_US\" \/>\n<meta property=\"og:type\" content=\"article\" \/>\n<meta property=\"og:title\" content=\"Ohne Titel (Marktszene im Hafen) - Leonore Mau\" \/>\n<meta property=\"og:description\" content=\"Marktszene im Hafen. Am rechten Bildrand die Skulptur &#8220;Monumento \u00e0 Cidade de Salvador&#8221; (Brunnen) vom Bildhauer M\u00e1rio Cravo. Aufgenommen in Salvador da Bahia in der Allerheiligenbucht, Ba\u00eda de Todos os Santos.\" \/>\n<meta property=\"og:url\" content=\"https:\/\/leonore-mau.de\/produkt\/ohne-titel-marktszene-im-hafen\/\" \/>\n<meta property=\"og:site_name\" content=\"Leonore Mau\" \/>\n<meta property=\"article:modified_time\" content=\"2022-09-13T21:08:45+00:00\" \/>\n<meta property=\"og:image\" content=\"https:\/\/leonore-mau.de\/wp-content\/uploads\/2022\/07\/70242462.jpg\" \/>\n\t<meta property=\"og:image:width\" content=\"1200\" \/>\n\t<meta property=\"og:image:height\" content=\"1200\" \/>\n\t<meta property=\"og:image:type\" content=\"image\/jpeg\" \/>\n<meta name=\"twitter:card\" content=\"summary_large_image\" \/>\n<script type=\"application\/ld+json\" class=\"yoast-schema-graph\">{\"@context\":\"https:\\\/\\\/schema.org\",\"@graph\":[{\"@type\":\"WebPage\",\"@id\":\"https:\\\/\\\/leonore-mau.de\\\/produkt\\\/ohne-titel-marktszene-im-hafen\\\/\",\"url\":\"https:\\\/\\\/leonore-mau.de\\\/produkt\\\/ohne-titel-marktszene-im-hafen\\\/\",\"name\":\"Ohne Titel (Marktszene im Hafen) - Leonore Mau\",\"isPartOf\":{\"@id\":\"https:\\\/\\\/leonore-mau.de\\\/#website\"},\"primaryImageOfPage\":{\"@id\":\"https:\\\/\\\/leonore-mau.de\\\/produkt\\\/ohne-titel-marktszene-im-hafen\\\/#primaryimage\"},\"image\":{\"@id\":\"https:\\\/\\\/leonore-mau.de\\\/produkt\\\/ohne-titel-marktszene-im-hafen\\\/#primaryimage\"},\"thumbnailUrl\":\"https:\\\/\\\/leonore-mau.de\\\/wp-content\\\/uploads\\\/2022\\\/07\\\/70242462.jpg\",\"datePublished\":\"2022-07-11T13:16:00+00:00\",\"dateModified\":\"2022-09-13T21:08:45+00:00\",\"breadcrumb\":{\"@id\":\"https:\\\/\\\/leonore-mau.de\\\/produkt\\\/ohne-titel-marktszene-im-hafen\\\/#breadcrumb\"},\"inLanguage\":\"en-US\",\"potentialAction\":[{\"@type\":\"ReadAction\",\"target\":[\"https:\\\/\\\/leonore-mau.de\\\/produkt\\\/ohne-titel-marktszene-im-hafen\\\/\"]}]},{\"@type\":\"ImageObject\",\"inLanguage\":\"en-US\",\"@id\":\"https:\\\/\\\/leonore-mau.de\\\/produkt\\\/ohne-titel-marktszene-im-hafen\\\/#primaryimage\",\"url\":\"https:\\\/\\\/leonore-mau.de\\\/wp-content\\\/uploads\\\/2022\\\/07\\\/70242462.jpg\",\"contentUrl\":\"https:\\\/\\\/leonore-mau.de\\\/wp-content\\\/uploads\\\/2022\\\/07\\\/70242462.jpg\",\"width\":1200,\"height\":1200,\"caption\":\"Marktszene im Hafen. Am rechten Bildrand die Skulptur \\\"Monumento \u00e0 Cidade de Salvador\\\" (Brunnen) vom Bildhauer M\u00e1rio Cravo. Aufgenommen in Salvador da Bahia in der Allerheiligenbucht, Ba\u00eda de Todos os Santos. Aufnahmedatum: 1971 - 1972 Material\\\/Technik: Foto \\\/ Farbdia Bildformat (Foto): Gro\u00dfbild (6x6) Aufnahmeort: Salvador da Bahia Inventar-Nr.: LM-506935\"},{\"@type\":\"BreadcrumbList\",\"@id\":\"https:\\\/\\\/leonore-mau.de\\\/produkt\\\/ohne-titel-marktszene-im-hafen\\\/#breadcrumb\",\"itemListElement\":[{\"@type\":\"ListItem\",\"position\":1,\"name\":\"Startseite\",\"item\":\"https:\\\/\\\/leonore-mau.de\\\/en\\\/\"},{\"@type\":\"ListItem\",\"position\":2,\"name\":\"Shop\",\"item\":\"https:\\\/\\\/leonore-mau.de\\\/en\\\/shop-2\\\/\"},{\"@type\":\"ListItem\",\"position\":3,\"name\":\"Ohne Titel (Marktszene im Hafen)\"}]},{\"@type\":\"WebSite\",\"@id\":\"https:\\\/\\\/leonore-mau.de\\\/#website\",\"url\":\"https:\\\/\\\/leonore-mau.de\\\/\",\"name\":\"Leonore Mau\",\"description\":\"Fotografin\",\"potentialAction\":[{\"@type\":\"SearchAction\",\"target\":{\"@type\":\"EntryPoint\",\"urlTemplate\":\"https:\\\/\\\/leonore-mau.de\\\/?s={search_term_string}\"},\"query-input\":{\"@type\":\"PropertyValueSpecification\",\"valueRequired\":true,\"valueName\":\"search_term_string\"}}],\"inLanguage\":\"en-US\"}]}<\/script>\n<!-- \/ Yoast SEO plugin. -->","yoast_head_json":{"title":"Ohne Titel (Marktszene im Hafen) - Leonore Mau","robots":{"index":"index","follow":"follow","max-snippet":"max-snippet:-1","max-image-preview":"max-image-preview:large","max-video-preview":"max-video-preview:-1"},"canonical":"https:\/\/leonore-mau.de\/produkt\/ohne-titel-marktszene-im-hafen\/","og_locale":"en_US","og_type":"article","og_title":"Ohne Titel (Marktszene im Hafen) - Leonore Mau","og_description":"Marktszene im Hafen. Am rechten Bildrand die Skulptur &#8220;Monumento \u00e0 Cidade de Salvador&#8221; (Brunnen) vom Bildhauer M\u00e1rio Cravo. Aufgenommen in Salvador da Bahia in der Allerheiligenbucht, Ba\u00eda de Todos os Santos.","og_url":"https:\/\/leonore-mau.de\/produkt\/ohne-titel-marktszene-im-hafen\/","og_site_name":"Leonore Mau","article_modified_time":"2022-09-13T21:08:45+00:00","og_image":[{"width":1200,"height":1200,"url":"https:\/\/leonore-mau.de\/wp-content\/uploads\/2022\/07\/70242462.jpg","type":"image\/jpeg"}],"twitter_card":"summary_large_image","schema":{"@context":"https:\/\/schema.org","@graph":[{"@type":"WebPage","@id":"https:\/\/leonore-mau.de\/produkt\/ohne-titel-marktszene-im-hafen\/","url":"https:\/\/leonore-mau.de\/produkt\/ohne-titel-marktszene-im-hafen\/","name":"Ohne Titel (Marktszene im Hafen) - Leonore Mau","isPartOf":{"@id":"https:\/\/leonore-mau.de\/#website"},"primaryImageOfPage":{"@id":"https:\/\/leonore-mau.de\/produkt\/ohne-titel-marktszene-im-hafen\/#primaryimage"},"image":{"@id":"https:\/\/leonore-mau.de\/produkt\/ohne-titel-marktszene-im-hafen\/#primaryimage"},"thumbnailUrl":"https:\/\/leonore-mau.de\/wp-content\/uploads\/2022\/07\/70242462.jpg","datePublished":"2022-07-11T13:16:00+00:00","dateModified":"2022-09-13T21:08:45+00:00","breadcrumb":{"@id":"https:\/\/leonore-mau.de\/produkt\/ohne-titel-marktszene-im-hafen\/#breadcrumb"},"inLanguage":"en-US","potentialAction":[{"@type":"ReadAction","target":["https:\/\/leonore-mau.de\/produkt\/ohne-titel-marktszene-im-hafen\/"]}]},{"@type":"ImageObject","inLanguage":"en-US","@id":"https:\/\/leonore-mau.de\/produkt\/ohne-titel-marktszene-im-hafen\/#primaryimage","url":"https:\/\/leonore-mau.de\/wp-content\/uploads\/2022\/07\/70242462.jpg","contentUrl":"https:\/\/leonore-mau.de\/wp-content\/uploads\/2022\/07\/70242462.jpg","width":1200,"height":1200,"caption":"Marktszene im Hafen. Am rechten Bildrand die Skulptur \"Monumento \u00e0 Cidade de Salvador\" (Brunnen) vom Bildhauer M\u00e1rio Cravo. Aufgenommen in Salvador da Bahia in der Allerheiligenbucht, Ba\u00eda de Todos os Santos. Aufnahmedatum: 1971 - 1972 Material\/Technik: Foto \/ Farbdia Bildformat (Foto): Gro\u00dfbild (6x6) Aufnahmeort: Salvador da Bahia Inventar-Nr.: LM-506935"},{"@type":"BreadcrumbList","@id":"https:\/\/leonore-mau.de\/produkt\/ohne-titel-marktszene-im-hafen\/#breadcrumb","itemListElement":[{"@type":"ListItem","position":1,"name":"Startseite","item":"https:\/\/leonore-mau.de\/en\/"},{"@type":"ListItem","position":2,"name":"Shop","item":"https:\/\/leonore-mau.de\/en\/shop-2\/"},{"@type":"ListItem","position":3,"name":"Ohne Titel (Marktszene im Hafen)"}]},{"@type":"WebSite","@id":"https:\/\/leonore-mau.de\/#website","url":"https:\/\/leonore-mau.de\/","name":"Leonore Mau","description":"Fotografin","potentialAction":[{"@type":"SearchAction","target":{"@type":"EntryPoint","urlTemplate":"https:\/\/leonore-mau.de\/?s={search_term_string}"},"query-input":{"@type":"PropertyValueSpecification","valueRequired":true,"valueName":"search_term_string"}}],"inLanguage":"en-US"}]}},"_links":{"self":[{"href":"https:\/\/leonore-mau.de\/en\/wp-json\/wp\/v2\/product\/792","targetHints":{"allow":["GET"]}}],"collection":[{"href":"https:\/\/leonore-mau.de\/en\/wp-json\/wp\/v2\/product"}],"about":[{"href":"https:\/\/leonore-mau.de\/en\/wp-json\/wp\/v2\/types\/product"}],"wp:featuredmedia":[{"embeddable":true,"href":"https:\/\/leonore-mau.de\/en\/wp-json\/wp\/v2\/media\/224"}],"wp:attachment":[{"href":"https:\/\/leonore-mau.de\/en\/wp-json\/wp\/v2\/media?parent=792"}],"wp:term":[{"taxonomy":"product_brand","embeddable":true,"href":"https:\/\/leonore-mau.de\/en\/wp-json\/wp\/v2\/product_brand?post=792"},{"taxonomy":"product_cat","embeddable":true,"href":"https:\/\/leonore-mau.de\/en\/wp-json\/wp\/v2\/product_cat?post=792"},{"taxonomy":"product_tag","embeddable":true,"href":"https:\/\/leonore-mau.de\/en\/wp-json\/wp\/v2\/product_tag?post=792"}],"curies":[{"name":"wp","href":"https:\/\/api.w.org\/{rel}","templated":true}]}}