{"id":812,"date":"2022-07-11T15:16:04","date_gmt":"2022-07-11T13:16:04","guid":{"rendered":"https:\/\/leonore-mau.de\/produkt\/ohne-titel-selbstportrt-von-leonore-mau\/"},"modified":"2022-09-13T23:08:54","modified_gmt":"2022-09-13T21:08:54","slug":"ohne-titel-selbstportrt-von-leonore-mau","status":"publish","type":"product","link":"https:\/\/leonore-mau.de\/en\/produkt\/ohne-titel-selbstportrt-von-leonore-mau\/","title":{"rendered":"Ohne Titel (Selbstportr\u00e4t von Leonore Mau)"},"content":{"rendered":"<p>Selbstportr\u00e4t der Fotografin Leonore Mau mit ihrer Leica Kamera. Aufgenommen in der D\u00fcrerstra\u00dfe in Blankenese, Hamburg.<\/p>\n","protected":false},"excerpt":{"rendered":"<p>Selbstportr\u00e4t der Fotografin Leonore Mau mit ihrer Leica Kamera. Aufgenommen in der D\u00fcrerstra\u00dfe in Blankenese, Hamburg.<\/p>\n","protected":false},"featured_media":244,"template":"","meta":[],"product_brand":[],"product_cat":[17],"product_tag":[314,22,24,21,23,36,37,39,40,41,42,336,337,338,339,354,56,57,543,340,341,342,343,344,345,346,347,348,349,536,537,538,539,540,541,542,350,351],"class_list":{"0":"post-812","1":"product","2":"type-product","3":"status-publish","4":"has-post-thumbnail","6":"product_cat-unkategorisiert","7":"product_tag-2_zur-person","8":"product_tag-20-jahrhundert-nach-chr","9":"product_tag-20-jh-n-chr","10":"product_tag-20-jahrhundert","11":"product_tag-20-jh","12":"product_tag-farbaufnahme","13":"product_tag-farbaufnahmen","14":"product_tag-farbfoto","15":"product_tag-farbfotografie","16":"product_tag-farbphoto","17":"product_tag-farbphotographie","18":"product_tag-fotoapparat","19":"product_tag-fotoapparate","20":"product_tag-fotokamera","21":"product_tag-fotokameras","22":"product_tag-frau","23":"product_tag-innenaufnahme","24":"product_tag-innenaufnahmen","25":"product_tag-leica","26":"product_tag-photoapparat","27":"product_tag-photoapparate","28":"product_tag-photokamera","29":"product_tag-photokameras","30":"product_tag-selbstbildnis","31":"product_tag-selbstbildnisse","32":"product_tag-selbstportrait","33":"product_tag-selbstportraits","34":"product_tag-selbstportraet","35":"product_tag-selbstportraets","36":"product_tag-sitzen","37":"product_tag-sitzend","38":"product_tag-sitzende","39":"product_tag-sitzenden","40":"product_tag-sitzender","41":"product_tag-sitzendes","42":"product_tag-sitzt","43":"product_tag-spiegelbild","44":"product_tag-spiegelbilder","46":"first","47":"instock","48":"shipping-taxable","49":"product-type-simple"},"yoast_head":"<!-- This site is optimized with the Yoast SEO plugin v27.3 - https:\/\/yoast.com\/product\/yoast-seo-wordpress\/ -->\n<title>Ohne Titel (Selbstportr\u00e4t von Leonore Mau) - Leonore Mau<\/title>\n<meta name=\"robots\" content=\"index, follow, max-snippet:-1, max-image-preview:large, max-video-preview:-1\" \/>\n<link rel=\"canonical\" href=\"https:\/\/leonore-mau.de\/produkt\/ohne-titel-selbstportrt-von-leonore-mau\/\" \/>\n<meta property=\"og:locale\" content=\"en_US\" \/>\n<meta property=\"og:type\" content=\"article\" \/>\n<meta property=\"og:title\" content=\"Ohne Titel (Selbstportr\u00e4t von Leonore Mau) - Leonore Mau\" \/>\n<meta property=\"og:description\" content=\"Selbstportr\u00e4t der Fotografin Leonore Mau mit ihrer Leica Kamera. Aufgenommen in der D\u00fcrerstra\u00dfe in Blankenese, Hamburg.\" \/>\n<meta property=\"og:url\" content=\"https:\/\/leonore-mau.de\/produkt\/ohne-titel-selbstportrt-von-leonore-mau\/\" \/>\n<meta property=\"og:site_name\" content=\"Leonore Mau\" \/>\n<meta property=\"article:modified_time\" content=\"2022-09-13T21:08:54+00:00\" \/>\n<meta property=\"og:image\" content=\"https:\/\/leonore-mau.de\/wp-content\/uploads\/2022\/07\/70243711.jpg\" \/>\n\t<meta property=\"og:image:width\" content=\"823\" \/>\n\t<meta property=\"og:image:height\" content=\"1200\" \/>\n\t<meta property=\"og:image:type\" content=\"image\/jpeg\" \/>\n<meta name=\"twitter:card\" content=\"summary_large_image\" \/>\n<script type=\"application\/ld+json\" class=\"yoast-schema-graph\">{\"@context\":\"https:\\\/\\\/schema.org\",\"@graph\":[{\"@type\":\"WebPage\",\"@id\":\"https:\\\/\\\/leonore-mau.de\\\/produkt\\\/ohne-titel-selbstportrt-von-leonore-mau\\\/\",\"url\":\"https:\\\/\\\/leonore-mau.de\\\/produkt\\\/ohne-titel-selbstportrt-von-leonore-mau\\\/\",\"name\":\"Ohne Titel (Selbstportr\u00e4t von Leonore Mau) - Leonore Mau\",\"isPartOf\":{\"@id\":\"https:\\\/\\\/leonore-mau.de\\\/#website\"},\"primaryImageOfPage\":{\"@id\":\"https:\\\/\\\/leonore-mau.de\\\/produkt\\\/ohne-titel-selbstportrt-von-leonore-mau\\\/#primaryimage\"},\"image\":{\"@id\":\"https:\\\/\\\/leonore-mau.de\\\/produkt\\\/ohne-titel-selbstportrt-von-leonore-mau\\\/#primaryimage\"},\"thumbnailUrl\":\"https:\\\/\\\/leonore-mau.de\\\/wp-content\\\/uploads\\\/2022\\\/07\\\/70243711.jpg\",\"datePublished\":\"2022-07-11T13:16:04+00:00\",\"dateModified\":\"2022-09-13T21:08:54+00:00\",\"breadcrumb\":{\"@id\":\"https:\\\/\\\/leonore-mau.de\\\/produkt\\\/ohne-titel-selbstportrt-von-leonore-mau\\\/#breadcrumb\"},\"inLanguage\":\"en-US\",\"potentialAction\":[{\"@type\":\"ReadAction\",\"target\":[\"https:\\\/\\\/leonore-mau.de\\\/produkt\\\/ohne-titel-selbstportrt-von-leonore-mau\\\/\"]}]},{\"@type\":\"ImageObject\",\"inLanguage\":\"en-US\",\"@id\":\"https:\\\/\\\/leonore-mau.de\\\/produkt\\\/ohne-titel-selbstportrt-von-leonore-mau\\\/#primaryimage\",\"url\":\"https:\\\/\\\/leonore-mau.de\\\/wp-content\\\/uploads\\\/2022\\\/07\\\/70243711.jpg\",\"contentUrl\":\"https:\\\/\\\/leonore-mau.de\\\/wp-content\\\/uploads\\\/2022\\\/07\\\/70243711.jpg\",\"width\":823,\"height\":1200,\"caption\":\"Selbstportr\u00e4t der Fotografin Leonore Mau mit ihrer Leica Kamera. Aufgenommen in der D\u00fcrerstra\u00dfe in Blankenese, Hamburg. Aufnahmedatum: 2007 Material\\\/Technik: Foto \\\/ Farbdia Bildformat (Foto): Kleinbild Aufnahmeort: Hamburg Inventar-Nr.: LM-506994\"},{\"@type\":\"BreadcrumbList\",\"@id\":\"https:\\\/\\\/leonore-mau.de\\\/produkt\\\/ohne-titel-selbstportrt-von-leonore-mau\\\/#breadcrumb\",\"itemListElement\":[{\"@type\":\"ListItem\",\"position\":1,\"name\":\"Startseite\",\"item\":\"https:\\\/\\\/leonore-mau.de\\\/en\\\/\"},{\"@type\":\"ListItem\",\"position\":2,\"name\":\"Shop\",\"item\":\"https:\\\/\\\/leonore-mau.de\\\/en\\\/shop-2\\\/\"},{\"@type\":\"ListItem\",\"position\":3,\"name\":\"Ohne Titel (Selbstportr\u00e4t von Leonore Mau)\"}]},{\"@type\":\"WebSite\",\"@id\":\"https:\\\/\\\/leonore-mau.de\\\/#website\",\"url\":\"https:\\\/\\\/leonore-mau.de\\\/\",\"name\":\"Leonore Mau\",\"description\":\"Fotografin\",\"potentialAction\":[{\"@type\":\"SearchAction\",\"target\":{\"@type\":\"EntryPoint\",\"urlTemplate\":\"https:\\\/\\\/leonore-mau.de\\\/?s={search_term_string}\"},\"query-input\":{\"@type\":\"PropertyValueSpecification\",\"valueRequired\":true,\"valueName\":\"search_term_string\"}}],\"inLanguage\":\"en-US\"}]}<\/script>\n<!-- \/ Yoast SEO plugin. -->","yoast_head_json":{"title":"Ohne Titel (Selbstportr\u00e4t von Leonore Mau) - Leonore Mau","robots":{"index":"index","follow":"follow","max-snippet":"max-snippet:-1","max-image-preview":"max-image-preview:large","max-video-preview":"max-video-preview:-1"},"canonical":"https:\/\/leonore-mau.de\/produkt\/ohne-titel-selbstportrt-von-leonore-mau\/","og_locale":"en_US","og_type":"article","og_title":"Ohne Titel (Selbstportr\u00e4t von Leonore Mau) - Leonore Mau","og_description":"Selbstportr\u00e4t der Fotografin Leonore Mau mit ihrer Leica Kamera. Aufgenommen in der D\u00fcrerstra\u00dfe in Blankenese, Hamburg.","og_url":"https:\/\/leonore-mau.de\/produkt\/ohne-titel-selbstportrt-von-leonore-mau\/","og_site_name":"Leonore Mau","article_modified_time":"2022-09-13T21:08:54+00:00","og_image":[{"width":823,"height":1200,"url":"https:\/\/leonore-mau.de\/wp-content\/uploads\/2022\/07\/70243711.jpg","type":"image\/jpeg"}],"twitter_card":"summary_large_image","schema":{"@context":"https:\/\/schema.org","@graph":[{"@type":"WebPage","@id":"https:\/\/leonore-mau.de\/produkt\/ohne-titel-selbstportrt-von-leonore-mau\/","url":"https:\/\/leonore-mau.de\/produkt\/ohne-titel-selbstportrt-von-leonore-mau\/","name":"Ohne Titel (Selbstportr\u00e4t von Leonore Mau) - Leonore Mau","isPartOf":{"@id":"https:\/\/leonore-mau.de\/#website"},"primaryImageOfPage":{"@id":"https:\/\/leonore-mau.de\/produkt\/ohne-titel-selbstportrt-von-leonore-mau\/#primaryimage"},"image":{"@id":"https:\/\/leonore-mau.de\/produkt\/ohne-titel-selbstportrt-von-leonore-mau\/#primaryimage"},"thumbnailUrl":"https:\/\/leonore-mau.de\/wp-content\/uploads\/2022\/07\/70243711.jpg","datePublished":"2022-07-11T13:16:04+00:00","dateModified":"2022-09-13T21:08:54+00:00","breadcrumb":{"@id":"https:\/\/leonore-mau.de\/produkt\/ohne-titel-selbstportrt-von-leonore-mau\/#breadcrumb"},"inLanguage":"en-US","potentialAction":[{"@type":"ReadAction","target":["https:\/\/leonore-mau.de\/produkt\/ohne-titel-selbstportrt-von-leonore-mau\/"]}]},{"@type":"ImageObject","inLanguage":"en-US","@id":"https:\/\/leonore-mau.de\/produkt\/ohne-titel-selbstportrt-von-leonore-mau\/#primaryimage","url":"https:\/\/leonore-mau.de\/wp-content\/uploads\/2022\/07\/70243711.jpg","contentUrl":"https:\/\/leonore-mau.de\/wp-content\/uploads\/2022\/07\/70243711.jpg","width":823,"height":1200,"caption":"Selbstportr\u00e4t der Fotografin Leonore Mau mit ihrer Leica Kamera. Aufgenommen in der D\u00fcrerstra\u00dfe in Blankenese, Hamburg. Aufnahmedatum: 2007 Material\/Technik: Foto \/ Farbdia Bildformat (Foto): Kleinbild Aufnahmeort: Hamburg Inventar-Nr.: LM-506994"},{"@type":"BreadcrumbList","@id":"https:\/\/leonore-mau.de\/produkt\/ohne-titel-selbstportrt-von-leonore-mau\/#breadcrumb","itemListElement":[{"@type":"ListItem","position":1,"name":"Startseite","item":"https:\/\/leonore-mau.de\/en\/"},{"@type":"ListItem","position":2,"name":"Shop","item":"https:\/\/leonore-mau.de\/en\/shop-2\/"},{"@type":"ListItem","position":3,"name":"Ohne Titel (Selbstportr\u00e4t von Leonore Mau)"}]},{"@type":"WebSite","@id":"https:\/\/leonore-mau.de\/#website","url":"https:\/\/leonore-mau.de\/","name":"Leonore Mau","description":"Fotografin","potentialAction":[{"@type":"SearchAction","target":{"@type":"EntryPoint","urlTemplate":"https:\/\/leonore-mau.de\/?s={search_term_string}"},"query-input":{"@type":"PropertyValueSpecification","valueRequired":true,"valueName":"search_term_string"}}],"inLanguage":"en-US"}]}},"_links":{"self":[{"href":"https:\/\/leonore-mau.de\/en\/wp-json\/wp\/v2\/product\/812","targetHints":{"allow":["GET"]}}],"collection":[{"href":"https:\/\/leonore-mau.de\/en\/wp-json\/wp\/v2\/product"}],"about":[{"href":"https:\/\/leonore-mau.de\/en\/wp-json\/wp\/v2\/types\/product"}],"wp:featuredmedia":[{"embeddable":true,"href":"https:\/\/leonore-mau.de\/en\/wp-json\/wp\/v2\/media\/244"}],"wp:attachment":[{"href":"https:\/\/leonore-mau.de\/en\/wp-json\/wp\/v2\/media?parent=812"}],"wp:term":[{"taxonomy":"product_brand","embeddable":true,"href":"https:\/\/leonore-mau.de\/en\/wp-json\/wp\/v2\/product_brand?post=812"},{"taxonomy":"product_cat","embeddable":true,"href":"https:\/\/leonore-mau.de\/en\/wp-json\/wp\/v2\/product_cat?post=812"},{"taxonomy":"product_tag","embeddable":true,"href":"https:\/\/leonore-mau.de\/en\/wp-json\/wp\/v2\/product_tag?post=812"}],"curies":[{"name":"wp","href":"https:\/\/api.w.org\/{rel}","templated":true}]}}