{"id":835,"date":"2022-07-11T15:16:07","date_gmt":"2022-07-11T13:16:07","guid":{"rendered":"https:\/\/leonore-mau.de\/produkt\/ohne-titel-junge-und-mann-wartend-auf-der-strae\/"},"modified":"2022-09-13T23:09:04","modified_gmt":"2022-09-13T21:09:04","slug":"ohne-titel-junge-und-mann-wartend-auf-der-strae","status":"publish","type":"product","link":"https:\/\/leonore-mau.de\/en\/produkt\/ohne-titel-junge-und-mann-wartend-auf-der-strae\/","title":{"rendered":"Ohne Titel (Junge und Mann wartend auf der Stra\u00dfe)"},"content":{"rendered":"<p>Junge und Mann wartend auf der Stra\u00dfe. Der Junge tr\u00e4gt ein wei\u00dfes Hemd mit Fliege. Der Mann einen Anzug mit Krawatte und Hut. Im Hintergrund an der Wand ist der Schriftzug &#8220;[P]epsi&#8221; zu erkennen.<\/p>\n","protected":false},"excerpt":{"rendered":"<p>Junge und Mann wartend auf der Stra\u00dfe. Der Junge tr\u00e4gt ein wei\u00dfes Hemd mit Fliege. Der Mann einen Anzug mit Krawatte und Hut. Im Hintergrund an der Wand ist der Schriftzug &#8220;[P]epsi&#8221; zu erkennen.<\/p>\n","protected":false},"featured_media":267,"template":"","meta":[],"product_brand":[],"product_cat":[4440,17],"product_tag":[78,22,24,21,23,722,80,723,724,84,171,172,725,726,43,44,126,127,241,727,206,169,551,552,553,554,555,188,189,728,729,730,731,486,732,70,71,733,734,105,107,735,90,93,92,94,91,95,97,99,106,108,418],"class_list":{"0":"post-835","1":"product","2":"type-product","3":"status-publish","4":"has-post-thumbnail","6":"product_cat-menschen-im-fokus","7":"product_cat-unkategorisiert","8":"product_tag-1970er-jahre","9":"product_tag-20-jahrhundert-nach-chr","10":"product_tag-20-jh-n-chr","11":"product_tag-20-jahrhundert","12":"product_tag-20-jh","13":"product_tag-3-4_menschen-im-fokus","14":"product_tag-70er","15":"product_tag-anzug","16":"product_tag-anzuege","17":"product_tag-ausland","18":"product_tag-aussenaufnahme","19":"product_tag-aussenaufnahmen","20":"product_tag-fliege","21":"product_tag-fliegen","22":"product_tag-fotografin","23":"product_tag-fotografinnen","24":"product_tag-hausfassade","25":"product_tag-hausfassaden","26":"product_tag-hut","27":"product_tag-junge","28":"product_tag-karibik","29":"product_tag-kind","30":"product_tag-kinde","31":"product_tag-kinder","32":"product_tag-kindern","33":"product_tag-kindes","34":"product_tag-kindheit","35":"product_tag-kopfbedeckung","36":"product_tag-kopfbedeckungen","37":"product_tag-krawatte","38":"product_tag-krawatten","39":"product_tag-krawattenschleife","40":"product_tag-krawattenschleifen","41":"product_tag-mann","42":"product_tag-pepsi","43":"product_tag-photographin","44":"product_tag-photographinnen","45":"product_tag-querbinder","46":"product_tag-querbinders","47":"product_tag-s-w-fotografie","48":"product_tag-s-w-photographie","49":"product_tag-schlips","50":"product_tag-schriftzug","51":"product_tag-schwarzweissphotographie","52":"product_tag-schwarz-weiss-fotografie","53":"product_tag-schwarz-weiss-photographie","54":"product_tag-schwarzweissfotografie","55":"product_tag-siebziger","56":"product_tag-strassenleben","57":"product_tag-strassenszene","58":"product_tag-sw-fotografie","59":"product_tag-sw-photographie","60":"product_tag-wand","62":"first","63":"instock","64":"shipping-taxable","65":"product-type-simple"},"yoast_head":"<!-- This site is optimized with the Yoast SEO plugin v27.3 - https:\/\/yoast.com\/product\/yoast-seo-wordpress\/ -->\n<title>Ohne Titel (Junge und Mann wartend auf der Stra\u00dfe) - Leonore Mau<\/title>\n<meta name=\"robots\" content=\"index, follow, max-snippet:-1, max-image-preview:large, max-video-preview:-1\" \/>\n<link rel=\"canonical\" href=\"https:\/\/leonore-mau.de\/produkt\/ohne-titel-junge-und-mann-wartend-auf-der-strae\/\" \/>\n<meta property=\"og:locale\" content=\"en_US\" \/>\n<meta property=\"og:type\" content=\"article\" \/>\n<meta property=\"og:title\" content=\"Ohne Titel (Junge und Mann wartend auf der Stra\u00dfe) - Leonore Mau\" \/>\n<meta property=\"og:description\" content=\"Junge und Mann wartend auf der Stra\u00dfe. Der Junge tr\u00e4gt ein wei\u00dfes Hemd mit Fliege. Der Mann einen Anzug mit Krawatte und Hut. Im Hintergrund an der Wand ist der Schriftzug &#8220;[P]epsi&#8221; zu erkennen.\" \/>\n<meta property=\"og:url\" content=\"https:\/\/leonore-mau.de\/produkt\/ohne-titel-junge-und-mann-wartend-auf-der-strae\/\" \/>\n<meta property=\"og:site_name\" content=\"Leonore Mau\" \/>\n<meta property=\"article:modified_time\" content=\"2022-09-13T21:09:04+00:00\" \/>\n<meta property=\"og:image\" content=\"https:\/\/leonore-mau.de\/wp-content\/uploads\/2022\/07\/70244035.jpg\" \/>\n\t<meta property=\"og:image:width\" content=\"801\" \/>\n\t<meta property=\"og:image:height\" content=\"1200\" \/>\n\t<meta property=\"og:image:type\" content=\"image\/jpeg\" \/>\n<meta name=\"twitter:card\" content=\"summary_large_image\" \/>\n<script type=\"application\/ld+json\" class=\"yoast-schema-graph\">{\"@context\":\"https:\\\/\\\/schema.org\",\"@graph\":[{\"@type\":\"WebPage\",\"@id\":\"https:\\\/\\\/leonore-mau.de\\\/produkt\\\/ohne-titel-junge-und-mann-wartend-auf-der-strae\\\/\",\"url\":\"https:\\\/\\\/leonore-mau.de\\\/produkt\\\/ohne-titel-junge-und-mann-wartend-auf-der-strae\\\/\",\"name\":\"Ohne Titel (Junge und Mann wartend auf der Stra\u00dfe) - Leonore Mau\",\"isPartOf\":{\"@id\":\"https:\\\/\\\/leonore-mau.de\\\/#website\"},\"primaryImageOfPage\":{\"@id\":\"https:\\\/\\\/leonore-mau.de\\\/produkt\\\/ohne-titel-junge-und-mann-wartend-auf-der-strae\\\/#primaryimage\"},\"image\":{\"@id\":\"https:\\\/\\\/leonore-mau.de\\\/produkt\\\/ohne-titel-junge-und-mann-wartend-auf-der-strae\\\/#primaryimage\"},\"thumbnailUrl\":\"https:\\\/\\\/leonore-mau.de\\\/wp-content\\\/uploads\\\/2022\\\/07\\\/70244035.jpg\",\"datePublished\":\"2022-07-11T13:16:07+00:00\",\"dateModified\":\"2022-09-13T21:09:04+00:00\",\"breadcrumb\":{\"@id\":\"https:\\\/\\\/leonore-mau.de\\\/produkt\\\/ohne-titel-junge-und-mann-wartend-auf-der-strae\\\/#breadcrumb\"},\"inLanguage\":\"en-US\",\"potentialAction\":[{\"@type\":\"ReadAction\",\"target\":[\"https:\\\/\\\/leonore-mau.de\\\/produkt\\\/ohne-titel-junge-und-mann-wartend-auf-der-strae\\\/\"]}]},{\"@type\":\"ImageObject\",\"inLanguage\":\"en-US\",\"@id\":\"https:\\\/\\\/leonore-mau.de\\\/produkt\\\/ohne-titel-junge-und-mann-wartend-auf-der-strae\\\/#primaryimage\",\"url\":\"https:\\\/\\\/leonore-mau.de\\\/wp-content\\\/uploads\\\/2022\\\/07\\\/70244035.jpg\",\"contentUrl\":\"https:\\\/\\\/leonore-mau.de\\\/wp-content\\\/uploads\\\/2022\\\/07\\\/70244035.jpg\",\"width\":801,\"height\":1200,\"caption\":\"Junge und Mann wartend auf der Stra\u00dfe. Der Junge tr\u00e4gt ein wei\u00dfes Hemd mit Fliege. Der Mann einen Anzug mit Krawatte und Hut. Im Hintergrund an der Wand ist der Schriftzug \\\"[P]epsi\\\" zu erkennen. Aufnahmedatum: um 1973 Material\\\/Technik: Foto \\\/ Negativ Bildformat (Foto): Kleinbild Aufnahmeort: Martinique Inventar-Nr.: LM-506962\"},{\"@type\":\"BreadcrumbList\",\"@id\":\"https:\\\/\\\/leonore-mau.de\\\/produkt\\\/ohne-titel-junge-und-mann-wartend-auf-der-strae\\\/#breadcrumb\",\"itemListElement\":[{\"@type\":\"ListItem\",\"position\":1,\"name\":\"Startseite\",\"item\":\"https:\\\/\\\/leonore-mau.de\\\/en\\\/\"},{\"@type\":\"ListItem\",\"position\":2,\"name\":\"Shop\",\"item\":\"https:\\\/\\\/leonore-mau.de\\\/en\\\/shop-2\\\/\"},{\"@type\":\"ListItem\",\"position\":3,\"name\":\"Ohne Titel (Junge und Mann wartend auf der Stra\u00dfe)\"}]},{\"@type\":\"WebSite\",\"@id\":\"https:\\\/\\\/leonore-mau.de\\\/#website\",\"url\":\"https:\\\/\\\/leonore-mau.de\\\/\",\"name\":\"Leonore Mau\",\"description\":\"Fotografin\",\"potentialAction\":[{\"@type\":\"SearchAction\",\"target\":{\"@type\":\"EntryPoint\",\"urlTemplate\":\"https:\\\/\\\/leonore-mau.de\\\/?s={search_term_string}\"},\"query-input\":{\"@type\":\"PropertyValueSpecification\",\"valueRequired\":true,\"valueName\":\"search_term_string\"}}],\"inLanguage\":\"en-US\"}]}<\/script>\n<!-- \/ Yoast SEO plugin. -->","yoast_head_json":{"title":"Ohne Titel (Junge und Mann wartend auf der Stra\u00dfe) - Leonore Mau","robots":{"index":"index","follow":"follow","max-snippet":"max-snippet:-1","max-image-preview":"max-image-preview:large","max-video-preview":"max-video-preview:-1"},"canonical":"https:\/\/leonore-mau.de\/produkt\/ohne-titel-junge-und-mann-wartend-auf-der-strae\/","og_locale":"en_US","og_type":"article","og_title":"Ohne Titel (Junge und Mann wartend auf der Stra\u00dfe) - Leonore Mau","og_description":"Junge und Mann wartend auf der Stra\u00dfe. Der Junge tr\u00e4gt ein wei\u00dfes Hemd mit Fliege. Der Mann einen Anzug mit Krawatte und Hut. Im Hintergrund an der Wand ist der Schriftzug &#8220;[P]epsi&#8221; zu erkennen.","og_url":"https:\/\/leonore-mau.de\/produkt\/ohne-titel-junge-und-mann-wartend-auf-der-strae\/","og_site_name":"Leonore Mau","article_modified_time":"2022-09-13T21:09:04+00:00","og_image":[{"width":801,"height":1200,"url":"https:\/\/leonore-mau.de\/wp-content\/uploads\/2022\/07\/70244035.jpg","type":"image\/jpeg"}],"twitter_card":"summary_large_image","schema":{"@context":"https:\/\/schema.org","@graph":[{"@type":"WebPage","@id":"https:\/\/leonore-mau.de\/produkt\/ohne-titel-junge-und-mann-wartend-auf-der-strae\/","url":"https:\/\/leonore-mau.de\/produkt\/ohne-titel-junge-und-mann-wartend-auf-der-strae\/","name":"Ohne Titel (Junge und Mann wartend auf der Stra\u00dfe) - Leonore Mau","isPartOf":{"@id":"https:\/\/leonore-mau.de\/#website"},"primaryImageOfPage":{"@id":"https:\/\/leonore-mau.de\/produkt\/ohne-titel-junge-und-mann-wartend-auf-der-strae\/#primaryimage"},"image":{"@id":"https:\/\/leonore-mau.de\/produkt\/ohne-titel-junge-und-mann-wartend-auf-der-strae\/#primaryimage"},"thumbnailUrl":"https:\/\/leonore-mau.de\/wp-content\/uploads\/2022\/07\/70244035.jpg","datePublished":"2022-07-11T13:16:07+00:00","dateModified":"2022-09-13T21:09:04+00:00","breadcrumb":{"@id":"https:\/\/leonore-mau.de\/produkt\/ohne-titel-junge-und-mann-wartend-auf-der-strae\/#breadcrumb"},"inLanguage":"en-US","potentialAction":[{"@type":"ReadAction","target":["https:\/\/leonore-mau.de\/produkt\/ohne-titel-junge-und-mann-wartend-auf-der-strae\/"]}]},{"@type":"ImageObject","inLanguage":"en-US","@id":"https:\/\/leonore-mau.de\/produkt\/ohne-titel-junge-und-mann-wartend-auf-der-strae\/#primaryimage","url":"https:\/\/leonore-mau.de\/wp-content\/uploads\/2022\/07\/70244035.jpg","contentUrl":"https:\/\/leonore-mau.de\/wp-content\/uploads\/2022\/07\/70244035.jpg","width":801,"height":1200,"caption":"Junge und Mann wartend auf der Stra\u00dfe. Der Junge tr\u00e4gt ein wei\u00dfes Hemd mit Fliege. Der Mann einen Anzug mit Krawatte und Hut. Im Hintergrund an der Wand ist der Schriftzug \"[P]epsi\" zu erkennen. Aufnahmedatum: um 1973 Material\/Technik: Foto \/ Negativ Bildformat (Foto): Kleinbild Aufnahmeort: Martinique Inventar-Nr.: LM-506962"},{"@type":"BreadcrumbList","@id":"https:\/\/leonore-mau.de\/produkt\/ohne-titel-junge-und-mann-wartend-auf-der-strae\/#breadcrumb","itemListElement":[{"@type":"ListItem","position":1,"name":"Startseite","item":"https:\/\/leonore-mau.de\/en\/"},{"@type":"ListItem","position":2,"name":"Shop","item":"https:\/\/leonore-mau.de\/en\/shop-2\/"},{"@type":"ListItem","position":3,"name":"Ohne Titel (Junge und Mann wartend auf der Stra\u00dfe)"}]},{"@type":"WebSite","@id":"https:\/\/leonore-mau.de\/#website","url":"https:\/\/leonore-mau.de\/","name":"Leonore Mau","description":"Fotografin","potentialAction":[{"@type":"SearchAction","target":{"@type":"EntryPoint","urlTemplate":"https:\/\/leonore-mau.de\/?s={search_term_string}"},"query-input":{"@type":"PropertyValueSpecification","valueRequired":true,"valueName":"search_term_string"}}],"inLanguage":"en-US"}]}},"_links":{"self":[{"href":"https:\/\/leonore-mau.de\/en\/wp-json\/wp\/v2\/product\/835","targetHints":{"allow":["GET"]}}],"collection":[{"href":"https:\/\/leonore-mau.de\/en\/wp-json\/wp\/v2\/product"}],"about":[{"href":"https:\/\/leonore-mau.de\/en\/wp-json\/wp\/v2\/types\/product"}],"wp:featuredmedia":[{"embeddable":true,"href":"https:\/\/leonore-mau.de\/en\/wp-json\/wp\/v2\/media\/267"}],"wp:attachment":[{"href":"https:\/\/leonore-mau.de\/en\/wp-json\/wp\/v2\/media?parent=835"}],"wp:term":[{"taxonomy":"product_brand","embeddable":true,"href":"https:\/\/leonore-mau.de\/en\/wp-json\/wp\/v2\/product_brand?post=835"},{"taxonomy":"product_cat","embeddable":true,"href":"https:\/\/leonore-mau.de\/en\/wp-json\/wp\/v2\/product_cat?post=835"},{"taxonomy":"product_tag","embeddable":true,"href":"https:\/\/leonore-mau.de\/en\/wp-json\/wp\/v2\/product_tag?post=835"}],"curies":[{"name":"wp","href":"https:\/\/api.w.org\/{rel}","templated":true}]}}