{"id":838,"date":"2022-07-11T15:16:07","date_gmt":"2022-07-11T13:16:07","guid":{"rendered":"https:\/\/leonore-mau.de\/produkt\/ohne-titel-straenszene-in-haiti\/"},"modified":"2022-09-13T23:09:05","modified_gmt":"2022-09-13T21:09:05","slug":"ohne-titel-straenszene-in-haiti","status":"publish","type":"product","link":"https:\/\/leonore-mau.de\/en\/produkt\/ohne-titel-straenszene-in-haiti\/","title":{"rendered":"Ohne Titel (Stra\u00dfenszene in Haiti)"},"content":{"rendered":"<p>Stra\u00dfenszene in Haiti. Passantin tr\u00e4gt eine gro\u00dfe Tasche auf dem Kopf. Ein Mann sitzt auf der Stufe eines Fensterladens im kolonialistischen Stil und st\u00fctzt seinen Kopf mit einer Hand ab, so dass sein Gesicht nicht zu erkennen ist.<\/p>\n","protected":false},"excerpt":{"rendered":"<p>Stra\u00dfenszene in Haiti. Passantin tr\u00e4gt eine gro\u00dfe Tasche auf dem Kopf. Ein Mann sitzt auf der Stufe eines Fensterladens im kolonialistischen Stil und st\u00fctzt seinen Kopf mit einer Hand ab, so dass sein Gesicht nicht zu erkennen ist.<\/p>\n","protected":false},"featured_media":270,"template":"","meta":[],"product_brand":[],"product_cat":[4436,17],"product_tag":[78,228,22,24,21,23,80,84,395,396,750,36,37,39,40,41,42,751,43,44,354,165,166,397,398,399,400,752,753,649,650,651,652,653,654,87,88,754,755,756,757,758,759,126,127,206,258,486,167,168,70,71,95],"class_list":{"0":"post-838","1":"product","2":"type-product","3":"status-publish","4":"has-post-thumbnail","6":"product_cat-strassenszenen","7":"product_cat-unkategorisiert","8":"product_tag-1970er-jahre","9":"product_tag-2-4_strassenszenen","10":"product_tag-20-jahrhundert-nach-chr","11":"product_tag-20-jh-n-chr","12":"product_tag-20-jahrhundert","13":"product_tag-20-jh","14":"product_tag-70er","15":"product_tag-ausland","16":"product_tag-buergersteig","17":"product_tag-buergersteige","18":"product_tag-buergersteigs","19":"product_tag-farbaufnahme","20":"product_tag-farbaufnahmen","21":"product_tag-farbfoto","22":"product_tag-farbfotografie","23":"product_tag-farbphoto","24":"product_tag-farbphotographie","25":"product_tag-fensterladen","26":"product_tag-fotografin","27":"product_tag-fotografinnen","28":"product_tag-frau","29":"product_tag-fussgaengerin","30":"product_tag-fussgaengerinnen","31":"product_tag-gehsteig","32":"product_tag-gehsteige","33":"product_tag-gehweg","34":"product_tag-gehwege","35":"product_tag-gehwegen","36":"product_tag-gehwegs","37":"product_tag-gelb","38":"product_tag-gelbe","39":"product_tag-gelbem","40":"product_tag-gelben","41":"product_tag-gelber","42":"product_tag-gelbes","43":"product_tag-grossstadt","44":"product_tag-grossstaedte","45":"product_tag-gruen","46":"product_tag-gruene","47":"product_tag-gruenem","48":"product_tag-gruenen","49":"product_tag-gruener","50":"product_tag-gruenes","51":"product_tag-hausfassade","52":"product_tag-hausfassaden","53":"product_tag-karibik","54":"product_tag-kolonialarchitektur","55":"product_tag-mann","56":"product_tag-passantin","57":"product_tag-passantinnen","58":"product_tag-photographin","59":"product_tag-photographinnen","60":"product_tag-siebziger","62":"first","63":"instock","64":"shipping-taxable","65":"product-type-simple"},"yoast_head":"<!-- This site is optimized with the Yoast SEO plugin v27.3 - https:\/\/yoast.com\/product\/yoast-seo-wordpress\/ -->\n<title>Ohne Titel (Stra\u00dfenszene in Haiti) - Leonore Mau<\/title>\n<meta name=\"robots\" content=\"index, follow, max-snippet:-1, max-image-preview:large, max-video-preview:-1\" \/>\n<link rel=\"canonical\" href=\"https:\/\/leonore-mau.de\/produkt\/ohne-titel-straenszene-in-haiti\/\" \/>\n<meta property=\"og:locale\" content=\"en_US\" \/>\n<meta property=\"og:type\" content=\"article\" \/>\n<meta property=\"og:title\" content=\"Ohne Titel (Stra\u00dfenszene in Haiti) - Leonore Mau\" \/>\n<meta property=\"og:description\" content=\"Stra\u00dfenszene in Haiti. Passantin tr\u00e4gt eine gro\u00dfe Tasche auf dem Kopf. Ein Mann sitzt auf der Stufe eines Fensterladens im kolonialistischen Stil und st\u00fctzt seinen Kopf mit einer Hand ab, so dass sein Gesicht nicht zu erkennen ist.\" \/>\n<meta property=\"og:url\" content=\"https:\/\/leonore-mau.de\/produkt\/ohne-titel-straenszene-in-haiti\/\" \/>\n<meta property=\"og:site_name\" content=\"Leonore Mau\" \/>\n<meta property=\"article:modified_time\" content=\"2022-09-13T21:09:05+00:00\" \/>\n<meta property=\"og:image\" content=\"https:\/\/leonore-mau.de\/wp-content\/uploads\/2022\/07\/70244044.jpg\" \/>\n\t<meta property=\"og:image:width\" content=\"838\" \/>\n\t<meta property=\"og:image:height\" content=\"1200\" \/>\n\t<meta property=\"og:image:type\" content=\"image\/jpeg\" \/>\n<meta name=\"twitter:card\" content=\"summary_large_image\" \/>\n<script type=\"application\/ld+json\" class=\"yoast-schema-graph\">{\"@context\":\"https:\\\/\\\/schema.org\",\"@graph\":[{\"@type\":\"WebPage\",\"@id\":\"https:\\\/\\\/leonore-mau.de\\\/produkt\\\/ohne-titel-straenszene-in-haiti\\\/\",\"url\":\"https:\\\/\\\/leonore-mau.de\\\/produkt\\\/ohne-titel-straenszene-in-haiti\\\/\",\"name\":\"Ohne Titel (Stra\u00dfenszene in Haiti) - Leonore Mau\",\"isPartOf\":{\"@id\":\"https:\\\/\\\/leonore-mau.de\\\/#website\"},\"primaryImageOfPage\":{\"@id\":\"https:\\\/\\\/leonore-mau.de\\\/produkt\\\/ohne-titel-straenszene-in-haiti\\\/#primaryimage\"},\"image\":{\"@id\":\"https:\\\/\\\/leonore-mau.de\\\/produkt\\\/ohne-titel-straenszene-in-haiti\\\/#primaryimage\"},\"thumbnailUrl\":\"https:\\\/\\\/leonore-mau.de\\\/wp-content\\\/uploads\\\/2022\\\/07\\\/70244044.jpg\",\"datePublished\":\"2022-07-11T13:16:07+00:00\",\"dateModified\":\"2022-09-13T21:09:05+00:00\",\"breadcrumb\":{\"@id\":\"https:\\\/\\\/leonore-mau.de\\\/produkt\\\/ohne-titel-straenszene-in-haiti\\\/#breadcrumb\"},\"inLanguage\":\"en-US\",\"potentialAction\":[{\"@type\":\"ReadAction\",\"target\":[\"https:\\\/\\\/leonore-mau.de\\\/produkt\\\/ohne-titel-straenszene-in-haiti\\\/\"]}]},{\"@type\":\"ImageObject\",\"inLanguage\":\"en-US\",\"@id\":\"https:\\\/\\\/leonore-mau.de\\\/produkt\\\/ohne-titel-straenszene-in-haiti\\\/#primaryimage\",\"url\":\"https:\\\/\\\/leonore-mau.de\\\/wp-content\\\/uploads\\\/2022\\\/07\\\/70244044.jpg\",\"contentUrl\":\"https:\\\/\\\/leonore-mau.de\\\/wp-content\\\/uploads\\\/2022\\\/07\\\/70244044.jpg\",\"width\":838,\"height\":1200,\"caption\":\"Stra\u00dfenszene in Haiti. Passantin tr\u00e4gt eine gro\u00dfe Tasche auf dem Kopf. Ein Mann sitzt auf der Stufe eines Fensterladens im kolonialistischen Stil und st\u00fctzt seinen Kopf mit einer Hand ab, so dass sein Gesicht nicht zu erkennen ist. Aufnahmedatum: Juli 1972 - Februar 1978 Material\\\/Technik: Foto \\\/ Farbdia Bildformat (Foto): Kleinbild Aufnahmeort: Haiti Inventar-Nr.: LM-506958\"},{\"@type\":\"BreadcrumbList\",\"@id\":\"https:\\\/\\\/leonore-mau.de\\\/produkt\\\/ohne-titel-straenszene-in-haiti\\\/#breadcrumb\",\"itemListElement\":[{\"@type\":\"ListItem\",\"position\":1,\"name\":\"Startseite\",\"item\":\"https:\\\/\\\/leonore-mau.de\\\/en\\\/\"},{\"@type\":\"ListItem\",\"position\":2,\"name\":\"Shop\",\"item\":\"https:\\\/\\\/leonore-mau.de\\\/en\\\/shop-2\\\/\"},{\"@type\":\"ListItem\",\"position\":3,\"name\":\"Ohne Titel (Stra\u00dfenszene in Haiti)\"}]},{\"@type\":\"WebSite\",\"@id\":\"https:\\\/\\\/leonore-mau.de\\\/#website\",\"url\":\"https:\\\/\\\/leonore-mau.de\\\/\",\"name\":\"Leonore Mau\",\"description\":\"Fotografin\",\"potentialAction\":[{\"@type\":\"SearchAction\",\"target\":{\"@type\":\"EntryPoint\",\"urlTemplate\":\"https:\\\/\\\/leonore-mau.de\\\/?s={search_term_string}\"},\"query-input\":{\"@type\":\"PropertyValueSpecification\",\"valueRequired\":true,\"valueName\":\"search_term_string\"}}],\"inLanguage\":\"en-US\"}]}<\/script>\n<!-- \/ Yoast SEO plugin. -->","yoast_head_json":{"title":"Ohne Titel (Stra\u00dfenszene in Haiti) - Leonore Mau","robots":{"index":"index","follow":"follow","max-snippet":"max-snippet:-1","max-image-preview":"max-image-preview:large","max-video-preview":"max-video-preview:-1"},"canonical":"https:\/\/leonore-mau.de\/produkt\/ohne-titel-straenszene-in-haiti\/","og_locale":"en_US","og_type":"article","og_title":"Ohne Titel (Stra\u00dfenszene in Haiti) - Leonore Mau","og_description":"Stra\u00dfenszene in Haiti. Passantin tr\u00e4gt eine gro\u00dfe Tasche auf dem Kopf. Ein Mann sitzt auf der Stufe eines Fensterladens im kolonialistischen Stil und st\u00fctzt seinen Kopf mit einer Hand ab, so dass sein Gesicht nicht zu erkennen ist.","og_url":"https:\/\/leonore-mau.de\/produkt\/ohne-titel-straenszene-in-haiti\/","og_site_name":"Leonore Mau","article_modified_time":"2022-09-13T21:09:05+00:00","og_image":[{"width":838,"height":1200,"url":"https:\/\/leonore-mau.de\/wp-content\/uploads\/2022\/07\/70244044.jpg","type":"image\/jpeg"}],"twitter_card":"summary_large_image","schema":{"@context":"https:\/\/schema.org","@graph":[{"@type":"WebPage","@id":"https:\/\/leonore-mau.de\/produkt\/ohne-titel-straenszene-in-haiti\/","url":"https:\/\/leonore-mau.de\/produkt\/ohne-titel-straenszene-in-haiti\/","name":"Ohne Titel (Stra\u00dfenszene in Haiti) - Leonore Mau","isPartOf":{"@id":"https:\/\/leonore-mau.de\/#website"},"primaryImageOfPage":{"@id":"https:\/\/leonore-mau.de\/produkt\/ohne-titel-straenszene-in-haiti\/#primaryimage"},"image":{"@id":"https:\/\/leonore-mau.de\/produkt\/ohne-titel-straenszene-in-haiti\/#primaryimage"},"thumbnailUrl":"https:\/\/leonore-mau.de\/wp-content\/uploads\/2022\/07\/70244044.jpg","datePublished":"2022-07-11T13:16:07+00:00","dateModified":"2022-09-13T21:09:05+00:00","breadcrumb":{"@id":"https:\/\/leonore-mau.de\/produkt\/ohne-titel-straenszene-in-haiti\/#breadcrumb"},"inLanguage":"en-US","potentialAction":[{"@type":"ReadAction","target":["https:\/\/leonore-mau.de\/produkt\/ohne-titel-straenszene-in-haiti\/"]}]},{"@type":"ImageObject","inLanguage":"en-US","@id":"https:\/\/leonore-mau.de\/produkt\/ohne-titel-straenszene-in-haiti\/#primaryimage","url":"https:\/\/leonore-mau.de\/wp-content\/uploads\/2022\/07\/70244044.jpg","contentUrl":"https:\/\/leonore-mau.de\/wp-content\/uploads\/2022\/07\/70244044.jpg","width":838,"height":1200,"caption":"Stra\u00dfenszene in Haiti. Passantin tr\u00e4gt eine gro\u00dfe Tasche auf dem Kopf. Ein Mann sitzt auf der Stufe eines Fensterladens im kolonialistischen Stil und st\u00fctzt seinen Kopf mit einer Hand ab, so dass sein Gesicht nicht zu erkennen ist. Aufnahmedatum: Juli 1972 - Februar 1978 Material\/Technik: Foto \/ Farbdia Bildformat (Foto): Kleinbild Aufnahmeort: Haiti Inventar-Nr.: LM-506958"},{"@type":"BreadcrumbList","@id":"https:\/\/leonore-mau.de\/produkt\/ohne-titel-straenszene-in-haiti\/#breadcrumb","itemListElement":[{"@type":"ListItem","position":1,"name":"Startseite","item":"https:\/\/leonore-mau.de\/en\/"},{"@type":"ListItem","position":2,"name":"Shop","item":"https:\/\/leonore-mau.de\/en\/shop-2\/"},{"@type":"ListItem","position":3,"name":"Ohne Titel (Stra\u00dfenszene in Haiti)"}]},{"@type":"WebSite","@id":"https:\/\/leonore-mau.de\/#website","url":"https:\/\/leonore-mau.de\/","name":"Leonore Mau","description":"Fotografin","potentialAction":[{"@type":"SearchAction","target":{"@type":"EntryPoint","urlTemplate":"https:\/\/leonore-mau.de\/?s={search_term_string}"},"query-input":{"@type":"PropertyValueSpecification","valueRequired":true,"valueName":"search_term_string"}}],"inLanguage":"en-US"}]}},"_links":{"self":[{"href":"https:\/\/leonore-mau.de\/en\/wp-json\/wp\/v2\/product\/838","targetHints":{"allow":["GET"]}}],"collection":[{"href":"https:\/\/leonore-mau.de\/en\/wp-json\/wp\/v2\/product"}],"about":[{"href":"https:\/\/leonore-mau.de\/en\/wp-json\/wp\/v2\/types\/product"}],"wp:featuredmedia":[{"embeddable":true,"href":"https:\/\/leonore-mau.de\/en\/wp-json\/wp\/v2\/media\/270"}],"wp:attachment":[{"href":"https:\/\/leonore-mau.de\/en\/wp-json\/wp\/v2\/media?parent=838"}],"wp:term":[{"taxonomy":"product_brand","embeddable":true,"href":"https:\/\/leonore-mau.de\/en\/wp-json\/wp\/v2\/product_brand?post=838"},{"taxonomy":"product_cat","embeddable":true,"href":"https:\/\/leonore-mau.de\/en\/wp-json\/wp\/v2\/product_cat?post=838"},{"taxonomy":"product_tag","embeddable":true,"href":"https:\/\/leonore-mau.de\/en\/wp-json\/wp\/v2\/product_tag?post=838"}],"curies":[{"name":"wp","href":"https:\/\/api.w.org\/{rel}","templated":true}]}}